{"id":18577,"date":"2025-03-14T16:52:33","date_gmt":"2025-03-14T15:52:33","guid":{"rendered":"https:\/\/www.camping-erromardie.com\/bord-de-mer\/"},"modified":"2025-06-12T11:20:19","modified_gmt":"2025-06-12T09:20:19","slug":"camping-baskenland-aan-zee","status":"publish","type":"page","link":"https:\/\/www.camping-erromardie.com\/nl\/camping-baskenland-aan-zee\/","title":{"rendered":"Seaside"},"content":{"rendered":"<section id=\"ls-section-block_af76f5258e0979c0ddd59b74e47cc038\" class=\"ls-section  page-titre\" >\r\n        <div class=\"container container--wide\">\r\n        \n\n<h1 class=\"ls__heading wp-block-heading has-text-align-center has-color-4-color has-text-color has-link-color wp-elements-9df747795b9a08cf87abd7fd4cd4ef80\">Camping Pays Basque kust<\/h1>\n\n\r\n    <\/div>\r\n<\/section><section id=\"ls-section-block_e3e4e25b770a3aaa7b4993d24c4cebb6\" class=\"ls-section  home-first page-one\" >\r\n        <div class=\"container container--wide\">\r\n        \n\n<div class=\"wp-block-columns is-layout-flex wp-container-core-columns-is-layout-9d6595d7 wp-block-columns-is-layout-flex\">\n<div class=\"wp-block-column is-layout-flow wp-block-column-is-layout-flow\" style=\"flex-basis:33.33%\">\n<div class=\"wp-block-columns is-layout-flex wp-container-core-columns-is-layout-9d6595d7 wp-block-columns-is-layout-flex\">\n<div class=\"wp-block-column column-border is-layout-flow wp-block-column-is-layout-flow\">\n<h2 class=\"ls__heading wp-block-heading has-color-1-color has-text-color has-link-color wp-elements-b6cf3d826ea532b717d70838f7bcb67c\">Jouw vakantie aan de oceaan aan de Baskische kust<\/h2>\n\n\n\n<p class=\"ls-paragraph\">Envie de planifier un s\u00e9jour en camping pr\u00e8s de la mer dans le sud-ouest de la France, face aux c\u00e9l\u00e8bres <a href=\"https:\/\/www.camping-erromardie.com\/nl\/baskenland\/baskische-stranden\/\">plages de la c\u00f4te basque<\/a>, \u00e0 deux pas des Pyr\u00e9n\u00e9es et de la fronti\u00e8re espagnole ?<\/p>\n\n\n\n<p class=\"ls-paragraph\">Een camping waar je in minder dan tien minuten van je tent of stacaravan naar je zandkastelen kunt? Welkom bij Ferme Erromardie, je <strong>camping aan zee in Saint-Jean-de-Luz<\/strong>, ontworpen voor een gezinsvakantie, een gezellige vakantie of een romantische vakantie. <\/p>\n\n\n\n<p class=\"ls-paragraph\">Le <a href=\"https:\/\/www.camping-erromardie.com\/nl\/\" data-type=\"page\" data-id=\"270\">camping Pays Basque bord de mer<\/a> dispose d\u2019une situation g\u00e9ographique exceptionnelle : avec acc\u00e8s direct \u00e0 la plage d\u2019Erromardie \u00e0 Saint-Jean-de-Luz, vous ne r\u00e9sisterez pas \u00e0 l\u2019appel de la baignade, ou la pratique des <a href=\"https:\/\/www.camping-erromardie.com\/saint-jean-de-luz\/ecoles-de-surf\/\" data-type=\"post\" data-id=\"7429\">sports de glisse comme le surf<\/a> ou le body board.<\/p>\n\n\n\n<p class=\"ls-paragraph\">Liefhebbers van nietsdoen kunnen lekker luieren op het zandstrand tegenover de camping en genieten van enkele van de mooiste zonsondergangen van de Baskische kust.<\/p>\n\n\n\n<p class=\"ls-paragraph\">Dus aarzel niet, boek nu je verblijf op onze <strong>camping aan zee in Baskenland<\/strong>!  <\/p>\n<\/div>\n<\/div>\n<\/div>\n\n\n\n<div class=\"wp-block-column is-layout-flow wp-block-column-is-layout-flow\" style=\"flex-basis:66.66%\">\n<figure class=\"wp-block-gallery has-nested-images columns-default is-cropped wp-block-gallery-1 is-layout-flex wp-block-gallery-is-layout-flex\">\n<figure class=\"wp-block-image size-full animated fadeIn delay-200ms\"><a href=\"https:\/\/www.camping-erromardie.com\/wp-content\/uploads\/2025\/04\/Surfer-au-pays-basque.jpg\"><img loading=\"lazy\" decoding=\"async\" width=\"2024\" height=\"1350\" data-id=\"17098\" src=\"https:\/\/www.camping-erromardie.com\/wp-content\/uploads\/2025\/04\/Surfer-au-pays-basque.jpg\" alt=\"Surfen in Baskenland\" class=\"wp-image-17098\" srcset=\"https:\/\/www.camping-erromardie.com\/wp-content\/uploads\/2025\/04\/Surfer-au-pays-basque.jpg 2024w, https:\/\/www.camping-erromardie.com\/wp-content\/uploads\/2025\/04\/Surfer-au-pays-basque-300x200.jpg 300w, https:\/\/www.camping-erromardie.com\/wp-content\/uploads\/2025\/04\/Surfer-au-pays-basque-1024x683.jpg 1024w, https:\/\/www.camping-erromardie.com\/wp-content\/uploads\/2025\/04\/Surfer-au-pays-basque-768x512.jpg 768w, https:\/\/www.camping-erromardie.com\/wp-content\/uploads\/2025\/04\/Surfer-au-pays-basque-1536x1025.jpg 1536w\" sizes=\"auto, (max-width: 2024px) 100vw, 2024px\" \/><\/a><\/figure>\n\n\n\n<figure class=\"wp-block-image size-full animated fadeIn\"><a href=\"https:\/\/www.camping-erromardie.com\/wp-content\/uploads\/2025\/04\/camping-paradis-la-ferme-erromardie-1.jpg\"><img loading=\"lazy\" decoding=\"async\" width=\"2000\" height=\"1163\" data-id=\"17091\" src=\"https:\/\/www.camping-erromardie.com\/wp-content\/uploads\/2025\/04\/camping-paradis-la-ferme-erromardie-1.jpg\" alt=\"camping paradis la ferme erromardie\" class=\"wp-image-17091\" srcset=\"https:\/\/www.camping-erromardie.com\/wp-content\/uploads\/2025\/04\/camping-paradis-la-ferme-erromardie-1.jpg 2000w, https:\/\/www.camping-erromardie.com\/wp-content\/uploads\/2025\/04\/camping-paradis-la-ferme-erromardie-1-300x174.jpg 300w, https:\/\/www.camping-erromardie.com\/wp-content\/uploads\/2025\/04\/camping-paradis-la-ferme-erromardie-1-1024x595.jpg 1024w, https:\/\/www.camping-erromardie.com\/wp-content\/uploads\/2025\/04\/camping-paradis-la-ferme-erromardie-1-768x447.jpg 768w, https:\/\/www.camping-erromardie.com\/wp-content\/uploads\/2025\/04\/camping-paradis-la-ferme-erromardie-1-1536x893.jpg 1536w\" sizes=\"auto, (max-width: 2000px) 100vw, 2000px\" \/><\/a><\/figure>\n<\/figure>\n<\/div>\n<\/div>\n\n\r\n    <\/div>\r\n<\/section><section id=\"ls-section-block_5156d011cd33ff1748b4d7ac5066693d\" class=\"ls-section  home-first page-two has-background has-color-6-background-color\" >\r\n        <div class=\"container container--wide\">\r\n        \n\n<div class=\"wp-block-columns is-layout-flex wp-container-core-columns-is-layout-9d6595d7 wp-block-columns-is-layout-flex\">\n<div class=\"wp-block-column is-layout-flow wp-block-column-is-layout-flow\" style=\"flex-basis:66.66%\">\n<figure class=\"wp-block-gallery has-nested-images columns-default is-cropped wp-block-gallery-2 is-layout-flex wp-block-gallery-is-layout-flex\">\n<figure class=\"wp-block-image size-full animated fadeIn delay-200ms\"><a href=\"https:\/\/www.camping-erromardie.com\/wp-content\/uploads\/2025\/04\/camping-saint-jean-de-luz-la-ferme-erromardie-pays-basque.jpg\"><img loading=\"lazy\" decoding=\"async\" width=\"2000\" height=\"1335\" data-id=\"17104\" src=\"https:\/\/www.camping-erromardie.com\/wp-content\/uploads\/2025\/04\/camping-saint-jean-de-luz-la-ferme-erromardie-pays-basque.jpg\" alt=\"camping saint jean de luz la ferme erromardie baskenland\" class=\"wp-image-17104\" srcset=\"https:\/\/www.camping-erromardie.com\/wp-content\/uploads\/2025\/04\/camping-saint-jean-de-luz-la-ferme-erromardie-pays-basque.jpg 2000w, https:\/\/www.camping-erromardie.com\/wp-content\/uploads\/2025\/04\/camping-saint-jean-de-luz-la-ferme-erromardie-pays-basque-300x200.jpg 300w, https:\/\/www.camping-erromardie.com\/wp-content\/uploads\/2025\/04\/camping-saint-jean-de-luz-la-ferme-erromardie-pays-basque-1024x684.jpg 1024w, https:\/\/www.camping-erromardie.com\/wp-content\/uploads\/2025\/04\/camping-saint-jean-de-luz-la-ferme-erromardie-pays-basque-768x513.jpg 768w, https:\/\/www.camping-erromardie.com\/wp-content\/uploads\/2025\/04\/camping-saint-jean-de-luz-la-ferme-erromardie-pays-basque-1536x1025.jpg 1536w\" sizes=\"auto, (max-width: 2000px) 100vw, 2000px\" \/><\/a><\/figure>\n\n\n\n<figure class=\"wp-block-image size-full animated fadeIn\"><a href=\"https:\/\/www.camping-erromardie.com\/wp-content\/uploads\/2025\/04\/saint-jean_erromardie.jpg\"><img loading=\"lazy\" decoding=\"async\" width=\"1000\" height=\"667\" data-id=\"11130\" src=\"https:\/\/www.camping-erromardie.com\/wp-content\/uploads\/2025\/04\/saint-jean_erromardie.jpg\" alt=\"sint jean erromardie\" class=\"wp-image-11130\" srcset=\"https:\/\/www.camping-erromardie.com\/wp-content\/uploads\/2025\/04\/saint-jean_erromardie.jpg 1000w, https:\/\/www.camping-erromardie.com\/wp-content\/uploads\/2025\/04\/saint-jean_erromardie-300x200.jpg 300w, https:\/\/www.camping-erromardie.com\/wp-content\/uploads\/2025\/04\/saint-jean_erromardie-768x512.jpg 768w\" sizes=\"auto, (max-width: 1000px) 100vw, 1000px\" \/><\/a><\/figure>\n<\/figure>\n<\/div>\n\n\n\n<div class=\"wp-block-column is-layout-flow wp-block-column-is-layout-flow\" style=\"flex-basis:33.33%\">\n<div class=\"wp-block-columns is-layout-flex wp-container-core-columns-is-layout-9d6595d7 wp-block-columns-is-layout-flex\">\n<div class=\"wp-block-column column-border is-layout-flow wp-block-column-is-layout-flow\">\n<h2 class=\"ls__heading wp-block-heading has-color-1-color has-text-color has-link-color wp-elements-481655a47e48a487978ffa692d623fc9\">Een camping tegenover het strand van Erromardie voor een vakantie aan het water in Saint Jean de Luz<\/h2>\n\n\n\n<p class=\"ls-paragraph\">Ferme Erromardie, gelegen in de Pyr\u00e9n\u00e9es-Atlantiques (64), tussen Hendaye en Biarritz, is een <a href=\"https:\/\/www.camping-bord-de-leau.fr\/mer\/\" target=\"_blank\" rel=\"noreferrer noopener\">4-sterrencamping aan de kust<\/a> van Baskenland, op een terrein van 2,5 hectare langs het strand van Erromardie.<\/p>\n\n\n\n<p class=\"ls-paragraph\">Onze <strong>camping aan zee in Pays Basque<\/strong> is een ideale bestemming voor vakantiegangers die willen bijkomen in een natuurlijke omgeving aan de Atlantische kust en willen ontspannen op het strand zonder de auto te hoeven pakken.  <\/p>\n\n\n\n<p class=\"ls-paragraph\">Maak na een stevig ontbijt een wandeling over het fijne zand. Geniet van het geluid van de golven, de zeelucht en het schuim. Profiteer van de nabijheid van het strand en het gunstige klimaat in de regio om als eerste een duik te nemen. Ga lekker liggen op je handdoek, haal je zonnebrandcr\u00e8me tevoorschijn en trakteer jezelf op een zonnebad met uitzicht op zee.     <\/p>\n\n\n\n<p class=\"ls-paragraph\">Zijn je batterijen opgeladen? Gelukkig voor jou, want je dag is net begonnen&#8230; <\/p>\n<\/div>\n<\/div>\n<\/div>\n<\/div>\n\n\r\n    <\/div>\r\n<\/section><section id=\"ls-section-block_5a81b687f7a7c6d6f0e2067a9463f854\" class=\"ls-section  home-fifth page-three\" >\r\n        <div class=\"container container--wide\">\r\n        \n\n<figure class=\"wp-block-image size-full animated fadeIn\"><a href=\"https:\/\/www.camping-erromardie.com\/wp-content\/uploads\/2025\/04\/plage-derromardi-saint-jeande-luz-1.jpg\"><img loading=\"lazy\" decoding=\"async\" width=\"2000\" height=\"1333\" src=\"https:\/\/www.camping-erromardie.com\/wp-content\/uploads\/2025\/04\/plage-derromardi-saint-jeande-luz-1.jpg\" alt=\"strand derromardi saint jeande luz\" class=\"wp-image-17109\" srcset=\"https:\/\/www.camping-erromardie.com\/wp-content\/uploads\/2025\/04\/plage-derromardi-saint-jeande-luz-1.jpg 2000w, https:\/\/www.camping-erromardie.com\/wp-content\/uploads\/2025\/04\/plage-derromardi-saint-jeande-luz-1-300x200.jpg 300w, https:\/\/www.camping-erromardie.com\/wp-content\/uploads\/2025\/04\/plage-derromardi-saint-jeande-luz-1-1024x682.jpg 1024w, https:\/\/www.camping-erromardie.com\/wp-content\/uploads\/2025\/04\/plage-derromardi-saint-jeande-luz-1-768x512.jpg 768w, https:\/\/www.camping-erromardie.com\/wp-content\/uploads\/2025\/04\/plage-derromardi-saint-jeande-luz-1-1536x1024.jpg 1536w\" sizes=\"auto, (max-width: 2000px) 100vw, 2000px\" \/><\/a><\/figure>\n\n\n\n<h2 class=\"ls__heading wp-block-heading has-text-align-left has-color-1-color has-text-color has-link-color wp-elements-2032ffbf794fccd88aac000fa82a62f8\">De beste stranden in Saint Jean de Luz<\/h2>\n\n\n\n<ul class=\"ls-list ls-list-undefined wp-block-list\">\n<li>La Grande Plage, promenade Jacques Thibaud<\/li>\n\n\n\n<li>Erromardie strand, chemin d&#8217;Erromardie<\/li>\n\n\n\n<li>Lafit\u00e9nia strand, chemin de Kokotia<\/li>\n\n\n\n<li>Mayarco strand, Chemin d&#8217;Aguerria<\/li>\n\n\n\n<li>Cenitz strand, chemin de Senix<\/li>\n\n\n\n<li>Plage des Flots Bleus, boulevard Thiers<\/li>\n\n\n\n<li>Het strand van Digue des Chevaux, boulevard Thiers<\/li>\n<\/ul>\n\n\r\n    <\/div>\r\n<\/section><section id=\"ls-section-block_08ab09ee420e08cfbd1f0472377429cd\" class=\"ls-section  page-cta\" >\r\n        <div class=\"container container--wide\">\r\n        \n\n<div id=\"ls-heading ls-titre-div-block_13ffefa9dbc80c7ab225c803ff7e4d11\" class=\"ls-titre-div aligncenter h2-like has-text-color has-color-1-color\" >\n    Ontdek ons zwembad, onze stacaravans en staanplaatsen<\/div>\n\n\n\n<div id=\"ls-maillage-block_28793ee14fc88a0c2fe96ad4460c1c1b\" class=\"ls-maillage cta-style-normal\" data-rows=\"3\">\n\n    <div class=\"wp-block-columns\"><div class=\"wp-block-column\">\n\n<a href=\"https:\/\/www.camping-erromardie.com\/nl\/camping-baskenland-met-zwembad\/\" target=\"\" rel=\"noopener\" class=\"ls-cta__link\" data-categ=\"\">\n\t<div class=\"ls-cta__image\"><img decoding=\"async\" src=\"https:\/\/www.camping-erromardie.com\/wp-content\/uploads\/2025\/04\/camping-avec-piscine-au-pays-basque.jpg\" alt=\"\"><\/div>\n\t<div class=\"ls-cta__title\">\n\t\tZwembad\t<\/div>\n\n\t<\/a><\/div><div class=\"wp-block-column\">\n\n<a href=\"https:\/\/www.camping-erromardie.com\/nl\/stacaravans\/\" target=\"\" rel=\"noopener\" class=\"ls-cta__link\" data-categ=\"\">\n\t<div class=\"ls-cta__image\"><img decoding=\"async\" src=\"https:\/\/www.camping-erromardie.com\/wp-content\/uploads\/2025\/04\/Camping-Erromardie-environnement-4-scaled.jpg\" alt=\"\"><\/div>\n\t<div class=\"ls-cta__title\">\n\t\tStacaravans\t<\/div>\n\n\t<\/a><\/div><div class=\"wp-block-column\">\n\n<a href=\"https:\/\/www.camping-erromardie.com\/nl\/staanplaatsen-verhuur-baskenland\/\" target=\"\" rel=\"noopener\" class=\"ls-cta__link\" data-categ=\"\">\n\t<div class=\"ls-cta__image\"><img decoding=\"async\" src=\"https:\/\/www.camping-erromardie.com\/wp-content\/uploads\/2025\/04\/Location-emplacement-camping-car-pays-basque.jpg\" alt=\"\"><\/div>\n\t<div class=\"ls-cta__title\">\n\t\tLocaties\t<\/div>\n\n\t<\/a><\/div><\/div>\n<\/div>\n\r\n    <\/div>\r\n<\/section>","protected":false},"excerpt":{"rendered":"","protected":false},"author":1,"featured_media":17115,"parent":0,"menu_order":98,"comment_status":"closed","ping_status":"closed","template":"","meta":{"_acf_changed":false,"_seopress_robots_primary_cat":"","_seopress_titles_title":"Camping aan zee Pays Basque | Camping aan het strand aan de Baskische kust 64","_seopress_titles_desc":"Op zoek naar een vakantie aan zee? Ontdek camping La Ferme Erromardie, op een steenworp afstand van de mooiste stranden van de Baskische kust. ","_seopress_robots_index":"","footnotes":""},"sujet":[],"class_list":["post-18577","page","type-page","status-publish","has-post-thumbnail","hentry"],"acf":[],"_links":{"self":[{"href":"https:\/\/www.camping-erromardie.com\/nl\/wp-json\/wp\/v2\/pages\/18577","targetHints":{"allow":["GET"]}}],"collection":[{"href":"https:\/\/www.camping-erromardie.com\/nl\/wp-json\/wp\/v2\/pages"}],"about":[{"href":"https:\/\/www.camping-erromardie.com\/nl\/wp-json\/wp\/v2\/types\/page"}],"author":[{"embeddable":true,"href":"https:\/\/www.camping-erromardie.com\/nl\/wp-json\/wp\/v2\/users\/1"}],"replies":[{"embeddable":true,"href":"https:\/\/www.camping-erromardie.com\/nl\/wp-json\/wp\/v2\/comments?post=18577"}],"version-history":[{"count":15,"href":"https:\/\/www.camping-erromardie.com\/nl\/wp-json\/wp\/v2\/pages\/18577\/revisions"}],"predecessor-version":[{"id":19843,"href":"https:\/\/www.camping-erromardie.com\/nl\/wp-json\/wp\/v2\/pages\/18577\/revisions\/19843"}],"wp:featuredmedia":[{"embeddable":true,"href":"https:\/\/www.camping-erromardie.com\/nl\/wp-json\/wp\/v2\/media\/17115"}],"wp:attachment":[{"href":"https:\/\/www.camping-erromardie.com\/nl\/wp-json\/wp\/v2\/media?parent=18577"}],"wp:term":[{"taxonomy":"sujet","embeddable":true,"href":"https:\/\/www.camping-erromardie.com\/nl\/wp-json\/wp\/v2\/sujet?post=18577"}],"curies":[{"name":"wp","href":"https:\/\/api.w.org\/{rel}","templated":true}]}}