{"id":18120,"date":"2025-03-14T16:57:04","date_gmt":"2025-03-14T15:57:04","guid":{"rendered":"https:\/\/www.camping-erromardie.com\/camping-bilbao\/"},"modified":"2025-06-12T11:15:26","modified_gmt":"2025-06-12T09:15:26","slug":"camping-bilbao","status":"publish","type":"page","link":"https:\/\/www.camping-erromardie.com\/nl\/camping-bilbao\/","title":{"rendered":"Camping Bilbao"},"content":{"rendered":"<section id=\"ls-section-block_f36794d2282f3d7a0b607dca5edd64f6\" class=\"ls-section  page-titre\" >\r\n        <div class=\"container container--wide\">\r\n        \n\n<h1 class=\"ls__heading wp-block-heading has-text-align-center has-color-4-color has-text-color has-link-color wp-elements-74fd2713b5ecfb3a48d8080b59543731\">Camping Baskenland Bilbao<\/h1>\n\n\n\n<p class=\"ls-paragraph has-text-align-center\">Depuis La Ferme Erromardie, <a href=\"https:\/\/www.camping-erromardie.com\/\" data-type=\"page\" data-id=\"270\">camping Pays Basque<\/a>, il suffit d\u2019une heure et demie de route \u00e0 peine pour atteindre la capitale de la Biscaye : <a href=\"https:\/\/www.camping-erromardie.com\/bilbao\/\" data-type=\"category\" data-id=\"63\">Bilbao<\/a>. De Saint-Jean-De-Luz nord, l\u2019autoroute peut \u00eatre en effet emprunt\u00e9e jusqu\u2019\u00e0 l\u2019entr\u00e9e de Bilbao.<\/p>\n\n\r\n    <\/div>\r\n<\/section><section id=\"ls-section-block_9f5f3b5db7973403c6d4c655c6b63279\" class=\"ls-section  home-first page-one has-p-b p-b-14\" >\r\n        <div class=\"container container--wide\">\r\n        \n\n<div class=\"wp-block-columns is-layout-flex wp-container-core-columns-is-layout-9d6595d7 wp-block-columns-is-layout-flex\">\n<div class=\"wp-block-column is-layout-flow wp-block-column-is-layout-flow\" style=\"flex-basis:33.33%\">\n<div class=\"wp-block-columns is-layout-flex wp-container-core-columns-is-layout-9d6595d7 wp-block-columns-is-layout-flex\">\n<div class=\"wp-block-column column-border is-layout-flow wp-block-column-is-layout-flow\">\n<h2 class=\"ls__heading wp-block-heading has-color-1-color has-text-color has-link-color wp-elements-2b1764cb1baf497893b9a7ecac2fe2fb\">Stacaravan huren Baskenland Bilbao<\/h2>\n\n\n\n<p class=\"ls-paragraph\">Plan je een <strong>kampeervakantie in Bilbao<\/strong> in het zuidwesten van Frankrijk, dicht bij de lange zandstranden van de Baskische kust?  <\/p>\n\n\n\n<p class=\"ls-paragraph\">Droom je ervan om <strong>een stacaravan te huren in Bilbao<\/strong>, met vrienden of voor je gezin? Camping la ferme d&#8217;Erromardie ligt op een steenworp afstand van de Atlantische Oceaan voor een onvergetelijk verblijf.   <\/p>\n\n\n\n<p class=\"ls-paragraph\">Ons verhuurpark, genesteld op een weelderig groen terrein van 2,5 hectare, bestaat uit talrijke modellen stacaravans met terrassen op prachtig aangelegde percelen die worden gescheiden door natuurlijke hagen.  <\/p>\n\n\n\n<p class=\"ls-paragraph\">Met een capaciteit van 1 tot 6 personen hebben ze 1, 2 of zelfs 3 slaapkamers voor de grootste, vari\u00ebrend van 16 tot 32 m\u00b2, en een van de modellen is geschikt voor mensen met beperkte mobiliteit. Ze zijn smaakvol ingericht met alle moderne gemakken die je van een 4-sterrencamping mag verwachten. <\/p>\n\n\n\n<p class=\"ls-paragraph\">  De woonkamer heeft een tv en de keuken is uitgerust met alles wat je nodig hebt tijdens je verblijf. Het beddengoed is comfortabel en we zorgen voor dekbedden en kussens.   <\/p>\n\n\n\n<p class=\"ls-paragraph\">Traditionele kampeerverslaafden die wat meer comfort willen, kunnen kiezen voor een van onze charmante lodges met sanitaire voorzieningen, een geweldige manier om een avontuurlijke sfeer aan je vakantie toe te voegen!<\/p>\n<\/div>\n<\/div>\n<\/div>\n\n\n\n<div class=\"wp-block-column is-layout-flow wp-block-column-is-layout-flow\" style=\"flex-basis:66.66%\">\n<figure class=\"wp-block-gallery has-nested-images columns-default is-cropped wp-block-gallery-1 is-layout-flex wp-block-gallery-is-layout-flex\">\n<figure class=\"wp-block-image size-full animated fadeIn delay-200ms\"><a href=\"https:\/\/www.camping-erromardie.com\/wp-content\/uploads\/2025\/04\/MH-camping-la-ferme-erromardie-salon-salle-a-manger.jpg\"><img loading=\"lazy\" decoding=\"async\" width=\"1000\" height=\"668\" data-id=\"15781\" src=\"https:\/\/www.camping-erromardie.com\/wp-content\/uploads\/2025\/04\/MH-camping-la-ferme-erromardie-salon-salle-a-manger.jpg\" alt=\"MH camping la ferme erromardie woonkamer eetkamer\" class=\"wp-image-15781\" srcset=\"https:\/\/www.camping-erromardie.com\/wp-content\/uploads\/2025\/04\/MH-camping-la-ferme-erromardie-salon-salle-a-manger.jpg 1000w, https:\/\/www.camping-erromardie.com\/wp-content\/uploads\/2025\/04\/MH-camping-la-ferme-erromardie-salon-salle-a-manger-300x200.jpg 300w, https:\/\/www.camping-erromardie.com\/wp-content\/uploads\/2025\/04\/MH-camping-la-ferme-erromardie-salon-salle-a-manger-768x513.jpg 768w\" sizes=\"auto, (max-width: 1000px) 100vw, 1000px\" \/><\/a><\/figure>\n\n\n\n<figure class=\"wp-block-image size-full animated fadeIn\"><a href=\"https:\/\/www.camping-erromardie.com\/wp-content\/uploads\/2025\/04\/Camping-Erromardie-environnement-32-1.jpg\"><img loading=\"lazy\" decoding=\"async\" width=\"2000\" height=\"1335\" data-id=\"15356\" src=\"https:\/\/www.camping-erromardie.com\/wp-content\/uploads\/2025\/04\/Camping-Erromardie-environnement-32-1.jpg\" alt=\"Camping Erromardie milieu 32\" class=\"wp-image-15356\" srcset=\"https:\/\/www.camping-erromardie.com\/wp-content\/uploads\/2025\/04\/Camping-Erromardie-environnement-32-1.jpg 2000w, https:\/\/www.camping-erromardie.com\/wp-content\/uploads\/2025\/04\/Camping-Erromardie-environnement-32-1-300x200.jpg 300w, https:\/\/www.camping-erromardie.com\/wp-content\/uploads\/2025\/04\/Camping-Erromardie-environnement-32-1-1024x684.jpg 1024w, https:\/\/www.camping-erromardie.com\/wp-content\/uploads\/2025\/04\/Camping-Erromardie-environnement-32-1-768x513.jpg 768w, https:\/\/www.camping-erromardie.com\/wp-content\/uploads\/2025\/04\/Camping-Erromardie-environnement-32-1-1536x1025.jpg 1536w\" sizes=\"auto, (max-width: 2000px) 100vw, 2000px\" \/><\/a><\/figure>\n<\/figure>\n<\/div>\n<\/div>\n\n\r\n    <\/div>\r\n<\/section><section id=\"ls-section-block_35c151443778da3913e33a978d1b7277\" class=\"ls-section  home-first page-two has-background has-color-6-background-color\" >\r\n        <div class=\"container container--wide\">\r\n        \n\n<div class=\"wp-block-columns is-layout-flex wp-container-core-columns-is-layout-9d6595d7 wp-block-columns-is-layout-flex\">\n<div class=\"wp-block-column is-layout-flow wp-block-column-is-layout-flow\" style=\"flex-basis:66.66%\">\n<figure class=\"wp-block-gallery has-nested-images columns-default is-cropped wp-block-gallery-2 is-layout-flex wp-block-gallery-is-layout-flex\">\n<figure class=\"wp-block-image size-full animated fadeIn delay-200ms\"><a href=\"https:\/\/www.camping-erromardie.com\/wp-content\/uploads\/2025\/04\/Erromardie-5.jpg\"><img loading=\"lazy\" decoding=\"async\" width=\"1333\" height=\"2000\" data-id=\"15489\" src=\"https:\/\/www.camping-erromardie.com\/wp-content\/uploads\/2025\/04\/Erromardie-5.jpg\" alt=\"Erromardie (5)\" class=\"wp-image-15489\" srcset=\"https:\/\/www.camping-erromardie.com\/wp-content\/uploads\/2025\/04\/Erromardie-5.jpg 1333w, https:\/\/www.camping-erromardie.com\/wp-content\/uploads\/2025\/04\/Erromardie-5-200x300.jpg 200w, https:\/\/www.camping-erromardie.com\/wp-content\/uploads\/2025\/04\/Erromardie-5-682x1024.jpg 682w, https:\/\/www.camping-erromardie.com\/wp-content\/uploads\/2025\/04\/Erromardie-5-768x1152.jpg 768w, https:\/\/www.camping-erromardie.com\/wp-content\/uploads\/2025\/04\/Erromardie-5-1024x1536.jpg 1024w\" sizes=\"auto, (max-width: 1333px) 100vw, 1333px\" \/><\/a><\/figure>\n\n\n\n<figure class=\"wp-block-image size-full animated fadeIn\"><a href=\"https:\/\/www.camping-erromardie.com\/wp-content\/uploads\/2025\/04\/camping-avec-piscine-au-pays-basque-1.jpg\"><img loading=\"lazy\" decoding=\"async\" width=\"2000\" height=\"1333\" data-id=\"15484\" src=\"https:\/\/www.camping-erromardie.com\/wp-content\/uploads\/2025\/04\/camping-avec-piscine-au-pays-basque-1.jpg\" alt=\"camping met zwembad in baskenland\" class=\"wp-image-15484\" srcset=\"https:\/\/www.camping-erromardie.com\/wp-content\/uploads\/2025\/04\/camping-avec-piscine-au-pays-basque-1.jpg 2000w, https:\/\/www.camping-erromardie.com\/wp-content\/uploads\/2025\/04\/camping-avec-piscine-au-pays-basque-1-300x200.jpg 300w, https:\/\/www.camping-erromardie.com\/wp-content\/uploads\/2025\/04\/camping-avec-piscine-au-pays-basque-1-1024x682.jpg 1024w, https:\/\/www.camping-erromardie.com\/wp-content\/uploads\/2025\/04\/camping-avec-piscine-au-pays-basque-1-768x512.jpg 768w, https:\/\/www.camping-erromardie.com\/wp-content\/uploads\/2025\/04\/camping-avec-piscine-au-pays-basque-1-1536x1024.jpg 1536w\" sizes=\"auto, (max-width: 2000px) 100vw, 2000px\" \/><\/a><\/figure>\n<\/figure>\n<\/div>\n\n\n\n<div class=\"wp-block-column is-layout-flow wp-block-column-is-layout-flow\" style=\"flex-basis:33.33%\">\n<div class=\"wp-block-columns is-layout-flex wp-container-core-columns-is-layout-9d6595d7 wp-block-columns-is-layout-flex\">\n<div class=\"wp-block-column column-border is-layout-flow wp-block-column-is-layout-flow\">\n<h2 class=\"ls__heading wp-block-heading has-color-1-color has-text-color has-link-color wp-elements-5ae91ea8ebb72e1f406fdcda1daa9233\">Camping Baskenland Bilbao<\/h2>\n\n\n\n<p class=\"ls-paragraph\">Wil je een vakantie komen doorbrengen in het zuidwesten om Baskenland te bezoeken, op een <strong>camping met zwembad in de buurt van Bilbao<\/strong>? <strong>Camping Bilbao<\/strong> de la ferme d&#8217;Erromardie en het zwembad zullen je zeker bevallen. Het overdekte en verwarmde zwembad verwelkomt je elke dag tijdens je verblijf, van 10.00 tot 19.00 uur zonder onderbreking. We zijn blij dat we je een plek kunnen bieden om te ontspannen, toegankelijk voor alle leeftijden en exclusief gereserveerd voor klanten van de camping aan de Baskische kust.     <\/p>\n\n\n\n<p class=\"ls-paragraph\">Soyez les bienvenus au <strong>camping pr\u00e8s de Bilbao <\/strong>d\u00e8s les premi\u00e8res heures de la journ\u00e9e pour nager tranquillement, et venez vous rafra\u00eechir avec vos enfants ou vos amis apr\u00e8s une bonne journ\u00e9e de visite depuis le camping <a href=\"https:\/\/www.camping-erromardie.com\/camping-pays-basque-espagnol\/\" data-type=\"category\" data-id=\"54\">Pays basque espagnol<\/a>.<\/p>\n\n\n\n<p class=\"ls-paragraph\">We hebben ligstoelen voor je klaargezet, zodat je kunt ontspannen en je kinderen in de gaten kunt houden vanaf de rand van het zwembad. Als je kleine kinderen hebt, laat ze dan rondspetteren in het water in het zwembad dat voor hen is gereserveerd, zodat ze in alle veiligheid kennis kunnen maken met dit element. <\/p>\n<\/div>\n<\/div>\n<\/div>\n<\/div>\n\n\r\n    <\/div>\r\n<\/section><section id=\"ls-section-block_b5f5c981ee79f8ae7986c18d65ad6f6d\" class=\"ls-section  home-fifth page-three\" >\r\n        <div class=\"container container--wide\">\r\n        \n\n<figure class=\"wp-block-image size-full animated fadeIn\"><a href=\"https:\/\/www.camping-erromardie.com\/wp-content\/uploads\/2025\/04\/Bilbao-3.jpg\"><img loading=\"lazy\" decoding=\"async\" width=\"2000\" height=\"1400\" src=\"https:\/\/www.camping-erromardie.com\/wp-content\/uploads\/2025\/04\/Bilbao-3.jpg\" alt=\"Bilbao (3)\" class=\"wp-image-14850\" srcset=\"https:\/\/www.camping-erromardie.com\/wp-content\/uploads\/2025\/04\/Bilbao-3.jpg 2000w, https:\/\/www.camping-erromardie.com\/wp-content\/uploads\/2025\/04\/Bilbao-3-300x210.jpg 300w, https:\/\/www.camping-erromardie.com\/wp-content\/uploads\/2025\/04\/Bilbao-3-1024x717.jpg 1024w, https:\/\/www.camping-erromardie.com\/wp-content\/uploads\/2025\/04\/Bilbao-3-768x538.jpg 768w, https:\/\/www.camping-erromardie.com\/wp-content\/uploads\/2025\/04\/Bilbao-3-1536x1075.jpg 1536w\" sizes=\"auto, (max-width: 2000px) 100vw, 2000px\" \/><\/a><\/figure>\n\n\r\n    <\/div>\r\n<\/section><section id=\"ls-section-block_410b4910abc760ef652cb3674c33547b\" class=\"ls-section  page-cta\" >\r\n        <div class=\"container container--wide\">\r\n        \n\n<div id=\"ls-heading ls-titre-div-block_92927fceda1097915cad106f39253c8d\" class=\"ls-titre-div aligncenter h2-like has-text-color has-color-1-color\" >\n    Bezoek Baskenland<\/div>\n\n\n\n<div id=\"ls-maillage-block_838ec449ff20d6fe138d1723cdeefaad\" class=\"ls-maillage cta-style-normal\" data-rows=\"4\">\n\n    <div class=\"wp-block-columns\"><div class=\"wp-block-column\">\n\n<a href=\"https:\/\/www.camping-erromardie.com\/nl\/spaans-baskenland\/\" target=\"\" rel=\"noopener\" class=\"ls-cta__link spaans-baskenland\" data-categ=\" spaans-baskenland\">\n\t<div class=\"ls-cta__image\"><img decoding=\"async\" src=\"https:\/\/www.camping-erromardie.com\/wp-content\/uploads\/2025\/04\/donostia-2.jpg\" alt=\"Spaans Baskenland\"><\/div>\n\t<div class=\"ls-cta__title\">\n\t\tSpaans Baskenland\t<\/div>\n\n\t<\/a><\/div><div class=\"wp-block-column\">\n\n<a href=\"https:\/\/www.camping-erromardie.com\/nl\/san-sebastian\/\" target=\"\" rel=\"noopener\" class=\"ls-cta__link san-sebastian\" data-categ=\" san-sebastian\">\n\t<div class=\"ls-cta__image\"><img decoding=\"async\" src=\"https:\/\/www.camping-erromardie.com\/wp-content\/uploads\/2025\/04\/Donostia.jpg\" alt=\"San Sebastian\"><\/div>\n\t<div class=\"ls-cta__title\">\n\t\tSan Sebastian\t<\/div>\n\n\t<\/a><\/div><div class=\"wp-block-column\">\n\n<a href=\"https:\/\/www.camping-erromardie.com\/nl\/saint-jean-pied-de-port\/\" target=\"\" rel=\"noopener\" class=\"ls-cta__link saint-jean-pied-de-port\" data-categ=\" saint-jean-pied-de-port\">\n\t<div class=\"ls-cta__image\"><img decoding=\"async\" src=\"https:\/\/www.camping-erromardie.com\/wp-content\/uploads\/2025\/04\/Saint-Jean-Pied-De-Port-Pays-Basque.jpg\" alt=\"Saint Jean Pied de Port\"><\/div>\n\t<div class=\"ls-cta__title\">\n\t\tSaint Jean Pied de Port\t<\/div>\n\n\t<\/a><\/div><div class=\"wp-block-column\">\n\n<a href=\"https:\/\/www.camping-erromardie.com\/nl\/atlantische-pyreneeen\/\" target=\"\" rel=\"noopener\" class=\"ls-cta__link atlantische-pyreneeen\" data-categ=\" atlantische-pyreneeen\">\n\t<div class=\"ls-cta__image\"><img decoding=\"async\" src=\"https:\/\/www.camping-erromardie.com\/wp-content\/uploads\/2025\/04\/Pyrenees-Atlantiques.jpg\" alt=\"De Atlantische Pyrenee\u00ebn\"><\/div>\n\t<div class=\"ls-cta__title\">\n\t\tDe Atlantische Pyrenee\u00ebn\t<\/div>\n\n\t<\/a><\/div><\/div><div class=\"wp-block-columns\"><div class=\"wp-block-column\">\n\n<a href=\"https:\/\/www.camping-erromardie.com\/nl\/saint-jean-de-luz\/\" target=\"\" rel=\"noopener\" class=\"ls-cta__link saint-jean-de-luz\" data-categ=\" saint-jean-de-luz\">\n\t<div class=\"ls-cta__image\"><img decoding=\"async\" src=\"https:\/\/www.camping-erromardie.com\/wp-content\/uploads\/2025\/04\/Saint-Jean-de-Luz-Centre-Ville-et-Port-e1745412638780.jpg\" alt=\"Saint Jean de Luz\"><\/div>\n\t<div class=\"ls-cta__title\">\n\t\tSaint Jean de Luz\t<\/div>\n\n\t<\/a><\/div><div class=\"wp-block-column\">\n\n<a href=\"https:\/\/www.camping-erromardie.com\/nl\/urrugne\/\" target=\"\" rel=\"noopener\" class=\"ls-cta__link urrugne\" data-categ=\" urrugne\">\n\t<div class=\"ls-cta__image\"><img decoding=\"async\" src=\"https:\/\/www.camping-erromardie.com\/wp-content\/uploads\/2025\/04\/photos-aeriennes-Urrugne.jpg\" alt=\"Urrugne: een dorp met vele gezichten\"><\/div>\n\t<div class=\"ls-cta__title\">\n\t\tUrrugne: een dorp met vele gezichten\t<\/div>\n\n\t<\/a><\/div><div class=\"wp-block-column\">\n\n<a href=\"https:\/\/www.camping-erromardie.com\/nl\/itxassou\/\" target=\"\" rel=\"noopener\" class=\"ls-cta__link itxassou\" data-categ=\" itxassou\">\n\t<div class=\"ls-cta__image\"><img decoding=\"async\" src=\"https:\/\/www.camping-erromardie.com\/wp-content\/uploads\/2025\/04\/Riviere-La-Nive-Itxassu.jpg\" alt=\"Itxassou\"><\/div>\n\t<div class=\"ls-cta__title\">\n\t\tItxassou\t<\/div>\n\n\t<\/a><\/div><div class=\"wp-block-column\">\n\n<a href=\"https:\/\/www.camping-erromardie.com\/nl\/hendaye\/\" target=\"\" rel=\"noopener\" class=\"ls-cta__link hendaye\" data-categ=\" hendaye\">\n\t<div class=\"ls-cta__image\"><img decoding=\"async\" src=\"https:\/\/www.camping-erromardie.com\/wp-content\/uploads\/2025\/04\/hendaye_3-3-e1744808115339.jpg\" alt=\"Hendaye\"><\/div>\n\t<div class=\"ls-cta__title\">\n\t\tHendaye\t<\/div>\n\n\t<\/a><\/div><\/div><div class=\"wp-block-columns\"><div class=\"wp-block-column\">\n\n<a href=\"https:\/\/www.camping-erromardie.com\/nl\/hasparren\/\" target=\"\" rel=\"noopener\" class=\"ls-cta__link hasparren\" data-categ=\" hasparren\">\n\t<div class=\"ls-cta__image\"><img decoding=\"async\" src=\"https:\/\/www.camping-erromardie.com\/wp-content\/uploads\/2025\/04\/Village-dHasparran.jpg\" alt=\"Hasparren\"><\/div>\n\t<div class=\"ls-cta__title\">\n\t\tHasparren\t<\/div>\n\n\t<\/a><\/div><div class=\"wp-block-column\">\n\n<a href=\"https:\/\/www.camping-erromardie.com\/nl\/cambo-les-bains\/\" target=\"\" rel=\"noopener\" class=\"ls-cta__link cambo-les-bains\" data-categ=\" cambo-les-bains\">\n\t<div class=\"ls-cta__image\"><img decoding=\"async\" src=\"https:\/\/www.camping-erromardie.com\/wp-content\/uploads\/2025\/04\/Cambo-les-Bains-paysages.jpg\" alt=\"Cambo\"><\/div>\n\t<div class=\"ls-cta__title\">\n\t\tCambo\t<\/div>\n\n\t<\/a><\/div><div class=\"wp-block-column\">\n\n<a href=\"https:\/\/www.camping-erromardie.com\/nl\/espelette\/\" target=\"\" rel=\"noopener\" class=\"ls-cta__link espelette\" data-categ=\" espelette\">\n\t<div class=\"ls-cta__image\"><img decoding=\"async\" src=\"https:\/\/www.camping-erromardie.com\/wp-content\/uploads\/2025\/04\/Village-espelette.jpg\" alt=\"Espelette\"><\/div>\n\t<div class=\"ls-cta__title\">\n\t\tEspelette\t<\/div>\n\n\t<\/a><\/div><div class=\"wp-block-column\">\n\n<a href=\"https:\/\/www.camping-erromardie.com\/nl\/bidart\/\" target=\"\" rel=\"noopener\" class=\"ls-cta__link bidart\" data-categ=\" bidart\">\n\t<div class=\"ls-cta__image\"><img decoding=\"async\" src=\"https:\/\/www.camping-erromardie.com\/wp-content\/uploads\/2025\/04\/Bidart.jpg\" alt=\"Bidart\"><\/div>\n\t<div class=\"ls-cta__title\">\n\t\tBidart\t<\/div>\n\n\t<\/a><\/div><\/div><div class=\"wp-block-columns\"><div class=\"wp-block-column\">\n\n<a href=\"https:\/\/www.camping-erromardie.com\/nl\/biarritz\/\" target=\"\" rel=\"noopener\" class=\"ls-cta__link biarritz\" data-categ=\" biarritz\">\n\t<div class=\"ls-cta__image\"><img decoding=\"async\" src=\"https:\/\/www.camping-erromardie.com\/wp-content\/uploads\/2025\/04\/musee-de-la-mer-a-Biarritz-Pays-Basque.jpg\" alt=\"Biarritz\"><\/div>\n\t<div class=\"ls-cta__title\">\n\t\tBiarritz\t<\/div>\n\n\t<\/a><\/div><div class=\"wp-block-column\">\n\n<a href=\"https:\/\/www.camping-erromardie.com\/nl\/ascain\/\" target=\"\" rel=\"noopener\" class=\"ls-cta__link ascain\" data-categ=\" ascain\">\n\t<div class=\"ls-cta__image\"><img decoding=\"async\" src=\"https:\/\/www.camping-erromardie.com\/wp-content\/uploads\/2025\/04\/Paysages-Ascain-Pays-Basque.jpg\" alt=\"Ascain\"><\/div>\n\t<div class=\"ls-cta__title\">\n\t\tAscain\t<\/div>\n\n\t<\/a><\/div><div class=\"wp-block-column\">\n\n<a href=\"https:\/\/www.camping-erromardie.com\/nl\/bayonne\/\" target=\"\" rel=\"noopener\" class=\"ls-cta__link bayonne\" data-categ=\" bayonne\">\n\t<div class=\"ls-cta__image\"><img decoding=\"async\" src=\"https:\/\/www.camping-erromardie.com\/wp-content\/uploads\/2025\/04\/Bayonne-Couleurs-Basque.jpg\" alt=\"Bayonne\"><\/div>\n\t<div class=\"ls-cta__title\">\n\t\tBayonne\t<\/div>\n\n\t<\/a><\/div><div class=\"wp-block-column\">\n\n<a href=\"https:\/\/www.camping-erromardie.com\/nl\/bilbao\/\" target=\"\" rel=\"noopener\" class=\"ls-cta__link bilbao\" data-categ=\" bilbao\">\n\t<div class=\"ls-cta__image\"><img decoding=\"async\" src=\"https:\/\/www.camping-erromardie.com\/wp-content\/uploads\/2025\/04\/Bilbao-3.jpg\" alt=\"Bilbao\"><\/div>\n\t<div class=\"ls-cta__title\">\n\t\tBilbao\t<\/div>\n\n\t<\/a><\/div><\/div>\n<\/div>\n\r\n    <\/div>\r\n<\/section>","protected":false},"excerpt":{"rendered":"","protected":false},"author":1,"featured_media":14856,"parent":0,"menu_order":85,"comment_status":"closed","ping_status":"closed","template":"","meta":{"_acf_changed":false,"_seopress_robots_primary_cat":"","_seopress_titles_title":"Camping Baskenland Bilbao: verhuur van stacaravans en vakantiewoningen Bilbao","_seopress_titles_desc":"Verblijf op Camping La Ferme Erromardie, op 1u30 van Bilbao, voor een vakantie in Frans Baskenland. Geniet van onze moderne stacaravans, verwarmd zwembad en directe toegang tot de Atlantische Oceaan. ","_seopress_robots_index":"","footnotes":""},"sujet":[],"class_list":["post-18120","page","type-page","status-publish","has-post-thumbnail","hentry"],"acf":[],"_links":{"self":[{"href":"https:\/\/www.camping-erromardie.com\/nl\/wp-json\/wp\/v2\/pages\/18120","targetHints":{"allow":["GET"]}}],"collection":[{"href":"https:\/\/www.camping-erromardie.com\/nl\/wp-json\/wp\/v2\/pages"}],"about":[{"href":"https:\/\/www.camping-erromardie.com\/nl\/wp-json\/wp\/v2\/types\/page"}],"author":[{"embeddable":true,"href":"https:\/\/www.camping-erromardie.com\/nl\/wp-json\/wp\/v2\/users\/1"}],"replies":[{"embeddable":true,"href":"https:\/\/www.camping-erromardie.com\/nl\/wp-json\/wp\/v2\/comments?post=18120"}],"version-history":[{"count":7,"href":"https:\/\/www.camping-erromardie.com\/nl\/wp-json\/wp\/v2\/pages\/18120\/revisions"}],"predecessor-version":[{"id":19813,"href":"https:\/\/www.camping-erromardie.com\/nl\/wp-json\/wp\/v2\/pages\/18120\/revisions\/19813"}],"wp:featuredmedia":[{"embeddable":true,"href":"https:\/\/www.camping-erromardie.com\/nl\/wp-json\/wp\/v2\/media\/14856"}],"wp:attachment":[{"href":"https:\/\/www.camping-erromardie.com\/nl\/wp-json\/wp\/v2\/media?parent=18120"}],"wp:term":[{"taxonomy":"sujet","embeddable":true,"href":"https:\/\/www.camping-erromardie.com\/nl\/wp-json\/wp\/v2\/sujet?post=18120"}],"curies":[{"name":"wp","href":"https:\/\/api.w.org\/{rel}","templated":true}]}}