{"id":18111,"date":"2025-03-14T16:57:14","date_gmt":"2025-03-14T15:57:14","guid":{"rendered":"https:\/\/www.camping-erromardie.com\/camping-cambo-les-bains\/"},"modified":"2025-06-12T13:34:11","modified_gmt":"2025-06-12T11:34:11","slug":"camping-cambo-les-bains","status":"publish","type":"page","link":"https:\/\/www.camping-erromardie.com\/nl\/camping-cambo-les-bains\/","title":{"rendered":"Camping Camp\u00e9ole"},"content":{"rendered":"<section id=\"ls-section-block_bb29a611df78c36947b08a6c332e3da4\" class=\"ls-section  page-titre\" >\r\n        <div class=\"container container--wide\">\r\n        \n\n<h1 class=\"ls__heading wp-block-heading has-text-align-center has-color-4-color has-text-color has-link-color wp-elements-c820a7e1c00fa124f7acaf68ae5c6254\">Kamperen Cambo les Bains<\/h1>\n\n\n\n<p class=\"ls-paragraph has-text-align-center\">Depuis votre <a href=\"https:\/\/www.camping-erromardie.com\/nl\/\" data-type=\"page\" data-id=\"270\">camping Pays Basque<\/a>, La ferme Erromardie, la ville thermale de <a href=\"https:\/\/www.camping-erromardie.com\/nl\/cambo-les-bains\/\" data-type=\"category\" data-id=\"49\">Cambo-les-Bains<\/a> est accessible en 30 minutes en voiture. N\u2019h\u00e9sitez pas \u00e0 d\u00e9couvrir ce site \u00e9tonnant dont les sources sulfureuses \u00e9taient d\u00e9j\u00e0 r\u00e9put\u00e9es pour leurs bienfaits \u00e0 la fin du Moyen \u00c2ge. L\u2019itin\u00e9raire le plus rapide pour venir en <strong>camping Cambo les Bains<\/strong> vous fait longer l\u2019Atlantique vers le nord puis remonter le cours de la Nive. Pour quelques minutes suppl\u00e9mentaires, la route sud vous fera passer par Saint-P\u00e9e-sur-Nivelle et Espelette.<\/p>\n\n\r\n    <\/div>\r\n<\/section><section id=\"ls-section-block_733fbc777bb3e395065fd720ad99dcdf\" class=\"ls-section  home-first page-one has-p-b p-b-14\" >\r\n        <div class=\"container container--wide\">\r\n        \n\n<div class=\"wp-block-columns is-layout-flex wp-container-core-columns-is-layout-9d6595d7 wp-block-columns-is-layout-flex\">\n<div class=\"wp-block-column is-layout-flow wp-block-column-is-layout-flow\" style=\"flex-basis:33.33%\">\n<div class=\"wp-block-columns is-layout-flex wp-container-core-columns-is-layout-9d6595d7 wp-block-columns-is-layout-flex\">\n<div class=\"wp-block-column column-border is-layout-flow wp-block-column-is-layout-flow\">\n<h2 class=\"ls__heading wp-block-heading has-color-1-color has-text-color has-link-color wp-elements-4a4c1c530431c30574fb7100dea299a6\">Verhuur stacaravan Pays Basque Cambo<\/h2>\n\n\n\n<p class=\"ls-paragraph\">Ben je op zoek naar een <strong>huuraccommodatie in een stacaravan in de buurt van Cambo<\/strong>? Wil je je volgende vakantie doorbrengen in Baskenland, in een rustige en zonnige streek in het zuidwesten van Frankrijk?   <\/p>\n\n\n\n<p class=\"ls-paragraph\">Kom en ontdek onze <strong>4-sterrencamping in Cambo les Bains<\/strong> aan de oevers van de Atlantische Oceaan. Onze stacaravans staan op mooie, met gras begroeide staanplaatsen, afgezonderd van elkaar om je de rust te garanderen die je verwacht.   <\/p>\n\n\n\n<p class=\"ls-paragraph\">Er zijn maar liefst 9 modellen om uit te kiezen, afhankelijk van je behoeften: van 1 tot 6 personen met 1 slaapkamer, 2 slaapkamers of zelfs 3 slaapkamers, van 16 tot 32 m\u00b2, waaronder een die geschikt is voor mensen met beperkte mobiliteit.  <\/p>\n\n\n\n<p class=\"ls-paragraph\">Als je op zoek bent naar een wat ongebruikelijker huuraccommodatie, kun je kiezen voor onze lodges van hout en stof, compleet met sanitair en keuken!  <\/p>\n\n\n\n<p class=\"ls-paragraph\">Alle huuraccommodaties hebben een televisie, een volledig uitgeruste keuken, veel bergruimte en een doucheruimte. Je zult zeker optimaal gebruik maken van het aangename terras en het tuinmeubilair om onvergetelijke lunches, aperitieven en avonden te organiseren! <\/p>\n<\/div>\n<\/div>\n<\/div>\n\n\n\n<div class=\"wp-block-column is-layout-flow wp-block-column-is-layout-flow\" style=\"flex-basis:66.66%\">\n<figure class=\"wp-block-gallery has-nested-images columns-default is-cropped wp-block-gallery-1 is-layout-flex wp-block-gallery-is-layout-flex\">\n<figure class=\"wp-block-image size-full animated fadeIn delay-200ms\"><a href=\"https:\/\/www.camping-erromardie.com\/wp-content\/uploads\/2025\/04\/Location-Mobil-home-camping-pays-basque-2.jpg\"><img loading=\"lazy\" decoding=\"async\" width=\"2000\" height=\"1400\" data-id=\"15318\" src=\"https:\/\/www.camping-erromardie.com\/wp-content\/uploads\/2025\/04\/Location-Mobil-home-camping-pays-basque-2.jpg\" alt=\"Verhuur stacaravan camping pays basque (2)\" class=\"wp-image-15318\" srcset=\"https:\/\/www.camping-erromardie.com\/wp-content\/uploads\/2025\/04\/Location-Mobil-home-camping-pays-basque-2.jpg 2000w, https:\/\/www.camping-erromardie.com\/wp-content\/uploads\/2025\/04\/Location-Mobil-home-camping-pays-basque-2-300x210.jpg 300w, https:\/\/www.camping-erromardie.com\/wp-content\/uploads\/2025\/04\/Location-Mobil-home-camping-pays-basque-2-1024x717.jpg 1024w, https:\/\/www.camping-erromardie.com\/wp-content\/uploads\/2025\/04\/Location-Mobil-home-camping-pays-basque-2-768x538.jpg 768w, https:\/\/www.camping-erromardie.com\/wp-content\/uploads\/2025\/04\/Location-Mobil-home-camping-pays-basque-2-1536x1075.jpg 1536w\" sizes=\"auto, (max-width: 2000px) 100vw, 2000px\" \/><\/a><\/figure>\n\n\n\n<figure class=\"wp-block-image size-full animated fadeIn\"><a href=\"https:\/\/www.camping-erromardie.com\/wp-content\/uploads\/2025\/04\/Location-Mobil-home-camping-pays-basque-7.jpg\"><img loading=\"lazy\" decoding=\"async\" width=\"2000\" height=\"1400\" data-id=\"15293\" src=\"https:\/\/www.camping-erromardie.com\/wp-content\/uploads\/2025\/04\/Location-Mobil-home-camping-pays-basque-7.jpg\" alt=\"Stacaravan verhuur camping pays basque (7)\" class=\"wp-image-15293\" srcset=\"https:\/\/www.camping-erromardie.com\/wp-content\/uploads\/2025\/04\/Location-Mobil-home-camping-pays-basque-7.jpg 2000w, https:\/\/www.camping-erromardie.com\/wp-content\/uploads\/2025\/04\/Location-Mobil-home-camping-pays-basque-7-300x210.jpg 300w, https:\/\/www.camping-erromardie.com\/wp-content\/uploads\/2025\/04\/Location-Mobil-home-camping-pays-basque-7-1024x717.jpg 1024w, https:\/\/www.camping-erromardie.com\/wp-content\/uploads\/2025\/04\/Location-Mobil-home-camping-pays-basque-7-768x538.jpg 768w, https:\/\/www.camping-erromardie.com\/wp-content\/uploads\/2025\/04\/Location-Mobil-home-camping-pays-basque-7-1536x1075.jpg 1536w\" sizes=\"auto, (max-width: 2000px) 100vw, 2000px\" \/><\/a><\/figure>\n<\/figure>\n<\/div>\n<\/div>\n\n\r\n    <\/div>\r\n<\/section><section id=\"ls-section-block_ddcb04568a2806b52711b72d8ec8d9f0\" class=\"ls-section  home-first page-two has-background has-color-6-background-color\" >\r\n        <div class=\"container container--wide\">\r\n        \n\n<div class=\"wp-block-columns is-layout-flex wp-container-core-columns-is-layout-9d6595d7 wp-block-columns-is-layout-flex\">\n<div class=\"wp-block-column is-layout-flow wp-block-column-is-layout-flow\" style=\"flex-basis:66.66%\">\n<figure class=\"wp-block-gallery has-nested-images columns-default is-cropped wp-block-gallery-2 is-layout-flex wp-block-gallery-is-layout-flex\">\n<figure class=\"wp-block-image size-full animated fadeIn delay-200ms\"><a href=\"https:\/\/www.camping-erromardie.com\/wp-content\/uploads\/2025\/04\/Camping-Erromardie-piscine-chauffee.jpg\"><img loading=\"lazy\" decoding=\"async\" width=\"1901\" height=\"1266\" data-id=\"14323\" src=\"https:\/\/www.camping-erromardie.com\/wp-content\/uploads\/2025\/04\/Camping-Erromardie-piscine-chauffee.jpg\" alt=\"Camping Erromardie verwarmd zwembad\" class=\"wp-image-14323\" srcset=\"https:\/\/www.camping-erromardie.com\/wp-content\/uploads\/2025\/04\/Camping-Erromardie-piscine-chauffee.jpg 1901w, https:\/\/www.camping-erromardie.com\/wp-content\/uploads\/2025\/04\/Camping-Erromardie-piscine-chauffee-300x200.jpg 300w, https:\/\/www.camping-erromardie.com\/wp-content\/uploads\/2025\/04\/Camping-Erromardie-piscine-chauffee-1024x682.jpg 1024w, https:\/\/www.camping-erromardie.com\/wp-content\/uploads\/2025\/04\/Camping-Erromardie-piscine-chauffee-768x511.jpg 768w, https:\/\/www.camping-erromardie.com\/wp-content\/uploads\/2025\/04\/Camping-Erromardie-piscine-chauffee-1536x1023.jpg 1536w\" sizes=\"auto, (max-width: 1901px) 100vw, 1901px\" \/><\/a><\/figure>\n\n\n\n<figure class=\"wp-block-image size-full animated fadeIn\"><a href=\"https:\/\/www.camping-erromardie.com\/wp-content\/uploads\/2025\/04\/Erromardie-52-1.jpg\"><img loading=\"lazy\" decoding=\"async\" width=\"2025\" height=\"1350\" data-id=\"15479\" src=\"https:\/\/www.camping-erromardie.com\/wp-content\/uploads\/2025\/04\/Erromardie-52-1.jpg\" alt=\"Erromardie (52)\" class=\"wp-image-15479\" srcset=\"https:\/\/www.camping-erromardie.com\/wp-content\/uploads\/2025\/04\/Erromardie-52-1.jpg 2025w, https:\/\/www.camping-erromardie.com\/wp-content\/uploads\/2025\/04\/Erromardie-52-1-300x200.jpg 300w, https:\/\/www.camping-erromardie.com\/wp-content\/uploads\/2025\/04\/Erromardie-52-1-1024x683.jpg 1024w, https:\/\/www.camping-erromardie.com\/wp-content\/uploads\/2025\/04\/Erromardie-52-1-768x512.jpg 768w, https:\/\/www.camping-erromardie.com\/wp-content\/uploads\/2025\/04\/Erromardie-52-1-1536x1024.jpg 1536w\" sizes=\"auto, (max-width: 2025px) 100vw, 2025px\" \/><\/a><\/figure>\n<\/figure>\n<\/div>\n\n\n\n<div class=\"wp-block-column is-layout-flow wp-block-column-is-layout-flow\" style=\"flex-basis:33.33%\">\n<div class=\"wp-block-columns is-layout-flex wp-container-core-columns-is-layout-9d6595d7 wp-block-columns-is-layout-flex\">\n<div class=\"wp-block-column column-border is-layout-flow wp-block-column-is-layout-flow\">\n<h2 class=\"ls__heading wp-block-heading has-color-1-color has-text-color has-link-color wp-elements-f0a79d9827b3e4538c0c3c4d125f82cd\">Camping met zwembad Pays Basque Cambo<\/h2>\n\n\n\n<p class=\"ls-paragraph\">Wil je een <strong>kampeervakantie met zwembad in de buurt van Cambo-les-Bains<\/strong> boeken?  <\/p>\n\n\n\n<p class=\"ls-paragraph\">Op onze camping in het zuidwesten van Frankrijk, met uitzicht op de Atlantische Oceaan, vind je een prachtig verwarmd en overdekt zwembad.  <\/p>\n\n\n\n<p class=\"ls-paragraph\">We dachten dat je elke dag van het zwembad zou willen genieten, dus het is overdekt en verwarmd voor je comfort. Er is echter geen toezicht, dus we vragen ouders om altijd waakzaam te zijn. Houd er ook rekening mee dat zwemshorts om hygi\u00ebnische redenen niet zijn toegestaan.    <\/p>\n\n\n\n<p class=\"ls-paragraph\">Dat gezegd hebbende, kun je er zeker van zijn dat deze plek een must-see wordt tijdens je verblijf. Het is non-stop geopend van 10.00 tot 19.00 uur voor jou en je kinderen, zelfs voor de allerkleinsten voor wie we een heerlijk pierenbadje hebben gereserveerd voor hun eerste stapjes in het water.   <\/p>\n\n\n\n<p class=\"ls-paragraph\">Oudere kinderen zullen dol zijn op onze reusachtige opblaasbare bubbels waar ze over het water kunnen lopen! En voor degenen die niet willen zwemmen, maar gewoon van de zon willen genieten zonder de <strong>camping Cambo les Bains<\/strong> te verlaten, hebben we ligstoelen rond het zwembad geplaatst zodat ook zij kunnen genieten. <\/p>\n<\/div>\n<\/div>\n<\/div>\n<\/div>\n\n\r\n    <\/div>\r\n<\/section><section id=\"ls-section-block_0877da36171684d15f16de4bb6d1000e\" class=\"ls-section  home-fifth page-three\" >\r\n        <div class=\"container container--wide\">\r\n        \n\n<figure class=\"wp-block-image size-full animated fadeIn\"><a href=\"https:\/\/www.camping-erromardie.com\/wp-content\/uploads\/2025\/04\/Cambo-les-Bains-paysages.jpg\"><img loading=\"lazy\" decoding=\"async\" width=\"2000\" height=\"1400\" src=\"https:\/\/www.camping-erromardie.com\/wp-content\/uploads\/2025\/04\/Cambo-les-Bains-paysages.jpg\" alt=\"Landschappen in Cambo les Bains\" class=\"wp-image-17376\" srcset=\"https:\/\/www.camping-erromardie.com\/wp-content\/uploads\/2025\/04\/Cambo-les-Bains-paysages.jpg 2000w, https:\/\/www.camping-erromardie.com\/wp-content\/uploads\/2025\/04\/Cambo-les-Bains-paysages-300x210.jpg 300w, https:\/\/www.camping-erromardie.com\/wp-content\/uploads\/2025\/04\/Cambo-les-Bains-paysages-1024x717.jpg 1024w, https:\/\/www.camping-erromardie.com\/wp-content\/uploads\/2025\/04\/Cambo-les-Bains-paysages-768x538.jpg 768w, https:\/\/www.camping-erromardie.com\/wp-content\/uploads\/2025\/04\/Cambo-les-Bains-paysages-1536x1075.jpg 1536w\" sizes=\"auto, (max-width: 2000px) 100vw, 2000px\" \/><\/a><\/figure>\n\n\r\n    <\/div>\r\n<\/section><section id=\"ls-section-block_697048b6504f3190dd152ff88f38dfca\" class=\"ls-section  page-cta\" >\r\n        <div class=\"container container--wide\">\r\n        \n\n<div id=\"ls-heading ls-titre-div-block_2a896dda4e033dba1970014c7411431d\" class=\"ls-titre-div aligncenter h2-like has-text-color has-color-1-color\" >\n    Bezoek Baskenland<\/div>\n\n\n\n<div id=\"ls-maillage-block_991aa5ef05f93e45e61df7edd581a80d\" class=\"ls-maillage cta-style-normal\" data-rows=\"4\">\n\n    <div class=\"wp-block-columns\"><div class=\"wp-block-column\">\n\n<a href=\"https:\/\/www.camping-erromardie.com\/nl\/spaans-baskenland\/\" target=\"\" rel=\"noopener\" class=\"ls-cta__link spaans-baskenland\" data-categ=\" spaans-baskenland\">\n\t<div class=\"ls-cta__image\"><img decoding=\"async\" src=\"https:\/\/www.camping-erromardie.com\/wp-content\/uploads\/2025\/04\/donostia-2.jpg\" alt=\"Spaans Baskenland\"><\/div>\n\t<div class=\"ls-cta__title\">\n\t\tSpaans Baskenland\t<\/div>\n\n\t<\/a><\/div><div class=\"wp-block-column\">\n\n<a href=\"https:\/\/www.camping-erromardie.com\/nl\/san-sebastian\/\" target=\"\" rel=\"noopener\" class=\"ls-cta__link san-sebastian\" data-categ=\" san-sebastian\">\n\t<div class=\"ls-cta__image\"><img decoding=\"async\" src=\"https:\/\/www.camping-erromardie.com\/wp-content\/uploads\/2025\/04\/Donostia.jpg\" alt=\"San Sebastian\"><\/div>\n\t<div class=\"ls-cta__title\">\n\t\tSan Sebastian\t<\/div>\n\n\t<\/a><\/div><div class=\"wp-block-column\">\n\n<a href=\"https:\/\/www.camping-erromardie.com\/nl\/saint-jean-pied-de-port\/\" target=\"\" rel=\"noopener\" class=\"ls-cta__link saint-jean-pied-de-port\" data-categ=\" saint-jean-pied-de-port\">\n\t<div class=\"ls-cta__image\"><img decoding=\"async\" src=\"https:\/\/www.camping-erromardie.com\/wp-content\/uploads\/2025\/04\/Saint-Jean-Pied-De-Port-Pays-Basque.jpg\" alt=\"Saint Jean Pied de Port\"><\/div>\n\t<div class=\"ls-cta__title\">\n\t\tSaint Jean Pied de Port\t<\/div>\n\n\t<\/a><\/div><div class=\"wp-block-column\">\n\n<a href=\"https:\/\/www.camping-erromardie.com\/nl\/atlantische-pyreneeen\/\" target=\"\" rel=\"noopener\" class=\"ls-cta__link atlantische-pyreneeen\" data-categ=\" atlantische-pyreneeen\">\n\t<div class=\"ls-cta__image\"><img decoding=\"async\" src=\"https:\/\/www.camping-erromardie.com\/wp-content\/uploads\/2025\/04\/Pyrenees-Atlantiques.jpg\" alt=\"De Atlantische Pyrenee\u00ebn\"><\/div>\n\t<div class=\"ls-cta__title\">\n\t\tDe Atlantische Pyrenee\u00ebn\t<\/div>\n\n\t<\/a><\/div><\/div><div class=\"wp-block-columns\"><div class=\"wp-block-column\">\n\n<a href=\"https:\/\/www.camping-erromardie.com\/nl\/saint-jean-de-luz\/\" target=\"\" rel=\"noopener\" class=\"ls-cta__link saint-jean-de-luz\" data-categ=\" saint-jean-de-luz\">\n\t<div class=\"ls-cta__image\"><img decoding=\"async\" src=\"https:\/\/www.camping-erromardie.com\/wp-content\/uploads\/2025\/04\/Saint-Jean-de-Luz-Centre-Ville-et-Port-e1745412638780.jpg\" alt=\"Saint Jean de Luz\"><\/div>\n\t<div class=\"ls-cta__title\">\n\t\tSaint Jean de Luz\t<\/div>\n\n\t<\/a><\/div><div class=\"wp-block-column\">\n\n<a href=\"https:\/\/www.camping-erromardie.com\/nl\/urrugne\/\" target=\"\" rel=\"noopener\" class=\"ls-cta__link urrugne\" data-categ=\" urrugne\">\n\t<div class=\"ls-cta__image\"><img decoding=\"async\" src=\"https:\/\/www.camping-erromardie.com\/wp-content\/uploads\/2025\/04\/photos-aeriennes-Urrugne.jpg\" alt=\"Urrugne: een dorp met vele gezichten\"><\/div>\n\t<div class=\"ls-cta__title\">\n\t\tUrrugne: een dorp met vele gezichten\t<\/div>\n\n\t<\/a><\/div><div class=\"wp-block-column\">\n\n<a href=\"https:\/\/www.camping-erromardie.com\/nl\/itxassou\/\" target=\"\" rel=\"noopener\" class=\"ls-cta__link itxassou\" data-categ=\" itxassou\">\n\t<div class=\"ls-cta__image\"><img decoding=\"async\" src=\"https:\/\/www.camping-erromardie.com\/wp-content\/uploads\/2025\/04\/Riviere-La-Nive-Itxassu.jpg\" alt=\"Itxassou\"><\/div>\n\t<div class=\"ls-cta__title\">\n\t\tItxassou\t<\/div>\n\n\t<\/a><\/div><div class=\"wp-block-column\">\n\n<a href=\"https:\/\/www.camping-erromardie.com\/nl\/hendaye\/\" target=\"\" rel=\"noopener\" class=\"ls-cta__link hendaye\" data-categ=\" hendaye\">\n\t<div class=\"ls-cta__image\"><img decoding=\"async\" src=\"https:\/\/www.camping-erromardie.com\/wp-content\/uploads\/2025\/04\/hendaye_3-3-e1744808115339.jpg\" alt=\"Hendaye\"><\/div>\n\t<div class=\"ls-cta__title\">\n\t\tHendaye\t<\/div>\n\n\t<\/a><\/div><\/div><div class=\"wp-block-columns\"><div class=\"wp-block-column\">\n\n<a href=\"https:\/\/www.camping-erromardie.com\/nl\/hasparren\/\" target=\"\" rel=\"noopener\" class=\"ls-cta__link hasparren\" data-categ=\" hasparren\">\n\t<div class=\"ls-cta__image\"><img decoding=\"async\" src=\"https:\/\/www.camping-erromardie.com\/wp-content\/uploads\/2025\/04\/Village-dHasparran.jpg\" alt=\"Hasparren\"><\/div>\n\t<div class=\"ls-cta__title\">\n\t\tHasparren\t<\/div>\n\n\t<\/a><\/div><div class=\"wp-block-column\">\n\n<a href=\"https:\/\/www.camping-erromardie.com\/nl\/cambo-les-bains\/\" target=\"\" rel=\"noopener\" class=\"ls-cta__link cambo-les-bains\" data-categ=\" cambo-les-bains\">\n\t<div class=\"ls-cta__image\"><img decoding=\"async\" src=\"https:\/\/www.camping-erromardie.com\/wp-content\/uploads\/2025\/04\/Cambo-les-Bains-paysages.jpg\" alt=\"Cambo\"><\/div>\n\t<div class=\"ls-cta__title\">\n\t\tCambo\t<\/div>\n\n\t<\/a><\/div><div class=\"wp-block-column\">\n\n<a href=\"https:\/\/www.camping-erromardie.com\/nl\/espelette\/\" target=\"\" rel=\"noopener\" class=\"ls-cta__link espelette\" data-categ=\" espelette\">\n\t<div class=\"ls-cta__image\"><img decoding=\"async\" src=\"https:\/\/www.camping-erromardie.com\/wp-content\/uploads\/2025\/04\/Village-espelette.jpg\" alt=\"Espelette\"><\/div>\n\t<div class=\"ls-cta__title\">\n\t\tEspelette\t<\/div>\n\n\t<\/a><\/div><div class=\"wp-block-column\">\n\n<a href=\"https:\/\/www.camping-erromardie.com\/nl\/bidart\/\" target=\"\" rel=\"noopener\" class=\"ls-cta__link bidart\" data-categ=\" bidart\">\n\t<div class=\"ls-cta__image\"><img decoding=\"async\" src=\"https:\/\/www.camping-erromardie.com\/wp-content\/uploads\/2025\/04\/Bidart.jpg\" alt=\"Bidart\"><\/div>\n\t<div class=\"ls-cta__title\">\n\t\tBidart\t<\/div>\n\n\t<\/a><\/div><\/div><div class=\"wp-block-columns\"><div class=\"wp-block-column\">\n\n<a href=\"https:\/\/www.camping-erromardie.com\/nl\/biarritz\/\" target=\"\" rel=\"noopener\" class=\"ls-cta__link biarritz\" data-categ=\" biarritz\">\n\t<div class=\"ls-cta__image\"><img decoding=\"async\" src=\"https:\/\/www.camping-erromardie.com\/wp-content\/uploads\/2025\/04\/musee-de-la-mer-a-Biarritz-Pays-Basque.jpg\" alt=\"Biarritz\"><\/div>\n\t<div class=\"ls-cta__title\">\n\t\tBiarritz\t<\/div>\n\n\t<\/a><\/div><div class=\"wp-block-column\">\n\n<a href=\"https:\/\/www.camping-erromardie.com\/nl\/ascain\/\" target=\"\" rel=\"noopener\" class=\"ls-cta__link ascain\" data-categ=\" ascain\">\n\t<div class=\"ls-cta__image\"><img decoding=\"async\" src=\"https:\/\/www.camping-erromardie.com\/wp-content\/uploads\/2025\/04\/Paysages-Ascain-Pays-Basque.jpg\" alt=\"Ascain\"><\/div>\n\t<div class=\"ls-cta__title\">\n\t\tAscain\t<\/div>\n\n\t<\/a><\/div><div class=\"wp-block-column\">\n\n<a href=\"https:\/\/www.camping-erromardie.com\/nl\/bayonne\/\" target=\"\" rel=\"noopener\" class=\"ls-cta__link bayonne\" data-categ=\" bayonne\">\n\t<div class=\"ls-cta__image\"><img decoding=\"async\" src=\"https:\/\/www.camping-erromardie.com\/wp-content\/uploads\/2025\/04\/Bayonne-Couleurs-Basque.jpg\" alt=\"Bayonne\"><\/div>\n\t<div class=\"ls-cta__title\">\n\t\tBayonne\t<\/div>\n\n\t<\/a><\/div><div class=\"wp-block-column\">\n\n<a href=\"https:\/\/www.camping-erromardie.com\/nl\/bilbao\/\" target=\"\" rel=\"noopener\" class=\"ls-cta__link bilbao\" data-categ=\" bilbao\">\n\t<div class=\"ls-cta__image\"><img decoding=\"async\" src=\"https:\/\/www.camping-erromardie.com\/wp-content\/uploads\/2025\/04\/Bilbao-3.jpg\" alt=\"Bilbao\"><\/div>\n\t<div class=\"ls-cta__title\">\n\t\tBilbao\t<\/div>\n\n\t<\/a><\/div><\/div>\n<\/div>\n\r\n    <\/div>\r\n<\/section>","protected":false},"excerpt":{"rendered":"","protected":false},"author":1,"featured_media":14867,"parent":0,"menu_order":90,"comment_status":"closed","ping_status":"closed","template":"","meta":{"_acf_changed":false,"_seopress_robots_primary_cat":"","_seopress_titles_title":"Camping Pays Basque Cambo les Bains : verhuur van stacaravans Cambo","_seopress_titles_desc":"Geniet van een kampeervakantie in de buurt van Cambo-les-Bains in Baskenland: verhuur van comfortabele stacaravans, verwarmd overdekt zwembad, rustige, natuurlijke omgeving tussen de oceaan en de thermale baden.","_seopress_robots_index":"","footnotes":""},"sujet":[],"class_list":["post-18111","page","type-page","status-publish","has-post-thumbnail","hentry"],"acf":[],"_links":{"self":[{"href":"https:\/\/www.camping-erromardie.com\/nl\/wp-json\/wp\/v2\/pages\/18111","targetHints":{"allow":["GET"]}}],"collection":[{"href":"https:\/\/www.camping-erromardie.com\/nl\/wp-json\/wp\/v2\/pages"}],"about":[{"href":"https:\/\/www.camping-erromardie.com\/nl\/wp-json\/wp\/v2\/types\/page"}],"author":[{"embeddable":true,"href":"https:\/\/www.camping-erromardie.com\/nl\/wp-json\/wp\/v2\/users\/1"}],"replies":[{"embeddable":true,"href":"https:\/\/www.camping-erromardie.com\/nl\/wp-json\/wp\/v2\/comments?post=18111"}],"version-history":[{"count":7,"href":"https:\/\/www.camping-erromardie.com\/nl\/wp-json\/wp\/v2\/pages\/18111\/revisions"}],"predecessor-version":[{"id":19930,"href":"https:\/\/www.camping-erromardie.com\/nl\/wp-json\/wp\/v2\/pages\/18111\/revisions\/19930"}],"wp:featuredmedia":[{"embeddable":true,"href":"https:\/\/www.camping-erromardie.com\/nl\/wp-json\/wp\/v2\/media\/14867"}],"wp:attachment":[{"href":"https:\/\/www.camping-erromardie.com\/nl\/wp-json\/wp\/v2\/media?parent=18111"}],"wp:term":[{"taxonomy":"sujet","embeddable":true,"href":"https:\/\/www.camping-erromardie.com\/nl\/wp-json\/wp\/v2\/sujet?post=18111"}],"curies":[{"name":"wp","href":"https:\/\/api.w.org\/{rel}","templated":true}]}}