{"id":18066,"date":"2025-04-17T00:24:42","date_gmt":"2025-04-16T22:24:42","guid":{"rendered":"https:\/\/www.camping-erromardie.com\/camping-pays-basque-espagnol\/"},"modified":"2025-06-12T15:48:35","modified_gmt":"2025-06-12T13:48:35","slug":"camping-spaans-baskenland","status":"publish","type":"page","link":"https:\/\/www.camping-erromardie.com\/nl\/camping-spaans-baskenland\/","title":{"rendered":"Camping Spaans Baskenland"},"content":{"rendered":"<section id=\"ls-section-block_936af5998b808179688e7bae13574dab\" class=\"ls-section  page-titre\" >\r\n        <div class=\"container container--wide\">\r\n        \n\n<h1 class=\"ls__heading wp-block-heading has-text-align-center has-color-4-color has-text-color has-link-color wp-elements-e1abdc0c6d1b1a07b46967f047222871\">Camping Spaans Baskenland<\/h1>\n\n\n\n<p class=\"ls-paragraph has-text-align-center\">\u00c0 quelques minutes de la fronti\u00e8re, la <a href=\"https:\/\/www.camping-erromardie.com\/\" data-type=\"page\" data-id=\"270\">ferme Erromardie<\/a> vous propose de s\u00e9journer face \u00e0 la plage et de profiter de vacances les pieds dans l\u2019eau dans votre <a href=\"https:\/\/www.camping-erromardie.com\/camping-pays-basque-espagnol\/\" data-type=\"page\" data-id=\"15615\"><strong>camping Pays basque espagnol<\/strong>.<\/a><br\/><\/p>\n\n\r\n    <\/div>\r\n<\/section><section id=\"ls-section-block_60c67286eaae4a207a8442ade729acbf\" class=\"ls-section  home-first page-one has-p-b p-b-14\" >\r\n        <div class=\"container container--wide\">\r\n        \n\n<div class=\"wp-block-columns is-layout-flex wp-container-core-columns-is-layout-9d6595d7 wp-block-columns-is-layout-flex\">\n<div class=\"wp-block-column is-layout-flow wp-block-column-is-layout-flow\" style=\"flex-basis:33.33%\">\n<div class=\"wp-block-columns is-layout-flex wp-container-core-columns-is-layout-9d6595d7 wp-block-columns-is-layout-flex\">\n<div class=\"wp-block-column column-border is-layout-flow wp-block-column-is-layout-flow\">\n<h2 class=\"ls__heading wp-block-heading has-color-1-color has-text-color has-link-color wp-elements-12f325fbd22373564e6fd50dbf05796a\">Kamperen aan zee in Spaans Baskenland<\/h2>\n\n\n\n<p class=\"ls-paragraph\">D\u00e9couvrez des paysages sublimes et un patrimoine unique en <a href=\"https:\/\/www.camping-erromardie.com\/pays-basque\/terre-basque\/\" data-type=\"post\" data-id=\"13909\">terre basque<\/a> en r\u00e9servant dans un <strong>camping en bord de mer Pays Basque espagnol<\/strong>. Profitez de 25 hectares de domaine arbor\u00e9 qui s\u2019\u00e9tendent le long de la sublime plage d\u2019Erromardie.<\/p>\n\n\n\n<p class=\"ls-paragraph\"><strong>Camping<\/strong> Erromardie <strong>aan zee in Spaans Baskenland<\/strong> heeft grasvelden en charmante huuraccommodaties op een paar meter van de oceaan. Je valt in slaap op het ritme van de golven en proeft de naar zeewater geurende lucht zodra je wakker wordt voor het ontbijt op je terras. Ideaal voor surfliefhebbers, want de ligging van de camping direct aan het water betekent dat je van het leven kunt genieten met je surfplank onder je arm, zonder dat je hoeft te reizen of te parkeren.    <\/p>\n\n\n\n<p class=\"ls-paragraph\">Geniet optimaal van de Atlantische golven door te verblijven op <strong>boerderijcamping<\/strong> Erromardie <strong>in Spaans Baskenland<\/strong>. De mooiste zonsondergangen over de oceaan wachten elke avond op je. De strook fijn zand nodigt uit tot ontspannen, spelen met het gezin en avondwandelingen.    <\/p>\n\n\n\n<p class=\"ls-paragraph\">Erromardie Farm biedt een unieke omgeving voor alle vakantiegangers, van gezinnen met kinderen en vriendengroepen tot surfers en stelletjes op zoek naar romantiek.<\/p>\n<\/div>\n<\/div>\n<\/div>\n\n\n\n<div class=\"wp-block-column is-layout-flow wp-block-column-is-layout-flow\" style=\"flex-basis:66.66%\">\n<figure class=\"wp-block-gallery has-nested-images columns-default is-cropped wp-block-gallery-1 is-layout-flex wp-block-gallery-is-layout-flex\">\n<figure class=\"wp-block-image size-full animated fadeIn delay-200ms\"><a href=\"https:\/\/www.camping-erromardie.com\/wp-content\/uploads\/2025\/04\/Camping-Erromardie-environnement-141-2.jpg\"><img loading=\"lazy\" decoding=\"async\" width=\"2000\" height=\"1335\" data-id=\"14630\" src=\"https:\/\/www.camping-erromardie.com\/wp-content\/uploads\/2025\/04\/Camping-Erromardie-environnement-141-2.jpg\" alt=\"Camping Erromardie omgeving 141\" class=\"wp-image-14630\" srcset=\"https:\/\/www.camping-erromardie.com\/wp-content\/uploads\/2025\/04\/Camping-Erromardie-environnement-141-2.jpg 2000w, https:\/\/www.camping-erromardie.com\/wp-content\/uploads\/2025\/04\/Camping-Erromardie-environnement-141-2-300x200.jpg 300w, https:\/\/www.camping-erromardie.com\/wp-content\/uploads\/2025\/04\/Camping-Erromardie-environnement-141-2-1024x684.jpg 1024w, https:\/\/www.camping-erromardie.com\/wp-content\/uploads\/2025\/04\/Camping-Erromardie-environnement-141-2-768x513.jpg 768w, https:\/\/www.camping-erromardie.com\/wp-content\/uploads\/2025\/04\/Camping-Erromardie-environnement-141-2-1536x1025.jpg 1536w\" sizes=\"auto, (max-width: 2000px) 100vw, 2000px\" \/><\/a><\/figure>\n\n\n\n<figure class=\"wp-block-image size-full animated fadeIn\"><a href=\"https:\/\/www.camping-erromardie.com\/wp-content\/uploads\/2025\/04\/Pays-basque-espagnol-provinces-1.jpg\"><img loading=\"lazy\" decoding=\"async\" width=\"2000\" height=\"1500\" data-id=\"17050\" src=\"https:\/\/www.camping-erromardie.com\/wp-content\/uploads\/2025\/04\/Pays-basque-espagnol-provinces-1.jpg\" alt=\"Provincies Spaans Baskenland\" class=\"wp-image-17050\" srcset=\"https:\/\/www.camping-erromardie.com\/wp-content\/uploads\/2025\/04\/Pays-basque-espagnol-provinces-1.jpg 2000w, https:\/\/www.camping-erromardie.com\/wp-content\/uploads\/2025\/04\/Pays-basque-espagnol-provinces-1-300x225.jpg 300w, https:\/\/www.camping-erromardie.com\/wp-content\/uploads\/2025\/04\/Pays-basque-espagnol-provinces-1-1024x768.jpg 1024w, https:\/\/www.camping-erromardie.com\/wp-content\/uploads\/2025\/04\/Pays-basque-espagnol-provinces-1-768x576.jpg 768w, https:\/\/www.camping-erromardie.com\/wp-content\/uploads\/2025\/04\/Pays-basque-espagnol-provinces-1-1536x1152.jpg 1536w\" sizes=\"auto, (max-width: 2000px) 100vw, 2000px\" \/><\/a><\/figure>\n<\/figure>\n<\/div>\n<\/div>\n\n\r\n    <\/div>\r\n<\/section><section id=\"ls-section-block_bb455a028c9662e7bd9d5cd1f08bd231\" class=\"ls-section  home-first page-two has-background has-color-6-background-color\" >\r\n        <div class=\"container container--wide\">\r\n        \n\n<div class=\"wp-block-columns is-layout-flex wp-container-core-columns-is-layout-9d6595d7 wp-block-columns-is-layout-flex\">\n<div class=\"wp-block-column is-layout-flow wp-block-column-is-layout-flow\" style=\"flex-basis:66.66%\">\n<figure class=\"wp-block-gallery has-nested-images columns-default is-cropped wp-block-gallery-2 is-layout-flex wp-block-gallery-is-layout-flex\">\n<figure class=\"wp-block-image size-full animated fadeIn delay-200ms\"><a href=\"https:\/\/www.camping-erromardie.com\/wp-content\/uploads\/2025\/04\/enfants-dans-la-piscine-scaled-1.jpg\"><img loading=\"lazy\" decoding=\"async\" width=\"1334\" height=\"2000\" data-id=\"17410\" src=\"https:\/\/www.camping-erromardie.com\/wp-content\/uploads\/2025\/04\/enfants-dans-la-piscine-scaled-1.jpg\" alt=\"kinderen in het zwembad\" class=\"wp-image-17410\" srcset=\"https:\/\/www.camping-erromardie.com\/wp-content\/uploads\/2025\/04\/enfants-dans-la-piscine-scaled-1.jpg 1334w, https:\/\/www.camping-erromardie.com\/wp-content\/uploads\/2025\/04\/enfants-dans-la-piscine-scaled-1-200x300.jpg 200w, https:\/\/www.camping-erromardie.com\/wp-content\/uploads\/2025\/04\/enfants-dans-la-piscine-scaled-1-683x1024.jpg 683w, https:\/\/www.camping-erromardie.com\/wp-content\/uploads\/2025\/04\/enfants-dans-la-piscine-scaled-1-768x1151.jpg 768w, https:\/\/www.camping-erromardie.com\/wp-content\/uploads\/2025\/04\/enfants-dans-la-piscine-scaled-1-1025x1536.jpg 1025w\" sizes=\"auto, (max-width: 1334px) 100vw, 1334px\" \/><\/a><\/figure>\n\n\n\n<figure class=\"wp-block-image size-full animated fadeIn\"><a href=\"https:\/\/www.camping-erromardie.com\/wp-content\/uploads\/2025\/04\/Camping-Erromardie-piscine-chauffee-1.jpg\"><img loading=\"lazy\" decoding=\"async\" width=\"2027\" height=\"1350\" data-id=\"17362\" src=\"https:\/\/www.camping-erromardie.com\/wp-content\/uploads\/2025\/04\/Camping-Erromardie-piscine-chauffee-1.jpg\" alt=\"Camping Erromardie verwarmd zwembad\" class=\"wp-image-17362\" srcset=\"https:\/\/www.camping-erromardie.com\/wp-content\/uploads\/2025\/04\/Camping-Erromardie-piscine-chauffee-1.jpg 2027w, https:\/\/www.camping-erromardie.com\/wp-content\/uploads\/2025\/04\/Camping-Erromardie-piscine-chauffee-1-300x200.jpg 300w, https:\/\/www.camping-erromardie.com\/wp-content\/uploads\/2025\/04\/Camping-Erromardie-piscine-chauffee-1-1024x682.jpg 1024w, https:\/\/www.camping-erromardie.com\/wp-content\/uploads\/2025\/04\/Camping-Erromardie-piscine-chauffee-1-768x511.jpg 768w, https:\/\/www.camping-erromardie.com\/wp-content\/uploads\/2025\/04\/Camping-Erromardie-piscine-chauffee-1-1536x1023.jpg 1536w\" sizes=\"auto, (max-width: 2027px) 100vw, 2027px\" \/><\/a><\/figure>\n<\/figure>\n<\/div>\n\n\n\n<div class=\"wp-block-column is-layout-flow wp-block-column-is-layout-flow\" style=\"flex-basis:33.33%\">\n<div class=\"wp-block-columns is-layout-flex wp-container-core-columns-is-layout-9d6595d7 wp-block-columns-is-layout-flex\">\n<div class=\"wp-block-column column-border is-layout-flow wp-block-column-is-layout-flow\">\n<h2 class=\"ls__heading wp-block-heading has-color-1-color has-text-color has-link-color wp-elements-9e935ef5fca9a2f8964e03d25cdd8643\">Spaanse camping met zwembad<\/h2>\n\n\n\n<p class=\"ls-paragraph\">Vous recherchez un camping avec piscine pour vos prochaines vacances dans le <a href=\"https:\/\/www.camping-erromardie.com\/pays-basque-espagnol\/\" data-type=\"categorydescription\" data-id=\"16901\">Pays Basque espagnol<\/a> ? <\/p>\n\n\n\n<p class=\"ls-paragraph\">De Erromardie boerderij, ideaal gelegen aan zee, biedt je een verscheidenheid aan waterplezier door gebruik te maken van het zwemparadijs tegenover het prachtige Erromardie strand. De perfecte bestemming voor vakantiegangers die op zoek zijn naar een <strong>camping in Spaans Baskenland met een verwarmd zwembad<\/strong>, dit 4-sterren etablissement opent de deuren van zijn zwembad elke dag van 10.00 tot 19.00 uur. Geniet van de zon op een ligstoel en van de ideale watertemperatuur, op slechts een paar meter van de golven van de oceaan. Het zwembad is ideaal voor jonge kinderen om in alle veiligheid te zwemmen en zelf te genieten van de geneugten van het water en is een favoriete ontmoetingsplaats voor vakantiegangers in Erromardie.     <\/p>\n\n\n\n<p class=\"ls-paragraph\">Sterker nog, het 4-sterren etablissement nodigt je uit voor een verblijf op een <strong>camping in Spaans Baskenland met een overdekt zwembad<\/strong>: zo kun je vanaf &#8217;s ochtends vroeg genieten van het zwemplezier, zelfs aan het begin van het seizoen. Geen regenbui zal je beroven van de voordelen van het verwarmde zwembad tijdens je vakantie op <strong>camping Pays Basque espagnol<\/strong> de la ferme Erromardie! <\/p>\n<\/div>\n<\/div>\n<\/div>\n<\/div>\n\n\r\n    <\/div>\r\n<\/section><section id=\"ls-section-block_54f73adc3cedce2971ebcd57584a2ce3\" class=\"ls-section  home-fifth page-three\" >\r\n        <div class=\"container container--wide\">\r\n        \n\n<figure class=\"wp-block-image size-full animated fadeIn\"><a href=\"https:\/\/www.camping-erromardie.com\/wp-content\/uploads\/2025\/04\/pays-basque-espagnol-gaztelugatxe.jpg\"><img loading=\"lazy\" decoding=\"async\" width=\"2000\" height=\"1400\" src=\"https:\/\/www.camping-erromardie.com\/wp-content\/uploads\/2025\/04\/pays-basque-espagnol-gaztelugatxe.jpg\" alt=\"spaans baskenland gaztelugatxe\" class=\"wp-image-17404\" srcset=\"https:\/\/www.camping-erromardie.com\/wp-content\/uploads\/2025\/04\/pays-basque-espagnol-gaztelugatxe.jpg 2000w, https:\/\/www.camping-erromardie.com\/wp-content\/uploads\/2025\/04\/pays-basque-espagnol-gaztelugatxe-300x210.jpg 300w, https:\/\/www.camping-erromardie.com\/wp-content\/uploads\/2025\/04\/pays-basque-espagnol-gaztelugatxe-1024x717.jpg 1024w, https:\/\/www.camping-erromardie.com\/wp-content\/uploads\/2025\/04\/pays-basque-espagnol-gaztelugatxe-768x538.jpg 768w, https:\/\/www.camping-erromardie.com\/wp-content\/uploads\/2025\/04\/pays-basque-espagnol-gaztelugatxe-1536x1075.jpg 1536w\" sizes=\"auto, (max-width: 2000px) 100vw, 2000px\" \/><\/a><\/figure>\n\n\n\n<h2 class=\"ls__heading wp-block-heading has-color-1-color has-text-color has-link-color wp-elements-32855a3173ea8afc26f68ca26181c37c\">Rondreizen door Spaans Baskenland in een camper<\/h2>\n\n\n\n<p class=\"ls-paragraph\">Van Fontarrabie naar Bilbao via San Sebastian, rijd met je <strong>camper<\/strong> door <strong>Spaans Baskenland<\/strong> en ontdek de uitzonderlijke landschappen en het erfgoed. Erromardie Farm verwelkomt je op zijn grasrijke standplaatsen, prachtig beplant met bomen, voor een ideale tussenstop op slechts een paar minuten van de Spaanse grens.   <\/p>\n\n\n\n<p class=\"ls-paragraph\">D\u2019une superficie moyenne de 80 m2, nos parcelles pour caravanes et camping-cars sont orient\u00e9es vers l\u2019oc\u00e9an pour vous offrir un cadre de s\u00e9jour unique en bord de mer. L\u2019\u00e9lectricit\u00e9 16 amp\u00e8res vous permet de profiter sans contrainte des \u00e9quipements de votre v\u00e9hicule am\u00e9nag\u00e9. Destination id\u00e9ale si vous cherchez une <strong>aire de camping-car Pays Basque espagnol<\/strong>, la ferme Erromardie vous invite par sa situation aux plus beaux itin\u00e9raires dans le Pays Basque c\u00f4t\u00e9 espagnol : la route des cols frontaliers, le littoral de Fontarrabie \u00e0 <a href=\"https:\/\/www.camping-erromardie.com\/san-sebastian\/\" data-type=\"category\" data-id=\"53\">San Sebastian<\/a>, les f\u00eates de Pampelune, ou encore le circuit des sites historiques et culturels avec le Guggenheim de <a href=\"https:\/\/www.camping-erromardie.com\/bilbao\/\" data-type=\"categorydescription\" data-id=\"16833\">Bilbao<\/a> et la ville de Guernica.<\/p>\n\n\n\n<p class=\"ls-paragraph\">S\u00e9journez sur un emplacement exceptionnel face \u00e0 l\u2019oc\u00e9an au camping de la Ferme Erromardie pour visiter dans les meilleures conditions <strong>le Pays Basque espagnol en camping-car<\/strong> ! Pour pr\u00e9parer votre visite, n\u2019h\u00e9sitez pas \u00e0 consulter notre <a href=\"https:\/\/www.camping-erromardie.com\/pays-basque-espagnol\/carte-pays-basque-espagnol\/\" data-type=\"post\" data-id=\"14725\">carte du Pays Basque espagnol<\/a>.<\/p>\n\n\n\n<p class=\"ls-paragraph\">Vous ne savez pas quelle ville espagnole choisir pour votre s\u00e9jour ? Pour vous d\u00e9cider, consulter les pages du <a href=\"https:\/\/www.camping-erromardie.com\/camping-bilbao\/\" data-type=\"page\" data-id=\"342\">camping Bilbao<\/a> et <a href=\"https:\/\/www.camping-erromardie.com\/camping-san-sebastian\/\" data-type=\"page\" data-id=\"378\">camping San Sebastian<\/a> !<\/p>\n\n\r\n    <\/div>\r\n<\/section><section id=\"ls-section-block_dfe0e1bf217536a8bfc70820d703ef26\" class=\"ls-section  page-cta\" >\r\n        <div class=\"container container--wide\">\r\n        \n\n<div id=\"ls-heading ls-titre-div-block_8704b25e035fdd1f2241a5438f53e8af\" class=\"ls-titre-div aligncenter h2-like has-text-color has-color-1-color\" >\n    Bezoek Spaans Baskenland<\/div>\n\n\n\n<div id=\"ls-maillage-block_d51622fb0d701be5677fd5ec2306f9a4\" class=\"ls-maillage cta-style-normal\" data-rows=\"4\">\n\n    <div class=\"wp-block-columns\"><div class=\"wp-block-column\">\n\n<a href=\"https:\/\/www.camping-erromardie.com\/nl\/spaans-baskenland\/\" target=\"\" rel=\"noopener\" class=\"ls-cta__link spaans-baskenland\" data-categ=\" spaans-baskenland\">\n\t<div class=\"ls-cta__image\"><img decoding=\"async\" src=\"https:\/\/www.camping-erromardie.com\/wp-content\/uploads\/2025\/04\/donostia-2.jpg\" alt=\"Spaans Baskenland\"><\/div>\n\t<div class=\"ls-cta__title\">\n\t\tSpaans Baskenland\t<\/div>\n\n\t<\/a><\/div><div class=\"wp-block-column\">\n\n<a href=\"https:\/\/www.camping-erromardie.com\/nl\/san-sebastian\/\" target=\"\" rel=\"noopener\" class=\"ls-cta__link san-sebastian\" data-categ=\" san-sebastian\">\n\t<div class=\"ls-cta__image\"><img decoding=\"async\" src=\"https:\/\/www.camping-erromardie.com\/wp-content\/uploads\/2025\/04\/Donostia.jpg\" alt=\"San Sebastian\"><\/div>\n\t<div class=\"ls-cta__title\">\n\t\tSan Sebastian\t<\/div>\n\n\t<\/a><\/div><div class=\"wp-block-column\">\n\n<a href=\"https:\/\/www.camping-erromardie.com\/nl\/atlantische-pyreneeen\/\" target=\"\" rel=\"noopener\" class=\"ls-cta__link atlantische-pyreneeen\" data-categ=\" atlantische-pyreneeen\">\n\t<div class=\"ls-cta__image\"><img decoding=\"async\" src=\"https:\/\/www.camping-erromardie.com\/wp-content\/uploads\/2025\/04\/Pyrenees-Atlantiques.jpg\" alt=\"De Atlantische Pyrenee\u00ebn\"><\/div>\n\t<div class=\"ls-cta__title\">\n\t\tDe Atlantische Pyrenee\u00ebn\t<\/div>\n\n\t<\/a><\/div><div class=\"wp-block-column\">\n\n<a href=\"https:\/\/www.camping-erromardie.com\/nl\/bilbao\/\" target=\"\" rel=\"noopener\" class=\"ls-cta__link bilbao\" data-categ=\" bilbao\">\n\t<div class=\"ls-cta__image\"><img decoding=\"async\" src=\"https:\/\/www.camping-erromardie.com\/wp-content\/uploads\/2025\/04\/Bilbao-3.jpg\" alt=\"Bilbao\"><\/div>\n\t<div class=\"ls-cta__title\">\n\t\tBilbao\t<\/div>\n\n\t<\/a><\/div><\/div>\n<\/div>\n\r\n    <\/div>\r\n<\/section>","protected":false},"excerpt":{"rendered":"","protected":false},"author":1,"featured_media":15626,"parent":0,"menu_order":52,"comment_status":"closed","ping_status":"closed","template":"","meta":{"_acf_changed":false,"_seopress_robots_primary_cat":"","_seopress_titles_title":"Camping Spaans Baskenland | Stacaravan verhuur Spaans Baskenland","_seopress_titles_desc":"Verblijf op Camping La Ferme Erromardie, gelegen aan zee vlak bij de Spaanse grens, en ontdek Spaans Baskenland. Geniet van comfortabele stacaravans, een verwarmd zwembad en een strand op een steenworp afstand. Verken de regio per camper en profiteer van aantrekkelijke tarieven voor een voordelig 4-sterrenverblijf.  ","_seopress_robots_index":"","footnotes":""},"sujet":[],"class_list":["post-18066","page","type-page","status-publish","has-post-thumbnail","hentry"],"acf":[],"_links":{"self":[{"href":"https:\/\/www.camping-erromardie.com\/nl\/wp-json\/wp\/v2\/pages\/18066","targetHints":{"allow":["GET"]}}],"collection":[{"href":"https:\/\/www.camping-erromardie.com\/nl\/wp-json\/wp\/v2\/pages"}],"about":[{"href":"https:\/\/www.camping-erromardie.com\/nl\/wp-json\/wp\/v2\/types\/page"}],"author":[{"embeddable":true,"href":"https:\/\/www.camping-erromardie.com\/nl\/wp-json\/wp\/v2\/users\/1"}],"replies":[{"embeddable":true,"href":"https:\/\/www.camping-erromardie.com\/nl\/wp-json\/wp\/v2\/comments?post=18066"}],"version-history":[{"count":14,"href":"https:\/\/www.camping-erromardie.com\/nl\/wp-json\/wp\/v2\/pages\/18066\/revisions"}],"predecessor-version":[{"id":19815,"href":"https:\/\/www.camping-erromardie.com\/nl\/wp-json\/wp\/v2\/pages\/18066\/revisions\/19815"}],"wp:featuredmedia":[{"embeddable":true,"href":"https:\/\/www.camping-erromardie.com\/nl\/wp-json\/wp\/v2\/media\/15626"}],"wp:attachment":[{"href":"https:\/\/www.camping-erromardie.com\/nl\/wp-json\/wp\/v2\/media?parent=18066"}],"wp:term":[{"taxonomy":"sujet","embeddable":true,"href":"https:\/\/www.camping-erromardie.com\/nl\/wp-json\/wp\/v2\/sujet?post=18066"}],"curies":[{"name":"wp","href":"https:\/\/api.w.org\/{rel}","templated":true}]}}