{"id":18047,"date":"2025-04-17T01:08:03","date_gmt":"2025-04-16T23:08:03","guid":{"rendered":"https:\/\/www.camping-erromardie.com\/camping-acsi\/"},"modified":"2025-06-12T13:53:46","modified_gmt":"2025-06-12T11:53:46","slug":"camping-acsi","status":"publish","type":"page","link":"https:\/\/www.camping-erromardie.com\/nl\/camping-acsi\/","title":{"rendered":"Kamperen Acsi"},"content":{"rendered":"<section id=\"ls-section-block_e41d710384392eb0f86c05fd28dc2cca\" class=\"ls-section  page-titre\" >\r\n        <div class=\"container container--wide\">\r\n        \n\n<h1 class=\"ls__heading wp-block-heading has-text-align-center has-color-4-color has-text-color has-link-color wp-elements-1a1bf12482d59004e660561783fe6128\">Kamperen ACSI<\/h1>\n\n\r\n    <\/div>\r\n<\/section><section id=\"ls-section-block_87a774ba20838d648a625825c6aaff5a\" class=\"ls-section  home-first page-one has-p-b p-b-14\" >\r\n        <div class=\"container container--wide\">\r\n        \n\n<div class=\"wp-block-columns is-layout-flex wp-container-core-columns-is-layout-9d6595d7 wp-block-columns-is-layout-flex\">\n<div class=\"wp-block-column is-layout-flow wp-block-column-is-layout-flow\" style=\"flex-basis:33.33%\">\n<div class=\"wp-block-columns is-layout-flex wp-container-core-columns-is-layout-9d6595d7 wp-block-columns-is-layout-flex\">\n<div class=\"wp-block-column column-border is-layout-flow wp-block-column-is-layout-flow\">\n<h2 class=\"ls__heading wp-block-heading has-color-1-color has-text-color has-link-color wp-elements-11c22a8a0be4007e3748e76e291eecd9\">Voordelig kamperen met je ACSI-kaart<\/h2>\n\n\n\n<p class=\"ls-paragraph\">La <strong>carte avantage ACSI<\/strong> vous permet de b\u00e9n\u00e9ficier de r\u00e9ductions sur vos s\u00e9jours en camping. Le <strong>tarif pr\u00e9f\u00e9rentiel ACSI<\/strong> ne s\u2019applique qu\u2019en basse saison. Son fonctionnement est simple, vous pourrez faire du <a href=\"https:\/\/www.camping-erromardie.com\/nl\/goedkope-camping-in-baskenland\/\" data-type=\"page\" data-id=\"310\">camping pas cher<\/a> sur simple pr\u00e9sentation de votre carte de r\u00e9duction. Quelques nuits suffisent en pour rentabiliser votre investissement dans cette carte.<\/p>\n\n\n\n<h2 class=\"ls__heading wp-block-heading has-color-1-color has-text-color has-link-color wp-elements-abc53474e730f7415c48eb25cd6010b4\">ACSI tarieven op camping Erromardie<\/h2>\n\n\n\n<p class=\"ls-paragraph\">Le camping pas cher au Pays Basque la Ferme d\u2019Erromardie, h\u00f4tel de plein air situ\u00e9 \u00e0 <strong>Saint Jean de Luz<\/strong> accepte la carte ACSI. Si vous poss\u00e9dez la <strong>carte ACSI<\/strong>, vous pourrez pleinement profiter des r\u00e9ductions sur votre s\u00e9jour en <a href=\"https:\/\/www.camping-erromardie.com\/nl\/\" data-type=\"page\" data-id=\"270\">camping sur la Cote Basque<\/a>. Le <strong>tarif ACSI<\/strong> est de 17\u20ac par nuit\u00e9e, hors taxe de s\u00e9jour, pour deux personnes en <a href=\"https:\/\/www.camping-erromardie.com\/nl\/staanplaatsen-verhuur-baskenland\/\" data-type=\"page\" data-id=\"302\">emplacement caravaning \u00e0 Saint Jean de Luz<\/a>. Vous aurez bien entendu acc\u00e8s \u00e0 tout le camping et aux services que nous proposons.<\/p>\n<\/div>\n<\/div>\n<\/div>\n\n\n\n<div class=\"wp-block-column is-layout-flow wp-block-column-is-layout-flow\" style=\"flex-basis:66.66%\">\n<figure class=\"wp-block-gallery has-nested-images columns-default is-cropped wp-block-gallery-1 is-layout-flex wp-block-gallery-is-layout-flex\">\n<figure class=\"wp-block-image size-full animated fadeIn delay-200ms\"><a href=\"https:\/\/www.camping-erromardie.com\/wp-content\/uploads\/2025\/04\/ecoles-de-surf-a-Saint-Jean-de-Luz.jpg\"><img loading=\"lazy\" decoding=\"async\" width=\"2000\" height=\"1333\" data-id=\"17194\" src=\"https:\/\/www.camping-erromardie.com\/wp-content\/uploads\/2025\/04\/ecoles-de-surf-a-Saint-Jean-de-Luz.jpg\" alt=\"surfscholen in Saint Jean de Luz\" class=\"wp-image-17194\" srcset=\"https:\/\/www.camping-erromardie.com\/wp-content\/uploads\/2025\/04\/ecoles-de-surf-a-Saint-Jean-de-Luz.jpg 2000w, https:\/\/www.camping-erromardie.com\/wp-content\/uploads\/2025\/04\/ecoles-de-surf-a-Saint-Jean-de-Luz-300x200.jpg 300w, https:\/\/www.camping-erromardie.com\/wp-content\/uploads\/2025\/04\/ecoles-de-surf-a-Saint-Jean-de-Luz-1024x682.jpg 1024w, https:\/\/www.camping-erromardie.com\/wp-content\/uploads\/2025\/04\/ecoles-de-surf-a-Saint-Jean-de-Luz-768x512.jpg 768w, https:\/\/www.camping-erromardie.com\/wp-content\/uploads\/2025\/04\/ecoles-de-surf-a-Saint-Jean-de-Luz-1536x1024.jpg 1536w\" sizes=\"auto, (max-width: 2000px) 100vw, 2000px\" \/><\/a><\/figure>\n\n\n\n<figure class=\"wp-block-image size-full animated fadeIn\"><a href=\"https:\/\/www.camping-erromardie.com\/wp-content\/uploads\/2025\/04\/Activites-et-animations-camping-la-ferme-erromardie.jpg\"><img loading=\"lazy\" decoding=\"async\" width=\"2000\" height=\"1333\" data-id=\"17252\" src=\"https:\/\/www.camping-erromardie.com\/wp-content\/uploads\/2025\/04\/Activites-et-animations-camping-la-ferme-erromardie.jpg\" alt=\"Activiteiten en entertainment camping la ferme erromardie\" class=\"wp-image-17252\" srcset=\"https:\/\/www.camping-erromardie.com\/wp-content\/uploads\/2025\/04\/Activites-et-animations-camping-la-ferme-erromardie.jpg 2000w, https:\/\/www.camping-erromardie.com\/wp-content\/uploads\/2025\/04\/Activites-et-animations-camping-la-ferme-erromardie-300x200.jpg 300w, https:\/\/www.camping-erromardie.com\/wp-content\/uploads\/2025\/04\/Activites-et-animations-camping-la-ferme-erromardie-1024x682.jpg 1024w, https:\/\/www.camping-erromardie.com\/wp-content\/uploads\/2025\/04\/Activites-et-animations-camping-la-ferme-erromardie-768x512.jpg 768w, https:\/\/www.camping-erromardie.com\/wp-content\/uploads\/2025\/04\/Activites-et-animations-camping-la-ferme-erromardie-1536x1024.jpg 1536w\" sizes=\"auto, (max-width: 2000px) 100vw, 2000px\" \/><\/a><\/figure>\n<\/figure>\n<\/div>\n<\/div>\n\n\r\n    <\/div>\r\n<\/section><section id=\"ls-section-block_304f41813999e802c5082f762fd06741\" class=\"ls-section  page-cta\" >\r\n        <div class=\"container container--wide\">\r\n        \n\n<div id=\"ls-heading ls-titre-div-block_a40916616f78182cc71bcb4a5251b772\" class=\"ls-titre-div aligncenter h2-like has-text-color has-color-1-color\" >\n    Goedkope vakanties in Baskenland<\/div>\n\n\n\n<div id=\"ls-maillage-block_70521747791d9e27de5b8bc2cefd6ed9\" class=\"ls-maillage cta-style-normal\" data-rows=\"3\">\n\n    <div class=\"wp-block-columns\"><div class=\"wp-block-column\">\n\n<a href=\"https:\/\/www.camping-erromardie.com\/nl\/camping-vacaf\/\" target=\"\" rel=\"noopener\" class=\"ls-cta__link\" data-categ=\"\">\n\t<div class=\"ls-cta__image\"><img decoding=\"async\" src=\"https:\/\/www.camping-erromardie.com\/wp-content\/uploads\/2025\/04\/Vacaf.jpg\" alt=\"\"><\/div>\n\t<div class=\"ls-cta__title\">\n\t\tCamping Vacaf Baskenland\t<\/div>\n\n\t<\/a><\/div><div class=\"wp-block-column\">\n\n<a href=\"https:\/\/www.camping-erromardie.com\/nl\/camping-qualite\/\" target=\"\" rel=\"noopener\" class=\"ls-cta__link\" data-categ=\"\">\n\t<div class=\"ls-cta__image\"><img decoding=\"async\" src=\"https:\/\/www.camping-erromardie.com\/wp-content\/uploads\/2025\/04\/Camping-qualite.jpg\" alt=\"\"><\/div>\n\t<div class=\"ls-cta__title\">\n\t\tCamping kwaliteit\t<\/div>\n\n\t<\/a><\/div><div class=\"wp-block-column\">\n\n<a href=\"https:\/\/www.camping-erromardie.com\/nl\/goedkope-camping-in-baskenland\/\" target=\"\" rel=\"noopener\" class=\"ls-cta__link\" data-categ=\"\">\n\t<div class=\"ls-cta__image\"><img decoding=\"async\" src=\"https:\/\/www.camping-erromardie.com\/wp-content\/uploads\/2025\/04\/camping-saint-jean-de-luz-la-ferme-erromardie-pays-basque.jpg\" alt=\"Tarieven\"><\/div>\n\t<div class=\"ls-cta__title\">\n\t\tTarieven\t<\/div>\n\n\t<\/a><\/div><\/div>\n<\/div>\n\r\n    <\/div>\r\n<\/section><section id=\"ls-section-block_044b06013b6b5c0df2a872a3e9a75815\" class=\"ls-section  home-first page-two has-background has-color-6-background-color\" >\r\n        <div class=\"container container--wide\">\r\n        \n\n<div class=\"wp-block-columns is-layout-flex wp-container-core-columns-is-layout-9d6595d7 wp-block-columns-is-layout-flex\">\n<div class=\"wp-block-column is-layout-flow wp-block-column-is-layout-flow\" style=\"flex-basis:66.66%\">\n<figure class=\"wp-block-gallery has-nested-images columns-default is-cropped wp-block-gallery-2 is-layout-flex wp-block-gallery-is-layout-flex\">\n<figure class=\"wp-block-image size-full animated fadeIn delay-200ms\"><a href=\"https:\/\/www.camping-erromardie.com\/wp-content\/uploads\/2025\/04\/Enfant-dans-le-parc-du-camping.jpg\"><img loading=\"lazy\" decoding=\"async\" width=\"2000\" height=\"1334\" data-id=\"17259\" src=\"https:\/\/www.camping-erromardie.com\/wp-content\/uploads\/2025\/04\/Enfant-dans-le-parc-du-camping.jpg\" alt=\"Kinderen in het campingpark\" class=\"wp-image-17259\" srcset=\"https:\/\/www.camping-erromardie.com\/wp-content\/uploads\/2025\/04\/Enfant-dans-le-parc-du-camping.jpg 2000w, https:\/\/www.camping-erromardie.com\/wp-content\/uploads\/2025\/04\/Enfant-dans-le-parc-du-camping-300x200.jpg 300w, https:\/\/www.camping-erromardie.com\/wp-content\/uploads\/2025\/04\/Enfant-dans-le-parc-du-camping-1024x683.jpg 1024w, https:\/\/www.camping-erromardie.com\/wp-content\/uploads\/2025\/04\/Enfant-dans-le-parc-du-camping-768x512.jpg 768w, https:\/\/www.camping-erromardie.com\/wp-content\/uploads\/2025\/04\/Enfant-dans-le-parc-du-camping-1536x1025.jpg 1536w\" sizes=\"auto, (max-width: 2000px) 100vw, 2000px\" \/><\/a><\/figure>\n\n\n\n<figure class=\"wp-block-image size-full animated fadeIn\"><a href=\"https:\/\/www.camping-erromardie.com\/wp-content\/uploads\/2025\/04\/Ferme-Erromardie-selection-GT-etalo41.jpg\"><img loading=\"lazy\" decoding=\"async\" width=\"1000\" height=\"668\" data-id=\"14562\" src=\"https:\/\/www.camping-erromardie.com\/wp-content\/uploads\/2025\/04\/Ferme-Erromardie-selection-GT-etalo41.jpg\" alt=\"Erromardie boerderij selectie GT etalo41\" class=\"wp-image-14562\" srcset=\"https:\/\/www.camping-erromardie.com\/wp-content\/uploads\/2025\/04\/Ferme-Erromardie-selection-GT-etalo41.jpg 1000w, https:\/\/www.camping-erromardie.com\/wp-content\/uploads\/2025\/04\/Ferme-Erromardie-selection-GT-etalo41-300x200.jpg 300w, https:\/\/www.camping-erromardie.com\/wp-content\/uploads\/2025\/04\/Ferme-Erromardie-selection-GT-etalo41-768x513.jpg 768w\" sizes=\"auto, (max-width: 1000px) 100vw, 1000px\" \/><\/a><\/figure>\n<\/figure>\n<\/div>\n\n\n\n<div class=\"wp-block-column is-layout-flow wp-block-column-is-layout-flow\" style=\"flex-basis:33.33%\">\n<div class=\"wp-block-columns is-layout-flex wp-container-core-columns-is-layout-9d6595d7 wp-block-columns-is-layout-flex\">\n<div class=\"wp-block-column column-border is-layout-flow wp-block-column-is-layout-flow\">\n<h2 class=\"ls__heading wp-block-heading has-color-1-color has-text-color has-link-color wp-elements-7e942cd5d12a07e1af04bc284d1824d3\">  Voorwaarden voor het gebruik van de ACSI-kaart<\/h2>\n\n\n\n<p class=\"ls-paragraph\">Voor het gebruik van de ACSI-kaart en de toepassing van ACSI-kortingen en -tarieven gelden bepaalde voorwaarden:<\/p>\n\n\n\n<ul class=\"ls-list ls-list-undefined wp-block-list\">\n<li>De ACSI-kaart moet geldig zijn; de camping accepteert in geen geval verlopen kaarten.<\/li>\n\n\n\n<li>De ACSI-kaart kan alleen buiten het seizoen worden gebruikt.<\/li>\n\n\n\n<li>Omdat de kaart persoonlijk is, mag de camping je om een identiteitsbewijs vragen.<\/li>\n<\/ul>\n\n\n\n<p class=\"ls-paragraph\">Ga voor meer informatie naar <a href=\"https:\/\/www.campingcard.fr\/\" target=\"_blank\" rel=\"noreferrer noopener\">www.campingcard.fr<\/a><\/p>\n<\/div>\n<\/div>\n<\/div>\n<\/div>\n\n\r\n    <\/div>\r\n<\/section><section id=\"ls-section-block_304f41813999e802c5082f762fd06741\" class=\"ls-section  page-cta\" >\r\n        <div class=\"container container--wide\">\r\n        \n\n<div id=\"ls-heading ls-titre-div-block_e654ac086da399c4546270738754bb3a\" class=\"ls-titre-div aligncenter h2-like has-text-color has-color-1-color\" >\n    4 redenen om te kiezen voor camping la Ferme Erromardie :<\/div>\n\n\n\n<div id=\"ls-maillage-block_8f628a2225a5011055703090471e5c5a\" class=\"ls-maillage cta-style-normal\" data-rows=\"4\">\n\n    <div class=\"wp-block-columns\"><div class=\"wp-block-column\">\n\n<a href=\"https:\/\/www.camping-erromardie.com\/nl\/camping-baskenland-aan-zee\/\" target=\"\" rel=\"noopener\" class=\"ls-cta__link\" data-categ=\"\">\n\t<div class=\"ls-cta__image\"><img decoding=\"async\" src=\"https:\/\/www.camping-erromardie.com\/wp-content\/uploads\/2025\/04\/Erromardie-88.jpg\" alt=\"\"><\/div>\n\t<div class=\"ls-cta__title\">\n\t\tSeaside\t<\/div>\n\n\t<\/a><\/div><div class=\"wp-block-column\">\n\n<a href=\"https:\/\/www.camping-erromardie.com\/nl\/camping-baskenland-met-zwembad\/\" target=\"\" rel=\"noopener\" class=\"ls-cta__link\" data-categ=\"\">\n\t<div class=\"ls-cta__image\"><img decoding=\"async\" src=\"https:\/\/www.camping-erromardie.com\/wp-content\/uploads\/2025\/04\/camping-avec-piscine-au-pays-basque.jpg\" alt=\"\"><\/div>\n\t<div class=\"ls-cta__title\">\n\t\tZwembad\t<\/div>\n\n\t<\/a><\/div><div class=\"wp-block-column\">\n\n<a href=\"https:\/\/www.camping-erromardie.com\/nl\/4-sterren-camping-baskenland\/\" target=\"\" rel=\"noopener\" class=\"ls-cta__link\" data-categ=\"\">\n\t<div class=\"ls-cta__image\"><img decoding=\"async\" src=\"https:\/\/www.camping-erromardie.com\/wp-content\/uploads\/2025\/04\/Camping-Erromardie-46.jpg\" alt=\"\"><\/div>\n\t<div class=\"ls-cta__title\">\n\t\tDiensten\t<\/div>\n\n\t<\/a><\/div><div class=\"wp-block-column\">\n\n<a href=\"https:\/\/www.camping-erromardie.com\/nl\/vrijetijdsactiviteiten-camping-pays-baskisch\/\" target=\"\" rel=\"noopener\" class=\"ls-cta__link\" data-categ=\"\">\n\t<div class=\"ls-cta__image\"><img decoding=\"async\" src=\"https:\/\/www.camping-erromardie.com\/wp-content\/uploads\/2025\/04\/Camping-Erromardie-61_1.jpg\" alt=\"\"><\/div>\n\t<div class=\"ls-cta__title\">\n\t\tAmusement\t<\/div>\n\n\t<\/a><\/div><\/div>\n<\/div>\n\r\n    <\/div>\r\n<\/section>","protected":false},"excerpt":{"rendered":"","protected":false},"author":1,"featured_media":17092,"parent":0,"menu_order":37,"comment_status":"closed","ping_status":"closed","template":"","meta":{"_acf_changed":false,"_seopress_robots_primary_cat":"","_seopress_titles_title":"Camping Acsi Pays Basque | ACSI Card | Kortingen camping c\u00f4te basque","_seopress_titles_desc":"Verblijf voordelig dankzij je kortingskaart op de camping Acsi approved La Ferme d'Erromardie en profiteer van alle leuke aanbiedingen ...","_seopress_robots_index":"","footnotes":""},"sujet":[],"class_list":["post-18047","page","type-page","status-publish","has-post-thumbnail","hentry"],"acf":[],"_links":{"self":[{"href":"https:\/\/www.camping-erromardie.com\/nl\/wp-json\/wp\/v2\/pages\/18047","targetHints":{"allow":["GET"]}}],"collection":[{"href":"https:\/\/www.camping-erromardie.com\/nl\/wp-json\/wp\/v2\/pages"}],"about":[{"href":"https:\/\/www.camping-erromardie.com\/nl\/wp-json\/wp\/v2\/types\/page"}],"author":[{"embeddable":true,"href":"https:\/\/www.camping-erromardie.com\/nl\/wp-json\/wp\/v2\/users\/1"}],"replies":[{"embeddable":true,"href":"https:\/\/www.camping-erromardie.com\/nl\/wp-json\/wp\/v2\/comments?post=18047"}],"version-history":[{"count":10,"href":"https:\/\/www.camping-erromardie.com\/nl\/wp-json\/wp\/v2\/pages\/18047\/revisions"}],"predecessor-version":[{"id":19947,"href":"https:\/\/www.camping-erromardie.com\/nl\/wp-json\/wp\/v2\/pages\/18047\/revisions\/19947"}],"wp:featuredmedia":[{"embeddable":true,"href":"https:\/\/www.camping-erromardie.com\/nl\/wp-json\/wp\/v2\/media\/17092"}],"wp:attachment":[{"href":"https:\/\/www.camping-erromardie.com\/nl\/wp-json\/wp\/v2\/media?parent=18047"}],"wp:term":[{"taxonomy":"sujet","embeddable":true,"href":"https:\/\/www.camping-erromardie.com\/nl\/wp-json\/wp\/v2\/sujet?post=18047"}],"curies":[{"name":"wp","href":"https:\/\/api.w.org\/{rel}","templated":true}]}}