{"id":18035,"date":"2025-04-17T01:23:09","date_gmt":"2025-04-16T23:23:09","guid":{"rendered":"https:\/\/www.camping-erromardie.com\/camping-vacaf-pays-basque\/"},"modified":"2025-06-03T11:52:37","modified_gmt":"2025-06-03T09:52:37","slug":"camping-vacaf","status":"publish","type":"page","link":"https:\/\/www.camping-erromardie.com\/nl\/camping-vacaf\/","title":{"rendered":"Camping Vacaf Baskenland"},"content":{"rendered":"<section id=\"ls-section-block_2ebe4b6a1448967c0dec78aad5ae8226\" class=\"ls-section  page-titre\" >\r\n        <div class=\"container container--wide\">\r\n        \n\n<h1 class=\"ls__heading wp-block-heading has-text-align-center has-color-4-color has-text-color has-link-color wp-elements-abf561eba52820b03a6e4b2d8ee05d27\">Camping Vacaf Baskenland<\/h1>\n\n\n\n<p class=\"ls-paragraph has-text-align-center\">In Baskenland is het caravanpark <a href=\"https:\/\/www.camping-erromardie.com\/nl\/\" data-type=\"page\" data-id=\"270\">Ferme Erromardie<\/a> een <strong>Vacaf-erkende camping<\/strong>, wat betekent dat het <strong>caf\u00e9vouchers<\/strong> accepteert voor <strong>goedkope kampeervakanties in Baskenland<\/strong>. De 4-sterren camping Ferme Erromardie ligt tegenover het strand van Erromardie in de gelijknamige wijk, op loopafstand van het centrum van Saint Jean de Luz. Het opent zijn deuren voor je van maart tot september in een groene omgeving. Deze <a href=\"https:\/\/www.camping-erromardie.com\/nl\/goedkope-camping-in-baskenland\/\" data-type=\"page\" data-id=\"310\">voordelige camping<\/a> strekt zich 300 meter uit langs het strand van Erromardie. Het is een familiecamping, ideaal om de Atlantische Pyrenee\u00ebn te verkennen. Met uitzicht op de Atlantische Oceaan is de camping Ferme Erromardie ook een ideaal uitgangspunt om de Baskische kust en zelfs het achterland van Baskenland te ontdekken.     <\/p>\n\n\r\n    <\/div>\r\n<\/section><section id=\"ls-section-block_56df75d8d0d0e4bb510f7d753e369b97\" class=\"ls-section  home-first page-one has-p-b p-b-14\" >\r\n        <div class=\"container container--wide\">\r\n        \n\n<div class=\"wp-block-columns is-layout-flex wp-container-core-columns-is-layout-9d6595d7 wp-block-columns-is-layout-flex\">\n<div class=\"wp-block-column is-layout-flow wp-block-column-is-layout-flow\" style=\"flex-basis:33.33%\">\n<div class=\"wp-block-columns is-layout-flex wp-container-core-columns-is-layout-9d6595d7 wp-block-columns-is-layout-flex\">\n<div class=\"wp-block-column column-border is-layout-flow wp-block-column-is-layout-flow\">\n<h2 class=\"ls__heading wp-block-heading has-color-1-color has-text-color has-link-color wp-elements-6caad7ae4c8de9fb932c8ca7e06acdb3\">Een camping met sociale partners in Baskenland<\/h2>\n\n\n\n<p class=\"ls-paragraph\">De 4-sterrencamping La Ferme Erromardie is een <strong>door de VACAF erkende camping in Baskenland<\/strong>. De VACAF-certificering betekent dat <strong>begunstigden van het kinderbijslagfonds<\/strong> kunnen worden ondergebracht in een toeristische accommodatie. De betrokken gezinnen kunnen individueel verblijven of in een groep die wordt georganiseerd door een projectleider zoals het <strong>CAF<\/strong>, een vereniging, de CCAS, enz. Omdat vakantie <strong>voor iedereen toegankelijk<\/strong> moet zijn, stellen VACAF-goedgekeurde campings mensen met <strong>een laag inkomen<\/strong> in staat om op vakantie te gaan. Een vakantie op een door de VACAF erkende gezinscamping is een gelegenheid om gezellige momenten te delen, prachtige landschappen te bewonderen, dichter bij de natuur te komen en vooral nieuwe streken te ontdekken en nieuwe mensen te ontmoeten.    <\/p>\n\n\n\n<h2 class=\"ls__heading wp-block-heading has-color-1-color has-text-color has-link-color wp-elements-004898c896ebe4d109b6ae1d36686f2f\">Voordelig een stacaravan huren in Baskenland<\/h2>\n\n\n\n<p class=\"ls-paragraph\">Het Vacaf-goedgekeurde caravanpark Ferme Erromardie in Saint Jean de Luz, in Frans Baskenland, biedt een gevarieerd aanbod van 47 stacaravans te huur voor twee tot zes personen. Alle stacaravans in Baskenland zijn recent. Ze hebben \u00e9\u00e9n tot drie slaapkamers, een badkamer met douche, wastafel en apart toilet, een keukenhoek en een zithoek. Sommige modellen hebben ook een eethoek en terras. Alle huuraccommodaties zijn ook uitgerust met tv. Kussens, dekens en dekbedden zijn aanwezig.     <\/p>\n<\/div>\n<\/div>\n<\/div>\n\n\n\n<div class=\"wp-block-column is-layout-flow wp-block-column-is-layout-flow\" style=\"flex-basis:66.66%\">\n<figure class=\"wp-block-gallery has-nested-images columns-default is-cropped wp-block-gallery-1 is-layout-flex wp-block-gallery-is-layout-flex\">\n<figure class=\"wp-block-image size-full animated fadeIn delay-200ms\"><a href=\"https:\/\/www.camping-erromardie.com\/wp-content\/uploads\/2025\/04\/DSC_7071.jpg\"><img loading=\"lazy\" decoding=\"async\" width=\"1000\" height=\"668\" data-id=\"15736\" src=\"https:\/\/www.camping-erromardie.com\/wp-content\/uploads\/2025\/04\/DSC_7071.jpg\" alt=\"DSC 7071\" class=\"wp-image-15736\" srcset=\"https:\/\/www.camping-erromardie.com\/wp-content\/uploads\/2025\/04\/DSC_7071.jpg 1000w, https:\/\/www.camping-erromardie.com\/wp-content\/uploads\/2025\/04\/DSC_7071-300x200.jpg 300w, https:\/\/www.camping-erromardie.com\/wp-content\/uploads\/2025\/04\/DSC_7071-768x513.jpg 768w\" sizes=\"auto, (max-width: 1000px) 100vw, 1000px\" \/><\/a><\/figure>\n\n\n\n<figure class=\"wp-block-image size-full animated fadeIn\"><a href=\"https:\/\/www.camping-erromardie.com\/wp-content\/uploads\/2025\/04\/chambre-enfant-mobil-home-2.jpg\"><img loading=\"lazy\" decoding=\"async\" width=\"1335\" height=\"2000\" data-id=\"15401\" src=\"https:\/\/www.camping-erromardie.com\/wp-content\/uploads\/2025\/04\/chambre-enfant-mobil-home-2.jpg\" alt=\"stacaravan met kinderslaapkamer\" class=\"wp-image-15401\" srcset=\"https:\/\/www.camping-erromardie.com\/wp-content\/uploads\/2025\/04\/chambre-enfant-mobil-home-2.jpg 1335w, https:\/\/www.camping-erromardie.com\/wp-content\/uploads\/2025\/04\/chambre-enfant-mobil-home-2-200x300.jpg 200w, https:\/\/www.camping-erromardie.com\/wp-content\/uploads\/2025\/04\/chambre-enfant-mobil-home-2-684x1024.jpg 684w, https:\/\/www.camping-erromardie.com\/wp-content\/uploads\/2025\/04\/chambre-enfant-mobil-home-2-768x1151.jpg 768w, https:\/\/www.camping-erromardie.com\/wp-content\/uploads\/2025\/04\/chambre-enfant-mobil-home-2-1025x1536.jpg 1025w\" sizes=\"auto, (max-width: 1335px) 100vw, 1335px\" \/><\/a><\/figure>\n<\/figure>\n<\/div>\n<\/div>\n\n\r\n    <\/div>\r\n<\/section><section id=\"ls-section-block_6156f30fe23577968a43bc9bb99c0b2f\" class=\"ls-section  page-cta has-p-t p-t-14\" >\r\n        <div class=\"container container--wide\">\r\n        \n\n<div id=\"ls-heading ls-titre-div-block_40ee21c167c428cf745eb7cc7892797f\" class=\"ls-titre-div aligncenter h2-like has-text-color has-color-1-color\" >\n    Goedkope vakanties in Baskenland<\/div>\n\n\n\n<div id=\"ls-maillage-block_a7da73d47e0f1fa7d01e06eeecce567f\" class=\"ls-maillage cta-style-normal\" data-rows=\"3\">\n\n    <div class=\"wp-block-columns\"><div class=\"wp-block-column\">\n\n<a href=\"https:\/\/www.camping-erromardie.com\/nl\/camping-qualite\/\" target=\"\" rel=\"noopener\" class=\"ls-cta__link\" data-categ=\"\">\n\t<div class=\"ls-cta__image\"><img decoding=\"async\" src=\"https:\/\/www.camping-erromardie.com\/wp-content\/uploads\/2025\/04\/Camping-qualite.jpg\" alt=\"\"><\/div>\n\t<div class=\"ls-cta__title\">\n\t\tCamping kwaliteit\t<\/div>\n\n\t<\/a><\/div><div class=\"wp-block-column\">\n\n<a href=\"https:\/\/www.camping-erromardie.com\/nl\/camping-acsi\/\" target=\"\" rel=\"noopener\" class=\"ls-cta__link\" data-categ=\"\">\n\t<div class=\"ls-cta__image\"><img decoding=\"async\" src=\"https:\/\/www.camping-erromardie.com\/wp-content\/uploads\/2025\/04\/Acsi.jpg\" alt=\"\"><\/div>\n\t<div class=\"ls-cta__title\">\n\t\tKamperen Acsi\t<\/div>\n\n\t<\/a><\/div><div class=\"wp-block-column\">\n\n<a href=\"https:\/\/www.camping-erromardie.com\/nl\/goedkope-camping-in-baskenland\/\" target=\"\" rel=\"noopener\" class=\"ls-cta__link\" data-categ=\"\">\n\t<div class=\"ls-cta__image\"><img decoding=\"async\" src=\"https:\/\/www.camping-erromardie.com\/wp-content\/uploads\/2025\/04\/camping-saint-jean-de-luz-la-ferme-erromardie-pays-basque.jpg\" alt=\"Tarieven\"><\/div>\n\t<div class=\"ls-cta__title\">\n\t\tTarieven\t<\/div>\n\n\t<\/a><\/div><\/div>\n<\/div>\n\r\n    <\/div>\r\n<\/section><section id=\"ls-section-block_a4421f9d74d3b53eb561badcc7882073\" class=\"ls-section  home-first page-two has-background has-color-6-background-color\" >\r\n        <div class=\"container container--wide\">\r\n        \n\n<div class=\"wp-block-columns is-layout-flex wp-container-core-columns-is-layout-9d6595d7 wp-block-columns-is-layout-flex\">\n<div class=\"wp-block-column is-layout-flow wp-block-column-is-layout-flow\" style=\"flex-basis:66.66%\">\n<figure class=\"wp-block-gallery has-nested-images columns-default is-cropped wp-block-gallery-2 is-layout-flex wp-block-gallery-is-layout-flex\">\n<figure class=\"wp-block-image size-full animated fadeIn\"><a href=\"https:\/\/www.camping-erromardie.com\/wp-content\/uploads\/2025\/04\/Camping-Erromardie-44_1.jpg\"><img loading=\"lazy\" decoding=\"async\" width=\"1013\" height=\"1350\" data-id=\"12208\" src=\"https:\/\/www.camping-erromardie.com\/wp-content\/uploads\/2025\/04\/Camping-Erromardie-44_1.jpg\" alt=\"Camping Erromardie 44 1\" class=\"wp-image-12208\" srcset=\"https:\/\/www.camping-erromardie.com\/wp-content\/uploads\/2025\/04\/Camping-Erromardie-44_1.jpg 1013w, https:\/\/www.camping-erromardie.com\/wp-content\/uploads\/2025\/04\/Camping-Erromardie-44_1-225x300.jpg 225w, https:\/\/www.camping-erromardie.com\/wp-content\/uploads\/2025\/04\/Camping-Erromardie-44_1-768x1023.jpg 768w\" sizes=\"auto, (max-width: 1013px) 100vw, 1013px\" \/><\/a><\/figure>\n\n\n\n<figure class=\"wp-block-image size-full animated fadeIn\"><a href=\"https:\/\/www.camping-erromardie.com\/wp-content\/uploads\/2025\/04\/Erromardie-92-1.jpg\"><img loading=\"lazy\" decoding=\"async\" width=\"2026\" height=\"1350\" data-id=\"12185\" src=\"https:\/\/www.camping-erromardie.com\/wp-content\/uploads\/2025\/04\/Erromardie-92-1.jpg\" alt=\"Erromardie (92)\" class=\"wp-image-12185\" srcset=\"https:\/\/www.camping-erromardie.com\/wp-content\/uploads\/2025\/04\/Erromardie-92-1.jpg 2026w, https:\/\/www.camping-erromardie.com\/wp-content\/uploads\/2025\/04\/Erromardie-92-1-300x200.jpg 300w, https:\/\/www.camping-erromardie.com\/wp-content\/uploads\/2025\/04\/Erromardie-92-1-1024x682.jpg 1024w, https:\/\/www.camping-erromardie.com\/wp-content\/uploads\/2025\/04\/Erromardie-92-1-768x512.jpg 768w, https:\/\/www.camping-erromardie.com\/wp-content\/uploads\/2025\/04\/Erromardie-92-1-1536x1023.jpg 1536w\" sizes=\"auto, (max-width: 2026px) 100vw, 2026px\" \/><\/a><\/figure>\n<\/figure>\n<\/div>\n\n\n\n<div class=\"wp-block-column is-layout-flow wp-block-column-is-layout-flow\" style=\"flex-basis:33.33%\">\n<div class=\"wp-block-columns is-layout-flex wp-container-core-columns-is-layout-9d6595d7 wp-block-columns-is-layout-flex\">\n<div class=\"wp-block-column column-border is-layout-flow wp-block-column-is-layout-flow\">\n<h2 class=\"ls__heading wp-block-heading has-color-1-color has-text-color has-link-color wp-elements-a8b30d92f379041b8e01e19a6764b3ab\">Bezoek Baskenland met VACAF vouchers<\/h2>\n\n\n\n<p class=\"ls-paragraph\"><strong>Vacaf vouchers<\/strong> stellen financieel kwetsbare mensen in staat om op vakantie te gaan. Dankzij Vacaf vouchers kunnen ze Baskenland, een land van traditie, cultuur en gezelligheid, bezoeken en ontdekken door te verblijven op een Vacaf Sud camping. Het is een uithoek van Frankrijk waar je je een buitenlander voelt. Baskenland maakt deel uit van het departement Pyr\u00e9n\u00e9es Atlantiques, waartoe ook B\u00e9arn behoort. Het ligt in het uiterste zuidwesten van Frankrijk en strekt zich uit ten zuiden van de rivier de Adour tussen de Atlantische kust, de Pyrenee\u00ebn en B\u00e9arn. Dankzij zijn geschiedenis, erfgoed en cultuur heeft Baskenland een sterke identiteit. Een reis naar Baskenland betekent een reis naar het hart van de Baskische cultuur, met zijn liederen, taal, dansen en gastronomie. Aan de kust van Baskenland heten bekende badplaatsen als Saint Jean de Luz en Biarritz je welkom. In het binnenland vind je enkele van de mooiste dorpen van Frankrijk, zoals A\u00efnhoa, Espelette en Sare. Als je Baskenland bezoekt, ontdek je de culinaire specialiteiten van de regio. De Baskische gastronomie staat bekend om haar kwaliteit en verfijning. Probeer de heerlijke ttoro, een traditionele Baskische vissoep, of axoa, een andere specialiteit van het binnenland, een stoofpot van kalfsvlees gekruid met Espelette chilipeper, en niet te vergeten de Baskische taart, bitterkoekjes en sagarno appelwijn.           <\/p>\n\n\n\n<h2 class=\"ls__heading wp-block-heading has-color-1-color has-text-color has-link-color wp-elements-93a37bf40852d849ca1340f500205ca1\">Boek je vakantie in Baskenland met VACAF<\/h2>\n\n\n\n<p class=\"ls-paragraph\">Wil je op kampeervakantie met vacaf in Baskenland en ben je CAF-begunstigde voor je vakantie? Boek je vakantie in Baskenland door een aanbetaling van 30% van de totale kosten van de vakantie te doen met een creditcard en ook het vakje voor het betalen van de VACAF-subsidie aan te vinken. Hiermee kun je je verblijf blokkeren. Zodra je aanvraag door VACAF is geaccepteerd, wordt de Vacaf subsidie toegepast op je boeking.   <\/p>\n<\/div>\n<\/div>\n<\/div>\n<\/div>\n\n\r\n    <\/div>\r\n<\/section><section id=\"ls-section-block_39fd5195b4824ce8e66b82a3d4cdfe4a\" class=\"ls-section  page-cta\" >\r\n        <div class=\"container container--wide\">\r\n        \n\n<div id=\"ls-heading ls-titre-div-block_e4c6a4fd68b55644266943ef1d126b96\" class=\"ls-titre-div aligncenter h2-like has-text-color has-color-1-color\" >\n    4 redenen om te kiezen voor camping la Ferme Erromardie :<\/div>\n\n\n\n<div id=\"ls-maillage-block_af8f1901b2040e47e0d99257be9b0619\" class=\"ls-maillage cta-style-normal\" data-rows=\"4\">\n\n    <div class=\"wp-block-columns\"><div class=\"wp-block-column\">\n\n<a href=\"https:\/\/www.camping-erromardie.com\/nl\/camping-baskenland-aan-zee\/\" target=\"\" rel=\"noopener\" class=\"ls-cta__link\" data-categ=\"\">\n\t<div class=\"ls-cta__image\"><img decoding=\"async\" src=\"https:\/\/www.camping-erromardie.com\/wp-content\/uploads\/2025\/04\/Erromardie-88.jpg\" alt=\"\"><\/div>\n\t<div class=\"ls-cta__title\">\n\t\tSeaside\t<\/div>\n\n\t<\/a><\/div><div class=\"wp-block-column\">\n\n<a href=\"https:\/\/www.camping-erromardie.com\/nl\/camping-baskenland-met-zwembad\/\" target=\"\" rel=\"noopener\" class=\"ls-cta__link\" data-categ=\"\">\n\t<div class=\"ls-cta__image\"><img decoding=\"async\" src=\"https:\/\/www.camping-erromardie.com\/wp-content\/uploads\/2025\/04\/camping-avec-piscine-au-pays-basque.jpg\" alt=\"\"><\/div>\n\t<div class=\"ls-cta__title\">\n\t\tZwembad\t<\/div>\n\n\t<\/a><\/div><div class=\"wp-block-column\">\n\n<a href=\"https:\/\/www.camping-erromardie.com\/nl\/4-sterren-camping-baskenland\/\" target=\"\" rel=\"noopener\" class=\"ls-cta__link\" data-categ=\"\">\n\t<div class=\"ls-cta__image\"><img decoding=\"async\" src=\"https:\/\/www.camping-erromardie.com\/wp-content\/uploads\/2025\/04\/Camping-Erromardie-46.jpg\" alt=\"\"><\/div>\n\t<div class=\"ls-cta__title\">\n\t\tDiensten\t<\/div>\n\n\t<\/a><\/div><div class=\"wp-block-column\">\n\n<a href=\"https:\/\/www.camping-erromardie.com\/nl\/vrijetijdsactiviteiten-camping-pays-baskisch\/\" target=\"\" rel=\"noopener\" class=\"ls-cta__link\" data-categ=\"\">\n\t<div class=\"ls-cta__image\"><img decoding=\"async\" src=\"https:\/\/www.camping-erromardie.com\/wp-content\/uploads\/2025\/04\/Camping-Erromardie-61_1.jpg\" alt=\"\"><\/div>\n\t<div class=\"ls-cta__title\">\n\t\tAmusement\t<\/div>\n\n\t<\/a><\/div><\/div>\n<\/div>\n\r\n    <\/div>\r\n<\/section>","protected":false},"excerpt":{"rendered":"","protected":false},"author":1,"featured_media":17266,"parent":0,"menu_order":32,"comment_status":"closed","ping_status":"closed","template":"","meta":{"_acf_changed":false,"_seopress_robots_primary_cat":"","_seopress_titles_title":"Camping Vacaf Pays Basque | Bons caf\u00e9s | Vakanties in de Baskische Zee","_seopress_titles_desc":"Voor een goedkopere vakantie aan de Baskische kust heeft camping La Ferme d'Erromardie het VACAF-label.","_seopress_robots_index":"","footnotes":""},"sujet":[],"class_list":["post-18035","page","type-page","status-publish","has-post-thumbnail","hentry"],"acf":[],"_links":{"self":[{"href":"https:\/\/www.camping-erromardie.com\/nl\/wp-json\/wp\/v2\/pages\/18035","targetHints":{"allow":["GET"]}}],"collection":[{"href":"https:\/\/www.camping-erromardie.com\/nl\/wp-json\/wp\/v2\/pages"}],"about":[{"href":"https:\/\/www.camping-erromardie.com\/nl\/wp-json\/wp\/v2\/types\/page"}],"author":[{"embeddable":true,"href":"https:\/\/www.camping-erromardie.com\/nl\/wp-json\/wp\/v2\/users\/1"}],"replies":[{"embeddable":true,"href":"https:\/\/www.camping-erromardie.com\/nl\/wp-json\/wp\/v2\/comments?post=18035"}],"version-history":[{"count":4,"href":"https:\/\/www.camping-erromardie.com\/nl\/wp-json\/wp\/v2\/pages\/18035\/revisions"}],"predecessor-version":[{"id":19289,"href":"https:\/\/www.camping-erromardie.com\/nl\/wp-json\/wp\/v2\/pages\/18035\/revisions\/19289"}],"wp:featuredmedia":[{"embeddable":true,"href":"https:\/\/www.camping-erromardie.com\/nl\/wp-json\/wp\/v2\/media\/17266"}],"wp:attachment":[{"href":"https:\/\/www.camping-erromardie.com\/nl\/wp-json\/wp\/v2\/media?parent=18035"}],"wp:term":[{"taxonomy":"sujet","embeddable":true,"href":"https:\/\/www.camping-erromardie.com\/nl\/wp-json\/wp\/v2\/sujet?post=18035"}],"curies":[{"name":"wp","href":"https:\/\/api.w.org\/{rel}","templated":true}]}}