{"id":18031,"date":"2025-04-22T09:50:12","date_gmt":"2025-04-22T07:50:12","guid":{"rendered":"https:\/\/www.camping-erromardie.com\/mobil-home\/"},"modified":"2025-06-12T11:02:49","modified_gmt":"2025-06-12T09:02:49","slug":"stacaravans","status":"publish","type":"page","link":"https:\/\/www.camping-erromardie.com\/nl\/camping-bidart\/stacaravans\/","title":{"rendered":"Verhuur van stacaravans dichtbij Bidart"},"content":{"rendered":"<section id=\"ls-section-block_8f3c9144ed7fc1d51d221af24d8d9a43\" class=\"ls-section  page-titre\" >\r\n        <div class=\"container container--wide\">\r\n        \n\n<h1 class=\"ls__heading wp-block-heading has-text-align-center has-color-4-color has-text-color has-link-color wp-elements-5defafe29e3b18668a33d92b22965a21\">Verhuur van stacaravans dichtbij Bidart<\/h1>\n\n\n\n<p class=\"ls-paragraph has-text-align-center\">D\u00e9couvrez le confort de nos\u00a0<strong>locations de mobil homes pr\u00e8s de Bidart\u00a0<\/strong>\u00e0 deux pas de l\u2019Oc\u00e9an Atlantique, au c\u0153ur du Pays Basque. Notre\u00a0<strong>domaine de 2,5 hectares pr\u00e8s de Biarritz<\/strong>\u00a0propose une vari\u00e9t\u00e9 d\u2019options d\u2019h\u00e9bergement adapt\u00e9es \u00e0 vos besoins pour vos vacances en famille ou entre amis. Dans notre\u00a0<a href=\"https:\/\/www.camping-erromardie.com\/\" data-type=\"page\" data-id=\"270\">camping 4 \u00e9toiles au Pays Basque<\/a>, nous mettons \u00e0 votre disposition des\u00a0<strong>mobil-homes<\/strong>\u00a0con\u00e7us pour 2 personnes jusqu\u2019aux options plus spacieuses pouvant accueillir jusqu\u2019\u00e0 6 personnes, id\u00e9ales pour les familles nombreuses.<\/p>\n\n\n\n<p class=\"ls-paragraph has-text-align-center\">Chaque\u00a0<strong>location de mobil home\u00a0<\/strong>dans notre\u00a0<a href=\"https:\/\/www.camping-erromardie.com\/camping-bidart\/\" data-type=\"page\" data-id=\"338\">camping pr\u00e8s de Bidart<\/a>\u00a0est \u00e9quip\u00e9 d\u2019une t\u00e9l\u00e9vision, d\u2019oreillers, de couvertures et de couettes pour assurer votre confort pendant votre s\u00e9jour, que vous restiez quelques nuits ou plus longtemps. N\u2019oubliez pas d\u2019apporter vos draps de lit et affaires personnelles pour compl\u00e9ter votre\u00a0<strong>location de mobil home<\/strong>\u00a0dans les Pyr\u00e9n\u00e9es Atlantiques.<\/p>\n\n\r\n    <\/div>\r\n<\/section><section id=\"ls-section-block_8af9e9cea3337a2512628095914d2dad\" class=\"ls-section  home-first page-one has-p-b p-b-14\" >\r\n        <div class=\"container container--wide\">\r\n        \n\n<div class=\"wp-block-columns is-layout-flex wp-container-core-columns-is-layout-9d6595d7 wp-block-columns-is-layout-flex\">\n<div class=\"wp-block-column is-layout-flow wp-block-column-is-layout-flow\" style=\"flex-basis:33.33%\">\n<div class=\"wp-block-columns is-layout-flex wp-container-core-columns-is-layout-9d6595d7 wp-block-columns-is-layout-flex\">\n<div class=\"wp-block-column column-border is-layout-flow wp-block-column-is-layout-flow\">\n<h2 class=\"ls__heading wp-block-heading has-color-1-color has-text-color has-link-color wp-elements-eb762617693d48d8bf38852131155c4c\">Betaalbare stacaravan verhuur in de buurt van Bidart<\/h2>\n\n\n\n<p class=\"ls-paragraph\">Op onze camping in de buurt van Bidart streven we ernaar<strong> stacaravans te verhuren<\/strong> voor elk budget. Vakantiegangers kunnen kiezen uit een reeks <strong>voordelige huuraccommodaties<\/strong> in Baskenland. <\/p>\n\n\n\n<p class=\"ls-paragraph\">Un\u00a0<strong>mobil home accessible aux personnes \u00e0 mobilit\u00e9 r\u00e9duite\u00a0<\/strong>est disponible d\u00e8s 294\u20ac pour une semaine de vacances dans les Pyr\u00e9n\u00e9es Atlantiques. Pour les familles avec enfants qui recherchent plus d\u2019espace, un\u00a0<strong>grand mobil home de trois chambres\u00a0<\/strong>accueillant jusqu\u2019\u00e0 six personnes est propos\u00e9 \u00e0 384\u20ac pour sept jours. Ces tarifs avantageux de notre\u00a0<a href=\"https:\/\/www.camping-erromardie.com\/camping-bidart\/tarifs\/\" data-type=\"page\" data-id=\"16215\">camping pas cher pr\u00e8s de Bidart<\/a>, permettent de profiter pleinement de vos\u00a0<strong>vacances en famille en camping dans le Pays Basque\u00a0<\/strong>sans compromettre votre porte-monnaie !<\/p>\n<\/div>\n<\/div>\n<\/div>\n\n\n\n<div class=\"wp-block-column is-layout-flow wp-block-column-is-layout-flow\" style=\"flex-basis:66.66%\">\n<figure class=\"wp-block-gallery has-nested-images columns-default is-cropped wp-block-gallery-1 is-layout-flex wp-block-gallery-is-layout-flex\">\n<figure class=\"wp-block-image size-full animated fadeIn delay-200ms\"><a href=\"https:\/\/www.camping-erromardie.com\/wp-content\/uploads\/2025\/04\/Location-Mobil-home-camping-pays-basque-6.jpg\"><img loading=\"lazy\" decoding=\"async\" width=\"2000\" height=\"1400\" data-id=\"15298\" src=\"https:\/\/www.camping-erromardie.com\/wp-content\/uploads\/2025\/04\/Location-Mobil-home-camping-pays-basque-6.jpg\" alt=\"Stacaravan verhuur camping pays basque (6)\" class=\"wp-image-15298\" srcset=\"https:\/\/www.camping-erromardie.com\/wp-content\/uploads\/2025\/04\/Location-Mobil-home-camping-pays-basque-6.jpg 2000w, https:\/\/www.camping-erromardie.com\/wp-content\/uploads\/2025\/04\/Location-Mobil-home-camping-pays-basque-6-300x210.jpg 300w, https:\/\/www.camping-erromardie.com\/wp-content\/uploads\/2025\/04\/Location-Mobil-home-camping-pays-basque-6-1024x717.jpg 1024w, https:\/\/www.camping-erromardie.com\/wp-content\/uploads\/2025\/04\/Location-Mobil-home-camping-pays-basque-6-768x538.jpg 768w, https:\/\/www.camping-erromardie.com\/wp-content\/uploads\/2025\/04\/Location-Mobil-home-camping-pays-basque-6-1536x1075.jpg 1536w\" sizes=\"auto, (max-width: 2000px) 100vw, 2000px\" \/><\/a><\/figure>\n\n\n\n<figure class=\"wp-block-image size-full animated fadeIn\"><a href=\"https:\/\/www.camping-erromardie.com\/wp-content\/uploads\/2025\/04\/mobil-home-en-location-pays-basque-3.jpg\"><img loading=\"lazy\" decoding=\"async\" width=\"600\" height=\"800\" data-id=\"15438\" src=\"https:\/\/www.camping-erromardie.com\/wp-content\/uploads\/2025\/04\/mobil-home-en-location-pays-basque-3.jpg\" alt=\"verhuur stacaravan baskenland (3)\" class=\"wp-image-15438\" srcset=\"https:\/\/www.camping-erromardie.com\/wp-content\/uploads\/2025\/04\/mobil-home-en-location-pays-basque-3.jpg 600w, https:\/\/www.camping-erromardie.com\/wp-content\/uploads\/2025\/04\/mobil-home-en-location-pays-basque-3-225x300.jpg 225w\" sizes=\"auto, (max-width: 600px) 100vw, 600px\" \/><\/a><\/figure>\n<\/figure>\n<\/div>\n<\/div>\n\n\r\n    <\/div>\r\n<\/section><section id=\"ls-section-block_9810b8fd5029c3c4b9c4baf9291ed84d\" class=\"ls-section  home-first page-two has-background has-color-6-background-color has-p-b p-b-14\" >\r\n        <div class=\"container container--wide\">\r\n        \n\n<div class=\"wp-block-columns is-layout-flex wp-container-core-columns-is-layout-9d6595d7 wp-block-columns-is-layout-flex\">\n<div class=\"wp-block-column is-layout-flow wp-block-column-is-layout-flow\" style=\"flex-basis:66.66%\">\n<figure class=\"wp-block-gallery has-nested-images columns-default is-cropped wp-block-gallery-2 is-layout-flex wp-block-gallery-is-layout-flex\">\n<figure class=\"wp-block-image size-full animated fadeIn delay-200ms\"><a href=\"https:\/\/www.camping-erromardie.com\/wp-content\/uploads\/2025\/04\/chambre-enfant-mobil-home-2.jpg\"><img loading=\"lazy\" decoding=\"async\" width=\"1335\" height=\"2000\" data-id=\"15401\" src=\"https:\/\/www.camping-erromardie.com\/wp-content\/uploads\/2025\/04\/chambre-enfant-mobil-home-2.jpg\" alt=\"stacaravan met kinderslaapkamer\" class=\"wp-image-15401\" srcset=\"https:\/\/www.camping-erromardie.com\/wp-content\/uploads\/2025\/04\/chambre-enfant-mobil-home-2.jpg 1335w, https:\/\/www.camping-erromardie.com\/wp-content\/uploads\/2025\/04\/chambre-enfant-mobil-home-2-200x300.jpg 200w, https:\/\/www.camping-erromardie.com\/wp-content\/uploads\/2025\/04\/chambre-enfant-mobil-home-2-684x1024.jpg 684w, https:\/\/www.camping-erromardie.com\/wp-content\/uploads\/2025\/04\/chambre-enfant-mobil-home-2-768x1151.jpg 768w, https:\/\/www.camping-erromardie.com\/wp-content\/uploads\/2025\/04\/chambre-enfant-mobil-home-2-1025x1536.jpg 1025w\" sizes=\"auto, (max-width: 1335px) 100vw, 1335px\" \/><\/a><\/figure>\n\n\n\n<figure class=\"wp-block-image size-full animated fadeIn\"><a href=\"https:\/\/www.camping-erromardie.com\/wp-content\/uploads\/2025\/04\/DSC_6001.jpg\"><img loading=\"lazy\" decoding=\"async\" width=\"2022\" height=\"1350\" data-id=\"15428\" src=\"https:\/\/www.camping-erromardie.com\/wp-content\/uploads\/2025\/04\/DSC_6001.jpg\" alt=\"DSC 6001\" class=\"wp-image-15428\" srcset=\"https:\/\/www.camping-erromardie.com\/wp-content\/uploads\/2025\/04\/DSC_6001.jpg 2022w, https:\/\/www.camping-erromardie.com\/wp-content\/uploads\/2025\/04\/DSC_6001-300x200.jpg 300w, https:\/\/www.camping-erromardie.com\/wp-content\/uploads\/2025\/04\/DSC_6001-1024x684.jpg 1024w, https:\/\/www.camping-erromardie.com\/wp-content\/uploads\/2025\/04\/DSC_6001-768x513.jpg 768w, https:\/\/www.camping-erromardie.com\/wp-content\/uploads\/2025\/04\/DSC_6001-1536x1026.jpg 1536w\" sizes=\"auto, (max-width: 2022px) 100vw, 2022px\" \/><\/a><\/figure>\n<\/figure>\n<\/div>\n\n\n\n<div class=\"wp-block-column is-layout-flow wp-block-column-is-layout-flow\" style=\"flex-basis:33.33%\">\n<div class=\"wp-block-columns is-layout-flex wp-container-core-columns-is-layout-9d6595d7 wp-block-columns-is-layout-flex\">\n<div class=\"wp-block-column column-border is-layout-flow wp-block-column-is-layout-flow\">\n<h2 class=\"ls__heading wp-block-heading has-color-1-color has-text-color has-link-color wp-elements-355e637e5b9d9bc9cdb9bcbc06bb6dfd\">Ontdek onze stacaravans in de buurt van Bidart<\/h2>\n\n\n\n<p class=\"ls-paragraph\">Pour votre<strong>\u00a0s\u00e9jour au Pays Basque<\/strong>\u00a0en Nouvelle Aquitaine, que vous soyez seul ou en groupe jusqu\u2019\u00e0 six personnes, notre<a href=\"https:\/\/www.camping-erromardie.com\/camping-bidart\/piscine\/\" data-type=\"page\" data-id=\"16222\">\u00a0camping avec piscine pr\u00e8s de Bidart<\/a>\u00a0propose des\u00a0<strong>mobil homes modernes et confortables en location<\/strong>. Nos chalets et mobil-homes \u00e0 Saint Jean de Luz, pouvant accueillir jusqu\u2019\u00e0 six visiteurs, se distinguent par leur modernit\u00e9 et la qualit\u00e9 de leurs \u00e9quipements. Avec des superficies allant de 16 \u00e0 32m2 et des configurations d\u2019une \u00e0 trois chambres, nos\u00a0<strong>options d\u2019h\u00e9bergement en location\u00a0<\/strong>sont diversifi\u00e9es. Les logements de notre\u00a0<strong>camping 4 \u00e9toiles pr\u00e8s de Bidart<\/strong>\u00a0varient des cabanes lodges m\u00ealant bois et toile \u00e0 des maisons \u00e0 l\u2019esth\u00e9tique contemporaine, en passant par des\u00a0<strong>mobil-homes color\u00e9s<\/strong>, tous dot\u00e9s d\u2019un design agr\u00e9able et d\u2019un int\u00e9rieur soigneusement d\u00e9cor\u00e9.<\/p>\n\n\n\n<p class=\"ls-paragraph\">Voor mensen met beperkte mobiliteit die op <strong>vakantie zijn in de buurt van Bidart<\/strong>, heeft onze camping speciaal ontworpen<strong> stacaravans te huur <\/strong>met oprijplaten, royale ruimte en aangepast sanitair. Elke<strong> stacaravan te huur op onze camping bij Bidart<\/strong>, voor twee of zes personen, is uitgerust om je een zorgeloos <strong>verblijf in het zuidwesten van Frankrijk<\/strong> te garanderen: volledig uitgeruste keuken, doucheruimte met toilet, televisie, en WIFI-toegang is beschikbaar op het hele terrein. <\/p>\n<\/div>\n<\/div>\n<\/div>\n<\/div>\n\n\r\n    <\/div>\r\n<\/section><section id=\"ls-section-block_3db2c288ca3c0b09e9bcdb0800d8f083\" class=\"ls-section  home-first page-one has-p-t p-t-14\" >\r\n        <div class=\"container container--wide\">\r\n        \n\n<div class=\"wp-block-columns is-layout-flex wp-container-core-columns-is-layout-9d6595d7 wp-block-columns-is-layout-flex\">\n<div class=\"wp-block-column is-layout-flow wp-block-column-is-layout-flow\" style=\"flex-basis:33.33%\">\n<div class=\"wp-block-columns is-layout-flex wp-container-core-columns-is-layout-9d6595d7 wp-block-columns-is-layout-flex\">\n<div class=\"wp-block-column column-border is-layout-flow wp-block-column-is-layout-flow\">\n<h2 class=\"ls__heading wp-block-heading has-color-1-color has-text-color has-link-color wp-elements-ccb5208cb7671e1c98d52b3a94c0be54\">Verhuur van stacaravan met priv\u00e9terras aan zee bij Bidart<br\/><\/h2>\n\n\n\n<p class=\"ls-paragraph\">Elke <strong>stacaravan te huur in de buurt van Bidart op onze camping met zwembad in Baskenland<\/strong> heeft een eigen buitenruimte, zorgvuldig aangelegd met vegetatie en een terras. Het extraatje als je <strong>een stacaravan huurt op onze camping bij Bidart<\/strong>? Je hebt uitzicht op zee!  <\/p>\n\n\n\n<p class=\"ls-paragraph\">De terrassen van de <strong>stacaravans op onze camping in de buurt van Bidart<\/strong>, ontworpen in hout of betegeld, sommige verhoogd, andere niet, en soms in de schaduw van parasols, worden echte verlengstukken van je <strong>vakantiebestemming in Baskenland<\/strong>.<\/p>\n\n\n\n<p class=\"ls-paragraph\">Elk terras nodigt je uit om in je <strong>stacaravan<\/strong> buiten te eten, te ontspannen in de zon of &#8217;s avonds te luisteren naar het zachte ruisen van de golven op het strand van Erromardie tijdens je <strong>kampeervakantie in Baskenland<\/strong>.<\/p>\n\n\n\n<p class=\"ls-paragraph\">Elk terras is ingericht met tuinmeubilair, waardoor deze ruimte een natuurlijk onderdeel wordt van je <strong>stacaravan<\/strong> en je extra vierkante meters krijgt om te genieten van de nabijheid van de oceaan op onze <strong>camping in Saint Jean de Luz<\/strong>.<\/p>\n<\/div>\n<\/div>\n<\/div>\n\n\n\n<div class=\"wp-block-column is-layout-flow wp-block-column-is-layout-flow\" style=\"flex-basis:66.66%\">\n<figure class=\"wp-block-gallery has-nested-images columns-default is-cropped wp-block-gallery-3 is-layout-flex wp-block-gallery-is-layout-flex\">\n<figure class=\"wp-block-image size-full animated fadeIn delay-200ms\"><a href=\"https:\/\/www.camping-erromardie.com\/wp-content\/uploads\/2025\/04\/MH-camping-la-ferme-erromardie-cuisine.jpg\"><img loading=\"lazy\" decoding=\"async\" width=\"668\" height=\"1000\" data-id=\"15742\" src=\"https:\/\/www.camping-erromardie.com\/wp-content\/uploads\/2025\/04\/MH-camping-la-ferme-erromardie-cuisine.jpg\" alt=\"MH camping la ferme erromardie keuken\" class=\"wp-image-15742\" srcset=\"https:\/\/www.camping-erromardie.com\/wp-content\/uploads\/2025\/04\/MH-camping-la-ferme-erromardie-cuisine.jpg 668w, https:\/\/www.camping-erromardie.com\/wp-content\/uploads\/2025\/04\/MH-camping-la-ferme-erromardie-cuisine-200x300.jpg 200w\" sizes=\"auto, (max-width: 668px) 100vw, 668px\" \/><\/a><\/figure>\n\n\n\n<figure class=\"wp-block-image size-full animated fadeIn\"><a href=\"https:\/\/www.camping-erromardie.com\/wp-content\/uploads\/2025\/04\/Camping-Erromardie-environnement-16-1.jpg\"><img loading=\"lazy\" decoding=\"async\" width=\"2022\" height=\"1350\" data-id=\"15909\" src=\"https:\/\/www.camping-erromardie.com\/wp-content\/uploads\/2025\/04\/Camping-Erromardie-environnement-16-1.jpg\" alt=\"Camping Erromardie environnement 16\" class=\"wp-image-15909\" srcset=\"https:\/\/www.camping-erromardie.com\/wp-content\/uploads\/2025\/04\/Camping-Erromardie-environnement-16-1.jpg 2022w, https:\/\/www.camping-erromardie.com\/wp-content\/uploads\/2025\/04\/Camping-Erromardie-environnement-16-1-300x200.jpg 300w, https:\/\/www.camping-erromardie.com\/wp-content\/uploads\/2025\/04\/Camping-Erromardie-environnement-16-1-1024x684.jpg 1024w, https:\/\/www.camping-erromardie.com\/wp-content\/uploads\/2025\/04\/Camping-Erromardie-environnement-16-1-768x513.jpg 768w, https:\/\/www.camping-erromardie.com\/wp-content\/uploads\/2025\/04\/Camping-Erromardie-environnement-16-1-1536x1026.jpg 1536w\" sizes=\"auto, (max-width: 2022px) 100vw, 2022px\" \/><\/a><\/figure>\n<\/figure>\n<\/div>\n<\/div>\n\n\r\n    <\/div>\r\n<\/section><section id=\"ls-section-block_5aac94087839b835b4b7a4028d97a5fa\" class=\"ls-section  page-cta\" >\r\n        <div class=\"container container--wide\">\r\n        \n\n<div id=\"ls-heading ls-titre-div-block_2505906a50e83e2ee79938034aa99874\" class=\"ls-titre-div aligncenter h2-like has-text-color has-color-1-color\" >\n    Ontdek ons zwembad, onze diensten en onze aanbiedingen<\/div>\n\n\n\n<div id=\"ls-maillage-block_dbfea254c9495afa8c0c8ebc82bb5f9a\" class=\"ls-maillage cta-style-normal\" data-rows=\"3\">\n\n    <div class=\"wp-block-columns\"><div class=\"wp-block-column\">\n\n<a href=\"https:\/\/www.camping-erromardie.com\/nl\/camping-bidart\/zwembad\/\" target=\"\" rel=\"noopener\" class=\"ls-cta__link\" data-categ=\"\">\n\t<div class=\"ls-cta__image\"><img decoding=\"async\" src=\"https:\/\/www.camping-erromardie.com\/wp-content\/uploads\/2025\/04\/La-ferme-erromardi-camping-familial-avec-piscine.jpg\" alt=\"Zwembad\"><\/div>\n\t<div class=\"ls-cta__title\">\n\t\tZwembad\t<\/div>\n\n\t<\/a><\/div><div class=\"wp-block-column\">\n\n<a href=\"https:\/\/www.camping-erromardie.com\/nl\/camping-bidart\/tarieven\/\" target=\"\" rel=\"noopener\" class=\"ls-cta__link\" data-categ=\"\">\n\t<div class=\"ls-cta__image\"><img decoding=\"async\" src=\"https:\/\/www.camping-erromardie.com\/wp-content\/uploads\/2025\/04\/DSC_7028.jpg\" alt=\"\"><\/div>\n\t<div class=\"ls-cta__title\">\n\t\tTarieven\t<\/div>\n\n\t<\/a><\/div><div class=\"wp-block-column\">\n\n<a href=\"https:\/\/www.camping-erromardie.com\/nl\/vrijetijdsactiviteiten-camping-pays-baskisch\/\" target=\"\" rel=\"noopener\" class=\"ls-cta__link\" data-categ=\"\">\n\t<div class=\"ls-cta__image\"><img decoding=\"async\" src=\"https:\/\/www.camping-erromardie.com\/wp-content\/uploads\/2025\/04\/Camping-Erromardie-61_1.jpg\" alt=\"\"><\/div>\n\t<div class=\"ls-cta__title\">\n\t\tAmusement\t<\/div>\n\n\t<\/a><\/div><\/div>\n<\/div>\n\r\n    <\/div>\r\n<\/section>","protected":false},"excerpt":{"rendered":"","protected":false},"author":1,"featured_media":15347,"parent":18144,"menu_order":7,"comment_status":"closed","ping_status":"closed","template":"","meta":{"_acf_changed":false,"_seopress_robots_primary_cat":"","_seopress_titles_title":"Stacaravan huren Bidart : Kamperen aan zee in Baskenland","_seopress_titles_desc":"Reserveer je stacaravan in Bidart voor een onvergetelijke vakantie. Geniet van een camping met zwembad en comfortabele kamers in het hart van Frans Baskenland ","_seopress_robots_index":"","footnotes":""},"sujet":[],"class_list":["post-18031","page","type-page","status-publish","has-post-thumbnail","hentry"],"acf":[],"_links":{"self":[{"href":"https:\/\/www.camping-erromardie.com\/nl\/wp-json\/wp\/v2\/pages\/18031","targetHints":{"allow":["GET"]}}],"collection":[{"href":"https:\/\/www.camping-erromardie.com\/nl\/wp-json\/wp\/v2\/pages"}],"about":[{"href":"https:\/\/www.camping-erromardie.com\/nl\/wp-json\/wp\/v2\/types\/page"}],"author":[{"embeddable":true,"href":"https:\/\/www.camping-erromardie.com\/nl\/wp-json\/wp\/v2\/users\/1"}],"replies":[{"embeddable":true,"href":"https:\/\/www.camping-erromardie.com\/nl\/wp-json\/wp\/v2\/comments?post=18031"}],"version-history":[{"count":7,"href":"https:\/\/www.camping-erromardie.com\/nl\/wp-json\/wp\/v2\/pages\/18031\/revisions"}],"predecessor-version":[{"id":19801,"href":"https:\/\/www.camping-erromardie.com\/nl\/wp-json\/wp\/v2\/pages\/18031\/revisions\/19801"}],"up":[{"embeddable":true,"href":"https:\/\/www.camping-erromardie.com\/nl\/wp-json\/wp\/v2\/pages\/18144"}],"wp:featuredmedia":[{"embeddable":true,"href":"https:\/\/www.camping-erromardie.com\/nl\/wp-json\/wp\/v2\/media\/15347"}],"wp:attachment":[{"href":"https:\/\/www.camping-erromardie.com\/nl\/wp-json\/wp\/v2\/media?parent=18031"}],"wp:term":[{"taxonomy":"sujet","embeddable":true,"href":"https:\/\/www.camping-erromardie.com\/nl\/wp-json\/wp\/v2\/sujet?post=18031"}],"curies":[{"name":"wp","href":"https:\/\/api.w.org\/{rel}","templated":true}]}}