{"id":17986,"date":"2025-04-22T09:59:20","date_gmt":"2025-04-22T07:59:20","guid":{"rendered":"https:\/\/www.camping-erromardie.com\/tarifs\/"},"modified":"2025-06-12T11:02:11","modified_gmt":"2025-06-12T09:02:11","slug":"tarieven","status":"publish","type":"page","link":"https:\/\/www.camping-erromardie.com\/nl\/camping-bidart\/tarieven\/","title":{"rendered":"Goedkoop kamperen in de buurt van Bidart"},"content":{"rendered":"<section id=\"ls-section-block_ec918f3659b3061bda0e390c0a56dd44\" class=\"ls-section  page-titre\" >\r\n        <div class=\"container container--wide\">\r\n        \n\n<h1 class=\"ls__heading wp-block-heading has-text-align-center has-color-4-color has-text-color has-link-color wp-elements-6d510615c86973eb533bda07d8144a5b\">Goedkoop kamperen in de buurt van Bidart<\/h1>\n\n\n\n<p class=\"ls-paragraph has-text-align-center\">Notre\u00a0<a href=\"https:\/\/www.camping-erromardie.com\/\" data-type=\"page\" data-id=\"270\">camping au Pays Basque \u00e0 Saint-Jean de Luz<\/a>, La Ferme d\u2019Erromardie, vous attend dans le sud-ouest de la France pour des\u00a0<strong>vacances inoubliables et abordables<\/strong>\u00a0! Profitez d\u2019offres exceptionnelles tout au long de la saison dans notre\u00a0<strong>camping pas cher pr\u00e8s de Bidart<\/strong>\u00a0: r\u00e9servez 14 nuits en mobil-home et ne payez que 12, ou b\u00e9n\u00e9ficiez d\u2019une<strong>\u00a0nuit gratuite\u00a0<\/strong>pour une semaine en emplacement caravaning. Ne manquez pas ces promotions avantageuses et\u00a0<strong>r\u00e9servez d\u00e8s maintenant<\/strong>\u00a0votre mobil-home ou emplacement au\u00a0<strong>meilleur prix<\/strong>\u00a0pour des vacances r\u00e9ussies \u00e0 Saint-Jean-de-Luz au Pays Basque en Nouvelle Aquitaine !<\/p>\n\n\r\n    <\/div>\r\n<\/section><section id=\"ls-section-block_e8c83f61ecd88e0a5ed633ec79f85792\" class=\"ls-section  home-first page-one has-p-b p-b-14\" >\r\n        <div class=\"container container--wide\">\r\n        \n\n<div class=\"wp-block-columns is-layout-flex wp-container-core-columns-is-layout-9d6595d7 wp-block-columns-is-layout-flex\">\n<div class=\"wp-block-column is-layout-flow wp-block-column-is-layout-flow\" style=\"flex-basis:33.33%\">\n<div class=\"wp-block-columns is-layout-flex wp-container-core-columns-is-layout-9d6595d7 wp-block-columns-is-layout-flex\">\n<div class=\"wp-block-column column-border is-layout-flow wp-block-column-is-layout-flow\">\n<h2 class=\"ls__heading wp-block-heading has-color-1-color has-text-color has-link-color wp-elements-90e2c513f4a52682d90087d31228b4d9\">Goedkope kampeerplaatsen in de buurt van Bidart<\/h2>\n\n\n\n<p class=\"ls-paragraph\">Envie de passer un s\u00e9jour en\u00a0<a href=\"https:\/\/www.camping-erromardie.com\/camping-bidart\/mobil-home\/\">camping autour de Bidart<\/a>\u00a0sans d\u00e9passer votre budget ? \u00c0 la recherche de\u00a0<strong>campings \u00e9conomiques au Pays Basque\u00a0<\/strong>? Notre camping 4 \u00e9toiles pr\u00e8s de Bidart vous propose des emplacements abordables pour tente, camping-car et caravane,\u00a0<strong>adapt\u00e9s \u00e0 toutes les envies et tous les porte-monnaies<\/strong>.<\/p>\n\n\n\n<p class=\"ls-paragraph\">Kies voor het<strong> natuurarrangement<\/strong> op onze <strong>voordelige camping in de buurt van Bidart<\/strong> om te genieten van groene, voordelige staanplaatsen, zonder elektriciteit, maar met modern sanitair en veel recreatiemogelijkheden. Voor meer comfort tegen een lagere prijs op onze <strong>camping in Saint-Jean-de-Luz <\/strong>in Nouvelle Aquitaine, bekijk onze speciale aanbiedingen voor stacaravans. <\/p>\n<\/div>\n<\/div>\n<\/div>\n\n\n\n<div class=\"wp-block-column is-layout-flow wp-block-column-is-layout-flow\" style=\"flex-basis:66.66%\">\n<figure class=\"wp-block-gallery has-nested-images columns-default is-cropped wp-block-gallery-1 is-layout-flex wp-block-gallery-is-layout-flex\">\n<figure class=\"wp-block-image size-full animated fadeIn delay-200ms\"><a href=\"https:\/\/www.camping-erromardie.com\/wp-content\/uploads\/2025\/04\/camping-erromardie-emplacement-van.jpg\"><img loading=\"lazy\" decoding=\"async\" width=\"589\" height=\"468\" data-id=\"10608\" src=\"https:\/\/www.camping-erromardie.com\/wp-content\/uploads\/2025\/04\/camping-erromardie-emplacement-van.jpg\" alt=\"camping erromardie emplacement van\" class=\"wp-image-10608\" srcset=\"https:\/\/www.camping-erromardie.com\/wp-content\/uploads\/2025\/04\/camping-erromardie-emplacement-van.jpg 589w, https:\/\/www.camping-erromardie.com\/wp-content\/uploads\/2025\/04\/camping-erromardie-emplacement-van-300x238.jpg 300w\" sizes=\"auto, (max-width: 589px) 100vw, 589px\" \/><\/a><\/figure>\n\n\n\n<figure class=\"wp-block-image size-full animated fadeIn\"><a href=\"https:\/\/www.camping-erromardie.com\/wp-content\/uploads\/2025\/04\/Location-emplacement-camping-car-en-famille-1.jpg\"><img loading=\"lazy\" decoding=\"async\" width=\"2026\" height=\"1350\" data-id=\"17205\" src=\"https:\/\/www.camping-erromardie.com\/wp-content\/uploads\/2025\/04\/Location-emplacement-camping-car-en-famille-1.jpg\" alt=\"Huurauto voor familiecamping\" class=\"wp-image-17205\" srcset=\"https:\/\/www.camping-erromardie.com\/wp-content\/uploads\/2025\/04\/Location-emplacement-camping-car-en-famille-1.jpg 2026w, https:\/\/www.camping-erromardie.com\/wp-content\/uploads\/2025\/04\/Location-emplacement-camping-car-en-famille-1-300x200.jpg 300w, https:\/\/www.camping-erromardie.com\/wp-content\/uploads\/2025\/04\/Location-emplacement-camping-car-en-famille-1-1024x682.jpg 1024w, https:\/\/www.camping-erromardie.com\/wp-content\/uploads\/2025\/04\/Location-emplacement-camping-car-en-famille-1-768x512.jpg 768w, https:\/\/www.camping-erromardie.com\/wp-content\/uploads\/2025\/04\/Location-emplacement-camping-car-en-famille-1-1536x1023.jpg 1536w\" sizes=\"auto, (max-width: 2026px) 100vw, 2026px\" \/><\/a><\/figure>\n<\/figure>\n<\/div>\n<\/div>\n\n\r\n    <\/div>\r\n<\/section><section id=\"ls-section-block_77c7b9a23549c00301b65382a1586945\" class=\"ls-section  home-first page-two has-background has-color-6-background-color has-p-b p-b-14\" >\r\n        <div class=\"container container--wide\">\r\n        \n\n<div class=\"wp-block-columns is-layout-flex wp-container-core-columns-is-layout-9d6595d7 wp-block-columns-is-layout-flex\">\n<div class=\"wp-block-column is-layout-flow wp-block-column-is-layout-flow\" style=\"flex-basis:66.66%\">\n<figure class=\"wp-block-gallery has-nested-images columns-default is-cropped wp-block-gallery-2 is-layout-flex wp-block-gallery-is-layout-flex\">\n<figure class=\"wp-block-image size-full animated fadeIn delay-200ms\"><a href=\"https:\/\/www.camping-erromardie.com\/wp-content\/uploads\/2025\/04\/Piscine-du-camping-Erromardie-1.jpg\"><img loading=\"lazy\" decoding=\"async\" width=\"2000\" height=\"1333\" data-id=\"12391\" src=\"https:\/\/www.camping-erromardie.com\/wp-content\/uploads\/2025\/04\/Piscine-du-camping-Erromardie-1.jpg\" alt=\"Zwembad op camping Erromardie\" class=\"wp-image-12391\" srcset=\"https:\/\/www.camping-erromardie.com\/wp-content\/uploads\/2025\/04\/Piscine-du-camping-Erromardie-1.jpg 2000w, https:\/\/www.camping-erromardie.com\/wp-content\/uploads\/2025\/04\/Piscine-du-camping-Erromardie-1-300x200.jpg 300w, https:\/\/www.camping-erromardie.com\/wp-content\/uploads\/2025\/04\/Piscine-du-camping-Erromardie-1-1024x682.jpg 1024w, https:\/\/www.camping-erromardie.com\/wp-content\/uploads\/2025\/04\/Piscine-du-camping-Erromardie-1-768x512.jpg 768w, https:\/\/www.camping-erromardie.com\/wp-content\/uploads\/2025\/04\/Piscine-du-camping-Erromardie-1-1536x1024.jpg 1536w\" sizes=\"auto, (max-width: 2000px) 100vw, 2000px\" \/><\/a><\/figure>\n\n\n\n<figure class=\"wp-block-image size-full animated fadeIn\"><a href=\"https:\/\/www.camping-erromardie.com\/wp-content\/uploads\/2025\/04\/Erromardie-52-1.jpg\"><img loading=\"lazy\" decoding=\"async\" width=\"2025\" height=\"1350\" data-id=\"15479\" src=\"https:\/\/www.camping-erromardie.com\/wp-content\/uploads\/2025\/04\/Erromardie-52-1.jpg\" alt=\"Erromardie (52)\" class=\"wp-image-15479\" srcset=\"https:\/\/www.camping-erromardie.com\/wp-content\/uploads\/2025\/04\/Erromardie-52-1.jpg 2025w, https:\/\/www.camping-erromardie.com\/wp-content\/uploads\/2025\/04\/Erromardie-52-1-300x200.jpg 300w, https:\/\/www.camping-erromardie.com\/wp-content\/uploads\/2025\/04\/Erromardie-52-1-1024x683.jpg 1024w, https:\/\/www.camping-erromardie.com\/wp-content\/uploads\/2025\/04\/Erromardie-52-1-768x512.jpg 768w, https:\/\/www.camping-erromardie.com\/wp-content\/uploads\/2025\/04\/Erromardie-52-1-1536x1024.jpg 1536w\" sizes=\"auto, (max-width: 2025px) 100vw, 2025px\" \/><\/a><\/figure>\n<\/figure>\n<\/div>\n\n\n\n<div class=\"wp-block-column is-layout-flow wp-block-column-is-layout-flow\" style=\"flex-basis:33.33%\">\n<div class=\"wp-block-columns is-layout-flex wp-container-core-columns-is-layout-9d6595d7 wp-block-columns-is-layout-flex\">\n<div class=\"wp-block-column column-border is-layout-flow wp-block-column-is-layout-flow\">\n<h2 class=\"ls__heading wp-block-heading has-color-1-color has-text-color has-link-color wp-elements-3ecc722bf9b5c98357bb491432687f96\">Camping met zwembad Pays Basque Bidart<\/h2>\n\n\n\n<p class=\"ls-paragraph\">Notre<strong>\u00a0camping 4 \u00e9toiles<\/strong>, situ\u00e9 en bord de mer dans le Pays Basque, est l\u2019endroit parfait pour des<strong>\u00a0vacances \u00e9conomiques avec piscine<\/strong>. Profitez chaque jour des plages de l\u2019Oc\u00e9an Atlantique et de notre parc aquatique, qui comprend une\u00a0<a href=\"https:\/\/www.camping-erromardie.com\/camping-bidart\/piscine\/\" data-type=\"page\" data-id=\"16222\">piscine<\/a>\u00a0couverte et chauff\u00e9e, id\u00e9ale m\u00eame en basse saison. Notre\u00a0<strong>camping pas cher pr\u00e8s de Bidart<\/strong>\u00a0allie confort moderne, convivialit\u00e9 et simplicit\u00e9, offrant une exp\u00e9rience de vacances\u00a0<strong>accessible \u00e0 tous les budgets<\/strong>.<\/p>\n<\/div>\n<\/div>\n<\/div>\n<\/div>\n\n\r\n    <\/div>\r\n<\/section><section id=\"ls-section-block_3c991a3b7991a7121902fe3f8814bc29\" class=\"ls-section  home-first page-one has-p-t p-t-14\" >\r\n        <div class=\"container container--wide\">\r\n        \n\n<div class=\"wp-block-columns is-layout-flex wp-container-core-columns-is-layout-9d6595d7 wp-block-columns-is-layout-flex\">\n<div class=\"wp-block-column is-layout-flow wp-block-column-is-layout-flow\" style=\"flex-basis:33.33%\">\n<div class=\"wp-block-columns is-layout-flex wp-container-core-columns-is-layout-9d6595d7 wp-block-columns-is-layout-flex\">\n<div class=\"wp-block-column column-border is-layout-flow wp-block-column-is-layout-flow\">\n<h2 class=\"ls__heading wp-block-heading has-color-1-color has-text-color has-link-color wp-elements-a5a4d83c712b58c13cdcc99f1241638d\">Vakantie rond Bidart: speciale aanbiedingen en goede deals<\/h2>\n\n\n\n<p class=\"ls-paragraph\">Onze <strong>budgetcamping bij Bidart<\/strong> is ideaal voor gezinnen die er even tussenuit willen in Baskenland en biedt een bevoorrechte locatie aan de rand van de Atlantische kust. Profiteer van <strong>speciale tarieven <\/strong>om je verblijf te verlengen of je uitgaven te verlagen. In het laagseizoen, vooral aan het begin en einde van de zomer, kun je niet alleen profiteren van verlaagde prijzen, maar ook van<strong> gratis overnachtingen<\/strong> dankzij onze promoties.  <\/p>\n\n\n\n<p class=\"ls-paragraph\">Boek op onze <strong>goedkope camping in Bidart<\/strong> op flexibele data voor nog meer besparingen, en ontdek onze speciale aanbiedingen voor gezinnen en kortingen voor stellen. Een verblijf op onze <strong>camping bij Bidart<\/strong> is een <strong>voordelige en leuke optie<\/strong> voor een vakantie in de buurt van steden als Biarritz, San Sebastian en Bilbao. <\/p>\n\n\n\n<p class=\"ls-paragraph\">Notre\u00a0<strong>camping pas cher pr\u00e8s de Bidart<\/strong>\u00a0respecte la charte Camping Qualit\u00e9, est agr\u00e9\u00e9 ACSI et labellis\u00e9 Vacaf. Utilisez votre<strong>\u00a0carte ACSI<\/strong>\u00a0pour b\u00e9n\u00e9ficier de r\u00e9ductions suppl\u00e9mentaires ou vos<strong>\u00a0bons CAF<\/strong>\u00a0pour diminuer le co\u00fbt de votre\u00a0<a href=\"https:\/\/www.camping-erromardie.com\/camping-bidart\/mobil-home\/\" data-type=\"page\" data-id=\"16218\">location en mobil-home pr\u00e8s de Bidart<\/a>, dans le Pays Basque !<\/p>\n<\/div>\n<\/div>\n<\/div>\n\n\n\n<div class=\"wp-block-column is-layout-flow wp-block-column-is-layout-flow\" style=\"flex-basis:66.66%\">\n<figure class=\"wp-block-gallery has-nested-images columns-default is-cropped wp-block-gallery-3 is-layout-flex wp-block-gallery-is-layout-flex\">\n<figure class=\"wp-block-image size-full animated fadeIn delay-200ms\"><a href=\"https:\/\/www.camping-erromardie.com\/wp-content\/uploads\/2025\/04\/MH-camping-la-ferme-erromardie-salon-salle-a-manger.jpg\"><img loading=\"lazy\" decoding=\"async\" width=\"1000\" height=\"668\" data-id=\"15781\" src=\"https:\/\/www.camping-erromardie.com\/wp-content\/uploads\/2025\/04\/MH-camping-la-ferme-erromardie-salon-salle-a-manger.jpg\" alt=\"MH camping la ferme erromardie woonkamer eetkamer\" class=\"wp-image-15781\" srcset=\"https:\/\/www.camping-erromardie.com\/wp-content\/uploads\/2025\/04\/MH-camping-la-ferme-erromardie-salon-salle-a-manger.jpg 1000w, https:\/\/www.camping-erromardie.com\/wp-content\/uploads\/2025\/04\/MH-camping-la-ferme-erromardie-salon-salle-a-manger-300x200.jpg 300w, https:\/\/www.camping-erromardie.com\/wp-content\/uploads\/2025\/04\/MH-camping-la-ferme-erromardie-salon-salle-a-manger-768x513.jpg 768w\" sizes=\"auto, (max-width: 1000px) 100vw, 1000px\" \/><\/a><\/figure>\n\n\n\n<figure class=\"wp-block-image size-full animated fadeIn\"><a href=\"https:\/\/www.camping-erromardie.com\/wp-content\/uploads\/2025\/04\/MH-camping-la-ferme-erromardie-chambre-double-enfant.jpg\"><img loading=\"lazy\" decoding=\"async\" width=\"1000\" height=\"668\" data-id=\"15765\" src=\"https:\/\/www.camping-erromardie.com\/wp-content\/uploads\/2025\/04\/MH-camping-la-ferme-erromardie-chambre-double-enfant.jpg\" alt=\"MH camping la ferme erromardie tweepersoonskamer kind\" class=\"wp-image-15765\" srcset=\"https:\/\/www.camping-erromardie.com\/wp-content\/uploads\/2025\/04\/MH-camping-la-ferme-erromardie-chambre-double-enfant.jpg 1000w, https:\/\/www.camping-erromardie.com\/wp-content\/uploads\/2025\/04\/MH-camping-la-ferme-erromardie-chambre-double-enfant-300x200.jpg 300w, https:\/\/www.camping-erromardie.com\/wp-content\/uploads\/2025\/04\/MH-camping-la-ferme-erromardie-chambre-double-enfant-768x513.jpg 768w\" sizes=\"auto, (max-width: 1000px) 100vw, 1000px\" \/><\/a><\/figure>\n<\/figure>\n<\/div>\n<\/div>\n\n\r\n    <\/div>\r\n<\/section><section id=\"ls-section-block_3b688e55f491dd0e7aa46b33207a26c1\" class=\"ls-section  home-fifth page-three\" >\r\n        <div class=\"container container--wide\">\r\n        \n\n<figure class=\"wp-block-image size-full animated fadeIn\"><a href=\"https:\/\/www.camping-erromardie.com\/wp-content\/uploads\/2025\/04\/Uhabia-a-Bidart.jpg\"><img loading=\"lazy\" decoding=\"async\" width=\"2048\" height=\"1536\" src=\"https:\/\/www.camping-erromardie.com\/wp-content\/uploads\/2025\/04\/Uhabia-a-Bidart.jpg\" alt=\"Ontwerp zonder titel 1\" class=\"wp-image-14836\" srcset=\"https:\/\/www.camping-erromardie.com\/wp-content\/uploads\/2025\/04\/Uhabia-a-Bidart.jpg 2048w, https:\/\/www.camping-erromardie.com\/wp-content\/uploads\/2025\/04\/Uhabia-a-Bidart-300x225.jpg 300w, https:\/\/www.camping-erromardie.com\/wp-content\/uploads\/2025\/04\/Uhabia-a-Bidart-1024x768.jpg 1024w, https:\/\/www.camping-erromardie.com\/wp-content\/uploads\/2025\/04\/Uhabia-a-Bidart-768x576.jpg 768w, https:\/\/www.camping-erromardie.com\/wp-content\/uploads\/2025\/04\/Uhabia-a-Bidart-1536x1152.jpg 1536w\" sizes=\"auto, (max-width: 2048px) 100vw, 2048px\" \/><\/a><\/figure>\n\n\n\n<h2 class=\"ls__heading wp-block-heading has-color-1-color has-text-color has-link-color wp-elements-4be3923e0a5304d3a4fef8e87e30817d\">Veelgestelde vragen - camping Bidart<\/h2>\n\n\n\n<h3 class=\"ls__heading wp-block-heading has-color-4-color has-text-color has-link-color wp-elements-828877b53cfd5fe09f3986b41a447a45\">Hoe haal je het meeste uit een betaalbaar verblijf in Baskenland?<\/h3>\n\n\n\n<p class=\"ls-paragraph\">Kies voor een verblijf op een van onze sterrencampings in de Pyrenee\u00ebn-Atlantiques voor een budgetaccommodatie, ideaal voor het hele gezin, zelfs voor je kinderen. Op onze budgetcamping in de buurt van Bidart profiteer je van geweldige prijzen en gratis toegang tot faciliteiten zoals het zwembad op ons landgoed in Nouvelle-Aquitaine. Bovendien ben je maar een paar minuten verwijderd van de prachtige stranden van Hendaye en Biarritz, voor een totale onderdompeling in de Baskische regio van Zuidwest-Frankrijk!  <\/p>\n\n\n\n<h3 class=\"ls__heading wp-block-heading has-color-4-color has-text-color has-link-color wp-elements-7c33852832a13aa1fedf3775bc6044c5\">Hoe kan ik een week kamperen in de buurt van Bidart krijgen voor een nog lagere prijs?<\/h3>\n\n\n\n<p class=\"ls-paragraph\">Hoewel onze goedkope camping bij Bidart al aantrekkelijke tarieven biedt, kun je de kosten van je verblijf in de Pyrenee\u00ebn-Atlantiques nog verder verlagen. Boek je accommodatie van tevoren om te profiteren van de beste prijzen, en houd in de gaten of er regelmatig aanbiedingen zijn op onze camping, een van de voordeligste campings in de regio met sterren. Als je nog meer wilt besparen tijdens je vakantie in Nieuw-Aquitaine, kies dan voor het huren van een kale staanplaats voor je tent, camper of caravan.  <\/p>\n\n\n\n<p class=\"ls-paragraph\">En vergeet niet je budget te optimaliseren tijdens je verblijf: kies voor lokale producten, ga niet bij elke maaltijd uit eten en verken de vele gratis activiteiten in de regio, zoals de stranden van Biarritz, wandelen in de Pyrenee\u00ebn of picknicken in de parken van Bayonne. Er zijn genoeg mogelijkheden voor een onvergetelijk en voordelig verblijf in de regio Nouvelle-Aquitaine. Boek nu je accommodatie of kampeerplaats op onze camping bij Bidart en begin met het plannen van je avontuur!  <\/p>\n\n\n\n<h3 class=\"ls__heading wp-block-heading has-color-4-color has-text-color has-link-color wp-elements-08c6a6f1e68aaf08b9045a26089c643e\">Kan ik de ACSI-kaart gebruiken bij La Ferme Erromardie?<\/h3>\n\n\n\n<p class=\"ls-paragraph\">Absoluut! Onze goedkope camping bij Bidart in Baskenland is VACAF goedgekeurd, wat betekent dat je met je ACSI-kaart extra korting kunt krijgen op onze kampeerplaatsen. Zelfs met onze toch al voordelige tarieven biedt de ACSI-kaart je de mogelijkheid om nog meer te besparen. Klaar voor een aangenaam en voordelig verblijf? We verwelkomen je graag op ons landgoed in het zuidwesten van Frankrijk!    <\/p>\n\n\n\n<p class=\"ls-paragraph\">05 59 26 34 26<br\/>40 chemin Erromardie<br\/>64500 Saint Jean de Luz<\/p>\n\n\r\n    <\/div>\r\n<\/section><section id=\"ls-section-block_791ffd33fc836d0262dffa4a1090988e\" class=\"ls-section  page-cta\" >\r\n        <div class=\"container container--wide\">\r\n        \n\n<div id=\"ls-heading ls-titre-div-block_4dfef83cf2cb80fe833acefb98ff32ab\" class=\"ls-titre-div aligncenter h2-like has-text-color has-color-1-color\" >\n    Ontdek ons zwembad, onze animatie en onze stacaravans<\/div>\n\n\n\n<div id=\"ls-maillage-block_3a427e31d04aff6fb0cbbf765a16a86f\" class=\"ls-maillage cta-style-normal\" data-rows=\"3\">\n\n    <div class=\"wp-block-columns\"><div class=\"wp-block-column\">\n\n<a href=\"https:\/\/www.camping-erromardie.com\/nl\/camping-bidart\/zwembad\/\" target=\"\" rel=\"noopener\" class=\"ls-cta__link\" data-categ=\"\">\n\t<div class=\"ls-cta__image\"><img decoding=\"async\" src=\"https:\/\/www.camping-erromardie.com\/wp-content\/uploads\/2025\/04\/La-ferme-erromardi-camping-familial-avec-piscine.jpg\" alt=\"Zwembad\"><\/div>\n\t<div class=\"ls-cta__title\">\n\t\tZwembad\t<\/div>\n\n\t<\/a><\/div><div class=\"wp-block-column\">\n\n<a href=\"https:\/\/www.camping-erromardie.com\/nl\/camping-bidart\/stacaravans\/\" target=\"\" rel=\"noopener\" class=\"ls-cta__link\" data-categ=\"\">\n\t<div class=\"ls-cta__image\"><img decoding=\"async\" src=\"https:\/\/www.camping-erromardie.com\/wp-content\/uploads\/2025\/04\/Camping-Erromardie-environnement-23-1.jpg\" alt=\"\"><\/div>\n\t<div class=\"ls-cta__title\">\n\t\tStacaravans\t<\/div>\n\n\t<\/a><\/div><div class=\"wp-block-column\">\n\n<a href=\"https:\/\/www.camping-erromardie.com\/nl\/vrijetijdsactiviteiten-camping-pays-baskisch\/\" target=\"\" rel=\"noopener\" class=\"ls-cta__link\" data-categ=\"\">\n\t<div class=\"ls-cta__image\"><img decoding=\"async\" src=\"https:\/\/www.camping-erromardie.com\/wp-content\/uploads\/2025\/04\/Camping-Erromardie-61_1.jpg\" alt=\"\"><\/div>\n\t<div class=\"ls-cta__title\">\n\t\tAmusement\t<\/div>\n\n\t<\/a><\/div><\/div>\n<\/div>\n\r\n    <\/div>\r\n<\/section>","protected":false},"excerpt":{"rendered":"","protected":false},"author":1,"featured_media":15272,"parent":18144,"menu_order":20,"comment_status":"closed","ping_status":"closed","template":"","meta":{"_acf_changed":false,"_seopress_robots_primary_cat":"","_seopress_titles_title":"Camping Bidart pas cher : Voordelige vakantie in Baskenland","_seopress_titles_desc":"Ontdek onze camping bij Bidart! Verblijf dicht bij de stranden met een zwembad, stacaravan of tent, tegen lage prijzen voor een onvergetelijke vakantie in Baskenland. ","_seopress_robots_index":"","footnotes":""},"sujet":[],"class_list":["post-17986","page","type-page","status-publish","has-post-thumbnail","hentry"],"acf":[],"_links":{"self":[{"href":"https:\/\/www.camping-erromardie.com\/nl\/wp-json\/wp\/v2\/pages\/17986","targetHints":{"allow":["GET"]}}],"collection":[{"href":"https:\/\/www.camping-erromardie.com\/nl\/wp-json\/wp\/v2\/pages"}],"about":[{"href":"https:\/\/www.camping-erromardie.com\/nl\/wp-json\/wp\/v2\/types\/page"}],"author":[{"embeddable":true,"href":"https:\/\/www.camping-erromardie.com\/nl\/wp-json\/wp\/v2\/users\/1"}],"replies":[{"embeddable":true,"href":"https:\/\/www.camping-erromardie.com\/nl\/wp-json\/wp\/v2\/comments?post=17986"}],"version-history":[{"count":6,"href":"https:\/\/www.camping-erromardie.com\/nl\/wp-json\/wp\/v2\/pages\/17986\/revisions"}],"predecessor-version":[{"id":19794,"href":"https:\/\/www.camping-erromardie.com\/nl\/wp-json\/wp\/v2\/pages\/17986\/revisions\/19794"}],"up":[{"embeddable":true,"href":"https:\/\/www.camping-erromardie.com\/nl\/wp-json\/wp\/v2\/pages\/18144"}],"wp:featuredmedia":[{"embeddable":true,"href":"https:\/\/www.camping-erromardie.com\/nl\/wp-json\/wp\/v2\/media\/15272"}],"wp:attachment":[{"href":"https:\/\/www.camping-erromardie.com\/nl\/wp-json\/wp\/v2\/media?parent=17986"}],"wp:term":[{"taxonomy":"sujet","embeddable":true,"href":"https:\/\/www.camping-erromardie.com\/nl\/wp-json\/wp\/v2\/sujet?post=17986"}],"curies":[{"name":"wp","href":"https:\/\/api.w.org\/{rel}","templated":true}]}}