{"id":18666,"date":"2025-03-14T16:53:12","date_gmt":"2025-03-14T15:53:12","guid":{"rendered":"https:\/\/www.camping-erromardie.com\/accueil-pmr\/"},"modified":"2025-06-12T13:20:41","modified_gmt":"2025-06-12T11:20:41","slug":"casa-movil-ostadara-san-juan-de-luz","status":"publish","type":"page","link":"https:\/\/www.camping-erromardie.com\/es\/casa-movil-ostadara-san-juan-de-luz\/","title":{"rendered":"Camping PMR"},"content":{"rendered":"<section id=\"ls-section-block_8f261532f4903b8c8c149d2b7230566f\" class=\"ls-section  page-titre\" >\r\n        <div class=\"container container--wide\">\r\n        \n\n<h1 class=\"ls__heading wp-block-heading has-text-align-center has-color-4-color has-text-color has-link-color wp-elements-d7e326ebf611cdee513e531ad55f8da2\">Camping PMR<\/h1>\n\n\r\n    <\/div>\r\n<\/section><section id=\"ls-section-block_e510519c4e438c4c42205873b7a3c019\" class=\"ls-section  home-first page-one has-p-b p-b-14\" >\r\n        <div class=\"container container--wide\">\r\n        \n\n<div class=\"wp-block-columns is-layout-flex wp-container-core-columns-is-layout-9d6595d7 wp-block-columns-is-layout-flex\">\n<div class=\"wp-block-column is-layout-flow wp-block-column-is-layout-flow\" style=\"flex-basis:33.33%\">\n<div class=\"wp-block-columns is-layout-flex wp-container-core-columns-is-layout-9d6595d7 wp-block-columns-is-layout-flex\">\n<div class=\"wp-block-column column-border is-layout-flow wp-block-column-is-layout-flow\">\n<h2 class=\"ls__heading wp-block-heading\">Camping PMR<\/h2>\n\n\n\n<p class=\"ls-paragraph\">El camping es accesible en silla de ruedas; es llano y llano. La lanzadera tiene acceso para sillas de ruedas y se puede reservar a trav\u00e9s de la red HEGOBUS de transporte en el Pa\u00eds Vasco. <\/p>\n\n\n\n<p class=\"ls-paragraph\">Nuevo: Ahora tenemos una base de Fitness accesible, as\u00ed como una categor\u00eda de parcelas descubiertas con agua, electricidad e instalaciones sanitarias de acceso para discapacitados.<\/p>\n<\/div>\n<\/div>\n<\/div>\n\n\n\n<div class=\"wp-block-column is-layout-flow wp-block-column-is-layout-flow\" style=\"flex-basis:66.66%\">\n<figure class=\"wp-block-gallery has-nested-images columns-default is-cropped wp-block-gallery-1 is-layout-flex wp-block-gallery-is-layout-flex\">\n<figure class=\"wp-block-image size-full animated fadeIn delay-200ms\"><a href=\"https:\/\/www.camping-erromardie.com\/wp-content\/uploads\/2025\/04\/Camping-PMR-pays-basque-erromardie.jpg\"><img loading=\"lazy\" decoding=\"async\" width=\"2000\" height=\"1335\" data-id=\"12333\" src=\"https:\/\/www.camping-erromardie.com\/wp-content\/uploads\/2025\/04\/Camping-PMR-pays-basque-erromardie.jpg\" alt=\"Camping PMR pays basque erromardie\" class=\"wp-image-12333\" srcset=\"https:\/\/www.camping-erromardie.com\/wp-content\/uploads\/2025\/04\/Camping-PMR-pays-basque-erromardie.jpg 2000w, https:\/\/www.camping-erromardie.com\/wp-content\/uploads\/2025\/04\/Camping-PMR-pays-basque-erromardie-300x200.jpg 300w, https:\/\/www.camping-erromardie.com\/wp-content\/uploads\/2025\/04\/Camping-PMR-pays-basque-erromardie-1024x684.jpg 1024w, https:\/\/www.camping-erromardie.com\/wp-content\/uploads\/2025\/04\/Camping-PMR-pays-basque-erromardie-768x513.jpg 768w, https:\/\/www.camping-erromardie.com\/wp-content\/uploads\/2025\/04\/Camping-PMR-pays-basque-erromardie-1536x1025.jpg 1536w\" sizes=\"auto, (max-width: 2000px) 100vw, 2000px\" \/><\/a><\/figure>\n\n\n\n<figure class=\"wp-block-image size-full animated fadeIn\"><a href=\"https:\/\/www.camping-erromardie.com\/wp-content\/uploads\/2025\/04\/Chambre-PMR-Camping-pays-basque.jpg\"><img loading=\"lazy\" decoding=\"async\" width=\"2000\" height=\"1335\" data-id=\"12368\" src=\"https:\/\/www.camping-erromardie.com\/wp-content\/uploads\/2025\/04\/Chambre-PMR-Camping-pays-basque.jpg\" alt=\"Habitaci&#xF3;n PMR Camping pays basque\" class=\"wp-image-12368\" srcset=\"https:\/\/www.camping-erromardie.com\/wp-content\/uploads\/2025\/04\/Chambre-PMR-Camping-pays-basque.jpg 2000w, https:\/\/www.camping-erromardie.com\/wp-content\/uploads\/2025\/04\/Chambre-PMR-Camping-pays-basque-300x200.jpg 300w, https:\/\/www.camping-erromardie.com\/wp-content\/uploads\/2025\/04\/Chambre-PMR-Camping-pays-basque-1024x684.jpg 1024w, https:\/\/www.camping-erromardie.com\/wp-content\/uploads\/2025\/04\/Chambre-PMR-Camping-pays-basque-768x513.jpg 768w, https:\/\/www.camping-erromardie.com\/wp-content\/uploads\/2025\/04\/Chambre-PMR-Camping-pays-basque-1536x1025.jpg 1536w\" sizes=\"auto, (max-width: 2000px) 100vw, 2000px\" \/><\/a><\/figure>\n<\/figure>\n<\/div>\n<\/div>\n\n\r\n    <\/div>\r\n<\/section><section id=\"ls-section-block_a5a2d7858e3298bb62b17afb2a8b9900\" class=\"ls-section  home-first page-two has-background has-color-6-background-color\" >\r\n        <div class=\"container container--wide\">\r\n        \n\n<div class=\"wp-block-columns is-layout-flex wp-container-core-columns-is-layout-9d6595d7 wp-block-columns-is-layout-flex\">\n<div class=\"wp-block-column is-layout-flow wp-block-column-is-layout-flow\" style=\"flex-basis:66.66%\">\n<figure class=\"wp-block-gallery has-nested-images columns-default is-cropped wp-block-gallery-2 is-layout-flex wp-block-gallery-is-layout-flex\">\n<figure class=\"wp-block-image size-full animated fadeIn delay-200ms\"><a href=\"https:\/\/www.camping-erromardie.com\/wp-content\/uploads\/2025\/04\/toilettes-PMR-pays-basque.jpg\"><img loading=\"lazy\" decoding=\"async\" width=\"2000\" height=\"1335\" data-id=\"12343\" src=\"https:\/\/www.camping-erromardie.com\/wp-content\/uploads\/2025\/04\/toilettes-PMR-pays-basque.jpg\" alt=\"aseo PMR paga vasco\" class=\"wp-image-12343\" srcset=\"https:\/\/www.camping-erromardie.com\/wp-content\/uploads\/2025\/04\/toilettes-PMR-pays-basque.jpg 2000w, https:\/\/www.camping-erromardie.com\/wp-content\/uploads\/2025\/04\/toilettes-PMR-pays-basque-300x200.jpg 300w, https:\/\/www.camping-erromardie.com\/wp-content\/uploads\/2025\/04\/toilettes-PMR-pays-basque-1024x684.jpg 1024w, https:\/\/www.camping-erromardie.com\/wp-content\/uploads\/2025\/04\/toilettes-PMR-pays-basque-768x513.jpg 768w, https:\/\/www.camping-erromardie.com\/wp-content\/uploads\/2025\/04\/toilettes-PMR-pays-basque-1536x1025.jpg 1536w\" sizes=\"auto, (max-width: 2000px) 100vw, 2000px\" \/><\/a><\/figure>\n\n\n\n<figure class=\"wp-block-image size-full animated fadeIn\"><a href=\"https:\/\/www.camping-erromardie.com\/wp-content\/uploads\/2025\/04\/Cuisine-Camping-PMR-pays-basque.jpg\"><img loading=\"lazy\" decoding=\"async\" width=\"2000\" height=\"1335\" data-id=\"12348\" src=\"https:\/\/www.camping-erromardie.com\/wp-content\/uploads\/2025\/04\/Cuisine-Camping-PMR-pays-basque.jpg\" alt=\"Cocina Camping PMR pays basque\" class=\"wp-image-12348\" srcset=\"https:\/\/www.camping-erromardie.com\/wp-content\/uploads\/2025\/04\/Cuisine-Camping-PMR-pays-basque.jpg 2000w, https:\/\/www.camping-erromardie.com\/wp-content\/uploads\/2025\/04\/Cuisine-Camping-PMR-pays-basque-300x200.jpg 300w, https:\/\/www.camping-erromardie.com\/wp-content\/uploads\/2025\/04\/Cuisine-Camping-PMR-pays-basque-1024x684.jpg 1024w, https:\/\/www.camping-erromardie.com\/wp-content\/uploads\/2025\/04\/Cuisine-Camping-PMR-pays-basque-768x513.jpg 768w, https:\/\/www.camping-erromardie.com\/wp-content\/uploads\/2025\/04\/Cuisine-Camping-PMR-pays-basque-1536x1025.jpg 1536w\" sizes=\"auto, (max-width: 2000px) 100vw, 2000px\" \/><\/a><\/figure>\n<\/figure>\n<\/div>\n\n\n\n<div class=\"wp-block-column is-layout-flow wp-block-column-is-layout-flow\" style=\"flex-basis:33.33%\">\n<div class=\"wp-block-columns is-layout-flex wp-container-core-columns-is-layout-9d6595d7 wp-block-columns-is-layout-flex\">\n<div class=\"wp-block-column column-border is-layout-flow wp-block-column-is-layout-flow\">\n<h2 class=\"ls__heading wp-block-heading has-color-1-color has-text-color has-link-color wp-elements-fae8659eb790888261b23938523e615b\">La casa m\u00f3vil PMR<\/h2>\n\n\n\n<p class=\"ls-paragraph\">La casa m\u00f3vil OSTADARA es accesible para PMR y tiene :<\/p>\n\n\n\n<ul class=\"ls-list ls-list-undefined wp-block-list\">\n<li>una superficie de 30,5 m2<\/li>\n\n\n\n<li>una terraza cubierta de 18 m2<\/li>\n\n\n\n<li>2 habitaciones<\/li>\n<\/ul>\n\n\n\n<p class=\"ls-paragraph\">y muchos m\u00e1s &#8230;<\/p>\n<\/div>\n<\/div>\n<\/div>\n<\/div>\n\n\r\n    <\/div>\r\n<\/section><section id=\"ls-section-block_8f261532f4903b8c8c149d2b7230566f\" class=\"ls-section  page-titre\" >\r\n        <div class=\"container container--wide\">\r\n        \n\n<div id=\"ls-maillage-block_8dba4b0109ce2438a825dc9d40f7b14b\" class=\"ls-maillage cta-style-normal\" data-rows=\"3\">\n\n    <div class=\"wp-block-columns\"><div class=\"wp-block-column\"><div class=\"ls-hebergement\" data-postid='18666' data-id-reservation='' data-id-site='' data-id1='' data-nombre_de_personnes='' data-nombre_de_chambres='' data-last-update='' data-type=''>\n\t\t\t<div class=\"ls-hebergement__thumb\">\n\t\t\t\t\t\t<img decoding=\"async\" src=\"https:\/\/www.camping-erromardie.com\/wp-content\/uploads\/2025\/03\/pict_17_1.jpg\" alt=\"MH OSTADARA 4 pers PMR\" \/>\n\t\t<\/div>\n\t\t<div class=\"ls-hebergement__content\">\n\n\n\t\t\t<div class=\"ls-hebergement__title\">\n\t\t\t\tMH OSTADARA 4 pers PMR\t\t\t<\/div>\n\n\n\t\t\t<div class=\"ls-hebergement__icons\">\n\n\t\t\t\t\t\t\t\t\t<span class=\"ls-hebergement__icon\">\n\t\t\t\t\t\t<i class=\"erromardie-personne\"><\/i>\n\t\t\t\t\t\t<span>\n\t\t\t\t\t\t\t4\t\t\t\t\t\t<\/span>\n\t\t\t\t\t<\/span>\n\t\t\t\t\n\t\t\t\t\t\t\t\t\t<span class=\"ls-hebergement__icon\">\n\t\t\t\t\t\t<i class=\"erromardie-porte-ouverte\"><\/i>\n\t\t\t\t\t\t<span>\n\t\t\t\t\t\t\t2\t\t\t\t\t\t<\/span>\n\t\t\t\t\t<\/span>\n\t\t\t\t\n\t\t\t\t\t\t\t\t\t<span class=\"ls-hebergement__icon\">\n\t\t\t\t\t\t<i class=\"erromardie-douche\"><\/i>\n\t\t\t\t\t\t<span>\n\t\t\t\t\t\t\t1\t\t\t\t\t\t<\/span>\n\t\t\t\t\t<\/span>\n\t\t\t\t\n\t\t\t\t\t\t\t\t\t<span class=\"ls-hebergement__icon\">\n\t\t\t\t\t\t<i class=\"erromardie-surface\"><\/i>\n\t\t\t\t\t\t<span>\n\t\t\t\t\t\t\t30m\u00b2\n\t\t\t\t\t\t<\/span>\n\t\t\t\t\t<\/span>\n\t\t\t\t\n\t\t\t<\/div>\n\n\t\t\t<div class=\"ls-hebergement__disponibilites\">\n\t\t\t\tDescubre\t\t\t<\/div>\n\t\t<\/div>\n\t\t<div class=\"ls-single-hebergement\" data-postid='1225' data-id-reservation='17' data-id-site='5031' data-id1='80122' data-nombre_de_personnes='4' data-nombre_de_chambres='2' data-last-update='2025-11-04 11:08:32' data-type='location-fr mobil-home-fr' data-options-hebergements='animaux-autorises-es chauffage-es climatisation-es micro-ondes-es parking-1-place-es pmr-es refrigerateur-es salle-de-bain-es television-es'>\n\t<div class=\"container\">\n\n\t\t\t\t\t<div class=\"ls-single-hebergement__close\">\n\t\t\t\t<i class=\"fas fa-times\"><\/i> Fermer\t\t\t<\/div>\n\t\t\t\t<div class=\"ls-single-hebergement__thumbnail\">\n\t\t\t<img loading=\"lazy\" decoding=\"async\" width=\"800\" height=\"533\" src=\"https:\/\/www.camping-erromardie.com\/wp-content\/uploads\/2025\/03\/pict_17_1.jpg\" class=\"attachment-full size-full wp-post-image\" alt=\"\" srcset=\"https:\/\/www.camping-erromardie.com\/wp-content\/uploads\/2025\/03\/pict_17_1.jpg 800w, https:\/\/www.camping-erromardie.com\/wp-content\/uploads\/2025\/03\/pict_17_1-300x200.jpg 300w, https:\/\/www.camping-erromardie.com\/wp-content\/uploads\/2025\/03\/pict_17_1-768x512.jpg 768w\" sizes=\"auto, (max-width: 800px) 100vw, 800px\" \/>\t\t<\/div>\n\t\t<div class=\"wp-block-columns\">\n\t\t\t<div class=\"wp-block-column\" style=\"flex-basis:66.66%\">\n\n\t\t\t\t<div class=\"ls-single-hebergement__title\">MH OSTADARA 4 pers PMR<\/div>\n\n\t\t\t\t<div class=\"ls-single-hebergement__icons\">\n\t\t\t\t\t\t\t\t\t\t\t<span class=\"ls-single-hebergement__icon\">\n\t\t\t\t\t\t\t<i class=\"erromardie-personne\"><\/i>\n\t\t\t\t\t\t\t\t\t\t\t\t\t\t\t<span>4 pers.<\/span>\n\t\t\t\t\t\t\t\t\t\t\t\t\t<\/span>\n\t\t\t\t\t\n\t\t\t\t\t\t\t\t\t\t\t<span class=\"ls-single-hebergement__icon\">\n\t\t\t\t\t\t\t<i class=\"erromardie-porte-ouverte\"><\/i>\n\t\t\t\t\t\t\t\t\t\t\t\t\t\t\t<span>2 ch.<\/span>\n\t\t\t\t\t\t\t\t\t\t\t\t\t<\/span>\n\t\t\t\t\t\n\t\t\t\t\t\t\t\t\t\t\t<span class=\"ls-single-hebergement__icon\">\n\t\t\t\t\t\t\t<i class=\"erromardie-douche\"><\/i>\n\t\t\t\t\t\t\t\t\t\t\t\t\t\t\t<span>1 SDB<\/span>\n\t\t\t\t\t\t\t\t\t\t\t\t\t<\/span>\n\t\t\t\t\t\n\n\t\t\t\t\t\t\t\t\t\t\t<span class=\"ls-single-hebergement__icon\">\n\t\t\t\t\t\t\t<i class=\"erromardie-surface\"><\/i>\n\t\t\t\t\t\t\t<span>30m\u00b2<\/span>\n\t\t\t\t\t\t<\/span>\n\t\t\t\t\t\n\t\t\t\t<\/div> <!-- End icons -->\n\n\t\t\t\t<div class=\"ls-single-hebergement__description\">\n\t\t\t\t\tMH OSTADARA PMR\nAnciennet\u00e9 : 0 \u00e0 7 ans\nSurface : 31m\u00b2\nCapacit\u00e9 : 4 personnes\nTerrasse couverte : 18 m2. \nClimatisation +  2 T\u00e9l\u00e9visions (1 dans la chambre + 1 dans le salon) \nCuisine : \u00e9vier inox, gaz 4 feux, frigo table top, chauffe-eau, micro-onde, bouilloire, cafeti\u00e8re \u00e0 filtre, grille-pain, table, chaises de jardin.\nDimensions de couchages : 2 chambres, 1 lit de 140 x 190 cm, 2 lits de 80 x 200 cm superpos\u00e9s.\nChauffage.\nSalle de bain : douche, lavabo, WC ind\u00e9pendant.\nUstensiles de cuisine et m\u00e9nage : vaisselle compl\u00e8te, table et chaise de jardin \u00e0 l&#8217;ext\u00e9rieur.\nOreillers et couettes fournis. Vous munir de draps et linge personnel.\n\t\t\t\t\t\t\t\t\t<\/div>\n\n\t\t\t\t\t\t\t<\/div>\n\t\t\t<div class=\"wp-block-column\" style=\"flex-basis:33.333%\">\n\t\t\t\t<div class=\"ls-single-hebergement__sidebar\">\n\t\t\t\t\t<div class=\"ls-single-hebergement__sidebar__title\">Tu estancia<\/div>\n\t\t\t\t\t<form class=\"form-resa form-resa--single\">\n\t\t\t\t\t\t<div class=\"form-resa__dates\">\n\t\t\t\t\t\t\t<div class=\"form-resa__date\">\n\t\t\t\t\t\t\t\t\t\t\t\t\t\t\t\t<input autocomplete=\"off\" id=\"form-resa-single__start\" value=\"\" class=\"datepicker datepicker--start\" type=\"text\" placeholder=\"Llegada\">\n\t\t\t\t\t\t\t<\/div>\n\t\t\t\t\t\t\t<span>-<\/span>\n\t\t\t\t\t\t\t<div class=\"form-resa__date\">\n\t\t\t\t\t\t\t\t\t\t\t\t\t\t\t\t<input autocomplete=\"off\" id=\"form-resa-single__end\" value=\"\" class=\"datepicker datepicker--end\" type=\"text\" placeholder=\"D\u00e9part\">\n\t\t\t\t\t\t\t<\/div>\n\t\t\t\t\t\t<\/div>\n\t\t\t\t\t<\/form>\n\t\t\t\t\t<div class=\"disponibilite-wrap ls-dispo\">\n\t\t\t\t\t\tDescubre\t\t\t\t\t<\/div>\n\t\t\t\t<\/div>\n\t\t\t<\/div>\n\t\t<\/div>\n\t\t\t\t\t<div class=\"ls-single-hebergement__galerie\">\n\t\t\t\t\t\t\t\t\t<div class=\"ls-single-hebergement__galerie__image\">\n\t\t\t\t\t\t<a href=\"https:\/\/www.camping-erromardie.com\/wp-content\/uploads\/2025\/03\/pict_17_2.jpg\" data-fancybox=\"hebergement\">\n\t\t\t\t\t\t\t<img decoding=\"async\" src=\"https:\/\/www.camping-erromardie.com\/wp-content\/uploads\/2025\/03\/pict_17_2.jpg\" alt=\"\" \/>\n\t\t\t\t\t\t<\/a>\n\t\t\t\t\t<\/div>\n\t\t\t\t\t\t\t\t\t<div class=\"ls-single-hebergement__galerie__image\">\n\t\t\t\t\t\t<a href=\"https:\/\/www.camping-erromardie.com\/wp-content\/uploads\/2025\/03\/pict_17_3.jpg\" data-fancybox=\"hebergement\">\n\t\t\t\t\t\t\t<img decoding=\"async\" src=\"https:\/\/www.camping-erromardie.com\/wp-content\/uploads\/2025\/03\/pict_17_3.jpg\" alt=\"\" \/>\n\t\t\t\t\t\t<\/a>\n\t\t\t\t\t<\/div>\n\t\t\t\t\t\t\t\t\t<div class=\"ls-single-hebergement__galerie__image\">\n\t\t\t\t\t\t<a href=\"https:\/\/www.camping-erromardie.com\/wp-content\/uploads\/2025\/03\/pict_17_4.jpg\" data-fancybox=\"hebergement\">\n\t\t\t\t\t\t\t<img decoding=\"async\" src=\"https:\/\/www.camping-erromardie.com\/wp-content\/uploads\/2025\/03\/pict_17_4.jpg\" alt=\"\" \/>\n\t\t\t\t\t\t<\/a>\n\t\t\t\t\t<\/div>\n\t\t\t\t\t\t\t\t\t<div class=\"ls-single-hebergement__galerie__image\">\n\t\t\t\t\t\t<a href=\"https:\/\/www.camping-erromardie.com\/wp-content\/uploads\/2025\/03\/pict_17_5.jpg\" data-fancybox=\"hebergement\">\n\t\t\t\t\t\t\t<img decoding=\"async\" src=\"https:\/\/www.camping-erromardie.com\/wp-content\/uploads\/2025\/03\/pict_17_5.jpg\" alt=\"\" \/>\n\t\t\t\t\t\t<\/a>\n\t\t\t\t\t<\/div>\n\t\t\t\t\t\t\t\t\t<div class=\"ls-single-hebergement__galerie__image\">\n\t\t\t\t\t\t<a href=\"https:\/\/www.camping-erromardie.com\/wp-content\/uploads\/2025\/03\/pict_17_6.jpg\" data-fancybox=\"hebergement\">\n\t\t\t\t\t\t\t<img decoding=\"async\" src=\"https:\/\/www.camping-erromardie.com\/wp-content\/uploads\/2025\/03\/pict_17_6.jpg\" alt=\"\" \/>\n\t\t\t\t\t\t<\/a>\n\t\t\t\t\t<\/div>\n\t\t\t\t\t\t\t\t\t<div class=\"ls-single-hebergement__galerie__image\">\n\t\t\t\t\t\t<a href=\"https:\/\/www.camping-erromardie.com\/wp-content\/uploads\/2025\/03\/pict_17_7.jpg\" data-fancybox=\"hebergement\">\n\t\t\t\t\t\t\t<img decoding=\"async\" src=\"https:\/\/www.camping-erromardie.com\/wp-content\/uploads\/2025\/03\/pict_17_7.jpg\" alt=\"\" \/>\n\t\t\t\t\t\t<\/a>\n\t\t\t\t\t<\/div>\n\t\t\t\t\t\t\t<\/div>\n\t\t\t<\/div>\n<\/div><\/div><\/div><\/div>\n<\/div>\n\r\n    <\/div>\r\n<\/section><section id=\"ls-section-block_a65979e83cc39b9432ed9f0979326b70\" class=\"ls-section  page-cta\" >\r\n        <div class=\"container container--wide\">\r\n        \n\n<div id=\"ls-heading ls-titre-div-block_7498a3b426dac08acfc97a017eaf4d36\" class=\"ls-titre-div aligncenter h2-like has-text-color has-color-1-color\" >\n    Descubre nuestro paseo mar\u00edtimo, parcelas y mobil homes<\/div>\n\n\n\n<div id=\"ls-maillage-block_d1a6b6f91d80b55d995bba5d9e0091fe\" class=\"ls-maillage cta-style-normal\" data-rows=\"3\">\n\n    <div class=\"wp-block-columns\"><div class=\"wp-block-column\">\n\n<a href=\"https:\/\/www.camping-erromardie.com\/es\/alquiler-mobil-home-pais-vasco\/\" target=\"\" rel=\"noopener\" class=\"ls-cta__link\" data-categ=\"\">\n\t<div class=\"ls-cta__image\"><img decoding=\"async\" src=\"https:\/\/www.camping-erromardie.com\/wp-content\/uploads\/2025\/04\/Camping-Erromardie-environnement-4-scaled.jpg\" alt=\"\"><\/div>\n\t<div class=\"ls-cta__title\">\n\t\tMobil-homes\t<\/div>\n\n\t<\/a><\/div><div class=\"wp-block-column\">\n\n<a href=\"https:\/\/www.camping-erromardie.com\/es\/camping-pais-vasco-orillas-del-mar\/\" target=\"\" rel=\"noopener\" class=\"ls-cta__link\" data-categ=\"\">\n\t<div class=\"ls-cta__image\"><img decoding=\"async\" src=\"https:\/\/www.camping-erromardie.com\/wp-content\/uploads\/2025\/04\/Erromardie-88.jpg\" alt=\"\"><\/div>\n\t<div class=\"ls-cta__title\">\n\t\tA orillas del mar\t<\/div>\n\n\t<\/a><\/div><div class=\"wp-block-column\">\n\n<a href=\"https:\/\/www.camping-erromardie.com\/es\/parcelas-pais-vasco\/\" target=\"\" rel=\"noopener\" class=\"ls-cta__link\" data-categ=\"\">\n\t<div class=\"ls-cta__image\"><img decoding=\"async\" src=\"https:\/\/www.camping-erromardie.com\/wp-content\/uploads\/2025\/04\/Location-emplacement-camping-car-pays-basque.jpg\" alt=\"\"><\/div>\n\t<div class=\"ls-cta__title\">\n\t\tParcelas\t<\/div>\n\n\t<\/a><\/div><\/div>\n<\/div>\n\r\n    <\/div>\r\n<\/section>","protected":false},"excerpt":{"rendered":"","protected":false},"author":1,"featured_media":17244,"parent":0,"menu_order":59,"comment_status":"closed","ping_status":"closed","template":"","meta":{"_acf_changed":false,"_seopress_robots_primary_cat":"","_seopress_titles_title":"Camping PMR en el Pa\u00eds Vasco : alquiler de mobil home PMR St Jean de Luz","_seopress_titles_desc":"Descubre nuestro camping PMR en el Pa\u00eds Vasco, en San Juan de Luz: terreno llano y llano, mobil homes OSTADARA adaptadas, parcelas con sanitarios accesibles y autob\u00fas lanzadera PMR HEGOBUS. \u00a1Vacaciones c\u00f3modas e inclusivas garantizadas! ","_seopress_robots_index":"","footnotes":""},"sujet":[],"class_list":["post-18666","page","type-page","status-publish","has-post-thumbnail","hentry"],"acf":[],"_links":{"self":[{"href":"https:\/\/www.camping-erromardie.com\/es\/wp-json\/wp\/v2\/pages\/18666","targetHints":{"allow":["GET"]}}],"collection":[{"href":"https:\/\/www.camping-erromardie.com\/es\/wp-json\/wp\/v2\/pages"}],"about":[{"href":"https:\/\/www.camping-erromardie.com\/es\/wp-json\/wp\/v2\/types\/page"}],"author":[{"embeddable":true,"href":"https:\/\/www.camping-erromardie.com\/es\/wp-json\/wp\/v2\/users\/1"}],"replies":[{"embeddable":true,"href":"https:\/\/www.camping-erromardie.com\/es\/wp-json\/wp\/v2\/comments?post=18666"}],"version-history":[{"count":5,"href":"https:\/\/www.camping-erromardie.com\/es\/wp-json\/wp\/v2\/pages\/18666\/revisions"}],"predecessor-version":[{"id":19900,"href":"https:\/\/www.camping-erromardie.com\/es\/wp-json\/wp\/v2\/pages\/18666\/revisions\/19900"}],"wp:featuredmedia":[{"embeddable":true,"href":"https:\/\/www.camping-erromardie.com\/es\/wp-json\/wp\/v2\/media\/17244"}],"wp:attachment":[{"href":"https:\/\/www.camping-erromardie.com\/es\/wp-json\/wp\/v2\/media?parent=18666"}],"wp:term":[{"taxonomy":"sujet","embeddable":true,"href":"https:\/\/www.camping-erromardie.com\/es\/wp-json\/wp\/v2\/sujet?post=18666"}],"curies":[{"name":"wp","href":"https:\/\/api.w.org\/{rel}","templated":true}]}}