{"id":18645,"date":"2025-03-14T16:52:24","date_gmt":"2025-03-14T15:52:24","guid":{"rendered":"https:\/\/www.camping-erromardie.com\/piscine\/"},"modified":"2025-05-26T10:18:00","modified_gmt":"2025-05-26T08:18:00","slug":"acampar-pais-con-piscina-vasco","status":"publish","type":"page","link":"https:\/\/www.camping-erromardie.com\/es\/acampar-pais-con-piscina-vasco\/","title":{"rendered":"Piscina"},"content":{"rendered":"<section id=\"ls-section-block_025e89d40ff67d0395f7de4f2b13ac28\" class=\"ls-section  page-titre\" >\r\n        <div class=\"container container--wide\">\r\n        \n\n<h1 class=\"ls__heading wp-block-heading has-text-align-center has-color-4-color has-text-color has-link-color wp-elements-a9b9b5542fe21d7bbc6a5aa41efda31d\">Camping con piscina Pays Basque<\/h1>\n\n\r\n    <\/div>\r\n<\/section><section id=\"pataugeoire\" class=\"ls-section  home-first page-one has-p-b p-b-15\" >\r\n        <div class=\"container container--wide\">\r\n        \n\n<div class=\"wp-block-columns is-layout-flex wp-container-core-columns-is-layout-9d6595d7 wp-block-columns-is-layout-flex\">\n<div class=\"wp-block-column is-layout-flow wp-block-column-is-layout-flow\" style=\"flex-basis:33.33%\">\n<div class=\"wp-block-columns is-layout-flex wp-container-core-columns-is-layout-9d6595d7 wp-block-columns-is-layout-flex\">\n<div class=\"wp-block-column column-border is-layout-flow wp-block-column-is-layout-flow\">\n<h2 class=\"ls__heading wp-block-heading has-color-1-color has-text-color has-link-color wp-elements-51c32215523fd3109d512933bbe0679f\">La piscina est\u00e1 abierta todos los d\u00edas de 10 a 19 h.<\/h2>\n\n\n\n<p class=\"ls-paragraph\">En nuestro <strong>camping con piscina en San Juan de<\/strong> Luz, tendr\u00e1s acceso a la playa de Erromardie, y tambi\u00e9n podr\u00e1s ba\u00f1arte en nuestra <strong>zona de piscina cubierta y climatizada<\/strong> para mayor comodidad.<br \/>Un peque\u00f1o capricho del tiempo, un cambio de temperatura o simplemente ganas de nadar a cubierto o relajarte al calor del agua &#8230;.. eso es todo: dir\u00edgete a <em>la piscina cubierta<\/em> del camping.<br \/>T\u00fa y tu familia os sentir\u00e9is como en casa en este entorno, ya que <em>la piscina del camping de San Juan de Luz<\/em> es un remanso de paz para ni\u00f1os y mayores. <\/p>\n\n\n\n<p class=\"ls-paragraph\">Ven a nuestro <a href=\"https:\/\/www.camping-erromardie.com\/es\/\" data-type=\"page\" data-id=\"270\">camping del Pa\u00eds Vasco<\/a>, antes y despu\u00e9s de la temporada estival, y disfruta de nuestra <strong>zona de piscina cubierta<\/strong>, sin olvidar la playa y el sol de nuestra regi\u00f3n de Aquitania.<\/p>\n<\/div>\n<\/div>\n<\/div>\n\n\n\n<div class=\"wp-block-column is-layout-flow wp-block-column-is-layout-flow\" style=\"flex-basis:66.66%\">\n<figure class=\"wp-block-gallery has-nested-images columns-default is-cropped wp-block-gallery-1 is-layout-flex wp-block-gallery-is-layout-flex\">\n<figure class=\"wp-block-image size-full animated fadeIn delay-200ms\"><a href=\"https:\/\/www.camping-erromardie.com\/wp-content\/uploads\/2025\/04\/La-piscine-du-camping-Erromardie-2-e1744288741444.jpg\"><img loading=\"lazy\" decoding=\"async\" width=\"2000\" height=\"1207\" data-id=\"13035\" src=\"https:\/\/www.camping-erromardie.com\/wp-content\/uploads\/2025\/04\/La-piscine-du-camping-Erromardie-2-e1744288741444.jpg\" alt=\"La piscina del camping Erromardie\" class=\"wp-image-13035\" srcset=\"https:\/\/www.camping-erromardie.com\/wp-content\/uploads\/2025\/04\/La-piscine-du-camping-Erromardie-2-e1744288741444.jpg 2000w, https:\/\/www.camping-erromardie.com\/wp-content\/uploads\/2025\/04\/La-piscine-du-camping-Erromardie-2-e1744288741444-300x181.jpg 300w, https:\/\/www.camping-erromardie.com\/wp-content\/uploads\/2025\/04\/La-piscine-du-camping-Erromardie-2-e1744288741444-1024x618.jpg 1024w, https:\/\/www.camping-erromardie.com\/wp-content\/uploads\/2025\/04\/La-piscine-du-camping-Erromardie-2-e1744288741444-768x463.jpg 768w, https:\/\/www.camping-erromardie.com\/wp-content\/uploads\/2025\/04\/La-piscine-du-camping-Erromardie-2-e1744288741444-1536x927.jpg 1536w\" sizes=\"auto, (max-width: 2000px) 100vw, 2000px\" \/><\/a><\/figure>\n\n\n\n<figure class=\"wp-block-image size-full animated fadeIn\"><a href=\"https:\/\/www.camping-erromardie.com\/wp-content\/uploads\/2025\/04\/enfants-dans-la-piscine-scaled.jpg\"><img loading=\"lazy\" decoding=\"async\" width=\"1707\" height=\"2560\" data-id=\"13028\" src=\"https:\/\/www.camping-erromardie.com\/wp-content\/uploads\/2025\/04\/enfants-dans-la-piscine-scaled.jpg\" alt=\"ni&#xF1;os en la piscina\" class=\"wp-image-13028\" srcset=\"https:\/\/www.camping-erromardie.com\/wp-content\/uploads\/2025\/04\/enfants-dans-la-piscine-scaled.jpg 1707w, https:\/\/www.camping-erromardie.com\/wp-content\/uploads\/2025\/04\/enfants-dans-la-piscine-200x300.jpg 200w, https:\/\/www.camping-erromardie.com\/wp-content\/uploads\/2025\/04\/enfants-dans-la-piscine-683x1024.jpg 683w, https:\/\/www.camping-erromardie.com\/wp-content\/uploads\/2025\/04\/enfants-dans-la-piscine-768x1152.jpg 768w, https:\/\/www.camping-erromardie.com\/wp-content\/uploads\/2025\/04\/enfants-dans-la-piscine-1024x1536.jpg 1024w, https:\/\/www.camping-erromardie.com\/wp-content\/uploads\/2025\/04\/enfants-dans-la-piscine-1365x2048.jpg 1365w\" sizes=\"auto, (max-width: 1707px) 100vw, 1707px\" \/><\/a><\/figure>\n<\/figure>\n<\/div>\n<\/div>\n\n\r\n    <\/div>\r\n<\/section><section id=\"jeux-eau\" class=\"ls-section  home-first page-two has-background has-color-6-background-color\" >\r\n        <div class=\"container container--wide\">\r\n        \n\n<div class=\"wp-block-columns is-layout-flex wp-container-core-columns-is-layout-9d6595d7 wp-block-columns-is-layout-flex\">\n<div class=\"wp-block-column is-layout-flow wp-block-column-is-layout-flow\" style=\"flex-basis:66.66%\">\n<figure class=\"wp-block-gallery has-nested-images columns-default is-cropped wp-block-gallery-2 is-layout-flex wp-block-gallery-is-layout-flex\">\n<figure class=\"wp-block-image size-full animated fadeIn delay-200ms\"><a href=\"https:\/\/www.camping-erromardie.com\/wp-content\/uploads\/2025\/04\/DSC02857.jpg\"><img loading=\"lazy\" decoding=\"async\" width=\"667\" height=\"1000\" data-id=\"12286\" src=\"https:\/\/www.camping-erromardie.com\/wp-content\/uploads\/2025\/04\/DSC02857.jpg\" alt=\"DSC02857\" class=\"wp-image-12286\" srcset=\"https:\/\/www.camping-erromardie.com\/wp-content\/uploads\/2025\/04\/DSC02857.jpg 667w, https:\/\/www.camping-erromardie.com\/wp-content\/uploads\/2025\/04\/DSC02857-200x300.jpg 200w\" sizes=\"auto, (max-width: 667px) 100vw, 667px\" \/><\/a><\/figure>\n\n\n\n<figure class=\"wp-block-image size-full animated fadeIn\"><a href=\"https:\/\/www.camping-erromardie.com\/wp-content\/uploads\/2025\/04\/camping-avec-piscine-a-Saint-Jean-de-Luz_1.jpg\"><img loading=\"lazy\" decoding=\"async\" width=\"2000\" height=\"1336\" data-id=\"11550\" src=\"https:\/\/www.camping-erromardie.com\/wp-content\/uploads\/2025\/04\/camping-avec-piscine-a-Saint-Jean-de-Luz_1.jpg\" alt=\"camping con piscina en Saint Jean de Luz 1\" class=\"wp-image-11550\" srcset=\"https:\/\/www.camping-erromardie.com\/wp-content\/uploads\/2025\/04\/camping-avec-piscine-a-Saint-Jean-de-Luz_1.jpg 2000w, https:\/\/www.camping-erromardie.com\/wp-content\/uploads\/2025\/04\/camping-avec-piscine-a-Saint-Jean-de-Luz_1-300x200.jpg 300w, https:\/\/www.camping-erromardie.com\/wp-content\/uploads\/2025\/04\/camping-avec-piscine-a-Saint-Jean-de-Luz_1-1024x684.jpg 1024w, https:\/\/www.camping-erromardie.com\/wp-content\/uploads\/2025\/04\/camping-avec-piscine-a-Saint-Jean-de-Luz_1-768x513.jpg 768w, https:\/\/www.camping-erromardie.com\/wp-content\/uploads\/2025\/04\/camping-avec-piscine-a-Saint-Jean-de-Luz_1-1536x1026.jpg 1536w\" sizes=\"auto, (max-width: 2000px) 100vw, 2000px\" \/><\/a><\/figure>\n<\/figure>\n<\/div>\n\n\n\n<div class=\"wp-block-column is-layout-flow wp-block-column-is-layout-flow\" style=\"flex-basis:33.33%\">\n<div class=\"wp-block-columns is-layout-flex wp-container-core-columns-is-layout-9d6595d7 wp-block-columns-is-layout-flex\">\n<div class=\"wp-block-column column-border is-layout-flow wp-block-column-is-layout-flow\">\n<h2 class=\"ls__heading wp-block-heading has-color-1-color has-text-color has-link-color wp-elements-cb15a29da11a9fdd2db8276336fe5063\">Este espacio acu\u00e1tico cubierto y climatizado de la costa vasca<\/h2>\n\n\n\n<p class=\"ls-paragraph\">Podr\u00e1s ba\u00f1arte, relajarte, descansar, pasear y, por qu\u00e9 no, leer en las tumbonas que te ofrece el <strong>camping familiar con piscina del Pa\u00eds Vasco<\/strong>.<br \/>Para mayor seguridad, est\u00e1 reservado exclusivamente a los clientes del camping Ferme Erromardie.<br \/>Pero ten cuidado, ya que <strong>la piscina<\/strong> del <strong>camping de la costa vasca<\/strong> no est\u00e1 vigilada.<br \/>Los ni\u00f1os que entren en la <em>piscina<\/em> est\u00e1n bajo la responsabilidad de sus padres, y <em>la piscina<\/em> no est\u00e1 vigilada.<br \/>Ten en cuenta tambi\u00e9n que, por razones de higiene, no se permite el uso de pantalones cortos de ba\u00f1o en <em>la piscina<\/em> y es obligatorio llevar ba\u00f1ador.<br \/>Disfruta <em>nadando<\/em> y relaj\u00e1ndote con nosotros en   <em>San Juan de Luz en los Pirineos Atl\u00e1nticos<\/em><\/p>\n\n\n\n<p class=\"ls-paragraph\">Para pasar unas vacaciones inolvidables con amigos o en familia, \u00a1reserva ya tu estancia en nuestro <strong>camping con piscina en el Pa\u00eds Vasco<\/strong>!<br \/><br \/> La<strong>zona de la piscina<\/strong> se ha dise\u00f1ado pensando en tu bienestar, para que disfrutes de verdaderos momentos de relax en la costa atl\u00e1ntica.<\/p>\n<\/div>\n<\/div>\n<\/div>\n<\/div>\n\n\r\n    <\/div>\r\n<\/section><section id=\"ls-section-block_b220c9e48ac172e36a4fd8ba5b4e1cb2\" class=\"ls-section  home-fifth page-three\" >\r\n        <div class=\"container container--wide\">\r\n        \n\n<figure class=\"wp-block-image size-full animated fadeIn\"><a href=\"https:\/\/www.camping-erromardie.com\/wp-content\/uploads\/2025\/04\/Camping-Erromardie-piscine-chauffee.jpg\"><img loading=\"lazy\" decoding=\"async\" width=\"1901\" height=\"1266\" src=\"https:\/\/www.camping-erromardie.com\/wp-content\/uploads\/2025\/04\/Camping-Erromardie-piscine-chauffee.jpg\" alt=\"Piscina climatizada del camping Erromardie\" class=\"wp-image-14323\" srcset=\"https:\/\/www.camping-erromardie.com\/wp-content\/uploads\/2025\/04\/Camping-Erromardie-piscine-chauffee.jpg 1901w, https:\/\/www.camping-erromardie.com\/wp-content\/uploads\/2025\/04\/Camping-Erromardie-piscine-chauffee-300x200.jpg 300w, https:\/\/www.camping-erromardie.com\/wp-content\/uploads\/2025\/04\/Camping-Erromardie-piscine-chauffee-1024x682.jpg 1024w, https:\/\/www.camping-erromardie.com\/wp-content\/uploads\/2025\/04\/Camping-Erromardie-piscine-chauffee-768x511.jpg 768w, https:\/\/www.camping-erromardie.com\/wp-content\/uploads\/2025\/04\/Camping-Erromardie-piscine-chauffee-1536x1023.jpg 1536w\" sizes=\"auto, (max-width: 1901px) 100vw, 1901px\" \/><\/a><\/figure>\n\n\r\n    <\/div>\r\n<\/section><section id=\"ls-section-block_62f089d49e0154e8d3ccb8c5561e1e5f\" class=\"ls-section  page-cta\" >\r\n        <div class=\"container container--wide\">\r\n        \n\n<div id=\"ls-heading ls-titre-div-block_dbc2abb7b9c1df01152926437aac99c0\" class=\"ls-titre-div aligncenter h2-like has-text-color has-color-1-color\" >\n    Descubre nuestro paseo mar\u00edtimo, nuestras animaciones y nuestros servicios<\/div>\n\n\n\n<div id=\"ls-maillage-block_c11609e6e67f4f63912382989d68eb37\" class=\"ls-maillage cta-style-normal\" data-rows=\"3\">\n\n    <div class=\"wp-block-columns\"><div class=\"wp-block-column\">\n\n<a href=\"https:\/\/www.camping-erromardie.com\/es\/camping-pais-vasco-orillas-del-mar\/\" target=\"\" rel=\"noopener\" class=\"ls-cta__link\" data-categ=\"\">\n\t<div class=\"ls-cta__image\"><img decoding=\"async\" src=\"https:\/\/www.camping-erromardie.com\/wp-content\/uploads\/2025\/04\/Erromardie-88.jpg\" alt=\"\"><\/div>\n\t<div class=\"ls-cta__title\">\n\t\tA orillas del mar\t<\/div>\n\n\t<\/a><\/div><div class=\"wp-block-column\">\n\n<a href=\"https:\/\/www.camping-erromardie.com\/es\/4-estrellas-camping-pais-vasco\/\" target=\"\" rel=\"noopener\" class=\"ls-cta__link\" data-categ=\"\">\n\t<div class=\"ls-cta__image\"><img decoding=\"async\" src=\"https:\/\/www.camping-erromardie.com\/wp-content\/uploads\/2025\/04\/Camping-Erromardie-46.jpg\" alt=\"\"><\/div>\n\t<div class=\"ls-cta__title\">\n\t\tServicios\t<\/div>\n\n\t<\/a><\/div><div class=\"wp-block-column\">\n\n<a href=\"https:\/\/www.camping-erromardie.com\/es\/camping-ocio-pais-vasco\/\" target=\"\" rel=\"noopener\" class=\"ls-cta__link\" data-categ=\"\">\n\t<div class=\"ls-cta__image\"><img decoding=\"async\" src=\"https:\/\/www.camping-erromardie.com\/wp-content\/uploads\/2025\/04\/Camping-Erromardie-61_1.jpg\" alt=\"\"><\/div>\n\t<div class=\"ls-cta__title\">\n\t\tEntretenimiento\t<\/div>\n\n\t<\/a><\/div><\/div>\n<\/div>\n\r\n    <\/div>\r\n<\/section>","protected":false},"excerpt":{"rendered":"","protected":false},"author":1,"featured_media":13044,"parent":0,"menu_order":146,"comment_status":"closed","ping_status":"closed","template":"","meta":{"_acf_changed":false,"_seopress_robots_primary_cat":"","_seopress_titles_title":"Camping Pays Basque con piscina | Piscina cubierta climatizada | Saint Jean de Luz","_seopress_titles_desc":"Nuestro camping en el Pa\u00eds Vasco dispone de un magn\u00edfico espacio acu\u00e1tico con piscina cubierta climatizada, piscinas infantiles, juegos acu\u00e1ticos para ni\u00f1os y solarium. Relajaci\u00f3n y diversi\u00f3n garantizadas para toda la familia en San Juan de Luz.","_seopress_robots_index":"","footnotes":""},"sujet":[],"class_list":["post-18645","page","type-page","status-publish","has-post-thumbnail","hentry"],"acf":[],"_links":{"self":[{"href":"https:\/\/www.camping-erromardie.com\/es\/wp-json\/wp\/v2\/pages\/18645","targetHints":{"allow":["GET"]}}],"collection":[{"href":"https:\/\/www.camping-erromardie.com\/es\/wp-json\/wp\/v2\/pages"}],"about":[{"href":"https:\/\/www.camping-erromardie.com\/es\/wp-json\/wp\/v2\/types\/page"}],"author":[{"embeddable":true,"href":"https:\/\/www.camping-erromardie.com\/es\/wp-json\/wp\/v2\/users\/1"}],"replies":[{"embeddable":true,"href":"https:\/\/www.camping-erromardie.com\/es\/wp-json\/wp\/v2\/comments?post=18645"}],"version-history":[{"count":6,"href":"https:\/\/www.camping-erromardie.com\/es\/wp-json\/wp\/v2\/pages\/18645\/revisions"}],"predecessor-version":[{"id":18817,"href":"https:\/\/www.camping-erromardie.com\/es\/wp-json\/wp\/v2\/pages\/18645\/revisions\/18817"}],"wp:featuredmedia":[{"embeddable":true,"href":"https:\/\/www.camping-erromardie.com\/es\/wp-json\/wp\/v2\/media\/13044"}],"wp:attachment":[{"href":"https:\/\/www.camping-erromardie.com\/es\/wp-json\/wp\/v2\/media?parent=18645"}],"wp:term":[{"taxonomy":"sujet","embeddable":true,"href":"https:\/\/www.camping-erromardie.com\/es\/wp-json\/wp\/v2\/sujet?post=18645"}],"curies":[{"name":"wp","href":"https:\/\/api.w.org\/{rel}","templated":true}]}}