{"id":18629,"date":"2025-03-14T16:51:59","date_gmt":"2025-03-14T15:51:59","guid":{"rendered":"https:\/\/www.camping-erromardie.com\/services\/"},"modified":"2025-06-03T11:52:38","modified_gmt":"2025-06-03T09:52:38","slug":"4-estrellas-camping-pais-vasco","status":"publish","type":"page","link":"https:\/\/www.camping-erromardie.com\/es\/4-estrellas-camping-pais-vasco\/","title":{"rendered":"Servicios"},"content":{"rendered":"<section id=\"ls-section-block_c501f42792b8ff43031132a425a80ac8\" class=\"ls-section  page-titre\" >\r\n        <div class=\"container container--wide\">\r\n        \n\n<h1 class=\"ls__heading wp-block-heading has-text-align-center has-color-4-color has-text-color has-link-color wp-elements-f73590aba5132d4d6f0999ac3e88dd26\">Nuestros servicios<\/h1>\n\n\r\n    <\/div>\r\n<\/section><section id=\"ls-section-block_a4a89c21d17868b37108de1160af11ee\" class=\"ls-section  home-first page-one has-p-b p-b-14\" >\r\n        <div class=\"container container--wide\">\r\n        \n\n<div class=\"wp-block-columns is-layout-flex wp-container-core-columns-is-layout-9d6595d7 wp-block-columns-is-layout-flex\">\n<div class=\"wp-block-column is-layout-flow wp-block-column-is-layout-flow\" style=\"flex-basis:33.33%\">\n<div class=\"wp-block-columns is-layout-flex wp-container-core-columns-is-layout-9d6595d7 wp-block-columns-is-layout-flex\">\n<div class=\"wp-block-column column-border is-layout-flow wp-block-column-is-layout-flow\">\n<h2 class=\"ls__heading wp-block-heading has-color-1-color has-text-color has-link-color wp-elements-f6d733573a598dac1283bb7f93c3dd9a\">Descubre nuestros servicios  <\/h2>\n\n\n\n<p class=\"ls-paragraph\">Disponemos de WIFI GRATUITO para nuestros clientes (2 dispositivos como m\u00e1ximo a partir de entonces, por los que se cobrar\u00e1) en todo el recinto.<br\/>Si vienes en autocaravana, tenemos un \u00e1rea de servicio para usuarios de autocaravanas.<br\/>Nuestros campistas tambi\u00e9n tienen acceso a instalaciones sanitarias en buen estado y a una lavander\u00eda con lavadora y secadora que funcionan con monedas (precio 5 \u20ac, s\u00f3lo se aceptan monedas de 1 \u20ac).<br\/>Tambi\u00e9n disponemos de una guarder\u00eda para madres j\u00f3venes.<br\/>Para las personas con movilidad reducida, tenemos instalaciones sanitarias para discapacitados y todas las parcelas son accesibles para ellos.  <\/p>\n<\/div>\n<\/div>\n<\/div>\n\n\n\n<div class=\"wp-block-column is-layout-flow wp-block-column-is-layout-flow\" style=\"flex-basis:66.66%\">\n<figure class=\"wp-block-gallery has-nested-images columns-default is-cropped wp-block-gallery-1 is-layout-flex wp-block-gallery-is-layout-flex\">\n<figure class=\"wp-block-image size-full animated fadeIn delay-200ms\"><a href=\"https:\/\/www.camping-erromardie.com\/wp-content\/uploads\/2025\/04\/Camping-Erromardie-environnement-89.jpg\"><img loading=\"lazy\" decoding=\"async\" width=\"1000\" height=\"660\" data-id=\"13010\" src=\"https:\/\/www.camping-erromardie.com\/wp-content\/uploads\/2025\/04\/Camping-Erromardie-environnement-89.jpg\" alt=\"Camping Erromardie environnement 89\" class=\"wp-image-13010\" srcset=\"https:\/\/www.camping-erromardie.com\/wp-content\/uploads\/2025\/04\/Camping-Erromardie-environnement-89.jpg 1000w, https:\/\/www.camping-erromardie.com\/wp-content\/uploads\/2025\/04\/Camping-Erromardie-environnement-89-300x198.jpg 300w, https:\/\/www.camping-erromardie.com\/wp-content\/uploads\/2025\/04\/Camping-Erromardie-environnement-89-768x507.jpg 768w\" sizes=\"auto, (max-width: 1000px) 100vw, 1000px\" \/><\/a><\/figure>\n\n\n\n<figure class=\"wp-block-image size-full animated fadeIn\"><a href=\"https:\/\/www.camping-erromardie.com\/wp-content\/uploads\/2025\/04\/laptop-2055522_1280.jpg\"><img loading=\"lazy\" decoding=\"async\" width=\"1000\" height=\"663\" data-id=\"13005\" src=\"https:\/\/www.camping-erromardie.com\/wp-content\/uploads\/2025\/04\/laptop-2055522_1280.jpg\" alt=\"camping con wifi pa&#xED;s vasco\" class=\"wp-image-13005\" srcset=\"https:\/\/www.camping-erromardie.com\/wp-content\/uploads\/2025\/04\/laptop-2055522_1280.jpg 1000w, https:\/\/www.camping-erromardie.com\/wp-content\/uploads\/2025\/04\/laptop-2055522_1280-300x199.jpg 300w, https:\/\/www.camping-erromardie.com\/wp-content\/uploads\/2025\/04\/laptop-2055522_1280-768x509.jpg 768w\" sizes=\"auto, (max-width: 1000px) 100vw, 1000px\" \/><\/a><\/figure>\n<\/figure>\n<\/div>\n<\/div>\n\n\r\n    <\/div>\r\n<\/section><section id=\"ls-section-block_62c5e83e73f85473babc87ecf98a0425\" class=\"ls-section  home-first page-two has-background has-color-6-background-color has-m-b m-b-10 has-p-b p-b-15\" >\r\n        <div class=\"container container--wide\">\r\n        \n\n<div class=\"wp-block-columns is-layout-flex wp-container-core-columns-is-layout-9d6595d7 wp-block-columns-is-layout-flex\">\n<div class=\"wp-block-column is-layout-flow wp-block-column-is-layout-flow\" style=\"flex-basis:66.66%\">\n<figure class=\"wp-block-gallery has-nested-images columns-default is-cropped wp-block-gallery-2 is-layout-flex wp-block-gallery-is-layout-flex\">\n<figure class=\"wp-block-image size-full animated fadeIn delay-200ms\"><a href=\"https:\/\/www.camping-erromardie.com\/wp-content\/uploads\/2025\/04\/Ferme-Erromardie-selection.jpg\"><img loading=\"lazy\" decoding=\"async\" width=\"1013\" height=\"1350\" data-id=\"14316\" src=\"https:\/\/www.camping-erromardie.com\/wp-content\/uploads\/2025\/04\/Ferme-Erromardie-selection.jpg\" alt=\"Selecci&#xF3;n Ferme Erromardie\" class=\"wp-image-14316\" srcset=\"https:\/\/www.camping-erromardie.com\/wp-content\/uploads\/2025\/04\/Ferme-Erromardie-selection.jpg 1013w, https:\/\/www.camping-erromardie.com\/wp-content\/uploads\/2025\/04\/Ferme-Erromardie-selection-225x300.jpg 225w, https:\/\/www.camping-erromardie.com\/wp-content\/uploads\/2025\/04\/Ferme-Erromardie-selection-768x1023.jpg 768w\" sizes=\"auto, (max-width: 1013px) 100vw, 1013px\" \/><\/a><\/figure>\n\n\n\n<figure class=\"wp-block-image size-full animated fadeIn\"><a href=\"https:\/\/www.camping-erromardie.com\/wp-content\/uploads\/2025\/04\/Camping-Erromardie-animation-apero-8.jpg\"><img loading=\"lazy\" decoding=\"async\" width=\"2022\" height=\"1350\" data-id=\"10614\" src=\"https:\/\/www.camping-erromardie.com\/wp-content\/uploads\/2025\/04\/Camping-Erromardie-animation-apero-8.jpg\" alt=\"Camping Erromardie animaci&#xF3;n ap&#xE9;ro 8\" class=\"wp-image-10614\" srcset=\"https:\/\/www.camping-erromardie.com\/wp-content\/uploads\/2025\/04\/Camping-Erromardie-animation-apero-8.jpg 2022w, https:\/\/www.camping-erromardie.com\/wp-content\/uploads\/2025\/04\/Camping-Erromardie-animation-apero-8-300x200.jpg 300w, https:\/\/www.camping-erromardie.com\/wp-content\/uploads\/2025\/04\/Camping-Erromardie-animation-apero-8-1024x684.jpg 1024w, https:\/\/www.camping-erromardie.com\/wp-content\/uploads\/2025\/04\/Camping-Erromardie-animation-apero-8-768x513.jpg 768w, https:\/\/www.camping-erromardie.com\/wp-content\/uploads\/2025\/04\/Camping-Erromardie-animation-apero-8-1536x1026.jpg 1536w\" sizes=\"auto, (max-width: 2022px) 100vw, 2022px\" \/><\/a><\/figure>\n<\/figure>\n<\/div>\n\n\n\n<div class=\"wp-block-column is-layout-flow wp-block-column-is-layout-flow\" style=\"flex-basis:33.33%\">\n<div class=\"wp-block-columns is-layout-flex wp-container-core-columns-is-layout-9d6595d7 wp-block-columns-is-layout-flex\">\n<div class=\"wp-block-column column-border is-layout-flow wp-block-column-is-layout-flow\">\n<h2 class=\"ls__heading wp-block-heading has-color-1-color has-text-color has-link-color wp-elements-fadd7f307b9530adcad3a48a918175d0\">Bar y restaurante<\/h2>\n\n\n\n<p class=\"ls-paragraph\">Si quieres saciar tu sed, tomar un refresco, un caf\u00e9, etc&#8230;<br\/>el bar de nuestro <a href=\"https:\/\/www.camping-erromardie.com\/es\/\" data-type=\"page\" data-id=\"270\">camping en el Pa\u00eds<\/a> Vasco est\u00e1 abierto para ti.<\/p>\n\n\n\n<p class=\"ls-paragraph\">\u00bfQuieres comer sin salir del camping?<\/p>\n\n\n\n<p class=\"ls-paragraph\">Nuestro restaurante te ofrece su carta, y tambi\u00e9n tenemos un snack bar: puedes pedir tu pizza y comida para llevar para disfrutarla tranquilamente en tu parcela de camping o en tu mobil home de alquiler.<br\/>Nuestra peque\u00f1a tienda de comestibles te ayudar\u00e1 si olvidas alg\u00fan art\u00edculo de primera necesidad.<\/p>\n\n\n\n<p class=\"ls-paragraph\"><br\/>\u00bfY qu\u00e9 hay mejor que despertarse con pan reci\u00e9n hecho? Con nosotros, es posible. <\/p>\n<\/div>\n<\/div>\n<\/div>\n<\/div>\n\n\r\n    <\/div>\r\n<\/section><section id=\"ls-section-block_560cb27ff08aca1b78db9e9e95f335ad\" class=\"ls-section  page-cta\" >\r\n        <div class=\"container container--wide\">\r\n        \n\n<div id=\"ls-heading ls-titre-div-block_75e9a38b6c70c40fd49ba302761bdcd6\" class=\"ls-titre-div aligncenter h2-like has-text-color has-color-1-color\" >\n    Descubre nuestra piscina, nuestra animaci\u00f3n y nuestro paseo mar\u00edtimo<\/div>\n\n\n\n<div id=\"ls-maillage-block_dbea3293ce399fe67807f3d3d99c9ed3\" class=\"ls-maillage cta-style-normal\" data-rows=\"3\">\n\n    <div class=\"wp-block-columns\"><div class=\"wp-block-column\">\n\n<a href=\"https:\/\/www.camping-erromardie.com\/es\/camping-pais-vasco-orillas-del-mar\/\" target=\"\" rel=\"noopener\" class=\"ls-cta__link\" data-categ=\"\">\n\t<div class=\"ls-cta__image\"><img decoding=\"async\" src=\"https:\/\/www.camping-erromardie.com\/wp-content\/uploads\/2025\/04\/Erromardie-88.jpg\" alt=\"\"><\/div>\n\t<div class=\"ls-cta__title\">\n\t\tA orillas del mar\t<\/div>\n\n\t<\/a><\/div><div class=\"wp-block-column\">\n\n<a href=\"https:\/\/www.camping-erromardie.com\/es\/camping-ocio-pais-vasco\/\" target=\"\" rel=\"noopener\" class=\"ls-cta__link\" data-categ=\"\">\n\t<div class=\"ls-cta__image\"><img decoding=\"async\" src=\"https:\/\/www.camping-erromardie.com\/wp-content\/uploads\/2025\/04\/Camping-Erromardie-61_1.jpg\" alt=\"\"><\/div>\n\t<div class=\"ls-cta__title\">\n\t\tEntretenimiento\t<\/div>\n\n\t<\/a><\/div><div class=\"wp-block-column\">\n\n<a href=\"https:\/\/www.camping-erromardie.com\/es\/acampar-pais-con-piscina-vasco\/\" target=\"\" rel=\"noopener\" class=\"ls-cta__link\" data-categ=\"\">\n\t<div class=\"ls-cta__image\"><img decoding=\"async\" src=\"https:\/\/www.camping-erromardie.com\/wp-content\/uploads\/2025\/04\/camping-avec-piscine-au-pays-basque.jpg\" alt=\"\"><\/div>\n\t<div class=\"ls-cta__title\">\n\t\tPiscina\t<\/div>\n\n\t<\/a><\/div><\/div>\n<\/div>\n\r\n    <\/div>\r\n<\/section>","protected":false},"excerpt":{"rendered":"","protected":false},"author":1,"featured_media":13020,"parent":0,"menu_order":129,"comment_status":"closed","ping_status":"closed","template":"","meta":{"_acf_changed":false,"_seopress_robots_primary_cat":"","_seopress_titles_title":"Servicios: wifi, \u00e1rea de servicio para autocaravanas, restaurante | Erromardie","_seopress_titles_desc":"Todos los servicios de calidad del camping 4 estrellas del Pa\u00eds Vasco: La Ferme Erromardie. Wifi, \u00e1rea de servicio para autocaravanas, restaurante, ... ","_seopress_robots_index":"","footnotes":""},"sujet":[],"class_list":["post-18629","page","type-page","status-publish","has-post-thumbnail","hentry"],"acf":[],"_links":{"self":[{"href":"https:\/\/www.camping-erromardie.com\/es\/wp-json\/wp\/v2\/pages\/18629","targetHints":{"allow":["GET"]}}],"collection":[{"href":"https:\/\/www.camping-erromardie.com\/es\/wp-json\/wp\/v2\/pages"}],"about":[{"href":"https:\/\/www.camping-erromardie.com\/es\/wp-json\/wp\/v2\/types\/page"}],"author":[{"embeddable":true,"href":"https:\/\/www.camping-erromardie.com\/es\/wp-json\/wp\/v2\/users\/1"}],"replies":[{"embeddable":true,"href":"https:\/\/www.camping-erromardie.com\/es\/wp-json\/wp\/v2\/comments?post=18629"}],"version-history":[{"count":8,"href":"https:\/\/www.camping-erromardie.com\/es\/wp-json\/wp\/v2\/pages\/18629\/revisions"}],"predecessor-version":[{"id":18791,"href":"https:\/\/www.camping-erromardie.com\/es\/wp-json\/wp\/v2\/pages\/18629\/revisions\/18791"}],"wp:featuredmedia":[{"embeddable":true,"href":"https:\/\/www.camping-erromardie.com\/es\/wp-json\/wp\/v2\/media\/13020"}],"wp:attachment":[{"href":"https:\/\/www.camping-erromardie.com\/es\/wp-json\/wp\/v2\/media?parent=18629"}],"wp:term":[{"taxonomy":"sujet","embeddable":true,"href":"https:\/\/www.camping-erromardie.com\/es\/wp-json\/wp\/v2\/sujet?post=18629"}],"curies":[{"name":"wp","href":"https:\/\/api.w.org\/{rel}","templated":true}]}}