{"id":18584,"date":"2025-03-14T16:52:33","date_gmt":"2025-03-14T15:52:33","guid":{"rendered":"https:\/\/www.camping-erromardie.com\/bord-de-mer\/"},"modified":"2025-06-12T11:20:16","modified_gmt":"2025-06-12T09:20:16","slug":"camping-pais-vasco-orillas-del-mar","status":"publish","type":"page","link":"https:\/\/www.camping-erromardie.com\/es\/camping-pais-vasco-orillas-del-mar\/","title":{"rendered":"A orillas del mar"},"content":{"rendered":"<section id=\"ls-section-block_dd1c9ceac7602d481d6d903f87394aca\" class=\"ls-section  page-titre\" >\r\n        <div class=\"container container--wide\">\r\n        \n\n<h1 class=\"ls__heading wp-block-heading has-text-align-center has-color-4-color has-text-color has-link-color wp-elements-894061f65fce90f6abdf946900f77105\">Camping Pays Basque playa<\/h1>\n\n\r\n    <\/div>\r\n<\/section><section id=\"ls-section-block_4e4db4fb3cfe3d091eafd19f51de00ba\" class=\"ls-section  home-first page-one\" >\r\n        <div class=\"container container--wide\">\r\n        \n\n<div class=\"wp-block-columns is-layout-flex wp-container-core-columns-is-layout-9d6595d7 wp-block-columns-is-layout-flex\">\n<div class=\"wp-block-column is-layout-flow wp-block-column-is-layout-flow\" style=\"flex-basis:33.33%\">\n<div class=\"wp-block-columns is-layout-flex wp-container-core-columns-is-layout-9d6595d7 wp-block-columns-is-layout-flex\">\n<div class=\"wp-block-column column-border is-layout-flow wp-block-column-is-layout-flow\">\n<h2 class=\"ls__heading wp-block-heading has-color-1-color has-text-color has-link-color wp-elements-3682954b433ad35cc96bbd8fab99eee6\">Tus vacaciones frente al mar en la Costa Vasca<\/h2>\n\n\n\n<p class=\"ls-paragraph\">Envie de planifier un s\u00e9jour en camping pr\u00e8s de la mer dans le sud-ouest de la France, face aux c\u00e9l\u00e8bres <a href=\"https:\/\/www.camping-erromardie.com\/es\/pais-vasco\/las-playas-vascas\/\">plages de la c\u00f4te basque<\/a>, \u00e0 deux pas des Pyr\u00e9n\u00e9es et de la fronti\u00e8re espagnole ?<\/p>\n\n\n\n<p class=\"ls-paragraph\">\u00bfUn camping donde pasar de la tienda o la casa m\u00f3vil a los castillos de arena en menos de diez minutos? Bienvenido a Ferme Erromardie, tu <strong>camping a orillas del mar en San Juan de Luz<\/strong>, pensado para unas vacaciones familiares, amistosas o rom\u00e1nticas. <\/p>\n\n\n\n<p class=\"ls-paragraph\">Le <a href=\"https:\/\/www.camping-erromardie.com\/es\/\" data-type=\"page\" data-id=\"270\">camping Pays Basque bord de mer<\/a> dispose d\u2019une situation g\u00e9ographique exceptionnelle : avec acc\u00e8s direct \u00e0 la plage d\u2019Erromardie \u00e0 Saint-Jean-de-Luz, vous ne r\u00e9sisterez pas \u00e0 l\u2019appel de la baignade, ou la pratique des <a href=\"https:\/\/www.camping-erromardie.com\/saint-jean-de-luz\/ecoles-de-surf\/\" data-type=\"post\" data-id=\"7429\">sports de glisse comme le surf<\/a> ou le body board.<\/p>\n\n\n\n<p class=\"ls-paragraph\">Los amantes del ocio pueden tumbarse en la playa de arena frente al camping y disfrutar de algunas de las puestas de sol m\u00e1s bellas de la costa vasca.<\/p>\n\n\n\n<p class=\"ls-paragraph\">As\u00ed que no lo dudes, \u00a1reserva ya tu estancia en nuestro <strong>camping junto al mar en el Pa\u00eds Vasco<\/strong>!  <\/p>\n<\/div>\n<\/div>\n<\/div>\n\n\n\n<div class=\"wp-block-column is-layout-flow wp-block-column-is-layout-flow\" style=\"flex-basis:66.66%\">\n<figure class=\"wp-block-gallery has-nested-images columns-default is-cropped wp-block-gallery-1 is-layout-flex wp-block-gallery-is-layout-flex\">\n<figure class=\"wp-block-image size-full animated fadeIn delay-200ms\"><a href=\"https:\/\/www.camping-erromardie.com\/wp-content\/uploads\/2025\/04\/Surfer-au-pays-basque.jpg\"><img loading=\"lazy\" decoding=\"async\" width=\"2024\" height=\"1350\" data-id=\"17098\" src=\"https:\/\/www.camping-erromardie.com\/wp-content\/uploads\/2025\/04\/Surfer-au-pays-basque.jpg\" alt=\"Surf en el Pa&#xED;s Vasco\" class=\"wp-image-17098\" srcset=\"https:\/\/www.camping-erromardie.com\/wp-content\/uploads\/2025\/04\/Surfer-au-pays-basque.jpg 2024w, https:\/\/www.camping-erromardie.com\/wp-content\/uploads\/2025\/04\/Surfer-au-pays-basque-300x200.jpg 300w, https:\/\/www.camping-erromardie.com\/wp-content\/uploads\/2025\/04\/Surfer-au-pays-basque-1024x683.jpg 1024w, https:\/\/www.camping-erromardie.com\/wp-content\/uploads\/2025\/04\/Surfer-au-pays-basque-768x512.jpg 768w, https:\/\/www.camping-erromardie.com\/wp-content\/uploads\/2025\/04\/Surfer-au-pays-basque-1536x1025.jpg 1536w\" sizes=\"auto, (max-width: 2024px) 100vw, 2024px\" \/><\/a><\/figure>\n\n\n\n<figure class=\"wp-block-image size-full animated fadeIn\"><a href=\"https:\/\/www.camping-erromardie.com\/wp-content\/uploads\/2025\/04\/camping-paradis-la-ferme-erromardie-1.jpg\"><img loading=\"lazy\" decoding=\"async\" width=\"2000\" height=\"1163\" data-id=\"17091\" src=\"https:\/\/www.camping-erromardie.com\/wp-content\/uploads\/2025\/04\/camping-paradis-la-ferme-erromardie-1.jpg\" alt=\"camping paradis la ferme erromardie\" class=\"wp-image-17091\" srcset=\"https:\/\/www.camping-erromardie.com\/wp-content\/uploads\/2025\/04\/camping-paradis-la-ferme-erromardie-1.jpg 2000w, https:\/\/www.camping-erromardie.com\/wp-content\/uploads\/2025\/04\/camping-paradis-la-ferme-erromardie-1-300x174.jpg 300w, https:\/\/www.camping-erromardie.com\/wp-content\/uploads\/2025\/04\/camping-paradis-la-ferme-erromardie-1-1024x595.jpg 1024w, https:\/\/www.camping-erromardie.com\/wp-content\/uploads\/2025\/04\/camping-paradis-la-ferme-erromardie-1-768x447.jpg 768w, https:\/\/www.camping-erromardie.com\/wp-content\/uploads\/2025\/04\/camping-paradis-la-ferme-erromardie-1-1536x893.jpg 1536w\" sizes=\"auto, (max-width: 2000px) 100vw, 2000px\" \/><\/a><\/figure>\n<\/figure>\n<\/div>\n<\/div>\n\n\r\n    <\/div>\r\n<\/section><section id=\"ls-section-block_bc743a6917a05fd18845cc73744d746c\" class=\"ls-section  home-first page-two has-background has-color-6-background-color\" >\r\n        <div class=\"container container--wide\">\r\n        \n\n<div class=\"wp-block-columns is-layout-flex wp-container-core-columns-is-layout-9d6595d7 wp-block-columns-is-layout-flex\">\n<div class=\"wp-block-column is-layout-flow wp-block-column-is-layout-flow\" style=\"flex-basis:66.66%\">\n<figure class=\"wp-block-gallery has-nested-images columns-default is-cropped wp-block-gallery-2 is-layout-flex wp-block-gallery-is-layout-flex\">\n<figure class=\"wp-block-image size-full animated fadeIn delay-200ms\"><a href=\"https:\/\/www.camping-erromardie.com\/wp-content\/uploads\/2025\/04\/camping-saint-jean-de-luz-la-ferme-erromardie-pays-basque.jpg\"><img loading=\"lazy\" decoding=\"async\" width=\"2000\" height=\"1335\" data-id=\"17104\" src=\"https:\/\/www.camping-erromardie.com\/wp-content\/uploads\/2025\/04\/camping-saint-jean-de-luz-la-ferme-erromardie-pays-basque.jpg\" alt=\"camping saint jean de luz la ferme erromardie pays basque\" class=\"wp-image-17104\" srcset=\"https:\/\/www.camping-erromardie.com\/wp-content\/uploads\/2025\/04\/camping-saint-jean-de-luz-la-ferme-erromardie-pays-basque.jpg 2000w, https:\/\/www.camping-erromardie.com\/wp-content\/uploads\/2025\/04\/camping-saint-jean-de-luz-la-ferme-erromardie-pays-basque-300x200.jpg 300w, https:\/\/www.camping-erromardie.com\/wp-content\/uploads\/2025\/04\/camping-saint-jean-de-luz-la-ferme-erromardie-pays-basque-1024x684.jpg 1024w, https:\/\/www.camping-erromardie.com\/wp-content\/uploads\/2025\/04\/camping-saint-jean-de-luz-la-ferme-erromardie-pays-basque-768x513.jpg 768w, https:\/\/www.camping-erromardie.com\/wp-content\/uploads\/2025\/04\/camping-saint-jean-de-luz-la-ferme-erromardie-pays-basque-1536x1025.jpg 1536w\" sizes=\"auto, (max-width: 2000px) 100vw, 2000px\" \/><\/a><\/figure>\n\n\n\n<figure class=\"wp-block-image size-full animated fadeIn\"><a href=\"https:\/\/www.camping-erromardie.com\/wp-content\/uploads\/2025\/04\/saint-jean_erromardie.jpg\"><img loading=\"lazy\" decoding=\"async\" width=\"1000\" height=\"667\" data-id=\"11130\" src=\"https:\/\/www.camping-erromardie.com\/wp-content\/uploads\/2025\/04\/saint-jean_erromardie.jpg\" alt=\"saint jean erromardie\" class=\"wp-image-11130\" srcset=\"https:\/\/www.camping-erromardie.com\/wp-content\/uploads\/2025\/04\/saint-jean_erromardie.jpg 1000w, https:\/\/www.camping-erromardie.com\/wp-content\/uploads\/2025\/04\/saint-jean_erromardie-300x200.jpg 300w, https:\/\/www.camping-erromardie.com\/wp-content\/uploads\/2025\/04\/saint-jean_erromardie-768x512.jpg 768w\" sizes=\"auto, (max-width: 1000px) 100vw, 1000px\" \/><\/a><\/figure>\n<\/figure>\n<\/div>\n\n\n\n<div class=\"wp-block-column is-layout-flow wp-block-column-is-layout-flow\" style=\"flex-basis:33.33%\">\n<div class=\"wp-block-columns is-layout-flex wp-container-core-columns-is-layout-9d6595d7 wp-block-columns-is-layout-flex\">\n<div class=\"wp-block-column column-border is-layout-flow wp-block-column-is-layout-flow\">\n<h2 class=\"ls__heading wp-block-heading has-color-1-color has-text-color has-link-color wp-elements-5c443b34c59c52dce1cef9ad44774503\">Un camping frente a la playa de Erromardie para unas vacaciones frente al mar en San Juan de Luz<\/h2>\n\n\n\n<p class=\"ls-paragraph\">Situado en los Pirineos Atl\u00e1nticos (64), entre Hendaya y Biarritz, Ferme Erromardie es un <a href=\"https:\/\/www.camping-bord-de-leau.fr\/mer\/\" target=\"_blank\" rel=\"noreferrer noopener\">camping de 4 estrellas en primera l\u00ednea<\/a> de la costa vasca, en un terreno de 2,5 hect\u00e1reas junto a la playa de Erromardie.<\/p>\n\n\n\n<p class=\"ls-paragraph\">Nuestro <strong>camping balneario del Pa\u00eds<\/strong> Vasco es un destino ideal para los veraneantes que quieran reponer fuerzas en un entorno natural de la costa atl\u00e1ntica y relajarse en la playa sin tener que coger el coche.  <\/p>\n\n\n\n<p class=\"ls-paragraph\">Tras un copioso desayuno, sal a pasear por la fina arena. Disfruta del sonido de las olas, del aire marino y de la espuma. Aprovecha la proximidad de la playa y el clima favorable de la regi\u00f3n para ser el primero en darte un chapuz\u00f3n. T\u00fambate en la toalla, saca la crema solar y reg\u00e1late una sesi\u00f3n de sol con vistas al mar.     <\/p>\n\n\n\n<p class=\"ls-paragraph\">\u00bfTienes las pilas recargadas? Por suerte para ti, porque tu d\u00eda acaba de empezar&#8230; <\/p>\n<\/div>\n<\/div>\n<\/div>\n<\/div>\n\n\r\n    <\/div>\r\n<\/section><section id=\"ls-section-block_391b54620b6e20c1c53c6bae42576300\" class=\"ls-section  home-fifth page-three\" >\r\n        <div class=\"container container--wide\">\r\n        \n\n<figure class=\"wp-block-image size-full animated fadeIn\"><a href=\"https:\/\/www.camping-erromardie.com\/wp-content\/uploads\/2025\/04\/plage-derromardi-saint-jeande-luz-1.jpg\"><img loading=\"lazy\" decoding=\"async\" width=\"2000\" height=\"1333\" src=\"https:\/\/www.camping-erromardie.com\/wp-content\/uploads\/2025\/04\/plage-derromardi-saint-jeande-luz-1.jpg\" alt=\"plage derromardi saint jeande luz\" class=\"wp-image-17109\" srcset=\"https:\/\/www.camping-erromardie.com\/wp-content\/uploads\/2025\/04\/plage-derromardi-saint-jeande-luz-1.jpg 2000w, https:\/\/www.camping-erromardie.com\/wp-content\/uploads\/2025\/04\/plage-derromardi-saint-jeande-luz-1-300x200.jpg 300w, https:\/\/www.camping-erromardie.com\/wp-content\/uploads\/2025\/04\/plage-derromardi-saint-jeande-luz-1-1024x682.jpg 1024w, https:\/\/www.camping-erromardie.com\/wp-content\/uploads\/2025\/04\/plage-derromardi-saint-jeande-luz-1-768x512.jpg 768w, https:\/\/www.camping-erromardie.com\/wp-content\/uploads\/2025\/04\/plage-derromardi-saint-jeande-luz-1-1536x1024.jpg 1536w\" sizes=\"auto, (max-width: 2000px) 100vw, 2000px\" \/><\/a><\/figure>\n\n\n\n<h2 class=\"ls__heading wp-block-heading has-text-align-left has-color-1-color has-text-color has-link-color wp-elements-9dd8ac8ab99227fd50866d4d9464614f\">Las mejores playas de San Juan de Luz<\/h2>\n\n\n\n<ul class=\"ls-list ls-list-undefined wp-block-list\">\n<li>La Grande Plage, paseo Jacques Thibaud<\/li>\n\n\n\n<li>Playa de Erromardie, camino de Erromardie<\/li>\n\n\n\n<li>Playa de Lafit\u00e9nia, carretera de Kokotia<\/li>\n\n\n\n<li>Playa de Mayarco, Camino de Aguerria<\/li>\n\n\n\n<li>Playa de Cenitz, camino de Senix<\/li>\n\n\n\n<li>Playa de los Flots Bleus, bulevar Thiers<\/li>\n\n\n\n<li>La playa de Digue des Chevaux, bulevar Thiers<\/li>\n<\/ul>\n\n\r\n    <\/div>\r\n<\/section><section id=\"ls-section-block_8a05a929d15eef9e5267d2fd8b2e1a2a\" class=\"ls-section  page-cta\" >\r\n        <div class=\"container container--wide\">\r\n        \n\n<div id=\"ls-heading ls-titre-div-block_4ff84741ffab2909e1d5c062f3c41f4b\" class=\"ls-titre-div aligncenter h2-like has-text-color has-color-1-color\" >\n    Descubre nuestra piscina, mobil homes y parcelas<\/div>\n\n\n\n<div id=\"ls-maillage-block_4b4a94b0c2c1c77ad44851bd2b4a17da\" class=\"ls-maillage cta-style-normal\" data-rows=\"3\">\n\n    <div class=\"wp-block-columns\"><div class=\"wp-block-column\">\n\n<a href=\"https:\/\/www.camping-erromardie.com\/es\/alquiler-mobil-home-pais-vasco\/\" target=\"\" rel=\"noopener\" class=\"ls-cta__link\" data-categ=\"\">\n\t<div class=\"ls-cta__image\"><img decoding=\"async\" src=\"https:\/\/www.camping-erromardie.com\/wp-content\/uploads\/2025\/04\/Camping-Erromardie-environnement-4-scaled.jpg\" alt=\"\"><\/div>\n\t<div class=\"ls-cta__title\">\n\t\tMobil-homes\t<\/div>\n\n\t<\/a><\/div><div class=\"wp-block-column\">\n\n<a href=\"https:\/\/www.camping-erromardie.com\/es\/acampar-pais-con-piscina-vasco\/\" target=\"\" rel=\"noopener\" class=\"ls-cta__link\" data-categ=\"\">\n\t<div class=\"ls-cta__image\"><img decoding=\"async\" src=\"https:\/\/www.camping-erromardie.com\/wp-content\/uploads\/2025\/04\/camping-avec-piscine-au-pays-basque.jpg\" alt=\"\"><\/div>\n\t<div class=\"ls-cta__title\">\n\t\tPiscina\t<\/div>\n\n\t<\/a><\/div><div class=\"wp-block-column\">\n\n<a href=\"https:\/\/www.camping-erromardie.com\/es\/parcelas-pais-vasco\/\" target=\"\" rel=\"noopener\" class=\"ls-cta__link\" data-categ=\"\">\n\t<div class=\"ls-cta__image\"><img decoding=\"async\" src=\"https:\/\/www.camping-erromardie.com\/wp-content\/uploads\/2025\/04\/Location-emplacement-camping-car-pays-basque.jpg\" alt=\"\"><\/div>\n\t<div class=\"ls-cta__title\">\n\t\tParcelas\t<\/div>\n\n\t<\/a><\/div><\/div>\n<\/div>\n\r\n    <\/div>\r\n<\/section>","protected":false},"excerpt":{"rendered":"","protected":false},"author":1,"featured_media":17118,"parent":0,"menu_order":97,"comment_status":"closed","ping_status":"closed","template":"","meta":{"_acf_changed":false,"_seopress_robots_primary_cat":"","_seopress_titles_title":"Camping de playa Pays Basque | Camping de playa en la costa vasca 64","_seopress_titles_desc":"\u00bfBuscas una escapada junto al mar? Descubre el camping La Ferme Erromardie, a dos pasos de las playas m\u00e1s bonitas de la costa vasca. ","_seopress_robots_index":"","footnotes":""},"sujet":[],"class_list":["post-18584","page","type-page","status-publish","has-post-thumbnail","hentry"],"acf":[],"_links":{"self":[{"href":"https:\/\/www.camping-erromardie.com\/es\/wp-json\/wp\/v2\/pages\/18584","targetHints":{"allow":["GET"]}}],"collection":[{"href":"https:\/\/www.camping-erromardie.com\/es\/wp-json\/wp\/v2\/pages"}],"about":[{"href":"https:\/\/www.camping-erromardie.com\/es\/wp-json\/wp\/v2\/types\/page"}],"author":[{"embeddable":true,"href":"https:\/\/www.camping-erromardie.com\/es\/wp-json\/wp\/v2\/users\/1"}],"replies":[{"embeddable":true,"href":"https:\/\/www.camping-erromardie.com\/es\/wp-json\/wp\/v2\/comments?post=18584"}],"version-history":[{"count":15,"href":"https:\/\/www.camping-erromardie.com\/es\/wp-json\/wp\/v2\/pages\/18584\/revisions"}],"predecessor-version":[{"id":19839,"href":"https:\/\/www.camping-erromardie.com\/es\/wp-json\/wp\/v2\/pages\/18584\/revisions\/19839"}],"wp:featuredmedia":[{"embeddable":true,"href":"https:\/\/www.camping-erromardie.com\/es\/wp-json\/wp\/v2\/media\/17118"}],"wp:attachment":[{"href":"https:\/\/www.camping-erromardie.com\/es\/wp-json\/wp\/v2\/media?parent=18584"}],"wp:term":[{"taxonomy":"sujet","embeddable":true,"href":"https:\/\/www.camping-erromardie.com\/es\/wp-json\/wp\/v2\/sujet?post=18584"}],"curies":[{"name":"wp","href":"https:\/\/api.w.org\/{rel}","templated":true}]}}