{"id":18200,"date":"2025-04-17T01:08:03","date_gmt":"2025-04-16T23:08:03","guid":{"rendered":"https:\/\/www.camping-erromardie.com\/camping-acsi\/"},"modified":"2025-05-26T10:20:58","modified_gmt":"2025-05-26T08:20:58","slug":"camping-acsi","status":"publish","type":"page","link":"https:\/\/www.camping-erromardie.com\/es\/camping-acsi\/","title":{"rendered":"Camping Acsi"},"content":{"rendered":"<section id=\"ls-section-block_46a0bd8778fb0bd8ddd3d724c736f79b\" class=\"ls-section  page-titre\" >\r\n        <div class=\"container container--wide\">\r\n        \n\n<h1 class=\"ls__heading wp-block-heading has-text-align-center has-color-4-color has-text-color has-link-color wp-elements-94f6ca4d1a0a70af53825df9b3eb3456\">Camping ACSI<\/h1>\n\n\r\n    <\/div>\r\n<\/section><section id=\"ls-section-block_8954716bb4147f9eaccca9f1a438d034\" class=\"ls-section  home-first page-one has-p-b p-b-14\" >\r\n        <div class=\"container container--wide\">\r\n        \n\n<div class=\"wp-block-columns is-layout-flex wp-container-core-columns-is-layout-9d6595d7 wp-block-columns-is-layout-flex\">\n<div class=\"wp-block-column is-layout-flow wp-block-column-is-layout-flow\" style=\"flex-basis:33.33%\">\n<div class=\"wp-block-columns is-layout-flex wp-container-core-columns-is-layout-9d6595d7 wp-block-columns-is-layout-flex\">\n<div class=\"wp-block-column column-border is-layout-flow wp-block-column-is-layout-flow\">\n<h2 class=\"ls__heading wp-block-heading has-color-1-color has-text-color has-link-color wp-elements-fb06a440d9f59bbc7959a74a23a4b3f2\">Acampada a bajo precio con tu tarjeta ACSI<\/h2>\n\n\n\n<p class=\"ls-paragraph\">La <strong>tarjeta ventaja ACSI<\/strong> te ofrece descuentos en tus vacaciones en camping. La <strong>tarifa preferente AC<\/strong> SI s\u00f3lo se aplica en temporada baja. Es f\u00e1cil de usar, y puedes ir <a href=\"https:\/\/www.camping-erromardie.com\/es\/camping-barato-en-el-pais-vasco\/\" data-type=\"page\" data-id=\"310\">de camping por menos dinero<\/a> simplemente mostrando tu tarjeta de descuento. Unas pocas noches bastan para que la inversi\u00f3n en esta tarjeta merezca la pena.   <\/p>\n\n\n\n<h2 class=\"ls__heading wp-block-heading has-color-1-color has-text-color has-link-color wp-elements-d8eebffef3708353a6d410031a069609\">Tarifas ACSI en el camping Erromardie<\/h2>\n\n\n\n<p class=\"ls-paragraph\">La Ferme d&#8217;Erromardie, un hotel al aire libre en <strong>San Juan de Luz<\/strong>, acepta la tarjeta ACSI. Si tienes la <strong>tarjeta ACSI<\/strong>, podr\u00e1s beneficiarte de descuentos en tus vacaciones de <a href=\"https:\/\/www.camping-erromardie.com\/es\/\" data-type=\"page\" data-id=\"270\">camping en la Costa Vasca<\/a>. La <strong>tarifa ACSI<\/strong> es de 17 euros por noche, tasa tur\u00edstica excluida, para dos personas en un <a href=\"https:\/\/www.camping-erromardie.com\/es\/parcelas-pais-vasco\/\" data-type=\"page\" data-id=\"302\">camping para caravanas en San Juan de Luz<\/a>. Por supuesto, tendr\u00e1s acceso a todo el camping y a todos los servicios que ofrecemos.   <\/p>\n<\/div>\n<\/div>\n<\/div>\n\n\n\n<div class=\"wp-block-column is-layout-flow wp-block-column-is-layout-flow\" style=\"flex-basis:66.66%\">\n<figure class=\"wp-block-gallery has-nested-images columns-default is-cropped wp-block-gallery-1 is-layout-flex wp-block-gallery-is-layout-flex\">\n<figure class=\"wp-block-image size-full animated fadeIn delay-200ms\"><a href=\"https:\/\/www.camping-erromardie.com\/wp-content\/uploads\/2025\/04\/ecoles-de-surf-a-Saint-Jean-de-Luz.jpg\"><img loading=\"lazy\" decoding=\"async\" width=\"2000\" height=\"1333\" data-id=\"17194\" src=\"https:\/\/www.camping-erromardie.com\/wp-content\/uploads\/2025\/04\/ecoles-de-surf-a-Saint-Jean-de-Luz.jpg\" alt=\"escuelas de surf en San Juan de Luz\" class=\"wp-image-17194\" srcset=\"https:\/\/www.camping-erromardie.com\/wp-content\/uploads\/2025\/04\/ecoles-de-surf-a-Saint-Jean-de-Luz.jpg 2000w, https:\/\/www.camping-erromardie.com\/wp-content\/uploads\/2025\/04\/ecoles-de-surf-a-Saint-Jean-de-Luz-300x200.jpg 300w, https:\/\/www.camping-erromardie.com\/wp-content\/uploads\/2025\/04\/ecoles-de-surf-a-Saint-Jean-de-Luz-1024x682.jpg 1024w, https:\/\/www.camping-erromardie.com\/wp-content\/uploads\/2025\/04\/ecoles-de-surf-a-Saint-Jean-de-Luz-768x512.jpg 768w, https:\/\/www.camping-erromardie.com\/wp-content\/uploads\/2025\/04\/ecoles-de-surf-a-Saint-Jean-de-Luz-1536x1024.jpg 1536w\" sizes=\"auto, (max-width: 2000px) 100vw, 2000px\" \/><\/a><\/figure>\n\n\n\n<figure class=\"wp-block-image size-full animated fadeIn\"><a href=\"https:\/\/www.camping-erromardie.com\/wp-content\/uploads\/2025\/04\/Activites-et-animations-camping-la-ferme-erromardie.jpg\"><img loading=\"lazy\" decoding=\"async\" width=\"2000\" height=\"1333\" data-id=\"17252\" src=\"https:\/\/www.camping-erromardie.com\/wp-content\/uploads\/2025\/04\/Activites-et-animations-camping-la-ferme-erromardie.jpg\" alt=\"Actividades y animaci&#xF3;n camping la ferme erromardie\" class=\"wp-image-17252\" srcset=\"https:\/\/www.camping-erromardie.com\/wp-content\/uploads\/2025\/04\/Activites-et-animations-camping-la-ferme-erromardie.jpg 2000w, https:\/\/www.camping-erromardie.com\/wp-content\/uploads\/2025\/04\/Activites-et-animations-camping-la-ferme-erromardie-300x200.jpg 300w, https:\/\/www.camping-erromardie.com\/wp-content\/uploads\/2025\/04\/Activites-et-animations-camping-la-ferme-erromardie-1024x682.jpg 1024w, https:\/\/www.camping-erromardie.com\/wp-content\/uploads\/2025\/04\/Activites-et-animations-camping-la-ferme-erromardie-768x512.jpg 768w, https:\/\/www.camping-erromardie.com\/wp-content\/uploads\/2025\/04\/Activites-et-animations-camping-la-ferme-erromardie-1536x1024.jpg 1536w\" sizes=\"auto, (max-width: 2000px) 100vw, 2000px\" \/><\/a><\/figure>\n<\/figure>\n<\/div>\n<\/div>\n\n\r\n    <\/div>\r\n<\/section><section id=\"ls-section-block_f3d59bf6263687c490c4c69f880b7820\" class=\"ls-section  page-cta\" >\r\n        <div class=\"container container--wide\">\r\n        \n\n<div id=\"ls-heading ls-titre-div-block_e4632b6213b3408113f57e4bbbd5ddeb\" class=\"ls-titre-div aligncenter h2-like has-text-color has-color-1-color\" >\n    Vacaciones baratas en el Pa\u00eds Vasco<\/div>\n\n\n\n<div id=\"ls-maillage-block_f8a01904e66c00c276d544890ca92fbf\" class=\"ls-maillage cta-style-normal\" data-rows=\"3\">\n\n    <div class=\"wp-block-columns\"><div class=\"wp-block-column\">\n\n<a href=\"https:\/\/www.camping-erromardie.com\/es\/camping-vacaf\/\" target=\"\" rel=\"noopener\" class=\"ls-cta__link\" data-categ=\"\">\n\t<div class=\"ls-cta__image\"><img decoding=\"async\" src=\"https:\/\/www.camping-erromardie.com\/wp-content\/uploads\/2025\/04\/Vacaf.jpg\" alt=\"\"><\/div>\n\t<div class=\"ls-cta__title\">\n\t\tCamping Vacaf Pa\u00eds Vasco\t<\/div>\n\n\t<\/a><\/div><div class=\"wp-block-column\">\n\n<a href=\"https:\/\/www.camping-erromardie.com\/es\/camping-qualite\/\" target=\"\" rel=\"noopener\" class=\"ls-cta__link\" data-categ=\"\">\n\t<div class=\"ls-cta__image\"><img decoding=\"async\" src=\"https:\/\/www.camping-erromardie.com\/wp-content\/uploads\/2025\/04\/Camping-qualite.jpg\" alt=\"\"><\/div>\n\t<div class=\"ls-cta__title\">\n\t\tCalidad de acampada\t<\/div>\n\n\t<\/a><\/div><div class=\"wp-block-column\">\n\n<a href=\"https:\/\/www.camping-erromardie.com\/es\/camping-barato-en-el-pais-vasco\/\" target=\"\" rel=\"noopener\" class=\"ls-cta__link\" data-categ=\"\">\n\t<div class=\"ls-cta__image\"><img decoding=\"async\" src=\"https:\/\/www.camping-erromardie.com\/wp-content\/uploads\/2025\/04\/camping-saint-jean-de-luz-la-ferme-erromardie-pays-basque.jpg\" alt=\"Tarifas\"><\/div>\n\t<div class=\"ls-cta__title\">\n\t\tTarifas\t<\/div>\n\n\t<\/a><\/div><\/div>\n<\/div>\n\r\n    <\/div>\r\n<\/section><section id=\"ls-section-block_beac29666e1f8ba842ff7d193fdb4171\" class=\"ls-section  home-first page-two has-background has-color-6-background-color\" >\r\n        <div class=\"container container--wide\">\r\n        \n\n<div class=\"wp-block-columns is-layout-flex wp-container-core-columns-is-layout-9d6595d7 wp-block-columns-is-layout-flex\">\n<div class=\"wp-block-column is-layout-flow wp-block-column-is-layout-flow\" style=\"flex-basis:66.66%\">\n<figure class=\"wp-block-gallery has-nested-images columns-default is-cropped wp-block-gallery-2 is-layout-flex wp-block-gallery-is-layout-flex\">\n<figure class=\"wp-block-image size-full animated fadeIn delay-200ms\"><a href=\"https:\/\/www.camping-erromardie.com\/wp-content\/uploads\/2025\/04\/Enfant-dans-le-parc-du-camping.jpg\"><img loading=\"lazy\" decoding=\"async\" width=\"2000\" height=\"1334\" data-id=\"17259\" src=\"https:\/\/www.camping-erromardie.com\/wp-content\/uploads\/2025\/04\/Enfant-dans-le-parc-du-camping.jpg\" alt=\"Ni&#xF1;os en el parque del camping\" class=\"wp-image-17259\" srcset=\"https:\/\/www.camping-erromardie.com\/wp-content\/uploads\/2025\/04\/Enfant-dans-le-parc-du-camping.jpg 2000w, https:\/\/www.camping-erromardie.com\/wp-content\/uploads\/2025\/04\/Enfant-dans-le-parc-du-camping-300x200.jpg 300w, https:\/\/www.camping-erromardie.com\/wp-content\/uploads\/2025\/04\/Enfant-dans-le-parc-du-camping-1024x683.jpg 1024w, https:\/\/www.camping-erromardie.com\/wp-content\/uploads\/2025\/04\/Enfant-dans-le-parc-du-camping-768x512.jpg 768w, https:\/\/www.camping-erromardie.com\/wp-content\/uploads\/2025\/04\/Enfant-dans-le-parc-du-camping-1536x1025.jpg 1536w\" sizes=\"auto, (max-width: 2000px) 100vw, 2000px\" \/><\/a><\/figure>\n\n\n\n<figure class=\"wp-block-image size-full animated fadeIn\"><a href=\"https:\/\/www.camping-erromardie.com\/wp-content\/uploads\/2025\/04\/Ferme-Erromardie-selection-GT-etalo41.jpg\"><img loading=\"lazy\" decoding=\"async\" width=\"1000\" height=\"668\" data-id=\"14562\" src=\"https:\/\/www.camping-erromardie.com\/wp-content\/uploads\/2025\/04\/Ferme-Erromardie-selection-GT-etalo41.jpg\" alt=\"Granja Erromardie selecci&#xF3;n GT etalo41\" class=\"wp-image-14562\" srcset=\"https:\/\/www.camping-erromardie.com\/wp-content\/uploads\/2025\/04\/Ferme-Erromardie-selection-GT-etalo41.jpg 1000w, https:\/\/www.camping-erromardie.com\/wp-content\/uploads\/2025\/04\/Ferme-Erromardie-selection-GT-etalo41-300x200.jpg 300w, https:\/\/www.camping-erromardie.com\/wp-content\/uploads\/2025\/04\/Ferme-Erromardie-selection-GT-etalo41-768x513.jpg 768w\" sizes=\"auto, (max-width: 1000px) 100vw, 1000px\" \/><\/a><\/figure>\n<\/figure>\n<\/div>\n\n\n\n<div class=\"wp-block-column is-layout-flow wp-block-column-is-layout-flow\" style=\"flex-basis:33.33%\">\n<div class=\"wp-block-columns is-layout-flex wp-container-core-columns-is-layout-9d6595d7 wp-block-columns-is-layout-flex\">\n<div class=\"wp-block-column column-border is-layout-flow wp-block-column-is-layout-flow\">\n<h2 class=\"ls__heading wp-block-heading has-color-1-color has-text-color has-link-color wp-elements-fdffeeb2151e1c99acdd9e40824e5b7a\">  Condiciones de uso de la tarjeta ACSI<\/h2>\n\n\n\n<p class=\"ls-paragraph\">El uso de la tarjeta ACSI y la aplicaci\u00f3n de los descuentos y tarifas ACSI est\u00e1n sujetos a determinadas condiciones:<\/p>\n\n\n\n<ul class=\"ls-list ls-list-undefined wp-block-list\">\n<li>La tarjeta ACSI debe ser v\u00e1lida; el camping no aceptar\u00e1 en ning\u00fan caso tarjetas caducadas.<\/li>\n\n\n\n<li>La tarjeta ACSI s\u00f3lo puede utilizarse fuera de temporada.<\/li>\n\n\n\n<li>Como la tarjeta es personal, el camping tiene derecho a pedirte una prueba de identidad.<\/li>\n<\/ul>\n\n\n\n<p class=\"ls-paragraph\">Para m\u00e1s informaci\u00f3n, visita <a href=\"https:\/\/www.campingcard.fr\/\" target=\"_blank\" rel=\"noreferrer noopener\">www.campingcard.fr<\/a><\/p>\n<\/div>\n<\/div>\n<\/div>\n<\/div>\n\n\r\n    <\/div>\r\n<\/section><section id=\"ls-section-block_f3d59bf6263687c490c4c69f880b7820\" class=\"ls-section  page-cta\" >\r\n        <div class=\"container container--wide\">\r\n        \n\n<div id=\"ls-heading ls-titre-div-block_d443584a68963dec5d84cd5de5d11139\" class=\"ls-titre-div aligncenter h2-like has-text-color has-color-1-color\" >\n    4 razones para elegir el camping la Ferme Erromardie :<\/div>\n\n\n\n<div id=\"ls-maillage-block_0faa04d0b6d7e829d75443450ba5288a\" class=\"ls-maillage cta-style-normal\" data-rows=\"4\">\n\n    <div class=\"wp-block-columns\"><div class=\"wp-block-column\">\n\n<a href=\"https:\/\/www.camping-erromardie.com\/es\/camping-pais-vasco-orillas-del-mar\/\" target=\"\" rel=\"noopener\" class=\"ls-cta__link\" data-categ=\"\">\n\t<div class=\"ls-cta__image\"><img decoding=\"async\" src=\"https:\/\/www.camping-erromardie.com\/wp-content\/uploads\/2025\/04\/Erromardie-88.jpg\" alt=\"\"><\/div>\n\t<div class=\"ls-cta__title\">\n\t\tA orillas del mar\t<\/div>\n\n\t<\/a><\/div><div class=\"wp-block-column\">\n\n<a href=\"https:\/\/www.camping-erromardie.com\/es\/4-estrellas-camping-pais-vasco\/\" target=\"\" rel=\"noopener\" class=\"ls-cta__link\" data-categ=\"\">\n\t<div class=\"ls-cta__image\"><img decoding=\"async\" src=\"https:\/\/www.camping-erromardie.com\/wp-content\/uploads\/2025\/04\/Camping-Erromardie-46.jpg\" alt=\"\"><\/div>\n\t<div class=\"ls-cta__title\">\n\t\tServicios\t<\/div>\n\n\t<\/a><\/div><div class=\"wp-block-column\">\n\n<a href=\"https:\/\/www.camping-erromardie.com\/es\/camping-ocio-pais-vasco\/\" target=\"\" rel=\"noopener\" class=\"ls-cta__link\" data-categ=\"\">\n\t<div class=\"ls-cta__image\"><img decoding=\"async\" src=\"https:\/\/www.camping-erromardie.com\/wp-content\/uploads\/2025\/04\/Camping-Erromardie-61_1.jpg\" alt=\"\"><\/div>\n\t<div class=\"ls-cta__title\">\n\t\tEntretenimiento\t<\/div>\n\n\t<\/a><\/div><div class=\"wp-block-column\">\n\n<a href=\"https:\/\/www.camping-erromardie.com\/es\/acampar-pais-con-piscina-vasco\/\" target=\"\" rel=\"noopener\" class=\"ls-cta__link\" data-categ=\"\">\n\t<div class=\"ls-cta__image\"><img decoding=\"async\" src=\"https:\/\/www.camping-erromardie.com\/wp-content\/uploads\/2025\/04\/camping-avec-piscine-au-pays-basque.jpg\" alt=\"\"><\/div>\n\t<div class=\"ls-cta__title\">\n\t\tPiscina\t<\/div>\n\n\t<\/a><\/div><\/div>\n<\/div>\n\r\n    <\/div>\r\n<\/section>","protected":false},"excerpt":{"rendered":"","protected":false},"author":1,"featured_media":17095,"parent":0,"menu_order":41,"comment_status":"closed","ping_status":"closed","template":"","meta":{"_acf_changed":false,"_seopress_robots_primary_cat":"","_seopress_titles_title":"Camping Acsi Pays Basque | Tarjeta ACSI | Descuentos camping c\u00f4te basque","_seopress_titles_desc":"Al\u00f3jate a bajo precio gracias a tu tarjeta de descuento en el camping Acsi aprobado La Ferme d'Erromardie y aprovecha todas sus grandes ofertas ...","_seopress_robots_index":"","footnotes":""},"sujet":[],"class_list":["post-18200","page","type-page","status-publish","has-post-thumbnail","hentry"],"acf":[],"_links":{"self":[{"href":"https:\/\/www.camping-erromardie.com\/es\/wp-json\/wp\/v2\/pages\/18200","targetHints":{"allow":["GET"]}}],"collection":[{"href":"https:\/\/www.camping-erromardie.com\/es\/wp-json\/wp\/v2\/pages"}],"about":[{"href":"https:\/\/www.camping-erromardie.com\/es\/wp-json\/wp\/v2\/types\/page"}],"author":[{"embeddable":true,"href":"https:\/\/www.camping-erromardie.com\/es\/wp-json\/wp\/v2\/users\/1"}],"replies":[{"embeddable":true,"href":"https:\/\/www.camping-erromardie.com\/es\/wp-json\/wp\/v2\/comments?post=18200"}],"version-history":[{"count":5,"href":"https:\/\/www.camping-erromardie.com\/es\/wp-json\/wp\/v2\/pages\/18200\/revisions"}],"predecessor-version":[{"id":18899,"href":"https:\/\/www.camping-erromardie.com\/es\/wp-json\/wp\/v2\/pages\/18200\/revisions\/18899"}],"wp:featuredmedia":[{"embeddable":true,"href":"https:\/\/www.camping-erromardie.com\/es\/wp-json\/wp\/v2\/media\/17095"}],"wp:attachment":[{"href":"https:\/\/www.camping-erromardie.com\/es\/wp-json\/wp\/v2\/media?parent=18200"}],"wp:term":[{"taxonomy":"sujet","embeddable":true,"href":"https:\/\/www.camping-erromardie.com\/es\/wp-json\/wp\/v2\/sujet?post=18200"}],"curies":[{"name":"wp","href":"https:\/\/api.w.org\/{rel}","templated":true}]}}