{"id":18187,"date":"2025-03-14T16:56:14","date_gmt":"2025-03-14T15:56:14","guid":{"rendered":"https:\/\/www.camping-erromardie.com\/camping-ascain\/"},"modified":"2025-05-30T10:20:47","modified_gmt":"2025-05-30T08:20:47","slug":"camping-ascain","status":"publish","type":"page","link":"https:\/\/www.camping-erromardie.com\/es\/camping-ascain\/","title":{"rendered":"Camping Ascain"},"content":{"rendered":"<section id=\"ls-section-block_0c1914bb0e66d139ca777c1a1eeafb95\" class=\"ls-section  page-titre\" >\r\n        <div class=\"container container--wide\">\r\n        \n\n<h1 class=\"ls__heading wp-block-heading has-text-align-center has-color-4-color has-text-color has-link-color wp-elements-c80f4ab574b10ad0c195457a171d8ac2\">Ascain<\/h1>\n\n\n\n<p class=\"ls-paragraph has-text-align-center\">No dejes de visitar el <a href=\"https:\/\/www.camping-erromardie.com\/es\/ascain\/\" data-type=\"category\" data-id=\"61\">encantador pueblo de Ascain<\/a> durante tu estancia en Ferme Erromardie,<a href=\"https:\/\/www.camping-erromardie.com\/es\/\" data-type=\"page\" data-id=\"270\"> camping Pays Basque<\/a>: a s\u00f3lo 10 km, se llega en menos de 20 minutos. Como los gabarras hasta principios del siglo XX, \u00a1s\u00f3lo tienes que remontar el Nivelle desde San Juan de Luz! <br\/><\/p>\n\n\r\n    <\/div>\r\n<\/section><section id=\"ls-section-block_8a6284704bfbb8fe30741b5c007aaaec\" class=\"ls-section  home-first page-one\" >\r\n        <div class=\"container container--wide\">\r\n        \n\n<div class=\"wp-block-columns is-layout-flex wp-container-core-columns-is-layout-9d6595d7 wp-block-columns-is-layout-flex\">\n<div class=\"wp-block-column is-layout-flow wp-block-column-is-layout-flow\" style=\"flex-basis:33.33%\">\n<div class=\"wp-block-columns is-layout-flex wp-container-core-columns-is-layout-9d6595d7 wp-block-columns-is-layout-flex\">\n<div class=\"wp-block-column column-border is-layout-flow wp-block-column-is-layout-flow\">\n<h2 class=\"ls__heading wp-block-heading has-color-1-color has-text-color has-link-color wp-elements-c7b2d74cbab53cddadecabf06ee7be11\">Alquiler de mobil home Pays Basque Ascain<\/h2>\n\n\n\n<p class=\"ls-paragraph\">\u00bfQuieres <strong>alquilar<\/strong> una <strong>casa m\u00f3vil en Ascain<\/strong>, en la costa vasca?  <\/p>\n\n\n\n<p class=\"ls-paragraph\">Descubre nuestro terreno arbolado de 2,5 hect\u00e1reas con vistas al oc\u00e9ano Atl\u00e1ntico, donde podr\u00e1s elegir entre 10 tipos de alojamiento diferentes, entre ellos una caba\u00f1a de 30 m\u00b2 y 2 dormitorios accesible para personas con movilidad reducida, y una caba\u00f1a de 35 m\u00b2 y 2 dormitorios con un c\u00e1lido ambiente de chalet.  <\/p>\n\n\n\n<p class=\"ls-paragraph\">Nuestras casas m\u00f3viles tienen capacidad para 1 a 6 personas, de 1 a 3 habitaciones y miden entre 16 y 32 m\u00b2. Encontrar\u00e1s todas las comodidades que esperas de un <strong>camping Ascain de 4 estrellas<\/strong>: cocina totalmente equipada con frigor\u00edfico, placa de cocci\u00f3n y microondas, vajilla abundante y utensilios pr\u00e1cticos, cuarto de ba\u00f1o con ducha y WC (algunos est\u00e1n separados), TV, habitaciones con ropa de cama de calidad y amplios armarios.   <\/p>\n\n\n\n<p class=\"ls-paragraph\">Ten en cuenta que no se proporcionan s\u00e1banas ni toallas. Todos nuestros alquileres disponen de una zona exterior con terraza y muebles de jard\u00edn para que puedas aprovechar al m\u00e1ximo este espacio extra. <\/p>\n<\/div>\n<\/div>\n<\/div>\n\n\n\n<div class=\"wp-block-column is-layout-flow wp-block-column-is-layout-flow\" style=\"flex-basis:66.66%\">\n<figure class=\"wp-block-gallery has-nested-images columns-default is-cropped wp-block-gallery-1 is-layout-flex wp-block-gallery-is-layout-flex\">\n<figure class=\"wp-block-image size-full animated fadeIn delay-200ms\"><a href=\"https:\/\/www.camping-erromardie.com\/wp-content\/uploads\/2025\/04\/Camping-Paradis-La-Ferme-Erromardie-4.jpg\"><img loading=\"lazy\" decoding=\"async\" width=\"1000\" height=\"668\" data-id=\"15235\" src=\"https:\/\/www.camping-erromardie.com\/wp-content\/uploads\/2025\/04\/Camping-Paradis-La-Ferme-Erromardie-4.jpg\" alt=\"Camping Paradis La Ferme Erromardie (4)\" class=\"wp-image-15235\" srcset=\"https:\/\/www.camping-erromardie.com\/wp-content\/uploads\/2025\/04\/Camping-Paradis-La-Ferme-Erromardie-4.jpg 1000w, https:\/\/www.camping-erromardie.com\/wp-content\/uploads\/2025\/04\/Camping-Paradis-La-Ferme-Erromardie-4-300x200.jpg 300w, https:\/\/www.camping-erromardie.com\/wp-content\/uploads\/2025\/04\/Camping-Paradis-La-Ferme-Erromardie-4-768x513.jpg 768w\" sizes=\"auto, (max-width: 1000px) 100vw, 1000px\" \/><\/a><\/figure>\n\n\n\n<figure class=\"wp-block-image size-full animated fadeIn\"><a href=\"https:\/\/www.camping-erromardie.com\/wp-content\/uploads\/2025\/04\/Camping-Paradis-La-Ferme-Erromardie.jpg\"><img loading=\"lazy\" decoding=\"async\" width=\"668\" height=\"1000\" data-id=\"15250\" src=\"https:\/\/www.camping-erromardie.com\/wp-content\/uploads\/2025\/04\/Camping-Paradis-La-Ferme-Erromardie.jpg\" alt=\"Camping Paradis La Ferme Erromardie\" class=\"wp-image-15250\" srcset=\"https:\/\/www.camping-erromardie.com\/wp-content\/uploads\/2025\/04\/Camping-Paradis-La-Ferme-Erromardie.jpg 668w, https:\/\/www.camping-erromardie.com\/wp-content\/uploads\/2025\/04\/Camping-Paradis-La-Ferme-Erromardie-200x300.jpg 200w\" sizes=\"auto, (max-width: 668px) 100vw, 668px\" \/><\/a><\/figure>\n<\/figure>\n<\/div>\n<\/div>\n\n\r\n    <\/div>\r\n<\/section><section id=\"ls-section-block_5cf809fcf54b85266faf6af4a3ac2740\" class=\"ls-section  home-first page-two has-background has-color-6-background-color has-m-t m-t-10\" >\r\n        <div class=\"container container--wide\">\r\n        \n\n<div class=\"wp-block-columns is-layout-flex wp-container-core-columns-is-layout-9d6595d7 wp-block-columns-is-layout-flex\">\n<div class=\"wp-block-column is-layout-flow wp-block-column-is-layout-flow\" style=\"flex-basis:66.66%\">\n<figure class=\"wp-block-gallery has-nested-images columns-default is-cropped wp-block-gallery-2 is-layout-flex wp-block-gallery-is-layout-flex\">\n<figure class=\"wp-block-image size-full animated fadeIn delay-200ms\"><a href=\"https:\/\/www.camping-erromardie.com\/wp-content\/uploads\/2025\/04\/Camping-Erromardie-environnement-85.jpg\"><img loading=\"lazy\" decoding=\"async\" width=\"2022\" height=\"1350\" data-id=\"11069\" src=\"https:\/\/www.camping-erromardie.com\/wp-content\/uploads\/2025\/04\/Camping-Erromardie-environnement-85.jpg\" alt=\"Camping Erromardie medio ambiente 85\" class=\"wp-image-11069\" srcset=\"https:\/\/www.camping-erromardie.com\/wp-content\/uploads\/2025\/04\/Camping-Erromardie-environnement-85.jpg 2022w, https:\/\/www.camping-erromardie.com\/wp-content\/uploads\/2025\/04\/Camping-Erromardie-environnement-85-300x200.jpg 300w, https:\/\/www.camping-erromardie.com\/wp-content\/uploads\/2025\/04\/Camping-Erromardie-environnement-85-1024x684.jpg 1024w, https:\/\/www.camping-erromardie.com\/wp-content\/uploads\/2025\/04\/Camping-Erromardie-environnement-85-768x513.jpg 768w, https:\/\/www.camping-erromardie.com\/wp-content\/uploads\/2025\/04\/Camping-Erromardie-environnement-85-1536x1026.jpg 1536w\" sizes=\"auto, (max-width: 2022px) 100vw, 2022px\" \/><\/a><\/figure>\n\n\n\n<figure class=\"wp-block-image size-full animated fadeIn\"><a href=\"https:\/\/www.camping-erromardie.com\/wp-content\/uploads\/2025\/04\/La-ferme-erromardi-camping-familial-avec-piscine.jpg\"><img loading=\"lazy\" decoding=\"async\" width=\"2000\" height=\"1335\" data-id=\"11541\" src=\"https:\/\/www.camping-erromardie.com\/wp-content\/uploads\/2025\/04\/La-ferme-erromardi-camping-familial-avec-piscine.jpg\" alt=\"Camping familiar con piscina La ferme erromardi\" class=\"wp-image-11541\" srcset=\"https:\/\/www.camping-erromardie.com\/wp-content\/uploads\/2025\/04\/La-ferme-erromardi-camping-familial-avec-piscine.jpg 2000w, https:\/\/www.camping-erromardie.com\/wp-content\/uploads\/2025\/04\/La-ferme-erromardi-camping-familial-avec-piscine-300x200.jpg 300w, https:\/\/www.camping-erromardie.com\/wp-content\/uploads\/2025\/04\/La-ferme-erromardi-camping-familial-avec-piscine-1024x684.jpg 1024w, https:\/\/www.camping-erromardie.com\/wp-content\/uploads\/2025\/04\/La-ferme-erromardi-camping-familial-avec-piscine-768x513.jpg 768w, https:\/\/www.camping-erromardie.com\/wp-content\/uploads\/2025\/04\/La-ferme-erromardi-camping-familial-avec-piscine-1536x1025.jpg 1536w\" sizes=\"auto, (max-width: 2000px) 100vw, 2000px\" \/><\/a><\/figure>\n<\/figure>\n<\/div>\n\n\n\n<div class=\"wp-block-column is-layout-flow wp-block-column-is-layout-flow\" style=\"flex-basis:33.33%\">\n<div class=\"wp-block-columns is-layout-flex wp-container-core-columns-is-layout-9d6595d7 wp-block-columns-is-layout-flex\">\n<div class=\"wp-block-column column-border is-layout-flow wp-block-column-is-layout-flow\">\n<h2 class=\"ls__heading wp-block-heading has-color-1-color has-text-color has-link-color wp-elements-537ffd4bf89d8183dd606c99a2bbdee3\">Camping con piscina Pays Basque Ascain<\/h2>\n\n\n\n<p class=\"ls-paragraph\">Si buscas un <strong>camping en<\/strong> <strong>Ascain<\/strong> <strong>con piscina<\/strong>, encontrar\u00e1s lo que buscas en La ferme d&#8217;Erromardie, un <strong>camping cerca de Ascain<\/strong>. Situado en un exuberante entorno natural frente al oc\u00e9ano Atl\u00e1ntico, podr\u00e1s disfrutar de un ba\u00f1o en la piscina cubierta y climatizada todos los d\u00edas de la temporada, de 10.00 a 19.00 h, haga el tiempo que haga.   <\/p>\n\n\n\n<p class=\"ls-paragraph\">Reservado exclusivamente a los veraneantes <strong>del camping Ascain<\/strong>, es un lugar donde las familias y los amigos pueden reunirse para refrescarse, divertirse y desahogarse despu\u00e9s de las excursiones del d\u00eda. Descubre nuestras burbujas hinchables gigantes, \u00a1sin las que los ni\u00f1os no podr\u00e1n vivir! Tambi\u00e9n puedes tomar el sol en una de las tumbonas disponibles, echarte una siestecita o simplemente descansar de la lectura con tus hijos. Para los m\u00e1s peque\u00f1os, hay una adorable piscina infantil donde pueden familiarizarse con las alegr\u00edas del agua y prepararse para enfrentarse al mar.     <\/p>\n\n\n\n<p class=\"ls-paragraph\">Ten en cuenta que la zona de la piscina no est\u00e1 vigilada y es tu responsabilidad estar atento. Adem\u00e1s, por razones de higiene, no est\u00e1 permitido el uso de ba\u00f1adores cortos. <\/p>\n<\/div>\n<\/div>\n<\/div>\n<\/div>\n\n\r\n    <\/div>\r\n<\/section><section id=\"ls-section-block_ffc8e9bb6aa61fa9763a12abe2cd4c0d\" class=\"ls-section  home-fifth page-three\" >\r\n        <div class=\"container container--wide\">\r\n        \n\n<figure class=\"wp-block-image size-full animated fadeIn\"><a href=\"https:\/\/www.camping-erromardie.com\/wp-content\/uploads\/2025\/04\/Village-Ascain-Pays-basque.jpg\"><img loading=\"lazy\" decoding=\"async\" width=\"2000\" height=\"1333\" src=\"https:\/\/www.camping-erromardie.com\/wp-content\/uploads\/2025\/04\/Village-Ascain-Pays-basque.jpg\" alt=\"Pueblo Ascain Pa&#xED;s Vasco\" class=\"wp-image-17466\" srcset=\"https:\/\/www.camping-erromardie.com\/wp-content\/uploads\/2025\/04\/Village-Ascain-Pays-basque.jpg 2000w, https:\/\/www.camping-erromardie.com\/wp-content\/uploads\/2025\/04\/Village-Ascain-Pays-basque-300x200.jpg 300w, https:\/\/www.camping-erromardie.com\/wp-content\/uploads\/2025\/04\/Village-Ascain-Pays-basque-1024x682.jpg 1024w, https:\/\/www.camping-erromardie.com\/wp-content\/uploads\/2025\/04\/Village-Ascain-Pays-basque-768x512.jpg 768w, https:\/\/www.camping-erromardie.com\/wp-content\/uploads\/2025\/04\/Village-Ascain-Pays-basque-1536x1024.jpg 1536w\" sizes=\"auto, (max-width: 2000px) 100vw, 2000px\" \/><\/a><\/figure>\n\n\r\n    <\/div>\r\n<\/section><section id=\"ls-section-block_22aa3bf9bf237991fd7ae336bb82ee50\" class=\"ls-section  page-cta\" >\r\n        <div class=\"container container--wide\">\r\n        \n\n<div id=\"ls-heading ls-titre-div-block_77f7ee31901f19b58ad749704d59491b\" class=\"ls-titre-div aligncenter h2-like has-text-color has-color-1-color\" >\n    Visita el Pa\u00eds Vasco<\/div>\n\n\n\n<div id=\"ls-maillage-block_8bcfc2dd12706281f59115a1ab5fa40c\" class=\"ls-maillage cta-style-normal\" data-rows=\"4\">\n\n    <div class=\"wp-block-columns\"><div class=\"wp-block-column\">\n\n<a href=\"https:\/\/www.camping-erromardie.com\/es\/pais-vasco-espanol\/\" target=\"\" rel=\"noopener\" class=\"ls-cta__link pais-vasco-espanol\" data-categ=\" pais-vasco-espanol\">\n\t<div class=\"ls-cta__image\"><img decoding=\"async\" src=\"https:\/\/www.camping-erromardie.com\/wp-content\/uploads\/2025\/04\/donostia-2.jpg\" alt=\"El Pa\u00eds Vasco espa\u00f1ol\"><\/div>\n\t<div class=\"ls-cta__title\">\n\t\tEl Pa\u00eds Vasco espa\u00f1ol\t<\/div>\n\n\t<\/a><\/div><div class=\"wp-block-column\">\n\n<a href=\"https:\/\/www.camping-erromardie.com\/es\/pirineos-atlanticos\/\" target=\"\" rel=\"noopener\" class=\"ls-cta__link pirineos-atlanticos\" data-categ=\" pirineos-atlanticos\">\n\t<div class=\"ls-cta__image\"><img decoding=\"async\" src=\"https:\/\/www.camping-erromardie.com\/wp-content\/uploads\/2025\/04\/Pyrenees-Atlantiques.jpg\" alt=\"Pirineos Atl\u00e1nticos\"><\/div>\n\t<div class=\"ls-cta__title\">\n\t\tPirineos Atl\u00e1nticos\t<\/div>\n\n\t<\/a><\/div><div class=\"wp-block-column\">\n\n<a href=\"https:\/\/www.camping-erromardie.com\/es\/saint-jean-de-luz\/\" target=\"\" rel=\"noopener\" class=\"ls-cta__link saint-jean-de-luz\" data-categ=\" saint-jean-de-luz\">\n\t<div class=\"ls-cta__image\"><img decoding=\"async\" src=\"https:\/\/www.camping-erromardie.com\/wp-content\/uploads\/2025\/04\/Saint-Jean-de-Luz-Centre-Ville-et-Port-e1745412638780.jpg\" alt=\"San Juan de Luz\"><\/div>\n\t<div class=\"ls-cta__title\">\n\t\tSan Juan de Luz\t<\/div>\n\n\t<\/a><\/div><div class=\"wp-block-column\">\n\n<a href=\"https:\/\/www.camping-erromardie.com\/es\/saint-jean-pied-de-port\/\" target=\"\" rel=\"noopener\" class=\"ls-cta__link saint-jean-pied-de-port\" data-categ=\" saint-jean-pied-de-port\">\n\t<div class=\"ls-cta__image\"><img decoding=\"async\" src=\"https:\/\/www.camping-erromardie.com\/wp-content\/uploads\/2025\/04\/Saint-Jean-Pied-De-Port-Pays-Basque.jpg\" alt=\"Saint Jean Pied de Port\"><\/div>\n\t<div class=\"ls-cta__title\">\n\t\tSaint Jean Pied de Port\t<\/div>\n\n\t<\/a><\/div><\/div><div class=\"wp-block-columns\"><div class=\"wp-block-column\">\n\n<a href=\"https:\/\/www.camping-erromardie.com\/es\/san-sebastian\/\" target=\"\" rel=\"noopener\" class=\"ls-cta__link san-sebastian\" data-categ=\" san-sebastian\">\n\t<div class=\"ls-cta__image\"><img decoding=\"async\" src=\"https:\/\/www.camping-erromardie.com\/wp-content\/uploads\/2025\/04\/Donostia.jpg\" alt=\"San Sebasti\u00e1n\"><\/div>\n\t<div class=\"ls-cta__title\">\n\t\tSan Sebasti\u00e1n\t<\/div>\n\n\t<\/a><\/div><div class=\"wp-block-column\">\n\n<a href=\"https:\/\/www.camping-erromardie.com\/es\/itxassou\/\" target=\"\" rel=\"noopener\" class=\"ls-cta__link itxassou\" data-categ=\" itxassou\">\n\t<div class=\"ls-cta__image\"><img decoding=\"async\" src=\"https:\/\/www.camping-erromardie.com\/wp-content\/uploads\/2025\/04\/Riviere-La-Nive-Itxassu.jpg\" alt=\"Itxassou\"><\/div>\n\t<div class=\"ls-cta__title\">\n\t\tItxassou\t<\/div>\n\n\t<\/a><\/div><div class=\"wp-block-column\">\n\n<a href=\"https:\/\/www.camping-erromardie.com\/es\/urrugne\/\" target=\"\" rel=\"noopener\" class=\"ls-cta__link urrugne\" data-categ=\" urrugne\">\n\t<div class=\"ls-cta__image\"><img decoding=\"async\" src=\"https:\/\/www.camping-erromardie.com\/wp-content\/uploads\/2025\/04\/photos-aeriennes-Urrugne.jpg\" alt=\"Urrugne: un pueblo con muchas caras\"><\/div>\n\t<div class=\"ls-cta__title\">\n\t\tUrrugne: un pueblo con muchas caras\t<\/div>\n\n\t<\/a><\/div><div class=\"wp-block-column\">\n\n<a href=\"https:\/\/www.camping-erromardie.com\/es\/bidart\/\" target=\"\" rel=\"noopener\" class=\"ls-cta__link bidart\" data-categ=\" bidart\">\n\t<div class=\"ls-cta__image\"><img decoding=\"async\" src=\"https:\/\/www.camping-erromardie.com\/wp-content\/uploads\/2025\/04\/Bidart.jpg\" alt=\"Bidart\"><\/div>\n\t<div class=\"ls-cta__title\">\n\t\tBidart\t<\/div>\n\n\t<\/a><\/div><\/div><div class=\"wp-block-columns\"><div class=\"wp-block-column\">\n\n<a href=\"https:\/\/www.camping-erromardie.com\/es\/bilbao\/\" target=\"\" rel=\"noopener\" class=\"ls-cta__link bilbao\" data-categ=\" bilbao\">\n\t<div class=\"ls-cta__image\"><img decoding=\"async\" src=\"https:\/\/www.camping-erromardie.com\/wp-content\/uploads\/2025\/04\/Bilbao-3.jpg\" alt=\"Bilbao\"><\/div>\n\t<div class=\"ls-cta__title\">\n\t\tBilbao\t<\/div>\n\n\t<\/a><\/div><div class=\"wp-block-column\">\n\n<a href=\"https:\/\/www.camping-erromardie.com\/es\/cambo-les-bains\/\" target=\"\" rel=\"noopener\" class=\"ls-cta__link cambo-les-bains\" data-categ=\" cambo-les-bains\">\n\t<div class=\"ls-cta__image\"><img decoding=\"async\" src=\"https:\/\/www.camping-erromardie.com\/wp-content\/uploads\/2025\/04\/Cambo-les-Bains-paysages.jpg\" alt=\"Cambo\"><\/div>\n\t<div class=\"ls-cta__title\">\n\t\tCambo\t<\/div>\n\n\t<\/a><\/div><div class=\"wp-block-column\">\n\n<a href=\"https:\/\/www.camping-erromardie.com\/es\/hendaye\/\" target=\"\" rel=\"noopener\" class=\"ls-cta__link hendaye\" data-categ=\" hendaye\">\n\t<div class=\"ls-cta__image\"><img decoding=\"async\" src=\"https:\/\/www.camping-erromardie.com\/wp-content\/uploads\/2025\/04\/hendaye_3-3-e1744808115339.jpg\" alt=\"Hendaya\"><\/div>\n\t<div class=\"ls-cta__title\">\n\t\tHendaya\t<\/div>\n\n\t<\/a><\/div><div class=\"wp-block-column\">\n\n<a href=\"https:\/\/www.camping-erromardie.com\/es\/espelette\/\" target=\"\" rel=\"noopener\" class=\"ls-cta__link espelette\" data-categ=\" espelette\">\n\t<div class=\"ls-cta__image\"><img decoding=\"async\" src=\"https:\/\/www.camping-erromardie.com\/wp-content\/uploads\/2025\/04\/Village-espelette.jpg\" alt=\"Espelette\"><\/div>\n\t<div class=\"ls-cta__title\">\n\t\tEspelette\t<\/div>\n\n\t<\/a><\/div><\/div><div class=\"wp-block-columns\"><div class=\"wp-block-column\">\n\n<a href=\"https:\/\/www.camping-erromardie.com\/es\/hasparren\/\" target=\"\" rel=\"noopener\" class=\"ls-cta__link hasparren\" data-categ=\" hasparren\">\n\t<div class=\"ls-cta__image\"><img decoding=\"async\" src=\"https:\/\/www.camping-erromardie.com\/wp-content\/uploads\/2025\/04\/Village-dHasparran.jpg\" alt=\"Hasparren\"><\/div>\n\t<div class=\"ls-cta__title\">\n\t\tHasparren\t<\/div>\n\n\t<\/a><\/div><div class=\"wp-block-column\">\n\n<a href=\"https:\/\/www.camping-erromardie.com\/es\/bayona\/\" target=\"\" rel=\"noopener\" class=\"ls-cta__link bayona\" data-categ=\" bayona\">\n\t<div class=\"ls-cta__image\"><img decoding=\"async\" src=\"https:\/\/www.camping-erromardie.com\/wp-content\/uploads\/2025\/04\/Bayonne-Couleurs-Basque.jpg\" alt=\"Bayona\"><\/div>\n\t<div class=\"ls-cta__title\">\n\t\tBayona\t<\/div>\n\n\t<\/a><\/div><div class=\"wp-block-column\">\n\n<a href=\"https:\/\/www.camping-erromardie.com\/es\/ascain\/\" target=\"\" rel=\"noopener\" class=\"ls-cta__link ascain\" data-categ=\" ascain\">\n\t<div class=\"ls-cta__image\"><img decoding=\"async\" src=\"https:\/\/www.camping-erromardie.com\/wp-content\/uploads\/2025\/04\/Paysages-Ascain-Pays-Basque.jpg\" alt=\"Ascain\"><\/div>\n\t<div class=\"ls-cta__title\">\n\t\tAscain\t<\/div>\n\n\t<\/a><\/div><div class=\"wp-block-column\">\n\n<a href=\"https:\/\/www.camping-erromardie.com\/es\/biarritz\/\" target=\"\" rel=\"noopener\" class=\"ls-cta__link biarritz\" data-categ=\" biarritz\">\n\t<div class=\"ls-cta__image\"><img decoding=\"async\" src=\"https:\/\/www.camping-erromardie.com\/wp-content\/uploads\/2025\/04\/musee-de-la-mer-a-Biarritz-Pays-Basque.jpg\" alt=\"Biarritz\"><\/div>\n\t<div class=\"ls-cta__title\">\n\t\tBiarritz\t<\/div>\n\n\t<\/a><\/div><\/div>\n<\/div>\n\r\n    <\/div>\r\n<\/section>","protected":false},"excerpt":{"rendered":"","protected":false},"author":1,"featured_media":17329,"parent":0,"menu_order":63,"comment_status":"closed","ping_status":"closed","template":"","meta":{"_acf_changed":false,"_seopress_robots_primary_cat":"","_seopress_titles_title":"Camping Pays Basque Ascain : alquiler de mobil home y vacaciones Ascain","_seopress_titles_desc":"Al\u00f3jate en el Camping La Ferme Erromardie, a 10 km de Ascain, para pasar unas c\u00f3modas vacaciones en mobil home y disfrutar de nuestra piscina climatizada. Explora el encantador pueblo de Ascain, con sus actividades vascas y su campi\u00f1a, a s\u00f3lo 20 minutos del camping.","_seopress_robots_index":"","footnotes":""},"sujet":[],"class_list":["post-18187","page","type-page","status-publish","has-post-thumbnail","hentry"],"acf":[],"_links":{"self":[{"href":"https:\/\/www.camping-erromardie.com\/es\/wp-json\/wp\/v2\/pages\/18187","targetHints":{"allow":["GET"]}}],"collection":[{"href":"https:\/\/www.camping-erromardie.com\/es\/wp-json\/wp\/v2\/pages"}],"about":[{"href":"https:\/\/www.camping-erromardie.com\/es\/wp-json\/wp\/v2\/types\/page"}],"author":[{"embeddable":true,"href":"https:\/\/www.camping-erromardie.com\/es\/wp-json\/wp\/v2\/users\/1"}],"replies":[{"embeddable":true,"href":"https:\/\/www.camping-erromardie.com\/es\/wp-json\/wp\/v2\/comments?post=18187"}],"version-history":[{"count":4,"href":"https:\/\/www.camping-erromardie.com\/es\/wp-json\/wp\/v2\/pages\/18187\/revisions"}],"predecessor-version":[{"id":19361,"href":"https:\/\/www.camping-erromardie.com\/es\/wp-json\/wp\/v2\/pages\/18187\/revisions\/19361"}],"wp:featuredmedia":[{"embeddable":true,"href":"https:\/\/www.camping-erromardie.com\/es\/wp-json\/wp\/v2\/media\/17329"}],"wp:attachment":[{"href":"https:\/\/www.camping-erromardie.com\/es\/wp-json\/wp\/v2\/media?parent=18187"}],"wp:term":[{"taxonomy":"sujet","embeddable":true,"href":"https:\/\/www.camping-erromardie.com\/es\/wp-json\/wp\/v2\/sujet?post=18187"}],"curies":[{"name":"wp","href":"https:\/\/api.w.org\/{rel}","templated":true}]}}