{"id":18150,"date":"2025-03-14T16:56:52","date_gmt":"2025-03-14T15:56:52","guid":{"rendered":"https:\/\/www.camping-erromardie.com\/camping-bidart\/"},"modified":"2025-06-12T13:33:53","modified_gmt":"2025-06-12T11:33:53","slug":"camping-bidart","status":"publish","type":"page","link":"https:\/\/www.camping-erromardie.com\/es\/camping-bidart\/","title":{"rendered":"Camping Bidart"},"content":{"rendered":"<section id=\"ls-section-block_93db68a57832e0f1768abfc5393b9b22\" class=\"ls-section  page-titre\" >\r\n        <div class=\"container container--wide\">\r\n        \n\n<h1 class=\"ls__heading wp-block-heading has-text-align-center has-color-4-color has-text-color has-link-color wp-elements-4c6714294b5487501c765dcf60751db5\">Camping Pais Vasco Bidart<br\/><\/h1>\n\n\n\n<p class=\"ls-paragraph has-text-align-center\">La ferme Erromardie, <a href=\"https:\/\/www.camping-erromardie.com\/es\/\" data-type=\"page\" data-id=\"270\">camping Pays Basque<\/a>, est \u00e0 7 km du centre-ville de <a href=\"https:\/\/www.camping-erromardie.com\/es\/bidart\/\" data-type=\"category\" data-id=\"62\">Bidart<\/a>. C\u2019est donc en une dizaine de minutes en voiture que vous atteignez l\u2019ancien village de p\u00eacheurs basque, en passant par Gu\u00e9thary. La plage de l\u2019Uhabia, la plus au sud des plages surveill\u00e9es de Bidart, n\u2019est qu\u2019\u00e0 5 km du <strong>camping Bidart<\/strong>. Il est donc aussi possible de s\u2019y rendre \u00e0 v\u00e9lo.<br\/><\/p>\n\n\r\n    <\/div>\r\n<\/section><section id=\"ls-section-block_4f0a8fd9a93b4fbbf7384fa444fcb2c4\" class=\"ls-section  home-first page-one\" >\r\n        <div class=\"container container--wide\">\r\n        \n\n<div class=\"wp-block-columns is-layout-flex wp-container-core-columns-is-layout-9d6595d7 wp-block-columns-is-layout-flex\">\n<div class=\"wp-block-column is-layout-flow wp-block-column-is-layout-flow\" style=\"flex-basis:33.33%\">\n<div class=\"wp-block-columns is-layout-flex wp-container-core-columns-is-layout-9d6595d7 wp-block-columns-is-layout-flex\">\n<div class=\"wp-block-column column-border is-layout-flow wp-block-column-is-layout-flow\">\n<h2 class=\"ls__heading wp-block-heading has-color-1-color has-text-color has-link-color wp-elements-900d6f0d751f1efb35964e828c708328\">Alquiler de mobil home Pays Basque Bidart<\/h2>\n\n\n\n<p class=\"ls-paragraph\">El camping La ferme d&#8217;Erromardie ofrece una amplia gama de <strong>alquileres de mobil homes cerca de Bidart<\/strong>, bajo el sol y en el ambiente relajado del Pa\u00eds Vasco. Enclavados en un hermoso parque arbolado de 2,5 hect\u00e1reas frente al oc\u00e9ano, nuestros 9 modelos se adaptan a todos nuestros veraneantes, familias, parejas y grupos de amigos: de 1 a 6 personas, con 1, 2 \u00f3 3 habitaciones, de 16 a 32 m\u00b2.   <\/p>\n\n\n\n<p class=\"ls-paragraph\">Tambi\u00e9n hay alojamiento para personas con movilidad reducida. Ser\u00e1s bienvenido en modernas y c\u00f3modas casas m\u00f3viles equipadas con cocina completa, TV, cuarto de ba\u00f1o con ducha e inodoro, amplio espacio de almacenamiento y acogedora ropa de cama con edredones y almohadas incluidos. \u00bfBuscas unas vacaciones m\u00e1s naturales en un <strong>camping de Bidart<\/strong>?    <\/p>\n\n\n\n<p class=\"ls-paragraph\">Elige una caba\u00f1a de madera y tela con instalaciones sanitarias: \u00a1esp\u00edritu trampero garantizado! \u00bfLa guinda del pastel? Todos los alquileres tienen una zona exterior con terraza y muebles de jard\u00edn. As\u00ed podr\u00e1s disfrutar de desayunos al sol, siestas y aperitivos al aire libre. Haz las maletas, \u00a1ya casi es tiempo de vacaciones!    <\/p>\n<\/div>\n<\/div>\n<\/div>\n\n\n\n<div class=\"wp-block-column is-layout-flow wp-block-column-is-layout-flow\" style=\"flex-basis:66.66%\">\n<figure class=\"wp-block-gallery has-nested-images columns-default is-cropped wp-block-gallery-1 is-layout-flex wp-block-gallery-is-layout-flex\">\n<figure class=\"wp-block-image size-full animated fadeIn delay-200ms\"><a href=\"https:\/\/www.camping-erromardie.com\/wp-content\/uploads\/2025\/04\/Location-Mobil-home-camping-pays-basque-1.jpg\"><img loading=\"lazy\" decoding=\"async\" width=\"2000\" height=\"1400\" data-id=\"15323\" src=\"https:\/\/www.camping-erromardie.com\/wp-content\/uploads\/2025\/04\/Location-Mobil-home-camping-pays-basque-1.jpg\" alt=\"Alquiler Mobil home camping pays basque (1)\" class=\"wp-image-15323\" srcset=\"https:\/\/www.camping-erromardie.com\/wp-content\/uploads\/2025\/04\/Location-Mobil-home-camping-pays-basque-1.jpg 2000w, https:\/\/www.camping-erromardie.com\/wp-content\/uploads\/2025\/04\/Location-Mobil-home-camping-pays-basque-1-300x210.jpg 300w, https:\/\/www.camping-erromardie.com\/wp-content\/uploads\/2025\/04\/Location-Mobil-home-camping-pays-basque-1-1024x717.jpg 1024w, https:\/\/www.camping-erromardie.com\/wp-content\/uploads\/2025\/04\/Location-Mobil-home-camping-pays-basque-1-768x538.jpg 768w, https:\/\/www.camping-erromardie.com\/wp-content\/uploads\/2025\/04\/Location-Mobil-home-camping-pays-basque-1-1536x1075.jpg 1536w\" sizes=\"auto, (max-width: 2000px) 100vw, 2000px\" \/><\/a><\/figure>\n\n\n\n<figure class=\"wp-block-image size-full animated fadeIn\"><a href=\"https:\/\/www.camping-erromardie.com\/wp-content\/uploads\/2025\/04\/Cuisine-Camping-PMR-pays-basque-1.jpg\"><img loading=\"lazy\" decoding=\"async\" width=\"2000\" height=\"1335\" data-id=\"15386\" src=\"https:\/\/www.camping-erromardie.com\/wp-content\/uploads\/2025\/04\/Cuisine-Camping-PMR-pays-basque-1.jpg\" alt=\"Cocina Camping PMR pays basque\" class=\"wp-image-15386\" srcset=\"https:\/\/www.camping-erromardie.com\/wp-content\/uploads\/2025\/04\/Cuisine-Camping-PMR-pays-basque-1.jpg 2000w, https:\/\/www.camping-erromardie.com\/wp-content\/uploads\/2025\/04\/Cuisine-Camping-PMR-pays-basque-1-300x200.jpg 300w, https:\/\/www.camping-erromardie.com\/wp-content\/uploads\/2025\/04\/Cuisine-Camping-PMR-pays-basque-1-1024x684.jpg 1024w, https:\/\/www.camping-erromardie.com\/wp-content\/uploads\/2025\/04\/Cuisine-Camping-PMR-pays-basque-1-768x513.jpg 768w, https:\/\/www.camping-erromardie.com\/wp-content\/uploads\/2025\/04\/Cuisine-Camping-PMR-pays-basque-1-1536x1025.jpg 1536w\" sizes=\"auto, (max-width: 2000px) 100vw, 2000px\" \/><\/a><\/figure>\n<\/figure>\n<\/div>\n<\/div>\n\n\r\n    <\/div>\r\n<\/section><section id=\"ls-section-block_23becac52fc51a908748d975d54c6289\" class=\"ls-section  home-first page-two has-background has-color-6-background-color\" >\r\n        <div class=\"container container--wide\">\r\n        \n\n<div class=\"wp-block-columns is-layout-flex wp-container-core-columns-is-layout-9d6595d7 wp-block-columns-is-layout-flex\">\n<div class=\"wp-block-column is-layout-flow wp-block-column-is-layout-flow\" style=\"flex-basis:66.66%\">\n<figure class=\"wp-block-gallery has-nested-images columns-default is-cropped wp-block-gallery-2 is-layout-flex wp-block-gallery-is-layout-flex\">\n<figure class=\"wp-block-image size-full animated fadeIn delay-200ms\"><a href=\"https:\/\/www.camping-erromardie.com\/wp-content\/uploads\/2025\/04\/Piscine-du-camping-Erromardie-1.jpg\"><img loading=\"lazy\" decoding=\"async\" width=\"2000\" height=\"1333\" data-id=\"12391\" src=\"https:\/\/www.camping-erromardie.com\/wp-content\/uploads\/2025\/04\/Piscine-du-camping-Erromardie-1.jpg\" alt=\"Piscina del camping Erromardie\" class=\"wp-image-12391\" srcset=\"https:\/\/www.camping-erromardie.com\/wp-content\/uploads\/2025\/04\/Piscine-du-camping-Erromardie-1.jpg 2000w, https:\/\/www.camping-erromardie.com\/wp-content\/uploads\/2025\/04\/Piscine-du-camping-Erromardie-1-300x200.jpg 300w, https:\/\/www.camping-erromardie.com\/wp-content\/uploads\/2025\/04\/Piscine-du-camping-Erromardie-1-1024x682.jpg 1024w, https:\/\/www.camping-erromardie.com\/wp-content\/uploads\/2025\/04\/Piscine-du-camping-Erromardie-1-768x512.jpg 768w, https:\/\/www.camping-erromardie.com\/wp-content\/uploads\/2025\/04\/Piscine-du-camping-Erromardie-1-1536x1024.jpg 1536w\" sizes=\"auto, (max-width: 2000px) 100vw, 2000px\" \/><\/a><\/figure>\n\n\n\n<figure class=\"wp-block-image size-full animated fadeIn\"><a href=\"https:\/\/www.camping-erromardie.com\/wp-content\/uploads\/2025\/04\/famille-dans-la-piscine-du-camping-Erromardie-1.jpg\"><img loading=\"lazy\" decoding=\"async\" width=\"2026\" height=\"1350\" data-id=\"12127\" src=\"https:\/\/www.camping-erromardie.com\/wp-content\/uploads\/2025\/04\/famille-dans-la-piscine-du-camping-Erromardie-1.jpg\" alt=\"familia en la piscina del camping Erromardie\" class=\"wp-image-12127\" srcset=\"https:\/\/www.camping-erromardie.com\/wp-content\/uploads\/2025\/04\/famille-dans-la-piscine-du-camping-Erromardie-1.jpg 2026w, https:\/\/www.camping-erromardie.com\/wp-content\/uploads\/2025\/04\/famille-dans-la-piscine-du-camping-Erromardie-1-300x200.jpg 300w, https:\/\/www.camping-erromardie.com\/wp-content\/uploads\/2025\/04\/famille-dans-la-piscine-du-camping-Erromardie-1-1024x682.jpg 1024w, https:\/\/www.camping-erromardie.com\/wp-content\/uploads\/2025\/04\/famille-dans-la-piscine-du-camping-Erromardie-1-768x512.jpg 768w, https:\/\/www.camping-erromardie.com\/wp-content\/uploads\/2025\/04\/famille-dans-la-piscine-du-camping-Erromardie-1-1536x1023.jpg 1536w\" sizes=\"auto, (max-width: 2026px) 100vw, 2026px\" \/><\/a><\/figure>\n<\/figure>\n<\/div>\n\n\n\n<div class=\"wp-block-column is-layout-flow wp-block-column-is-layout-flow\" style=\"flex-basis:33.33%\">\n<div class=\"wp-block-columns is-layout-flex wp-container-core-columns-is-layout-9d6595d7 wp-block-columns-is-layout-flex\">\n<div class=\"wp-block-column column-border is-layout-flow wp-block-column-is-layout-flow\">\n<h2 class=\"ls__heading wp-block-heading has-color-1-color has-text-color has-link-color wp-elements-5d660f410847a103859e8a1929ae726e\">Camping con piscina Pays Basque Bidart<\/h2>\n\n\n\n<p class=\"ls-paragraph\">En nuestro <strong>camping con piscina cerca de Bidart<\/strong>, podr\u00e1s disfrutar de una zona de piscina climatizada y cubierta, los 7 d\u00edas de la semana, de 10.00 a 19.00 h, en los Pirineos Atl\u00e1nticos. La ferme d&#8217;Erromardie, <strong>camping cerca de Bidart<\/strong>, ofrece a sus clientes el uso exclusivo de la piscina para mayor tranquilidad.   <\/p>\n\n\n\n<p class=\"ls-paragraph\">Por otra parte, el acceso de los ni\u00f1os debe estar siempre controlado por sus padres, ya que la zona no est\u00e1 vigilada. Tambi\u00e9n te pedimos que lleves s\u00f3lo ba\u00f1ador y no pantalones cortos de ba\u00f1o, por razones de higiene. Ya puedes venir a disfrutar de la diversi\u00f3n del agua con tu familia o amigos, pues nuestras burbujas hinchables gigantes seguro que gustan a peque\u00f1os y mayores.    <\/p>\n\n\n\n<p class=\"ls-paragraph\">Algunos simplemente querr\u00e1n venir a practicar la nataci\u00f3n para mantenerse en forma desde las primeras horas del d\u00eda, mientras que otros preferir\u00e1n disfrutar del agradable ambiente, c\u00f3modamente instalados en una de las tumbonas. \u00c9stas est\u00e1n a disposici\u00f3n de nuestros clientes para tomar el sol. Y no nos hemos olvidado de nuestros campistas m\u00e1s j\u00f3venes, a quienes les encantar\u00e1 chapotear en la peque\u00f1a piscina dedicada a ellos.  <\/p>\n<\/div>\n<\/div>\n<\/div>\n<\/div>\n\n\r\n    <\/div>\r\n<\/section><section id=\"ls-section-block_e3aa8aeabfc09c4ff7ae827a4712e47c\" class=\"ls-section  home-fifth page-three\" >\r\n        <div class=\"container container--wide\">\r\n        \n\n<figure class=\"wp-block-image size-full animated fadeIn\"><a href=\"https:\/\/www.camping-erromardie.com\/wp-content\/uploads\/2025\/04\/Bidart-plage-du-centre.jpg\"><img loading=\"lazy\" decoding=\"async\" width=\"1700\" height=\"1259\" src=\"https:\/\/www.camping-erromardie.com\/wp-content\/uploads\/2025\/04\/Bidart-plage-du-centre.jpg\" alt=\"Bidart plage du centre\" class=\"wp-image-15271\" srcset=\"https:\/\/www.camping-erromardie.com\/wp-content\/uploads\/2025\/04\/Bidart-plage-du-centre.jpg 1700w, https:\/\/www.camping-erromardie.com\/wp-content\/uploads\/2025\/04\/Bidart-plage-du-centre-300x222.jpg 300w, https:\/\/www.camping-erromardie.com\/wp-content\/uploads\/2025\/04\/Bidart-plage-du-centre-1024x758.jpg 1024w, https:\/\/www.camping-erromardie.com\/wp-content\/uploads\/2025\/04\/Bidart-plage-du-centre-768x569.jpg 768w, https:\/\/www.camping-erromardie.com\/wp-content\/uploads\/2025\/04\/Bidart-plage-du-centre-1536x1138.jpg 1536w\" sizes=\"auto, (max-width: 1700px) 100vw, 1700px\" \/><\/a><\/figure>\n\n\r\n    <\/div>\r\n<\/section><section id=\"ls-section-block_ee2235e18193eb864dd4988a4110404f\" class=\"ls-section  page-cta\" >\r\n        <div class=\"container container--wide\">\r\n        \n\n<div id=\"ls-heading ls-titre-div-block_16273b414d64e989de983fa46bc17d46\" class=\"ls-titre-div aligncenter h2-like has-text-color has-color-1-color\" >\n    Descubre nuestra piscina, nuestras casas m\u00f3viles y nuestras ofertas<\/div>\n\n\n\n<div id=\"ls-maillage-block_c1eea0a762e3035977a29b8e8fab0413\" class=\"ls-maillage cta-style-normal\" data-rows=\"6\">\n\n    <div class=\"wp-block-columns\"><div class=\"wp-block-column\">\n\n<a href=\"https:\/\/www.camping-erromardie.com\/es\/camping-bidart\/piscina\/\" target=\"\" rel=\"noopener\" class=\"ls-cta__link\" data-categ=\"\">\n\t<div class=\"ls-cta__image\"><img decoding=\"async\" src=\"https:\/\/www.camping-erromardie.com\/wp-content\/uploads\/2025\/04\/La-ferme-erromardi-camping-familial-avec-piscine.jpg\" alt=\"Piscina\"><\/div>\n\t<div class=\"ls-cta__title\">\n\t\tPiscina\t<\/div>\n\n\t<\/a><\/div><div class=\"wp-block-column\">\n\n<a href=\"https:\/\/www.camping-erromardie.com\/es\/camping-bidart\/tarifs\/\" target=\"\" rel=\"noopener\" class=\"ls-cta__link\" data-categ=\"\">\n\t<div class=\"ls-cta__image\"><img decoding=\"async\" src=\"https:\/\/www.camping-erromardie.com\/wp-content\/uploads\/2025\/04\/DSC_7028.jpg\" alt=\"\"><\/div>\n\t<div class=\"ls-cta__title\">\n\t\tTarifas\t<\/div>\n\n\t<\/a><\/div><div class=\"wp-block-column\">\n\n<a href=\"https:\/\/www.camping-erromardie.com\/es\/camping-bidart\/mobil-home\/\" target=\"\" rel=\"noopener\" class=\"ls-cta__link\" data-categ=\"\">\n\t<div class=\"ls-cta__image\"><img decoding=\"async\" src=\"https:\/\/www.camping-erromardie.com\/wp-content\/uploads\/2025\/04\/Camping-Erromardie-environnement-23-1.jpg\" alt=\"\"><\/div>\n\t<div class=\"ls-cta__title\">\n\t\tCasas m\u00f3viles\t<\/div>\n\n\t<\/a><\/div><\/div>\n<\/div>\n\r\n    <\/div>\r\n<\/section>","protected":false},"excerpt":{"rendered":"","protected":false},"author":1,"featured_media":15270,"parent":0,"menu_order":79,"comment_status":"closed","ping_status":"closed","template":"","meta":{"_acf_changed":false,"_seopress_robots_primary_cat":"","_seopress_titles_title":"Camping Pays Basque Bidart: alquiler de mobil home y vacaciones Bidart","_seopress_titles_desc":"Aprovecha una estancia en el Camping La Ferme Erromardie, a 7 km de Bidart, para descubrir el Pa\u00eds Vasco. Elige una de nuestras modernas casas m\u00f3viles y disfruta de una piscina climatizada, actividades al aire libre y acceso r\u00e1pido a las playas. ","_seopress_robots_index":"","footnotes":""},"sujet":[],"class_list":["post-18150","page","type-page","status-publish","has-post-thumbnail","hentry"],"acf":[],"_links":{"self":[{"href":"https:\/\/www.camping-erromardie.com\/es\/wp-json\/wp\/v2\/pages\/18150","targetHints":{"allow":["GET"]}}],"collection":[{"href":"https:\/\/www.camping-erromardie.com\/es\/wp-json\/wp\/v2\/pages"}],"about":[{"href":"https:\/\/www.camping-erromardie.com\/es\/wp-json\/wp\/v2\/types\/page"}],"author":[{"embeddable":true,"href":"https:\/\/www.camping-erromardie.com\/es\/wp-json\/wp\/v2\/users\/1"}],"replies":[{"embeddable":true,"href":"https:\/\/www.camping-erromardie.com\/es\/wp-json\/wp\/v2\/comments?post=18150"}],"version-history":[{"count":7,"href":"https:\/\/www.camping-erromardie.com\/es\/wp-json\/wp\/v2\/pages\/18150\/revisions"}],"predecessor-version":[{"id":19911,"href":"https:\/\/www.camping-erromardie.com\/es\/wp-json\/wp\/v2\/pages\/18150\/revisions\/19911"}],"wp:featuredmedia":[{"embeddable":true,"href":"https:\/\/www.camping-erromardie.com\/es\/wp-json\/wp\/v2\/media\/15270"}],"wp:attachment":[{"href":"https:\/\/www.camping-erromardie.com\/es\/wp-json\/wp\/v2\/media?parent=18150"}],"wp:term":[{"taxonomy":"sujet","embeddable":true,"href":"https:\/\/www.camping-erromardie.com\/es\/wp-json\/wp\/v2\/sujet?post=18150"}],"curies":[{"name":"wp","href":"https:\/\/api.w.org\/{rel}","templated":true}]}}