{"id":18114,"date":"2025-03-14T16:57:42","date_gmt":"2025-03-14T15:57:42","guid":{"rendered":"https:\/\/www.camping-erromardie.com\/camping-hasparren\/"},"modified":"2025-06-12T13:33:52","modified_gmt":"2025-06-12T11:33:52","slug":"camping-hasparren","status":"publish","type":"page","link":"https:\/\/www.camping-erromardie.com\/es\/camping-hasparren\/","title":{"rendered":"Camping Hasparren"},"content":{"rendered":"<section id=\"ls-section-block_41b5f13b811a7bf25959edfbdb5aae8c\" class=\"ls-section  page-titre\" >\r\n        <div class=\"container container--wide\">\r\n        \n\n<h1 class=\"ls__heading wp-block-heading has-text-align-center has-color-4-color has-text-color has-link-color wp-elements-239b37345b6bb6ce58c4f2d82b98c0ee\">Camping Pais Vasco Hasparren<\/h1>\n\n\n\n<p class=\"ls-paragraph has-text-align-center\">\u00c0 partir du <a href=\"https:\/\/www.camping-erromardie.com\/es\/\" data-type=\"page\" data-id=\"270\">camping Pays Basque<\/a>, La ferme Erromardie, il est possible de se rendre \u00e0 <a href=\"https:\/\/www.camping-erromardie.com\/es\/hasparren\/\" data-type=\"category\" data-id=\"66\">Hasparren<\/a> en 35 minutes par l\u2019autoroute A64. Un itin\u00e9raire plus touristique de 50 minutes vous fait passer par Saint-P\u00e9e-sur-Nivelle, Espelette et Cambo-les-Bains : l\u2019occasion de d\u00e9couvrir les beaut\u00e9s du territoire basque en <strong>camping Hasparren<\/strong>!<br\/><\/p>\n\n\r\n    <\/div>\r\n<\/section><section id=\"ls-section-block_76c5efa4be38dd5aed9e7eb563de0dd9\" class=\"ls-section  home-first page-one has-p-b p-b-14\" >\r\n        <div class=\"container container--wide\">\r\n        \n\n<div class=\"wp-block-columns is-layout-flex wp-container-core-columns-is-layout-9d6595d7 wp-block-columns-is-layout-flex\">\n<div class=\"wp-block-column is-layout-flow wp-block-column-is-layout-flow\" style=\"flex-basis:33.33%\">\n<div class=\"wp-block-columns is-layout-flex wp-container-core-columns-is-layout-9d6595d7 wp-block-columns-is-layout-flex\">\n<div class=\"wp-block-column column-border is-layout-flow wp-block-column-is-layout-flow\">\n<h2 class=\"ls__heading wp-block-heading has-color-1-color has-text-color has-link-color wp-elements-acab6f8a798af6b301d68bf0ad402e49\">Alquiler de mobil home Pays Basque Hasparren<\/h2>\n\n\n\n<p class=\"ls-paragraph\">Si quieres <strong>alquilar una mobil home en Hasparren<\/strong>, en nuestro camping encontrar\u00e1s lo que buscas. Nuestro camping <strong>de<\/strong> Hasparren est\u00e1 enclavado en un entorno verde, frente a las playas m\u00e1s bellas de la costa vasca, y ofrece una amplia gama de alojamientos para todos los bolsillos.   <\/p>\n\n\n\n<p class=\"ls-paragraph\">Seg\u00fan tus necesidades y deseos, elige una de nuestras casas m\u00f3viles para 2 a 6 personas con 1 dormitorio, 2 dormitorios o incluso 3 dormitorios, con una superficie habitable de 16 a 32 m\u00b2. Tambi\u00e9n hay un modelo adecuado para personas con movilidad reducida.   <\/p>\n\n\n\n<p class=\"ls-paragraph\">Garantizamos un confort de 4 estrellas para todos: televisi\u00f3n, cuarto de ba\u00f1o con ducha, aseo, cocina totalmente equipada (frigor\u00edfico, congelador, cafetera el\u00e9ctrica, microondas, placa de cocina, vajilla y utensilios de cocina en n\u00famero suficiente). A los adictos al camping que quieran m\u00e1s comodidad les encantar\u00e1n las caba\u00f1as de madera y tela con ba\u00f1o y cocina.   <\/p>\n\n\n\n<p class=\"ls-paragraph\">Tu parcela est\u00e1 protegida de las dem\u00e1s por un seto natural, y plantada de \u00e1rboles para que puedas disfrutar tranquilamente de tus comidas y aperitivos. Hemos pensado en todo para que tus vacaciones de <strong>camping cerca de Hasparren <\/strong>sean lo m\u00e1s agradables posible. <\/p>\n<\/div>\n<\/div>\n<\/div>\n\n\n\n<div class=\"wp-block-column is-layout-flow wp-block-column-is-layout-flow\" style=\"flex-basis:66.66%\">\n<figure class=\"wp-block-gallery has-nested-images columns-default is-cropped wp-block-gallery-1 is-layout-flex wp-block-gallery-is-layout-flex\">\n<figure class=\"wp-block-image size-full animated fadeIn delay-200ms\"><a href=\"https:\/\/www.camping-erromardie.com\/wp-content\/uploads\/2025\/04\/Camping-Erromardie-environnement-23-1.jpg\"><img loading=\"lazy\" decoding=\"async\" width=\"2000\" height=\"1335\" data-id=\"15346\" src=\"https:\/\/www.camping-erromardie.com\/wp-content\/uploads\/2025\/04\/Camping-Erromardie-environnement-23-1.jpg\" alt=\"Camping Erromardie environnement 23\" class=\"wp-image-15346\" srcset=\"https:\/\/www.camping-erromardie.com\/wp-content\/uploads\/2025\/04\/Camping-Erromardie-environnement-23-1.jpg 2000w, https:\/\/www.camping-erromardie.com\/wp-content\/uploads\/2025\/04\/Camping-Erromardie-environnement-23-1-300x200.jpg 300w, https:\/\/www.camping-erromardie.com\/wp-content\/uploads\/2025\/04\/Camping-Erromardie-environnement-23-1-1024x684.jpg 1024w, https:\/\/www.camping-erromardie.com\/wp-content\/uploads\/2025\/04\/Camping-Erromardie-environnement-23-1-768x513.jpg 768w, https:\/\/www.camping-erromardie.com\/wp-content\/uploads\/2025\/04\/Camping-Erromardie-environnement-23-1-1536x1025.jpg 1536w\" sizes=\"auto, (max-width: 2000px) 100vw, 2000px\" \/><\/a><\/figure>\n\n\n\n<figure class=\"wp-block-image size-full animated fadeIn\"><a href=\"https:\/\/www.camping-erromardie.com\/wp-content\/uploads\/2025\/04\/DSC_6952.jpg\"><img loading=\"lazy\" decoding=\"async\" width=\"2022\" height=\"1350\" data-id=\"15459\" src=\"https:\/\/www.camping-erromardie.com\/wp-content\/uploads\/2025\/04\/DSC_6952.jpg\" alt=\"DSC 6952\" class=\"wp-image-15459\" srcset=\"https:\/\/www.camping-erromardie.com\/wp-content\/uploads\/2025\/04\/DSC_6952.jpg 2022w, https:\/\/www.camping-erromardie.com\/wp-content\/uploads\/2025\/04\/DSC_6952-300x200.jpg 300w, https:\/\/www.camping-erromardie.com\/wp-content\/uploads\/2025\/04\/DSC_6952-1024x684.jpg 1024w, https:\/\/www.camping-erromardie.com\/wp-content\/uploads\/2025\/04\/DSC_6952-768x513.jpg 768w, https:\/\/www.camping-erromardie.com\/wp-content\/uploads\/2025\/04\/DSC_6952-1536x1026.jpg 1536w\" sizes=\"auto, (max-width: 2022px) 100vw, 2022px\" \/><\/a><\/figure>\n<\/figure>\n<\/div>\n<\/div>\n\n\r\n    <\/div>\r\n<\/section><section id=\"ls-section-block_5b6c8655fdb42b0549b0de56f61765f0\" class=\"ls-section  home-first page-two has-background has-color-6-background-color\" >\r\n        <div class=\"container container--wide\">\r\n        \n\n<div class=\"wp-block-columns is-layout-flex wp-container-core-columns-is-layout-9d6595d7 wp-block-columns-is-layout-flex\">\n<div class=\"wp-block-column is-layout-flow wp-block-column-is-layout-flow\" style=\"flex-basis:66.66%\">\n<figure class=\"wp-block-gallery has-nested-images columns-default is-cropped wp-block-gallery-2 is-layout-flex wp-block-gallery-is-layout-flex\">\n<figure class=\"wp-block-image size-full animated fadeIn delay-200ms\"><a href=\"https:\/\/www.camping-erromardie.com\/wp-content\/uploads\/2025\/04\/La-piscine-du-camping-Erromardie-2-e1744288741444.jpg\"><img loading=\"lazy\" decoding=\"async\" width=\"2000\" height=\"1207\" data-id=\"13035\" src=\"https:\/\/www.camping-erromardie.com\/wp-content\/uploads\/2025\/04\/La-piscine-du-camping-Erromardie-2-e1744288741444.jpg\" alt=\"La piscina del camping Erromardie\" class=\"wp-image-13035\" srcset=\"https:\/\/www.camping-erromardie.com\/wp-content\/uploads\/2025\/04\/La-piscine-du-camping-Erromardie-2-e1744288741444.jpg 2000w, https:\/\/www.camping-erromardie.com\/wp-content\/uploads\/2025\/04\/La-piscine-du-camping-Erromardie-2-e1744288741444-300x181.jpg 300w, https:\/\/www.camping-erromardie.com\/wp-content\/uploads\/2025\/04\/La-piscine-du-camping-Erromardie-2-e1744288741444-1024x618.jpg 1024w, https:\/\/www.camping-erromardie.com\/wp-content\/uploads\/2025\/04\/La-piscine-du-camping-Erromardie-2-e1744288741444-768x463.jpg 768w, https:\/\/www.camping-erromardie.com\/wp-content\/uploads\/2025\/04\/La-piscine-du-camping-Erromardie-2-e1744288741444-1536x927.jpg 1536w\" sizes=\"auto, (max-width: 2000px) 100vw, 2000px\" \/><\/a><\/figure>\n\n\n\n<figure class=\"wp-block-image size-full animated fadeIn\"><a href=\"https:\/\/www.camping-erromardie.com\/wp-content\/uploads\/2025\/04\/Erromardie-128-scaled.jpg\"><img loading=\"lazy\" decoding=\"async\" width=\"2560\" height=\"1707\" data-id=\"15510\" src=\"https:\/\/www.camping-erromardie.com\/wp-content\/uploads\/2025\/04\/Erromardie-128-scaled.jpg\" alt=\"Erromardie (128)\" class=\"wp-image-15510\" srcset=\"https:\/\/www.camping-erromardie.com\/wp-content\/uploads\/2025\/04\/Erromardie-128-scaled.jpg 2560w, https:\/\/www.camping-erromardie.com\/wp-content\/uploads\/2025\/04\/Erromardie-128-300x200.jpg 300w, https:\/\/www.camping-erromardie.com\/wp-content\/uploads\/2025\/04\/Erromardie-128-1024x683.jpg 1024w, https:\/\/www.camping-erromardie.com\/wp-content\/uploads\/2025\/04\/Erromardie-128-768x512.jpg 768w, https:\/\/www.camping-erromardie.com\/wp-content\/uploads\/2025\/04\/Erromardie-128-1536x1024.jpg 1536w, https:\/\/www.camping-erromardie.com\/wp-content\/uploads\/2025\/04\/Erromardie-128-2048x1366.jpg 2048w\" sizes=\"auto, (max-width: 2560px) 100vw, 2560px\" \/><\/a><\/figure>\n<\/figure>\n<\/div>\n\n\n\n<div class=\"wp-block-column is-layout-flow wp-block-column-is-layout-flow\" style=\"flex-basis:33.33%\">\n<div class=\"wp-block-columns is-layout-flex wp-container-core-columns-is-layout-9d6595d7 wp-block-columns-is-layout-flex\">\n<div class=\"wp-block-column column-border is-layout-flow wp-block-column-is-layout-flow\">\n<h2 class=\"ls__heading wp-block-heading has-color-1-color has-text-color has-link-color wp-elements-e2dca30b53065114caa64d7149552527\">Camping con piscina Pa\u00eds Vasco Hasparren<\/h2>\n\n\n\n<p class=\"ls-paragraph\">Para tus pr\u00f3ximas vacaciones en el Pa\u00eds Vasco, al sur de Francia, \u00bfhas pensado en un <strong>camping con piscina cerca de Hasparren<\/strong>? En el Camping la ferme d&#8217;Erromardie, tendr\u00e1s la playa a s\u00f3lo unos minutos a pie, pero tambi\u00e9n tendr\u00e1s acceso gratuito a una zona de piscina cubierta y climatizada.   <\/p>\n\n\n\n<p class=\"ls-paragraph\">Haga el tiempo que haga, si te apetece darte un chapuz\u00f3n en el agua, \u00a1puedes aprovechar nuestra piscina climatizada!  <\/p>\n\n\n\n<p class=\"ls-paragraph\">Abierta de 10.00 a 19.00 h, puedes venir aqu\u00ed a hacer ejercicio por la ma\u00f1ana, relajarte con la familia y los amigos o simplemente disfrutar del agradable ambiente. Hemos colocado varias tumbonas junto a la piscina, para que puedas sentarte a leer, tomar el sol o incluso echarte una merecida siesta.   <\/p>\n\n\n\n<p class=\"ls-paragraph\">Nuestros veraneantes m\u00e1s peque\u00f1os tambi\u00e9n tienen su propia piscina, con una piscina infantil para que jueguen tranquilos y seguros. La piscina no est\u00e1 vigilada, pero es imprescindible acompa\u00f1ar siempre a tus hijos.   <\/p>\n\n\n\n<p class=\"ls-paragraph\">Adem\u00e1s, pedimos a nuestros clientes que s\u00f3lo utilicen ba\u00f1ador cuando naden; no se permite el uso de pantalones cortos de ba\u00f1o.<\/p>\n<\/div>\n<\/div>\n<\/div>\n<\/div>\n\n\r\n    <\/div>\r\n<\/section><section id=\"ls-section-block_3999ac102516dc1629ae0e801a1edd3e\" class=\"ls-section  home-fifth page-three\" >\r\n        <div class=\"container container--wide\">\r\n        \n\n<figure class=\"wp-block-image size-full animated fadeIn\"><a href=\"https:\/\/www.camping-erromardie.com\/wp-content\/uploads\/2025\/04\/Village-dHasparran.jpg\"><img loading=\"lazy\" decoding=\"async\" width=\"2026\" height=\"1350\" src=\"https:\/\/www.camping-erromardie.com\/wp-content\/uploads\/2025\/04\/Village-dHasparran.jpg\" alt=\"Pueblo de Hasparran\" class=\"wp-image-17370\" srcset=\"https:\/\/www.camping-erromardie.com\/wp-content\/uploads\/2025\/04\/Village-dHasparran.jpg 2026w, https:\/\/www.camping-erromardie.com\/wp-content\/uploads\/2025\/04\/Village-dHasparran-300x200.jpg 300w, https:\/\/www.camping-erromardie.com\/wp-content\/uploads\/2025\/04\/Village-dHasparran-1024x682.jpg 1024w, https:\/\/www.camping-erromardie.com\/wp-content\/uploads\/2025\/04\/Village-dHasparran-768x512.jpg 768w, https:\/\/www.camping-erromardie.com\/wp-content\/uploads\/2025\/04\/Village-dHasparran-1536x1023.jpg 1536w\" sizes=\"auto, (max-width: 2026px) 100vw, 2026px\" \/><\/a><\/figure>\n\n\r\n    <\/div>\r\n<\/section><section id=\"ls-section-block_06f6ffdc10058c4332d6f899e575fe6d\" class=\"ls-section  page-cta\" >\r\n        <div class=\"container container--wide\">\r\n        \n\n<div id=\"ls-heading ls-titre-div-block_09cac7ba55300da14d43231b2a5d0e96\" class=\"ls-titre-div aligncenter h2-like has-text-color has-color-1-color\" >\n    Visita el Pa\u00eds Vasco<\/div>\n\n\n\n<div id=\"ls-maillage-block_d34d6b556a3947b3ec18d61a761effd5\" class=\"ls-maillage cta-style-normal\" data-rows=\"4\">\n\n    <div class=\"wp-block-columns\"><div class=\"wp-block-column\">\n\n<a href=\"https:\/\/www.camping-erromardie.com\/es\/pais-vasco-espanol\/\" target=\"\" rel=\"noopener\" class=\"ls-cta__link pais-vasco-espanol\" data-categ=\" pais-vasco-espanol\">\n\t<div class=\"ls-cta__image\"><img decoding=\"async\" src=\"https:\/\/www.camping-erromardie.com\/wp-content\/uploads\/2025\/04\/donostia-2.jpg\" alt=\"El Pa\u00eds Vasco espa\u00f1ol\"><\/div>\n\t<div class=\"ls-cta__title\">\n\t\tEl Pa\u00eds Vasco espa\u00f1ol\t<\/div>\n\n\t<\/a><\/div><div class=\"wp-block-column\">\n\n<a href=\"https:\/\/www.camping-erromardie.com\/es\/pirineos-atlanticos\/\" target=\"\" rel=\"noopener\" class=\"ls-cta__link pirineos-atlanticos\" data-categ=\" pirineos-atlanticos\">\n\t<div class=\"ls-cta__image\"><img decoding=\"async\" src=\"https:\/\/www.camping-erromardie.com\/wp-content\/uploads\/2025\/04\/Pyrenees-Atlantiques.jpg\" alt=\"Pirineos Atl\u00e1nticos\"><\/div>\n\t<div class=\"ls-cta__title\">\n\t\tPirineos Atl\u00e1nticos\t<\/div>\n\n\t<\/a><\/div><div class=\"wp-block-column\">\n\n<a href=\"https:\/\/www.camping-erromardie.com\/es\/saint-jean-de-luz\/\" target=\"\" rel=\"noopener\" class=\"ls-cta__link saint-jean-de-luz\" data-categ=\" saint-jean-de-luz\">\n\t<div class=\"ls-cta__image\"><img decoding=\"async\" src=\"https:\/\/www.camping-erromardie.com\/wp-content\/uploads\/2025\/04\/Saint-Jean-de-Luz-Centre-Ville-et-Port-e1745412638780.jpg\" alt=\"San Juan de Luz\"><\/div>\n\t<div class=\"ls-cta__title\">\n\t\tSan Juan de Luz\t<\/div>\n\n\t<\/a><\/div><div class=\"wp-block-column\">\n\n<a href=\"https:\/\/www.camping-erromardie.com\/es\/saint-jean-pied-de-port\/\" target=\"\" rel=\"noopener\" class=\"ls-cta__link saint-jean-pied-de-port\" data-categ=\" saint-jean-pied-de-port\">\n\t<div class=\"ls-cta__image\"><img decoding=\"async\" src=\"https:\/\/www.camping-erromardie.com\/wp-content\/uploads\/2025\/04\/Saint-Jean-Pied-De-Port-Pays-Basque.jpg\" alt=\"Saint Jean Pied de Port\"><\/div>\n\t<div class=\"ls-cta__title\">\n\t\tSaint Jean Pied de Port\t<\/div>\n\n\t<\/a><\/div><\/div><div class=\"wp-block-columns\"><div class=\"wp-block-column\">\n\n<a href=\"https:\/\/www.camping-erromardie.com\/es\/san-sebastian\/\" target=\"\" rel=\"noopener\" class=\"ls-cta__link san-sebastian\" data-categ=\" san-sebastian\">\n\t<div class=\"ls-cta__image\"><img decoding=\"async\" src=\"https:\/\/www.camping-erromardie.com\/wp-content\/uploads\/2025\/04\/Donostia.jpg\" alt=\"San Sebasti\u00e1n\"><\/div>\n\t<div class=\"ls-cta__title\">\n\t\tSan Sebasti\u00e1n\t<\/div>\n\n\t<\/a><\/div><div class=\"wp-block-column\">\n\n<a href=\"https:\/\/www.camping-erromardie.com\/es\/itxassou\/\" target=\"\" rel=\"noopener\" class=\"ls-cta__link itxassou\" data-categ=\" itxassou\">\n\t<div class=\"ls-cta__image\"><img decoding=\"async\" src=\"https:\/\/www.camping-erromardie.com\/wp-content\/uploads\/2025\/04\/Riviere-La-Nive-Itxassu.jpg\" alt=\"Itxassou\"><\/div>\n\t<div class=\"ls-cta__title\">\n\t\tItxassou\t<\/div>\n\n\t<\/a><\/div><div class=\"wp-block-column\">\n\n<a href=\"https:\/\/www.camping-erromardie.com\/es\/urrugne\/\" target=\"\" rel=\"noopener\" class=\"ls-cta__link urrugne\" data-categ=\" urrugne\">\n\t<div class=\"ls-cta__image\"><img decoding=\"async\" src=\"https:\/\/www.camping-erromardie.com\/wp-content\/uploads\/2025\/04\/photos-aeriennes-Urrugne.jpg\" alt=\"Urrugne: un pueblo con muchas caras\"><\/div>\n\t<div class=\"ls-cta__title\">\n\t\tUrrugne: un pueblo con muchas caras\t<\/div>\n\n\t<\/a><\/div><div class=\"wp-block-column\">\n\n<a href=\"https:\/\/www.camping-erromardie.com\/es\/bidart\/\" target=\"\" rel=\"noopener\" class=\"ls-cta__link bidart\" data-categ=\" bidart\">\n\t<div class=\"ls-cta__image\"><img decoding=\"async\" src=\"https:\/\/www.camping-erromardie.com\/wp-content\/uploads\/2025\/04\/Bidart.jpg\" alt=\"Bidart\"><\/div>\n\t<div class=\"ls-cta__title\">\n\t\tBidart\t<\/div>\n\n\t<\/a><\/div><\/div><div class=\"wp-block-columns\"><div class=\"wp-block-column\">\n\n<a href=\"https:\/\/www.camping-erromardie.com\/es\/bilbao\/\" target=\"\" rel=\"noopener\" class=\"ls-cta__link bilbao\" data-categ=\" bilbao\">\n\t<div class=\"ls-cta__image\"><img decoding=\"async\" src=\"https:\/\/www.camping-erromardie.com\/wp-content\/uploads\/2025\/04\/Bilbao-3.jpg\" alt=\"Bilbao\"><\/div>\n\t<div class=\"ls-cta__title\">\n\t\tBilbao\t<\/div>\n\n\t<\/a><\/div><div class=\"wp-block-column\">\n\n<a href=\"https:\/\/www.camping-erromardie.com\/es\/cambo-les-bains\/\" target=\"\" rel=\"noopener\" class=\"ls-cta__link cambo-les-bains\" data-categ=\" cambo-les-bains\">\n\t<div class=\"ls-cta__image\"><img decoding=\"async\" src=\"https:\/\/www.camping-erromardie.com\/wp-content\/uploads\/2025\/04\/Cambo-les-Bains-paysages.jpg\" alt=\"Cambo\"><\/div>\n\t<div class=\"ls-cta__title\">\n\t\tCambo\t<\/div>\n\n\t<\/a><\/div><div class=\"wp-block-column\">\n\n<a href=\"https:\/\/www.camping-erromardie.com\/es\/hendaye\/\" target=\"\" rel=\"noopener\" class=\"ls-cta__link hendaye\" data-categ=\" hendaye\">\n\t<div class=\"ls-cta__image\"><img decoding=\"async\" src=\"https:\/\/www.camping-erromardie.com\/wp-content\/uploads\/2025\/04\/hendaye_3-3-e1744808115339.jpg\" alt=\"Hendaya\"><\/div>\n\t<div class=\"ls-cta__title\">\n\t\tHendaya\t<\/div>\n\n\t<\/a><\/div><div class=\"wp-block-column\">\n\n<a href=\"https:\/\/www.camping-erromardie.com\/es\/espelette\/\" target=\"\" rel=\"noopener\" class=\"ls-cta__link espelette\" data-categ=\" espelette\">\n\t<div class=\"ls-cta__image\"><img decoding=\"async\" src=\"https:\/\/www.camping-erromardie.com\/wp-content\/uploads\/2025\/04\/Village-espelette.jpg\" alt=\"Espelette\"><\/div>\n\t<div class=\"ls-cta__title\">\n\t\tEspelette\t<\/div>\n\n\t<\/a><\/div><\/div><div class=\"wp-block-columns\"><div class=\"wp-block-column\">\n\n<a href=\"https:\/\/www.camping-erromardie.com\/es\/hasparren\/\" target=\"\" rel=\"noopener\" class=\"ls-cta__link hasparren\" data-categ=\" hasparren\">\n\t<div class=\"ls-cta__image\"><img decoding=\"async\" src=\"https:\/\/www.camping-erromardie.com\/wp-content\/uploads\/2025\/04\/Village-dHasparran.jpg\" alt=\"Hasparren\"><\/div>\n\t<div class=\"ls-cta__title\">\n\t\tHasparren\t<\/div>\n\n\t<\/a><\/div><div class=\"wp-block-column\">\n\n<a href=\"https:\/\/www.camping-erromardie.com\/es\/bayona\/\" target=\"\" rel=\"noopener\" class=\"ls-cta__link bayona\" data-categ=\" bayona\">\n\t<div class=\"ls-cta__image\"><img decoding=\"async\" src=\"https:\/\/www.camping-erromardie.com\/wp-content\/uploads\/2025\/04\/Bayonne-Couleurs-Basque.jpg\" alt=\"Bayona\"><\/div>\n\t<div class=\"ls-cta__title\">\n\t\tBayona\t<\/div>\n\n\t<\/a><\/div><div class=\"wp-block-column\">\n\n<a href=\"https:\/\/www.camping-erromardie.com\/es\/ascain\/\" target=\"\" rel=\"noopener\" class=\"ls-cta__link ascain\" data-categ=\" ascain\">\n\t<div class=\"ls-cta__image\"><img decoding=\"async\" src=\"https:\/\/www.camping-erromardie.com\/wp-content\/uploads\/2025\/04\/Paysages-Ascain-Pays-Basque.jpg\" alt=\"Ascain\"><\/div>\n\t<div class=\"ls-cta__title\">\n\t\tAscain\t<\/div>\n\n\t<\/a><\/div><div class=\"wp-block-column\">\n\n<a href=\"https:\/\/www.camping-erromardie.com\/es\/biarritz\/\" target=\"\" rel=\"noopener\" class=\"ls-cta__link biarritz\" data-categ=\" biarritz\">\n\t<div class=\"ls-cta__image\"><img decoding=\"async\" src=\"https:\/\/www.camping-erromardie.com\/wp-content\/uploads\/2025\/04\/musee-de-la-mer-a-Biarritz-Pays-Basque.jpg\" alt=\"Biarritz\"><\/div>\n\t<div class=\"ls-cta__title\">\n\t\tBiarritz\t<\/div>\n\n\t<\/a><\/div><\/div>\n<\/div>\n\r\n    <\/div>\r\n<\/section>","protected":false},"excerpt":{"rendered":"","protected":false},"author":1,"featured_media":14966,"parent":0,"menu_order":113,"comment_status":"closed","ping_status":"closed","template":"","meta":{"_acf_changed":false,"_seopress_robots_primary_cat":"","_seopress_titles_title":"Camping Pays Basque Hasparren : mobil-home y alquiler vacaciones Hasparren","_seopress_titles_desc":"Al\u00f3jate en el Camping La Ferme Erromardie, a 35 minutos de Hasparren. Disfruta de c\u00f3modas casas m\u00f3viles, una piscina climatizada y un entorno natural ideal para tus vacaciones en el Pa\u00eds Vasco. \u00a1A tiro de piedra de las playas y los pueblos t\u00edpicos!  ","_seopress_robots_index":"","footnotes":""},"sujet":[],"class_list":["post-18114","page","type-page","status-publish","has-post-thumbnail","hentry"],"acf":[],"_links":{"self":[{"href":"https:\/\/www.camping-erromardie.com\/es\/wp-json\/wp\/v2\/pages\/18114","targetHints":{"allow":["GET"]}}],"collection":[{"href":"https:\/\/www.camping-erromardie.com\/es\/wp-json\/wp\/v2\/pages"}],"about":[{"href":"https:\/\/www.camping-erromardie.com\/es\/wp-json\/wp\/v2\/types\/page"}],"author":[{"embeddable":true,"href":"https:\/\/www.camping-erromardie.com\/es\/wp-json\/wp\/v2\/users\/1"}],"replies":[{"embeddable":true,"href":"https:\/\/www.camping-erromardie.com\/es\/wp-json\/wp\/v2\/comments?post=18114"}],"version-history":[{"count":5,"href":"https:\/\/www.camping-erromardie.com\/es\/wp-json\/wp\/v2\/pages\/18114\/revisions"}],"predecessor-version":[{"id":19909,"href":"https:\/\/www.camping-erromardie.com\/es\/wp-json\/wp\/v2\/pages\/18114\/revisions\/19909"}],"wp:featuredmedia":[{"embeddable":true,"href":"https:\/\/www.camping-erromardie.com\/es\/wp-json\/wp\/v2\/media\/14966"}],"wp:attachment":[{"href":"https:\/\/www.camping-erromardie.com\/es\/wp-json\/wp\/v2\/media?parent=18114"}],"wp:term":[{"taxonomy":"sujet","embeddable":true,"href":"https:\/\/www.camping-erromardie.com\/es\/wp-json\/wp\/v2\/sujet?post=18114"}],"curies":[{"name":"wp","href":"https:\/\/api.w.org\/{rel}","templated":true}]}}