{"id":18072,"date":"2025-04-17T00:24:42","date_gmt":"2025-04-16T22:24:42","guid":{"rendered":"https:\/\/www.camping-erromardie.com\/camping-pays-basque-espagnol\/"},"modified":"2025-06-12T11:15:11","modified_gmt":"2025-06-12T09:15:11","slug":"camping-pais-vasco-espagnol","status":"publish","type":"page","link":"https:\/\/www.camping-erromardie.com\/es\/camping-pais-vasco-espagnol\/","title":{"rendered":"Camping Pa\u00eds Vasco espa\u00f1ol"},"content":{"rendered":"<section id=\"ls-section-block_6cb65ab3340cb7e37bdd8cf1709d3090\" class=\"ls-section  page-titre\" >\r\n        <div class=\"container container--wide\">\r\n        \n\n<h1 class=\"ls__heading wp-block-heading has-text-align-center has-color-4-color has-text-color has-link-color wp-elements-256994b373bfe681e1bd2ede4735cc98\">Camping Pa\u00eds Vasco espa\u00f1ol<\/h1>\n\n\n\n<p class=\"ls-paragraph has-text-align-center\">\u00c0 quelques minutes de la fronti\u00e8re, la <a href=\"https:\/\/www.camping-erromardie.com\/es\/\" data-type=\"page\" data-id=\"270\">ferme Erromardie<\/a> vous propose de s\u00e9journer face \u00e0 la plage et de profiter de vacances les pieds dans l\u2019eau dans votre <a href=\"https:\/\/www.camping-erromardie.com\/es\/camping-pais-vasco-espagnol\/\" data-type=\"page\" data-id=\"15615\"><strong>camping Pays basque espagnol<\/strong>.<\/a><br\/><\/p>\n\n\r\n    <\/div>\r\n<\/section><section id=\"ls-section-block_d00c5ae27f7241eb0fefde79655b5f0e\" class=\"ls-section  home-first page-one has-p-b p-b-14\" >\r\n        <div class=\"container container--wide\">\r\n        \n\n<div class=\"wp-block-columns is-layout-flex wp-container-core-columns-is-layout-9d6595d7 wp-block-columns-is-layout-flex\">\n<div class=\"wp-block-column is-layout-flow wp-block-column-is-layout-flow\" style=\"flex-basis:33.33%\">\n<div class=\"wp-block-columns is-layout-flex wp-container-core-columns-is-layout-9d6595d7 wp-block-columns-is-layout-flex\">\n<div class=\"wp-block-column column-border is-layout-flow wp-block-column-is-layout-flow\">\n<h2 class=\"ls__heading wp-block-heading has-color-1-color has-text-color has-link-color wp-elements-f000b2fff2c27a93617d2223e6bdccf6\">Acampar junto al mar en el Pa\u00eds Vasco espa\u00f1ol<\/h2>\n\n\n\n<p class=\"ls-paragraph\">D\u00e9couvrez des paysages sublimes et un patrimoine unique en <a href=\"https:\/\/www.camping-erromardie.com\/es\/pais-vasco\/pais-vasco\/\" data-type=\"post\" data-id=\"13909\">terre basque<\/a> en r\u00e9servant dans un <strong>camping en bord de mer Pays Basque espagnol<\/strong>. Profitez de 25 hectares de domaine arbor\u00e9 qui s\u2019\u00e9tendent le long de la sublime plage d\u2019Erromardie.<\/p>\n\n\n\n<p class=\"ls-paragraph\">El <strong>camping balneario<\/strong> de Erromardie <strong>, en el Pa\u00eds Vasco espa\u00f1ol<\/strong>, dispone de parcelas cubiertas de hierba y encantadores alojamientos de alquiler a pocos metros del oc\u00e9ano. Te dormir\u00e1s arrullado por el ritmo de las olas y saborear\u00e1s el aire perfumado de aerosol marino en cuanto te despiertes para desayunar en tu terraza. Ideal para los aficionados al surf, la ubicaci\u00f3n del camping junto al agua te permitir\u00e1 disfrutar de la vida con tu tabla de surf bajo el brazo, sin necesidad de desplazarte ni aparcar.    <\/p>\n\n\n\n<p class=\"ls-paragraph\">Disfruta al m\u00e1ximo de las olas del Atl\u00e1ntico aloj\u00e1ndote en el <strong>camping<\/strong> granja Erromardie <strong>, en el Pa\u00eds Vasco espa\u00f1ol<\/strong>. Las m\u00e1s bellas puestas de sol sobre el oc\u00e9ano te esperan cada noche. La extensi\u00f3n de arena fina te invita a relajarte, jugar con la familia y dar paseos nocturnos.    <\/p>\n\n\n\n<p class=\"ls-paragraph\">La granja Erromardie ofrece un entorno \u00fanico que se adapta a todos los veraneantes, desde familias con ni\u00f1os y grupos de amigos hasta surfistas y parejas en busca de romanticismo.<\/p>\n<\/div>\n<\/div>\n<\/div>\n\n\n\n<div class=\"wp-block-column is-layout-flow wp-block-column-is-layout-flow\" style=\"flex-basis:66.66%\">\n<figure class=\"wp-block-gallery has-nested-images columns-default is-cropped wp-block-gallery-1 is-layout-flex wp-block-gallery-is-layout-flex\">\n<figure class=\"wp-block-image size-full animated fadeIn delay-200ms\"><a href=\"https:\/\/www.camping-erromardie.com\/wp-content\/uploads\/2025\/04\/Camping-Erromardie-environnement-141-2.jpg\"><img loading=\"lazy\" decoding=\"async\" width=\"2000\" height=\"1335\" data-id=\"14630\" src=\"https:\/\/www.camping-erromardie.com\/wp-content\/uploads\/2025\/04\/Camping-Erromardie-environnement-141-2.jpg\" alt=\"Camping Erromardie entorno 141\" class=\"wp-image-14630\" srcset=\"https:\/\/www.camping-erromardie.com\/wp-content\/uploads\/2025\/04\/Camping-Erromardie-environnement-141-2.jpg 2000w, https:\/\/www.camping-erromardie.com\/wp-content\/uploads\/2025\/04\/Camping-Erromardie-environnement-141-2-300x200.jpg 300w, https:\/\/www.camping-erromardie.com\/wp-content\/uploads\/2025\/04\/Camping-Erromardie-environnement-141-2-1024x684.jpg 1024w, https:\/\/www.camping-erromardie.com\/wp-content\/uploads\/2025\/04\/Camping-Erromardie-environnement-141-2-768x513.jpg 768w, https:\/\/www.camping-erromardie.com\/wp-content\/uploads\/2025\/04\/Camping-Erromardie-environnement-141-2-1536x1025.jpg 1536w\" sizes=\"auto, (max-width: 2000px) 100vw, 2000px\" \/><\/a><\/figure>\n\n\n\n<figure class=\"wp-block-image size-full animated fadeIn\"><a href=\"https:\/\/www.camping-erromardie.com\/wp-content\/uploads\/2025\/04\/Pays-basque-espagnol-provinces-1.jpg\"><img loading=\"lazy\" decoding=\"async\" width=\"2000\" height=\"1500\" data-id=\"17050\" src=\"https:\/\/www.camping-erromardie.com\/wp-content\/uploads\/2025\/04\/Pays-basque-espagnol-provinces-1.jpg\" alt=\"Provincias del Pa&#xED;s Vasco espa&#xF1;ol\" class=\"wp-image-17050\" srcset=\"https:\/\/www.camping-erromardie.com\/wp-content\/uploads\/2025\/04\/Pays-basque-espagnol-provinces-1.jpg 2000w, https:\/\/www.camping-erromardie.com\/wp-content\/uploads\/2025\/04\/Pays-basque-espagnol-provinces-1-300x225.jpg 300w, https:\/\/www.camping-erromardie.com\/wp-content\/uploads\/2025\/04\/Pays-basque-espagnol-provinces-1-1024x768.jpg 1024w, https:\/\/www.camping-erromardie.com\/wp-content\/uploads\/2025\/04\/Pays-basque-espagnol-provinces-1-768x576.jpg 768w, https:\/\/www.camping-erromardie.com\/wp-content\/uploads\/2025\/04\/Pays-basque-espagnol-provinces-1-1536x1152.jpg 1536w\" sizes=\"auto, (max-width: 2000px) 100vw, 2000px\" \/><\/a><\/figure>\n<\/figure>\n<\/div>\n<\/div>\n\n\r\n    <\/div>\r\n<\/section><section id=\"ls-section-block_1041d25d73837e106b7bcc8d0e935ce6\" class=\"ls-section  home-first page-two has-background has-color-6-background-color\" >\r\n        <div class=\"container container--wide\">\r\n        \n\n<div class=\"wp-block-columns is-layout-flex wp-container-core-columns-is-layout-9d6595d7 wp-block-columns-is-layout-flex\">\n<div class=\"wp-block-column is-layout-flow wp-block-column-is-layout-flow\" style=\"flex-basis:66.66%\">\n<figure class=\"wp-block-gallery has-nested-images columns-default is-cropped wp-block-gallery-2 is-layout-flex wp-block-gallery-is-layout-flex\">\n<figure class=\"wp-block-image size-full animated fadeIn delay-200ms\"><a href=\"https:\/\/www.camping-erromardie.com\/wp-content\/uploads\/2025\/04\/enfants-dans-la-piscine-scaled-1.jpg\"><img loading=\"lazy\" decoding=\"async\" width=\"1334\" height=\"2000\" data-id=\"17410\" src=\"https:\/\/www.camping-erromardie.com\/wp-content\/uploads\/2025\/04\/enfants-dans-la-piscine-scaled-1.jpg\" alt=\"ni&#xF1;os en la piscina escalada\" class=\"wp-image-17410\" srcset=\"https:\/\/www.camping-erromardie.com\/wp-content\/uploads\/2025\/04\/enfants-dans-la-piscine-scaled-1.jpg 1334w, https:\/\/www.camping-erromardie.com\/wp-content\/uploads\/2025\/04\/enfants-dans-la-piscine-scaled-1-200x300.jpg 200w, https:\/\/www.camping-erromardie.com\/wp-content\/uploads\/2025\/04\/enfants-dans-la-piscine-scaled-1-683x1024.jpg 683w, https:\/\/www.camping-erromardie.com\/wp-content\/uploads\/2025\/04\/enfants-dans-la-piscine-scaled-1-768x1151.jpg 768w, https:\/\/www.camping-erromardie.com\/wp-content\/uploads\/2025\/04\/enfants-dans-la-piscine-scaled-1-1025x1536.jpg 1025w\" sizes=\"auto, (max-width: 1334px) 100vw, 1334px\" \/><\/a><\/figure>\n\n\n\n<figure class=\"wp-block-image size-full animated fadeIn\"><a href=\"https:\/\/www.camping-erromardie.com\/wp-content\/uploads\/2025\/04\/Camping-Erromardie-piscine-chauffee-1.jpg\"><img loading=\"lazy\" decoding=\"async\" width=\"2027\" height=\"1350\" data-id=\"17362\" src=\"https:\/\/www.camping-erromardie.com\/wp-content\/uploads\/2025\/04\/Camping-Erromardie-piscine-chauffee-1.jpg\" alt=\"Piscina climatizada del camping Erromardie\" class=\"wp-image-17362\" srcset=\"https:\/\/www.camping-erromardie.com\/wp-content\/uploads\/2025\/04\/Camping-Erromardie-piscine-chauffee-1.jpg 2027w, https:\/\/www.camping-erromardie.com\/wp-content\/uploads\/2025\/04\/Camping-Erromardie-piscine-chauffee-1-300x200.jpg 300w, https:\/\/www.camping-erromardie.com\/wp-content\/uploads\/2025\/04\/Camping-Erromardie-piscine-chauffee-1-1024x682.jpg 1024w, https:\/\/www.camping-erromardie.com\/wp-content\/uploads\/2025\/04\/Camping-Erromardie-piscine-chauffee-1-768x511.jpg 768w, https:\/\/www.camping-erromardie.com\/wp-content\/uploads\/2025\/04\/Camping-Erromardie-piscine-chauffee-1-1536x1023.jpg 1536w\" sizes=\"auto, (max-width: 2027px) 100vw, 2027px\" \/><\/a><\/figure>\n<\/figure>\n<\/div>\n\n\n\n<div class=\"wp-block-column is-layout-flow wp-block-column-is-layout-flow\" style=\"flex-basis:33.33%\">\n<div class=\"wp-block-columns is-layout-flex wp-container-core-columns-is-layout-9d6595d7 wp-block-columns-is-layout-flex\">\n<div class=\"wp-block-column column-border is-layout-flow wp-block-column-is-layout-flow\">\n<h2 class=\"ls__heading wp-block-heading has-color-1-color has-text-color has-link-color wp-elements-1e8199691218baad532dfabb4034dcdc\">Camping espa\u00f1ol con piscina<\/h2>\n\n\n\n<p class=\"ls-paragraph\">Vous recherchez un camping avec piscine pour vos prochaines vacances dans le <a href=\"https:\/\/www.camping-erromardie.com\/es\/pais-vasco-espanol\/\" data-type=\"categorydescription\" data-id=\"16901\">Pays Basque espagnol<\/a> ? <\/p>\n\n\n\n<p class=\"ls-paragraph\">El caser\u00edo Erromardie, idealmente situado junto al mar, te ofrece diversos placeres acu\u00e1ticos aprovechando su espacio acu\u00e1tico frente a la hermosa playa de Erromardie. Destino ideal para los veraneantes que buscan un <strong>camping en el Pa\u00eds Vasco espa\u00f1ol con piscina climatizada<\/strong>, este establecimiento de 4 estrellas abre las puertas de su piscina todos los d\u00edas de 10.00 a 19.00 h. Toma el sol en una tumbona y disfruta de la temperatura ideal del agua, a pocos metros de las olas del mar. Ideal para que los ni\u00f1os peque\u00f1os naden con total seguridad y disfruten ellos mismos de los placeres del agua, la piscina es uno de los puntos de encuentro favoritos de los veraneantes en Erromardie.     <\/p>\n\n\n\n<p class=\"ls-paragraph\">Mejor a\u00fan, el establecimiento de 4 estrellas te invita a alojarte en un camping <strong>del<\/strong> Pa\u00eds <strong>Vasco<\/strong> espa\u00f1ol <strong>con piscina cubierta<\/strong>: as\u00ed podr\u00e1s disfrutar de los placeres del ba\u00f1o desde primera hora de la ma\u00f1ana, incluso al principio de la temporada. \u00a1Ning\u00fan chaparr\u00f3n te privar\u00e1 de los beneficios de la piscina climatizada durante tus vacaciones en <strong>el camping Pays Basque espagnol<\/strong> de la ferme Erromardie! <\/p>\n<\/div>\n<\/div>\n<\/div>\n<\/div>\n\n\r\n    <\/div>\r\n<\/section><section id=\"ls-section-block_fb9e7c9e54e1ed4e256db08537712f65\" class=\"ls-section  home-fifth page-three\" >\r\n        <div class=\"container container--wide\">\r\n        \n\n<figure class=\"wp-block-image size-full animated fadeIn\"><a href=\"https:\/\/www.camping-erromardie.com\/wp-content\/uploads\/2025\/04\/pays-basque-espagnol-gaztelugatxe.jpg\"><img loading=\"lazy\" decoding=\"async\" width=\"2000\" height=\"1400\" src=\"https:\/\/www.camping-erromardie.com\/wp-content\/uploads\/2025\/04\/pays-basque-espagnol-gaztelugatxe.jpg\" alt=\"pa&#xED;s vasco espa&#xF1;ol gaztelugatxe\" class=\"wp-image-17404\" srcset=\"https:\/\/www.camping-erromardie.com\/wp-content\/uploads\/2025\/04\/pays-basque-espagnol-gaztelugatxe.jpg 2000w, https:\/\/www.camping-erromardie.com\/wp-content\/uploads\/2025\/04\/pays-basque-espagnol-gaztelugatxe-300x210.jpg 300w, https:\/\/www.camping-erromardie.com\/wp-content\/uploads\/2025\/04\/pays-basque-espagnol-gaztelugatxe-1024x717.jpg 1024w, https:\/\/www.camping-erromardie.com\/wp-content\/uploads\/2025\/04\/pays-basque-espagnol-gaztelugatxe-768x538.jpg 768w, https:\/\/www.camping-erromardie.com\/wp-content\/uploads\/2025\/04\/pays-basque-espagnol-gaztelugatxe-1536x1075.jpg 1536w\" sizes=\"auto, (max-width: 2000px) 100vw, 2000px\" \/><\/a><\/figure>\n\n\n\n<h2 class=\"ls__heading wp-block-heading has-color-1-color has-text-color has-link-color wp-elements-3476cc36b9d05ee192d6be0d55a43263\">Recorrer el Pa\u00eds Vasco espa\u00f1ol en autocaravana<\/h2>\n\n\n\n<p class=\"ls-paragraph\">De Fontarrabie a Bilbao pasando por San Sebasti\u00e1n, recorre con tu <strong>autocaravana el Pa\u00eds Vasco espa\u00f1ol<\/strong> y descubre sus paisajes y su patrimonio excepcionales. La granja Erromardie te acoge en sus parcelas cubiertas de hierba y bellamente arboladas, para que hagas una parada ideal a pocos minutos de la frontera espa\u00f1ola.   <\/p>\n\n\n\n<p class=\"ls-paragraph\">D\u2019une superficie moyenne de 80 m2, nos parcelles pour caravanes et camping-cars sont orient\u00e9es vers l\u2019oc\u00e9an pour vous offrir un cadre de s\u00e9jour unique en bord de mer. L\u2019\u00e9lectricit\u00e9 16 amp\u00e8res vous permet de profiter sans contrainte des \u00e9quipements de votre v\u00e9hicule am\u00e9nag\u00e9. Destination id\u00e9ale si vous cherchez une <strong>aire de camping-car Pays Basque espagnol<\/strong>, la ferme Erromardie vous invite par sa situation aux plus beaux itin\u00e9raires dans le Pays Basque c\u00f4t\u00e9 espagnol : la route des cols frontaliers, le littoral de Fontarrabie \u00e0 <a href=\"https:\/\/www.camping-erromardie.com\/es\/san-sebastian\/\" data-type=\"category\" data-id=\"53\">San Sebastian<\/a>, les f\u00eates de Pampelune, ou encore le circuit des sites historiques et culturels avec le Guggenheim de <a href=\"https:\/\/www.camping-erromardie.com\/es\/bilbao\/\" data-type=\"categorydescription\" data-id=\"16833\">Bilbao<\/a> et la ville de Guernica.<\/p>\n\n\n\n<p class=\"ls-paragraph\">S\u00e9journez sur un emplacement exceptionnel face \u00e0 l\u2019oc\u00e9an au camping de la Ferme Erromardie pour visiter dans les meilleures conditions <strong>le Pays Basque espagnol en camping-car<\/strong> ! Pour pr\u00e9parer votre visite, n\u2019h\u00e9sitez pas \u00e0 consulter notre <a href=\"https:\/\/www.camping-erromardie.com\/es\/pais-vasco-espanol\/mapa-del-pais-vasco-espanol\/\" data-type=\"post\" data-id=\"14725\">carte du Pays Basque espagnol<\/a>.<\/p>\n\n\n\n<p class=\"ls-paragraph\">Vous ne savez pas quelle ville espagnole choisir pour votre s\u00e9jour ? Pour vous d\u00e9cider, consulter les pages du <a href=\"https:\/\/www.camping-erromardie.com\/es\/camping-bilbao\/\" data-type=\"page\" data-id=\"342\">camping Bilbao<\/a> et <a href=\"https:\/\/www.camping-erromardie.com\/es\/camping-san-sebastian\/\" data-type=\"page\" data-id=\"378\">camping San Sebastian<\/a> !<\/p>\n\n\r\n    <\/div>\r\n<\/section><section id=\"ls-section-block_24b62a0c86351e0e40d363e0900dc697\" class=\"ls-section  page-cta\" >\r\n        <div class=\"container container--wide\">\r\n        \n\n<div id=\"ls-heading ls-titre-div-block_2d1502d805f7b393a4c89148734e02c1\" class=\"ls-titre-div aligncenter h2-like has-text-color has-color-1-color\" >\n    Visita el Pa\u00eds Vasco espa\u00f1ol<\/div>\n\n\n\n<div id=\"ls-maillage-block_1d68be27131d80636ccdacb083881449\" class=\"ls-maillage cta-style-normal\" data-rows=\"4\">\n\n    <div class=\"wp-block-columns\"><div class=\"wp-block-column\">\n\n<a href=\"https:\/\/www.camping-erromardie.com\/es\/pais-vasco-espanol\/\" target=\"\" rel=\"noopener\" class=\"ls-cta__link pais-vasco-espanol\" data-categ=\" pais-vasco-espanol\">\n\t<div class=\"ls-cta__image\"><img decoding=\"async\" src=\"https:\/\/www.camping-erromardie.com\/wp-content\/uploads\/2025\/04\/donostia-2.jpg\" alt=\"El Pa\u00eds Vasco espa\u00f1ol\"><\/div>\n\t<div class=\"ls-cta__title\">\n\t\tEl Pa\u00eds Vasco espa\u00f1ol\t<\/div>\n\n\t<\/a><\/div><div class=\"wp-block-column\">\n\n<a href=\"https:\/\/www.camping-erromardie.com\/es\/pirineos-atlanticos\/\" target=\"\" rel=\"noopener\" class=\"ls-cta__link pirineos-atlanticos\" data-categ=\" pirineos-atlanticos\">\n\t<div class=\"ls-cta__image\"><img decoding=\"async\" src=\"https:\/\/www.camping-erromardie.com\/wp-content\/uploads\/2025\/04\/Pyrenees-Atlantiques.jpg\" alt=\"Pirineos Atl\u00e1nticos\"><\/div>\n\t<div class=\"ls-cta__title\">\n\t\tPirineos Atl\u00e1nticos\t<\/div>\n\n\t<\/a><\/div><div class=\"wp-block-column\">\n\n<a href=\"https:\/\/www.camping-erromardie.com\/es\/san-sebastian\/\" target=\"\" rel=\"noopener\" class=\"ls-cta__link san-sebastian\" data-categ=\" san-sebastian\">\n\t<div class=\"ls-cta__image\"><img decoding=\"async\" src=\"https:\/\/www.camping-erromardie.com\/wp-content\/uploads\/2025\/04\/Donostia.jpg\" alt=\"San Sebasti\u00e1n\"><\/div>\n\t<div class=\"ls-cta__title\">\n\t\tSan Sebasti\u00e1n\t<\/div>\n\n\t<\/a><\/div><div class=\"wp-block-column\">\n\n<a href=\"https:\/\/www.camping-erromardie.com\/es\/bilbao\/\" target=\"\" rel=\"noopener\" class=\"ls-cta__link bilbao\" data-categ=\" bilbao\">\n\t<div class=\"ls-cta__image\"><img decoding=\"async\" src=\"https:\/\/www.camping-erromardie.com\/wp-content\/uploads\/2025\/04\/Bilbao-3.jpg\" alt=\"Bilbao\"><\/div>\n\t<div class=\"ls-cta__title\">\n\t\tBilbao\t<\/div>\n\n\t<\/a><\/div><\/div>\n<\/div>\n\r\n    <\/div>\r\n<\/section>","protected":false},"excerpt":{"rendered":"","protected":false},"author":1,"featured_media":15629,"parent":0,"menu_order":53,"comment_status":"closed","ping_status":"closed","template":"","meta":{"_acf_changed":false,"_seopress_robots_primary_cat":"","_seopress_titles_title":"Camping Pais Vasco Espa\u00f1ol | Alquiler mobil home Pais Vasco Espa\u00f1ol","_seopress_titles_desc":"Al\u00f3jate en el Camping La Ferme Erromardie, situado junto al mar, cerca de la frontera espa\u00f1ola, y descubre el Pa\u00eds Vasco espa\u00f1ol. Disfruta de c\u00f3modas casas m\u00f3viles, una piscina climatizada y una playa a tiro de piedra. Explora la regi\u00f3n en autocaravana y aprovecha las atractivas tarifas para una estancia econ\u00f3mica de 4 estrellas.  ","_seopress_robots_index":"","footnotes":""},"sujet":[],"class_list":["post-18072","page","type-page","status-publish","has-post-thumbnail","hentry"],"acf":[],"_links":{"self":[{"href":"https:\/\/www.camping-erromardie.com\/es\/wp-json\/wp\/v2\/pages\/18072","targetHints":{"allow":["GET"]}}],"collection":[{"href":"https:\/\/www.camping-erromardie.com\/es\/wp-json\/wp\/v2\/pages"}],"about":[{"href":"https:\/\/www.camping-erromardie.com\/es\/wp-json\/wp\/v2\/types\/page"}],"author":[{"embeddable":true,"href":"https:\/\/www.camping-erromardie.com\/es\/wp-json\/wp\/v2\/users\/1"}],"replies":[{"embeddable":true,"href":"https:\/\/www.camping-erromardie.com\/es\/wp-json\/wp\/v2\/comments?post=18072"}],"version-history":[{"count":12,"href":"https:\/\/www.camping-erromardie.com\/es\/wp-json\/wp\/v2\/pages\/18072\/revisions"}],"predecessor-version":[{"id":19812,"href":"https:\/\/www.camping-erromardie.com\/es\/wp-json\/wp\/v2\/pages\/18072\/revisions\/19812"}],"wp:featuredmedia":[{"embeddable":true,"href":"https:\/\/www.camping-erromardie.com\/es\/wp-json\/wp\/v2\/media\/15629"}],"wp:attachment":[{"href":"https:\/\/www.camping-erromardie.com\/es\/wp-json\/wp\/v2\/media?parent=18072"}],"wp:term":[{"taxonomy":"sujet","embeddable":true,"href":"https:\/\/www.camping-erromardie.com\/es\/wp-json\/wp\/v2\/sujet?post=18072"}],"curies":[{"name":"wp","href":"https:\/\/api.w.org\/{rel}","templated":true}]}}