{"id":18062,"date":"2025-03-14T16:59:18","date_gmt":"2025-03-14T15:59:18","guid":{"rendered":"https:\/\/www.camping-erromardie.com\/camping-san-sebastian\/"},"modified":"2025-06-12T09:28:20","modified_gmt":"2025-06-12T07:28:20","slug":"camping-san-sebastian","status":"publish","type":"page","link":"https:\/\/www.camping-erromardie.com\/es\/camping-san-sebastian\/","title":{"rendered":"Camping San Sebasti\u00e1n"},"content":{"rendered":"<section id=\"ls-section-block_8c73410c50f08329eb33820946cd64c0\" class=\"ls-section  page-titre\" >\r\n        <div class=\"container container--wide\">\r\n        \n\n<h1 class=\"ls__heading wp-block-heading has-text-align-center has-color-4-color has-text-color has-link-color wp-elements-fb16e6d8bb5647b1c4ab7ef25c24ebd0\">Camping Pa\u00eds Vasco San Sebasti\u00e1n<\/h1>\n\n\n\n<p class=\"ls-paragraph has-text-align-center\"><a href=\"https:\/\/www.camping-erromardie.com\/es\/san-sebastian\/\" data-type=\"category\" data-id=\"53\">Saint-S\u00e9bastien<\/a>\u00a0n\u2019est qu\u2019\u00e0 20 km de la ville-fronti\u00e8re d\u2019Hendaye au Pays Basque. La ferme Erromardie,\u00a0<a href=\"https:\/\/www.camping-erromardie.com\/es\/\" data-type=\"page\" data-id=\"270\">camping Pays Basque,<\/a>\u00a0est situ\u00e9 \u00e0 36 km de la charmante ville espagnole. En empruntant l\u2019autoroute A63 puis l\u2019AP-8, 35 minutes environ sont n\u00e9cessaires pour atteindre le c\u0153ur de la vieille ville.<\/p>\n\n\r\n    <\/div>\r\n<\/section><section id=\"ls-section-block_b9e6098b7e1a7a435f828485597ca5b0\" class=\"ls-section  home-first page-one has-p-b p-b-14\" >\r\n        <div class=\"container container--wide\">\r\n        \n\n<div class=\"wp-block-columns is-layout-flex wp-container-core-columns-is-layout-9d6595d7 wp-block-columns-is-layout-flex\">\n<div class=\"wp-block-column is-layout-flow wp-block-column-is-layout-flow\" style=\"flex-basis:33.33%\">\n<div class=\"wp-block-columns is-layout-flex wp-container-core-columns-is-layout-9d6595d7 wp-block-columns-is-layout-flex\">\n<div class=\"wp-block-column column-border is-layout-flow wp-block-column-is-layout-flow\">\n<h2 class=\"ls__heading wp-block-heading has-color-1-color has-text-color has-link-color wp-elements-046d30c1c4ca1985cb840223cbecdd1e\">Alquiler mobil home Pais Vasco San Sebastian<\/h2>\n\n\n\n<p class=\"ls-paragraph\">\u00bfBuscas <strong>alquilar una mobil home en San Sebasti\u00e1n<\/strong>, en el Pa\u00eds Vasco? \u00bfTe gustar\u00eda pasar tus pr\u00f3ximas vacaciones en un camping de <strong>San<\/strong> Sebasti\u00e1n en un entorno privilegiado del suroeste de Francia? Descubre nuestro camping La Ferme d&#8217;Erromardie frente al oc\u00e9ano. Nuestras casas m\u00f3viles est\u00e1n situadas en 2,5 hect\u00e1reas de vegetaci\u00f3n, en parcelas \u00edntimas y bellamente ajardinadas para proporcionarte la tranquilidad que buscas. En el <strong>camping cerca de San<\/strong> Sebasti\u00e1n te ofrecemos nada menos que 9 modelos, incluido uno accesible para personas con movilidad reducida. Elige en funci\u00f3n de tus necesidades y presupuesto: de 2 a 6 personas con 1 a 3 habitaciones, de 16 a 32 m\u00b2. Tambi\u00e9n ofrecemos una opci\u00f3n de alojamiento poco habitual para los veraneantes que busquen algo un poco m\u00e1s original: una caba\u00f1a de madera y tela, con cocina y cuarto de ba\u00f1o. Todos nuestros alojamientos disponen de cocina moderna, cuarto de ba\u00f1o, aseo, televisi\u00f3n y espacio exterior, con una bonita terraza y muebles de jard\u00edn. \u00a1Suficiente para crear recuerdos inolvidables!        <br\/><\/p>\n<\/div>\n<\/div>\n<\/div>\n\n\n\n<div class=\"wp-block-column is-layout-flow wp-block-column-is-layout-flow\" style=\"flex-basis:66.66%\">\n<figure class=\"wp-block-gallery has-nested-images columns-default is-cropped wp-block-gallery-1 is-layout-flex wp-block-gallery-is-layout-flex\">\n<figure class=\"wp-block-image size-full animated fadeIn delay-200ms\"><a href=\"https:\/\/www.camping-erromardie.com\/wp-content\/uploads\/2025\/03\/pict_22_1.jpg\"><img loading=\"lazy\" decoding=\"async\" width=\"760\" height=\"570\" data-id=\"1101\" src=\"https:\/\/www.camping-erromardie.com\/wp-content\/uploads\/2025\/03\/pict_22_1.jpg\" alt=\"foto 22 1\" class=\"wp-image-1101\" srcset=\"https:\/\/www.camping-erromardie.com\/wp-content\/uploads\/2025\/03\/pict_22_1.jpg 760w, https:\/\/www.camping-erromardie.com\/wp-content\/uploads\/2025\/03\/pict_22_1-300x225.jpg 300w\" sizes=\"auto, (max-width: 760px) 100vw, 760px\" \/><\/a><\/figure>\n\n\n\n<figure class=\"wp-block-image size-full animated fadeIn\"><a href=\"https:\/\/www.camping-erromardie.com\/wp-content\/uploads\/2025\/04\/San-Sebastian-plage-la-concha.jpg\"><img loading=\"lazy\" decoding=\"async\" width=\"2000\" height=\"1400\" data-id=\"17351\" src=\"https:\/\/www.camping-erromardie.com\/wp-content\/uploads\/2025\/04\/San-Sebastian-plage-la-concha.jpg\" alt=\"Playa de San Sebasti&#xE1;n la concha\" class=\"wp-image-17351\" srcset=\"https:\/\/www.camping-erromardie.com\/wp-content\/uploads\/2025\/04\/San-Sebastian-plage-la-concha.jpg 2000w, https:\/\/www.camping-erromardie.com\/wp-content\/uploads\/2025\/04\/San-Sebastian-plage-la-concha-300x210.jpg 300w, https:\/\/www.camping-erromardie.com\/wp-content\/uploads\/2025\/04\/San-Sebastian-plage-la-concha-1024x717.jpg 1024w, https:\/\/www.camping-erromardie.com\/wp-content\/uploads\/2025\/04\/San-Sebastian-plage-la-concha-768x538.jpg 768w, https:\/\/www.camping-erromardie.com\/wp-content\/uploads\/2025\/04\/San-Sebastian-plage-la-concha-1536x1075.jpg 1536w\" sizes=\"auto, (max-width: 2000px) 100vw, 2000px\" \/><\/a><\/figure>\n<\/figure>\n<\/div>\n<\/div>\n\n\r\n    <\/div>\r\n<\/section><section id=\"ls-section-block_0dd428e08a10d947e3eb3fd06a868149\" class=\"ls-section  home-first page-two has-background has-color-6-background-color\" >\r\n        <div class=\"container container--wide\">\r\n        \n\n<div class=\"wp-block-columns is-layout-flex wp-container-core-columns-is-layout-9d6595d7 wp-block-columns-is-layout-flex\">\n<div class=\"wp-block-column is-layout-flow wp-block-column-is-layout-flow\" style=\"flex-basis:66.66%\">\n<figure class=\"wp-block-gallery has-nested-images columns-default is-cropped wp-block-gallery-2 is-layout-flex wp-block-gallery-is-layout-flex\">\n<figure class=\"wp-block-image size-full animated fadeIn delay-200ms\"><a href=\"https:\/\/www.camping-erromardie.com\/wp-content\/uploads\/2025\/04\/Camping-Erromardie-piscine-chauffee-1.jpg\"><img loading=\"lazy\" decoding=\"async\" width=\"2027\" height=\"1350\" data-id=\"17362\" src=\"https:\/\/www.camping-erromardie.com\/wp-content\/uploads\/2025\/04\/Camping-Erromardie-piscine-chauffee-1.jpg\" alt=\"Piscina climatizada del camping Erromardie\" class=\"wp-image-17362\" srcset=\"https:\/\/www.camping-erromardie.com\/wp-content\/uploads\/2025\/04\/Camping-Erromardie-piscine-chauffee-1.jpg 2027w, https:\/\/www.camping-erromardie.com\/wp-content\/uploads\/2025\/04\/Camping-Erromardie-piscine-chauffee-1-300x200.jpg 300w, https:\/\/www.camping-erromardie.com\/wp-content\/uploads\/2025\/04\/Camping-Erromardie-piscine-chauffee-1-1024x682.jpg 1024w, https:\/\/www.camping-erromardie.com\/wp-content\/uploads\/2025\/04\/Camping-Erromardie-piscine-chauffee-1-768x511.jpg 768w, https:\/\/www.camping-erromardie.com\/wp-content\/uploads\/2025\/04\/Camping-Erromardie-piscine-chauffee-1-1536x1023.jpg 1536w\" sizes=\"auto, (max-width: 2027px) 100vw, 2027px\" \/><\/a><\/figure>\n\n\n\n<figure class=\"wp-block-image size-full animated fadeIn\"><a href=\"https:\/\/www.camping-erromardie.com\/wp-content\/uploads\/2025\/04\/donostia-1-1.jpg\"><img loading=\"lazy\" decoding=\"async\" width=\"2000\" height=\"1400\" data-id=\"15206\" src=\"https:\/\/www.camping-erromardie.com\/wp-content\/uploads\/2025\/04\/donostia-1-1.jpg\" alt=\"donostia (1)\" class=\"wp-image-15206\" srcset=\"https:\/\/www.camping-erromardie.com\/wp-content\/uploads\/2025\/04\/donostia-1-1.jpg 2000w, https:\/\/www.camping-erromardie.com\/wp-content\/uploads\/2025\/04\/donostia-1-1-300x210.jpg 300w, https:\/\/www.camping-erromardie.com\/wp-content\/uploads\/2025\/04\/donostia-1-1-1024x717.jpg 1024w, https:\/\/www.camping-erromardie.com\/wp-content\/uploads\/2025\/04\/donostia-1-1-768x538.jpg 768w, https:\/\/www.camping-erromardie.com\/wp-content\/uploads\/2025\/04\/donostia-1-1-1536x1075.jpg 1536w\" sizes=\"auto, (max-width: 2000px) 100vw, 2000px\" \/><\/a><\/figure>\n<\/figure>\n<\/div>\n\n\n\n<div class=\"wp-block-column is-layout-flow wp-block-column-is-layout-flow\" style=\"flex-basis:33.33%\">\n<div class=\"wp-block-columns is-layout-flex wp-container-core-columns-is-layout-9d6595d7 wp-block-columns-is-layout-flex\">\n<div class=\"wp-block-column column-border is-layout-flow wp-block-column-is-layout-flow\">\n<h2 class=\"ls__heading wp-block-heading has-color-1-color has-text-color has-link-color wp-elements-f35e70802a8fbd9dfde74fa5d41c1f60\">Camping con piscina Pa\u00eds Vasco San Sebasti\u00e1n<\/h2>\n\n\n\n<p class=\"ls-paragraph\">Para pasar unas buenas vacaciones en la costa vasca, puedes venir a un <strong>camping con piscina cerca de San Sebasti\u00e1n<\/strong>. La ferme d&#8217;Erromardie tiene todo lo que necesitas para que tu estancia sea inolvidable. Situado a tiro de piedra de las grandes playas de arena dorada del suroeste de Francia, desde el camping <strong>cerca de San<\/strong> Sebasti\u00e1n podr\u00e1s llegar al mar en pocos minutos a pie. Pero tambi\u00e9n puedes relajarte en nuestra zona de piscina cubierta y climatizada, todos los d\u00edas de 10 a 19 h. En un camping del Pa\u00eds Vasco espa\u00f1ol (\/camping-pays-basque-espagnol\/), ba\u00f1arse aunque llueva es el sue\u00f1o de todos, sobre todo de los ni\u00f1os, \u00a1que no se cansar\u00e1n de la piscina! Adem\u00e1s, tambi\u00e9n hemos pensado en los m\u00e1s peque\u00f1os, que encontrar\u00e1n una piscina infantil para iniciarse en los placeres de los juegos acu\u00e1ticos con total seguridad, el primer paso antes de saltar a las olas del mar. Sin embargo, la piscina no est\u00e1 vigilada, por lo que tendr\u00e1s que tener cuidado de no dejarlos solos. Puedes ponerte c\u00f3modo en una de las tumbonas de la terraza, vigil\u00e1ndoles siempre.       <\/p>\n<\/div>\n<\/div>\n<\/div>\n<\/div>\n\n\r\n    <\/div>\r\n<\/section><section id=\"ls-section-block_5637321ae691b8537887b0ac48655f21\" class=\"ls-section  home-fifth page-three\" >\r\n        <div class=\"container container--wide\">\r\n        \n\n<figure class=\"wp-block-image size-full animated fadeIn\"><a href=\"https:\/\/www.camping-erromardie.com\/wp-content\/uploads\/2025\/04\/donostia-2.jpg\"><img loading=\"lazy\" decoding=\"async\" width=\"2000\" height=\"1400\" src=\"https:\/\/www.camping-erromardie.com\/wp-content\/uploads\/2025\/04\/donostia-2.jpg\" alt=\"donostia (2)\" class=\"wp-image-15201\" srcset=\"https:\/\/www.camping-erromardie.com\/wp-content\/uploads\/2025\/04\/donostia-2.jpg 2000w, https:\/\/www.camping-erromardie.com\/wp-content\/uploads\/2025\/04\/donostia-2-300x210.jpg 300w, https:\/\/www.camping-erromardie.com\/wp-content\/uploads\/2025\/04\/donostia-2-1024x717.jpg 1024w, https:\/\/www.camping-erromardie.com\/wp-content\/uploads\/2025\/04\/donostia-2-768x538.jpg 768w, https:\/\/www.camping-erromardie.com\/wp-content\/uploads\/2025\/04\/donostia-2-1536x1075.jpg 1536w\" sizes=\"auto, (max-width: 2000px) 100vw, 2000px\" \/><\/a><\/figure>\n\n\r\n    <\/div>\r\n<\/section><section id=\"ls-section-block_12d7a9deb701a433a86b63aee096ac5e\" class=\"ls-section  page-cta\" >\r\n        <div class=\"container container--wide\">\r\n        \n\n<div id=\"ls-heading ls-titre-div-block_c12ad010b4665f35699d11235ab6fd61\" class=\"ls-titre-div aligncenter h2-like has-text-color has-color-1-color\" >\n    Visita el Pa\u00eds Vasco<\/div>\n\n\n\n<div id=\"ls-maillage-block_c6262391396cf414193fda319e5a2f7a\" class=\"ls-maillage cta-style-normal\" data-rows=\"4\">\n\n    <div class=\"wp-block-columns\"><div class=\"wp-block-column\">\n\n<a href=\"https:\/\/www.camping-erromardie.com\/es\/pais-vasco-espanol\/\" target=\"\" rel=\"noopener\" class=\"ls-cta__link pais-vasco-espanol\" data-categ=\" pais-vasco-espanol\">\n\t<div class=\"ls-cta__image\"><img decoding=\"async\" src=\"https:\/\/www.camping-erromardie.com\/wp-content\/uploads\/2025\/04\/donostia-2.jpg\" alt=\"El Pa\u00eds Vasco espa\u00f1ol\"><\/div>\n\t<div class=\"ls-cta__title\">\n\t\tEl Pa\u00eds Vasco espa\u00f1ol\t<\/div>\n\n\t<\/a><\/div><div class=\"wp-block-column\">\n\n<a href=\"https:\/\/www.camping-erromardie.com\/es\/pirineos-atlanticos\/\" target=\"\" rel=\"noopener\" class=\"ls-cta__link pirineos-atlanticos\" data-categ=\" pirineos-atlanticos\">\n\t<div class=\"ls-cta__image\"><img decoding=\"async\" src=\"https:\/\/www.camping-erromardie.com\/wp-content\/uploads\/2025\/04\/Pyrenees-Atlantiques.jpg\" alt=\"Pirineos Atl\u00e1nticos\"><\/div>\n\t<div class=\"ls-cta__title\">\n\t\tPirineos Atl\u00e1nticos\t<\/div>\n\n\t<\/a><\/div><div class=\"wp-block-column\">\n\n<a href=\"https:\/\/www.camping-erromardie.com\/es\/saint-jean-de-luz\/\" target=\"\" rel=\"noopener\" class=\"ls-cta__link saint-jean-de-luz\" data-categ=\" saint-jean-de-luz\">\n\t<div class=\"ls-cta__image\"><img decoding=\"async\" src=\"https:\/\/www.camping-erromardie.com\/wp-content\/uploads\/2025\/04\/Saint-Jean-de-Luz-Centre-Ville-et-Port-e1745412638780.jpg\" alt=\"San Juan de Luz\"><\/div>\n\t<div class=\"ls-cta__title\">\n\t\tSan Juan de Luz\t<\/div>\n\n\t<\/a><\/div><div class=\"wp-block-column\">\n\n<a href=\"https:\/\/www.camping-erromardie.com\/es\/saint-jean-pied-de-port\/\" target=\"\" rel=\"noopener\" class=\"ls-cta__link saint-jean-pied-de-port\" data-categ=\" saint-jean-pied-de-port\">\n\t<div class=\"ls-cta__image\"><img decoding=\"async\" src=\"https:\/\/www.camping-erromardie.com\/wp-content\/uploads\/2025\/04\/Saint-Jean-Pied-De-Port-Pays-Basque.jpg\" alt=\"Saint Jean Pied de Port\"><\/div>\n\t<div class=\"ls-cta__title\">\n\t\tSaint Jean Pied de Port\t<\/div>\n\n\t<\/a><\/div><\/div><div class=\"wp-block-columns\"><div class=\"wp-block-column\">\n\n<a href=\"https:\/\/www.camping-erromardie.com\/es\/san-sebastian\/\" target=\"\" rel=\"noopener\" class=\"ls-cta__link san-sebastian\" data-categ=\" san-sebastian\">\n\t<div class=\"ls-cta__image\"><img decoding=\"async\" src=\"https:\/\/www.camping-erromardie.com\/wp-content\/uploads\/2025\/04\/Donostia.jpg\" alt=\"San Sebasti\u00e1n\"><\/div>\n\t<div class=\"ls-cta__title\">\n\t\tSan Sebasti\u00e1n\t<\/div>\n\n\t<\/a><\/div><div class=\"wp-block-column\">\n\n<a href=\"https:\/\/www.camping-erromardie.com\/es\/itxassou\/\" target=\"\" rel=\"noopener\" class=\"ls-cta__link itxassou\" data-categ=\" itxassou\">\n\t<div class=\"ls-cta__image\"><img decoding=\"async\" src=\"https:\/\/www.camping-erromardie.com\/wp-content\/uploads\/2025\/04\/Riviere-La-Nive-Itxassu.jpg\" alt=\"Itxassou\"><\/div>\n\t<div class=\"ls-cta__title\">\n\t\tItxassou\t<\/div>\n\n\t<\/a><\/div><div class=\"wp-block-column\">\n\n<a href=\"https:\/\/www.camping-erromardie.com\/es\/urrugne\/\" target=\"\" rel=\"noopener\" class=\"ls-cta__link urrugne\" data-categ=\" urrugne\">\n\t<div class=\"ls-cta__image\"><img decoding=\"async\" src=\"https:\/\/www.camping-erromardie.com\/wp-content\/uploads\/2025\/04\/photos-aeriennes-Urrugne.jpg\" alt=\"Urrugne: un pueblo con muchas caras\"><\/div>\n\t<div class=\"ls-cta__title\">\n\t\tUrrugne: un pueblo con muchas caras\t<\/div>\n\n\t<\/a><\/div><div class=\"wp-block-column\">\n\n<a href=\"https:\/\/www.camping-erromardie.com\/es\/bidart\/\" target=\"\" rel=\"noopener\" class=\"ls-cta__link bidart\" data-categ=\" bidart\">\n\t<div class=\"ls-cta__image\"><img decoding=\"async\" src=\"https:\/\/www.camping-erromardie.com\/wp-content\/uploads\/2025\/04\/Bidart.jpg\" alt=\"Bidart\"><\/div>\n\t<div class=\"ls-cta__title\">\n\t\tBidart\t<\/div>\n\n\t<\/a><\/div><\/div><div class=\"wp-block-columns\"><div class=\"wp-block-column\">\n\n<a href=\"https:\/\/www.camping-erromardie.com\/es\/bilbao\/\" target=\"\" rel=\"noopener\" class=\"ls-cta__link bilbao\" data-categ=\" bilbao\">\n\t<div class=\"ls-cta__image\"><img decoding=\"async\" src=\"https:\/\/www.camping-erromardie.com\/wp-content\/uploads\/2025\/04\/Bilbao-3.jpg\" alt=\"Bilbao\"><\/div>\n\t<div class=\"ls-cta__title\">\n\t\tBilbao\t<\/div>\n\n\t<\/a><\/div><div class=\"wp-block-column\">\n\n<a href=\"https:\/\/www.camping-erromardie.com\/es\/cambo-les-bains\/\" target=\"\" rel=\"noopener\" class=\"ls-cta__link cambo-les-bains\" data-categ=\" cambo-les-bains\">\n\t<div class=\"ls-cta__image\"><img decoding=\"async\" src=\"https:\/\/www.camping-erromardie.com\/wp-content\/uploads\/2025\/04\/Cambo-les-Bains-paysages.jpg\" alt=\"Cambo\"><\/div>\n\t<div class=\"ls-cta__title\">\n\t\tCambo\t<\/div>\n\n\t<\/a><\/div><div class=\"wp-block-column\">\n\n<a href=\"https:\/\/www.camping-erromardie.com\/es\/hendaye\/\" target=\"\" rel=\"noopener\" class=\"ls-cta__link hendaye\" data-categ=\" hendaye\">\n\t<div class=\"ls-cta__image\"><img decoding=\"async\" src=\"https:\/\/www.camping-erromardie.com\/wp-content\/uploads\/2025\/04\/hendaye_3-3-e1744808115339.jpg\" alt=\"Hendaya\"><\/div>\n\t<div class=\"ls-cta__title\">\n\t\tHendaya\t<\/div>\n\n\t<\/a><\/div><div class=\"wp-block-column\">\n\n<a href=\"https:\/\/www.camping-erromardie.com\/es\/espelette\/\" target=\"\" rel=\"noopener\" class=\"ls-cta__link espelette\" data-categ=\" espelette\">\n\t<div class=\"ls-cta__image\"><img decoding=\"async\" src=\"https:\/\/www.camping-erromardie.com\/wp-content\/uploads\/2025\/04\/Village-espelette.jpg\" alt=\"Espelette\"><\/div>\n\t<div class=\"ls-cta__title\">\n\t\tEspelette\t<\/div>\n\n\t<\/a><\/div><\/div><div class=\"wp-block-columns\"><div class=\"wp-block-column\">\n\n<a href=\"https:\/\/www.camping-erromardie.com\/es\/hasparren\/\" target=\"\" rel=\"noopener\" class=\"ls-cta__link hasparren\" data-categ=\" hasparren\">\n\t<div class=\"ls-cta__image\"><img decoding=\"async\" src=\"https:\/\/www.camping-erromardie.com\/wp-content\/uploads\/2025\/04\/Village-dHasparran.jpg\" alt=\"Hasparren\"><\/div>\n\t<div class=\"ls-cta__title\">\n\t\tHasparren\t<\/div>\n\n\t<\/a><\/div><div class=\"wp-block-column\">\n\n<a href=\"https:\/\/www.camping-erromardie.com\/es\/bayona\/\" target=\"\" rel=\"noopener\" class=\"ls-cta__link bayona\" data-categ=\" bayona\">\n\t<div class=\"ls-cta__image\"><img decoding=\"async\" src=\"https:\/\/www.camping-erromardie.com\/wp-content\/uploads\/2025\/04\/Bayonne-Couleurs-Basque.jpg\" alt=\"Bayona\"><\/div>\n\t<div class=\"ls-cta__title\">\n\t\tBayona\t<\/div>\n\n\t<\/a><\/div><div class=\"wp-block-column\">\n\n<a href=\"https:\/\/www.camping-erromardie.com\/es\/ascain\/\" target=\"\" rel=\"noopener\" class=\"ls-cta__link ascain\" data-categ=\" ascain\">\n\t<div class=\"ls-cta__image\"><img decoding=\"async\" src=\"https:\/\/www.camping-erromardie.com\/wp-content\/uploads\/2025\/04\/Paysages-Ascain-Pays-Basque.jpg\" alt=\"Ascain\"><\/div>\n\t<div class=\"ls-cta__title\">\n\t\tAscain\t<\/div>\n\n\t<\/a><\/div><div class=\"wp-block-column\">\n\n<a href=\"https:\/\/www.camping-erromardie.com\/es\/biarritz\/\" target=\"\" rel=\"noopener\" class=\"ls-cta__link biarritz\" data-categ=\" biarritz\">\n\t<div class=\"ls-cta__image\"><img decoding=\"async\" src=\"https:\/\/www.camping-erromardie.com\/wp-content\/uploads\/2025\/04\/musee-de-la-mer-a-Biarritz-Pays-Basque.jpg\" alt=\"Biarritz\"><\/div>\n\t<div class=\"ls-cta__title\">\n\t\tBiarritz\t<\/div>\n\n\t<\/a><\/div><\/div>\n<\/div>\n\r\n    <\/div>\r\n<\/section>","protected":false},"excerpt":{"rendered":"","protected":false},"author":1,"featured_media":15191,"parent":0,"menu_order":166,"comment_status":"closed","ping_status":"closed","template":"","meta":{"_acf_changed":false,"_seopress_robots_primary_cat":"","_seopress_titles_title":"Camping Pays Basque San Sebastian : alquiler de mobil home San Sebastian","_seopress_titles_desc":"\u00bfTe apetecen unas vacaciones de camping cerca de San Sebasti\u00e1n? Descubre el agroturismo Erromardie, en el Pa\u00eds Vasco: confortables mobil homes de alquiler, piscina climatizada, acceso a la playa y vistas al mar. ","_seopress_robots_index":"","footnotes":""},"sujet":[],"class_list":["post-18062","page","type-page","status-publish","has-post-thumbnail","hentry"],"acf":[],"_links":{"self":[{"href":"https:\/\/www.camping-erromardie.com\/es\/wp-json\/wp\/v2\/pages\/18062","targetHints":{"allow":["GET"]}}],"collection":[{"href":"https:\/\/www.camping-erromardie.com\/es\/wp-json\/wp\/v2\/pages"}],"about":[{"href":"https:\/\/www.camping-erromardie.com\/es\/wp-json\/wp\/v2\/types\/page"}],"author":[{"embeddable":true,"href":"https:\/\/www.camping-erromardie.com\/es\/wp-json\/wp\/v2\/users\/1"}],"replies":[{"embeddable":true,"href":"https:\/\/www.camping-erromardie.com\/es\/wp-json\/wp\/v2\/comments?post=18062"}],"version-history":[{"count":5,"href":"https:\/\/www.camping-erromardie.com\/es\/wp-json\/wp\/v2\/pages\/18062\/revisions"}],"predecessor-version":[{"id":19737,"href":"https:\/\/www.camping-erromardie.com\/es\/wp-json\/wp\/v2\/pages\/18062\/revisions\/19737"}],"wp:featuredmedia":[{"embeddable":true,"href":"https:\/\/www.camping-erromardie.com\/es\/wp-json\/wp\/v2\/media\/15191"}],"wp:attachment":[{"href":"https:\/\/www.camping-erromardie.com\/es\/wp-json\/wp\/v2\/media?parent=18062"}],"wp:term":[{"taxonomy":"sujet","embeddable":true,"href":"https:\/\/www.camping-erromardie.com\/es\/wp-json\/wp\/v2\/sujet?post=18062"}],"curies":[{"name":"wp","href":"https:\/\/api.w.org\/{rel}","templated":true}]}}