{"id":18050,"date":"2025-04-17T00:49:10","date_gmt":"2025-04-16T22:49:10","guid":{"rendered":"https:\/\/www.camping-erromardie.com\/camping-qualite-aquitaine\/"},"modified":"2025-06-03T11:58:38","modified_gmt":"2025-06-03T09:58:38","slug":"camping-qualite","status":"publish","type":"page","link":"https:\/\/www.camping-erromardie.com\/es\/camping-qualite\/","title":{"rendered":"Camping Qualite Aquitaine"},"content":{"rendered":"<section id=\"ls-section-block_dd01311d23d8d2d5173daf45c477068a\" class=\"ls-section  page-titre\" >\r\n        <div class=\"container container--wide\">\r\n        \n\n<h1 class=\"ls__heading wp-block-heading has-text-align-center has-color-4-color has-text-color has-link-color wp-elements-383e75870278a82f8fa0dd1f1189e5c8\">  Camping de calidad Aquitania Pa\u00eds Vasco<\/h1>\n\n\r\n    <\/div>\r\n<\/section><section id=\"ls-section-block_0f89c2d4718be9501fb3ef234d7a11e1\" class=\"ls-section  home-first page-one has-p-b p-b-14\" >\r\n        <div class=\"container container--wide\">\r\n        \n\n<div class=\"wp-block-columns is-layout-flex wp-container-core-columns-is-layout-9d6595d7 wp-block-columns-is-layout-flex\">\n<div class=\"wp-block-column is-layout-flow wp-block-column-is-layout-flow\" style=\"flex-basis:33.33%\">\n<div class=\"wp-block-columns is-layout-flex wp-container-core-columns-is-layout-9d6595d7 wp-block-columns-is-layout-flex\">\n<div class=\"wp-block-column column-border is-layout-flow wp-block-column-is-layout-flow\">\n<h2 class=\"ls__heading wp-block-heading has-color-1-color has-text-color has-link-color wp-elements-c095d5b1ab0eb7f2b54905c3c64b2012\">\u00bfQu\u00e9 es la etiqueta Camping Qualit\u00e9?  <\/h2>\n\n\n\n<p class=\"ls-paragraph\">En la actualidad hay varios miles de hoteles al aire libre en Francia. Mientras que los campings sol\u00edan asociarse a vacaciones de gama baja, estos establecimientos familiares se han convertido ahora en alojamientos de lujo. Los campings se esfuerzan por adoptar un <strong>enfoque de calidad<\/strong> para atraer cada vez a m\u00e1s veraneantes. Elegir el camping adecuado es esencial para que las vacaciones sean un \u00e9xito.   <\/p>\n\n\n\n<p class=\"ls-paragraph\">Afortunadamente, ahora existen <strong>etiquetas de calidad<\/strong> para facilitarte la b\u00fasqueda. La <strong>etiqueta Camping Qualit\u00e9<\/strong> es una de ellas. Certifica la <strong>calidad de un hotel al aire libre<\/strong> tanto en t\u00e9rminos medioambientales como de servicios. Al adherirse a la <strong>Carta Camping Qualit\u00e9<\/strong>, los gestores de los hoteles al aire libre deben cumplir m\u00e1s de 600 criterios, entre ellos: una acogida c\u00e1lida y cordial, una limpieza irreprochable, una informaci\u00f3n veraz y precisa, una parcela privada y un entorno preservado y respetado. Es la garant\u00eda de una estancia en un camping <strong>reconocido por estas cualidades<\/strong>. Un <strong>camping con la etiqueta Camping Qualit\u00e9<\/strong> responde a las exigencias de los veraneantes. Para mejorar y garantizar unos servicios cada vez m\u00e1s satisfactorios, estos campings se someten a controles de calidad peri\u00f3dicos.      <\/p>\n\n\n\n<figure class=\"wp-block-image size-full\"><img loading=\"lazy\" decoding=\"async\" width=\"240\" height=\"240\" src=\"https:\/\/www.camping-erromardie.com\/wp-content\/uploads\/2025\/04\/camping-qualite-pays-basque-2-edited.png\" alt=\"camping qualite pays basque 2\" class=\"wp-image-15672\" srcset=\"https:\/\/www.camping-erromardie.com\/wp-content\/uploads\/2025\/04\/camping-qualite-pays-basque-2-edited.png 240w, https:\/\/www.camping-erromardie.com\/wp-content\/uploads\/2025\/04\/camping-qualite-pays-basque-2-edited-150x150.png 150w\" sizes=\"auto, (max-width: 240px) 100vw, 240px\" \/><\/figure>\n<\/div>\n<\/div>\n<\/div>\n\n\n\n<div class=\"wp-block-column is-layout-flow wp-block-column-is-layout-flow\" style=\"flex-basis:66.66%\">\n<figure class=\"wp-block-gallery has-nested-images columns-default is-cropped wp-block-gallery-1 is-layout-flex wp-block-gallery-is-layout-flex\">\n<figure class=\"wp-block-image size-full animated fadeIn delay-200ms\"><a href=\"https:\/\/www.camping-erromardie.com\/wp-content\/uploads\/2025\/04\/Accueil-camping-Erromardie.jpg\"><img loading=\"lazy\" decoding=\"async\" width=\"2022\" height=\"1350\" data-id=\"17130\" src=\"https:\/\/www.camping-erromardie.com\/wp-content\/uploads\/2025\/04\/Accueil-camping-Erromardie.jpg\" alt=\"Camping Erromardie\" class=\"wp-image-17130\" srcset=\"https:\/\/www.camping-erromardie.com\/wp-content\/uploads\/2025\/04\/Accueil-camping-Erromardie.jpg 2022w, https:\/\/www.camping-erromardie.com\/wp-content\/uploads\/2025\/04\/Accueil-camping-Erromardie-300x200.jpg 300w, https:\/\/www.camping-erromardie.com\/wp-content\/uploads\/2025\/04\/Accueil-camping-Erromardie-1024x684.jpg 1024w, https:\/\/www.camping-erromardie.com\/wp-content\/uploads\/2025\/04\/Accueil-camping-Erromardie-768x513.jpg 768w, https:\/\/www.camping-erromardie.com\/wp-content\/uploads\/2025\/04\/Accueil-camping-Erromardie-1536x1026.jpg 1536w\" sizes=\"auto, (max-width: 2022px) 100vw, 2022px\" \/><\/a><\/figure>\n\n\n\n<figure class=\"wp-block-image size-full animated fadeIn\"><a href=\"https:\/\/www.camping-erromardie.com\/wp-content\/uploads\/2025\/04\/Ferme-Erromardie-selection-GT-etalo42.webp\"><img loading=\"lazy\" decoding=\"async\" width=\"2395\" height=\"1600\" data-id=\"14256\" src=\"https:\/\/www.camping-erromardie.com\/wp-content\/uploads\/2025\/04\/Ferme-Erromardie-selection-GT-etalo42.webp\" alt=\"Granja Erromardie selecci&#xF3;n GT etalo42\" class=\"wp-image-14256\" srcset=\"https:\/\/www.camping-erromardie.com\/wp-content\/uploads\/2025\/04\/Ferme-Erromardie-selection-GT-etalo42.webp 2395w, https:\/\/www.camping-erromardie.com\/wp-content\/uploads\/2025\/04\/Ferme-Erromardie-selection-GT-etalo42-300x200.webp 300w, https:\/\/www.camping-erromardie.com\/wp-content\/uploads\/2025\/04\/Ferme-Erromardie-selection-GT-etalo42-1024x684.webp 1024w, https:\/\/www.camping-erromardie.com\/wp-content\/uploads\/2025\/04\/Ferme-Erromardie-selection-GT-etalo42-768x513.webp 768w, https:\/\/www.camping-erromardie.com\/wp-content\/uploads\/2025\/04\/Ferme-Erromardie-selection-GT-etalo42-1536x1026.webp 1536w, https:\/\/www.camping-erromardie.com\/wp-content\/uploads\/2025\/04\/Ferme-Erromardie-selection-GT-etalo42-2048x1368.webp 2048w\" sizes=\"auto, (max-width: 2395px) 100vw, 2395px\" \/><\/a><\/figure>\n<\/figure>\n<\/div>\n<\/div>\n\n\r\n    <\/div>\r\n<\/section><section id=\"ls-section-block_fbedadc46f4b5b7fde48499984eadf45\" class=\"ls-section  page-cta\" >\r\n        <div class=\"container container--wide\">\r\n        \n\n<div id=\"ls-heading ls-titre-div-block_493e769145ae3c33b97374d97bd9a71c\" class=\"ls-titre-div aligncenter h2-like has-text-color has-color-1-color\" >\n    Vacaciones baratas en el Pa\u00eds Vasco<\/div>\n\n\n\n<div id=\"ls-maillage-block_958c3f45e46b5a26bb810b51929e2824\" class=\"ls-maillage cta-style-normal\" data-rows=\"3\">\n\n    <div class=\"wp-block-columns\"><div class=\"wp-block-column\">\n\n<a href=\"https:\/\/www.camping-erromardie.com\/es\/camping-vacaf\/\" target=\"\" rel=\"noopener\" class=\"ls-cta__link\" data-categ=\"\">\n\t<div class=\"ls-cta__image\"><img decoding=\"async\" src=\"https:\/\/www.camping-erromardie.com\/wp-content\/uploads\/2025\/04\/Vacaf.jpg\" alt=\"\"><\/div>\n\t<div class=\"ls-cta__title\">\n\t\tCamping Vacaf Pa\u00eds Vasco\t<\/div>\n\n\t<\/a><\/div><div class=\"wp-block-column\">\n\n<a href=\"https:\/\/www.camping-erromardie.com\/es\/camping-barato-en-el-pais-vasco\/\" target=\"\" rel=\"noopener\" class=\"ls-cta__link\" data-categ=\"\">\n\t<div class=\"ls-cta__image\"><img decoding=\"async\" src=\"https:\/\/www.camping-erromardie.com\/wp-content\/uploads\/2025\/04\/camping-saint-jean-de-luz-la-ferme-erromardie-pays-basque.jpg\" alt=\"Tarifas\"><\/div>\n\t<div class=\"ls-cta__title\">\n\t\tTarifas\t<\/div>\n\n\t<\/a><\/div><div class=\"wp-block-column\">\n\n<a href=\"https:\/\/www.camping-erromardie.com\/es\/camping-acsi\/\" target=\"\" rel=\"noopener\" class=\"ls-cta__link\" data-categ=\"\">\n\t<div class=\"ls-cta__image\"><img decoding=\"async\" src=\"https:\/\/www.camping-erromardie.com\/wp-content\/uploads\/2025\/04\/Acsi.jpg\" alt=\"\"><\/div>\n\t<div class=\"ls-cta__title\">\n\t\tCamping Acsi\t<\/div>\n\n\t<\/a><\/div><\/div>\n<\/div>\n\r\n    <\/div>\r\n<\/section><section id=\"ls-section-block_1417fa223bbfbdd69f6c7a2b5f95137f\" class=\"ls-section  home-first page-two has-background has-color-6-background-color\" >\r\n        <div class=\"container container--wide\">\r\n        \n\n<div class=\"wp-block-columns is-layout-flex wp-container-core-columns-is-layout-9d6595d7 wp-block-columns-is-layout-flex\">\n<div class=\"wp-block-column is-layout-flow wp-block-column-is-layout-flow\" style=\"flex-basis:66.66%\">\n<figure class=\"wp-block-gallery has-nested-images columns-default is-cropped wp-block-gallery-2 is-layout-flex wp-block-gallery-is-layout-flex\">\n<figure class=\"wp-block-image size-full animated fadeIn delay-200ms\"><a href=\"https:\/\/www.camping-erromardie.com\/wp-content\/uploads\/2025\/04\/Camping-Erromardie-61.jpg\"><img loading=\"lazy\" decoding=\"async\" width=\"750\" height=\"1000\" data-id=\"15684\" src=\"https:\/\/www.camping-erromardie.com\/wp-content\/uploads\/2025\/04\/Camping-Erromardie-61.jpg\" alt=\"Camping Erromardie 61\" class=\"wp-image-15684\" srcset=\"https:\/\/www.camping-erromardie.com\/wp-content\/uploads\/2025\/04\/Camping-Erromardie-61.jpg 750w, https:\/\/www.camping-erromardie.com\/wp-content\/uploads\/2025\/04\/Camping-Erromardie-61-225x300.jpg 225w\" sizes=\"auto, (max-width: 750px) 100vw, 750px\" \/><\/a><\/figure>\n\n\n\n<figure class=\"wp-block-image size-full animated fadeIn\"><a href=\"https:\/\/www.camping-erromardie.com\/wp-content\/uploads\/2025\/04\/Location-emplacement-camping-car-en-famille.jpg\"><img loading=\"lazy\" decoding=\"async\" width=\"2026\" height=\"1350\" data-id=\"17135\" src=\"https:\/\/www.camping-erromardie.com\/wp-content\/uploads\/2025\/04\/Location-emplacement-camping-car-en-famille.jpg\" alt=\"Alquiler de autocaravanas para familias\" class=\"wp-image-17135\" srcset=\"https:\/\/www.camping-erromardie.com\/wp-content\/uploads\/2025\/04\/Location-emplacement-camping-car-en-famille.jpg 2026w, https:\/\/www.camping-erromardie.com\/wp-content\/uploads\/2025\/04\/Location-emplacement-camping-car-en-famille-300x200.jpg 300w, https:\/\/www.camping-erromardie.com\/wp-content\/uploads\/2025\/04\/Location-emplacement-camping-car-en-famille-1024x682.jpg 1024w, https:\/\/www.camping-erromardie.com\/wp-content\/uploads\/2025\/04\/Location-emplacement-camping-car-en-famille-768x512.jpg 768w, https:\/\/www.camping-erromardie.com\/wp-content\/uploads\/2025\/04\/Location-emplacement-camping-car-en-famille-1536x1023.jpg 1536w\" sizes=\"auto, (max-width: 2026px) 100vw, 2026px\" \/><\/a><\/figure>\n<\/figure>\n<\/div>\n\n\n\n<div class=\"wp-block-column is-layout-flow wp-block-column-is-layout-flow\" style=\"flex-basis:33.33%\">\n<div class=\"wp-block-columns is-layout-flex wp-container-core-columns-is-layout-9d6595d7 wp-block-columns-is-layout-flex\">\n<div class=\"wp-block-column column-border is-layout-flow wp-block-column-is-layout-flow\">\n<h2 class=\"ls__heading wp-block-heading has-color-1-color has-text-color has-link-color wp-elements-59104b98915ef3af645d51bf35eab64f\">Camping Erromardie, un camping de calidad en el Pa\u00eds Vasco<br\/><\/h2>\n\n\n\n<p class=\"ls-paragraph\">Situado en la encantadora localidad costera de <strong>San Juan de Luz<\/strong>, el Camping Erromardie **** es un <strong>Camping de Calidad en el Pa\u00eds Vasco<\/strong>. Como<strong>establecimiento con sello de<\/strong> calidad, te damos la bienvenida a un entorno natural preservado y respetado. Nuestro camping est\u00e1 situado en un entorno verde frente a la playa de Erromadie, para que puedas disfrutar del aire marino y de las playas de la costa vasca durante tu estancia. Un equipo c\u00e1lido y amable te dar\u00e1 la bienvenida y te proporcionar\u00e1 toda la informaci\u00f3n que necesites para organizar tu estancia. Tus vacaciones en el Pa\u00eds Vasco transcurrir\u00e1n en un camping que realmente puede ofrecerte un servicio satisfactorio. Nuestro camping dispone de varias gamas de mobil homes. Cada una de ellas ofrece el m\u00e1ximo confort con todas las instalaciones esenciales para que tu estancia sea lo m\u00e1s agradable posible. Se trata principalmente de unidades de alquiler y equipamiento de calidad. Tambi\u00e9n hay parcelas para tiendas, autocaravanas y caravanas para los campistas tradicionales. Tambi\u00e9n tendr\u00e1s acceso a instalaciones de alta calidad. Entre los servicios adicionales se incluyen una piscina cubierta climatizada a la que se puede acceder con cualquier tiempo, conexi\u00f3n Wi-Fi gratuita, cafeter\u00eda, bar, restaurante, comidas para llevar y una gran variedad de espect\u00e1culos&#8230;          <\/p>\n<\/div>\n<\/div>\n<\/div>\n<\/div>\n\n\r\n    <\/div>\r\n<\/section><section id=\"ls-section-block_fbedadc46f4b5b7fde48499984eadf45\" class=\"ls-section  page-cta\" >\r\n        <div class=\"container container--wide\">\r\n        \n\n<div id=\"ls-heading ls-titre-div-block_1db024be2ee1393f0af8aaf27f57aa05\" class=\"ls-titre-div aligncenter h2-like has-text-color has-color-1-color\" >\n    4 razones para elegir el camping la Ferme Erromardie :<\/div>\n\n\n\n<div id=\"ls-maillage-block_6d9468daa667cf30613a6b1218272330\" class=\"ls-maillage cta-style-normal\" data-rows=\"4\">\n\n    <div class=\"wp-block-columns\"><div class=\"wp-block-column\">\n\n<a href=\"https:\/\/www.camping-erromardie.com\/es\/camping-pais-vasco-orillas-del-mar\/\" target=\"\" rel=\"noopener\" class=\"ls-cta__link\" data-categ=\"\">\n\t<div class=\"ls-cta__image\"><img decoding=\"async\" src=\"https:\/\/www.camping-erromardie.com\/wp-content\/uploads\/2025\/04\/Erromardie-88.jpg\" alt=\"\"><\/div>\n\t<div class=\"ls-cta__title\">\n\t\tA orillas del mar\t<\/div>\n\n\t<\/a><\/div><div class=\"wp-block-column\">\n\n<a href=\"https:\/\/www.camping-erromardie.com\/es\/4-estrellas-camping-pais-vasco\/\" target=\"\" rel=\"noopener\" class=\"ls-cta__link\" data-categ=\"\">\n\t<div class=\"ls-cta__image\"><img decoding=\"async\" src=\"https:\/\/www.camping-erromardie.com\/wp-content\/uploads\/2025\/04\/Camping-Erromardie-46.jpg\" alt=\"\"><\/div>\n\t<div class=\"ls-cta__title\">\n\t\tServicios\t<\/div>\n\n\t<\/a><\/div><div class=\"wp-block-column\">\n\n<a href=\"https:\/\/www.camping-erromardie.com\/es\/camping-ocio-pais-vasco\/\" target=\"\" rel=\"noopener\" class=\"ls-cta__link\" data-categ=\"\">\n\t<div class=\"ls-cta__image\"><img decoding=\"async\" src=\"https:\/\/www.camping-erromardie.com\/wp-content\/uploads\/2025\/04\/Camping-Erromardie-61_1.jpg\" alt=\"\"><\/div>\n\t<div class=\"ls-cta__title\">\n\t\tEntretenimiento\t<\/div>\n\n\t<\/a><\/div><div class=\"wp-block-column\">\n\n<a href=\"https:\/\/www.camping-erromardie.com\/es\/acampar-pais-con-piscina-vasco\/\" target=\"\" rel=\"noopener\" class=\"ls-cta__link\" data-categ=\"\">\n\t<div class=\"ls-cta__image\"><img decoding=\"async\" src=\"https:\/\/www.camping-erromardie.com\/wp-content\/uploads\/2025\/04\/camping-avec-piscine-au-pays-basque.jpg\" alt=\"\"><\/div>\n\t<div class=\"ls-cta__title\">\n\t\tPiscina\t<\/div>\n\n\t<\/a><\/div><\/div>\n<\/div>\n\r\n    <\/div>\r\n<\/section>","protected":false},"excerpt":{"rendered":"","protected":false},"author":1,"featured_media":17068,"parent":0,"menu_order":46,"comment_status":"closed","ping_status":"closed","template":"","meta":{"_acf_changed":false,"_seopress_robots_primary_cat":"","_seopress_titles_title":"Campings de calidad en el Pa\u00eds Vasco, camping con label de calidad San Juan de Luz","_seopress_titles_desc":"El camping Ferme d'Erromardie ha obtenido la etiqueta Camping Qualit\u00e9, lo que te garantiza una estancia de calidad en San Juan de Luz.","_seopress_robots_index":"","footnotes":""},"sujet":[],"class_list":["post-18050","page","type-page","status-publish","has-post-thumbnail","hentry"],"acf":[],"_links":{"self":[{"href":"https:\/\/www.camping-erromardie.com\/es\/wp-json\/wp\/v2\/pages\/18050","targetHints":{"allow":["GET"]}}],"collection":[{"href":"https:\/\/www.camping-erromardie.com\/es\/wp-json\/wp\/v2\/pages"}],"about":[{"href":"https:\/\/www.camping-erromardie.com\/es\/wp-json\/wp\/v2\/types\/page"}],"author":[{"embeddable":true,"href":"https:\/\/www.camping-erromardie.com\/es\/wp-json\/wp\/v2\/users\/1"}],"replies":[{"embeddable":true,"href":"https:\/\/www.camping-erromardie.com\/es\/wp-json\/wp\/v2\/comments?post=18050"}],"version-history":[{"count":3,"href":"https:\/\/www.camping-erromardie.com\/es\/wp-json\/wp\/v2\/pages\/18050\/revisions"}],"predecessor-version":[{"id":19542,"href":"https:\/\/www.camping-erromardie.com\/es\/wp-json\/wp\/v2\/pages\/18050\/revisions\/19542"}],"wp:featuredmedia":[{"embeddable":true,"href":"https:\/\/www.camping-erromardie.com\/es\/wp-json\/wp\/v2\/media\/17068"}],"wp:attachment":[{"href":"https:\/\/www.camping-erromardie.com\/es\/wp-json\/wp\/v2\/media?parent=18050"}],"wp:term":[{"taxonomy":"sujet","embeddable":true,"href":"https:\/\/www.camping-erromardie.com\/es\/wp-json\/wp\/v2\/sujet?post=18050"}],"curies":[{"name":"wp","href":"https:\/\/api.w.org\/{rel}","templated":true}]}}