{"id":18042,"date":"2025-04-17T01:23:09","date_gmt":"2025-04-16T23:23:09","guid":{"rendered":"https:\/\/www.camping-erromardie.com\/camping-vacaf-pays-basque\/"},"modified":"2025-06-12T11:41:27","modified_gmt":"2025-06-12T09:41:27","slug":"camping-vacaf","status":"publish","type":"page","link":"https:\/\/www.camping-erromardie.com\/es\/camping-vacaf\/","title":{"rendered":"Camping Vacaf Pa\u00eds Vasco"},"content":{"rendered":"<section id=\"ls-section-block_e3312a98c67d1b7353ff3b8934da6087\" class=\"ls-section  page-titre\" >\r\n        <div class=\"container container--wide\">\r\n        \n\n<h1 class=\"ls__heading wp-block-heading has-text-align-center has-color-4-color has-text-color has-link-color wp-elements-f624fdd4f78ac4ac823dec3719df7218\">Camping Vacaf Pa\u00eds Vasco<\/h1>\n\n\n\n<p class=\"ls-paragraph has-text-align-center\">En el Pa\u00eds Vasco, el camping para caravanas <a href=\"https:\/\/www.camping-erromardie.com\/es\/\" data-type=\"page\" data-id=\"270\">Ferme Er<\/a> romardie es un <strong>camping acreditado Vacaf<\/strong>, lo que significa que acepta <strong>vales caf<\/strong> para <strong>vacaciones baratas en camping en el Pa\u00eds Vasco<\/strong>. Situado frente a la playa de Erromardie, en el barrio del mismo nombre, el camping de 4 estrellas Ferme Erromardie est\u00e1 a dos pasos del centro de San Juan de Luz. Te abre sus puertas de marzo a septiembre en un entorno verde. Este <a href=\"https:\/\/www.camping-erromardie.com\/es\/camping-barato-en-el-pais-vasco\/\" data-type=\"page\" data-id=\"310\">camping econ\u00f3mico<\/a> se extiende a lo largo de la playa de Erromardie durante 300 metros. Es un camping familiar, ideal para explorar los Pirineos Atl\u00e1nticos. Frente al oc\u00e9ano Atl\u00e1ntico, el camping para caravanas Ferme Erromardie es tambi\u00e9n un punto de partida ideal para descubrir la Costa Vasca e incluso el interior del Pa\u00eds Vasco.     <\/p>\n\n\r\n    <\/div>\r\n<\/section><section id=\"ls-section-block_cfc5c3d7e43c9bf8e3c7763401b3f435\" class=\"ls-section  home-first page-one has-p-b p-b-14\" >\r\n        <div class=\"container container--wide\">\r\n        \n\n<div class=\"wp-block-columns is-layout-flex wp-container-core-columns-is-layout-9d6595d7 wp-block-columns-is-layout-flex\">\n<div class=\"wp-block-column is-layout-flow wp-block-column-is-layout-flow\" style=\"flex-basis:33.33%\">\n<div class=\"wp-block-columns is-layout-flex wp-container-core-columns-is-layout-9d6595d7 wp-block-columns-is-layout-flex\">\n<div class=\"wp-block-column column-border is-layout-flow wp-block-column-is-layout-flow\">\n<h2 class=\"ls__heading wp-block-heading has-color-1-color has-text-color has-link-color wp-elements-38be34728d72bf296f3a97aefd58c1a1\">Un c\u00e1mping colaborador social de Caf en el Pa\u00eds Vasco<\/h2>\n\n\n\n<p class=\"ls-paragraph\">El camping de 4 estrellas La Ferme Erromardie es un <strong>camping acreditado por la VACAF en el Pa\u00eds Vasco<\/strong>. La certificaci\u00f3n VACAF significa que <strong>los beneficiarios de la caja de prestaciones familiares<\/strong> pueden alojarse en un establecimiento de alojamiento tur\u00edstico. Las familias interesadas pueden alojarse individualmente o como parte de un grupo organizado por un responsable de proyecto, como la <strong>CAF<\/strong>, una asociaci\u00f3n, la CCAS, etc. Porque las vacaciones deben ser <strong>accesibles a todos<\/strong>, los campings autorizados por el VACAF permiten a las personas con <strong>rentas<\/strong> bajas irse de vacaciones. Las vacaciones en los campings familiares homologados vacaf son una oportunidad para compartir momentos de convivencia, admirar paisajes magn\u00edficos, acercarse a la naturaleza y, sobre todo, descubrir nuevas regiones y conocer gente nueva.    <\/p>\n\n\n\n<h2 class=\"ls__heading wp-block-heading has-color-1-color has-text-color has-link-color wp-elements-edc6b46faa124168df2b0bc2a712b5ad\">Alquiler de mobil-homes econ\u00f3micos en el Pa\u00eds Vasco<\/h2>\n\n\n\n<p class=\"ls-paragraph\">Homologado por Vacaf, el parque de caravanas Ferme Erromardie de San Juan de Luz, en el Pa\u00eds Vasco, ofrece una variada gama de 47 mobil homes de alquiler, con capacidad de dos a seis personas. Todos los alquileres de mobil homes en el Pa\u00eds Vasco son recientes. Tienen de uno a tres dormitorios, un cuarto de ba\u00f1o con ducha, lavabo e inodoro separado, una zona de cocina y una zona de estar. Algunos modelos tambi\u00e9n tienen zona de comedor y terraza. Todos los alquileres est\u00e1n equipados tambi\u00e9n con TV. Se proporcionan almohadas, mantas y edredones.     <\/p>\n<\/div>\n<\/div>\n<\/div>\n\n\n\n<div class=\"wp-block-column is-layout-flow wp-block-column-is-layout-flow\" style=\"flex-basis:66.66%\">\n<figure class=\"wp-block-gallery has-nested-images columns-default is-cropped wp-block-gallery-1 is-layout-flex wp-block-gallery-is-layout-flex\">\n<figure class=\"wp-block-image size-full animated fadeIn delay-200ms\"><a href=\"https:\/\/www.camping-erromardie.com\/wp-content\/uploads\/2025\/04\/DSC_7071.jpg\"><img loading=\"lazy\" decoding=\"async\" width=\"1000\" height=\"668\" data-id=\"15736\" src=\"https:\/\/www.camping-erromardie.com\/wp-content\/uploads\/2025\/04\/DSC_7071.jpg\" alt=\"DSC 7071\" class=\"wp-image-15736\" srcset=\"https:\/\/www.camping-erromardie.com\/wp-content\/uploads\/2025\/04\/DSC_7071.jpg 1000w, https:\/\/www.camping-erromardie.com\/wp-content\/uploads\/2025\/04\/DSC_7071-300x200.jpg 300w, https:\/\/www.camping-erromardie.com\/wp-content\/uploads\/2025\/04\/DSC_7071-768x513.jpg 768w\" sizes=\"auto, (max-width: 1000px) 100vw, 1000px\" \/><\/a><\/figure>\n\n\n\n<figure class=\"wp-block-image size-full animated fadeIn\"><a href=\"https:\/\/www.camping-erromardie.com\/wp-content\/uploads\/2025\/04\/chambre-enfant-mobil-home-2.jpg\"><img loading=\"lazy\" decoding=\"async\" width=\"1335\" height=\"2000\" data-id=\"15401\" src=\"https:\/\/www.camping-erromardie.com\/wp-content\/uploads\/2025\/04\/chambre-enfant-mobil-home-2.jpg\" alt=\"dormitorio infantil casa m&#xF3;vil\" class=\"wp-image-15401\" srcset=\"https:\/\/www.camping-erromardie.com\/wp-content\/uploads\/2025\/04\/chambre-enfant-mobil-home-2.jpg 1335w, https:\/\/www.camping-erromardie.com\/wp-content\/uploads\/2025\/04\/chambre-enfant-mobil-home-2-200x300.jpg 200w, https:\/\/www.camping-erromardie.com\/wp-content\/uploads\/2025\/04\/chambre-enfant-mobil-home-2-684x1024.jpg 684w, https:\/\/www.camping-erromardie.com\/wp-content\/uploads\/2025\/04\/chambre-enfant-mobil-home-2-768x1151.jpg 768w, https:\/\/www.camping-erromardie.com\/wp-content\/uploads\/2025\/04\/chambre-enfant-mobil-home-2-1025x1536.jpg 1025w\" sizes=\"auto, (max-width: 1335px) 100vw, 1335px\" \/><\/a><\/figure>\n<\/figure>\n<\/div>\n<\/div>\n\n\r\n    <\/div>\r\n<\/section><section id=\"ls-section-block_9fe0237f5d8bf014e4739ac36f80f3ea\" class=\"ls-section  page-cta has-p-t p-t-14\" >\r\n        <div class=\"container container--wide\">\r\n        \n\n<div id=\"ls-heading ls-titre-div-block_96135b46394d0013235cccaf61b073e7\" class=\"ls-titre-div aligncenter h2-like has-text-color has-color-1-color\" >\n    Vacaciones baratas en el Pa\u00eds Vasco<\/div>\n\n\n\n<div id=\"ls-maillage-block_78460a1e5052ce9b953819aa859ed633\" class=\"ls-maillage cta-style-normal\" data-rows=\"3\">\n\n    <div class=\"wp-block-columns\"><div class=\"wp-block-column\">\n\n<a href=\"https:\/\/www.camping-erromardie.com\/es\/camping-qualite\/\" target=\"\" rel=\"noopener\" class=\"ls-cta__link\" data-categ=\"\">\n\t<div class=\"ls-cta__image\"><img decoding=\"async\" src=\"https:\/\/www.camping-erromardie.com\/wp-content\/uploads\/2025\/04\/Camping-qualite.jpg\" alt=\"\"><\/div>\n\t<div class=\"ls-cta__title\">\n\t\tCalidad de acampada\t<\/div>\n\n\t<\/a><\/div><div class=\"wp-block-column\">\n\n<a href=\"https:\/\/www.camping-erromardie.com\/es\/camping-barato-en-el-pais-vasco\/\" target=\"\" rel=\"noopener\" class=\"ls-cta__link\" data-categ=\"\">\n\t<div class=\"ls-cta__image\"><img decoding=\"async\" src=\"https:\/\/www.camping-erromardie.com\/wp-content\/uploads\/2025\/04\/camping-saint-jean-de-luz-la-ferme-erromardie-pays-basque.jpg\" alt=\"Tarifas\"><\/div>\n\t<div class=\"ls-cta__title\">\n\t\tTarifas\t<\/div>\n\n\t<\/a><\/div><div class=\"wp-block-column\">\n\n<a href=\"https:\/\/www.camping-erromardie.com\/es\/camping-acsi\/\" target=\"\" rel=\"noopener\" class=\"ls-cta__link\" data-categ=\"\">\n\t<div class=\"ls-cta__image\"><img decoding=\"async\" src=\"https:\/\/www.camping-erromardie.com\/wp-content\/uploads\/2025\/04\/Acsi.jpg\" alt=\"\"><\/div>\n\t<div class=\"ls-cta__title\">\n\t\tCamping Acsi\t<\/div>\n\n\t<\/a><\/div><\/div>\n<\/div>\n\r\n    <\/div>\r\n<\/section><section id=\"ls-section-block_ea9f4d9179f201c9e89306408bd182cf\" class=\"ls-section  home-first page-two has-background has-color-6-background-color\" >\r\n        <div class=\"container container--wide\">\r\n        \n\n<div class=\"wp-block-columns is-layout-flex wp-container-core-columns-is-layout-9d6595d7 wp-block-columns-is-layout-flex\">\n<div class=\"wp-block-column is-layout-flow wp-block-column-is-layout-flow\" style=\"flex-basis:66.66%\">\n<figure class=\"wp-block-gallery has-nested-images columns-default is-cropped wp-block-gallery-2 is-layout-flex wp-block-gallery-is-layout-flex\">\n<figure class=\"wp-block-image size-full animated fadeIn\"><a href=\"https:\/\/www.camping-erromardie.com\/wp-content\/uploads\/2025\/04\/Camping-Erromardie-44_1.jpg\"><img loading=\"lazy\" decoding=\"async\" width=\"1013\" height=\"1350\" data-id=\"12208\" src=\"https:\/\/www.camping-erromardie.com\/wp-content\/uploads\/2025\/04\/Camping-Erromardie-44_1.jpg\" alt=\"Camping Erromardie 44 1\" class=\"wp-image-12208\" srcset=\"https:\/\/www.camping-erromardie.com\/wp-content\/uploads\/2025\/04\/Camping-Erromardie-44_1.jpg 1013w, https:\/\/www.camping-erromardie.com\/wp-content\/uploads\/2025\/04\/Camping-Erromardie-44_1-225x300.jpg 225w, https:\/\/www.camping-erromardie.com\/wp-content\/uploads\/2025\/04\/Camping-Erromardie-44_1-768x1023.jpg 768w\" sizes=\"auto, (max-width: 1013px) 100vw, 1013px\" \/><\/a><\/figure>\n\n\n\n<figure class=\"wp-block-image size-full animated fadeIn\"><a href=\"https:\/\/www.camping-erromardie.com\/wp-content\/uploads\/2025\/04\/Erromardie-92-1.jpg\"><img loading=\"lazy\" decoding=\"async\" width=\"2026\" height=\"1350\" data-id=\"12185\" src=\"https:\/\/www.camping-erromardie.com\/wp-content\/uploads\/2025\/04\/Erromardie-92-1.jpg\" alt=\"Erromardie (92)\" class=\"wp-image-12185\" srcset=\"https:\/\/www.camping-erromardie.com\/wp-content\/uploads\/2025\/04\/Erromardie-92-1.jpg 2026w, https:\/\/www.camping-erromardie.com\/wp-content\/uploads\/2025\/04\/Erromardie-92-1-300x200.jpg 300w, https:\/\/www.camping-erromardie.com\/wp-content\/uploads\/2025\/04\/Erromardie-92-1-1024x682.jpg 1024w, https:\/\/www.camping-erromardie.com\/wp-content\/uploads\/2025\/04\/Erromardie-92-1-768x512.jpg 768w, https:\/\/www.camping-erromardie.com\/wp-content\/uploads\/2025\/04\/Erromardie-92-1-1536x1023.jpg 1536w\" sizes=\"auto, (max-width: 2026px) 100vw, 2026px\" \/><\/a><\/figure>\n<\/figure>\n<\/div>\n\n\n\n<div class=\"wp-block-column is-layout-flow wp-block-column-is-layout-flow\" style=\"flex-basis:33.33%\">\n<div class=\"wp-block-columns is-layout-flex wp-container-core-columns-is-layout-9d6595d7 wp-block-columns-is-layout-flex\">\n<div class=\"wp-block-column column-border is-layout-flow wp-block-column-is-layout-flow\">\n<h2 class=\"ls__heading wp-block-heading has-color-1-color has-text-color has-link-color wp-elements-091ec7e6926fac492cf61ca547f4a011\">Visita el Pa\u00eds Vasco con los bonos VACAF<\/h2>\n\n\n\n<p class=\"ls-paragraph\"><strong>Los vales Vacaf<\/strong> permiten a las personas econ\u00f3micamente vulnerables irse de vacaciones. Gracias a los vales Vacaf, pueden visitar y descubrir el Pa\u00eds Vasco, tierra de tradici\u00f3n, cultura y convivencia, aloj\u00e1ndose en un camping Vacaf Sud. Es un rinc\u00f3n de Francia donde te sientes como un extranjero. El Pa\u00eds Vasco forma parte del departamento de los Pirineos Atl\u00e1nticos, que incluye el B\u00e9arn. Est\u00e1 en el extremo suroeste de Francia y se extiende al sur del r\u00edo Adour, entre la costa atl\u00e1ntica, los Pirineos y B\u00e9arn. Gracias a su historia, patrimonio y cultura, el Pa\u00eds Vasco tiene una fuerte identidad. Un viaje al Pa\u00eds Vasco significa un viaje al coraz\u00f3n de la cultura vasca, con sus canciones, su lengua, sus danzas y su gastronom\u00eda. En la fachada mar\u00edtima del Pa\u00eds Vasco, estaciones balnearias de renombre como San Juan de Luz y Biarritz te dan la bienvenida. En el interior, encontrar\u00e1s algunos de los pueblos m\u00e1s bellos de Francia, como A\u00efnhoa, Espelette y Sare. Visitar el Pa\u00eds Vasco significa descubrir las especialidades culinarias de la regi\u00f3n. La gastronom\u00eda vasca es famosa por su calidad y refinamiento. Prueba el delicioso ttoro, una sopa tradicional vasca de pescadores, o el axoa, otra especialidad del interior, un guiso de ternera condimentado con pimiento de Espelette, sin olvidar el pastel vasco, el macarr\u00f3n y el vino de manzana sagarno.           <\/p>\n\n\n\n<h2 class=\"ls__heading wp-block-heading has-color-1-color has-text-color has-link-color wp-elements-a5041821bbcf5c0f8f03503e4cba4739\">Reserva tus vacaciones en el Pa\u00eds Vasco con VACAF<\/h2>\n\n\n\n<p class=\"ls-paragraph\">\u00bfQuieres irte de vacaciones de camping con vacaf al Pa\u00eds Vasco y eres beneficiario del CAF para tus vacaciones? Reserva tus vacaciones en el Pa\u00eds Vasco pagando un anticipo del 30% del coste total de las vacaciones mediante tarjeta de cr\u00e9dito y marcando tambi\u00e9n la casilla de pago de la subvenci\u00f3n VACAF. Esto te permite bloquear tu estancia. Una vez que tu solicitud haya sido aceptada por el VACAF, la subvenci\u00f3n Vacaf se aplicar\u00e1 a tu reserva.   <\/p>\n<\/div>\n<\/div>\n<\/div>\n<\/div>\n\n\r\n    <\/div>\r\n<\/section><section id=\"ls-section-block_6c31910663198896dd8cdf9d153eb46c\" class=\"ls-section  page-cta\" >\r\n        <div class=\"container container--wide\">\r\n        \n\n<div id=\"ls-heading ls-titre-div-block_7fedb86f73c490fb8495f88c023479be\" class=\"ls-titre-div aligncenter h2-like has-text-color has-color-1-color\" >\n    4 razones para elegir el camping la Ferme Erromardie :<\/div>\n\n\n\n<div id=\"ls-maillage-block_5a8d8a98be72f85fa3de7e1a97b9f599\" class=\"ls-maillage cta-style-normal\" data-rows=\"4\">\n\n    <div class=\"wp-block-columns\"><div class=\"wp-block-column\">\n\n<a href=\"https:\/\/www.camping-erromardie.com\/es\/camping-pais-vasco-orillas-del-mar\/\" target=\"\" rel=\"noopener\" class=\"ls-cta__link\" data-categ=\"\">\n\t<div class=\"ls-cta__image\"><img decoding=\"async\" src=\"https:\/\/www.camping-erromardie.com\/wp-content\/uploads\/2025\/04\/Erromardie-88.jpg\" alt=\"\"><\/div>\n\t<div class=\"ls-cta__title\">\n\t\tA orillas del mar\t<\/div>\n\n\t<\/a><\/div><div class=\"wp-block-column\">\n\n<a href=\"https:\/\/www.camping-erromardie.com\/es\/4-estrellas-camping-pais-vasco\/\" target=\"\" rel=\"noopener\" class=\"ls-cta__link\" data-categ=\"\">\n\t<div class=\"ls-cta__image\"><img decoding=\"async\" src=\"https:\/\/www.camping-erromardie.com\/wp-content\/uploads\/2025\/04\/Camping-Erromardie-46.jpg\" alt=\"\"><\/div>\n\t<div class=\"ls-cta__title\">\n\t\tServicios\t<\/div>\n\n\t<\/a><\/div><div class=\"wp-block-column\">\n\n<a href=\"https:\/\/www.camping-erromardie.com\/es\/camping-ocio-pais-vasco\/\" target=\"\" rel=\"noopener\" class=\"ls-cta__link\" data-categ=\"\">\n\t<div class=\"ls-cta__image\"><img decoding=\"async\" src=\"https:\/\/www.camping-erromardie.com\/wp-content\/uploads\/2025\/04\/Camping-Erromardie-61_1.jpg\" alt=\"\"><\/div>\n\t<div class=\"ls-cta__title\">\n\t\tEntretenimiento\t<\/div>\n\n\t<\/a><\/div><div class=\"wp-block-column\">\n\n<a href=\"https:\/\/www.camping-erromardie.com\/es\/acampar-pais-con-piscina-vasco\/\" target=\"\" rel=\"noopener\" class=\"ls-cta__link\" data-categ=\"\">\n\t<div class=\"ls-cta__image\"><img decoding=\"async\" src=\"https:\/\/www.camping-erromardie.com\/wp-content\/uploads\/2025\/04\/camping-avec-piscine-au-pays-basque.jpg\" alt=\"\"><\/div>\n\t<div class=\"ls-cta__title\">\n\t\tPiscina\t<\/div>\n\n\t<\/a><\/div><\/div>\n<\/div>\n\r\n    <\/div>\r\n<\/section>","protected":false},"excerpt":{"rendered":"","protected":false},"author":1,"featured_media":17269,"parent":0,"menu_order":34,"comment_status":"closed","ping_status":"closed","template":"","meta":{"_acf_changed":false,"_seopress_robots_primary_cat":"","_seopress_titles_title":"Camping Vacaf Pays Basque | Bons cafs | Vacaciones sociales en la costa vasca","_seopress_titles_desc":"Para unas vacaciones m\u00e1s econ\u00f3micas en la costa vasca, el camping Ferme d'Erromardie tiene la etiqueta VACAF.","_seopress_robots_index":"","footnotes":""},"sujet":[],"class_list":["post-18042","page","type-page","status-publish","has-post-thumbnail","hentry"],"acf":[],"_links":{"self":[{"href":"https:\/\/www.camping-erromardie.com\/es\/wp-json\/wp\/v2\/pages\/18042","targetHints":{"allow":["GET"]}}],"collection":[{"href":"https:\/\/www.camping-erromardie.com\/es\/wp-json\/wp\/v2\/pages"}],"about":[{"href":"https:\/\/www.camping-erromardie.com\/es\/wp-json\/wp\/v2\/types\/page"}],"author":[{"embeddable":true,"href":"https:\/\/www.camping-erromardie.com\/es\/wp-json\/wp\/v2\/users\/1"}],"replies":[{"embeddable":true,"href":"https:\/\/www.camping-erromardie.com\/es\/wp-json\/wp\/v2\/comments?post=18042"}],"version-history":[{"count":4,"href":"https:\/\/www.camping-erromardie.com\/es\/wp-json\/wp\/v2\/pages\/18042\/revisions"}],"predecessor-version":[{"id":19286,"href":"https:\/\/www.camping-erromardie.com\/es\/wp-json\/wp\/v2\/pages\/18042\/revisions\/19286"}],"wp:featuredmedia":[{"embeddable":true,"href":"https:\/\/www.camping-erromardie.com\/es\/wp-json\/wp\/v2\/media\/17269"}],"wp:attachment":[{"href":"https:\/\/www.camping-erromardie.com\/es\/wp-json\/wp\/v2\/media?parent=18042"}],"wp:term":[{"taxonomy":"sujet","embeddable":true,"href":"https:\/\/www.camping-erromardie.com\/es\/wp-json\/wp\/v2\/sujet?post=18042"}],"curies":[{"name":"wp","href":"https:\/\/api.w.org\/{rel}","templated":true}]}}