{"id":18014,"date":"2025-04-22T09:50:12","date_gmt":"2025-04-22T07:50:12","guid":{"rendered":"https:\/\/www.camping-erromardie.com\/mobil-home\/"},"modified":"2025-06-12T11:03:42","modified_gmt":"2025-06-12T09:03:42","slug":"mobil-home","status":"publish","type":"page","link":"https:\/\/www.camping-erromardie.com\/es\/camping-bidart\/mobil-home\/","title":{"rendered":"Alquiler de mobil home cerca de Bidart"},"content":{"rendered":"<section id=\"ls-section-block_724a0fd5ae4e44dfb1695e84de58cc1f\" class=\"ls-section  page-titre\" >\r\n        <div class=\"container container--wide\">\r\n        \n\n<h1 class=\"ls__heading wp-block-heading has-text-align-center has-color-4-color has-text-color has-link-color wp-elements-1968a338ca934b2dd2fa0073000d416e\">Alquiler de mobil home cerca de Bidart<\/h1>\n\n\n\n<p class=\"ls-paragraph has-text-align-center\">D\u00e9couvrez le confort de nos\u00a0<strong>locations de mobil homes pr\u00e8s de Bidart\u00a0<\/strong>\u00e0 deux pas de l\u2019Oc\u00e9an Atlantique, au c\u0153ur du Pays Basque. Notre\u00a0<strong>domaine de 2,5 hectares pr\u00e8s de Biarritz<\/strong>\u00a0propose une vari\u00e9t\u00e9 d\u2019options d\u2019h\u00e9bergement adapt\u00e9es \u00e0 vos besoins pour vos vacances en famille ou entre amis. Dans notre\u00a0<a href=\"https:\/\/www.camping-erromardie.com\/\" data-type=\"page\" data-id=\"270\">camping 4 \u00e9toiles au Pays Basque<\/a>, nous mettons \u00e0 votre disposition des\u00a0<strong>mobil-homes<\/strong>\u00a0con\u00e7us pour 2 personnes jusqu\u2019aux options plus spacieuses pouvant accueillir jusqu\u2019\u00e0 6 personnes, id\u00e9ales pour les familles nombreuses.<\/p>\n\n\n\n<p class=\"ls-paragraph has-text-align-center\">Chaque\u00a0<strong>location de mobil home\u00a0<\/strong>dans notre\u00a0<a href=\"https:\/\/www.camping-erromardie.com\/camping-bidart\/\" data-type=\"page\" data-id=\"338\">camping pr\u00e8s de Bidart<\/a>\u00a0est \u00e9quip\u00e9 d\u2019une t\u00e9l\u00e9vision, d\u2019oreillers, de couvertures et de couettes pour assurer votre confort pendant votre s\u00e9jour, que vous restiez quelques nuits ou plus longtemps. N\u2019oubliez pas d\u2019apporter vos draps de lit et affaires personnelles pour compl\u00e9ter votre\u00a0<strong>location de mobil home<\/strong>\u00a0dans les Pyr\u00e9n\u00e9es Atlantiques.<\/p>\n\n\r\n    <\/div>\r\n<\/section><section id=\"ls-section-block_3687b04f467a433699d4f4bb48af8248\" class=\"ls-section  home-first page-one has-p-b p-b-14\" >\r\n        <div class=\"container container--wide\">\r\n        \n\n<div class=\"wp-block-columns is-layout-flex wp-container-core-columns-is-layout-9d6595d7 wp-block-columns-is-layout-flex\">\n<div class=\"wp-block-column is-layout-flow wp-block-column-is-layout-flow\" style=\"flex-basis:33.33%\">\n<div class=\"wp-block-columns is-layout-flex wp-container-core-columns-is-layout-9d6595d7 wp-block-columns-is-layout-flex\">\n<div class=\"wp-block-column column-border is-layout-flow wp-block-column-is-layout-flow\">\n<h2 class=\"ls__heading wp-block-heading has-color-1-color has-text-color has-link-color wp-elements-730e77c77bad7eb08923de645bb0b8a8\">Alquiler asequible de mobil homes cerca de Bidart<\/h2>\n\n\n\n<p class=\"ls-paragraph\">En nuestro camping cerca de Bidart, nuestro objetivo es ofrecer<strong> alquileres de mobil homes<\/strong> adaptados a todos los presupuestos. Los turistas pueden elegir entre varias opciones de <strong>alquiler barato<\/strong> en el Pa\u00eds Vasco. <\/p>\n\n\n\n<p class=\"ls-paragraph\">Un\u00a0<strong>mobil home accessible aux personnes \u00e0 mobilit\u00e9 r\u00e9duite\u00a0<\/strong>est disponible d\u00e8s 294\u20ac pour une semaine de vacances dans les Pyr\u00e9n\u00e9es Atlantiques. Pour les familles avec enfants qui recherchent plus d\u2019espace, un\u00a0<strong>grand mobil home de trois chambres\u00a0<\/strong>accueillant jusqu\u2019\u00e0 six personnes est propos\u00e9 \u00e0 384\u20ac pour sept jours. Ces tarifs avantageux de notre\u00a0<a href=\"https:\/\/www.camping-erromardie.com\/camping-bidart\/tarifs\/\" data-type=\"page\" data-id=\"16215\">camping pas cher pr\u00e8s de Bidart<\/a>, permettent de profiter pleinement de vos\u00a0<strong>vacances en famille en camping dans le Pays Basque\u00a0<\/strong>sans compromettre votre porte-monnaie !<\/p>\n<\/div>\n<\/div>\n<\/div>\n\n\n\n<div class=\"wp-block-column is-layout-flow wp-block-column-is-layout-flow\" style=\"flex-basis:66.66%\">\n<figure class=\"wp-block-gallery has-nested-images columns-default is-cropped wp-block-gallery-1 is-layout-flex wp-block-gallery-is-layout-flex\">\n<figure class=\"wp-block-image size-full animated fadeIn delay-200ms\"><a href=\"https:\/\/www.camping-erromardie.com\/wp-content\/uploads\/2025\/04\/Location-Mobil-home-camping-pays-basque-6.jpg\"><img loading=\"lazy\" decoding=\"async\" width=\"2000\" height=\"1400\" data-id=\"15298\" src=\"https:\/\/www.camping-erromardie.com\/wp-content\/uploads\/2025\/04\/Location-Mobil-home-camping-pays-basque-6.jpg\" alt=\"Alquiler mobil home camping pays basque (6)\" class=\"wp-image-15298\" srcset=\"https:\/\/www.camping-erromardie.com\/wp-content\/uploads\/2025\/04\/Location-Mobil-home-camping-pays-basque-6.jpg 2000w, https:\/\/www.camping-erromardie.com\/wp-content\/uploads\/2025\/04\/Location-Mobil-home-camping-pays-basque-6-300x210.jpg 300w, https:\/\/www.camping-erromardie.com\/wp-content\/uploads\/2025\/04\/Location-Mobil-home-camping-pays-basque-6-1024x717.jpg 1024w, https:\/\/www.camping-erromardie.com\/wp-content\/uploads\/2025\/04\/Location-Mobil-home-camping-pays-basque-6-768x538.jpg 768w, https:\/\/www.camping-erromardie.com\/wp-content\/uploads\/2025\/04\/Location-Mobil-home-camping-pays-basque-6-1536x1075.jpg 1536w\" sizes=\"auto, (max-width: 2000px) 100vw, 2000px\" \/><\/a><\/figure>\n\n\n\n<figure class=\"wp-block-image size-full animated fadeIn\"><a href=\"https:\/\/www.camping-erromardie.com\/wp-content\/uploads\/2025\/04\/mobil-home-en-location-pays-basque-3.jpg\"><img loading=\"lazy\" decoding=\"async\" width=\"600\" height=\"800\" data-id=\"15438\" src=\"https:\/\/www.camping-erromardie.com\/wp-content\/uploads\/2025\/04\/mobil-home-en-location-pays-basque-3.jpg\" alt=\"alquiler de mobil home pa&#xED;s vasco (3)\" class=\"wp-image-15438\" srcset=\"https:\/\/www.camping-erromardie.com\/wp-content\/uploads\/2025\/04\/mobil-home-en-location-pays-basque-3.jpg 600w, https:\/\/www.camping-erromardie.com\/wp-content\/uploads\/2025\/04\/mobil-home-en-location-pays-basque-3-225x300.jpg 225w\" sizes=\"auto, (max-width: 600px) 100vw, 600px\" \/><\/a><\/figure>\n<\/figure>\n<\/div>\n<\/div>\n\n\r\n    <\/div>\r\n<\/section><section id=\"ls-section-block_e4bd09b79b2d17b39891aae12bc45de0\" class=\"ls-section  home-first page-two has-background has-color-6-background-color has-p-b p-b-14\" >\r\n        <div class=\"container container--wide\">\r\n        \n\n<div class=\"wp-block-columns is-layout-flex wp-container-core-columns-is-layout-9d6595d7 wp-block-columns-is-layout-flex\">\n<div class=\"wp-block-column is-layout-flow wp-block-column-is-layout-flow\" style=\"flex-basis:66.66%\">\n<figure class=\"wp-block-gallery has-nested-images columns-default is-cropped wp-block-gallery-2 is-layout-flex wp-block-gallery-is-layout-flex\">\n<figure class=\"wp-block-image size-full animated fadeIn delay-200ms\"><a href=\"https:\/\/www.camping-erromardie.com\/wp-content\/uploads\/2025\/04\/chambre-enfant-mobil-home-2.jpg\"><img loading=\"lazy\" decoding=\"async\" width=\"1335\" height=\"2000\" data-id=\"15401\" src=\"https:\/\/www.camping-erromardie.com\/wp-content\/uploads\/2025\/04\/chambre-enfant-mobil-home-2.jpg\" alt=\"dormitorio infantil casa m&#xF3;vil\" class=\"wp-image-15401\" srcset=\"https:\/\/www.camping-erromardie.com\/wp-content\/uploads\/2025\/04\/chambre-enfant-mobil-home-2.jpg 1335w, https:\/\/www.camping-erromardie.com\/wp-content\/uploads\/2025\/04\/chambre-enfant-mobil-home-2-200x300.jpg 200w, https:\/\/www.camping-erromardie.com\/wp-content\/uploads\/2025\/04\/chambre-enfant-mobil-home-2-684x1024.jpg 684w, https:\/\/www.camping-erromardie.com\/wp-content\/uploads\/2025\/04\/chambre-enfant-mobil-home-2-768x1151.jpg 768w, https:\/\/www.camping-erromardie.com\/wp-content\/uploads\/2025\/04\/chambre-enfant-mobil-home-2-1025x1536.jpg 1025w\" sizes=\"auto, (max-width: 1335px) 100vw, 1335px\" \/><\/a><\/figure>\n\n\n\n<figure class=\"wp-block-image size-full animated fadeIn\"><a href=\"https:\/\/www.camping-erromardie.com\/wp-content\/uploads\/2025\/04\/DSC_6001.jpg\"><img loading=\"lazy\" decoding=\"async\" width=\"2022\" height=\"1350\" data-id=\"15428\" src=\"https:\/\/www.camping-erromardie.com\/wp-content\/uploads\/2025\/04\/DSC_6001.jpg\" alt=\"DSC 6001\" class=\"wp-image-15428\" srcset=\"https:\/\/www.camping-erromardie.com\/wp-content\/uploads\/2025\/04\/DSC_6001.jpg 2022w, https:\/\/www.camping-erromardie.com\/wp-content\/uploads\/2025\/04\/DSC_6001-300x200.jpg 300w, https:\/\/www.camping-erromardie.com\/wp-content\/uploads\/2025\/04\/DSC_6001-1024x684.jpg 1024w, https:\/\/www.camping-erromardie.com\/wp-content\/uploads\/2025\/04\/DSC_6001-768x513.jpg 768w, https:\/\/www.camping-erromardie.com\/wp-content\/uploads\/2025\/04\/DSC_6001-1536x1026.jpg 1536w\" sizes=\"auto, (max-width: 2022px) 100vw, 2022px\" \/><\/a><\/figure>\n<\/figure>\n<\/div>\n\n\n\n<div class=\"wp-block-column is-layout-flow wp-block-column-is-layout-flow\" style=\"flex-basis:33.33%\">\n<div class=\"wp-block-columns is-layout-flex wp-container-core-columns-is-layout-9d6595d7 wp-block-columns-is-layout-flex\">\n<div class=\"wp-block-column column-border is-layout-flow wp-block-column-is-layout-flow\">\n<h2 class=\"ls__heading wp-block-heading has-color-1-color has-text-color has-link-color wp-elements-75bbba05725d438738f8ef40e3cd5d28\">Descubre nuestras casas m\u00f3viles cerca de Bidart<\/h2>\n\n\n\n<p class=\"ls-paragraph\">Pour votre<strong>\u00a0s\u00e9jour au Pays Basque<\/strong>\u00a0en Nouvelle Aquitaine, que vous soyez seul ou en groupe jusqu\u2019\u00e0 six personnes, notre<a href=\"https:\/\/www.camping-erromardie.com\/camping-bidart\/piscine\/\" data-type=\"page\" data-id=\"16222\">\u00a0camping avec piscine pr\u00e8s de Bidart<\/a>\u00a0propose des\u00a0<strong>mobil homes modernes et confortables en location<\/strong>. Nos chalets et mobil-homes \u00e0 Saint Jean de Luz, pouvant accueillir jusqu\u2019\u00e0 six visiteurs, se distinguent par leur modernit\u00e9 et la qualit\u00e9 de leurs \u00e9quipements. Avec des superficies allant de 16 \u00e0 32m2 et des configurations d\u2019une \u00e0 trois chambres, nos\u00a0<strong>options d\u2019h\u00e9bergement en location\u00a0<\/strong>sont diversifi\u00e9es. Les logements de notre\u00a0<strong>camping 4 \u00e9toiles pr\u00e8s de Bidart<\/strong>\u00a0varient des cabanes lodges m\u00ealant bois et toile \u00e0 des maisons \u00e0 l\u2019esth\u00e9tique contemporaine, en passant par des\u00a0<strong>mobil-homes color\u00e9s<\/strong>, tous dot\u00e9s d\u2019un design agr\u00e9able et d\u2019un int\u00e9rieur soigneusement d\u00e9cor\u00e9.<\/p>\n\n\n\n<p class=\"ls-paragraph\">Para las personas con movilidad reducida de <strong>vacaciones cerca de Bidart<\/strong>, nuestro camping dispone de<strong> alquileres de mobil homes <\/strong>especialmente dise\u00f1ados, con rampas de acceso, espacio generoso e instalaciones sanitarias adaptadas. Cada<strong> mobil-home de alquiler en nuestro camping cerca de Bidart<\/strong>, ya sea para dos o seis personas, est\u00e1 equipado para que pases <strong>una estancia<\/strong> sin preocupaciones <strong>en el suroeste de Francia<\/strong>: cocina totalmente equipada, cuarto de ducha con WC, televisi\u00f3n y acceso WIFI disponible en todo el camping. <\/p>\n<\/div>\n<\/div>\n<\/div>\n<\/div>\n\n\r\n    <\/div>\r\n<\/section><section id=\"ls-section-block_c76b2961441746aa5df7459a253d8d7d\" class=\"ls-section  home-first page-one has-p-t p-t-14\" >\r\n        <div class=\"container container--wide\">\r\n        \n\n<div class=\"wp-block-columns is-layout-flex wp-container-core-columns-is-layout-9d6595d7 wp-block-columns-is-layout-flex\">\n<div class=\"wp-block-column is-layout-flow wp-block-column-is-layout-flow\" style=\"flex-basis:33.33%\">\n<div class=\"wp-block-columns is-layout-flex wp-container-core-columns-is-layout-9d6595d7 wp-block-columns-is-layout-flex\">\n<div class=\"wp-block-column column-border is-layout-flow wp-block-column-is-layout-flow\">\n<h2 class=\"ls__heading wp-block-heading has-color-1-color has-text-color has-link-color wp-elements-d5dbf6246cbbca408e2225cc329cdcaf\">Alquiler de mobil home con terraza privada junto al mar cerca de Bidart<br\/><\/h2>\n\n\n\n<p class=\"ls-paragraph\">Cada <strong>mobil-home de alquiler cerca de Bidart en nuestro camping con piscina en el Pa\u00eds Vasco<\/strong> dispone de su propio espacio exterior privado, cuidadosamente ajardinado con vegetaci\u00f3n y terraza. \u00bfEl peque\u00f1o extra cuando <strong>alquilas una casa m\u00f3vil en nuestro camping cerca de<\/strong> Bidart? \u00a1Tendr\u00e1s vistas al mar!  <\/p>\n\n\n\n<p class=\"ls-paragraph\">Las terrazas de las <strong>casas m\u00f3viles de nuestro camping cerca de Bidart<\/strong>, dise\u00f1adas en madera o baldosas, algunas elevadas, otras no, y a veces sombreadas por sombrillas, se convierten en aut\u00e9nticas extensiones de tu destino de <strong>vacaciones en el Pa\u00eds Vasco<\/strong>.<\/p>\n\n\n\n<p class=\"ls-paragraph\">Cada terraza te invita a disfrutar de tus comidas al aire libre en tu <strong>mobil-home<\/strong>, a relajarte bajo el sol o a escuchar por la noche el suave murmullo de las olas en la playa de Erromardie durante tus <strong>vacaciones de camping en el Pa\u00eds Vasco<\/strong>.<\/p>\n\n\n\n<p class=\"ls-paragraph\">Cada terraza est\u00e1 amueblada con muebles de jard\u00edn, lo que hace que este espacio forme parte natural del <strong>alquiler de tu mobil-home<\/strong>, y te proporciona metros cuadrados extra para disfrutar de la proximidad del oc\u00e9ano en nuestro <strong>camping de San Juan de Luz<\/strong>.<\/p>\n<\/div>\n<\/div>\n<\/div>\n\n\n\n<div class=\"wp-block-column is-layout-flow wp-block-column-is-layout-flow\" style=\"flex-basis:66.66%\">\n<figure class=\"wp-block-gallery has-nested-images columns-default is-cropped wp-block-gallery-3 is-layout-flex wp-block-gallery-is-layout-flex\">\n<figure class=\"wp-block-image size-full animated fadeIn delay-200ms\"><a href=\"https:\/\/www.camping-erromardie.com\/wp-content\/uploads\/2025\/04\/MH-camping-la-ferme-erromardie-cuisine.jpg\"><img loading=\"lazy\" decoding=\"async\" width=\"668\" height=\"1000\" data-id=\"15742\" src=\"https:\/\/www.camping-erromardie.com\/wp-content\/uploads\/2025\/04\/MH-camping-la-ferme-erromardie-cuisine.jpg\" alt=\"MH camping la ferme erromardie cocina\" class=\"wp-image-15742\" srcset=\"https:\/\/www.camping-erromardie.com\/wp-content\/uploads\/2025\/04\/MH-camping-la-ferme-erromardie-cuisine.jpg 668w, https:\/\/www.camping-erromardie.com\/wp-content\/uploads\/2025\/04\/MH-camping-la-ferme-erromardie-cuisine-200x300.jpg 200w\" sizes=\"auto, (max-width: 668px) 100vw, 668px\" \/><\/a><\/figure>\n\n\n\n<figure class=\"wp-block-image size-full animated fadeIn\"><a href=\"https:\/\/www.camping-erromardie.com\/wp-content\/uploads\/2025\/04\/Camping-Erromardie-environnement-16-1.jpg\"><img loading=\"lazy\" decoding=\"async\" width=\"2022\" height=\"1350\" data-id=\"15909\" src=\"https:\/\/www.camping-erromardie.com\/wp-content\/uploads\/2025\/04\/Camping-Erromardie-environnement-16-1.jpg\" alt=\"Camping Erromardie environnement 16\" class=\"wp-image-15909\" srcset=\"https:\/\/www.camping-erromardie.com\/wp-content\/uploads\/2025\/04\/Camping-Erromardie-environnement-16-1.jpg 2022w, https:\/\/www.camping-erromardie.com\/wp-content\/uploads\/2025\/04\/Camping-Erromardie-environnement-16-1-300x200.jpg 300w, https:\/\/www.camping-erromardie.com\/wp-content\/uploads\/2025\/04\/Camping-Erromardie-environnement-16-1-1024x684.jpg 1024w, https:\/\/www.camping-erromardie.com\/wp-content\/uploads\/2025\/04\/Camping-Erromardie-environnement-16-1-768x513.jpg 768w, https:\/\/www.camping-erromardie.com\/wp-content\/uploads\/2025\/04\/Camping-Erromardie-environnement-16-1-1536x1026.jpg 1536w\" sizes=\"auto, (max-width: 2022px) 100vw, 2022px\" \/><\/a><\/figure>\n<\/figure>\n<\/div>\n<\/div>\n\n\r\n    <\/div>\r\n<\/section><section id=\"ls-section-block_baa88b4abc58baa6d9feb3ec0bfa84ae\" class=\"ls-section  page-cta\" >\r\n        <div class=\"container container--wide\">\r\n        \n\n<div id=\"ls-heading ls-titre-div-block_1b2098df52ae8ba56c0d6fce03a2710c\" class=\"ls-titre-div aligncenter h2-like has-text-color has-color-1-color\" >\n    Descubre nuestra piscina, nuestros servicios y nuestras ofertas<\/div>\n\n\n\n<div id=\"ls-maillage-block_42bdb2fb2a3554dea3086122b17174ab\" class=\"ls-maillage cta-style-normal\" data-rows=\"3\">\n\n    <div class=\"wp-block-columns\"><div class=\"wp-block-column\">\n\n<a href=\"https:\/\/www.camping-erromardie.com\/es\/camping-bidart\/piscina\/\" target=\"\" rel=\"noopener\" class=\"ls-cta__link\" data-categ=\"\">\n\t<div class=\"ls-cta__image\"><img decoding=\"async\" src=\"https:\/\/www.camping-erromardie.com\/wp-content\/uploads\/2025\/04\/La-ferme-erromardi-camping-familial-avec-piscine.jpg\" alt=\"Piscina\"><\/div>\n\t<div class=\"ls-cta__title\">\n\t\tPiscina\t<\/div>\n\n\t<\/a><\/div><div class=\"wp-block-column\">\n\n<a href=\"https:\/\/www.camping-erromardie.com\/es\/camping-bidart\/tarifs\/\" target=\"\" rel=\"noopener\" class=\"ls-cta__link\" data-categ=\"\">\n\t<div class=\"ls-cta__image\"><img decoding=\"async\" src=\"https:\/\/www.camping-erromardie.com\/wp-content\/uploads\/2025\/04\/DSC_7028.jpg\" alt=\"\"><\/div>\n\t<div class=\"ls-cta__title\">\n\t\tTarifas\t<\/div>\n\n\t<\/a><\/div><div class=\"wp-block-column\">\n\n<a href=\"https:\/\/www.camping-erromardie.com\/es\/camping-ocio-pais-vasco\/\" target=\"\" rel=\"noopener\" class=\"ls-cta__link\" data-categ=\"\">\n\t<div class=\"ls-cta__image\"><img decoding=\"async\" src=\"https:\/\/www.camping-erromardie.com\/wp-content\/uploads\/2025\/04\/Camping-Erromardie-61_1.jpg\" alt=\"\"><\/div>\n\t<div class=\"ls-cta__title\">\n\t\tEntretenimiento\t<\/div>\n\n\t<\/a><\/div><\/div>\n<\/div>\n\r\n    <\/div>\r\n<\/section>","protected":false},"excerpt":{"rendered":"","protected":false},"author":1,"featured_media":15350,"parent":18150,"menu_order":11,"comment_status":"closed","ping_status":"closed","template":"","meta":{"_acf_changed":false,"_seopress_robots_primary_cat":"","_seopress_titles_title":"Alquiler mobil home Bidart : Camping junto al mar en el Pa\u00eds Vasco","_seopress_titles_desc":"Reserva tu mobil home en Bidart para pasar unas vacaciones inolvidables. Disfruta de un camping con piscina y c\u00f3modas habitaciones en el coraz\u00f3n del Pa\u00eds Vasco ","_seopress_robots_index":"","footnotes":""},"sujet":[],"class_list":["post-18014","page","type-page","status-publish","has-post-thumbnail","hentry"],"acf":[],"_links":{"self":[{"href":"https:\/\/www.camping-erromardie.com\/es\/wp-json\/wp\/v2\/pages\/18014","targetHints":{"allow":["GET"]}}],"collection":[{"href":"https:\/\/www.camping-erromardie.com\/es\/wp-json\/wp\/v2\/pages"}],"about":[{"href":"https:\/\/www.camping-erromardie.com\/es\/wp-json\/wp\/v2\/types\/page"}],"author":[{"embeddable":true,"href":"https:\/\/www.camping-erromardie.com\/es\/wp-json\/wp\/v2\/users\/1"}],"replies":[{"embeddable":true,"href":"https:\/\/www.camping-erromardie.com\/es\/wp-json\/wp\/v2\/comments?post=18014"}],"version-history":[{"count":6,"href":"https:\/\/www.camping-erromardie.com\/es\/wp-json\/wp\/v2\/pages\/18014\/revisions"}],"predecessor-version":[{"id":19784,"href":"https:\/\/www.camping-erromardie.com\/es\/wp-json\/wp\/v2\/pages\/18014\/revisions\/19784"}],"up":[{"embeddable":true,"href":"https:\/\/www.camping-erromardie.com\/es\/wp-json\/wp\/v2\/pages\/18150"}],"wp:featuredmedia":[{"embeddable":true,"href":"https:\/\/www.camping-erromardie.com\/es\/wp-json\/wp\/v2\/media\/15350"}],"wp:attachment":[{"href":"https:\/\/www.camping-erromardie.com\/es\/wp-json\/wp\/v2\/media?parent=18014"}],"wp:term":[{"taxonomy":"sujet","embeddable":true,"href":"https:\/\/www.camping-erromardie.com\/es\/wp-json\/wp\/v2\/sujet?post=18014"}],"curies":[{"name":"wp","href":"https:\/\/api.w.org\/{rel}","templated":true}]}}