{"id":17998,"date":"2025-04-22T10:07:13","date_gmt":"2025-04-22T08:07:13","guid":{"rendered":"https:\/\/www.camping-erromardie.com\/piscine\/"},"modified":"2025-06-12T11:03:41","modified_gmt":"2025-06-12T09:03:41","slug":"piscina","status":"publish","type":"page","link":"https:\/\/www.camping-erromardie.com\/es\/camping-bidart\/piscina\/","title":{"rendered":"Piscina"},"content":{"rendered":"<section id=\"ls-section-block_ed972fd0331fc5fd2d3d95997631e9c5\" class=\"ls-section  page-titre\" >\r\n        <div class=\"container container--wide\">\r\n        \n\n<h1 class=\"ls__heading wp-block-heading has-text-align-center has-color-4-color has-text-color has-link-color wp-elements-5232323df19c7c18279e8f2f57738545\">Camping cerca de Bidart con piscina<br\/><\/h1>\n\n\n\n<p class=\"ls-paragraph has-text-align-center\">Pour des<strong>\u00a0vacances inoubliables en famille\u00a0<\/strong>avec vos enfants ou entre amis, notre\u00a0<a href=\"https:\/\/www.camping-erromardie.com\/\" data-type=\"page\" data-id=\"270\">camping au Pays Basque<\/a>\u00a0vous ouvre les portes d\u2019une d\u00e9tente aquatique exceptionnelle au bord de la plage, de l\u2019oc\u00e9an et de notre\u00a0<strong>piscine dans les Pyr\u00e9n\u00e9es-Atlantiques<\/strong>. Notre\u00a0<strong>camping pr\u00e8s de Bidart avec piscine<\/strong>\u00a0est sp\u00e9cialement con\u00e7u pour le bien-\u00eatre de tous. Vous y trouverez un espace aquatique parfait pour les petits comme pour les grands, avec des installations pens\u00e9es pour le confort et la\u00a0<strong>relaxation de toute la famille<\/strong>.<\/p>\n\n\n\n<p class=\"ls-paragraph has-text-align-center\">D\u00e9couvrez le charme authentique du\u00a0<strong>sud-ouest de la France<\/strong>\u00a0\u00e0 travers notre\u00a0<a href=\"https:\/\/www.camping-erromardie.com\/camping-bidart\/\" data-type=\"page\" data-id=\"338\">camping pr\u00e8s de Bidart<\/a>, o\u00f9 vous pouvez profiter d\u2019un s\u00e9jour agr\u00e9able m\u00eame en basse saison. Notre\u00a0<strong>piscine int\u00e9rieure\u00a0<\/strong>vous permettra de vous d\u00e9tendre tout en restant \u00e0 deux pas des\u00a0<strong>plages dor\u00e9es<\/strong>\u00a0et du soleil radieux d\u2019Aquitaine. Avec notre offre sp\u00e9ciale, vous vivrez des vacances de r\u00eave dans un cadre idyllique. R\u00e9servez d\u00e8s maintenant pour vivre pleinement cette\u00a0<strong>exp\u00e9rience aquatique<\/strong>\u00a0et profiter des nombreux avantages que notre\u00a0<strong>camping 4 \u00e9toiles avec piscine pr\u00e8s de Bidart<\/strong>\u00a0a \u00e0 offrir !<\/p>\n\n\r\n    <\/div>\r\n<\/section><section id=\"ls-section-block_f394aa232eb191ab420a9604997cb18d\" class=\"ls-section  home-first page-one has-p-b p-b-14\" >\r\n        <div class=\"container container--wide\">\r\n        \n\n<div class=\"wp-block-columns is-layout-flex wp-container-core-columns-is-layout-9d6595d7 wp-block-columns-is-layout-flex\">\n<div class=\"wp-block-column is-layout-flow wp-block-column-is-layout-flow\" style=\"flex-basis:33.33%\">\n<div class=\"wp-block-columns is-layout-flex wp-container-core-columns-is-layout-9d6595d7 wp-block-columns-is-layout-flex\">\n<div class=\"wp-block-column column-border is-layout-flow wp-block-column-is-layout-flow\">\n<h2 class=\"ls__heading wp-block-heading has-color-1-color has-text-color has-link-color wp-elements-dfbc717bb68568c45519690f9dd066b0\">Diversi\u00f3n acu\u00e1tica garantizada en un camping del Pa\u00eds Vasco<br\/><\/h2>\n\n\n\n<p class=\"ls-paragraph\">En nuestro camping de 4 estrellas cerca de Bidart, no s\u00f3lo te beneficiar\u00e1s de la proximidad inmediata de la <strong>playa de Erromardie<\/strong> para disfrutar de d\u00edas soleados junto al oc\u00e9ano Atl\u00e1ntico, sino tambi\u00e9n de nuestra magn\u00edfica <strong>piscina<\/strong>. Nuestro parque acu\u00e1tico <strong>cubierto y climatizado<\/strong> garantiza un confort \u00f3ptimo, juegos y diversi\u00f3n al nadar, sean cuales sean las condiciones meteorol\u00f3gicas de la regi\u00f3n de Nouvelle-Aquitaine. No hay que preocuparse por el tiempo: la <strong>piscina cubierta de nuestro camping cerca de Bidart<\/strong> est\u00e1 a tu disposici\u00f3n para momentos de relajaci\u00f3n y <strong>diversi\u00f3n acu\u00e1tica <\/strong>con tus hijos.  <\/p>\n\n\n\n<p class=\"ls-paragraph\">La <strong>piscina<\/strong> est\u00e1 abierta todos los d\u00edas de <strong>10 a 19 h<\/strong> y te invita a disfrutar de tus vacaciones en un <strong>camping de 4 estrellas en San Juan de Luz <\/strong>, en el Pa\u00eds Vasco. Tanto si buscas relajaci\u00f3n como actividades acu\u00e1ticas, nuestro espacio acu\u00e1tico es perfecto para satisfacer todos tus deseos. Reserva ahora para <strong>vivir una experiencia de ba\u00f1o inolvidable<\/strong> en un entorno id\u00edlico.  <\/p>\n<\/div>\n<\/div>\n<\/div>\n\n\n\n<div class=\"wp-block-column is-layout-flow wp-block-column-is-layout-flow\" style=\"flex-basis:66.66%\">\n<figure class=\"wp-block-gallery has-nested-images columns-default is-cropped wp-block-gallery-1 is-layout-flex wp-block-gallery-is-layout-flex\">\n<figure class=\"wp-block-image size-full animated fadeIn delay-200ms\"><a href=\"https:\/\/www.camping-erromardie.com\/wp-content\/uploads\/2025\/04\/camping-avec-piscine-au-pays-basque-1.jpg\"><img loading=\"lazy\" decoding=\"async\" width=\"2000\" height=\"1333\" data-id=\"15484\" src=\"https:\/\/www.camping-erromardie.com\/wp-content\/uploads\/2025\/04\/camping-avec-piscine-au-pays-basque-1.jpg\" alt=\"camping con piscina en el pa&#xED;s vasco\" class=\"wp-image-15484\" srcset=\"https:\/\/www.camping-erromardie.com\/wp-content\/uploads\/2025\/04\/camping-avec-piscine-au-pays-basque-1.jpg 2000w, https:\/\/www.camping-erromardie.com\/wp-content\/uploads\/2025\/04\/camping-avec-piscine-au-pays-basque-1-300x200.jpg 300w, https:\/\/www.camping-erromardie.com\/wp-content\/uploads\/2025\/04\/camping-avec-piscine-au-pays-basque-1-1024x682.jpg 1024w, https:\/\/www.camping-erromardie.com\/wp-content\/uploads\/2025\/04\/camping-avec-piscine-au-pays-basque-1-768x512.jpg 768w, https:\/\/www.camping-erromardie.com\/wp-content\/uploads\/2025\/04\/camping-avec-piscine-au-pays-basque-1-1536x1024.jpg 1536w\" sizes=\"auto, (max-width: 2000px) 100vw, 2000px\" \/><\/a><\/figure>\n\n\n\n<figure class=\"wp-block-image size-full animated fadeIn\"><a href=\"https:\/\/www.camping-erromardie.com\/wp-content\/uploads\/2025\/04\/Erromardie-5.jpg\"><img loading=\"lazy\" decoding=\"async\" width=\"1333\" height=\"2000\" data-id=\"15489\" src=\"https:\/\/www.camping-erromardie.com\/wp-content\/uploads\/2025\/04\/Erromardie-5.jpg\" alt=\"Erromardie (5)\" class=\"wp-image-15489\" srcset=\"https:\/\/www.camping-erromardie.com\/wp-content\/uploads\/2025\/04\/Erromardie-5.jpg 1333w, https:\/\/www.camping-erromardie.com\/wp-content\/uploads\/2025\/04\/Erromardie-5-200x300.jpg 200w, https:\/\/www.camping-erromardie.com\/wp-content\/uploads\/2025\/04\/Erromardie-5-682x1024.jpg 682w, https:\/\/www.camping-erromardie.com\/wp-content\/uploads\/2025\/04\/Erromardie-5-768x1152.jpg 768w, https:\/\/www.camping-erromardie.com\/wp-content\/uploads\/2025\/04\/Erromardie-5-1024x1536.jpg 1024w\" sizes=\"auto, (max-width: 1333px) 100vw, 1333px\" \/><\/a><\/figure>\n<\/figure>\n<\/div>\n<\/div>\n\n\r\n    <\/div>\r\n<\/section><section id=\"piscine-couverte\" class=\"ls-section  home-first page-two has-background has-color-6-background-color has-p-b p-b-14\" >\r\n        <div class=\"container container--wide\">\r\n        \n\n<div class=\"wp-block-columns is-layout-flex wp-container-core-columns-is-layout-9d6595d7 wp-block-columns-is-layout-flex\">\n<div class=\"wp-block-column is-layout-flow wp-block-column-is-layout-flow\" style=\"flex-basis:66.66%\">\n<figure class=\"wp-block-gallery has-nested-images columns-default is-cropped wp-block-gallery-2 is-layout-flex wp-block-gallery-is-layout-flex\">\n<figure class=\"wp-block-image size-full animated fadeIn delay-200ms\"><a href=\"https:\/\/www.camping-erromardie.com\/wp-content\/uploads\/2025\/04\/Piscine-du-camping-Erromardie-1.jpg\"><img loading=\"lazy\" decoding=\"async\" width=\"2000\" height=\"1333\" data-id=\"12391\" src=\"https:\/\/www.camping-erromardie.com\/wp-content\/uploads\/2025\/04\/Piscine-du-camping-Erromardie-1.jpg\" alt=\"Piscina del camping Erromardie\" class=\"wp-image-12391\" srcset=\"https:\/\/www.camping-erromardie.com\/wp-content\/uploads\/2025\/04\/Piscine-du-camping-Erromardie-1.jpg 2000w, https:\/\/www.camping-erromardie.com\/wp-content\/uploads\/2025\/04\/Piscine-du-camping-Erromardie-1-300x200.jpg 300w, https:\/\/www.camping-erromardie.com\/wp-content\/uploads\/2025\/04\/Piscine-du-camping-Erromardie-1-1024x682.jpg 1024w, https:\/\/www.camping-erromardie.com\/wp-content\/uploads\/2025\/04\/Piscine-du-camping-Erromardie-1-768x512.jpg 768w, https:\/\/www.camping-erromardie.com\/wp-content\/uploads\/2025\/04\/Piscine-du-camping-Erromardie-1-1536x1024.jpg 1536w\" sizes=\"auto, (max-width: 2000px) 100vw, 2000px\" \/><\/a><\/figure>\n\n\n\n<figure class=\"wp-block-image size-full animated fadeIn\"><a href=\"https:\/\/www.camping-erromardie.com\/wp-content\/uploads\/2025\/04\/Erromardie-127-scaled.jpg\"><img loading=\"lazy\" decoding=\"async\" width=\"2560\" height=\"1707\" data-id=\"15515\" src=\"https:\/\/www.camping-erromardie.com\/wp-content\/uploads\/2025\/04\/Erromardie-127-scaled.jpg\" alt=\"Erromardie (127)\" class=\"wp-image-15515\" srcset=\"https:\/\/www.camping-erromardie.com\/wp-content\/uploads\/2025\/04\/Erromardie-127-scaled.jpg 2560w, https:\/\/www.camping-erromardie.com\/wp-content\/uploads\/2025\/04\/Erromardie-127-300x200.jpg 300w, https:\/\/www.camping-erromardie.com\/wp-content\/uploads\/2025\/04\/Erromardie-127-1024x683.jpg 1024w, https:\/\/www.camping-erromardie.com\/wp-content\/uploads\/2025\/04\/Erromardie-127-768x512.jpg 768w, https:\/\/www.camping-erromardie.com\/wp-content\/uploads\/2025\/04\/Erromardie-127-1536x1024.jpg 1536w, https:\/\/www.camping-erromardie.com\/wp-content\/uploads\/2025\/04\/Erromardie-127-2048x1365.jpg 2048w\" sizes=\"auto, (max-width: 2560px) 100vw, 2560px\" \/><\/a><\/figure>\n<\/figure>\n<\/div>\n\n\n\n<div class=\"wp-block-column is-layout-flow wp-block-column-is-layout-flow\" style=\"flex-basis:33.33%\">\n<div class=\"wp-block-columns is-layout-flex wp-container-core-columns-is-layout-9d6595d7 wp-block-columns-is-layout-flex\">\n<div class=\"wp-block-column column-border is-layout-flow wp-block-column-is-layout-flow\">\n<h2 class=\"ls__heading wp-block-heading has-color-1-color has-text-color has-link-color wp-elements-358aa9ec7cd82a20cea4eb692b12cbad\">Piscina cubierta climatizada en un camping cerca de Bidart<br\/><\/h2>\n\n\n\n<p class=\"ls-paragraph\">Profitez d\u2019un moment de d\u00e9tente au bord de la\u00a0<strong>piscine chauff\u00e9e<\/strong>\u00a0pendant vos vacances, o\u00f9 vous pourrez nager, vous reposer ou lire tranquillement sur les transats fournis par notre\u00a0<strong>camping familial 4 \u00e9toiles au Pays Basque<\/strong>. L\u2019acc\u00e8s \u00e0 la\u00a0<strong>piscine<\/strong>\u00a0est r\u00e9serv\u00e9 uniquement aux clients de notre<strong>\u00a0camping pr\u00e8s de Bidart<\/strong>, que vous louiez un emplacement ou un\u00a0<a href=\"https:\/\/www.camping-erromardie.com\/camping-bidart\/mobil-home\/\" data-type=\"page\" data-id=\"16218\">mobil home<\/a>, garantissant ainsi un environnement s\u00e9curis\u00e9 et serein pendant votre<strong>\u00a0s\u00e9jour dans les Pyr\u00e9n\u00e9es Atlantiques<\/strong>.<\/p>\n\n\n\n<p class=\"ls-paragraph\">Es importante tener en cuenta que la <strong>piscina de<\/strong> nuestro<strong> camping de 4 estrellas cerca de Bidart<\/strong>, en la costa vasca, no est\u00e1 vigilada. Por tanto, los padres o tutores son responsables de <strong>supervisar a sus hijos<\/strong>. Por razones de higiene, pedimos a nuestros clientes que no se ba\u00f1en en ba\u00f1ador y que lleven el traje de ba\u00f1o tradicional.  <\/p>\n\n\n\n<p class=\"ls-paragraph\">Le parc aquatique avec\u00a0<strong>piscine chauff\u00e9e de notre camping 4 \u00e9toiles<\/strong>\u00a0est con\u00e7u pour vous offrir d\u00e9tente et relaxation, vous permettant de profiter pleinement de votre s\u00e9jour \u00e0 Saint-Jean-de-Luz sur la c\u00f4te Atlantique au Pays Basque, entre Biarritz et Hendaye. Pour des\u00a0<strong>vacances m\u00e9morables dans les Pyr\u00e9n\u00e9es Atlantiques<\/strong>\u00a0en famille ou entre amis, pensez \u00e0 r\u00e9server d\u00e8s maintenant notre\u00a0<a href=\"https:\/\/www.camping-erromardie.com\/camping-bidart\/tarifs\/\" data-type=\"page\" data-id=\"16215\">camping pas cher de bidart<\/a>\u00a0pour profiter de la piscine \u00e0 petit prix !<\/p>\n<\/div>\n<\/div>\n<\/div>\n<\/div>\n\n\r\n    <\/div>\r\n<\/section><section id=\"ls-section-block_33a3d65a200679de9a37bfe5535c7228\" class=\"ls-section  page-cta\" >\r\n        <div class=\"container container--wide\">\r\n        \n\n<div id=\"ls-heading ls-titre-div-block_d74d3911a3f97ff86ca316c51ceb7684\" class=\"ls-titre-div aligncenter h2-like has-text-color has-color-1-color\" >\n    Descubre nuestros eventos, nuestras casas m\u00f3viles y nuestras ofertas<\/div>\n\n\n\n<div id=\"ls-maillage-block_4a15c55d65de6868e693b2012da1866e\" class=\"ls-maillage cta-style-normal\" data-rows=\"3\">\n\n    <div class=\"wp-block-columns\"><div class=\"wp-block-column\">\n\n<a href=\"https:\/\/www.camping-erromardie.com\/es\/camping-bidart\/tarifs\/\" target=\"\" rel=\"noopener\" class=\"ls-cta__link\" data-categ=\"\">\n\t<div class=\"ls-cta__image\"><img decoding=\"async\" src=\"https:\/\/www.camping-erromardie.com\/wp-content\/uploads\/2025\/04\/DSC_7028.jpg\" alt=\"\"><\/div>\n\t<div class=\"ls-cta__title\">\n\t\tTarifas\t<\/div>\n\n\t<\/a><\/div><div class=\"wp-block-column\">\n\n<a href=\"https:\/\/www.camping-erromardie.com\/es\/camping-bidart\/mobil-home\/\" target=\"\" rel=\"noopener\" class=\"ls-cta__link\" data-categ=\"\">\n\t<div class=\"ls-cta__image\"><img decoding=\"async\" src=\"https:\/\/www.camping-erromardie.com\/wp-content\/uploads\/2025\/04\/Camping-Erromardie-environnement-23-1.jpg\" alt=\"\"><\/div>\n\t<div class=\"ls-cta__title\">\n\t\tCasas m\u00f3viles\t<\/div>\n\n\t<\/a><\/div><div class=\"wp-block-column\">\n\n<a href=\"https:\/\/www.camping-erromardie.com\/es\/camping-ocio-pais-vasco\/\" target=\"\" rel=\"noopener\" class=\"ls-cta__link\" data-categ=\"\">\n\t<div class=\"ls-cta__image\"><img decoding=\"async\" src=\"https:\/\/www.camping-erromardie.com\/wp-content\/uploads\/2025\/04\/Camping-Erromardie-61_1.jpg\" alt=\"\"><\/div>\n\t<div class=\"ls-cta__title\">\n\t\tEntretenimiento\t<\/div>\n\n\t<\/a><\/div><\/div>\n<\/div>\n\r\n    <\/div>\r\n<\/section>","protected":false},"excerpt":{"rendered":"","protected":false},"author":1,"featured_media":11545,"parent":18150,"menu_order":15,"comment_status":"closed","ping_status":"closed","template":"","meta":{"_acf_changed":false,"_seopress_robots_primary_cat":"","_seopress_titles_title":"Camping Bidart con piscina : Vacaciones en familia en el coraz\u00f3n del Pa\u00eds Vasco","_seopress_titles_desc":"Disfruta de una estancia inolvidable en nuestro camping cerca de Bidart con piscina, ideal para unas vacaciones en familia en el coraz\u00f3n del Pa\u00eds Vasco.","_seopress_robots_index":"","footnotes":""},"sujet":[],"class_list":["post-17998","page","type-page","status-publish","has-post-thumbnail","hentry"],"acf":[],"_links":{"self":[{"href":"https:\/\/www.camping-erromardie.com\/es\/wp-json\/wp\/v2\/pages\/17998","targetHints":{"allow":["GET"]}}],"collection":[{"href":"https:\/\/www.camping-erromardie.com\/es\/wp-json\/wp\/v2\/pages"}],"about":[{"href":"https:\/\/www.camping-erromardie.com\/es\/wp-json\/wp\/v2\/types\/page"}],"author":[{"embeddable":true,"href":"https:\/\/www.camping-erromardie.com\/es\/wp-json\/wp\/v2\/users\/1"}],"replies":[{"embeddable":true,"href":"https:\/\/www.camping-erromardie.com\/es\/wp-json\/wp\/v2\/comments?post=17998"}],"version-history":[{"count":9,"href":"https:\/\/www.camping-erromardie.com\/es\/wp-json\/wp\/v2\/pages\/17998\/revisions"}],"predecessor-version":[{"id":19809,"href":"https:\/\/www.camping-erromardie.com\/es\/wp-json\/wp\/v2\/pages\/17998\/revisions\/19809"}],"up":[{"embeddable":true,"href":"https:\/\/www.camping-erromardie.com\/es\/wp-json\/wp\/v2\/pages\/18150"}],"wp:featuredmedia":[{"embeddable":true,"href":"https:\/\/www.camping-erromardie.com\/es\/wp-json\/wp\/v2\/media\/11545"}],"wp:attachment":[{"href":"https:\/\/www.camping-erromardie.com\/es\/wp-json\/wp\/v2\/media?parent=17998"}],"wp:term":[{"taxonomy":"sujet","embeddable":true,"href":"https:\/\/www.camping-erromardie.com\/es\/wp-json\/wp\/v2\/sujet?post=17998"}],"curies":[{"name":"wp","href":"https:\/\/api.w.org\/{rel}","templated":true}]}}