{"id":18654,"date":"2025-03-14T16:53:12","date_gmt":"2025-03-14T15:53:12","guid":{"rendered":"https:\/\/www.camping-erromardie.com\/accueil-pmr\/"},"modified":"2025-06-12T13:20:30","modified_gmt":"2025-06-12T11:20:30","slug":"mobile-home-ostadara-saint-jean-de-luz","status":"publish","type":"page","link":"https:\/\/www.camping-erromardie.com\/en\/mobile-home-ostadara-saint-jean-de-luz\/","title":{"rendered":"Campsite PMR"},"content":{"rendered":"<section id=\"ls-section-block_b78de4a768edce4565c00b893006e2c9\" class=\"ls-section  page-titre\" >\r\n        <div class=\"container container--wide\">\r\n        \n\n<h1 class=\"ls__heading wp-block-heading has-text-align-center has-color-4-color has-text-color has-link-color wp-elements-51f321dc14e1d17b15c78ad5143aa430\">Campsite PMR<\/h1>\n\n\r\n    <\/div>\r\n<\/section><section id=\"ls-section-block_9251accb4c04259ab2dcb950a2343255\" class=\"ls-section  home-first page-one has-p-b p-b-14\" >\r\n        <div class=\"container container--wide\">\r\n        \n\n<div class=\"wp-block-columns is-layout-flex wp-container-core-columns-is-layout-9d6595d7 wp-block-columns-is-layout-flex\">\n<div class=\"wp-block-column is-layout-flow wp-block-column-is-layout-flow\" style=\"flex-basis:33.33%\">\n<div class=\"wp-block-columns is-layout-flex wp-container-core-columns-is-layout-9d6595d7 wp-block-columns-is-layout-flex\">\n<div class=\"wp-block-column column-border is-layout-flow wp-block-column-is-layout-flow\">\n<h2 class=\"ls__heading wp-block-heading\">PMR camping<\/h2>\n\n\n\n<p class=\"ls-paragraph\">The campsite is wheelchair-accessible, flat and level. The shuttle has wheelchair access and can be booked through the HEGOBUS network for transport in the Basque Country. <\/p>\n\n\n\n<p class=\"ls-paragraph\">New: We now have an accessible Fitness base and a category of bare pitches with water, electricity and PRM sanitary facilities.<\/p>\n<\/div>\n<\/div>\n<\/div>\n\n\n\n<div class=\"wp-block-column is-layout-flow wp-block-column-is-layout-flow\" style=\"flex-basis:66.66%\">\n<figure class=\"wp-block-gallery has-nested-images columns-default is-cropped wp-block-gallery-1 is-layout-flex wp-block-gallery-is-layout-flex\">\n<figure class=\"wp-block-image size-full animated fadeIn delay-200ms\"><a href=\"https:\/\/www.camping-erromardie.com\/wp-content\/uploads\/2025\/04\/Camping-PMR-pays-basque-erromardie.jpg\"><img loading=\"lazy\" decoding=\"async\" width=\"2000\" height=\"1335\" data-id=\"12333\" src=\"https:\/\/www.camping-erromardie.com\/wp-content\/uploads\/2025\/04\/Camping-PMR-pays-basque-erromardie.jpg\" alt=\"Camping PMR pays basque erromardie\" class=\"wp-image-12333\" srcset=\"https:\/\/www.camping-erromardie.com\/wp-content\/uploads\/2025\/04\/Camping-PMR-pays-basque-erromardie.jpg 2000w, https:\/\/www.camping-erromardie.com\/wp-content\/uploads\/2025\/04\/Camping-PMR-pays-basque-erromardie-300x200.jpg 300w, https:\/\/www.camping-erromardie.com\/wp-content\/uploads\/2025\/04\/Camping-PMR-pays-basque-erromardie-1024x684.jpg 1024w, https:\/\/www.camping-erromardie.com\/wp-content\/uploads\/2025\/04\/Camping-PMR-pays-basque-erromardie-768x513.jpg 768w, https:\/\/www.camping-erromardie.com\/wp-content\/uploads\/2025\/04\/Camping-PMR-pays-basque-erromardie-1536x1025.jpg 1536w\" sizes=\"auto, (max-width: 2000px) 100vw, 2000px\" \/><\/a><\/figure>\n\n\n\n<figure class=\"wp-block-image size-full animated fadeIn\"><a href=\"https:\/\/www.camping-erromardie.com\/wp-content\/uploads\/2025\/04\/Chambre-PMR-Camping-pays-basque.jpg\"><img loading=\"lazy\" decoding=\"async\" width=\"2000\" height=\"1335\" data-id=\"12368\" src=\"https:\/\/www.camping-erromardie.com\/wp-content\/uploads\/2025\/04\/Chambre-PMR-Camping-pays-basque.jpg\" alt=\"PMR room Camping pays basque\" class=\"wp-image-12368\" srcset=\"https:\/\/www.camping-erromardie.com\/wp-content\/uploads\/2025\/04\/Chambre-PMR-Camping-pays-basque.jpg 2000w, https:\/\/www.camping-erromardie.com\/wp-content\/uploads\/2025\/04\/Chambre-PMR-Camping-pays-basque-300x200.jpg 300w, https:\/\/www.camping-erromardie.com\/wp-content\/uploads\/2025\/04\/Chambre-PMR-Camping-pays-basque-1024x684.jpg 1024w, https:\/\/www.camping-erromardie.com\/wp-content\/uploads\/2025\/04\/Chambre-PMR-Camping-pays-basque-768x513.jpg 768w, https:\/\/www.camping-erromardie.com\/wp-content\/uploads\/2025\/04\/Chambre-PMR-Camping-pays-basque-1536x1025.jpg 1536w\" sizes=\"auto, (max-width: 2000px) 100vw, 2000px\" \/><\/a><\/figure>\n<\/figure>\n<\/div>\n<\/div>\n\n\r\n    <\/div>\r\n<\/section><section id=\"ls-section-block_ec5bbeda00f5e84ea6bd9b33dcbb16c2\" class=\"ls-section  home-first page-two has-background has-color-6-background-color\" >\r\n        <div class=\"container container--wide\">\r\n        \n\n<div class=\"wp-block-columns is-layout-flex wp-container-core-columns-is-layout-9d6595d7 wp-block-columns-is-layout-flex\">\n<div class=\"wp-block-column is-layout-flow wp-block-column-is-layout-flow\" style=\"flex-basis:66.66%\">\n<figure class=\"wp-block-gallery has-nested-images columns-default is-cropped wp-block-gallery-2 is-layout-flex wp-block-gallery-is-layout-flex\">\n<figure class=\"wp-block-image size-full animated fadeIn delay-200ms\"><a href=\"https:\/\/www.camping-erromardie.com\/wp-content\/uploads\/2025\/04\/toilettes-PMR-pays-basque.jpg\"><img loading=\"lazy\" decoding=\"async\" width=\"2000\" height=\"1335\" data-id=\"12343\" src=\"https:\/\/www.camping-erromardie.com\/wp-content\/uploads\/2025\/04\/toilettes-PMR-pays-basque.jpg\" alt=\"toilet PMR pays basque\" class=\"wp-image-12343\" srcset=\"https:\/\/www.camping-erromardie.com\/wp-content\/uploads\/2025\/04\/toilettes-PMR-pays-basque.jpg 2000w, https:\/\/www.camping-erromardie.com\/wp-content\/uploads\/2025\/04\/toilettes-PMR-pays-basque-300x200.jpg 300w, https:\/\/www.camping-erromardie.com\/wp-content\/uploads\/2025\/04\/toilettes-PMR-pays-basque-1024x684.jpg 1024w, https:\/\/www.camping-erromardie.com\/wp-content\/uploads\/2025\/04\/toilettes-PMR-pays-basque-768x513.jpg 768w, https:\/\/www.camping-erromardie.com\/wp-content\/uploads\/2025\/04\/toilettes-PMR-pays-basque-1536x1025.jpg 1536w\" sizes=\"auto, (max-width: 2000px) 100vw, 2000px\" \/><\/a><\/figure>\n\n\n\n<figure class=\"wp-block-image size-full animated fadeIn\"><a href=\"https:\/\/www.camping-erromardie.com\/wp-content\/uploads\/2025\/04\/Cuisine-Camping-PMR-pays-basque.jpg\"><img loading=\"lazy\" decoding=\"async\" width=\"2000\" height=\"1335\" data-id=\"12348\" src=\"https:\/\/www.camping-erromardie.com\/wp-content\/uploads\/2025\/04\/Cuisine-Camping-PMR-pays-basque.jpg\" alt=\"Kitchen Camping PMR pays basque\" class=\"wp-image-12348\" srcset=\"https:\/\/www.camping-erromardie.com\/wp-content\/uploads\/2025\/04\/Cuisine-Camping-PMR-pays-basque.jpg 2000w, https:\/\/www.camping-erromardie.com\/wp-content\/uploads\/2025\/04\/Cuisine-Camping-PMR-pays-basque-300x200.jpg 300w, https:\/\/www.camping-erromardie.com\/wp-content\/uploads\/2025\/04\/Cuisine-Camping-PMR-pays-basque-1024x684.jpg 1024w, https:\/\/www.camping-erromardie.com\/wp-content\/uploads\/2025\/04\/Cuisine-Camping-PMR-pays-basque-768x513.jpg 768w, https:\/\/www.camping-erromardie.com\/wp-content\/uploads\/2025\/04\/Cuisine-Camping-PMR-pays-basque-1536x1025.jpg 1536w\" sizes=\"auto, (max-width: 2000px) 100vw, 2000px\" \/><\/a><\/figure>\n<\/figure>\n<\/div>\n\n\n\n<div class=\"wp-block-column is-layout-flow wp-block-column-is-layout-flow\" style=\"flex-basis:33.33%\">\n<div class=\"wp-block-columns is-layout-flex wp-container-core-columns-is-layout-9d6595d7 wp-block-columns-is-layout-flex\">\n<div class=\"wp-block-column column-border is-layout-flow wp-block-column-is-layout-flow\">\n<h2 class=\"ls__heading wp-block-heading has-color-1-color has-text-color has-link-color wp-elements-dc2ae059158f176da05d5f24fb9957c7\">The PMR mobile home<\/h2>\n\n\n\n<p class=\"ls-paragraph\">The OSTADARA mobile home is accessible to PRMs and features :<\/p>\n\n\n\n<ul class=\"ls-list ls-list-undefined wp-block-list\">\n<li>an area of 30.5 m2<\/li>\n\n\n\n<li>an 18 m2 covered terrace<\/li>\n\n\n\n<li>2 bedrooms<\/li>\n<\/ul>\n\n\n\n<p class=\"ls-paragraph\">and many more &#8230;<\/p>\n<\/div>\n<\/div>\n<\/div>\n<\/div>\n\n\r\n    <\/div>\r\n<\/section><section id=\"ls-section-block_b78de4a768edce4565c00b893006e2c9\" class=\"ls-section  page-titre\" >\r\n        <div class=\"container container--wide\">\r\n        \n\n<div id=\"ls-maillage-block_4af1d42ec9a9899ec3446a547883d856\" class=\"ls-maillage cta-style-normal\" data-rows=\"3\">\n\n    <div class=\"wp-block-columns\"><div class=\"wp-block-column\"><div class=\"ls-hebergement\" data-postid='18654' data-id-reservation='' data-id-site='' data-id1='' data-nombre_de_personnes='' data-nombre_de_chambres='' data-last-update='' data-type=''>\n\t\t\t<div class=\"ls-hebergement__thumb\">\n\t\t\t\t\t\t<img decoding=\"async\" src=\"https:\/\/www.camping-erromardie.com\/wp-content\/uploads\/2025\/03\/pict_17_1.jpg\" alt=\"MH OSTADARA 4 pers PMR\" \/>\n\t\t<\/div>\n\t\t<div class=\"ls-hebergement__content\">\n\n\n\t\t\t<div class=\"ls-hebergement__title\">\n\t\t\t\tMH OSTADARA 4 pers PMR\t\t\t<\/div>\n\n\n\t\t\t<div class=\"ls-hebergement__icons\">\n\n\t\t\t\t\t\t\t\t\t<span class=\"ls-hebergement__icon\">\n\t\t\t\t\t\t<i class=\"erromardie-personne\"><\/i>\n\t\t\t\t\t\t<span>\n\t\t\t\t\t\t\t4\t\t\t\t\t\t<\/span>\n\t\t\t\t\t<\/span>\n\t\t\t\t\n\t\t\t\t\t\t\t\t\t<span class=\"ls-hebergement__icon\">\n\t\t\t\t\t\t<i class=\"erromardie-porte-ouverte\"><\/i>\n\t\t\t\t\t\t<span>\n\t\t\t\t\t\t\t2\t\t\t\t\t\t<\/span>\n\t\t\t\t\t<\/span>\n\t\t\t\t\n\t\t\t\t\t\t\t\t\t<span class=\"ls-hebergement__icon\">\n\t\t\t\t\t\t<i class=\"erromardie-douche\"><\/i>\n\t\t\t\t\t\t<span>\n\t\t\t\t\t\t\t1\t\t\t\t\t\t<\/span>\n\t\t\t\t\t<\/span>\n\t\t\t\t\n\t\t\t\t\t\t\t\t\t<span class=\"ls-hebergement__icon\">\n\t\t\t\t\t\t<i class=\"erromardie-surface\"><\/i>\n\t\t\t\t\t\t<span>\n\t\t\t\t\t\t\t30m\u00b2\n\t\t\t\t\t\t<\/span>\n\t\t\t\t\t<\/span>\n\t\t\t\t\n\t\t\t<\/div>\n\n\t\t\t<div class=\"ls-hebergement__disponibilites\">\n\t\t\t\tDiscover\t\t\t<\/div>\n\t\t<\/div>\n\t\t<div class=\"ls-single-hebergement\" data-postid='1239' data-id-reservation='17' data-id-site='5031' data-id1='80122' data-nombre_de_personnes='4' data-nombre_de_chambres='2' data-last-update='2025-11-04 11:08:34' data-type='location-fr mobil-home-fr' data-options-hebergements='animaux-autorises-en chauffage-en climatisation-en micro-ondes-en parking-1-place-en pmr-en refrigerateur-en salle-de-bain-en television-en'>\n\t<div class=\"container\">\n\n\t\t\t\t\t<div class=\"ls-single-hebergement__close\">\n\t\t\t\t<i class=\"fas fa-times\"><\/i> Close\t\t\t<\/div>\n\t\t\t\t<div class=\"ls-single-hebergement__thumbnail\">\n\t\t\t<img loading=\"lazy\" decoding=\"async\" width=\"800\" height=\"533\" src=\"https:\/\/www.camping-erromardie.com\/wp-content\/uploads\/2025\/03\/pict_17_1.jpg\" class=\"attachment-full size-full wp-post-image\" alt=\"\" srcset=\"https:\/\/www.camping-erromardie.com\/wp-content\/uploads\/2025\/03\/pict_17_1.jpg 800w, https:\/\/www.camping-erromardie.com\/wp-content\/uploads\/2025\/03\/pict_17_1-300x200.jpg 300w, https:\/\/www.camping-erromardie.com\/wp-content\/uploads\/2025\/03\/pict_17_1-768x512.jpg 768w\" sizes=\"auto, (max-width: 800px) 100vw, 800px\" \/>\t\t<\/div>\n\t\t<div class=\"wp-block-columns\">\n\t\t\t<div class=\"wp-block-column\" style=\"flex-basis:66.66%\">\n\n\t\t\t\t<div class=\"ls-single-hebergement__title\">MH OSTADARA 4 pers PMR<\/div>\n\n\t\t\t\t<div class=\"ls-single-hebergement__icons\">\n\t\t\t\t\t\t\t\t\t\t\t<span class=\"ls-single-hebergement__icon\">\n\t\t\t\t\t\t\t<i class=\"erromardie-personne\"><\/i>\n\t\t\t\t\t\t\t\t\t\t\t\t\t\t\t<span>4 pers.<\/span>\n\t\t\t\t\t\t\t\t\t\t\t\t\t<\/span>\n\t\t\t\t\t\n\t\t\t\t\t\t\t\t\t\t\t<span class=\"ls-single-hebergement__icon\">\n\t\t\t\t\t\t\t<i class=\"erromardie-porte-ouverte\"><\/i>\n\t\t\t\t\t\t\t\t\t\t\t\t\t\t\t<span>2 ch.<\/span>\n\t\t\t\t\t\t\t\t\t\t\t\t\t<\/span>\n\t\t\t\t\t\n\t\t\t\t\t\t\t\t\t\t\t<span class=\"ls-single-hebergement__icon\">\n\t\t\t\t\t\t\t<i class=\"erromardie-douche\"><\/i>\n\t\t\t\t\t\t\t\t\t\t\t\t\t\t\t<span>1 SDB<\/span>\n\t\t\t\t\t\t\t\t\t\t\t\t\t<\/span>\n\t\t\t\t\t\n\n\t\t\t\t\t\t\t\t\t\t\t<span class=\"ls-single-hebergement__icon\">\n\t\t\t\t\t\t\t<i class=\"erromardie-surface\"><\/i>\n\t\t\t\t\t\t\t<span>30m\u00b2<\/span>\n\t\t\t\t\t\t<\/span>\n\t\t\t\t\t\n\t\t\t\t<\/div> <!-- End icons -->\n\n\t\t\t\t<div class=\"ls-single-hebergement__description\">\n\t\t\t\t\tMH OSTADARA PMR\nAnciennet\u00e9 : 0 \u00e0 7 ans\nSurface : 31m\u00b2\nCapacit\u00e9 : 4 personnes\nTerrasse couverte : 18 m2. \nClimatisation +  2 T\u00e9l\u00e9visions (1 dans la chambre + 1 dans le salon) \nCuisine : \u00e9vier inox, gaz 4 feux, frigo table top, chauffe-eau, micro-onde, bouilloire, cafeti\u00e8re \u00e0 filtre, grille-pain, table, chaises de jardin.\nDimensions de couchages : 2 chambres, 1 lit de 140 x 190 cm, 2 lits de 80 x 200 cm superpos\u00e9s.\nChauffage.\nSalle de bain : douche, lavabo, WC ind\u00e9pendant.\nUstensiles de cuisine et m\u00e9nage : vaisselle compl\u00e8te, table et chaise de jardin \u00e0 l&#8217;ext\u00e9rieur.\nOreillers et couettes fournis. Vous munir de draps et linge personnel.\n\t\t\t\t\t\t\t\t\t<\/div>\n\n\t\t\t\t\t\t\t<\/div>\n\t\t\t<div class=\"wp-block-column\" style=\"flex-basis:33.333%\">\n\t\t\t\t<div class=\"ls-single-hebergement__sidebar\">\n\t\t\t\t\t<div class=\"ls-single-hebergement__sidebar__title\">Your stay<\/div>\n\t\t\t\t\t<form class=\"form-resa form-resa--single\">\n\t\t\t\t\t\t<div class=\"form-resa__dates\">\n\t\t\t\t\t\t\t<div class=\"form-resa__date\">\n\t\t\t\t\t\t\t\t\t\t\t\t\t\t\t\t<input autocomplete=\"off\" id=\"form-resa-single__start\" value=\"\" class=\"datepicker datepicker--start\" type=\"text\" placeholder=\"Arrival\">\n\t\t\t\t\t\t\t<\/div>\n\t\t\t\t\t\t\t<span>&#8211;<\/span>\n\t\t\t\t\t\t\t<div class=\"form-resa__date\">\n\t\t\t\t\t\t\t\t\t\t\t\t\t\t\t\t<input autocomplete=\"off\" id=\"form-resa-single__end\" value=\"\" class=\"datepicker datepicker--end\" type=\"text\" placeholder=\"Departure\">\n\t\t\t\t\t\t\t<\/div>\n\t\t\t\t\t\t<\/div>\n\t\t\t\t\t<\/form>\n\t\t\t\t\t<div class=\"disponibilite-wrap ls-dispo\">\n\t\t\t\t\t\tDiscover\t\t\t\t\t<\/div>\n\t\t\t\t<\/div>\n\t\t\t<\/div>\n\t\t<\/div>\n\t\t\t\t\t<div class=\"ls-single-hebergement__galerie\">\n\t\t\t\t\t\t\t\t\t<div class=\"ls-single-hebergement__galerie__image\">\n\t\t\t\t\t\t<a href=\"https:\/\/www.camping-erromardie.com\/wp-content\/uploads\/2025\/03\/pict_17_2.jpg\" data-fancybox=\"hebergement\">\n\t\t\t\t\t\t\t<img decoding=\"async\" src=\"https:\/\/www.camping-erromardie.com\/wp-content\/uploads\/2025\/03\/pict_17_2.jpg\" alt=\"\" \/>\n\t\t\t\t\t\t<\/a>\n\t\t\t\t\t<\/div>\n\t\t\t\t\t\t\t\t\t<div class=\"ls-single-hebergement__galerie__image\">\n\t\t\t\t\t\t<a href=\"https:\/\/www.camping-erromardie.com\/wp-content\/uploads\/2025\/03\/pict_17_3.jpg\" data-fancybox=\"hebergement\">\n\t\t\t\t\t\t\t<img decoding=\"async\" src=\"https:\/\/www.camping-erromardie.com\/wp-content\/uploads\/2025\/03\/pict_17_3.jpg\" alt=\"\" \/>\n\t\t\t\t\t\t<\/a>\n\t\t\t\t\t<\/div>\n\t\t\t\t\t\t\t\t\t<div class=\"ls-single-hebergement__galerie__image\">\n\t\t\t\t\t\t<a href=\"https:\/\/www.camping-erromardie.com\/wp-content\/uploads\/2025\/03\/pict_17_4.jpg\" data-fancybox=\"hebergement\">\n\t\t\t\t\t\t\t<img decoding=\"async\" src=\"https:\/\/www.camping-erromardie.com\/wp-content\/uploads\/2025\/03\/pict_17_4.jpg\" alt=\"\" \/>\n\t\t\t\t\t\t<\/a>\n\t\t\t\t\t<\/div>\n\t\t\t\t\t\t\t\t\t<div class=\"ls-single-hebergement__galerie__image\">\n\t\t\t\t\t\t<a href=\"https:\/\/www.camping-erromardie.com\/wp-content\/uploads\/2025\/03\/pict_17_5.jpg\" data-fancybox=\"hebergement\">\n\t\t\t\t\t\t\t<img decoding=\"async\" src=\"https:\/\/www.camping-erromardie.com\/wp-content\/uploads\/2025\/03\/pict_17_5.jpg\" alt=\"\" \/>\n\t\t\t\t\t\t<\/a>\n\t\t\t\t\t<\/div>\n\t\t\t\t\t\t\t\t\t<div class=\"ls-single-hebergement__galerie__image\">\n\t\t\t\t\t\t<a href=\"https:\/\/www.camping-erromardie.com\/wp-content\/uploads\/2025\/03\/pict_17_6.jpg\" data-fancybox=\"hebergement\">\n\t\t\t\t\t\t\t<img decoding=\"async\" src=\"https:\/\/www.camping-erromardie.com\/wp-content\/uploads\/2025\/03\/pict_17_6.jpg\" alt=\"\" \/>\n\t\t\t\t\t\t<\/a>\n\t\t\t\t\t<\/div>\n\t\t\t\t\t\t\t\t\t<div class=\"ls-single-hebergement__galerie__image\">\n\t\t\t\t\t\t<a href=\"https:\/\/www.camping-erromardie.com\/wp-content\/uploads\/2025\/03\/pict_17_7.jpg\" data-fancybox=\"hebergement\">\n\t\t\t\t\t\t\t<img decoding=\"async\" src=\"https:\/\/www.camping-erromardie.com\/wp-content\/uploads\/2025\/03\/pict_17_7.jpg\" alt=\"\" \/>\n\t\t\t\t\t\t<\/a>\n\t\t\t\t\t<\/div>\n\t\t\t\t\t\t\t<\/div>\n\t\t\t<\/div>\n<\/div><\/div><\/div><\/div>\n<\/div>\n\r\n    <\/div>\r\n<\/section><section id=\"ls-section-block_a9cc37199a1bcb0ebcf5b392e8be2b69\" class=\"ls-section  page-cta\" >\r\n        <div class=\"container container--wide\">\r\n        \n\n<div id=\"ls-heading ls-titre-div-block_bdda890432f9469d34cf9479e4cae9c0\" class=\"ls-titre-div aligncenter h2-like has-text-color has-color-1-color\" >\n    Discover our seaside, our pitches and our mobile homes<\/div>\n\n\n\n<div id=\"ls-maillage-block_e66bec2556f06283782943fb4bda47ea\" class=\"ls-maillage cta-style-normal\" data-rows=\"3\">\n\n    <div class=\"wp-block-columns\"><div class=\"wp-block-column\">\n\n<a href=\"https:\/\/www.camping-erromardie.com\/en\/seaside-campsite-in-the-basque-country\/\" target=\"\" rel=\"noopener\" class=\"ls-cta__link\" data-categ=\"\">\n\t<div class=\"ls-cta__image\"><img decoding=\"async\" src=\"https:\/\/www.camping-erromardie.com\/wp-content\/uploads\/2025\/04\/Erromardie-88.jpg\" alt=\"\"><\/div>\n\t<div class=\"ls-cta__title\">\n\t\tSeaside\t<\/div>\n\n\t<\/a><\/div><div class=\"wp-block-column\">\n\n<a href=\"https:\/\/www.camping-erromardie.com\/en\/rental-mobile-home-bask-country\/\" target=\"\" rel=\"noopener\" class=\"ls-cta__link\" data-categ=\"\">\n\t<div class=\"ls-cta__image\"><img decoding=\"async\" src=\"https:\/\/www.camping-erromardie.com\/wp-content\/uploads\/2025\/04\/Camping-Erromardie-environnement-4-scaled.jpg\" alt=\"\"><\/div>\n\t<div class=\"ls-cta__title\">\n\t\tMobile homes\t<\/div>\n\n\t<\/a><\/div><div class=\"wp-block-column\">\n\n<a href=\"https:\/\/www.camping-erromardie.com\/en\/basque-country-pitch-hire\/\" target=\"\" rel=\"noopener\" class=\"ls-cta__link\" data-categ=\"\">\n\t<div class=\"ls-cta__image\"><img decoding=\"async\" src=\"https:\/\/www.camping-erromardie.com\/wp-content\/uploads\/2025\/04\/Location-emplacement-camping-car-pays-basque.jpg\" alt=\"\"><\/div>\n\t<div class=\"ls-cta__title\">\n\t\tLocations\t<\/div>\n\n\t<\/a><\/div><\/div>\n<\/div>\n\r\n    <\/div>\r\n<\/section>","protected":false},"excerpt":{"rendered":"","protected":false},"author":1,"featured_media":17242,"parent":0,"menu_order":58,"comment_status":"closed","ping_status":"closed","template":"","meta":{"_acf_changed":false,"_seopress_robots_primary_cat":"","_seopress_titles_title":"PMR campsite in the Basque Country : PMR mobile home rental St Jean de Luz","_seopress_titles_desc":"Discover our PMR campsite in the Basque Country at Saint-Jean-de-Luz: flat, level terrain, adapted OSTADARA mobile homes, pitches with accessible sanitary facilities and HEGOBUS PMR shuttle bus. Comfortable, inclusive vacations guaranteed! ","_seopress_robots_index":"","footnotes":""},"sujet":[],"class_list":["post-18654","page","type-page","status-publish","has-post-thumbnail","hentry"],"acf":[],"_links":{"self":[{"href":"https:\/\/www.camping-erromardie.com\/en\/wp-json\/wp\/v2\/pages\/18654","targetHints":{"allow":["GET"]}}],"collection":[{"href":"https:\/\/www.camping-erromardie.com\/en\/wp-json\/wp\/v2\/pages"}],"about":[{"href":"https:\/\/www.camping-erromardie.com\/en\/wp-json\/wp\/v2\/types\/page"}],"author":[{"embeddable":true,"href":"https:\/\/www.camping-erromardie.com\/en\/wp-json\/wp\/v2\/users\/1"}],"replies":[{"embeddable":true,"href":"https:\/\/www.camping-erromardie.com\/en\/wp-json\/wp\/v2\/comments?post=18654"}],"version-history":[{"count":5,"href":"https:\/\/www.camping-erromardie.com\/en\/wp-json\/wp\/v2\/pages\/18654\/revisions"}],"predecessor-version":[{"id":19891,"href":"https:\/\/www.camping-erromardie.com\/en\/wp-json\/wp\/v2\/pages\/18654\/revisions\/19891"}],"wp:featuredmedia":[{"embeddable":true,"href":"https:\/\/www.camping-erromardie.com\/en\/wp-json\/wp\/v2\/media\/17242"}],"wp:attachment":[{"href":"https:\/\/www.camping-erromardie.com\/en\/wp-json\/wp\/v2\/media?parent=18654"}],"wp:term":[{"taxonomy":"sujet","embeddable":true,"href":"https:\/\/www.camping-erromardie.com\/en\/wp-json\/wp\/v2\/sujet?post=18654"}],"curies":[{"name":"wp","href":"https:\/\/api.w.org\/{rel}","templated":true}]}}