{"id":18572,"date":"2025-03-14T16:52:33","date_gmt":"2025-03-14T15:52:33","guid":{"rendered":"https:\/\/www.camping-erromardie.com\/bord-de-mer\/"},"modified":"2025-06-12T11:20:15","modified_gmt":"2025-06-12T09:20:15","slug":"seaside-campsite-in-the-basque-country","status":"publish","type":"page","link":"https:\/\/www.camping-erromardie.com\/en\/seaside-campsite-in-the-basque-country\/","title":{"rendered":"Seaside"},"content":{"rendered":"<section id=\"ls-section-block_52fefbc17129be18263cb0994a5f74ad\" class=\"ls-section  page-titre\" >\r\n        <div class=\"container container--wide\">\r\n        \n\n<h1 class=\"ls__heading wp-block-heading has-text-align-center has-color-4-color has-text-color has-link-color wp-elements-452155fc7101b0fc132e51105283dcc4\">Camping Pays Basque seaside<\/h1>\n\n\r\n    <\/div>\r\n<\/section><section id=\"ls-section-block_573da67023eee6283c97c2cec4400942\" class=\"ls-section  home-first page-one\" >\r\n        <div class=\"container container--wide\">\r\n        \n\n<div class=\"wp-block-columns is-layout-flex wp-container-core-columns-is-layout-9d6595d7 wp-block-columns-is-layout-flex\">\n<div class=\"wp-block-column is-layout-flow wp-block-column-is-layout-flow\" style=\"flex-basis:33.33%\">\n<div class=\"wp-block-columns is-layout-flex wp-container-core-columns-is-layout-9d6595d7 wp-block-columns-is-layout-flex\">\n<div class=\"wp-block-column column-border is-layout-flow wp-block-column-is-layout-flow\">\n<h2 class=\"ls__heading wp-block-heading has-color-1-color has-text-color has-link-color wp-elements-cb537150afc00c941b34d9799a2116ce\">Your oceanfront vacation on the Basque Coast<\/h2>\n\n\n\n<p class=\"ls-paragraph\">Envie de planifier un s\u00e9jour en camping pr\u00e8s de la mer dans le sud-ouest de la France, face aux c\u00e9l\u00e8bres <a href=\"https:\/\/www.camping-erromardie.com\/en\/basque-country\/the-basque-beaches\/\">plages de la c\u00f4te basque<\/a>, \u00e0 deux pas des Pyr\u00e9n\u00e9es et de la fronti\u00e8re espagnole ?<\/p>\n\n\n\n<p class=\"ls-paragraph\">A campsite that lets you go from your tent or mobile home to your sand castles in less than ten minutes? Welcome to Ferme Erromardie, your <strong>seaside campsite in Saint-Jean-de-Luz<\/strong>, designed for family, friends or romantic vacations. <\/p>\n\n\n\n<p class=\"ls-paragraph\">Le <a href=\"https:\/\/www.camping-erromardie.com\/en\/\" data-type=\"page\" data-id=\"270\">camping Pays Basque bord de mer<\/a> dispose d\u2019une situation g\u00e9ographique exceptionnelle : avec acc\u00e8s direct \u00e0 la plage d\u2019Erromardie \u00e0 Saint-Jean-de-Luz, vous ne r\u00e9sisterez pas \u00e0 l\u2019appel de la baignade, ou la pratique des <a href=\"https:\/\/www.camping-erromardie.com\/saint-jean-de-luz\/ecoles-de-surf\/\" data-type=\"post\" data-id=\"7429\">sports de glisse comme le surf<\/a> ou le body board.<\/p>\n\n\n\n<p class=\"ls-paragraph\">Lovers of idleness can lie back on the sandy beach in front of the campsite, and enjoy some of the most beautiful sunsets on the Basque coast.<\/p>\n\n\n\n<p class=\"ls-paragraph\">So go ahead, book your stay at our <strong>seaside campsite in the Pays Basque<\/strong>!  <\/p>\n<\/div>\n<\/div>\n<\/div>\n\n\n\n<div class=\"wp-block-column is-layout-flow wp-block-column-is-layout-flow\" style=\"flex-basis:66.66%\">\n<figure class=\"wp-block-gallery has-nested-images columns-default is-cropped wp-block-gallery-1 is-layout-flex wp-block-gallery-is-layout-flex\">\n<figure class=\"wp-block-image size-full animated fadeIn delay-200ms\"><a href=\"https:\/\/www.camping-erromardie.com\/wp-content\/uploads\/2025\/04\/Surfer-au-pays-basque.jpg\"><img loading=\"lazy\" decoding=\"async\" width=\"2024\" height=\"1350\" data-id=\"17098\" src=\"https:\/\/www.camping-erromardie.com\/wp-content\/uploads\/2025\/04\/Surfer-au-pays-basque.jpg\" alt=\"Surfing in the Basque Country\" class=\"wp-image-17098\" srcset=\"https:\/\/www.camping-erromardie.com\/wp-content\/uploads\/2025\/04\/Surfer-au-pays-basque.jpg 2024w, https:\/\/www.camping-erromardie.com\/wp-content\/uploads\/2025\/04\/Surfer-au-pays-basque-300x200.jpg 300w, https:\/\/www.camping-erromardie.com\/wp-content\/uploads\/2025\/04\/Surfer-au-pays-basque-1024x683.jpg 1024w, https:\/\/www.camping-erromardie.com\/wp-content\/uploads\/2025\/04\/Surfer-au-pays-basque-768x512.jpg 768w, https:\/\/www.camping-erromardie.com\/wp-content\/uploads\/2025\/04\/Surfer-au-pays-basque-1536x1025.jpg 1536w\" sizes=\"auto, (max-width: 2024px) 100vw, 2024px\" \/><\/a><\/figure>\n\n\n\n<figure class=\"wp-block-image size-full animated fadeIn\"><a href=\"https:\/\/www.camping-erromardie.com\/wp-content\/uploads\/2025\/04\/camping-paradis-la-ferme-erromardie-1.jpg\"><img loading=\"lazy\" decoding=\"async\" width=\"2000\" height=\"1163\" data-id=\"17091\" src=\"https:\/\/www.camping-erromardie.com\/wp-content\/uploads\/2025\/04\/camping-paradis-la-ferme-erromardie-1.jpg\" alt=\"camping paradis la ferme erromardie\" class=\"wp-image-17091\" srcset=\"https:\/\/www.camping-erromardie.com\/wp-content\/uploads\/2025\/04\/camping-paradis-la-ferme-erromardie-1.jpg 2000w, https:\/\/www.camping-erromardie.com\/wp-content\/uploads\/2025\/04\/camping-paradis-la-ferme-erromardie-1-300x174.jpg 300w, https:\/\/www.camping-erromardie.com\/wp-content\/uploads\/2025\/04\/camping-paradis-la-ferme-erromardie-1-1024x595.jpg 1024w, https:\/\/www.camping-erromardie.com\/wp-content\/uploads\/2025\/04\/camping-paradis-la-ferme-erromardie-1-768x447.jpg 768w, https:\/\/www.camping-erromardie.com\/wp-content\/uploads\/2025\/04\/camping-paradis-la-ferme-erromardie-1-1536x893.jpg 1536w\" sizes=\"auto, (max-width: 2000px) 100vw, 2000px\" \/><\/a><\/figure>\n<\/figure>\n<\/div>\n<\/div>\n\n\r\n    <\/div>\r\n<\/section><section id=\"ls-section-block_deecab97941ada98734acfbc71cf6049\" class=\"ls-section  home-first page-two has-background has-color-6-background-color\" >\r\n        <div class=\"container container--wide\">\r\n        \n\n<div class=\"wp-block-columns is-layout-flex wp-container-core-columns-is-layout-9d6595d7 wp-block-columns-is-layout-flex\">\n<div class=\"wp-block-column is-layout-flow wp-block-column-is-layout-flow\" style=\"flex-basis:66.66%\">\n<figure class=\"wp-block-gallery has-nested-images columns-default is-cropped wp-block-gallery-2 is-layout-flex wp-block-gallery-is-layout-flex\">\n<figure class=\"wp-block-image size-full animated fadeIn delay-200ms\"><a href=\"https:\/\/www.camping-erromardie.com\/wp-content\/uploads\/2025\/04\/camping-saint-jean-de-luz-la-ferme-erromardie-pays-basque.jpg\"><img loading=\"lazy\" decoding=\"async\" width=\"2000\" height=\"1335\" data-id=\"17104\" src=\"https:\/\/www.camping-erromardie.com\/wp-content\/uploads\/2025\/04\/camping-saint-jean-de-luz-la-ferme-erromardie-pays-basque.jpg\" alt=\"camping saint jean de luz la ferme erromardie pays basque\" class=\"wp-image-17104\" srcset=\"https:\/\/www.camping-erromardie.com\/wp-content\/uploads\/2025\/04\/camping-saint-jean-de-luz-la-ferme-erromardie-pays-basque.jpg 2000w, https:\/\/www.camping-erromardie.com\/wp-content\/uploads\/2025\/04\/camping-saint-jean-de-luz-la-ferme-erromardie-pays-basque-300x200.jpg 300w, https:\/\/www.camping-erromardie.com\/wp-content\/uploads\/2025\/04\/camping-saint-jean-de-luz-la-ferme-erromardie-pays-basque-1024x684.jpg 1024w, https:\/\/www.camping-erromardie.com\/wp-content\/uploads\/2025\/04\/camping-saint-jean-de-luz-la-ferme-erromardie-pays-basque-768x513.jpg 768w, https:\/\/www.camping-erromardie.com\/wp-content\/uploads\/2025\/04\/camping-saint-jean-de-luz-la-ferme-erromardie-pays-basque-1536x1025.jpg 1536w\" sizes=\"auto, (max-width: 2000px) 100vw, 2000px\" \/><\/a><\/figure>\n\n\n\n<figure class=\"wp-block-image size-full animated fadeIn\"><a href=\"https:\/\/www.camping-erromardie.com\/wp-content\/uploads\/2025\/04\/saint-jean_erromardie.jpg\"><img loading=\"lazy\" decoding=\"async\" width=\"1000\" height=\"667\" data-id=\"11130\" src=\"https:\/\/www.camping-erromardie.com\/wp-content\/uploads\/2025\/04\/saint-jean_erromardie.jpg\" alt=\"saint jean erromardie\" class=\"wp-image-11130\" srcset=\"https:\/\/www.camping-erromardie.com\/wp-content\/uploads\/2025\/04\/saint-jean_erromardie.jpg 1000w, https:\/\/www.camping-erromardie.com\/wp-content\/uploads\/2025\/04\/saint-jean_erromardie-300x200.jpg 300w, https:\/\/www.camping-erromardie.com\/wp-content\/uploads\/2025\/04\/saint-jean_erromardie-768x512.jpg 768w\" sizes=\"auto, (max-width: 1000px) 100vw, 1000px\" \/><\/a><\/figure>\n<\/figure>\n<\/div>\n\n\n\n<div class=\"wp-block-column is-layout-flow wp-block-column-is-layout-flow\" style=\"flex-basis:33.33%\">\n<div class=\"wp-block-columns is-layout-flex wp-container-core-columns-is-layout-9d6595d7 wp-block-columns-is-layout-flex\">\n<div class=\"wp-block-column column-border is-layout-flow wp-block-column-is-layout-flow\">\n<h2 class=\"ls__heading wp-block-heading has-color-1-color has-text-color has-link-color wp-elements-9d64a1dcaa321d61b5b6dc9e39129082\">A campsite facing Erromardie beach for waterfront vacations in Saint Jean de Luz<\/h2>\n\n\n\n<p class=\"ls-paragraph\">Located in the Pyr\u00e9n\u00e9es-Atlantiques region (64), between Hendaye and Biarritz, Ferme Erromardie is a <a href=\"https:\/\/www.camping-bord-de-leau.fr\/mer\/\" target=\"_blank\" rel=\"noreferrer noopener\">4-star campsite<\/a> on the seafront of the Basque coast, on a 2.5-hectare site bordering Erromardie beach.<\/p>\n\n\n\n<p class=\"ls-paragraph\">Our <strong>Pays Basque seaside campsite<\/strong> is an ideal destination for holidaymakers who want to recharge their batteries in a natural setting on the Atlantic coast and lounge on the beach without having to take their car.  <\/p>\n\n\n\n<p class=\"ls-paragraph\">After a hearty breakfast, take a walk on the fine sand. Enjoy the sound of the waves, the sea air and the foam. Take advantage of the proximity of the beach and the region&#8217;s favorable climate to be the first to take a dip. Lie back on your towel, get out your sun cream and treat yourself to a sunbathing session overlooking the sea.     <\/p>\n\n\n\n<p class=\"ls-paragraph\">Are your batteries recharged? Luckily for you, your day has just begun&#8230; <\/p>\n<\/div>\n<\/div>\n<\/div>\n<\/div>\n\n\r\n    <\/div>\r\n<\/section><section id=\"ls-section-block_5ce781f02d4ed502e4e178737a1af8e3\" class=\"ls-section  home-fifth page-three\" >\r\n        <div class=\"container container--wide\">\r\n        \n\n<figure class=\"wp-block-image size-full animated fadeIn\"><a href=\"https:\/\/www.camping-erromardie.com\/wp-content\/uploads\/2025\/04\/plage-derromardi-saint-jeande-luz-1.jpg\"><img loading=\"lazy\" decoding=\"async\" width=\"2000\" height=\"1333\" src=\"https:\/\/www.camping-erromardie.com\/wp-content\/uploads\/2025\/04\/plage-derromardi-saint-jeande-luz-1.jpg\" alt=\"plage derromardi saint jeande luz\" class=\"wp-image-17109\" srcset=\"https:\/\/www.camping-erromardie.com\/wp-content\/uploads\/2025\/04\/plage-derromardi-saint-jeande-luz-1.jpg 2000w, https:\/\/www.camping-erromardie.com\/wp-content\/uploads\/2025\/04\/plage-derromardi-saint-jeande-luz-1-300x200.jpg 300w, https:\/\/www.camping-erromardie.com\/wp-content\/uploads\/2025\/04\/plage-derromardi-saint-jeande-luz-1-1024x682.jpg 1024w, https:\/\/www.camping-erromardie.com\/wp-content\/uploads\/2025\/04\/plage-derromardi-saint-jeande-luz-1-768x512.jpg 768w, https:\/\/www.camping-erromardie.com\/wp-content\/uploads\/2025\/04\/plage-derromardi-saint-jeande-luz-1-1536x1024.jpg 1536w\" sizes=\"auto, (max-width: 2000px) 100vw, 2000px\" \/><\/a><\/figure>\n\n\n\n<h2 class=\"ls__heading wp-block-heading has-text-align-left has-color-1-color has-text-color has-link-color wp-elements-e902e08b99005c2256cd0d2520956fd6\">The most beautiful beaches in Saint Jean de Luz<\/h2>\n\n\n\n<ul class=\"ls-list ls-list-undefined wp-block-list\">\n<li>La Grande Plage, promenade Jacques Thibaud<\/li>\n\n\n\n<li>Erromardie beach, chemin d&#8217;Erromardie<\/li>\n\n\n\n<li>Lafit\u00e9nia beach, Kokotia road<\/li>\n\n\n\n<li>Mayarco Beach, Chemin d&#8217;Aguerria<\/li>\n\n\n\n<li>Cenitz beach, chemin de Senix<\/li>\n\n\n\n<li>Plage des Flots Bleus, boulevard Thiers<\/li>\n\n\n\n<li>La plage bord de la Digue des Chevaux, boulevard Thiers<\/li>\n<\/ul>\n\n\r\n    <\/div>\r\n<\/section><section id=\"ls-section-block_3b4dc89e9122266a46c0ab44412f4d4e\" class=\"ls-section  page-cta\" >\r\n        <div class=\"container container--wide\">\r\n        \n\n<div id=\"ls-heading ls-titre-div-block_0f69840bfeecd06a3f4cd47831e3f7c2\" class=\"ls-titre-div aligncenter h2-like has-text-color has-color-1-color\" >\n    Discover our swimming pool, mobile homes and pitches<\/div>\n\n\n\n<div id=\"ls-maillage-block_5b76f289d6e6beac1d15c3c57f37d297\" class=\"ls-maillage cta-style-normal\" data-rows=\"3\">\n\n    <div class=\"wp-block-columns\"><div class=\"wp-block-column\">\n\n<a href=\"https:\/\/www.camping-erromardie.com\/en\/camping-basque-country-with-pool\/\" target=\"\" rel=\"noopener\" class=\"ls-cta__link\" data-categ=\"\">\n\t<div class=\"ls-cta__image\"><img decoding=\"async\" src=\"https:\/\/www.camping-erromardie.com\/wp-content\/uploads\/2025\/04\/camping-avec-piscine-au-pays-basque.jpg\" alt=\"\"><\/div>\n\t<div class=\"ls-cta__title\">\n\t\tSwimming pool\t<\/div>\n\n\t<\/a><\/div><div class=\"wp-block-column\">\n\n<a href=\"https:\/\/www.camping-erromardie.com\/en\/rental-mobile-home-bask-country\/\" target=\"\" rel=\"noopener\" class=\"ls-cta__link\" data-categ=\"\">\n\t<div class=\"ls-cta__image\"><img decoding=\"async\" src=\"https:\/\/www.camping-erromardie.com\/wp-content\/uploads\/2025\/04\/Camping-Erromardie-environnement-4-scaled.jpg\" alt=\"\"><\/div>\n\t<div class=\"ls-cta__title\">\n\t\tMobile homes\t<\/div>\n\n\t<\/a><\/div><div class=\"wp-block-column\">\n\n<a href=\"https:\/\/www.camping-erromardie.com\/en\/basque-country-pitch-hire\/\" target=\"\" rel=\"noopener\" class=\"ls-cta__link\" data-categ=\"\">\n\t<div class=\"ls-cta__image\"><img decoding=\"async\" src=\"https:\/\/www.camping-erromardie.com\/wp-content\/uploads\/2025\/04\/Location-emplacement-camping-car-pays-basque.jpg\" alt=\"\"><\/div>\n\t<div class=\"ls-cta__title\">\n\t\tLocations\t<\/div>\n\n\t<\/a><\/div><\/div>\n<\/div>\n\r\n    <\/div>\r\n<\/section>","protected":false},"excerpt":{"rendered":"","protected":false},"author":1,"featured_media":17116,"parent":0,"menu_order":99,"comment_status":"closed","ping_status":"closed","template":"","meta":{"_acf_changed":false,"_seopress_robots_primary_cat":"","_seopress_titles_title":"Seaside campsite Pays Basque | Beach campsite on the Basque coast 64","_seopress_titles_desc":"Looking for a seaside holiday? Discover La Ferme Erromardie campsite, just a stone's throw from the most beautiful beaches on the Basque coast. ","_seopress_robots_index":"","footnotes":""},"sujet":[],"class_list":["post-18572","page","type-page","status-publish","has-post-thumbnail","hentry"],"acf":[],"_links":{"self":[{"href":"https:\/\/www.camping-erromardie.com\/en\/wp-json\/wp\/v2\/pages\/18572","targetHints":{"allow":["GET"]}}],"collection":[{"href":"https:\/\/www.camping-erromardie.com\/en\/wp-json\/wp\/v2\/pages"}],"about":[{"href":"https:\/\/www.camping-erromardie.com\/en\/wp-json\/wp\/v2\/types\/page"}],"author":[{"embeddable":true,"href":"https:\/\/www.camping-erromardie.com\/en\/wp-json\/wp\/v2\/users\/1"}],"replies":[{"embeddable":true,"href":"https:\/\/www.camping-erromardie.com\/en\/wp-json\/wp\/v2\/comments?post=18572"}],"version-history":[{"count":10,"href":"https:\/\/www.camping-erromardie.com\/en\/wp-json\/wp\/v2\/pages\/18572\/revisions"}],"predecessor-version":[{"id":19829,"href":"https:\/\/www.camping-erromardie.com\/en\/wp-json\/wp\/v2\/pages\/18572\/revisions\/19829"}],"wp:featuredmedia":[{"embeddable":true,"href":"https:\/\/www.camping-erromardie.com\/en\/wp-json\/wp\/v2\/media\/17116"}],"wp:attachment":[{"href":"https:\/\/www.camping-erromardie.com\/en\/wp-json\/wp\/v2\/media?parent=18572"}],"wp:term":[{"taxonomy":"sujet","embeddable":true,"href":"https:\/\/www.camping-erromardie.com\/en\/wp-json\/wp\/v2\/sujet?post=18572"}],"curies":[{"name":"wp","href":"https:\/\/api.w.org\/{rel}","templated":true}]}}