{"id":18115,"date":"2025-03-14T16:57:32","date_gmt":"2025-03-14T15:57:32","guid":{"rendered":"https:\/\/www.camping-erromardie.com\/camping-espelette\/"},"modified":"2025-06-12T13:33:54","modified_gmt":"2025-06-12T11:33:54","slug":"camping-espelette","status":"publish","type":"page","link":"https:\/\/www.camping-erromardie.com\/en\/camping-espelette\/","title":{"rendered":"Camping Espelette"},"content":{"rendered":"<section id=\"ls-section-block_7ce52c8977c175902f4c1fb6c9641657\" class=\"ls-section  page-titre\" >\r\n        <div class=\"container container--wide\">\r\n        \n\n<h1 class=\"ls__heading wp-block-heading has-text-align-center has-color-4-color has-text-color has-link-color wp-elements-2a0c6402075a0ec37e415276ac41b568\">Campsite Basque Country Espelette<\/h1>\n\n\r\n    <\/div>\r\n<\/section><section id=\"ls-section-block_7ce52c8977c175902f4c1fb6c9641657\" class=\"ls-section  page-titre\" >\r\n        <div class=\"container container--wide\">\r\n        \n\n<p class=\"ls-paragraph has-text-align-center\">Ne manquez pas la visite d\u2019Espelette, \u00e0 23 kilom\u00e8tres de La Ferme Erromardie, <a href=\"https:\/\/www.camping-erromardie.com\/en\/\" data-type=\"page\" data-id=\"270\">camping Pays Basque<\/a> : en voiture, vous acc\u00e9derez au pittoresque village basque en 30 minutes en passant par Saint-P\u00e9e-sur-Nivelle. D\u2019avril \u00e0 octobre, des excursions en bus sont \u00e9galement organis\u00e9es vers <a href=\"https:\/\/www.camping-erromardie.com\/en\/espelette\/\" data-type=\"category\" data-id=\"65\">Espelette<\/a> au d\u00e9part de Saint-Jean-de-Luz.<\/p>\n\n\r\n    <\/div>\r\n<\/section><section id=\"ls-section-block_582d7a9ea0904c4aa25e35b28b163766\" class=\"ls-section  home-first page-one has-p-b p-b-14\" >\r\n        <div class=\"container container--wide\">\r\n        \n\n<div class=\"wp-block-columns is-layout-flex wp-container-core-columns-is-layout-9d6595d7 wp-block-columns-is-layout-flex\">\n<div class=\"wp-block-column is-layout-flow wp-block-column-is-layout-flow\" style=\"flex-basis:33.33%\">\n<div class=\"wp-block-columns is-layout-flex wp-container-core-columns-is-layout-9d6595d7 wp-block-columns-is-layout-flex\">\n<div class=\"wp-block-column column-border is-layout-flow wp-block-column-is-layout-flow\">\n<h2 class=\"ls__heading wp-block-heading has-color-1-color has-text-color has-link-color wp-elements-975f3901aef9ac15d60bea862c790a95\">Mobile home rental Pays Basque Espelette<\/h2>\n\n\n\n<p class=\"ls-paragraph\">Our <strong>campsite near Espelette<\/strong> offers <strong>Espelette mobile home rentals<\/strong>. Located in the heart of the Basque Country, in a green setting facing the Atlantic Ocean, our wooded park is the ideal location for your next vacation in south-west France. A superb sandy beach in the immediate vicinity.    <\/p>\n\n\n\n<p class=\"ls-paragraph\">We offer a wide choice of mobile homes, including one with PRM access, from 1 to 3 bedrooms, ranging from 16 m\u00b2 for the smallest to 32 m\u00b2 for the largest. Fully-equipped kitchen, bathroom and toilet, television and terrace with garden furniture are the main features of your rental.   <\/p>\n\n\n\n<p class=\"ls-paragraph\">To this you can add all the necessary equipment: fridge\/freezer, coffee maker, hob with extractor hood. Holidaymakers with an adventurous spirit will love our fabric and wood lodge cabins, with their kitchen and bathroom, they lose nothing in comfort!   <\/p>\n\n\n\n<p class=\"ls-paragraph\">Finally, for your peace and privacy, we&#8217;ve laid out each of our rentals on a pretty, grassy plot separated from the others by a planted hedge. What better way to spend your vacations than on a <strong>4-star Espelette campsite<\/strong>. <\/p>\n<\/div>\n<\/div>\n<\/div>\n\n\n\n<div class=\"wp-block-column is-layout-flow wp-block-column-is-layout-flow\" style=\"flex-basis:66.66%\">\n<figure class=\"wp-block-gallery has-nested-images columns-default is-cropped wp-block-gallery-1 is-layout-flex wp-block-gallery-is-layout-flex\">\n<figure class=\"wp-block-image size-full animated fadeIn delay-200ms\"><a href=\"https:\/\/www.camping-erromardie.com\/wp-content\/uploads\/2025\/04\/Erromardie-24-1.jpg\"><img loading=\"lazy\" decoding=\"async\" width=\"2025\" height=\"1350\" data-id=\"15371\" src=\"https:\/\/www.camping-erromardie.com\/wp-content\/uploads\/2025\/04\/Erromardie-24-1.jpg\" alt=\"Erromardie (24)\" class=\"wp-image-15371\" srcset=\"https:\/\/www.camping-erromardie.com\/wp-content\/uploads\/2025\/04\/Erromardie-24-1.jpg 2025w, https:\/\/www.camping-erromardie.com\/wp-content\/uploads\/2025\/04\/Erromardie-24-1-300x200.jpg 300w, https:\/\/www.camping-erromardie.com\/wp-content\/uploads\/2025\/04\/Erromardie-24-1-1024x683.jpg 1024w, https:\/\/www.camping-erromardie.com\/wp-content\/uploads\/2025\/04\/Erromardie-24-1-768x512.jpg 768w, https:\/\/www.camping-erromardie.com\/wp-content\/uploads\/2025\/04\/Erromardie-24-1-1536x1024.jpg 1536w\" sizes=\"auto, (max-width: 2025px) 100vw, 2025px\" \/><\/a><\/figure>\n\n\n\n<figure class=\"wp-block-image size-full animated fadeIn\"><a href=\"https:\/\/www.camping-erromardie.com\/wp-content\/uploads\/2025\/04\/mobil-home-en-location-pays-basque-3.jpg\"><img loading=\"lazy\" decoding=\"async\" width=\"600\" height=\"800\" data-id=\"15438\" src=\"https:\/\/www.camping-erromardie.com\/wp-content\/uploads\/2025\/04\/mobil-home-en-location-pays-basque-3.jpg\" alt=\"mobile home rental basque country (3)\" class=\"wp-image-15438\" srcset=\"https:\/\/www.camping-erromardie.com\/wp-content\/uploads\/2025\/04\/mobil-home-en-location-pays-basque-3.jpg 600w, https:\/\/www.camping-erromardie.com\/wp-content\/uploads\/2025\/04\/mobil-home-en-location-pays-basque-3-225x300.jpg 225w\" sizes=\"auto, (max-width: 600px) 100vw, 600px\" \/><\/a><\/figure>\n<\/figure>\n<\/div>\n<\/div>\n\n\r\n    <\/div>\r\n<\/section><section id=\"ls-section-block_dd08e01a5f99ad74265c6177d493df85\" class=\"ls-section  home-first page-two has-background has-color-6-background-color\" >\r\n        <div class=\"container container--wide\">\r\n        \n\n<div class=\"wp-block-columns is-layout-flex wp-container-core-columns-is-layout-9d6595d7 wp-block-columns-is-layout-flex\">\n<div class=\"wp-block-column is-layout-flow wp-block-column-is-layout-flow\" style=\"flex-basis:66.66%\">\n<figure class=\"wp-block-gallery has-nested-images columns-default is-cropped wp-block-gallery-2 is-layout-flex wp-block-gallery-is-layout-flex\">\n<figure class=\"wp-block-image size-full animated fadeIn delay-200ms\"><a href=\"https:\/\/www.camping-erromardie.com\/wp-content\/uploads\/2025\/04\/Erromardie-5.jpg\"><img loading=\"lazy\" decoding=\"async\" width=\"1333\" height=\"2000\" data-id=\"15489\" src=\"https:\/\/www.camping-erromardie.com\/wp-content\/uploads\/2025\/04\/Erromardie-5.jpg\" alt=\"Erromardie (5)\" class=\"wp-image-15489\" srcset=\"https:\/\/www.camping-erromardie.com\/wp-content\/uploads\/2025\/04\/Erromardie-5.jpg 1333w, https:\/\/www.camping-erromardie.com\/wp-content\/uploads\/2025\/04\/Erromardie-5-200x300.jpg 200w, https:\/\/www.camping-erromardie.com\/wp-content\/uploads\/2025\/04\/Erromardie-5-682x1024.jpg 682w, https:\/\/www.camping-erromardie.com\/wp-content\/uploads\/2025\/04\/Erromardie-5-768x1152.jpg 768w, https:\/\/www.camping-erromardie.com\/wp-content\/uploads\/2025\/04\/Erromardie-5-1024x1536.jpg 1024w\" sizes=\"auto, (max-width: 1333px) 100vw, 1333px\" \/><\/a><\/figure>\n\n\n\n<figure class=\"wp-block-image size-full animated fadeIn\"><a href=\"https:\/\/www.camping-erromardie.com\/wp-content\/uploads\/2025\/04\/enfants-et-la-piscine-du-camping-Erromardie-2.jpg\"><img loading=\"lazy\" decoding=\"async\" width=\"2026\" height=\"1350\" data-id=\"13040\" src=\"https:\/\/www.camping-erromardie.com\/wp-content\/uploads\/2025\/04\/enfants-et-la-piscine-du-camping-Erromardie-2.jpg\" alt=\"children's playground and swimming pool at camping Erromardie\" class=\"wp-image-13040\" srcset=\"https:\/\/www.camping-erromardie.com\/wp-content\/uploads\/2025\/04\/enfants-et-la-piscine-du-camping-Erromardie-2.jpg 2026w, https:\/\/www.camping-erromardie.com\/wp-content\/uploads\/2025\/04\/enfants-et-la-piscine-du-camping-Erromardie-2-300x200.jpg 300w, https:\/\/www.camping-erromardie.com\/wp-content\/uploads\/2025\/04\/enfants-et-la-piscine-du-camping-Erromardie-2-1024x682.jpg 1024w, https:\/\/www.camping-erromardie.com\/wp-content\/uploads\/2025\/04\/enfants-et-la-piscine-du-camping-Erromardie-2-768x512.jpg 768w, https:\/\/www.camping-erromardie.com\/wp-content\/uploads\/2025\/04\/enfants-et-la-piscine-du-camping-Erromardie-2-1536x1023.jpg 1536w\" sizes=\"auto, (max-width: 2026px) 100vw, 2026px\" \/><\/a><\/figure>\n<\/figure>\n<\/div>\n\n\n\n<div class=\"wp-block-column is-layout-flow wp-block-column-is-layout-flow\" style=\"flex-basis:33.33%\">\n<div class=\"wp-block-columns is-layout-flex wp-container-core-columns-is-layout-9d6595d7 wp-block-columns-is-layout-flex\">\n<div class=\"wp-block-column column-border is-layout-flow wp-block-column-is-layout-flow\">\n<h2 class=\"ls__heading wp-block-heading has-color-1-color has-text-color has-link-color wp-elements-531feaef25ff904b743883046c123095\">Campsite with swimming pool Pays Basque Espelette<\/h2>\n\n\n\n<p class=\"ls-paragraph\">Campers looking for a <strong>campsite with a swimming pool near Espelette<\/strong> will find what they&#8217;re looking for at our Erromardie farm campsite in the Atlantic Pyrenees.  <\/p>\n\n\n\n<p class=\"ls-paragraph\">In fact, we&#8217;ve designed a very pleasant aquatic area just for our customers. So that you can enjoy it every day, even at the beginning and end of the season, we wanted it to be covered and heated. As a result, our guests can enjoy the pool from 10 a.m. to 7 p.m. non-stop, every day. The large, rounded pool welcomes everyone, even the youngest, as it features a paddling pool secured by barriers.     <\/p>\n\n\n\n<p class=\"ls-paragraph\">However, as the pool is not supervised, it&#8217;s essential that you keep a close eye on your children at all times. To make your life easier at <strong>camping Espelette<\/strong>, deckchairs are at your disposal, so you can lie back comfortably while keeping an eye on your children.   <\/p>\n\n\n\n<p class=\"ls-paragraph\">We ask you not to use swimming shorts for your swims. Only bathing suits are allowed in the water park.<\/p>\n<\/div>\n<\/div>\n<\/div>\n<\/div>\n\n\r\n    <\/div>\r\n<\/section><section id=\"ls-section-block_95671d43e1494df08e6d7d4dd794aad1\" class=\"ls-section  home-fifth page-three\" >\r\n        <div class=\"container container--wide\">\r\n        \n\n<figure class=\"wp-block-image size-full animated fadeIn\"><a href=\"https:\/\/www.camping-erromardie.com\/wp-content\/uploads\/2025\/04\/espelette.jpg\"><img loading=\"lazy\" decoding=\"async\" width=\"2000\" height=\"1400\" src=\"https:\/\/www.camping-erromardie.com\/wp-content\/uploads\/2025\/04\/espelette.jpg\" alt=\"espelette\" class=\"wp-image-14923\" srcset=\"https:\/\/www.camping-erromardie.com\/wp-content\/uploads\/2025\/04\/espelette.jpg 2000w, https:\/\/www.camping-erromardie.com\/wp-content\/uploads\/2025\/04\/espelette-300x210.jpg 300w, https:\/\/www.camping-erromardie.com\/wp-content\/uploads\/2025\/04\/espelette-1024x717.jpg 1024w, https:\/\/www.camping-erromardie.com\/wp-content\/uploads\/2025\/04\/espelette-768x538.jpg 768w, https:\/\/www.camping-erromardie.com\/wp-content\/uploads\/2025\/04\/espelette-1536x1075.jpg 1536w\" sizes=\"auto, (max-width: 2000px) 100vw, 2000px\" \/><\/a><\/figure>\n\n\r\n    <\/div>\r\n<\/section><section id=\"ls-section-block_9ef105495c26d3ff50d9595d6e1a4b85\" class=\"ls-section  page-cta\" >\r\n        <div class=\"container container--wide\">\r\n        \n\n<div id=\"ls-heading ls-titre-div-block_fbe49910bdff4f909b65e65e91b42d0c\" class=\"ls-titre-div aligncenter h2-like has-text-color has-color-1-color\" >\n    Visit the Basque Country<\/div>\n\n\n\n<div id=\"ls-maillage-block_f0a541e1749356529d987986994c44bb\" class=\"ls-maillage cta-style-normal\" data-rows=\"4\">\n\n    <div class=\"wp-block-columns\"><div class=\"wp-block-column\">\n\n<a href=\"https:\/\/www.camping-erromardie.com\/en\/spanish-basque-country\/\" target=\"\" rel=\"noopener\" class=\"ls-cta__link spanish-basque-country\" data-categ=\" spanish-basque-country\">\n\t<div class=\"ls-cta__image\"><img decoding=\"async\" src=\"https:\/\/www.camping-erromardie.com\/wp-content\/uploads\/2025\/04\/donostia-2.jpg\" alt=\"The Spanish Basque Country\"><\/div>\n\t<div class=\"ls-cta__title\">\n\t\tThe Spanish Basque Country\t<\/div>\n\n\t<\/a><\/div><div class=\"wp-block-column\">\n\n<a href=\"https:\/\/www.camping-erromardie.com\/en\/san-sebastian\/\" target=\"\" rel=\"noopener\" class=\"ls-cta__link san-sebastian\" data-categ=\" san-sebastian\">\n\t<div class=\"ls-cta__image\"><img decoding=\"async\" src=\"https:\/\/www.camping-erromardie.com\/wp-content\/uploads\/2025\/04\/Donostia.jpg\" alt=\"San Sebastian\"><\/div>\n\t<div class=\"ls-cta__title\">\n\t\tSan Sebastian\t<\/div>\n\n\t<\/a><\/div><div class=\"wp-block-column\">\n\n<a href=\"https:\/\/www.camping-erromardie.com\/en\/saint-jean-pied-de-port\/\" target=\"\" rel=\"noopener\" class=\"ls-cta__link saint-jean-pied-de-port\" data-categ=\" saint-jean-pied-de-port\">\n\t<div class=\"ls-cta__image\"><img decoding=\"async\" src=\"https:\/\/www.camping-erromardie.com\/wp-content\/uploads\/2025\/04\/Saint-Jean-Pied-De-Port-Pays-Basque.jpg\" alt=\"Saint Jean Pied de Port\"><\/div>\n\t<div class=\"ls-cta__title\">\n\t\tSaint Jean Pied de Port\t<\/div>\n\n\t<\/a><\/div><div class=\"wp-block-column\">\n\n<a href=\"https:\/\/www.camping-erromardie.com\/en\/saint-jean-de-luz\/\" target=\"\" rel=\"noopener\" class=\"ls-cta__link saint-jean-de-luz\" data-categ=\" saint-jean-de-luz\">\n\t<div class=\"ls-cta__image\"><img decoding=\"async\" src=\"https:\/\/www.camping-erromardie.com\/wp-content\/uploads\/2025\/04\/Saint-Jean-de-Luz-Centre-Ville-et-Port-e1745412638780.jpg\" alt=\"Saint Jean de Luz\"><\/div>\n\t<div class=\"ls-cta__title\">\n\t\tSaint Jean de Luz\t<\/div>\n\n\t<\/a><\/div><\/div><div class=\"wp-block-columns\"><div class=\"wp-block-column\">\n\n<a href=\"https:\/\/www.camping-erromardie.com\/en\/pyrenees-atlantiques\/\" target=\"\" rel=\"noopener\" class=\"ls-cta__link pyrenees-atlantiques\" data-categ=\" pyrenees-atlantiques\">\n\t<div class=\"ls-cta__image\"><img decoding=\"async\" src=\"https:\/\/www.camping-erromardie.com\/wp-content\/uploads\/2025\/04\/Pyrenees-Atlantiques.jpg\" alt=\"Pyr\u00e9n\u00e9es Atlantiques\"><\/div>\n\t<div class=\"ls-cta__title\">\n\t\tPyr\u00e9n\u00e9es Atlantiques\t<\/div>\n\n\t<\/a><\/div><div class=\"wp-block-column\">\n\n<a href=\"https:\/\/www.camping-erromardie.com\/en\/urrugne\/\" target=\"\" rel=\"noopener\" class=\"ls-cta__link urrugne\" data-categ=\" urrugne\">\n\t<div class=\"ls-cta__image\"><img decoding=\"async\" src=\"https:\/\/www.camping-erromardie.com\/wp-content\/uploads\/2025\/04\/photos-aeriennes-Urrugne.jpg\" alt=\"Urrugne: a village with many faces\"><\/div>\n\t<div class=\"ls-cta__title\">\n\t\tUrrugne: a village with many faces\t<\/div>\n\n\t<\/a><\/div><div class=\"wp-block-column\">\n\n<a href=\"https:\/\/www.camping-erromardie.com\/en\/espelette\/\" target=\"\" rel=\"noopener\" class=\"ls-cta__link espelette\" data-categ=\" espelette\">\n\t<div class=\"ls-cta__image\"><img decoding=\"async\" src=\"https:\/\/www.camping-erromardie.com\/wp-content\/uploads\/2025\/04\/Village-espelette.jpg\" alt=\"Espelette\"><\/div>\n\t<div class=\"ls-cta__title\">\n\t\tEspelette\t<\/div>\n\n\t<\/a><\/div><div class=\"wp-block-column\">\n\n<a href=\"https:\/\/www.camping-erromardie.com\/en\/hendaye\/\" target=\"\" rel=\"noopener\" class=\"ls-cta__link hendaye\" data-categ=\" hendaye\">\n\t<div class=\"ls-cta__image\"><img decoding=\"async\" src=\"https:\/\/www.camping-erromardie.com\/wp-content\/uploads\/2025\/04\/hendaye_3-3-e1744808115339.jpg\" alt=\"Hendaye\"><\/div>\n\t<div class=\"ls-cta__title\">\n\t\tHendaye\t<\/div>\n\n\t<\/a><\/div><\/div><div class=\"wp-block-columns\"><div class=\"wp-block-column\">\n\n<a href=\"https:\/\/www.camping-erromardie.com\/en\/hasparren\/\" target=\"\" rel=\"noopener\" class=\"ls-cta__link hasparren\" data-categ=\" hasparren\">\n\t<div class=\"ls-cta__image\"><img decoding=\"async\" src=\"https:\/\/www.camping-erromardie.com\/wp-content\/uploads\/2025\/04\/Village-dHasparran.jpg\" alt=\"Hasparren\"><\/div>\n\t<div class=\"ls-cta__title\">\n\t\tHasparren\t<\/div>\n\n\t<\/a><\/div><div class=\"wp-block-column\">\n\n<a href=\"https:\/\/www.camping-erromardie.com\/en\/itxassou\/\" target=\"\" rel=\"noopener\" class=\"ls-cta__link itxassou\" data-categ=\" itxassou\">\n\t<div class=\"ls-cta__image\"><img decoding=\"async\" src=\"https:\/\/www.camping-erromardie.com\/wp-content\/uploads\/2025\/04\/Riviere-La-Nive-Itxassu.jpg\" alt=\"Itxassou\"><\/div>\n\t<div class=\"ls-cta__title\">\n\t\tItxassou\t<\/div>\n\n\t<\/a><\/div><div class=\"wp-block-column\">\n\n<a href=\"https:\/\/www.camping-erromardie.com\/en\/bidart\/\" target=\"\" rel=\"noopener\" class=\"ls-cta__link bidart\" data-categ=\" bidart\">\n\t<div class=\"ls-cta__image\"><img decoding=\"async\" src=\"https:\/\/www.camping-erromardie.com\/wp-content\/uploads\/2025\/04\/Bidart.jpg\" alt=\"Bidart\"><\/div>\n\t<div class=\"ls-cta__title\">\n\t\tBidart\t<\/div>\n\n\t<\/a><\/div><div class=\"wp-block-column\">\n\n<a href=\"https:\/\/www.camping-erromardie.com\/en\/cambo-les-bains\/\" target=\"\" rel=\"noopener\" class=\"ls-cta__link cambo-les-bains\" data-categ=\" cambo-les-bains\">\n\t<div class=\"ls-cta__image\"><img decoding=\"async\" src=\"https:\/\/www.camping-erromardie.com\/wp-content\/uploads\/2025\/04\/Cambo-les-Bains-paysages.jpg\" alt=\"Cambo\"><\/div>\n\t<div class=\"ls-cta__title\">\n\t\tCambo\t<\/div>\n\n\t<\/a><\/div><\/div><div class=\"wp-block-columns\"><div class=\"wp-block-column\">\n\n<a href=\"https:\/\/www.camping-erromardie.com\/en\/bilbao\/\" target=\"\" rel=\"noopener\" class=\"ls-cta__link bilbao\" data-categ=\" bilbao\">\n\t<div class=\"ls-cta__image\"><img decoding=\"async\" src=\"https:\/\/www.camping-erromardie.com\/wp-content\/uploads\/2025\/04\/Bilbao-3.jpg\" alt=\"Bilbao\"><\/div>\n\t<div class=\"ls-cta__title\">\n\t\tBilbao\t<\/div>\n\n\t<\/a><\/div><div class=\"wp-block-column\">\n\n<a href=\"https:\/\/www.camping-erromardie.com\/en\/bayonne\/\" target=\"\" rel=\"noopener\" class=\"ls-cta__link bayonne\" data-categ=\" bayonne\">\n\t<div class=\"ls-cta__image\"><img decoding=\"async\" src=\"https:\/\/www.camping-erromardie.com\/wp-content\/uploads\/2025\/04\/Bayonne-Couleurs-Basque.jpg\" alt=\"Bayonne\"><\/div>\n\t<div class=\"ls-cta__title\">\n\t\tBayonne\t<\/div>\n\n\t<\/a><\/div><div class=\"wp-block-column\">\n\n<a href=\"https:\/\/www.camping-erromardie.com\/en\/biarritz\/\" target=\"\" rel=\"noopener\" class=\"ls-cta__link biarritz\" data-categ=\" biarritz\">\n\t<div class=\"ls-cta__image\"><img decoding=\"async\" src=\"https:\/\/www.camping-erromardie.com\/wp-content\/uploads\/2025\/04\/musee-de-la-mer-a-Biarritz-Pays-Basque.jpg\" alt=\"Biarritz\"><\/div>\n\t<div class=\"ls-cta__title\">\n\t\tBiarritz\t<\/div>\n\n\t<\/a><\/div><div class=\"wp-block-column\">\n\n<a href=\"https:\/\/www.camping-erromardie.com\/en\/ascain\/\" target=\"\" rel=\"noopener\" class=\"ls-cta__link ascain\" data-categ=\" ascain\">\n\t<div class=\"ls-cta__image\"><img decoding=\"async\" src=\"https:\/\/www.camping-erromardie.com\/wp-content\/uploads\/2025\/04\/Paysages-Ascain-Pays-Basque.jpg\" alt=\"Ascain\"><\/div>\n\t<div class=\"ls-cta__title\">\n\t\tAscain\t<\/div>\n\n\t<\/a><\/div><\/div>\n<\/div>\n\r\n    <\/div>\r\n<\/section>","protected":false},"excerpt":{"rendered":"","protected":false},"author":1,"featured_media":17384,"parent":0,"menu_order":109,"comment_status":"closed","ping_status":"closed","template":"","meta":{"_acf_changed":false,"_seopress_robots_primary_cat":"","_seopress_titles_title":"Camping Pays Basque Espelette : mobil-home rentals and vacations Espelette","_seopress_titles_desc":"Stay at Camping La Ferme Erromardie, 30 minutes from Espelette. Enjoy comfortable mobile homes, a heated indoor swimming pool and direct access to the beach. An ideal natural setting for your Basque vacations!  ","_seopress_robots_index":"","footnotes":""},"sujet":[],"class_list":["post-18115","page","type-page","status-publish","has-post-thumbnail","hentry"],"acf":[],"_links":{"self":[{"href":"https:\/\/www.camping-erromardie.com\/en\/wp-json\/wp\/v2\/pages\/18115","targetHints":{"allow":["GET"]}}],"collection":[{"href":"https:\/\/www.camping-erromardie.com\/en\/wp-json\/wp\/v2\/pages"}],"about":[{"href":"https:\/\/www.camping-erromardie.com\/en\/wp-json\/wp\/v2\/types\/page"}],"author":[{"embeddable":true,"href":"https:\/\/www.camping-erromardie.com\/en\/wp-json\/wp\/v2\/users\/1"}],"replies":[{"embeddable":true,"href":"https:\/\/www.camping-erromardie.com\/en\/wp-json\/wp\/v2\/comments?post=18115"}],"version-history":[{"count":6,"href":"https:\/\/www.camping-erromardie.com\/en\/wp-json\/wp\/v2\/pages\/18115\/revisions"}],"predecessor-version":[{"id":19913,"href":"https:\/\/www.camping-erromardie.com\/en\/wp-json\/wp\/v2\/pages\/18115\/revisions\/19913"}],"wp:featuredmedia":[{"embeddable":true,"href":"https:\/\/www.camping-erromardie.com\/en\/wp-json\/wp\/v2\/media\/17384"}],"wp:attachment":[{"href":"https:\/\/www.camping-erromardie.com\/en\/wp-json\/wp\/v2\/media?parent=18115"}],"wp:term":[{"taxonomy":"sujet","embeddable":true,"href":"https:\/\/www.camping-erromardie.com\/en\/wp-json\/wp\/v2\/sujet?post=18115"}],"curies":[{"name":"wp","href":"https:\/\/api.w.org\/{rel}","templated":true}]}}