{"id":18053,"date":"2025-04-17T01:08:03","date_gmt":"2025-04-16T23:08:03","guid":{"rendered":"https:\/\/www.camping-erromardie.com\/camping-acsi\/"},"modified":"2025-06-12T13:34:10","modified_gmt":"2025-06-12T11:34:10","slug":"camping-acsi","status":"publish","type":"page","link":"https:\/\/www.camping-erromardie.com\/en\/camping-acsi\/","title":{"rendered":"Campsite Acsi"},"content":{"rendered":"<section id=\"ls-section-block_2d8b50c3ad7735027eff3efd1baeb0a9\" class=\"ls-section  page-titre\" >\r\n        <div class=\"container container--wide\">\r\n        \n\n<h1 class=\"ls__heading wp-block-heading has-text-align-center has-color-4-color has-text-color has-link-color wp-elements-4fca9846512e1734cdc605197fcb4fda\">Campsite Acsi<\/h1>\n\n\r\n    <\/div>\r\n<\/section><section id=\"ls-section-block_fbd6eaf810da27558a24506074d6d638\" class=\"ls-section  home-first page-one has-p-b p-b-14\" >\r\n        <div class=\"container container--wide\">\r\n        \n\n<div class=\"wp-block-columns is-layout-flex wp-container-core-columns-is-layout-9d6595d7 wp-block-columns-is-layout-flex\">\n<div class=\"wp-block-column is-layout-flow wp-block-column-is-layout-flow\" style=\"flex-basis:33.33%\">\n<div class=\"wp-block-columns is-layout-flex wp-container-core-columns-is-layout-9d6595d7 wp-block-columns-is-layout-flex\">\n<div class=\"wp-block-column column-border is-layout-flow wp-block-column-is-layout-flow\">\n<h2 class=\"ls__heading wp-block-heading has-color-1-color has-text-color has-link-color wp-elements-cb8500bc9dd2db6323ee45b7c90d42a2\">Low-cost camping with your ACSI card<\/h2>\n\n\n\n<p class=\"ls-paragraph\">La <strong>carte avantage ACSI<\/strong> vous permet de b\u00e9n\u00e9ficier de r\u00e9ductions sur vos s\u00e9jours en camping. Le <strong>tarif pr\u00e9f\u00e9rentiel ACSI<\/strong> ne s\u2019applique qu\u2019en basse saison. Son fonctionnement est simple, vous pourrez faire du <a href=\"https:\/\/www.camping-erromardie.com\/en\/cheap-camping-in-the-basque-country\/\" data-type=\"page\" data-id=\"310\">camping pas cher<\/a> sur simple pr\u00e9sentation de votre carte de r\u00e9duction. Quelques nuits suffisent en pour rentabiliser votre investissement dans cette carte.<\/p>\n\n\n\n<h2 class=\"ls__heading wp-block-heading has-color-1-color has-text-color has-link-color wp-elements-cbdd54c31765a6e43f6db5d79f3a7eb9\">ACSI rates at Erromardie campsite<\/h2>\n\n\n\n<p class=\"ls-paragraph\">Le camping pas cher au Pays Basque la Ferme d\u2019Erromardie, h\u00f4tel de plein air situ\u00e9 \u00e0 <strong>Saint Jean de Luz<\/strong> accepte la carte ACSI. Si vous poss\u00e9dez la <strong>carte ACSI<\/strong>, vous pourrez pleinement profiter des r\u00e9ductions sur votre s\u00e9jour en <a href=\"https:\/\/www.camping-erromardie.com\/en\/\" data-type=\"page\" data-id=\"270\">camping sur la Cote Basque<\/a>. Le <strong>tarif ACSI<\/strong> est de 17\u20ac par nuit\u00e9e, hors taxe de s\u00e9jour, pour deux personnes en <a href=\"https:\/\/www.camping-erromardie.com\/en\/basque-country-pitch-hire\/\" data-type=\"page\" data-id=\"302\">emplacement caravaning \u00e0 Saint Jean de Luz<\/a>. Vous aurez bien entendu acc\u00e8s \u00e0 tout le camping et aux services que nous proposons.<\/p>\n<\/div>\n<\/div>\n<\/div>\n\n\n\n<div class=\"wp-block-column is-layout-flow wp-block-column-is-layout-flow\" style=\"flex-basis:66.66%\">\n<figure class=\"wp-block-gallery has-nested-images columns-default is-cropped wp-block-gallery-1 is-layout-flex wp-block-gallery-is-layout-flex\">\n<figure class=\"wp-block-image size-full animated fadeIn delay-200ms\"><a href=\"https:\/\/www.camping-erromardie.com\/wp-content\/uploads\/2025\/04\/ecoles-de-surf-a-Saint-Jean-de-Luz.jpg\"><img loading=\"lazy\" decoding=\"async\" width=\"2000\" height=\"1333\" data-id=\"17194\" src=\"https:\/\/www.camping-erromardie.com\/wp-content\/uploads\/2025\/04\/ecoles-de-surf-a-Saint-Jean-de-Luz.jpg\" alt=\"surf schools in Saint Jean de Luz\" class=\"wp-image-17194\" srcset=\"https:\/\/www.camping-erromardie.com\/wp-content\/uploads\/2025\/04\/ecoles-de-surf-a-Saint-Jean-de-Luz.jpg 2000w, https:\/\/www.camping-erromardie.com\/wp-content\/uploads\/2025\/04\/ecoles-de-surf-a-Saint-Jean-de-Luz-300x200.jpg 300w, https:\/\/www.camping-erromardie.com\/wp-content\/uploads\/2025\/04\/ecoles-de-surf-a-Saint-Jean-de-Luz-1024x682.jpg 1024w, https:\/\/www.camping-erromardie.com\/wp-content\/uploads\/2025\/04\/ecoles-de-surf-a-Saint-Jean-de-Luz-768x512.jpg 768w, https:\/\/www.camping-erromardie.com\/wp-content\/uploads\/2025\/04\/ecoles-de-surf-a-Saint-Jean-de-Luz-1536x1024.jpg 1536w\" sizes=\"auto, (max-width: 2000px) 100vw, 2000px\" \/><\/a><\/figure>\n\n\n\n<figure class=\"wp-block-image size-full animated fadeIn\"><a href=\"https:\/\/www.camping-erromardie.com\/wp-content\/uploads\/2025\/04\/Activites-et-animations-camping-la-ferme-erromardie.jpg\"><img loading=\"lazy\" decoding=\"async\" width=\"2000\" height=\"1333\" data-id=\"17252\" src=\"https:\/\/www.camping-erromardie.com\/wp-content\/uploads\/2025\/04\/Activites-et-animations-camping-la-ferme-erromardie.jpg\" alt=\"Activities and entertainment camping la ferme erromardie\" class=\"wp-image-17252\" srcset=\"https:\/\/www.camping-erromardie.com\/wp-content\/uploads\/2025\/04\/Activites-et-animations-camping-la-ferme-erromardie.jpg 2000w, https:\/\/www.camping-erromardie.com\/wp-content\/uploads\/2025\/04\/Activites-et-animations-camping-la-ferme-erromardie-300x200.jpg 300w, https:\/\/www.camping-erromardie.com\/wp-content\/uploads\/2025\/04\/Activites-et-animations-camping-la-ferme-erromardie-1024x682.jpg 1024w, https:\/\/www.camping-erromardie.com\/wp-content\/uploads\/2025\/04\/Activites-et-animations-camping-la-ferme-erromardie-768x512.jpg 768w, https:\/\/www.camping-erromardie.com\/wp-content\/uploads\/2025\/04\/Activites-et-animations-camping-la-ferme-erromardie-1536x1024.jpg 1536w\" sizes=\"auto, (max-width: 2000px) 100vw, 2000px\" \/><\/a><\/figure>\n<\/figure>\n<\/div>\n<\/div>\n\n\r\n    <\/div>\r\n<\/section><section id=\"ls-section-block_8e94761a300effac83163bcf8b6ea2b2\" class=\"ls-section  page-cta\" >\r\n        <div class=\"container container--wide\">\r\n        \n\n<div id=\"ls-heading ls-titre-div-block_b12cf56ec8f5298c651b97b603bf6f41\" class=\"ls-titre-div aligncenter h2-like has-text-color has-color-1-color\" >\n    For a cheap stay in the Basque Country<\/div>\n\n\n\n<div id=\"ls-maillage-block_24cb798a496d600ba1d479ff28c490b2\" class=\"ls-maillage cta-style-normal\" data-rows=\"3\">\n\n    <div class=\"wp-block-columns\"><div class=\"wp-block-column\">\n\n<a href=\"https:\/\/www.camping-erromardie.com\/en\/camping-vacaf\/\" target=\"\" rel=\"noopener\" class=\"ls-cta__link\" data-categ=\"\">\n\t<div class=\"ls-cta__image\"><img decoding=\"async\" src=\"https:\/\/www.camping-erromardie.com\/wp-content\/uploads\/2025\/04\/Vacaf.jpg\" alt=\"\"><\/div>\n\t<div class=\"ls-cta__title\">\n\t\tCampsite Vacaf Pays Basque\t<\/div>\n\n\t<\/a><\/div><div class=\"wp-block-column\">\n\n<a href=\"https:\/\/www.camping-erromardie.com\/en\/camping-qualite\/\" target=\"\" rel=\"noopener\" class=\"ls-cta__link\" data-categ=\"\">\n\t<div class=\"ls-cta__image\"><img decoding=\"async\" src=\"https:\/\/www.camping-erromardie.com\/wp-content\/uploads\/2025\/04\/Camping-qualite.jpg\" alt=\"\"><\/div>\n\t<div class=\"ls-cta__title\">\n\t\tCamping Quality\t<\/div>\n\n\t<\/a><\/div><div class=\"wp-block-column\">\n\n<a href=\"https:\/\/www.camping-erromardie.com\/en\/cheap-camping-in-the-basque-country\/\" target=\"\" rel=\"noopener\" class=\"ls-cta__link\" data-categ=\"\">\n\t<div class=\"ls-cta__image\"><img decoding=\"async\" src=\"https:\/\/www.camping-erromardie.com\/wp-content\/uploads\/2025\/04\/camping-saint-jean-de-luz-la-ferme-erromardie-pays-basque.jpg\" alt=\"Rates\"><\/div>\n\t<div class=\"ls-cta__title\">\n\t\tRates\t<\/div>\n\n\t<\/a><\/div><\/div>\n<\/div>\n\r\n    <\/div>\r\n<\/section><section id=\"ls-section-block_7f58638f6300eea01e3988952273c56e\" class=\"ls-section  home-first page-two has-background has-color-6-background-color\" >\r\n        <div class=\"container container--wide\">\r\n        \n\n<div class=\"wp-block-columns is-layout-flex wp-container-core-columns-is-layout-9d6595d7 wp-block-columns-is-layout-flex\">\n<div class=\"wp-block-column is-layout-flow wp-block-column-is-layout-flow\" style=\"flex-basis:66.66%\">\n<figure class=\"wp-block-gallery has-nested-images columns-default is-cropped wp-block-gallery-2 is-layout-flex wp-block-gallery-is-layout-flex\">\n<figure class=\"wp-block-image size-full animated fadeIn delay-200ms\"><a href=\"https:\/\/www.camping-erromardie.com\/wp-content\/uploads\/2025\/04\/Enfant-dans-le-parc-du-camping.jpg\"><img loading=\"lazy\" decoding=\"async\" width=\"2000\" height=\"1334\" data-id=\"17259\" src=\"https:\/\/www.camping-erromardie.com\/wp-content\/uploads\/2025\/04\/Enfant-dans-le-parc-du-camping.jpg\" alt=\"Children in the campsite park\" class=\"wp-image-17259\" srcset=\"https:\/\/www.camping-erromardie.com\/wp-content\/uploads\/2025\/04\/Enfant-dans-le-parc-du-camping.jpg 2000w, https:\/\/www.camping-erromardie.com\/wp-content\/uploads\/2025\/04\/Enfant-dans-le-parc-du-camping-300x200.jpg 300w, https:\/\/www.camping-erromardie.com\/wp-content\/uploads\/2025\/04\/Enfant-dans-le-parc-du-camping-1024x683.jpg 1024w, https:\/\/www.camping-erromardie.com\/wp-content\/uploads\/2025\/04\/Enfant-dans-le-parc-du-camping-768x512.jpg 768w, https:\/\/www.camping-erromardie.com\/wp-content\/uploads\/2025\/04\/Enfant-dans-le-parc-du-camping-1536x1025.jpg 1536w\" sizes=\"auto, (max-width: 2000px) 100vw, 2000px\" \/><\/a><\/figure>\n\n\n\n<figure class=\"wp-block-image size-full animated fadeIn\"><a href=\"https:\/\/www.camping-erromardie.com\/wp-content\/uploads\/2025\/04\/Ferme-Erromardie-selection-GT-etalo41.jpg\"><img loading=\"lazy\" decoding=\"async\" width=\"1000\" height=\"668\" data-id=\"14562\" src=\"https:\/\/www.camping-erromardie.com\/wp-content\/uploads\/2025\/04\/Ferme-Erromardie-selection-GT-etalo41.jpg\" alt=\"Ferme Erromardie selection GT etalo41\" class=\"wp-image-14562\" srcset=\"https:\/\/www.camping-erromardie.com\/wp-content\/uploads\/2025\/04\/Ferme-Erromardie-selection-GT-etalo41.jpg 1000w, https:\/\/www.camping-erromardie.com\/wp-content\/uploads\/2025\/04\/Ferme-Erromardie-selection-GT-etalo41-300x200.jpg 300w, https:\/\/www.camping-erromardie.com\/wp-content\/uploads\/2025\/04\/Ferme-Erromardie-selection-GT-etalo41-768x513.jpg 768w\" sizes=\"auto, (max-width: 1000px) 100vw, 1000px\" \/><\/a><\/figure>\n<\/figure>\n<\/div>\n\n\n\n<div class=\"wp-block-column is-layout-flow wp-block-column-is-layout-flow\" style=\"flex-basis:33.33%\">\n<div class=\"wp-block-columns is-layout-flex wp-container-core-columns-is-layout-9d6595d7 wp-block-columns-is-layout-flex\">\n<div class=\"wp-block-column column-border is-layout-flow wp-block-column-is-layout-flow\">\n<h2 class=\"ls__heading wp-block-heading has-color-1-color has-text-color has-link-color wp-elements-4af6ee5931deed16f6047951d3b18beb\">  Conditions of use of the ACSI card<\/h2>\n\n\n\n<p class=\"ls-paragraph\">Use of the ACSI card and application of ACSI discounts and rates are subject to certain conditions:<\/p>\n\n\n\n<ul class=\"ls-list ls-list-undefined wp-block-list\">\n<li>The ACSI card must be valid; the campsite will not accept out-of-date cards.<\/li>\n\n\n\n<li>The ACSI card can only be used in the off-season.<\/li>\n\n\n\n<li>As the card is nominative, the campsite is entitled to ask for proof of identity.<\/li>\n<\/ul>\n\n\n\n<p class=\"ls-paragraph\">For more information, visit <a href=\"https:\/\/www.campingcard.fr\/\" target=\"_blank\" rel=\"noreferrer noopener\">www.campingcard.fr<\/a><\/p>\n<\/div>\n<\/div>\n<\/div>\n<\/div>\n\n\r\n    <\/div>\r\n<\/section><section id=\"ls-section-block_8e94761a300effac83163bcf8b6ea2b2\" class=\"ls-section  page-cta\" >\r\n        <div class=\"container container--wide\">\r\n        \n\n<div id=\"ls-heading ls-titre-div-block_45b9b9415169d850d707943c40d93b66\" class=\"ls-titre-div aligncenter h2-like has-text-color has-color-1-color\" >\n    4 reasons to choose camping la Ferme Erromardie :<\/div>\n\n\n\n<div id=\"ls-maillage-block_b3c2ebb489120c170df442e3f23c7c03\" class=\"ls-maillage cta-style-normal\" data-rows=\"4\">\n\n    <div class=\"wp-block-columns\"><div class=\"wp-block-column\">\n\n<a href=\"https:\/\/www.camping-erromardie.com\/en\/seaside-campsite-in-the-basque-country\/\" target=\"\" rel=\"noopener\" class=\"ls-cta__link\" data-categ=\"\">\n\t<div class=\"ls-cta__image\"><img decoding=\"async\" src=\"https:\/\/www.camping-erromardie.com\/wp-content\/uploads\/2025\/04\/Erromardie-88.jpg\" alt=\"\"><\/div>\n\t<div class=\"ls-cta__title\">\n\t\tSeaside\t<\/div>\n\n\t<\/a><\/div><div class=\"wp-block-column\">\n\n<a href=\"https:\/\/www.camping-erromardie.com\/en\/camping-basque-country-with-pool\/\" target=\"\" rel=\"noopener\" class=\"ls-cta__link\" data-categ=\"\">\n\t<div class=\"ls-cta__image\"><img decoding=\"async\" src=\"https:\/\/www.camping-erromardie.com\/wp-content\/uploads\/2025\/04\/camping-avec-piscine-au-pays-basque.jpg\" alt=\"\"><\/div>\n\t<div class=\"ls-cta__title\">\n\t\tSwimming pool\t<\/div>\n\n\t<\/a><\/div><div class=\"wp-block-column\">\n\n<a href=\"https:\/\/www.camping-erromardie.com\/en\/4-star-camping-basque-country\/\" target=\"\" rel=\"noopener\" class=\"ls-cta__link\" data-categ=\"\">\n\t<div class=\"ls-cta__image\"><img decoding=\"async\" src=\"https:\/\/www.camping-erromardie.com\/wp-content\/uploads\/2025\/04\/Camping-Erromardie-46.jpg\" alt=\"\"><\/div>\n\t<div class=\"ls-cta__title\">\n\t\tServices\t<\/div>\n\n\t<\/a><\/div><div class=\"wp-block-column\">\n\n<a href=\"https:\/\/www.camping-erromardie.com\/en\/activities-pays-basque\/\" target=\"\" rel=\"noopener\" class=\"ls-cta__link\" data-categ=\"\">\n\t<div class=\"ls-cta__image\"><img decoding=\"async\" src=\"https:\/\/www.camping-erromardie.com\/wp-content\/uploads\/2025\/04\/Camping-Erromardie-61_1.jpg\" alt=\"\"><\/div>\n\t<div class=\"ls-cta__title\">\n\t\tEntertainment\t<\/div>\n\n\t<\/a><\/div><\/div>\n<\/div>\n\r\n    <\/div>\r\n<\/section>","protected":false},"excerpt":{"rendered":"","protected":false},"author":1,"featured_media":17093,"parent":0,"menu_order":40,"comment_status":"closed","ping_status":"closed","template":"","meta":{"_acf_changed":false,"_seopress_robots_primary_cat":"","_seopress_titles_title":"Camping Acsi Pays Basque | ACSI Card | Discounts camping c\u00f4te basque","_seopress_titles_desc":"Stay for less with your discount card at the Acsi-certified La Ferme d'Erromardie campsite and take advantage of all its special offers ...","_seopress_robots_index":"","footnotes":""},"sujet":[],"class_list":["post-18053","page","type-page","status-publish","has-post-thumbnail","hentry"],"acf":[],"_links":{"self":[{"href":"https:\/\/www.camping-erromardie.com\/en\/wp-json\/wp\/v2\/pages\/18053","targetHints":{"allow":["GET"]}}],"collection":[{"href":"https:\/\/www.camping-erromardie.com\/en\/wp-json\/wp\/v2\/pages"}],"about":[{"href":"https:\/\/www.camping-erromardie.com\/en\/wp-json\/wp\/v2\/types\/page"}],"author":[{"embeddable":true,"href":"https:\/\/www.camping-erromardie.com\/en\/wp-json\/wp\/v2\/users\/1"}],"replies":[{"embeddable":true,"href":"https:\/\/www.camping-erromardie.com\/en\/wp-json\/wp\/v2\/comments?post=18053"}],"version-history":[{"count":8,"href":"https:\/\/www.camping-erromardie.com\/en\/wp-json\/wp\/v2\/pages\/18053\/revisions"}],"predecessor-version":[{"id":19924,"href":"https:\/\/www.camping-erromardie.com\/en\/wp-json\/wp\/v2\/pages\/18053\/revisions\/19924"}],"wp:featuredmedia":[{"embeddable":true,"href":"https:\/\/www.camping-erromardie.com\/en\/wp-json\/wp\/v2\/media\/17093"}],"wp:attachment":[{"href":"https:\/\/www.camping-erromardie.com\/en\/wp-json\/wp\/v2\/media?parent=18053"}],"wp:term":[{"taxonomy":"sujet","embeddable":true,"href":"https:\/\/www.camping-erromardie.com\/en\/wp-json\/wp\/v2\/sujet?post=18053"}],"curies":[{"name":"wp","href":"https:\/\/api.w.org\/{rel}","templated":true}]}}