{"id":18051,"date":"2025-04-17T00:24:42","date_gmt":"2025-04-16T22:24:42","guid":{"rendered":"https:\/\/www.camping-erromardie.com\/camping-pays-basque-espagnol\/"},"modified":"2025-06-12T11:20:13","modified_gmt":"2025-06-12T09:20:13","slug":"camping-spanish-basque-country","status":"publish","type":"page","link":"https:\/\/www.camping-erromardie.com\/en\/camping-spanish-basque-country\/","title":{"rendered":"Camping Spanish Basque Country"},"content":{"rendered":"<section id=\"ls-section-block_a69386c4beca6a86213f5eec11e4167c\" class=\"ls-section  page-titre\" >\r\n        <div class=\"container container--wide\">\r\n        \n\n<h1 class=\"ls__heading wp-block-heading has-text-align-center has-color-4-color has-text-color has-link-color wp-elements-e5abde2f0251c63df75ebca00f8b2097\">Camping Spanish Basque Country<\/h1>\n\n\n\n<p class=\"ls-paragraph has-text-align-center\">\u00c0 quelques minutes de la fronti\u00e8re, la <a href=\"https:\/\/www.camping-erromardie.com\/en\/\" data-type=\"page\" data-id=\"270\">ferme Erromardie<\/a> vous propose de s\u00e9journer face \u00e0 la plage et de profiter de vacances les pieds dans l\u2019eau dans votre <a href=\"https:\/\/www.camping-erromardie.com\/en\/camping-spanish-basque-country\/\" data-type=\"page\" data-id=\"15615\"><strong>camping Pays basque espagnol<\/strong>.<\/a><br\/><\/p>\n\n\r\n    <\/div>\r\n<\/section><section id=\"ls-section-block_8e9e94eed5f3e4ac9049510b0d9bcbc7\" class=\"ls-section  home-first page-one has-p-b p-b-14\" >\r\n        <div class=\"container container--wide\">\r\n        \n\n<div class=\"wp-block-columns is-layout-flex wp-container-core-columns-is-layout-9d6595d7 wp-block-columns-is-layout-flex\">\n<div class=\"wp-block-column is-layout-flow wp-block-column-is-layout-flow\" style=\"flex-basis:33.33%\">\n<div class=\"wp-block-columns is-layout-flex wp-container-core-columns-is-layout-9d6595d7 wp-block-columns-is-layout-flex\">\n<div class=\"wp-block-column column-border is-layout-flow wp-block-column-is-layout-flow\">\n<h2 class=\"ls__heading wp-block-heading has-color-1-color has-text-color has-link-color wp-elements-c35be622242861df8fac817b07eb66b8\">Camping by the sea in the Spanish Basque Country<\/h2>\n\n\n\n<p class=\"ls-paragraph\">D\u00e9couvrez des paysages sublimes et un patrimoine unique en <a href=\"https:\/\/www.camping-erromardie.com\/en\/basque-country\/basque-country\/\" data-type=\"post\" data-id=\"13909\">terre basque<\/a> en r\u00e9servant dans un <strong>camping en bord de mer Pays Basque espagnol<\/strong>. Profitez de 25 hectares de domaine arbor\u00e9 qui s\u2019\u00e9tendent le long de la sublime plage d\u2019Erromardie.<\/p>\n\n\n\n<p class=\"ls-paragraph\">The Erromardie <strong>seaside campsite in the Spanish Basque Country<\/strong> offers you grassy pitches and charming rentals just a few meters from the ocean. You&#8217;ll fall asleep lulled by the rhythm of the waves and taste the sea-spray-scented air as soon as you wake up for breakfast on your terrace. Ideal for surfing enthusiasts, the campsite&#8217;s location right on the water means you can enjoy life with your surfboard under your arm, with no need to travel or park.    <\/p>\n\n\n\n<p class=\"ls-paragraph\">Make the most of the Atlantic waves by staying at the Erromardie farm <strong>campsite in the Spanish Basque Country<\/strong>. The most beautiful sunsets over the ocean await you every evening. The expanse of fine sand invites you to relax, play with your family and enjoy evening strolls.    <\/p>\n\n\n\n<p class=\"ls-paragraph\">Erromardie Farm offers a unique setting that&#8217;s sure to please all holidaymakers, from families with children and groups of friends to surfers and couples in search of romance.<\/p>\n<\/div>\n<\/div>\n<\/div>\n\n\n\n<div class=\"wp-block-column is-layout-flow wp-block-column-is-layout-flow\" style=\"flex-basis:66.66%\">\n<figure class=\"wp-block-gallery has-nested-images columns-default is-cropped wp-block-gallery-1 is-layout-flex wp-block-gallery-is-layout-flex\">\n<figure class=\"wp-block-image size-full animated fadeIn delay-200ms\"><a href=\"https:\/\/www.camping-erromardie.com\/wp-content\/uploads\/2025\/04\/Camping-Erromardie-environnement-141-2.jpg\"><img loading=\"lazy\" decoding=\"async\" width=\"2000\" height=\"1335\" data-id=\"14630\" src=\"https:\/\/www.camping-erromardie.com\/wp-content\/uploads\/2025\/04\/Camping-Erromardie-environnement-141-2.jpg\" alt=\"Camping Erromardie environment 141\" class=\"wp-image-14630\" srcset=\"https:\/\/www.camping-erromardie.com\/wp-content\/uploads\/2025\/04\/Camping-Erromardie-environnement-141-2.jpg 2000w, https:\/\/www.camping-erromardie.com\/wp-content\/uploads\/2025\/04\/Camping-Erromardie-environnement-141-2-300x200.jpg 300w, https:\/\/www.camping-erromardie.com\/wp-content\/uploads\/2025\/04\/Camping-Erromardie-environnement-141-2-1024x684.jpg 1024w, https:\/\/www.camping-erromardie.com\/wp-content\/uploads\/2025\/04\/Camping-Erromardie-environnement-141-2-768x513.jpg 768w, https:\/\/www.camping-erromardie.com\/wp-content\/uploads\/2025\/04\/Camping-Erromardie-environnement-141-2-1536x1025.jpg 1536w\" sizes=\"auto, (max-width: 2000px) 100vw, 2000px\" \/><\/a><\/figure>\n\n\n\n<figure class=\"wp-block-image size-full animated fadeIn\"><a href=\"https:\/\/www.camping-erromardie.com\/wp-content\/uploads\/2025\/04\/Pays-basque-espagnol-provinces-1.jpg\"><img loading=\"lazy\" decoding=\"async\" width=\"2000\" height=\"1500\" data-id=\"17050\" src=\"https:\/\/www.camping-erromardie.com\/wp-content\/uploads\/2025\/04\/Pays-basque-espagnol-provinces-1.jpg\" alt=\"Spanish Basque Country provinces\" class=\"wp-image-17050\" srcset=\"https:\/\/www.camping-erromardie.com\/wp-content\/uploads\/2025\/04\/Pays-basque-espagnol-provinces-1.jpg 2000w, https:\/\/www.camping-erromardie.com\/wp-content\/uploads\/2025\/04\/Pays-basque-espagnol-provinces-1-300x225.jpg 300w, https:\/\/www.camping-erromardie.com\/wp-content\/uploads\/2025\/04\/Pays-basque-espagnol-provinces-1-1024x768.jpg 1024w, https:\/\/www.camping-erromardie.com\/wp-content\/uploads\/2025\/04\/Pays-basque-espagnol-provinces-1-768x576.jpg 768w, https:\/\/www.camping-erromardie.com\/wp-content\/uploads\/2025\/04\/Pays-basque-espagnol-provinces-1-1536x1152.jpg 1536w\" sizes=\"auto, (max-width: 2000px) 100vw, 2000px\" \/><\/a><\/figure>\n<\/figure>\n<\/div>\n<\/div>\n\n\r\n    <\/div>\r\n<\/section><section id=\"ls-section-block_8135d6418571ace8eb59785dbf4c0ec7\" class=\"ls-section  home-first page-two has-background has-color-6-background-color\" >\r\n        <div class=\"container container--wide\">\r\n        \n\n<div class=\"wp-block-columns is-layout-flex wp-container-core-columns-is-layout-9d6595d7 wp-block-columns-is-layout-flex\">\n<div class=\"wp-block-column is-layout-flow wp-block-column-is-layout-flow\" style=\"flex-basis:66.66%\">\n<figure class=\"wp-block-gallery has-nested-images columns-default is-cropped wp-block-gallery-2 is-layout-flex wp-block-gallery-is-layout-flex\">\n<figure class=\"wp-block-image size-full animated fadeIn delay-200ms\"><a href=\"https:\/\/www.camping-erromardie.com\/wp-content\/uploads\/2025\/04\/enfants-dans-la-piscine-scaled-1.jpg\"><img loading=\"lazy\" decoding=\"async\" width=\"1334\" height=\"2000\" data-id=\"17410\" src=\"https:\/\/www.camping-erromardie.com\/wp-content\/uploads\/2025\/04\/enfants-dans-la-piscine-scaled-1.jpg\" alt=\"children in the scaled pool\" class=\"wp-image-17410\" srcset=\"https:\/\/www.camping-erromardie.com\/wp-content\/uploads\/2025\/04\/enfants-dans-la-piscine-scaled-1.jpg 1334w, https:\/\/www.camping-erromardie.com\/wp-content\/uploads\/2025\/04\/enfants-dans-la-piscine-scaled-1-200x300.jpg 200w, https:\/\/www.camping-erromardie.com\/wp-content\/uploads\/2025\/04\/enfants-dans-la-piscine-scaled-1-683x1024.jpg 683w, https:\/\/www.camping-erromardie.com\/wp-content\/uploads\/2025\/04\/enfants-dans-la-piscine-scaled-1-768x1151.jpg 768w, https:\/\/www.camping-erromardie.com\/wp-content\/uploads\/2025\/04\/enfants-dans-la-piscine-scaled-1-1025x1536.jpg 1025w\" sizes=\"auto, (max-width: 1334px) 100vw, 1334px\" \/><\/a><\/figure>\n\n\n\n<figure class=\"wp-block-image size-full animated fadeIn\"><a href=\"https:\/\/www.camping-erromardie.com\/wp-content\/uploads\/2025\/04\/Camping-Erromardie-piscine-chauffee-1.jpg\"><img loading=\"lazy\" decoding=\"async\" width=\"2027\" height=\"1350\" data-id=\"17362\" src=\"https:\/\/www.camping-erromardie.com\/wp-content\/uploads\/2025\/04\/Camping-Erromardie-piscine-chauffee-1.jpg\" alt=\"Camping Erromardie heated swimming pool\" class=\"wp-image-17362\" srcset=\"https:\/\/www.camping-erromardie.com\/wp-content\/uploads\/2025\/04\/Camping-Erromardie-piscine-chauffee-1.jpg 2027w, https:\/\/www.camping-erromardie.com\/wp-content\/uploads\/2025\/04\/Camping-Erromardie-piscine-chauffee-1-300x200.jpg 300w, https:\/\/www.camping-erromardie.com\/wp-content\/uploads\/2025\/04\/Camping-Erromardie-piscine-chauffee-1-1024x682.jpg 1024w, https:\/\/www.camping-erromardie.com\/wp-content\/uploads\/2025\/04\/Camping-Erromardie-piscine-chauffee-1-768x511.jpg 768w, https:\/\/www.camping-erromardie.com\/wp-content\/uploads\/2025\/04\/Camping-Erromardie-piscine-chauffee-1-1536x1023.jpg 1536w\" sizes=\"auto, (max-width: 2027px) 100vw, 2027px\" \/><\/a><\/figure>\n<\/figure>\n<\/div>\n\n\n\n<div class=\"wp-block-column is-layout-flow wp-block-column-is-layout-flow\" style=\"flex-basis:33.33%\">\n<div class=\"wp-block-columns is-layout-flex wp-container-core-columns-is-layout-9d6595d7 wp-block-columns-is-layout-flex\">\n<div class=\"wp-block-column column-border is-layout-flow wp-block-column-is-layout-flow\">\n<h2 class=\"ls__heading wp-block-heading has-color-1-color has-text-color has-link-color wp-elements-0b67e672903a91b619f904cd1afb81fc\">Spanish campsite with swimming pool<\/h2>\n\n\n\n<p class=\"ls-paragraph\">Vous recherchez un camping avec piscine pour vos prochaines vacances dans le <a href=\"https:\/\/www.camping-erromardie.com\/en\/spanish-basque-country\/\" data-type=\"categorydescription\" data-id=\"16901\">Pays Basque espagnol<\/a> ? <\/p>\n\n\n\n<p class=\"ls-paragraph\">The Erromardie farmhouse, ideally located by the sea, offers a variety of water-based pleasures, with its aquatic area facing the beautiful Erromardie beach. The perfect destination for holidaymakers looking for a <strong>Spanish Basque Country campsite with a heated pool<\/strong>, this 4-star establishment opens its pool doors to you every day from 10am to 7pm. Here, you can soak up the sun on a deckchair and enjoy the ideal water temperature, just a few meters from the ocean waves. Ideal for young children to swim in complete safety and enjoy the pleasures of the water, the pool is a favorite meeting point for Erromardie holidaymakers.     <\/p>\n\n\n\n<p class=\"ls-paragraph\">What&#8217;s more, this 4-star establishment invites you to stay at a <strong>campsite in the Spanish Basque Country with an indoor swimming pool<\/strong>, so you can enjoy the pleasures of swimming from the early hours of the morning, even at the start of the season. No rain shower will deprive you of the benefits of the heated pool during your vacation at Erromardie Farm&#8217;s <strong>campsite in the Spanish Basque Country<\/strong>! <\/p>\n<\/div>\n<\/div>\n<\/div>\n<\/div>\n\n\r\n    <\/div>\r\n<\/section><section id=\"ls-section-block_95f658f2a6715dc3c9d670d8ce090d4d\" class=\"ls-section  home-fifth page-three\" >\r\n        <div class=\"container container--wide\">\r\n        \n\n<figure class=\"wp-block-image size-full animated fadeIn\"><a href=\"https:\/\/www.camping-erromardie.com\/wp-content\/uploads\/2025\/04\/pays-basque-espagnol-gaztelugatxe.jpg\"><img loading=\"lazy\" decoding=\"async\" width=\"2000\" height=\"1400\" src=\"https:\/\/www.camping-erromardie.com\/wp-content\/uploads\/2025\/04\/pays-basque-espagnol-gaztelugatxe.jpg\" alt=\"spanish basque country gaztelugatxe\" class=\"wp-image-17404\" srcset=\"https:\/\/www.camping-erromardie.com\/wp-content\/uploads\/2025\/04\/pays-basque-espagnol-gaztelugatxe.jpg 2000w, https:\/\/www.camping-erromardie.com\/wp-content\/uploads\/2025\/04\/pays-basque-espagnol-gaztelugatxe-300x210.jpg 300w, https:\/\/www.camping-erromardie.com\/wp-content\/uploads\/2025\/04\/pays-basque-espagnol-gaztelugatxe-1024x717.jpg 1024w, https:\/\/www.camping-erromardie.com\/wp-content\/uploads\/2025\/04\/pays-basque-espagnol-gaztelugatxe-768x538.jpg 768w, https:\/\/www.camping-erromardie.com\/wp-content\/uploads\/2025\/04\/pays-basque-espagnol-gaztelugatxe-1536x1075.jpg 1536w\" sizes=\"auto, (max-width: 2000px) 100vw, 2000px\" \/><\/a><\/figure>\n\n\n\n<h2 class=\"ls__heading wp-block-heading has-color-1-color has-text-color has-link-color wp-elements-c1db7bc2e2fb774ecdbc4714fbd575ec\">Touring the Spanish Basque Country in a motorhome<\/h2>\n\n\n\n<p class=\"ls-paragraph\">From Fontarrabie to Bilbao via San Sebastian, take your <strong>motorhome<\/strong> through <strong>the Spanish Basque Country<\/strong> to discover its exceptional landscapes and heritage. The Erromardie farm welcomes you to its grassy, tree-lined pitches for an ideally-placed stopover just a few minutes from the Spanish border.   <\/p>\n\n\n\n<p class=\"ls-paragraph\">D\u2019une superficie moyenne de 80 m2, nos parcelles pour caravanes et camping-cars sont orient\u00e9es vers l\u2019oc\u00e9an pour vous offrir un cadre de s\u00e9jour unique en bord de mer. L\u2019\u00e9lectricit\u00e9 16 amp\u00e8res vous permet de profiter sans contrainte des \u00e9quipements de votre v\u00e9hicule am\u00e9nag\u00e9. Destination id\u00e9ale si vous cherchez une <strong>aire de camping-car Pays Basque espagnol<\/strong>, la ferme Erromardie vous invite par sa situation aux plus beaux itin\u00e9raires dans le Pays Basque c\u00f4t\u00e9 espagnol : la route des cols frontaliers, le littoral de Fontarrabie \u00e0 <a href=\"https:\/\/www.camping-erromardie.com\/en\/san-sebastian\/\" data-type=\"category\" data-id=\"53\">San Sebastian<\/a>, les f\u00eates de Pampelune, ou encore le circuit des sites historiques et culturels avec le Guggenheim de <a href=\"https:\/\/www.camping-erromardie.com\/en\/bilbao\/\" data-type=\"categorydescription\" data-id=\"16833\">Bilbao<\/a> et la ville de Guernica.<\/p>\n\n\n\n<p class=\"ls-paragraph\">S\u00e9journez sur un emplacement exceptionnel face \u00e0 l\u2019oc\u00e9an au camping de la Ferme Erromardie pour visiter dans les meilleures conditions <strong>le Pays Basque espagnol en camping-car<\/strong> ! Pour pr\u00e9parer votre visite, n\u2019h\u00e9sitez pas \u00e0 consulter notre <a href=\"https:\/\/www.camping-erromardie.com\/en\/spanish-basque-country\/map-spanish-basque-country\/\" data-type=\"post\" data-id=\"14725\">carte du Pays Basque espagnol<\/a>.<\/p>\n\n\n\n<p class=\"ls-paragraph\">Vous ne savez pas quelle ville espagnole choisir pour votre s\u00e9jour ? Pour vous d\u00e9cider, consulter les pages du <a href=\"https:\/\/www.camping-erromardie.com\/en\/camping-bilbao\/\" data-type=\"page\" data-id=\"342\">camping Bilbao<\/a> et <a href=\"https:\/\/www.camping-erromardie.com\/en\/camping-san-sebastian\/\" data-type=\"page\" data-id=\"378\">camping San Sebastian<\/a> !<\/p>\n\n\r\n    <\/div>\r\n<\/section><section id=\"ls-section-block_d84b9c9d4261c814818301117b3de018\" class=\"ls-section  page-cta\" >\r\n        <div class=\"container container--wide\">\r\n        \n\n<div id=\"ls-heading ls-titre-div-block_85d41b9dc1d5be16ccb467fed4012e63\" class=\"ls-titre-div aligncenter h2-like has-text-color has-color-1-color\" >\n    Visit the Spanish Basque Country<\/div>\n\n\n\n<div id=\"ls-maillage-block_7868a29eaa606067d163c235682cb312\" class=\"ls-maillage cta-style-normal\" data-rows=\"4\">\n\n    <div class=\"wp-block-columns\"><div class=\"wp-block-column\">\n\n<a href=\"https:\/\/www.camping-erromardie.com\/en\/spanish-basque-country\/\" target=\"\" rel=\"noopener\" class=\"ls-cta__link spanish-basque-country\" data-categ=\" spanish-basque-country\">\n\t<div class=\"ls-cta__image\"><img decoding=\"async\" src=\"https:\/\/www.camping-erromardie.com\/wp-content\/uploads\/2025\/04\/donostia-2.jpg\" alt=\"The Spanish Basque Country\"><\/div>\n\t<div class=\"ls-cta__title\">\n\t\tThe Spanish Basque Country\t<\/div>\n\n\t<\/a><\/div><div class=\"wp-block-column\">\n\n<a href=\"https:\/\/www.camping-erromardie.com\/en\/san-sebastian\/\" target=\"\" rel=\"noopener\" class=\"ls-cta__link san-sebastian\" data-categ=\" san-sebastian\">\n\t<div class=\"ls-cta__image\"><img decoding=\"async\" src=\"https:\/\/www.camping-erromardie.com\/wp-content\/uploads\/2025\/04\/Donostia.jpg\" alt=\"San Sebastian\"><\/div>\n\t<div class=\"ls-cta__title\">\n\t\tSan Sebastian\t<\/div>\n\n\t<\/a><\/div><div class=\"wp-block-column\">\n\n<a href=\"https:\/\/www.camping-erromardie.com\/en\/pyrenees-atlantiques\/\" target=\"\" rel=\"noopener\" class=\"ls-cta__link pyrenees-atlantiques\" data-categ=\" pyrenees-atlantiques\">\n\t<div class=\"ls-cta__image\"><img decoding=\"async\" src=\"https:\/\/www.camping-erromardie.com\/wp-content\/uploads\/2025\/04\/Pyrenees-Atlantiques.jpg\" alt=\"Pyr\u00e9n\u00e9es Atlantiques\"><\/div>\n\t<div class=\"ls-cta__title\">\n\t\tPyr\u00e9n\u00e9es Atlantiques\t<\/div>\n\n\t<\/a><\/div><div class=\"wp-block-column\">\n\n<a href=\"https:\/\/www.camping-erromardie.com\/en\/bilbao\/\" target=\"\" rel=\"noopener\" class=\"ls-cta__link bilbao\" data-categ=\" bilbao\">\n\t<div class=\"ls-cta__image\"><img decoding=\"async\" src=\"https:\/\/www.camping-erromardie.com\/wp-content\/uploads\/2025\/04\/Bilbao-3.jpg\" alt=\"Bilbao\"><\/div>\n\t<div class=\"ls-cta__title\">\n\t\tBilbao\t<\/div>\n\n\t<\/a><\/div><\/div>\n<\/div>\n\r\n    <\/div>\r\n<\/section>","protected":false},"excerpt":{"rendered":"","protected":false},"author":1,"featured_media":15627,"parent":0,"menu_order":54,"comment_status":"closed","ping_status":"closed","template":"","meta":{"_acf_changed":false,"_seopress_robots_primary_cat":"","_seopress_titles_title":"Camping Spanish Basque Country | Mobile home rental Spanish Basque Country","_seopress_titles_desc":"Stay at Camping La Ferme Erromardie, located by the sea near the Spanish border, and discover the Spanish Basque Country. Enjoy comfortable mobile homes, a heated swimming pool and a beach just a few steps away. Explore the region in your camper van and benefit from attractive rates for an economical 4-star stay.  ","_seopress_robots_index":"","footnotes":""},"sujet":[],"class_list":["post-18051","page","type-page","status-publish","has-post-thumbnail","hentry"],"acf":[],"_links":{"self":[{"href":"https:\/\/www.camping-erromardie.com\/en\/wp-json\/wp\/v2\/pages\/18051","targetHints":{"allow":["GET"]}}],"collection":[{"href":"https:\/\/www.camping-erromardie.com\/en\/wp-json\/wp\/v2\/pages"}],"about":[{"href":"https:\/\/www.camping-erromardie.com\/en\/wp-json\/wp\/v2\/types\/page"}],"author":[{"embeddable":true,"href":"https:\/\/www.camping-erromardie.com\/en\/wp-json\/wp\/v2\/users\/1"}],"replies":[{"embeddable":true,"href":"https:\/\/www.camping-erromardie.com\/en\/wp-json\/wp\/v2\/comments?post=18051"}],"version-history":[{"count":13,"href":"https:\/\/www.camping-erromardie.com\/en\/wp-json\/wp\/v2\/pages\/18051\/revisions"}],"predecessor-version":[{"id":19831,"href":"https:\/\/www.camping-erromardie.com\/en\/wp-json\/wp\/v2\/pages\/18051\/revisions\/19831"}],"wp:featuredmedia":[{"embeddable":true,"href":"https:\/\/www.camping-erromardie.com\/en\/wp-json\/wp\/v2\/media\/15627"}],"wp:attachment":[{"href":"https:\/\/www.camping-erromardie.com\/en\/wp-json\/wp\/v2\/media?parent=18051"}],"wp:term":[{"taxonomy":"sujet","embeddable":true,"href":"https:\/\/www.camping-erromardie.com\/en\/wp-json\/wp\/v2\/sujet?post=18051"}],"curies":[{"name":"wp","href":"https:\/\/api.w.org\/{rel}","templated":true}]}}