{"id":18027,"date":"2025-04-17T01:23:09","date_gmt":"2025-04-16T23:23:09","guid":{"rendered":"https:\/\/www.camping-erromardie.com\/camping-vacaf-pays-basque\/"},"modified":"2025-06-12T13:20:39","modified_gmt":"2025-06-12T11:20:39","slug":"camping-vacaf","status":"publish","type":"page","link":"https:\/\/www.camping-erromardie.com\/en\/camping-vacaf\/","title":{"rendered":"Campsite Vacaf Pays Basque"},"content":{"rendered":"<section id=\"ls-section-block_116e69f20259ec433b8bb90af1d95230\" class=\"ls-section  page-titre\" >\r\n        <div class=\"container container--wide\">\r\n        \n\n<h1 class=\"ls__heading wp-block-heading has-text-align-center has-color-4-color has-text-color has-link-color wp-elements-9cca6c391483c9f0007ce575867b2d47\">Camping Vacaf Pays Basque<\/h1>\n\n\n\n<p class=\"ls-paragraph has-text-align-center\">In the Basque country, the <a href=\"https:\/\/www.camping-erromardie.com\/en\/\" data-type=\"page\" data-id=\"270\">Ferme Erromardie<\/a> caravan park is a <strong>Vacaf-accredited campsite<\/strong>, meaning it accepts <strong>caf vouchers<\/strong> for <strong>cheap camping vacations in the Basque country<\/strong>. Located opposite Erromardie beach in the district of the same name, the 4-star La Ferme Erromardie campsite is just a stone&#8217;s throw from Saint Jean de Luz town center. It opens its doors to you from March to September in a green setting. This <a href=\"https:\/\/www.camping-erromardie.com\/en\/cheap-camping-in-the-basque-country\/\" data-type=\"page\" data-id=\"310\">inexpensive campsite<\/a> stretches along the Erromardie beach for 300 meters. It&#8217;s a family campsite, ideal for exploring the Atlantic Pyrenees. Facing the Atlantic Ocean, the Ferme Erromardie caravan park is also an ideal starting point for discovering the Basque Coast and even the hinterland of the Basque Country.     <\/p>\n\n\r\n    <\/div>\r\n<\/section><section id=\"ls-section-block_5f7dd6eb4de85338fd4e69caeb05f7bf\" class=\"ls-section  home-first page-one has-p-b p-b-14\" >\r\n        <div class=\"container container--wide\">\r\n        \n\n<div class=\"wp-block-columns is-layout-flex wp-container-core-columns-is-layout-9d6595d7 wp-block-columns-is-layout-flex\">\n<div class=\"wp-block-column is-layout-flow wp-block-column-is-layout-flow\" style=\"flex-basis:33.33%\">\n<div class=\"wp-block-columns is-layout-flex wp-container-core-columns-is-layout-9d6595d7 wp-block-columns-is-layout-flex\">\n<div class=\"wp-block-column column-border is-layout-flow wp-block-column-is-layout-flow\">\n<h2 class=\"ls__heading wp-block-heading has-color-1-color has-text-color has-link-color wp-elements-e5969f635ce67af99164499ce4b725d3\">A social camping partner caf in the Basque Country<\/h2>\n\n\n\n<p class=\"ls-paragraph\">The 4-star La Ferme Erromardie campsite is a <strong>VACAF-certified campsite in the Basque Country<\/strong>. VACAF certification means that families <strong>receiving benefits from the Caisse d&#8217;Allocation Familiale (French family allowance fund)<\/strong> can stay in a tourist accommodation facility. The families concerned may be staying individually, or as part of a group organized by a project sponsor such as the <strong>CAF<\/strong>, an association, the CCAS, etc. Because vacations should be <strong>accessible to all<\/strong>, VACAF-approved campsites enable <strong>low-income<\/strong> families to go on vacation. Vacaf-approved family camping vacations are an opportunity to share convivial moments, admire superb landscapes, get closer to nature and, above all, discover new regions and meet new people.    <\/p>\n\n\n\n<h2 class=\"ls__heading wp-block-heading has-color-1-color has-text-color has-link-color wp-elements-7bcf6cce0cfc37dfed23e20e6bbda5ac\">Low-cost mobile home rental in the Basque Country<\/h2>\n\n\n\n<p class=\"ls-paragraph\">Vacaf-approved, the Ferme Erromardie caravan park in Saint Jean de Luz, in the Basque Country, offers a varied range of 47 mobile homes for rent, accommodating two to six people. All mobile home rentals in the Pays Basque are recent. They feature one to three bedrooms, a bathroom with shower, washbasin and separate toilet, a kitchenette and a lounge area. Some models also feature a dining area and terrace. All rentals are also equipped with TV. Pillows, blankets and comforters are supplied.     <\/p>\n<\/div>\n<\/div>\n<\/div>\n\n\n\n<div class=\"wp-block-column is-layout-flow wp-block-column-is-layout-flow\" style=\"flex-basis:66.66%\">\n<figure class=\"wp-block-gallery has-nested-images columns-default is-cropped wp-block-gallery-1 is-layout-flex wp-block-gallery-is-layout-flex\">\n<figure class=\"wp-block-image size-full animated fadeIn delay-200ms\"><a href=\"https:\/\/www.camping-erromardie.com\/wp-content\/uploads\/2025\/04\/DSC_7071.jpg\"><img loading=\"lazy\" decoding=\"async\" width=\"1000\" height=\"668\" data-id=\"15736\" src=\"https:\/\/www.camping-erromardie.com\/wp-content\/uploads\/2025\/04\/DSC_7071.jpg\" alt=\"DSC 7071\" class=\"wp-image-15736\" srcset=\"https:\/\/www.camping-erromardie.com\/wp-content\/uploads\/2025\/04\/DSC_7071.jpg 1000w, https:\/\/www.camping-erromardie.com\/wp-content\/uploads\/2025\/04\/DSC_7071-300x200.jpg 300w, https:\/\/www.camping-erromardie.com\/wp-content\/uploads\/2025\/04\/DSC_7071-768x513.jpg 768w\" sizes=\"auto, (max-width: 1000px) 100vw, 1000px\" \/><\/a><\/figure>\n\n\n\n<figure class=\"wp-block-image size-full animated fadeIn\"><a href=\"https:\/\/www.camping-erromardie.com\/wp-content\/uploads\/2025\/04\/chambre-enfant-mobil-home-2.jpg\"><img loading=\"lazy\" decoding=\"async\" width=\"1335\" height=\"2000\" data-id=\"15401\" src=\"https:\/\/www.camping-erromardie.com\/wp-content\/uploads\/2025\/04\/chambre-enfant-mobil-home-2.jpg\" alt=\"children's bedroom mobile home\" class=\"wp-image-15401\" srcset=\"https:\/\/www.camping-erromardie.com\/wp-content\/uploads\/2025\/04\/chambre-enfant-mobil-home-2.jpg 1335w, https:\/\/www.camping-erromardie.com\/wp-content\/uploads\/2025\/04\/chambre-enfant-mobil-home-2-200x300.jpg 200w, https:\/\/www.camping-erromardie.com\/wp-content\/uploads\/2025\/04\/chambre-enfant-mobil-home-2-684x1024.jpg 684w, https:\/\/www.camping-erromardie.com\/wp-content\/uploads\/2025\/04\/chambre-enfant-mobil-home-2-768x1151.jpg 768w, https:\/\/www.camping-erromardie.com\/wp-content\/uploads\/2025\/04\/chambre-enfant-mobil-home-2-1025x1536.jpg 1025w\" sizes=\"auto, (max-width: 1335px) 100vw, 1335px\" \/><\/a><\/figure>\n<\/figure>\n<\/div>\n<\/div>\n\n\r\n    <\/div>\r\n<\/section><section id=\"ls-section-block_1202a207a627d7fee9fb17b3665d901f\" class=\"ls-section  page-cta has-p-t p-t-14\" >\r\n        <div class=\"container container--wide\">\r\n        \n\n<div id=\"ls-heading ls-titre-div-block_7f1ea87ef0042563d91be4cfb7fca657\" class=\"ls-titre-div aligncenter h2-like has-text-color has-color-1-color\" >\n    For a cheap stay in the Basque Country<\/div>\n\n\n\n<div id=\"ls-maillage-block_1dbce254ac5dd613e3f09ba4d9c8fd47\" class=\"ls-maillage cta-style-normal\" data-rows=\"3\">\n\n    <div class=\"wp-block-columns\"><div class=\"wp-block-column\">\n\n<a href=\"https:\/\/www.camping-erromardie.com\/en\/camping-qualite\/\" target=\"\" rel=\"noopener\" class=\"ls-cta__link\" data-categ=\"\">\n\t<div class=\"ls-cta__image\"><img decoding=\"async\" src=\"https:\/\/www.camping-erromardie.com\/wp-content\/uploads\/2025\/04\/Camping-qualite.jpg\" alt=\"\"><\/div>\n\t<div class=\"ls-cta__title\">\n\t\tCamping Quality\t<\/div>\n\n\t<\/a><\/div><div class=\"wp-block-column\">\n\n<a href=\"https:\/\/www.camping-erromardie.com\/en\/camping-acsi\/\" target=\"\" rel=\"noopener\" class=\"ls-cta__link\" data-categ=\"\">\n\t<div class=\"ls-cta__image\"><img decoding=\"async\" src=\"https:\/\/www.camping-erromardie.com\/wp-content\/uploads\/2025\/04\/Acsi.jpg\" alt=\"\"><\/div>\n\t<div class=\"ls-cta__title\">\n\t\tCampsite Acsi\t<\/div>\n\n\t<\/a><\/div><div class=\"wp-block-column\">\n\n<a href=\"https:\/\/www.camping-erromardie.com\/en\/cheap-camping-in-the-basque-country\/\" target=\"\" rel=\"noopener\" class=\"ls-cta__link\" data-categ=\"\">\n\t<div class=\"ls-cta__image\"><img decoding=\"async\" src=\"https:\/\/www.camping-erromardie.com\/wp-content\/uploads\/2025\/04\/camping-saint-jean-de-luz-la-ferme-erromardie-pays-basque.jpg\" alt=\"Rates\"><\/div>\n\t<div class=\"ls-cta__title\">\n\t\tRates\t<\/div>\n\n\t<\/a><\/div><\/div>\n<\/div>\n\r\n    <\/div>\r\n<\/section><section id=\"ls-section-block_f0dc5d7cc555668adfe99058e3640aa0\" class=\"ls-section  home-first page-two has-background has-color-6-background-color\" >\r\n        <div class=\"container container--wide\">\r\n        \n\n<div class=\"wp-block-columns is-layout-flex wp-container-core-columns-is-layout-9d6595d7 wp-block-columns-is-layout-flex\">\n<div class=\"wp-block-column is-layout-flow wp-block-column-is-layout-flow\" style=\"flex-basis:66.66%\">\n<figure class=\"wp-block-gallery has-nested-images columns-default is-cropped wp-block-gallery-2 is-layout-flex wp-block-gallery-is-layout-flex\">\n<figure class=\"wp-block-image size-full animated fadeIn\"><a href=\"https:\/\/www.camping-erromardie.com\/wp-content\/uploads\/2025\/04\/Camping-Erromardie-44_1.jpg\"><img loading=\"lazy\" decoding=\"async\" width=\"1013\" height=\"1350\" data-id=\"12208\" src=\"https:\/\/www.camping-erromardie.com\/wp-content\/uploads\/2025\/04\/Camping-Erromardie-44_1.jpg\" alt=\"Camping Erromardie 44 1\" class=\"wp-image-12208\" srcset=\"https:\/\/www.camping-erromardie.com\/wp-content\/uploads\/2025\/04\/Camping-Erromardie-44_1.jpg 1013w, https:\/\/www.camping-erromardie.com\/wp-content\/uploads\/2025\/04\/Camping-Erromardie-44_1-225x300.jpg 225w, https:\/\/www.camping-erromardie.com\/wp-content\/uploads\/2025\/04\/Camping-Erromardie-44_1-768x1023.jpg 768w\" sizes=\"auto, (max-width: 1013px) 100vw, 1013px\" \/><\/a><\/figure>\n\n\n\n<figure class=\"wp-block-image size-full animated fadeIn\"><a href=\"https:\/\/www.camping-erromardie.com\/wp-content\/uploads\/2025\/04\/Erromardie-92-1.jpg\"><img loading=\"lazy\" decoding=\"async\" width=\"2026\" height=\"1350\" data-id=\"12185\" src=\"https:\/\/www.camping-erromardie.com\/wp-content\/uploads\/2025\/04\/Erromardie-92-1.jpg\" alt=\"Erromardie (92)\" class=\"wp-image-12185\" srcset=\"https:\/\/www.camping-erromardie.com\/wp-content\/uploads\/2025\/04\/Erromardie-92-1.jpg 2026w, https:\/\/www.camping-erromardie.com\/wp-content\/uploads\/2025\/04\/Erromardie-92-1-300x200.jpg 300w, https:\/\/www.camping-erromardie.com\/wp-content\/uploads\/2025\/04\/Erromardie-92-1-1024x682.jpg 1024w, https:\/\/www.camping-erromardie.com\/wp-content\/uploads\/2025\/04\/Erromardie-92-1-768x512.jpg 768w, https:\/\/www.camping-erromardie.com\/wp-content\/uploads\/2025\/04\/Erromardie-92-1-1536x1023.jpg 1536w\" sizes=\"auto, (max-width: 2026px) 100vw, 2026px\" \/><\/a><\/figure>\n<\/figure>\n<\/div>\n\n\n\n<div class=\"wp-block-column is-layout-flow wp-block-column-is-layout-flow\" style=\"flex-basis:33.33%\">\n<div class=\"wp-block-columns is-layout-flex wp-container-core-columns-is-layout-9d6595d7 wp-block-columns-is-layout-flex\">\n<div class=\"wp-block-column column-border is-layout-flow wp-block-column-is-layout-flow\">\n<h2 class=\"ls__heading wp-block-heading has-color-1-color has-text-color has-link-color wp-elements-a89a862ad97e23c0a5f16ac6ff1f9a50\">Visit the Basque Country with VACAF vouchers<\/h2>\n\n\n\n<p class=\"ls-paragraph\"><strong>Vacaf vouchers<\/strong> enable financially vulnerable people to go on vacation. Thanks to Vacaf vouchers, they can visit and discover the Basque country, a land of tradition, culture and conviviality, by staying at a vacaf sud campsite. It&#8217;s a corner of France where you feel like a foreigner. The Pays Basque is part of the Pyr\u00e9n\u00e9es Atlantiques department, which includes B\u00e9arn. It lies in the extreme south-west of France, south of the Adour river, between the Atlantic coast, the Pyrenees and B\u00e9arn. With its history, heritage and culture, the Basque Country offers a strong identity through the diversity of its places. A trip to the Basque country means a journey to the heart of Basque culture, with its songs, language, dances and gastronomy. On the seafront of the Basque Country, renowned seaside resorts such as Saint Jean de Luz and Biarritz welcome you. Inland, you&#8217;ll find some of France&#8217;s most beautiful villages, including A\u00efnhoa, Espelette and Sare. Visiting the Basque Country means discovering the region&#8217;s culinary specialties. Basque gastronomy is renowned for its quality and refinement. Taste the delicious ttoro, a traditional Basque fisherman&#8217;s soup, or axoa, another specialty of the interior, a veal stew seasoned with Espelette pepper, not forgetting Basque cake, macaroons and sagarno apple wine.           <\/p>\n\n\n\n<h2 class=\"ls__heading wp-block-heading has-color-1-color has-text-color has-link-color wp-elements-22a9b8ccf5d878d652134891c0a5cc82\">Book your stay in the Basque Country with VACAF<\/h2>\n\n\n\n<p class=\"ls-paragraph\">Would you like to go camping with vacaf in the Basque country and are you a CAF beneficiary for your vacation? Book your holiday in the Basque country by paying a deposit of 30% of the total cost of the holiday by credit card, and check off the VACAF subsidy as well. This allows you to block your stay. Once your application has been accepted by VACAF, the Vacaf subsidy will be applied to your booking.   <\/p>\n<\/div>\n<\/div>\n<\/div>\n<\/div>\n\n\r\n    <\/div>\r\n<\/section><section id=\"ls-section-block_d650cd5fec4829e53b39226991602928\" class=\"ls-section  page-cta\" >\r\n        <div class=\"container container--wide\">\r\n        \n\n<div id=\"ls-heading ls-titre-div-block_3287168ca9c5867a390a47742c3315f8\" class=\"ls-titre-div aligncenter h2-like has-text-color has-color-1-color\" >\n    4 reasons to choose camping la Ferme Erromardie :<\/div>\n\n\n\n<div id=\"ls-maillage-block_582493603cab51cde1caa7d077b78e97\" class=\"ls-maillage cta-style-normal\" data-rows=\"4\">\n\n    <div class=\"wp-block-columns\"><div class=\"wp-block-column\">\n\n<a href=\"https:\/\/www.camping-erromardie.com\/en\/seaside-campsite-in-the-basque-country\/\" target=\"\" rel=\"noopener\" class=\"ls-cta__link\" data-categ=\"\">\n\t<div class=\"ls-cta__image\"><img decoding=\"async\" src=\"https:\/\/www.camping-erromardie.com\/wp-content\/uploads\/2025\/04\/Erromardie-88.jpg\" alt=\"\"><\/div>\n\t<div class=\"ls-cta__title\">\n\t\tSeaside\t<\/div>\n\n\t<\/a><\/div><div class=\"wp-block-column\">\n\n<a href=\"https:\/\/www.camping-erromardie.com\/en\/camping-basque-country-with-pool\/\" target=\"\" rel=\"noopener\" class=\"ls-cta__link\" data-categ=\"\">\n\t<div class=\"ls-cta__image\"><img decoding=\"async\" src=\"https:\/\/www.camping-erromardie.com\/wp-content\/uploads\/2025\/04\/camping-avec-piscine-au-pays-basque.jpg\" alt=\"\"><\/div>\n\t<div class=\"ls-cta__title\">\n\t\tSwimming pool\t<\/div>\n\n\t<\/a><\/div><div class=\"wp-block-column\">\n\n<a href=\"https:\/\/www.camping-erromardie.com\/en\/4-star-camping-basque-country\/\" target=\"\" rel=\"noopener\" class=\"ls-cta__link\" data-categ=\"\">\n\t<div class=\"ls-cta__image\"><img decoding=\"async\" src=\"https:\/\/www.camping-erromardie.com\/wp-content\/uploads\/2025\/04\/Camping-Erromardie-46.jpg\" alt=\"\"><\/div>\n\t<div class=\"ls-cta__title\">\n\t\tServices\t<\/div>\n\n\t<\/a><\/div><div class=\"wp-block-column\">\n\n<a href=\"https:\/\/www.camping-erromardie.com\/en\/activities-pays-basque\/\" target=\"\" rel=\"noopener\" class=\"ls-cta__link\" data-categ=\"\">\n\t<div class=\"ls-cta__image\"><img decoding=\"async\" src=\"https:\/\/www.camping-erromardie.com\/wp-content\/uploads\/2025\/04\/Camping-Erromardie-61_1.jpg\" alt=\"\"><\/div>\n\t<div class=\"ls-cta__title\">\n\t\tEntertainment\t<\/div>\n\n\t<\/a><\/div><\/div>\n<\/div>\n\r\n    <\/div>\r\n<\/section>","protected":false},"excerpt":{"rendered":"","protected":false},"author":1,"featured_media":17267,"parent":0,"menu_order":36,"comment_status":"closed","ping_status":"closed","template":"","meta":{"_acf_changed":false,"_seopress_robots_primary_cat":"","_seopress_titles_title":"Camping Vacaf Pays Basque | Bons cafs | Social holidays on the Basque coast","_seopress_titles_desc":"For a less expensive stay on the Basque coast, La Ferme d'Erromardie campsite has the VACAF label.","_seopress_robots_index":"","footnotes":""},"sujet":[],"class_list":["post-18027","page","type-page","status-publish","has-post-thumbnail","hentry"],"acf":[],"_links":{"self":[{"href":"https:\/\/www.camping-erromardie.com\/en\/wp-json\/wp\/v2\/pages\/18027","targetHints":{"allow":["GET"]}}],"collection":[{"href":"https:\/\/www.camping-erromardie.com\/en\/wp-json\/wp\/v2\/pages"}],"about":[{"href":"https:\/\/www.camping-erromardie.com\/en\/wp-json\/wp\/v2\/types\/page"}],"author":[{"embeddable":true,"href":"https:\/\/www.camping-erromardie.com\/en\/wp-json\/wp\/v2\/users\/1"}],"replies":[{"embeddable":true,"href":"https:\/\/www.camping-erromardie.com\/en\/wp-json\/wp\/v2\/comments?post=18027"}],"version-history":[{"count":5,"href":"https:\/\/www.camping-erromardie.com\/en\/wp-json\/wp\/v2\/pages\/18027\/revisions"}],"predecessor-version":[{"id":19892,"href":"https:\/\/www.camping-erromardie.com\/en\/wp-json\/wp\/v2\/pages\/18027\/revisions\/19892"}],"wp:featuredmedia":[{"embeddable":true,"href":"https:\/\/www.camping-erromardie.com\/en\/wp-json\/wp\/v2\/media\/17267"}],"wp:attachment":[{"href":"https:\/\/www.camping-erromardie.com\/en\/wp-json\/wp\/v2\/media?parent=18027"}],"wp:term":[{"taxonomy":"sujet","embeddable":true,"href":"https:\/\/www.camping-erromardie.com\/en\/wp-json\/wp\/v2\/sujet?post=18027"}],"curies":[{"name":"wp","href":"https:\/\/api.w.org\/{rel}","templated":true}]}}