{"id":17990,"date":"2025-04-22T09:50:12","date_gmt":"2025-04-22T07:50:12","guid":{"rendered":"https:\/\/www.camping-erromardie.com\/mobil-home\/"},"modified":"2025-06-12T11:01:57","modified_gmt":"2025-06-12T09:01:57","slug":"mobile-home","status":"publish","type":"page","link":"https:\/\/www.camping-erromardie.com\/en\/camping-bidart\/mobile-home\/","title":{"rendered":"Mobile home rental near Bidart"},"content":{"rendered":"<section id=\"ls-section-block_390e2030ae3ef7dca29be3de6c6c7737\" class=\"ls-section  page-titre\" >\r\n        <div class=\"container container--wide\">\r\n        \n\n<h1 class=\"ls__heading wp-block-heading has-text-align-center has-color-4-color has-text-color has-link-color wp-elements-249eba5a17091f3e0ecda26fa78fdb5a\">Mobile home rental near Bidart<\/h1>\n\n\n\n<p class=\"ls-paragraph has-text-align-center\">D\u00e9couvrez le confort de nos\u00a0<strong>locations de mobil homes pr\u00e8s de Bidart\u00a0<\/strong>\u00e0 deux pas de l\u2019Oc\u00e9an Atlantique, au c\u0153ur du Pays Basque. Notre\u00a0<strong>domaine de 2,5 hectares pr\u00e8s de Biarritz<\/strong>\u00a0propose une vari\u00e9t\u00e9 d\u2019options d\u2019h\u00e9bergement adapt\u00e9es \u00e0 vos besoins pour vos vacances en famille ou entre amis. Dans notre\u00a0<a href=\"https:\/\/www.camping-erromardie.com\/\" data-type=\"page\" data-id=\"270\">camping 4 \u00e9toiles au Pays Basque<\/a>, nous mettons \u00e0 votre disposition des\u00a0<strong>mobil-homes<\/strong>\u00a0con\u00e7us pour 2 personnes jusqu\u2019aux options plus spacieuses pouvant accueillir jusqu\u2019\u00e0 6 personnes, id\u00e9ales pour les familles nombreuses.<\/p>\n\n\n\n<p class=\"ls-paragraph has-text-align-center\">Chaque\u00a0<strong>location de mobil home\u00a0<\/strong>dans notre\u00a0<a href=\"https:\/\/www.camping-erromardie.com\/camping-bidart\/\" data-type=\"page\" data-id=\"338\">camping pr\u00e8s de Bidart<\/a>\u00a0est \u00e9quip\u00e9 d\u2019une t\u00e9l\u00e9vision, d\u2019oreillers, de couvertures et de couettes pour assurer votre confort pendant votre s\u00e9jour, que vous restiez quelques nuits ou plus longtemps. N\u2019oubliez pas d\u2019apporter vos draps de lit et affaires personnelles pour compl\u00e9ter votre\u00a0<strong>location de mobil home<\/strong>\u00a0dans les Pyr\u00e9n\u00e9es Atlantiques.<\/p>\n\n\r\n    <\/div>\r\n<\/section><section id=\"ls-section-block_312444d3ff8345dc3c6e0ed21870036a\" class=\"ls-section  home-first page-one has-p-b p-b-14\" >\r\n        <div class=\"container container--wide\">\r\n        \n\n<div class=\"wp-block-columns is-layout-flex wp-container-core-columns-is-layout-9d6595d7 wp-block-columns-is-layout-flex\">\n<div class=\"wp-block-column is-layout-flow wp-block-column-is-layout-flow\" style=\"flex-basis:33.33%\">\n<div class=\"wp-block-columns is-layout-flex wp-container-core-columns-is-layout-9d6595d7 wp-block-columns-is-layout-flex\">\n<div class=\"wp-block-column column-border is-layout-flow wp-block-column-is-layout-flow\">\n<h2 class=\"ls__heading wp-block-heading has-color-1-color has-text-color has-link-color wp-elements-09d7ab6aa2e2d48c8206bd016ecd27f2\">Affordable mobile home rentals near Bidart<\/h2>\n\n\n\n<p class=\"ls-paragraph\">At our campsite near Bidart, we aim to offer<strong> mobile home rentals<\/strong> to suit all budgets. Holidaymakers can choose from a variety of <strong>low-cost rental<\/strong> options in the Basque Country. <\/p>\n\n\n\n<p class=\"ls-paragraph\">Un\u00a0<strong>mobil home accessible aux personnes \u00e0 mobilit\u00e9 r\u00e9duite\u00a0<\/strong>est disponible d\u00e8s 294\u20ac pour une semaine de vacances dans les Pyr\u00e9n\u00e9es Atlantiques. Pour les familles avec enfants qui recherchent plus d\u2019espace, un\u00a0<strong>grand mobil home de trois chambres\u00a0<\/strong>accueillant jusqu\u2019\u00e0 six personnes est propos\u00e9 \u00e0 384\u20ac pour sept jours. Ces tarifs avantageux de notre\u00a0<a href=\"https:\/\/www.camping-erromardie.com\/camping-bidart\/tarifs\/\" data-type=\"page\" data-id=\"16215\">camping pas cher pr\u00e8s de Bidart<\/a>, permettent de profiter pleinement de vos\u00a0<strong>vacances en famille en camping dans le Pays Basque\u00a0<\/strong>sans compromettre votre porte-monnaie !<\/p>\n<\/div>\n<\/div>\n<\/div>\n\n\n\n<div class=\"wp-block-column is-layout-flow wp-block-column-is-layout-flow\" style=\"flex-basis:66.66%\">\n<figure class=\"wp-block-gallery has-nested-images columns-default is-cropped wp-block-gallery-1 is-layout-flex wp-block-gallery-is-layout-flex\">\n<figure class=\"wp-block-image size-full animated fadeIn delay-200ms\"><a href=\"https:\/\/www.camping-erromardie.com\/wp-content\/uploads\/2025\/04\/Location-Mobil-home-camping-pays-basque-6.jpg\"><img loading=\"lazy\" decoding=\"async\" width=\"2000\" height=\"1400\" data-id=\"15298\" src=\"https:\/\/www.camping-erromardie.com\/wp-content\/uploads\/2025\/04\/Location-Mobil-home-camping-pays-basque-6.jpg\" alt=\"Mobile home rental camping pays basque (6)\" class=\"wp-image-15298\" srcset=\"https:\/\/www.camping-erromardie.com\/wp-content\/uploads\/2025\/04\/Location-Mobil-home-camping-pays-basque-6.jpg 2000w, https:\/\/www.camping-erromardie.com\/wp-content\/uploads\/2025\/04\/Location-Mobil-home-camping-pays-basque-6-300x210.jpg 300w, https:\/\/www.camping-erromardie.com\/wp-content\/uploads\/2025\/04\/Location-Mobil-home-camping-pays-basque-6-1024x717.jpg 1024w, https:\/\/www.camping-erromardie.com\/wp-content\/uploads\/2025\/04\/Location-Mobil-home-camping-pays-basque-6-768x538.jpg 768w, https:\/\/www.camping-erromardie.com\/wp-content\/uploads\/2025\/04\/Location-Mobil-home-camping-pays-basque-6-1536x1075.jpg 1536w\" sizes=\"auto, (max-width: 2000px) 100vw, 2000px\" \/><\/a><\/figure>\n\n\n\n<figure class=\"wp-block-image size-full animated fadeIn\"><a href=\"https:\/\/www.camping-erromardie.com\/wp-content\/uploads\/2025\/04\/mobil-home-en-location-pays-basque-3.jpg\"><img loading=\"lazy\" decoding=\"async\" width=\"600\" height=\"800\" data-id=\"15438\" src=\"https:\/\/www.camping-erromardie.com\/wp-content\/uploads\/2025\/04\/mobil-home-en-location-pays-basque-3.jpg\" alt=\"mobile home rental basque country (3)\" class=\"wp-image-15438\" srcset=\"https:\/\/www.camping-erromardie.com\/wp-content\/uploads\/2025\/04\/mobil-home-en-location-pays-basque-3.jpg 600w, https:\/\/www.camping-erromardie.com\/wp-content\/uploads\/2025\/04\/mobil-home-en-location-pays-basque-3-225x300.jpg 225w\" sizes=\"auto, (max-width: 600px) 100vw, 600px\" \/><\/a><\/figure>\n<\/figure>\n<\/div>\n<\/div>\n\n\r\n    <\/div>\r\n<\/section><section id=\"ls-section-block_7ee97fafe3db32c8af7fda03696688e7\" class=\"ls-section  home-first page-two has-background has-color-6-background-color has-p-b p-b-14\" >\r\n        <div class=\"container container--wide\">\r\n        \n\n<div class=\"wp-block-columns is-layout-flex wp-container-core-columns-is-layout-9d6595d7 wp-block-columns-is-layout-flex\">\n<div class=\"wp-block-column is-layout-flow wp-block-column-is-layout-flow\" style=\"flex-basis:66.66%\">\n<figure class=\"wp-block-gallery has-nested-images columns-default is-cropped wp-block-gallery-2 is-layout-flex wp-block-gallery-is-layout-flex\">\n<figure class=\"wp-block-image size-full animated fadeIn delay-200ms\"><a href=\"https:\/\/www.camping-erromardie.com\/wp-content\/uploads\/2025\/04\/chambre-enfant-mobil-home-2.jpg\"><img loading=\"lazy\" decoding=\"async\" width=\"1335\" height=\"2000\" data-id=\"15401\" src=\"https:\/\/www.camping-erromardie.com\/wp-content\/uploads\/2025\/04\/chambre-enfant-mobil-home-2.jpg\" alt=\"children's bedroom mobile home\" class=\"wp-image-15401\" srcset=\"https:\/\/www.camping-erromardie.com\/wp-content\/uploads\/2025\/04\/chambre-enfant-mobil-home-2.jpg 1335w, https:\/\/www.camping-erromardie.com\/wp-content\/uploads\/2025\/04\/chambre-enfant-mobil-home-2-200x300.jpg 200w, https:\/\/www.camping-erromardie.com\/wp-content\/uploads\/2025\/04\/chambre-enfant-mobil-home-2-684x1024.jpg 684w, https:\/\/www.camping-erromardie.com\/wp-content\/uploads\/2025\/04\/chambre-enfant-mobil-home-2-768x1151.jpg 768w, https:\/\/www.camping-erromardie.com\/wp-content\/uploads\/2025\/04\/chambre-enfant-mobil-home-2-1025x1536.jpg 1025w\" sizes=\"auto, (max-width: 1335px) 100vw, 1335px\" \/><\/a><\/figure>\n\n\n\n<figure class=\"wp-block-image size-full animated fadeIn\"><a href=\"https:\/\/www.camping-erromardie.com\/wp-content\/uploads\/2025\/04\/DSC_6001.jpg\"><img loading=\"lazy\" decoding=\"async\" width=\"2022\" height=\"1350\" data-id=\"15428\" src=\"https:\/\/www.camping-erromardie.com\/wp-content\/uploads\/2025\/04\/DSC_6001.jpg\" alt=\"DSC 6001\" class=\"wp-image-15428\" srcset=\"https:\/\/www.camping-erromardie.com\/wp-content\/uploads\/2025\/04\/DSC_6001.jpg 2022w, https:\/\/www.camping-erromardie.com\/wp-content\/uploads\/2025\/04\/DSC_6001-300x200.jpg 300w, https:\/\/www.camping-erromardie.com\/wp-content\/uploads\/2025\/04\/DSC_6001-1024x684.jpg 1024w, https:\/\/www.camping-erromardie.com\/wp-content\/uploads\/2025\/04\/DSC_6001-768x513.jpg 768w, https:\/\/www.camping-erromardie.com\/wp-content\/uploads\/2025\/04\/DSC_6001-1536x1026.jpg 1536w\" sizes=\"auto, (max-width: 2022px) 100vw, 2022px\" \/><\/a><\/figure>\n<\/figure>\n<\/div>\n\n\n\n<div class=\"wp-block-column is-layout-flow wp-block-column-is-layout-flow\" style=\"flex-basis:33.33%\">\n<div class=\"wp-block-columns is-layout-flex wp-container-core-columns-is-layout-9d6595d7 wp-block-columns-is-layout-flex\">\n<div class=\"wp-block-column column-border is-layout-flow wp-block-column-is-layout-flow\">\n<h2 class=\"ls__heading wp-block-heading has-color-1-color has-text-color has-link-color wp-elements-bd6ed0424788a01071073622e340220c\">Discover our mobile homes near Bidart<\/h2>\n\n\n\n<p class=\"ls-paragraph\">Pour votre<strong>\u00a0s\u00e9jour au Pays Basque<\/strong>\u00a0en Nouvelle Aquitaine, que vous soyez seul ou en groupe jusqu\u2019\u00e0 six personnes, notre<a href=\"https:\/\/www.camping-erromardie.com\/camping-bidart\/piscine\/\" data-type=\"page\" data-id=\"16222\">\u00a0camping avec piscine pr\u00e8s de Bidart<\/a>\u00a0propose des\u00a0<strong>mobil homes modernes et confortables en location<\/strong>. Nos chalets et mobil-homes \u00e0 Saint Jean de Luz, pouvant accueillir jusqu\u2019\u00e0 six visiteurs, se distinguent par leur modernit\u00e9 et la qualit\u00e9 de leurs \u00e9quipements. Avec des superficies allant de 16 \u00e0 32m2 et des configurations d\u2019une \u00e0 trois chambres, nos\u00a0<strong>options d\u2019h\u00e9bergement en location\u00a0<\/strong>sont diversifi\u00e9es. Les logements de notre\u00a0<strong>camping 4 \u00e9toiles pr\u00e8s de Bidart<\/strong>\u00a0varient des cabanes lodges m\u00ealant bois et toile \u00e0 des maisons \u00e0 l\u2019esth\u00e9tique contemporaine, en passant par des\u00a0<strong>mobil-homes color\u00e9s<\/strong>, tous dot\u00e9s d\u2019un design agr\u00e9able et d\u2019un int\u00e9rieur soigneusement d\u00e9cor\u00e9.<\/p>\n\n\n\n<p class=\"ls-paragraph\">For people with reduced mobility on <strong>vacation near Bidart<\/strong>, our campsite has specially designed<strong> mobile home rentals <\/strong>with access ramps, generous spaces and adapted sanitary facilities. Each<strong> mobile home for rent at our campsite near Bidart<\/strong>, whether for two or six people, is fully equipped to ensure a carefree <strong>stay in south-west France<\/strong>: fully equipped kitchen, shower room with WC, television, and WIFI access is available throughout the site. <\/p>\n<\/div>\n<\/div>\n<\/div>\n<\/div>\n\n\r\n    <\/div>\r\n<\/section><section id=\"ls-section-block_8992008e036f6baab0f5c2a22608359d\" class=\"ls-section  home-first page-one has-p-t p-t-14\" >\r\n        <div class=\"container container--wide\">\r\n        \n\n<div class=\"wp-block-columns is-layout-flex wp-container-core-columns-is-layout-9d6595d7 wp-block-columns-is-layout-flex\">\n<div class=\"wp-block-column is-layout-flow wp-block-column-is-layout-flow\" style=\"flex-basis:33.33%\">\n<div class=\"wp-block-columns is-layout-flex wp-container-core-columns-is-layout-9d6595d7 wp-block-columns-is-layout-flex\">\n<div class=\"wp-block-column column-border is-layout-flow wp-block-column-is-layout-flow\">\n<h2 class=\"ls__heading wp-block-heading has-color-1-color has-text-color has-link-color wp-elements-ccb20619d785ef0ccc6b3f4a85cd12c0\">Mobile home rental with private terrace by the sea near Bidart<br\/><\/h2>\n\n\n\n<p class=\"ls-paragraph\">Each <strong>mobile home rental near Bidart in our campsite with swimming pool in the Basque Country<\/strong> comes with its own private outdoor space, carefully landscaped with vegetation and a terrace. The added bonus of <strong>renting a mobile home at our campsite near Bidart<\/strong>? A view of the sea!  <\/p>\n\n\n\n<p class=\"ls-paragraph\">The terraces of the <strong>mobile homes at our campsite near Bidart<\/strong>, designed in wood or tiled, some elevated, others not, and sometimes shaded by parasols, become true extensions of your <strong>stay in the Basque Country<\/strong>.<\/p>\n\n\n\n<p class=\"ls-paragraph\">Each terrace invites you to enjoy your meals al fresco in your <strong>mobile home<\/strong>, relax in the sunshine or listen to the gentle murmur of the waves on the Erromardie beach in the evening during your <strong>camping vacation in the Basque Country<\/strong>.<\/p>\n\n\n\n<p class=\"ls-paragraph\">Each terrace is furnished with garden furniture, transforming this space into a natural part of your <strong>mobile home rental<\/strong>, and giving you extra square meters to enjoy the proximity of the ocean at our <strong>Saint Jean de Luz campsite<\/strong>.<\/p>\n<\/div>\n<\/div>\n<\/div>\n\n\n\n<div class=\"wp-block-column is-layout-flow wp-block-column-is-layout-flow\" style=\"flex-basis:66.66%\">\n<figure class=\"wp-block-gallery has-nested-images columns-default is-cropped wp-block-gallery-3 is-layout-flex wp-block-gallery-is-layout-flex\">\n<figure class=\"wp-block-image size-full animated fadeIn delay-200ms\"><a href=\"https:\/\/www.camping-erromardie.com\/wp-content\/uploads\/2025\/04\/MH-camping-la-ferme-erromardie-cuisine.jpg\"><img loading=\"lazy\" decoding=\"async\" width=\"668\" height=\"1000\" data-id=\"15742\" src=\"https:\/\/www.camping-erromardie.com\/wp-content\/uploads\/2025\/04\/MH-camping-la-ferme-erromardie-cuisine.jpg\" alt=\"MH camping la ferme erromardie kitchen\" class=\"wp-image-15742\" srcset=\"https:\/\/www.camping-erromardie.com\/wp-content\/uploads\/2025\/04\/MH-camping-la-ferme-erromardie-cuisine.jpg 668w, https:\/\/www.camping-erromardie.com\/wp-content\/uploads\/2025\/04\/MH-camping-la-ferme-erromardie-cuisine-200x300.jpg 200w\" sizes=\"auto, (max-width: 668px) 100vw, 668px\" \/><\/a><\/figure>\n\n\n\n<figure class=\"wp-block-image size-full animated fadeIn\"><a href=\"https:\/\/www.camping-erromardie.com\/wp-content\/uploads\/2025\/04\/Camping-Erromardie-environnement-16-1.jpg\"><img loading=\"lazy\" decoding=\"async\" width=\"2022\" height=\"1350\" data-id=\"15909\" src=\"https:\/\/www.camping-erromardie.com\/wp-content\/uploads\/2025\/04\/Camping-Erromardie-environnement-16-1.jpg\" alt=\"Campsite Erromardie environnement 16\" class=\"wp-image-15909\" srcset=\"https:\/\/www.camping-erromardie.com\/wp-content\/uploads\/2025\/04\/Camping-Erromardie-environnement-16-1.jpg 2022w, https:\/\/www.camping-erromardie.com\/wp-content\/uploads\/2025\/04\/Camping-Erromardie-environnement-16-1-300x200.jpg 300w, https:\/\/www.camping-erromardie.com\/wp-content\/uploads\/2025\/04\/Camping-Erromardie-environnement-16-1-1024x684.jpg 1024w, https:\/\/www.camping-erromardie.com\/wp-content\/uploads\/2025\/04\/Camping-Erromardie-environnement-16-1-768x513.jpg 768w, https:\/\/www.camping-erromardie.com\/wp-content\/uploads\/2025\/04\/Camping-Erromardie-environnement-16-1-1536x1026.jpg 1536w\" sizes=\"auto, (max-width: 2022px) 100vw, 2022px\" \/><\/a><\/figure>\n<\/figure>\n<\/div>\n<\/div>\n\n\r\n    <\/div>\r\n<\/section><section id=\"ls-section-block_a4fb68845fa0980a1043e713a5aa3a1a\" class=\"ls-section  page-cta\" >\r\n        <div class=\"container container--wide\">\r\n        \n\n<div id=\"ls-heading ls-titre-div-block_16d42b4e557925855c08a46799d780af\" class=\"ls-titre-div aligncenter h2-like has-text-color has-color-1-color\" >\n    Discover our pool, our services and our offers<\/div>\n\n\n\n<div id=\"ls-maillage-block_3f4be4006f443809ac7fad4d83f94283\" class=\"ls-maillage cta-style-normal\" data-rows=\"3\">\n\n    <div class=\"wp-block-columns\"><div class=\"wp-block-column\">\n\n<a href=\"https:\/\/www.camping-erromardie.com\/en\/camping-bidart\/pool\/\" target=\"\" rel=\"noopener\" class=\"ls-cta__link\" data-categ=\"\">\n\t<div class=\"ls-cta__image\"><img decoding=\"async\" src=\"https:\/\/www.camping-erromardie.com\/wp-content\/uploads\/2025\/04\/La-ferme-erromardi-camping-familial-avec-piscine.jpg\" alt=\"Swimming pool\"><\/div>\n\t<div class=\"ls-cta__title\">\n\t\tSwimming pool\t<\/div>\n\n\t<\/a><\/div><div class=\"wp-block-column\">\n\n<a href=\"https:\/\/www.camping-erromardie.com\/en\/camping-bidart\/tarifs\/\" target=\"\" rel=\"noopener\" class=\"ls-cta__link\" data-categ=\"\">\n\t<div class=\"ls-cta__image\"><img decoding=\"async\" src=\"https:\/\/www.camping-erromardie.com\/wp-content\/uploads\/2025\/04\/DSC_7028.jpg\" alt=\"\"><\/div>\n\t<div class=\"ls-cta__title\">\n\t\tRates\t<\/div>\n\n\t<\/a><\/div><div class=\"wp-block-column\">\n\n<a href=\"https:\/\/www.camping-erromardie.com\/en\/activities-pays-basque\/\" target=\"\" rel=\"noopener\" class=\"ls-cta__link\" data-categ=\"\">\n\t<div class=\"ls-cta__image\"><img decoding=\"async\" src=\"https:\/\/www.camping-erromardie.com\/wp-content\/uploads\/2025\/04\/Camping-Erromardie-61_1.jpg\" alt=\"\"><\/div>\n\t<div class=\"ls-cta__title\">\n\t\tEntertainment\t<\/div>\n\n\t<\/a><\/div><\/div>\n<\/div>\n\r\n    <\/div>\r\n<\/section>","protected":false},"excerpt":{"rendered":"","protected":false},"author":1,"featured_media":15348,"parent":18141,"menu_order":9,"comment_status":"closed","ping_status":"closed","template":"","meta":{"_acf_changed":false,"_seopress_robots_primary_cat":"","_seopress_titles_title":"Mobile home rental Bidart : Camping by the sea in the Basque Country","_seopress_titles_desc":"Book your mobile home in Bidart for an unforgettable vacation. Enjoy a campsite with swimming pool and comfortable rooms in the heart of the Basque Country ","_seopress_robots_index":"","footnotes":""},"sujet":[],"class_list":["post-17990","page","type-page","status-publish","has-post-thumbnail","hentry"],"acf":[],"_links":{"self":[{"href":"https:\/\/www.camping-erromardie.com\/en\/wp-json\/wp\/v2\/pages\/17990","targetHints":{"allow":["GET"]}}],"collection":[{"href":"https:\/\/www.camping-erromardie.com\/en\/wp-json\/wp\/v2\/pages"}],"about":[{"href":"https:\/\/www.camping-erromardie.com\/en\/wp-json\/wp\/v2\/types\/page"}],"author":[{"embeddable":true,"href":"https:\/\/www.camping-erromardie.com\/en\/wp-json\/wp\/v2\/users\/1"}],"replies":[{"embeddable":true,"href":"https:\/\/www.camping-erromardie.com\/en\/wp-json\/wp\/v2\/comments?post=17990"}],"version-history":[{"count":5,"href":"https:\/\/www.camping-erromardie.com\/en\/wp-json\/wp\/v2\/pages\/17990\/revisions"}],"predecessor-version":[{"id":19786,"href":"https:\/\/www.camping-erromardie.com\/en\/wp-json\/wp\/v2\/pages\/17990\/revisions\/19786"}],"up":[{"embeddable":true,"href":"https:\/\/www.camping-erromardie.com\/en\/wp-json\/wp\/v2\/pages\/18141"}],"wp:featuredmedia":[{"embeddable":true,"href":"https:\/\/www.camping-erromardie.com\/en\/wp-json\/wp\/v2\/media\/15348"}],"wp:attachment":[{"href":"https:\/\/www.camping-erromardie.com\/en\/wp-json\/wp\/v2\/media?parent=17990"}],"wp:term":[{"taxonomy":"sujet","embeddable":true,"href":"https:\/\/www.camping-erromardie.com\/en\/wp-json\/wp\/v2\/sujet?post=17990"}],"curies":[{"name":"wp","href":"https:\/\/api.w.org\/{rel}","templated":true}]}}