{"id":17982,"date":"2025-04-22T09:59:20","date_gmt":"2025-04-22T07:59:20","guid":{"rendered":"https:\/\/www.camping-erromardie.com\/tarifs\/"},"modified":"2025-06-12T11:01:56","modified_gmt":"2025-06-12T09:01:56","slug":"tarifs","status":"publish","type":"page","link":"https:\/\/www.camping-erromardie.com\/en\/camping-bidart\/tarifs\/","title":{"rendered":"Cheap camping near Bidart"},"content":{"rendered":"<section id=\"ls-section-block_30b04e5f610a5fe0bbd41414c9d7c315\" class=\"ls-section  page-titre\" >\r\n        <div class=\"container container--wide\">\r\n        \n\n<h1 class=\"ls__heading wp-block-heading has-text-align-center has-color-4-color has-text-color has-link-color wp-elements-ef431016c42e6b45ed412c5491e019c0\">Cheap camping near Bidart<\/h1>\n\n\n\n<p class=\"ls-paragraph has-text-align-center\">Notre\u00a0<a href=\"https:\/\/www.camping-erromardie.com\/\" data-type=\"page\" data-id=\"270\">camping au Pays Basque \u00e0 Saint-Jean de Luz<\/a>, La Ferme d\u2019Erromardie, vous attend dans le sud-ouest de la France pour des\u00a0<strong>vacances inoubliables et abordables<\/strong>\u00a0! Profitez d\u2019offres exceptionnelles tout au long de la saison dans notre\u00a0<strong>camping pas cher pr\u00e8s de Bidart<\/strong>\u00a0: r\u00e9servez 14 nuits en mobil-home et ne payez que 12, ou b\u00e9n\u00e9ficiez d\u2019une<strong>\u00a0nuit gratuite\u00a0<\/strong>pour une semaine en emplacement caravaning. Ne manquez pas ces promotions avantageuses et\u00a0<strong>r\u00e9servez d\u00e8s maintenant<\/strong>\u00a0votre mobil-home ou emplacement au\u00a0<strong>meilleur prix<\/strong>\u00a0pour des vacances r\u00e9ussies \u00e0 Saint-Jean-de-Luz au Pays Basque en Nouvelle Aquitaine !<\/p>\n\n\r\n    <\/div>\r\n<\/section><section id=\"ls-section-block_c275f83ea6ec779c6b85078ddd0714c7\" class=\"ls-section  home-first page-one has-p-b p-b-14\" >\r\n        <div class=\"container container--wide\">\r\n        \n\n<div class=\"wp-block-columns is-layout-flex wp-container-core-columns-is-layout-9d6595d7 wp-block-columns-is-layout-flex\">\n<div class=\"wp-block-column is-layout-flow wp-block-column-is-layout-flow\" style=\"flex-basis:33.33%\">\n<div class=\"wp-block-columns is-layout-flex wp-container-core-columns-is-layout-9d6595d7 wp-block-columns-is-layout-flex\">\n<div class=\"wp-block-column column-border is-layout-flow wp-block-column-is-layout-flow\">\n<h2 class=\"ls__heading wp-block-heading has-color-1-color has-text-color has-link-color wp-elements-eb596c403002921d42ac4d5da7eb2414\">Cheap camping pitches near Bidart<\/h2>\n\n\n\n<p class=\"ls-paragraph\">Envie de passer un s\u00e9jour en\u00a0<a href=\"https:\/\/www.camping-erromardie.com\/camping-bidart\/mobil-home\/\">camping autour de Bidart<\/a>\u00a0sans d\u00e9passer votre budget ? \u00c0 la recherche de\u00a0<strong>campings \u00e9conomiques au Pays Basque\u00a0<\/strong>? Notre camping 4 \u00e9toiles pr\u00e8s de Bidart vous propose des emplacements abordables pour tente, camping-car et caravane,\u00a0<strong>adapt\u00e9s \u00e0 toutes les envies et tous les porte-monnaies<\/strong>.<\/p>\n\n\n\n<p class=\"ls-paragraph\">Opt for the<strong> nature package<\/strong> at our <strong>low-cost campsite near Bidart<\/strong> to benefit from green, economical pitches, without electricity, but with modern sanitary facilities and numerous leisure facilities. For more comfort at a lower price at our <strong>Saint-Jean-de-Luz campsite <\/strong>in New Aquitaine, discover our special offers on mobile homes. <\/p>\n<\/div>\n<\/div>\n<\/div>\n\n\n\n<div class=\"wp-block-column is-layout-flow wp-block-column-is-layout-flow\" style=\"flex-basis:66.66%\">\n<figure class=\"wp-block-gallery has-nested-images columns-default is-cropped wp-block-gallery-1 is-layout-flex wp-block-gallery-is-layout-flex\">\n<figure class=\"wp-block-image size-full animated fadeIn delay-200ms\"><a href=\"https:\/\/www.camping-erromardie.com\/wp-content\/uploads\/2025\/04\/camping-erromardie-emplacement-van.jpg\"><img loading=\"lazy\" decoding=\"async\" width=\"589\" height=\"468\" data-id=\"10608\" src=\"https:\/\/www.camping-erromardie.com\/wp-content\/uploads\/2025\/04\/camping-erromardie-emplacement-van.jpg\" alt=\"camping erromardie emplacement van\" class=\"wp-image-10608\" srcset=\"https:\/\/www.camping-erromardie.com\/wp-content\/uploads\/2025\/04\/camping-erromardie-emplacement-van.jpg 589w, https:\/\/www.camping-erromardie.com\/wp-content\/uploads\/2025\/04\/camping-erromardie-emplacement-van-300x238.jpg 300w\" sizes=\"auto, (max-width: 589px) 100vw, 589px\" \/><\/a><\/figure>\n\n\n\n<figure class=\"wp-block-image size-full animated fadeIn\"><a href=\"https:\/\/www.camping-erromardie.com\/wp-content\/uploads\/2025\/04\/Location-emplacement-camping-car-en-famille-1.jpg\"><img loading=\"lazy\" decoding=\"async\" width=\"2026\" height=\"1350\" data-id=\"17205\" src=\"https:\/\/www.camping-erromardie.com\/wp-content\/uploads\/2025\/04\/Location-emplacement-camping-car-en-famille-1.jpg\" alt=\"Family camping car rental\" class=\"wp-image-17205\" srcset=\"https:\/\/www.camping-erromardie.com\/wp-content\/uploads\/2025\/04\/Location-emplacement-camping-car-en-famille-1.jpg 2026w, https:\/\/www.camping-erromardie.com\/wp-content\/uploads\/2025\/04\/Location-emplacement-camping-car-en-famille-1-300x200.jpg 300w, https:\/\/www.camping-erromardie.com\/wp-content\/uploads\/2025\/04\/Location-emplacement-camping-car-en-famille-1-1024x682.jpg 1024w, https:\/\/www.camping-erromardie.com\/wp-content\/uploads\/2025\/04\/Location-emplacement-camping-car-en-famille-1-768x512.jpg 768w, https:\/\/www.camping-erromardie.com\/wp-content\/uploads\/2025\/04\/Location-emplacement-camping-car-en-famille-1-1536x1023.jpg 1536w\" sizes=\"auto, (max-width: 2026px) 100vw, 2026px\" \/><\/a><\/figure>\n<\/figure>\n<\/div>\n<\/div>\n\n\r\n    <\/div>\r\n<\/section><section id=\"ls-section-block_bdc14704318f4a60483f022f903879f7\" class=\"ls-section  home-first page-two has-background has-color-6-background-color has-p-b p-b-14\" >\r\n        <div class=\"container container--wide\">\r\n        \n\n<div class=\"wp-block-columns is-layout-flex wp-container-core-columns-is-layout-9d6595d7 wp-block-columns-is-layout-flex\">\n<div class=\"wp-block-column is-layout-flow wp-block-column-is-layout-flow\" style=\"flex-basis:66.66%\">\n<figure class=\"wp-block-gallery has-nested-images columns-default is-cropped wp-block-gallery-2 is-layout-flex wp-block-gallery-is-layout-flex\">\n<figure class=\"wp-block-image size-full animated fadeIn delay-200ms\"><a href=\"https:\/\/www.camping-erromardie.com\/wp-content\/uploads\/2025\/04\/Piscine-du-camping-Erromardie-1.jpg\"><img loading=\"lazy\" decoding=\"async\" width=\"2000\" height=\"1333\" data-id=\"12391\" src=\"https:\/\/www.camping-erromardie.com\/wp-content\/uploads\/2025\/04\/Piscine-du-camping-Erromardie-1.jpg\" alt=\"Camping Erromardie swimming pool\" class=\"wp-image-12391\" srcset=\"https:\/\/www.camping-erromardie.com\/wp-content\/uploads\/2025\/04\/Piscine-du-camping-Erromardie-1.jpg 2000w, https:\/\/www.camping-erromardie.com\/wp-content\/uploads\/2025\/04\/Piscine-du-camping-Erromardie-1-300x200.jpg 300w, https:\/\/www.camping-erromardie.com\/wp-content\/uploads\/2025\/04\/Piscine-du-camping-Erromardie-1-1024x682.jpg 1024w, https:\/\/www.camping-erromardie.com\/wp-content\/uploads\/2025\/04\/Piscine-du-camping-Erromardie-1-768x512.jpg 768w, https:\/\/www.camping-erromardie.com\/wp-content\/uploads\/2025\/04\/Piscine-du-camping-Erromardie-1-1536x1024.jpg 1536w\" sizes=\"auto, (max-width: 2000px) 100vw, 2000px\" \/><\/a><\/figure>\n\n\n\n<figure class=\"wp-block-image size-full animated fadeIn\"><a href=\"https:\/\/www.camping-erromardie.com\/wp-content\/uploads\/2025\/04\/Erromardie-52-1.jpg\"><img loading=\"lazy\" decoding=\"async\" width=\"2025\" height=\"1350\" data-id=\"15479\" src=\"https:\/\/www.camping-erromardie.com\/wp-content\/uploads\/2025\/04\/Erromardie-52-1.jpg\" alt=\"Erromardie (52)\" class=\"wp-image-15479\" srcset=\"https:\/\/www.camping-erromardie.com\/wp-content\/uploads\/2025\/04\/Erromardie-52-1.jpg 2025w, https:\/\/www.camping-erromardie.com\/wp-content\/uploads\/2025\/04\/Erromardie-52-1-300x200.jpg 300w, https:\/\/www.camping-erromardie.com\/wp-content\/uploads\/2025\/04\/Erromardie-52-1-1024x683.jpg 1024w, https:\/\/www.camping-erromardie.com\/wp-content\/uploads\/2025\/04\/Erromardie-52-1-768x512.jpg 768w, https:\/\/www.camping-erromardie.com\/wp-content\/uploads\/2025\/04\/Erromardie-52-1-1536x1024.jpg 1536w\" sizes=\"auto, (max-width: 2025px) 100vw, 2025px\" \/><\/a><\/figure>\n<\/figure>\n<\/div>\n\n\n\n<div class=\"wp-block-column is-layout-flow wp-block-column-is-layout-flow\" style=\"flex-basis:33.33%\">\n<div class=\"wp-block-columns is-layout-flex wp-container-core-columns-is-layout-9d6595d7 wp-block-columns-is-layout-flex\">\n<div class=\"wp-block-column column-border is-layout-flow wp-block-column-is-layout-flow\">\n<h2 class=\"ls__heading wp-block-heading has-color-1-color has-text-color has-link-color wp-elements-8adc39f2f4cf4969387713b7db33ae62\">A campsite with swimming pool Pays Basque Bidart<\/h2>\n\n\n\n<p class=\"ls-paragraph\">Notre<strong>\u00a0camping 4 \u00e9toiles<\/strong>, situ\u00e9 en bord de mer dans le Pays Basque, est l\u2019endroit parfait pour des<strong>\u00a0vacances \u00e9conomiques avec piscine<\/strong>. Profitez chaque jour des plages de l\u2019Oc\u00e9an Atlantique et de notre parc aquatique, qui comprend une\u00a0<a href=\"https:\/\/www.camping-erromardie.com\/camping-bidart\/piscine\/\" data-type=\"page\" data-id=\"16222\">piscine<\/a>\u00a0couverte et chauff\u00e9e, id\u00e9ale m\u00eame en basse saison. Notre\u00a0<strong>camping pas cher pr\u00e8s de Bidart<\/strong>\u00a0allie confort moderne, convivialit\u00e9 et simplicit\u00e9, offrant une exp\u00e9rience de vacances\u00a0<strong>accessible \u00e0 tous les budgets<\/strong>.<\/p>\n<\/div>\n<\/div>\n<\/div>\n<\/div>\n\n\r\n    <\/div>\r\n<\/section><section id=\"ls-section-block_6db06ec490ec38f804856081c9bad3a0\" class=\"ls-section  home-first page-one has-p-t p-t-14\" >\r\n        <div class=\"container container--wide\">\r\n        \n\n<div class=\"wp-block-columns is-layout-flex wp-container-core-columns-is-layout-9d6595d7 wp-block-columns-is-layout-flex\">\n<div class=\"wp-block-column is-layout-flow wp-block-column-is-layout-flow\" style=\"flex-basis:33.33%\">\n<div class=\"wp-block-columns is-layout-flex wp-container-core-columns-is-layout-9d6595d7 wp-block-columns-is-layout-flex\">\n<div class=\"wp-block-column column-border is-layout-flow wp-block-column-is-layout-flow\">\n<h2 class=\"ls__heading wp-block-heading has-color-1-color has-text-color has-link-color wp-elements-286bd03203a5bbe4e39c32fc84f2416f\">Vacations around Bidart: special offers and deals<\/h2>\n\n\n\n<p class=\"ls-paragraph\">Perfect for families looking for an escape in the Basque Country, our <strong>low-cost campsite near Bidart<\/strong> offers a privileged location on the edge of the Atlantic coast. Take advantage of <strong>low rates <\/strong>to extend your stay or reduce your expenses. In low season, particularly at the beginning and end of summer, you&#8217;ll not only benefit from reduced prices but also<strong> free nights<\/strong> thanks to our special offers.  <\/p>\n\n\n\n<p class=\"ls-paragraph\">Book at our <strong>cheap campsite in Bidart<\/strong> on flexible dates for even more savings, and discover our special offers for families, as well as discounts for couples. Staying at our <strong>campsite near Bidart<\/strong> is an <strong>economical and pleasant option<\/strong> for a vacation close to cities such as Biarritz, San Sebastian and Bilbao. <\/p>\n\n\n\n<p class=\"ls-paragraph\">Notre\u00a0<strong>camping pas cher pr\u00e8s de Bidart<\/strong>\u00a0respecte la charte Camping Qualit\u00e9, est agr\u00e9\u00e9 ACSI et labellis\u00e9 Vacaf. Utilisez votre<strong>\u00a0carte ACSI<\/strong>\u00a0pour b\u00e9n\u00e9ficier de r\u00e9ductions suppl\u00e9mentaires ou vos<strong>\u00a0bons CAF<\/strong>\u00a0pour diminuer le co\u00fbt de votre\u00a0<a href=\"https:\/\/www.camping-erromardie.com\/camping-bidart\/mobil-home\/\" data-type=\"page\" data-id=\"16218\">location en mobil-home pr\u00e8s de Bidart<\/a>, dans le Pays Basque !<\/p>\n<\/div>\n<\/div>\n<\/div>\n\n\n\n<div class=\"wp-block-column is-layout-flow wp-block-column-is-layout-flow\" style=\"flex-basis:66.66%\">\n<figure class=\"wp-block-gallery has-nested-images columns-default is-cropped wp-block-gallery-3 is-layout-flex wp-block-gallery-is-layout-flex\">\n<figure class=\"wp-block-image size-full animated fadeIn delay-200ms\"><a href=\"https:\/\/www.camping-erromardie.com\/wp-content\/uploads\/2025\/04\/MH-camping-la-ferme-erromardie-salon-salle-a-manger.jpg\"><img loading=\"lazy\" decoding=\"async\" width=\"1000\" height=\"668\" data-id=\"15781\" src=\"https:\/\/www.camping-erromardie.com\/wp-content\/uploads\/2025\/04\/MH-camping-la-ferme-erromardie-salon-salle-a-manger.jpg\" alt=\"MH camping la ferme erromardie living room dining room\" class=\"wp-image-15781\" srcset=\"https:\/\/www.camping-erromardie.com\/wp-content\/uploads\/2025\/04\/MH-camping-la-ferme-erromardie-salon-salle-a-manger.jpg 1000w, https:\/\/www.camping-erromardie.com\/wp-content\/uploads\/2025\/04\/MH-camping-la-ferme-erromardie-salon-salle-a-manger-300x200.jpg 300w, https:\/\/www.camping-erromardie.com\/wp-content\/uploads\/2025\/04\/MH-camping-la-ferme-erromardie-salon-salle-a-manger-768x513.jpg 768w\" sizes=\"auto, (max-width: 1000px) 100vw, 1000px\" \/><\/a><\/figure>\n\n\n\n<figure class=\"wp-block-image size-full animated fadeIn\"><a href=\"https:\/\/www.camping-erromardie.com\/wp-content\/uploads\/2025\/04\/MH-camping-la-ferme-erromardie-chambre-double-enfant.jpg\"><img loading=\"lazy\" decoding=\"async\" width=\"1000\" height=\"668\" data-id=\"15765\" src=\"https:\/\/www.camping-erromardie.com\/wp-content\/uploads\/2025\/04\/MH-camping-la-ferme-erromardie-chambre-double-enfant.jpg\" alt=\"MH camping la ferme erromardie double room child\" class=\"wp-image-15765\" srcset=\"https:\/\/www.camping-erromardie.com\/wp-content\/uploads\/2025\/04\/MH-camping-la-ferme-erromardie-chambre-double-enfant.jpg 1000w, https:\/\/www.camping-erromardie.com\/wp-content\/uploads\/2025\/04\/MH-camping-la-ferme-erromardie-chambre-double-enfant-300x200.jpg 300w, https:\/\/www.camping-erromardie.com\/wp-content\/uploads\/2025\/04\/MH-camping-la-ferme-erromardie-chambre-double-enfant-768x513.jpg 768w\" sizes=\"auto, (max-width: 1000px) 100vw, 1000px\" \/><\/a><\/figure>\n<\/figure>\n<\/div>\n<\/div>\n\n\r\n    <\/div>\r\n<\/section><section id=\"ls-section-block_90a31b542c4ac5a25bd9c92658cb7751\" class=\"ls-section  home-fifth page-three\" >\r\n        <div class=\"container container--wide\">\r\n        \n\n<figure class=\"wp-block-image size-full animated fadeIn\"><a href=\"https:\/\/www.camping-erromardie.com\/wp-content\/uploads\/2025\/04\/Uhabia-a-Bidart.jpg\"><img loading=\"lazy\" decoding=\"async\" width=\"2048\" height=\"1536\" src=\"https:\/\/www.camping-erromardie.com\/wp-content\/uploads\/2025\/04\/Uhabia-a-Bidart.jpg\" alt=\"Untitled design 1\" class=\"wp-image-14836\" srcset=\"https:\/\/www.camping-erromardie.com\/wp-content\/uploads\/2025\/04\/Uhabia-a-Bidart.jpg 2048w, https:\/\/www.camping-erromardie.com\/wp-content\/uploads\/2025\/04\/Uhabia-a-Bidart-300x225.jpg 300w, https:\/\/www.camping-erromardie.com\/wp-content\/uploads\/2025\/04\/Uhabia-a-Bidart-1024x768.jpg 1024w, https:\/\/www.camping-erromardie.com\/wp-content\/uploads\/2025\/04\/Uhabia-a-Bidart-768x576.jpg 768w, https:\/\/www.camping-erromardie.com\/wp-content\/uploads\/2025\/04\/Uhabia-a-Bidart-1536x1152.jpg 1536w\" sizes=\"auto, (max-width: 2048px) 100vw, 2048px\" \/><\/a><\/figure>\n\n\n\n<h2 class=\"ls__heading wp-block-heading has-color-1-color has-text-color has-link-color wp-elements-ce3e16f44a3951e186d452f234a2a4f9\">Frequently asked questions &#8211; camping Bidart<\/h2>\n\n\n\n<h3 class=\"ls__heading wp-block-heading has-color-4-color has-text-color has-link-color wp-elements-ffe79b3874d30b703c997e576b578499\">How to make the most of an affordable stay in the Basque Country?<\/h3>\n\n\n\n<p class=\"ls-paragraph\">Opt for a stay at one of our star-rated campsites in the Pyr\u00e9n\u00e9es-Atlantiques for budget accommodation, ideal for the whole family, even your children. With our low-cost campsite near Bidart, you&#8217;ll enjoy great rates and free access to facilities such as the swimming pool on our Nouvelle-Aquitaine estate. What&#8217;s more, you&#8217;ll be just minutes from the magnificent beaches of Hendaye and Biarritz, for a total immersion in the Basque region of south-west France!  <\/p>\n\n\n\n<h3 class=\"ls__heading wp-block-heading has-color-4-color has-text-color has-link-color wp-elements-ccfede29352900396cb0c3d70e1b6fc5\">How to get a week&#8217;s camping near Bidart at an even lower price?<\/h3>\n\n\n\n<p class=\"ls-paragraph\">Although our cheap campsite near Bidart already offers attractive rates, it&#8217;s possible to reduce the cost of your stay in the Pyr\u00e9n\u00e9es-Atlantiques even further. Book your accommodation in advance to take advantage of the best prices, and keep an eye on the promotions available at our estate, one of the region&#8217;s most economical star-rated campsites. If you&#8217;re looking to save even more during your vacation in New Aquitaine, opt for a bare pitch rental for your tent, motorhome or caravan.  <\/p>\n\n\n\n<p class=\"ls-paragraph\">And don&#8217;t forget to optimize your budget during your stay: opt for local produce, avoid eating out at every meal, and explore the region&#8217;s many free activities, such as Biarritz&#8217;s beaches, hiking in the Pyrenees or picnics in Bayonne&#8217;s parks. There are plenty of options for a memorable and cost-effective stay in Nouvelle-Aquitaine. Book your accommodation or pitch at our campsite near Bidart now and start planning your adventure!  <\/p>\n\n\n\n<h3 class=\"ls__heading wp-block-heading has-color-4-color has-text-color has-link-color wp-elements-4ecf4421003fcb3f74af138433b262ed\">Can I use the ACSI card at the La Ferme Erromardie campsite?<\/h3>\n\n\n\n<p class=\"ls-paragraph\">Absolutely! Our low-cost campsite near Bidart in the Basque Country is VACAF approved, which means you can use your ACSI card to get extra discounts on our camping pitches. Even with our already attractive rates, the ACSI card gives you the opportunity to save even more. Ready for a pleasant and economical stay? We look forward to welcoming you to our estate in south-west France!    <\/p>\n\n\n\n<p class=\"ls-paragraph\">05 59 26 34 26<br\/>40 chemin Erromardie<br\/>64500 Saint Jean de Luz<\/p>\n\n\r\n    <\/div>\r\n<\/section><section id=\"ls-section-block_9489588d2f303f678d60860228c144b7\" class=\"ls-section  page-cta\" >\r\n        <div class=\"container container--wide\">\r\n        \n\n<div id=\"ls-heading ls-titre-div-block_47c5cdeb89952e0ce97ea42398bfe99c\" class=\"ls-titre-div aligncenter h2-like has-text-color has-color-1-color\" >\n    Discover our swimming pool, our entertainment and our mobile homes<\/div>\n\n\n\n<div id=\"ls-maillage-block_42f1714dece273185156eaa1759fa848\" class=\"ls-maillage cta-style-normal\" data-rows=\"3\">\n\n    <div class=\"wp-block-columns\"><div class=\"wp-block-column\">\n\n<a href=\"https:\/\/www.camping-erromardie.com\/en\/camping-bidart\/pool\/\" target=\"\" rel=\"noopener\" class=\"ls-cta__link\" data-categ=\"\">\n\t<div class=\"ls-cta__image\"><img decoding=\"async\" src=\"https:\/\/www.camping-erromardie.com\/wp-content\/uploads\/2025\/04\/La-ferme-erromardi-camping-familial-avec-piscine.jpg\" alt=\"Swimming pool\"><\/div>\n\t<div class=\"ls-cta__title\">\n\t\tSwimming pool\t<\/div>\n\n\t<\/a><\/div><div class=\"wp-block-column\">\n\n<a href=\"https:\/\/www.camping-erromardie.com\/en\/camping-bidart\/mobile-home\/\" target=\"\" rel=\"noopener\" class=\"ls-cta__link\" data-categ=\"\">\n\t<div class=\"ls-cta__image\"><img decoding=\"async\" src=\"https:\/\/www.camping-erromardie.com\/wp-content\/uploads\/2025\/04\/Camping-Erromardie-environnement-23-1.jpg\" alt=\"\"><\/div>\n\t<div class=\"ls-cta__title\">\n\t\tMobile homes\t<\/div>\n\n\t<\/a><\/div><div class=\"wp-block-column\">\n\n<a href=\"https:\/\/www.camping-erromardie.com\/en\/activities-pays-basque\/\" target=\"\" rel=\"noopener\" class=\"ls-cta__link\" data-categ=\"\">\n\t<div class=\"ls-cta__image\"><img decoding=\"async\" src=\"https:\/\/www.camping-erromardie.com\/wp-content\/uploads\/2025\/04\/Camping-Erromardie-61_1.jpg\" alt=\"\"><\/div>\n\t<div class=\"ls-cta__title\">\n\t\tEntertainment\t<\/div>\n\n\t<\/a><\/div><\/div>\n<\/div>\n\r\n    <\/div>\r\n<\/section>","protected":false},"excerpt":{"rendered":"","protected":false},"author":1,"featured_media":15273,"parent":18141,"menu_order":21,"comment_status":"closed","ping_status":"closed","template":"","meta":{"_acf_changed":false,"_seopress_robots_primary_cat":"","_seopress_titles_title":"Camping Bidart pas cher : Low-cost holidays in the Basque Country","_seopress_titles_desc":"Discover our campsite near Bidart! Stay close to the beach with a swimming pool, mobile home or tent, at low prices for an unforgettable vacation in the Basque Country. ","_seopress_robots_index":"","footnotes":""},"sujet":[],"class_list":["post-17982","page","type-page","status-publish","has-post-thumbnail","hentry"],"acf":[],"_links":{"self":[{"href":"https:\/\/www.camping-erromardie.com\/en\/wp-json\/wp\/v2\/pages\/17982","targetHints":{"allow":["GET"]}}],"collection":[{"href":"https:\/\/www.camping-erromardie.com\/en\/wp-json\/wp\/v2\/pages"}],"about":[{"href":"https:\/\/www.camping-erromardie.com\/en\/wp-json\/wp\/v2\/types\/page"}],"author":[{"embeddable":true,"href":"https:\/\/www.camping-erromardie.com\/en\/wp-json\/wp\/v2\/users\/1"}],"replies":[{"embeddable":true,"href":"https:\/\/www.camping-erromardie.com\/en\/wp-json\/wp\/v2\/comments?post=17982"}],"version-history":[{"count":7,"href":"https:\/\/www.camping-erromardie.com\/en\/wp-json\/wp\/v2\/pages\/17982\/revisions"}],"predecessor-version":[{"id":19790,"href":"https:\/\/www.camping-erromardie.com\/en\/wp-json\/wp\/v2\/pages\/17982\/revisions\/19790"}],"up":[{"embeddable":true,"href":"https:\/\/www.camping-erromardie.com\/en\/wp-json\/wp\/v2\/pages\/18141"}],"wp:featuredmedia":[{"embeddable":true,"href":"https:\/\/www.camping-erromardie.com\/en\/wp-json\/wp\/v2\/media\/15273"}],"wp:attachment":[{"href":"https:\/\/www.camping-erromardie.com\/en\/wp-json\/wp\/v2\/media?parent=17982"}],"wp:term":[{"taxonomy":"sujet","embeddable":true,"href":"https:\/\/www.camping-erromardie.com\/en\/wp-json\/wp\/v2\/sujet?post=17982"}],"curies":[{"name":"wp","href":"https:\/\/api.w.org\/{rel}","templated":true}]}}