{"id":17978,"date":"2025-04-22T10:07:13","date_gmt":"2025-04-22T08:07:13","guid":{"rendered":"https:\/\/www.camping-erromardie.com\/piscine\/"},"modified":"2025-06-12T11:01:57","modified_gmt":"2025-06-12T09:01:57","slug":"pool","status":"publish","type":"page","link":"https:\/\/www.camping-erromardie.com\/en\/camping-bidart\/pool\/","title":{"rendered":"Swimming pool"},"content":{"rendered":"<section id=\"ls-section-block_d697dba3a699ee6e0170d1bf906121f1\" class=\"ls-section  page-titre\" >\r\n        <div class=\"container container--wide\">\r\n        \n\n<h1 class=\"ls__heading wp-block-heading has-text-align-center has-color-4-color has-text-color has-link-color wp-elements-13b005369fc58962eb29a22f4590db89\">Campsite near Bidart with swimming pool<br\/><\/h1>\n\n\n\n<p class=\"ls-paragraph has-text-align-center\">Pour des<strong>\u00a0vacances inoubliables en famille\u00a0<\/strong>avec vos enfants ou entre amis, notre\u00a0<a href=\"https:\/\/www.camping-erromardie.com\/\" data-type=\"page\" data-id=\"270\">camping au Pays Basque<\/a>\u00a0vous ouvre les portes d\u2019une d\u00e9tente aquatique exceptionnelle au bord de la plage, de l\u2019oc\u00e9an et de notre\u00a0<strong>piscine dans les Pyr\u00e9n\u00e9es-Atlantiques<\/strong>. Notre\u00a0<strong>camping pr\u00e8s de Bidart avec piscine<\/strong>\u00a0est sp\u00e9cialement con\u00e7u pour le bien-\u00eatre de tous. Vous y trouverez un espace aquatique parfait pour les petits comme pour les grands, avec des installations pens\u00e9es pour le confort et la\u00a0<strong>relaxation de toute la famille<\/strong>.<\/p>\n\n\n\n<p class=\"ls-paragraph has-text-align-center\">D\u00e9couvrez le charme authentique du\u00a0<strong>sud-ouest de la France<\/strong>\u00a0\u00e0 travers notre\u00a0<a href=\"https:\/\/www.camping-erromardie.com\/camping-bidart\/\" data-type=\"page\" data-id=\"338\">camping pr\u00e8s de Bidart<\/a>, o\u00f9 vous pouvez profiter d\u2019un s\u00e9jour agr\u00e9able m\u00eame en basse saison. Notre\u00a0<strong>piscine int\u00e9rieure\u00a0<\/strong>vous permettra de vous d\u00e9tendre tout en restant \u00e0 deux pas des\u00a0<strong>plages dor\u00e9es<\/strong>\u00a0et du soleil radieux d\u2019Aquitaine. Avec notre offre sp\u00e9ciale, vous vivrez des vacances de r\u00eave dans un cadre idyllique. R\u00e9servez d\u00e8s maintenant pour vivre pleinement cette\u00a0<strong>exp\u00e9rience aquatique<\/strong>\u00a0et profiter des nombreux avantages que notre\u00a0<strong>camping 4 \u00e9toiles avec piscine pr\u00e8s de Bidart<\/strong>\u00a0a \u00e0 offrir !<\/p>\n\n\r\n    <\/div>\r\n<\/section><section id=\"ls-section-block_28702e9f62c906504099ef9ce7a69cdc\" class=\"ls-section  home-first page-one has-p-b p-b-14\" >\r\n        <div class=\"container container--wide\">\r\n        \n\n<div class=\"wp-block-columns is-layout-flex wp-container-core-columns-is-layout-9d6595d7 wp-block-columns-is-layout-flex\">\n<div class=\"wp-block-column is-layout-flow wp-block-column-is-layout-flow\" style=\"flex-basis:33.33%\">\n<div class=\"wp-block-columns is-layout-flex wp-container-core-columns-is-layout-9d6595d7 wp-block-columns-is-layout-flex\">\n<div class=\"wp-block-column column-border is-layout-flow wp-block-column-is-layout-flow\">\n<h2 class=\"ls__heading wp-block-heading has-color-1-color has-text-color has-link-color wp-elements-8e8c21daf80097516b838f56ed1881cb\">Water fun guaranteed at a campsite in the Basque Country<br\/><\/h2>\n\n\n\n<p class=\"ls-paragraph\">At our 4-star campsite near Bidart, you not only benefit from the immediate proximity of the <strong>Erromardie beach<\/strong> for sunny days by the Atlantic Ocean, but also from our superb <strong>swimming pool<\/strong>. Our <strong>covered and heated<\/strong> water park ensures optimum comfort, games and swimming fun, whatever the weather conditions in the Nouvelle-Aquitaine region. No need to worry about the weather: the <strong>indoor pool at our campsite near Bidart<\/strong> is at your disposal for moments of relaxation and <strong>aquatic fun <\/strong>with your children.  <\/p>\n\n\n\n<p class=\"ls-paragraph\">The <strong>swimming pool<\/strong> is open every day from <strong>10am to 7pm<\/strong>, inviting you to enjoy your <strong>4-star camping <\/strong>vacation <strong>at Saint-Jean-de-Luz <\/strong>in the Basque Country. Whether you&#8217;re looking for relaxation or aquatic activities, our aquatic area is perfect to satisfy all your desires. Book now for an <strong>unforgettable swimming experience<\/strong> in an idyllic setting.  <\/p>\n<\/div>\n<\/div>\n<\/div>\n\n\n\n<div class=\"wp-block-column is-layout-flow wp-block-column-is-layout-flow\" style=\"flex-basis:66.66%\">\n<figure class=\"wp-block-gallery has-nested-images columns-default is-cropped wp-block-gallery-1 is-layout-flex wp-block-gallery-is-layout-flex\">\n<figure class=\"wp-block-image size-full animated fadeIn delay-200ms\"><a href=\"https:\/\/www.camping-erromardie.com\/wp-content\/uploads\/2025\/04\/camping-avec-piscine-au-pays-basque-1.jpg\"><img loading=\"lazy\" decoding=\"async\" width=\"2000\" height=\"1333\" data-id=\"15484\" src=\"https:\/\/www.camping-erromardie.com\/wp-content\/uploads\/2025\/04\/camping-avec-piscine-au-pays-basque-1.jpg\" alt=\"camping with pool in the basque country\" class=\"wp-image-15484\" srcset=\"https:\/\/www.camping-erromardie.com\/wp-content\/uploads\/2025\/04\/camping-avec-piscine-au-pays-basque-1.jpg 2000w, https:\/\/www.camping-erromardie.com\/wp-content\/uploads\/2025\/04\/camping-avec-piscine-au-pays-basque-1-300x200.jpg 300w, https:\/\/www.camping-erromardie.com\/wp-content\/uploads\/2025\/04\/camping-avec-piscine-au-pays-basque-1-1024x682.jpg 1024w, https:\/\/www.camping-erromardie.com\/wp-content\/uploads\/2025\/04\/camping-avec-piscine-au-pays-basque-1-768x512.jpg 768w, https:\/\/www.camping-erromardie.com\/wp-content\/uploads\/2025\/04\/camping-avec-piscine-au-pays-basque-1-1536x1024.jpg 1536w\" sizes=\"auto, (max-width: 2000px) 100vw, 2000px\" \/><\/a><\/figure>\n\n\n\n<figure class=\"wp-block-image size-full animated fadeIn\"><a href=\"https:\/\/www.camping-erromardie.com\/wp-content\/uploads\/2025\/04\/Erromardie-5.jpg\"><img loading=\"lazy\" decoding=\"async\" width=\"1333\" height=\"2000\" data-id=\"15489\" src=\"https:\/\/www.camping-erromardie.com\/wp-content\/uploads\/2025\/04\/Erromardie-5.jpg\" alt=\"Erromardie (5)\" class=\"wp-image-15489\" srcset=\"https:\/\/www.camping-erromardie.com\/wp-content\/uploads\/2025\/04\/Erromardie-5.jpg 1333w, https:\/\/www.camping-erromardie.com\/wp-content\/uploads\/2025\/04\/Erromardie-5-200x300.jpg 200w, https:\/\/www.camping-erromardie.com\/wp-content\/uploads\/2025\/04\/Erromardie-5-682x1024.jpg 682w, https:\/\/www.camping-erromardie.com\/wp-content\/uploads\/2025\/04\/Erromardie-5-768x1152.jpg 768w, https:\/\/www.camping-erromardie.com\/wp-content\/uploads\/2025\/04\/Erromardie-5-1024x1536.jpg 1024w\" sizes=\"auto, (max-width: 1333px) 100vw, 1333px\" \/><\/a><\/figure>\n<\/figure>\n<\/div>\n<\/div>\n\n\r\n    <\/div>\r\n<\/section><section id=\"piscine-couverte\" class=\"ls-section  home-first page-two has-background has-color-6-background-color has-p-b p-b-14\" >\r\n        <div class=\"container container--wide\">\r\n        \n\n<div class=\"wp-block-columns is-layout-flex wp-container-core-columns-is-layout-9d6595d7 wp-block-columns-is-layout-flex\">\n<div class=\"wp-block-column is-layout-flow wp-block-column-is-layout-flow\" style=\"flex-basis:66.66%\">\n<figure class=\"wp-block-gallery has-nested-images columns-default is-cropped wp-block-gallery-2 is-layout-flex wp-block-gallery-is-layout-flex\">\n<figure class=\"wp-block-image size-full animated fadeIn delay-200ms\"><a href=\"https:\/\/www.camping-erromardie.com\/wp-content\/uploads\/2025\/04\/Piscine-du-camping-Erromardie-1.jpg\"><img loading=\"lazy\" decoding=\"async\" width=\"2000\" height=\"1333\" data-id=\"12391\" src=\"https:\/\/www.camping-erromardie.com\/wp-content\/uploads\/2025\/04\/Piscine-du-camping-Erromardie-1.jpg\" alt=\"Camping Erromardie swimming pool\" class=\"wp-image-12391\" srcset=\"https:\/\/www.camping-erromardie.com\/wp-content\/uploads\/2025\/04\/Piscine-du-camping-Erromardie-1.jpg 2000w, https:\/\/www.camping-erromardie.com\/wp-content\/uploads\/2025\/04\/Piscine-du-camping-Erromardie-1-300x200.jpg 300w, https:\/\/www.camping-erromardie.com\/wp-content\/uploads\/2025\/04\/Piscine-du-camping-Erromardie-1-1024x682.jpg 1024w, https:\/\/www.camping-erromardie.com\/wp-content\/uploads\/2025\/04\/Piscine-du-camping-Erromardie-1-768x512.jpg 768w, https:\/\/www.camping-erromardie.com\/wp-content\/uploads\/2025\/04\/Piscine-du-camping-Erromardie-1-1536x1024.jpg 1536w\" sizes=\"auto, (max-width: 2000px) 100vw, 2000px\" \/><\/a><\/figure>\n\n\n\n<figure class=\"wp-block-image size-full animated fadeIn\"><a href=\"https:\/\/www.camping-erromardie.com\/wp-content\/uploads\/2025\/04\/Erromardie-127-scaled.jpg\"><img loading=\"lazy\" decoding=\"async\" width=\"2560\" height=\"1707\" data-id=\"15515\" src=\"https:\/\/www.camping-erromardie.com\/wp-content\/uploads\/2025\/04\/Erromardie-127-scaled.jpg\" alt=\"Erromardie (127)\" class=\"wp-image-15515\" srcset=\"https:\/\/www.camping-erromardie.com\/wp-content\/uploads\/2025\/04\/Erromardie-127-scaled.jpg 2560w, https:\/\/www.camping-erromardie.com\/wp-content\/uploads\/2025\/04\/Erromardie-127-300x200.jpg 300w, https:\/\/www.camping-erromardie.com\/wp-content\/uploads\/2025\/04\/Erromardie-127-1024x683.jpg 1024w, https:\/\/www.camping-erromardie.com\/wp-content\/uploads\/2025\/04\/Erromardie-127-768x512.jpg 768w, https:\/\/www.camping-erromardie.com\/wp-content\/uploads\/2025\/04\/Erromardie-127-1536x1024.jpg 1536w, https:\/\/www.camping-erromardie.com\/wp-content\/uploads\/2025\/04\/Erromardie-127-2048x1365.jpg 2048w\" sizes=\"auto, (max-width: 2560px) 100vw, 2560px\" \/><\/a><\/figure>\n<\/figure>\n<\/div>\n\n\n\n<div class=\"wp-block-column is-layout-flow wp-block-column-is-layout-flow\" style=\"flex-basis:33.33%\">\n<div class=\"wp-block-columns is-layout-flex wp-container-core-columns-is-layout-9d6595d7 wp-block-columns-is-layout-flex\">\n<div class=\"wp-block-column column-border is-layout-flow wp-block-column-is-layout-flow\">\n<h2 class=\"ls__heading wp-block-heading has-color-1-color has-text-color has-link-color wp-elements-563e9c46b922ace204784aafab2af25f\">Heated indoor swimming pool at a campsite near Bidart<br\/><\/h2>\n\n\n\n<p class=\"ls-paragraph\">Profitez d\u2019un moment de d\u00e9tente au bord de la\u00a0<strong>piscine chauff\u00e9e<\/strong>\u00a0pendant vos vacances, o\u00f9 vous pourrez nager, vous reposer ou lire tranquillement sur les transats fournis par notre\u00a0<strong>camping familial 4 \u00e9toiles au Pays Basque<\/strong>. L\u2019acc\u00e8s \u00e0 la\u00a0<strong>piscine<\/strong>\u00a0est r\u00e9serv\u00e9 uniquement aux clients de notre<strong>\u00a0camping pr\u00e8s de Bidart<\/strong>, que vous louiez un emplacement ou un\u00a0<a href=\"https:\/\/www.camping-erromardie.com\/camping-bidart\/mobil-home\/\" data-type=\"page\" data-id=\"16218\">mobil home<\/a>, garantissant ainsi un environnement s\u00e9curis\u00e9 et serein pendant votre<strong>\u00a0s\u00e9jour dans les Pyr\u00e9n\u00e9es Atlantiques<\/strong>.<\/p>\n\n\n\n<p class=\"ls-paragraph\">Please note that the <strong>swimming pool<\/strong> at our<strong> 4-star campsite near Bidart<\/strong>, located on the Basque coast, is not supervised. <strong>Children are<\/strong> therefore the responsibility of their parents or guardians. For reasons of hygiene, we ask our customers not to swim in shorts and to wear traditional bathing suits.  <\/p>\n\n\n\n<p class=\"ls-paragraph\">Le parc aquatique avec\u00a0<strong>piscine chauff\u00e9e de notre camping 4 \u00e9toiles<\/strong>\u00a0est con\u00e7u pour vous offrir d\u00e9tente et relaxation, vous permettant de profiter pleinement de votre s\u00e9jour \u00e0 Saint-Jean-de-Luz sur la c\u00f4te Atlantique au Pays Basque, entre Biarritz et Hendaye. Pour des\u00a0<strong>vacances m\u00e9morables dans les Pyr\u00e9n\u00e9es Atlantiques<\/strong>\u00a0en famille ou entre amis, pensez \u00e0 r\u00e9server d\u00e8s maintenant notre\u00a0<a href=\"https:\/\/www.camping-erromardie.com\/camping-bidart\/tarifs\/\" data-type=\"page\" data-id=\"16215\">camping pas cher de bidart<\/a>\u00a0pour profiter de la piscine \u00e0 petit prix !<\/p>\n<\/div>\n<\/div>\n<\/div>\n<\/div>\n\n\r\n    <\/div>\r\n<\/section><section id=\"ls-section-block_7dff60401779b385fbfced3276d45c38\" class=\"ls-section  page-cta\" >\r\n        <div class=\"container container--wide\">\r\n        \n\n<div id=\"ls-heading ls-titre-div-block_8ed68c001611c04b9803af23df1390d4\" class=\"ls-titre-div aligncenter h2-like has-text-color has-color-1-color\" >\n    Discover our events, mobile homes and offers<\/div>\n\n\n\n<div id=\"ls-maillage-block_fcb4905f800ce2886dc6b79dffce647e\" class=\"ls-maillage cta-style-normal\" data-rows=\"3\">\n\n    <div class=\"wp-block-columns\"><div class=\"wp-block-column\">\n\n<a href=\"https:\/\/www.camping-erromardie.com\/en\/camping-bidart\/tarifs\/\" target=\"\" rel=\"noopener\" class=\"ls-cta__link\" data-categ=\"\">\n\t<div class=\"ls-cta__image\"><img decoding=\"async\" src=\"https:\/\/www.camping-erromardie.com\/wp-content\/uploads\/2025\/04\/DSC_7028.jpg\" alt=\"\"><\/div>\n\t<div class=\"ls-cta__title\">\n\t\tRates\t<\/div>\n\n\t<\/a><\/div><div class=\"wp-block-column\">\n\n<a href=\"https:\/\/www.camping-erromardie.com\/en\/camping-bidart\/mobile-home\/\" target=\"\" rel=\"noopener\" class=\"ls-cta__link\" data-categ=\"\">\n\t<div class=\"ls-cta__image\"><img decoding=\"async\" src=\"https:\/\/www.camping-erromardie.com\/wp-content\/uploads\/2025\/04\/Camping-Erromardie-environnement-23-1.jpg\" alt=\"\"><\/div>\n\t<div class=\"ls-cta__title\">\n\t\tMobile homes\t<\/div>\n\n\t<\/a><\/div><div class=\"wp-block-column\">\n\n<a href=\"https:\/\/www.camping-erromardie.com\/en\/activities-pays-basque\/\" target=\"\" rel=\"noopener\" class=\"ls-cta__link\" data-categ=\"\">\n\t<div class=\"ls-cta__image\"><img decoding=\"async\" src=\"https:\/\/www.camping-erromardie.com\/wp-content\/uploads\/2025\/04\/Camping-Erromardie-61_1.jpg\" alt=\"\"><\/div>\n\t<div class=\"ls-cta__title\">\n\t\tEntertainment\t<\/div>\n\n\t<\/a><\/div><\/div>\n<\/div>\n\r\n    <\/div>\r\n<\/section>","protected":false},"excerpt":{"rendered":"","protected":false},"author":1,"featured_media":11543,"parent":18141,"menu_order":14,"comment_status":"closed","ping_status":"closed","template":"","meta":{"_acf_changed":false,"_seopress_robots_primary_cat":"","_seopress_titles_title":"Camping Bidart with swimming pool: Family holidays in the heart of the Basque Country","_seopress_titles_desc":"Enjoy an unforgettable stay at our campsite near Bidart with swimming pool, ideal for family vacations in the heart of the Basque Country.","_seopress_robots_index":"","footnotes":""},"sujet":[],"class_list":["post-17978","page","type-page","status-publish","has-post-thumbnail","hentry"],"acf":[],"_links":{"self":[{"href":"https:\/\/www.camping-erromardie.com\/en\/wp-json\/wp\/v2\/pages\/17978","targetHints":{"allow":["GET"]}}],"collection":[{"href":"https:\/\/www.camping-erromardie.com\/en\/wp-json\/wp\/v2\/pages"}],"about":[{"href":"https:\/\/www.camping-erromardie.com\/en\/wp-json\/wp\/v2\/types\/page"}],"author":[{"embeddable":true,"href":"https:\/\/www.camping-erromardie.com\/en\/wp-json\/wp\/v2\/users\/1"}],"replies":[{"embeddable":true,"href":"https:\/\/www.camping-erromardie.com\/en\/wp-json\/wp\/v2\/comments?post=17978"}],"version-history":[{"count":8,"href":"https:\/\/www.camping-erromardie.com\/en\/wp-json\/wp\/v2\/pages\/17978\/revisions"}],"predecessor-version":[{"id":19792,"href":"https:\/\/www.camping-erromardie.com\/en\/wp-json\/wp\/v2\/pages\/17978\/revisions\/19792"}],"up":[{"embeddable":true,"href":"https:\/\/www.camping-erromardie.com\/en\/wp-json\/wp\/v2\/pages\/18141"}],"wp:featuredmedia":[{"embeddable":true,"href":"https:\/\/www.camping-erromardie.com\/en\/wp-json\/wp\/v2\/media\/11543"}],"wp:attachment":[{"href":"https:\/\/www.camping-erromardie.com\/en\/wp-json\/wp\/v2\/media?parent=17978"}],"wp:term":[{"taxonomy":"sujet","embeddable":true,"href":"https:\/\/www.camping-erromardie.com\/en\/wp-json\/wp\/v2\/sujet?post=17978"}],"curies":[{"name":"wp","href":"https:\/\/api.w.org\/{rel}","templated":true}]}}