{"id":18650,"date":"2025-03-14T16:53:12","date_gmt":"2025-03-14T15:53:12","guid":{"rendered":"https:\/\/www.camping-erromardie.com\/accueil-pmr\/"},"modified":"2025-05-20T16:37:33","modified_gmt":"2025-05-20T14:37:33","slug":"mobilheim-ostadara-saint-jean-de-luz","status":"publish","type":"page","link":"https:\/\/www.camping-erromardie.com\/de\/mobilheim-ostadara-saint-jean-de-luz\/","title":{"rendered":"Campingplatz PMR"},"content":{"rendered":"<section id=\"ls-section-block_ff9dfbee54bb5f3ef9315c4bc80bb316\" class=\"ls-section  page-titre\" >\r\n        <div class=\"container container--wide\">\r\n        \n\n<h1 class=\"ls__heading wp-block-heading has-text-align-center has-color-4-color has-text-color has-link-color wp-elements-ad63611f5bf8f761388bc15320d27d85\">Campingplatz PMR<\/h1>\n\n\r\n    <\/div>\r\n<\/section><section id=\"ls-section-block_493471aa5c4cf17d982e2d381d5d3e03\" class=\"ls-section  home-first page-one has-p-b p-b-14\" >\r\n        <div class=\"container container--wide\">\r\n        \n\n<div class=\"wp-block-columns is-layout-flex wp-container-core-columns-is-layout-9d6595d7 wp-block-columns-is-layout-flex\">\n<div class=\"wp-block-column is-layout-flow wp-block-column-is-layout-flow\" style=\"flex-basis:33.33%\">\n<div class=\"wp-block-columns is-layout-flex wp-container-core-columns-is-layout-9d6595d7 wp-block-columns-is-layout-flex\">\n<div class=\"wp-block-column column-border is-layout-flow wp-block-column-is-layout-flow\">\n<h2 class=\"ls__heading wp-block-heading\">Der PMR-Campingplatz<\/h2>\n\n\n\n<p class=\"ls-paragraph\">Der Campingplatz ist f\u00fcr Rollstuhlfahrer zug\u00e4nglich, da er flach und ohne H\u00f6henunterschiede ist. Der Pendelbus hat einen Zugang f\u00fcr Behinderte und kann \u00fcber das HEGOBUS-Netz f\u00fcr den Transport im Baskenland gebucht werden. <\/p>\n\n\n\n<p class=\"ls-paragraph\">Neu: Wir haben jetzt eine barrierefreie Fitnessbasis sowie eine Kategorie von Stellpl\u00e4tzen mit Wasser, Strom und Sanit\u00e4ranlagen f\u00fcr Behinderte.<\/p>\n<\/div>\n<\/div>\n<\/div>\n\n\n\n<div class=\"wp-block-column is-layout-flow wp-block-column-is-layout-flow\" style=\"flex-basis:66.66%\">\n<figure class=\"wp-block-gallery has-nested-images columns-default is-cropped wp-block-gallery-1 is-layout-flex wp-block-gallery-is-layout-flex\">\n<figure class=\"wp-block-image size-full animated fadeIn delay-200ms\"><a href=\"https:\/\/www.camping-erromardie.com\/wp-content\/uploads\/2025\/04\/Camping-PMR-pays-basque-erromardie.jpg\"><img loading=\"lazy\" decoding=\"async\" width=\"2000\" height=\"1335\" data-id=\"12333\" src=\"https:\/\/www.camping-erromardie.com\/wp-content\/uploads\/2025\/04\/Camping-PMR-pays-basque-erromardie.jpg\" alt=\"Camping PMR baskenland erromardie\" class=\"wp-image-12333\" srcset=\"https:\/\/www.camping-erromardie.com\/wp-content\/uploads\/2025\/04\/Camping-PMR-pays-basque-erromardie.jpg 2000w, https:\/\/www.camping-erromardie.com\/wp-content\/uploads\/2025\/04\/Camping-PMR-pays-basque-erromardie-300x200.jpg 300w, https:\/\/www.camping-erromardie.com\/wp-content\/uploads\/2025\/04\/Camping-PMR-pays-basque-erromardie-1024x684.jpg 1024w, https:\/\/www.camping-erromardie.com\/wp-content\/uploads\/2025\/04\/Camping-PMR-pays-basque-erromardie-768x513.jpg 768w, https:\/\/www.camping-erromardie.com\/wp-content\/uploads\/2025\/04\/Camping-PMR-pays-basque-erromardie-1536x1025.jpg 1536w\" sizes=\"auto, (max-width: 2000px) 100vw, 2000px\" \/><\/a><\/figure>\n\n\n\n<figure class=\"wp-block-image size-full animated fadeIn\"><a href=\"https:\/\/www.camping-erromardie.com\/wp-content\/uploads\/2025\/04\/Chambre-PMR-Camping-pays-basque.jpg\"><img loading=\"lazy\" decoding=\"async\" width=\"2000\" height=\"1335\" data-id=\"12368\" src=\"https:\/\/www.camping-erromardie.com\/wp-content\/uploads\/2025\/04\/Chambre-PMR-Camping-pays-basque.jpg\" alt=\"Zimmer PMR Camping baskenland\" class=\"wp-image-12368\" srcset=\"https:\/\/www.camping-erromardie.com\/wp-content\/uploads\/2025\/04\/Chambre-PMR-Camping-pays-basque.jpg 2000w, https:\/\/www.camping-erromardie.com\/wp-content\/uploads\/2025\/04\/Chambre-PMR-Camping-pays-basque-300x200.jpg 300w, https:\/\/www.camping-erromardie.com\/wp-content\/uploads\/2025\/04\/Chambre-PMR-Camping-pays-basque-1024x684.jpg 1024w, https:\/\/www.camping-erromardie.com\/wp-content\/uploads\/2025\/04\/Chambre-PMR-Camping-pays-basque-768x513.jpg 768w, https:\/\/www.camping-erromardie.com\/wp-content\/uploads\/2025\/04\/Chambre-PMR-Camping-pays-basque-1536x1025.jpg 1536w\" sizes=\"auto, (max-width: 2000px) 100vw, 2000px\" \/><\/a><\/figure>\n<\/figure>\n<\/div>\n<\/div>\n\n\r\n    <\/div>\r\n<\/section><section id=\"ls-section-block_090593530dac4b9d445feee860b097ea\" class=\"ls-section  home-first page-two has-background has-color-6-background-color\" >\r\n        <div class=\"container container--wide\">\r\n        \n\n<div class=\"wp-block-columns is-layout-flex wp-container-core-columns-is-layout-9d6595d7 wp-block-columns-is-layout-flex\">\n<div class=\"wp-block-column is-layout-flow wp-block-column-is-layout-flow\" style=\"flex-basis:66.66%\">\n<figure class=\"wp-block-gallery has-nested-images columns-default is-cropped wp-block-gallery-2 is-layout-flex wp-block-gallery-is-layout-flex\">\n<figure class=\"wp-block-image size-full animated fadeIn delay-200ms\"><a href=\"https:\/\/www.camping-erromardie.com\/wp-content\/uploads\/2025\/04\/toilettes-PMR-pays-basque.jpg\"><img loading=\"lazy\" decoding=\"async\" width=\"2000\" height=\"1335\" data-id=\"12343\" src=\"https:\/\/www.camping-erromardie.com\/wp-content\/uploads\/2025\/04\/toilettes-PMR-pays-basque.jpg\" alt=\"PMR-Toiletten Baskenland\" class=\"wp-image-12343\" srcset=\"https:\/\/www.camping-erromardie.com\/wp-content\/uploads\/2025\/04\/toilettes-PMR-pays-basque.jpg 2000w, https:\/\/www.camping-erromardie.com\/wp-content\/uploads\/2025\/04\/toilettes-PMR-pays-basque-300x200.jpg 300w, https:\/\/www.camping-erromardie.com\/wp-content\/uploads\/2025\/04\/toilettes-PMR-pays-basque-1024x684.jpg 1024w, https:\/\/www.camping-erromardie.com\/wp-content\/uploads\/2025\/04\/toilettes-PMR-pays-basque-768x513.jpg 768w, https:\/\/www.camping-erromardie.com\/wp-content\/uploads\/2025\/04\/toilettes-PMR-pays-basque-1536x1025.jpg 1536w\" sizes=\"auto, (max-width: 2000px) 100vw, 2000px\" \/><\/a><\/figure>\n\n\n\n<figure class=\"wp-block-image size-full animated fadeIn\"><a href=\"https:\/\/www.camping-erromardie.com\/wp-content\/uploads\/2025\/04\/Cuisine-Camping-PMR-pays-basque.jpg\"><img loading=\"lazy\" decoding=\"async\" width=\"2000\" height=\"1335\" data-id=\"12348\" src=\"https:\/\/www.camping-erromardie.com\/wp-content\/uploads\/2025\/04\/Cuisine-Camping-PMR-pays-basque.jpg\" alt=\"K&#xFC;che Camping PMR baskenland\" class=\"wp-image-12348\" srcset=\"https:\/\/www.camping-erromardie.com\/wp-content\/uploads\/2025\/04\/Cuisine-Camping-PMR-pays-basque.jpg 2000w, https:\/\/www.camping-erromardie.com\/wp-content\/uploads\/2025\/04\/Cuisine-Camping-PMR-pays-basque-300x200.jpg 300w, https:\/\/www.camping-erromardie.com\/wp-content\/uploads\/2025\/04\/Cuisine-Camping-PMR-pays-basque-1024x684.jpg 1024w, https:\/\/www.camping-erromardie.com\/wp-content\/uploads\/2025\/04\/Cuisine-Camping-PMR-pays-basque-768x513.jpg 768w, https:\/\/www.camping-erromardie.com\/wp-content\/uploads\/2025\/04\/Cuisine-Camping-PMR-pays-basque-1536x1025.jpg 1536w\" sizes=\"auto, (max-width: 2000px) 100vw, 2000px\" \/><\/a><\/figure>\n<\/figure>\n<\/div>\n\n\n\n<div class=\"wp-block-column is-layout-flow wp-block-column-is-layout-flow\" style=\"flex-basis:33.33%\">\n<div class=\"wp-block-columns is-layout-flex wp-container-core-columns-is-layout-9d6595d7 wp-block-columns-is-layout-flex\">\n<div class=\"wp-block-column column-border is-layout-flow wp-block-column-is-layout-flow\">\n<h2 class=\"ls__heading wp-block-heading has-color-1-color has-text-color has-link-color wp-elements-9770390dad4e98225bfb9c3177b97a68\">Das Mobilheim PMR<\/h2>\n\n\n\n<p class=\"ls-paragraph\">Das Mobilheim OSTADARA ist behindertengerecht und verf\u00fcgt \u00fcber :<\/p>\n\n\n\n<ul class=\"ls-list ls-list-undefined wp-block-list\">\n<li>eine Fl\u00e4che von 30,5 m2<\/li>\n\n\n\n<li>eine \u00fcberdachte Terrasse von 18 m2<\/li>\n\n\n\n<li>von 2 Zimmern<\/li>\n<\/ul>\n\n\n\n<p class=\"ls-paragraph\">und viele andere &#8230;<\/p>\n<\/div>\n<\/div>\n<\/div>\n<\/div>\n\n\r\n    <\/div>\r\n<\/section><section id=\"ls-section-block_ff9dfbee54bb5f3ef9315c4bc80bb316\" class=\"ls-section  page-titre\" >\r\n        <div class=\"container container--wide\">\r\n        \n\n<div id=\"ls-maillage-block_bfe795f807ee4aa365d20bb19b5319f3\" class=\"ls-maillage cta-style-normal\" data-rows=\"3\">\n\n    <div class=\"wp-block-columns\"><div class=\"wp-block-column\"><div class=\"ls-hebergement\" data-postid='18650' data-id-reservation='' data-id-site='' data-id1='' data-nombre_de_personnes='' data-nombre_de_chambres='' data-last-update='' data-type=''>\n\t\t\t<div class=\"ls-hebergement__thumb\">\n\t\t\t\t\t\t<img decoding=\"async\" src=\"https:\/\/www.camping-erromardie.com\/wp-content\/uploads\/2025\/03\/pict_17_1.jpg\" alt=\"MH OSTADARA 4 pers PMR\" \/>\n\t\t<\/div>\n\t\t<div class=\"ls-hebergement__content\">\n\n\n\t\t\t<div class=\"ls-hebergement__title\">\n\t\t\t\tMH OSTADARA 4 pers PMR\t\t\t<\/div>\n\n\n\t\t\t<div class=\"ls-hebergement__icons\">\n\n\t\t\t\t\t\t\t\t\t<span class=\"ls-hebergement__icon\">\n\t\t\t\t\t\t<i class=\"erromardie-personne\"><\/i>\n\t\t\t\t\t\t<span>\n\t\t\t\t\t\t\t4\t\t\t\t\t\t<\/span>\n\t\t\t\t\t<\/span>\n\t\t\t\t\n\t\t\t\t\t\t\t\t\t<span class=\"ls-hebergement__icon\">\n\t\t\t\t\t\t<i class=\"erromardie-porte-ouverte\"><\/i>\n\t\t\t\t\t\t<span>\n\t\t\t\t\t\t\t2\t\t\t\t\t\t<\/span>\n\t\t\t\t\t<\/span>\n\t\t\t\t\n\t\t\t\t\t\t\t\t\t<span class=\"ls-hebergement__icon\">\n\t\t\t\t\t\t<i class=\"erromardie-douche\"><\/i>\n\t\t\t\t\t\t<span>\n\t\t\t\t\t\t\t1\t\t\t\t\t\t<\/span>\n\t\t\t\t\t<\/span>\n\t\t\t\t\n\t\t\t\t\t\t\t\t\t<span class=\"ls-hebergement__icon\">\n\t\t\t\t\t\t<i class=\"erromardie-surface\"><\/i>\n\t\t\t\t\t\t<span>\n\t\t\t\t\t\t\t30m\u00b2\n\t\t\t\t\t\t<\/span>\n\t\t\t\t\t<\/span>\n\t\t\t\t\n\t\t\t<\/div>\n\n\t\t\t<div class=\"ls-hebergement__disponibilites\">\n\t\t\t\tD\u00e9couvrir\t\t\t<\/div>\n\t\t<\/div>\n\t\t<div class=\"ls-single-hebergement\" data-postid='1210' data-id-reservation='17' data-id-site='5031' data-id1='80122' data-nombre_de_personnes='4' data-nombre_de_chambres='2' data-last-update='2025-11-04 11:08:32' data-type='location-fr mobil-home-fr' data-options-hebergements='animaux-autorises-de chauffage-de climatisation-de micro-ondes-de parking-1-place-de pmr-de refrigerateur-de salle-de-bain-de television-de'>\n\t<div class=\"container\">\n\n\t\t\t\t\t<div class=\"ls-single-hebergement__close\">\n\t\t\t\t<i class=\"fas fa-times\"><\/i> Fermer\t\t\t<\/div>\n\t\t\t\t<div class=\"ls-single-hebergement__thumbnail\">\n\t\t\t<img loading=\"lazy\" decoding=\"async\" width=\"800\" height=\"533\" src=\"https:\/\/www.camping-erromardie.com\/wp-content\/uploads\/2025\/03\/pict_17_1.jpg\" class=\"attachment-full size-full wp-post-image\" alt=\"\" srcset=\"https:\/\/www.camping-erromardie.com\/wp-content\/uploads\/2025\/03\/pict_17_1.jpg 800w, https:\/\/www.camping-erromardie.com\/wp-content\/uploads\/2025\/03\/pict_17_1-300x200.jpg 300w, https:\/\/www.camping-erromardie.com\/wp-content\/uploads\/2025\/03\/pict_17_1-768x512.jpg 768w\" sizes=\"auto, (max-width: 800px) 100vw, 800px\" \/>\t\t<\/div>\n\t\t<div class=\"wp-block-columns\">\n\t\t\t<div class=\"wp-block-column\" style=\"flex-basis:66.66%\">\n\n\t\t\t\t<div class=\"ls-single-hebergement__title\">MH OSTADARA 4 pers PMR<\/div>\n\n\t\t\t\t<div class=\"ls-single-hebergement__icons\">\n\t\t\t\t\t\t\t\t\t\t\t<span class=\"ls-single-hebergement__icon\">\n\t\t\t\t\t\t\t<i class=\"erromardie-personne\"><\/i>\n\t\t\t\t\t\t\t\t\t\t\t\t\t\t\t<span>4 pers.<\/span>\n\t\t\t\t\t\t\t\t\t\t\t\t\t<\/span>\n\t\t\t\t\t\n\t\t\t\t\t\t\t\t\t\t\t<span class=\"ls-single-hebergement__icon\">\n\t\t\t\t\t\t\t<i class=\"erromardie-porte-ouverte\"><\/i>\n\t\t\t\t\t\t\t\t\t\t\t\t\t\t\t<span>2 ch.<\/span>\n\t\t\t\t\t\t\t\t\t\t\t\t\t<\/span>\n\t\t\t\t\t\n\t\t\t\t\t\t\t\t\t\t\t<span class=\"ls-single-hebergement__icon\">\n\t\t\t\t\t\t\t<i class=\"erromardie-douche\"><\/i>\n\t\t\t\t\t\t\t\t\t\t\t\t\t\t\t<span>1 SDB<\/span>\n\t\t\t\t\t\t\t\t\t\t\t\t\t<\/span>\n\t\t\t\t\t\n\n\t\t\t\t\t\t\t\t\t\t\t<span class=\"ls-single-hebergement__icon\">\n\t\t\t\t\t\t\t<i class=\"erromardie-surface\"><\/i>\n\t\t\t\t\t\t\t<span>30m\u00b2<\/span>\n\t\t\t\t\t\t<\/span>\n\t\t\t\t\t\n\t\t\t\t<\/div> <!-- End icons -->\n\n\t\t\t\t<div class=\"ls-single-hebergement__description\">\n\t\t\t\t\tMH OSTADARA PMR\nAnciennet\u00e9 : 0 \u00e0 7 ans\nSurface : 31m\u00b2\nCapacit\u00e9 : 4 personnes\nTerrasse couverte : 18 m2. \nClimatisation +  2 T\u00e9l\u00e9visions (1 dans la chambre + 1 dans le salon) \nCuisine : \u00e9vier inox, gaz 4 feux, frigo table top, chauffe-eau, micro-onde, bouilloire, cafeti\u00e8re \u00e0 filtre, grille-pain, table, chaises de jardin.\nDimensions de couchages : 2 chambres, 1 lit de 140 x 190 cm, 2 lits de 80 x 200 cm superpos\u00e9s.\nChauffage.\nSalle de bain : douche, lavabo, WC ind\u00e9pendant.\nUstensiles de cuisine et m\u00e9nage : vaisselle compl\u00e8te, table et chaise de jardin \u00e0 l&#8217;ext\u00e9rieur.\nOreillers et couettes fournis. Vous munir de draps et linge personnel.\n\t\t\t\t\t\t\t\t\t<\/div>\n\n\t\t\t\t\t\t\t<\/div>\n\t\t\t<div class=\"wp-block-column\" style=\"flex-basis:33.333%\">\n\t\t\t\t<div class=\"ls-single-hebergement__sidebar\">\n\t\t\t\t\t<div class=\"ls-single-hebergement__sidebar__title\">Votre s\u00e9jour<\/div>\n\t\t\t\t\t<form class=\"form-resa form-resa--single\">\n\t\t\t\t\t\t<div class=\"form-resa__dates\">\n\t\t\t\t\t\t\t<div class=\"form-resa__date\">\n\t\t\t\t\t\t\t\t\t\t\t\t\t\t\t\t<input autocomplete=\"off\" id=\"form-resa-single__start\" value=\"\" class=\"datepicker datepicker--start\" type=\"text\" placeholder=\"Arriv\u00e9e\">\n\t\t\t\t\t\t\t<\/div>\n\t\t\t\t\t\t\t<span>-<\/span>\n\t\t\t\t\t\t\t<div class=\"form-resa__date\">\n\t\t\t\t\t\t\t\t\t\t\t\t\t\t\t\t<input autocomplete=\"off\" id=\"form-resa-single__end\" value=\"\" class=\"datepicker datepicker--end\" type=\"text\" placeholder=\"D\u00e9part\">\n\t\t\t\t\t\t\t<\/div>\n\t\t\t\t\t\t<\/div>\n\t\t\t\t\t<\/form>\n\t\t\t\t\t<div class=\"disponibilite-wrap ls-dispo\">\n\t\t\t\t\t\tD\u00e9couvrir\t\t\t\t\t<\/div>\n\t\t\t\t<\/div>\n\t\t\t<\/div>\n\t\t<\/div>\n\t\t\t\t\t<div class=\"ls-single-hebergement__galerie\">\n\t\t\t\t\t\t\t\t\t<div class=\"ls-single-hebergement__galerie__image\">\n\t\t\t\t\t\t<a href=\"https:\/\/www.camping-erromardie.com\/wp-content\/uploads\/2025\/03\/pict_17_2.jpg\" data-fancybox=\"hebergement\">\n\t\t\t\t\t\t\t<img decoding=\"async\" src=\"https:\/\/www.camping-erromardie.com\/wp-content\/uploads\/2025\/03\/pict_17_2.jpg\" alt=\"\" \/>\n\t\t\t\t\t\t<\/a>\n\t\t\t\t\t<\/div>\n\t\t\t\t\t\t\t\t\t<div class=\"ls-single-hebergement__galerie__image\">\n\t\t\t\t\t\t<a href=\"https:\/\/www.camping-erromardie.com\/wp-content\/uploads\/2025\/03\/pict_17_3.jpg\" data-fancybox=\"hebergement\">\n\t\t\t\t\t\t\t<img decoding=\"async\" src=\"https:\/\/www.camping-erromardie.com\/wp-content\/uploads\/2025\/03\/pict_17_3.jpg\" alt=\"\" \/>\n\t\t\t\t\t\t<\/a>\n\t\t\t\t\t<\/div>\n\t\t\t\t\t\t\t\t\t<div class=\"ls-single-hebergement__galerie__image\">\n\t\t\t\t\t\t<a href=\"https:\/\/www.camping-erromardie.com\/wp-content\/uploads\/2025\/03\/pict_17_4.jpg\" data-fancybox=\"hebergement\">\n\t\t\t\t\t\t\t<img decoding=\"async\" src=\"https:\/\/www.camping-erromardie.com\/wp-content\/uploads\/2025\/03\/pict_17_4.jpg\" alt=\"\" \/>\n\t\t\t\t\t\t<\/a>\n\t\t\t\t\t<\/div>\n\t\t\t\t\t\t\t\t\t<div class=\"ls-single-hebergement__galerie__image\">\n\t\t\t\t\t\t<a href=\"https:\/\/www.camping-erromardie.com\/wp-content\/uploads\/2025\/03\/pict_17_5.jpg\" data-fancybox=\"hebergement\">\n\t\t\t\t\t\t\t<img decoding=\"async\" src=\"https:\/\/www.camping-erromardie.com\/wp-content\/uploads\/2025\/03\/pict_17_5.jpg\" alt=\"\" \/>\n\t\t\t\t\t\t<\/a>\n\t\t\t\t\t<\/div>\n\t\t\t\t\t\t\t\t\t<div class=\"ls-single-hebergement__galerie__image\">\n\t\t\t\t\t\t<a href=\"https:\/\/www.camping-erromardie.com\/wp-content\/uploads\/2025\/03\/pict_17_6.jpg\" data-fancybox=\"hebergement\">\n\t\t\t\t\t\t\t<img decoding=\"async\" src=\"https:\/\/www.camping-erromardie.com\/wp-content\/uploads\/2025\/03\/pict_17_6.jpg\" alt=\"\" \/>\n\t\t\t\t\t\t<\/a>\n\t\t\t\t\t<\/div>\n\t\t\t\t\t\t\t\t\t<div class=\"ls-single-hebergement__galerie__image\">\n\t\t\t\t\t\t<a href=\"https:\/\/www.camping-erromardie.com\/wp-content\/uploads\/2025\/03\/pict_17_7.jpg\" data-fancybox=\"hebergement\">\n\t\t\t\t\t\t\t<img decoding=\"async\" src=\"https:\/\/www.camping-erromardie.com\/wp-content\/uploads\/2025\/03\/pict_17_7.jpg\" alt=\"\" \/>\n\t\t\t\t\t\t<\/a>\n\t\t\t\t\t<\/div>\n\t\t\t\t\t\t\t<\/div>\n\t\t\t<\/div>\n<\/div><\/div><\/div><\/div>\n<\/div>\n\r\n    <\/div>\r\n<\/section><section id=\"ls-section-block_69eb2bc57a398eb522da1c98f4c59879\" class=\"ls-section  page-cta\" >\r\n        <div class=\"container container--wide\">\r\n        \n\n<div id=\"ls-heading ls-titre-div-block_2630f0a3f774ccc63c0b1919f6181c96\" class=\"ls-titre-div aligncenter h2-like has-text-color has-color-1-color\" >\n    Entdecke unsere Strandpromenade, unsere Stellpl\u00e4tze und unsere Mobilheime<\/div>\n\n\n\n<div id=\"ls-maillage-block_9809a3eb50be09626c2b51be7cf7a9d6\" class=\"ls-maillage cta-style-normal\" data-rows=\"3\">\n\n    <div class=\"wp-block-columns\"><div class=\"wp-block-column\">\n\n<a href=\"https:\/\/www.camping-erromardie.com\/de\/vermietung-mobilheim-baskenland\/\" target=\"\" rel=\"noopener\" class=\"ls-cta__link\" data-categ=\"\">\n\t<div class=\"ls-cta__image\"><img decoding=\"async\" src=\"https:\/\/www.camping-erromardie.com\/wp-content\/uploads\/2025\/04\/Camping-Erromardie-environnement-4-scaled.jpg\" alt=\"\"><\/div>\n\t<div class=\"ls-cta__title\">\n\t\tMobilheime\t<\/div>\n\n\t<\/a><\/div><div class=\"wp-block-column\">\n\n<a href=\"https:\/\/www.camping-erromardie.com\/de\/camping-baskenland-kueste\/\" target=\"\" rel=\"noopener\" class=\"ls-cta__link\" data-categ=\"\">\n\t<div class=\"ls-cta__image\"><img decoding=\"async\" src=\"https:\/\/www.camping-erromardie.com\/wp-content\/uploads\/2025\/04\/Erromardie-88.jpg\" alt=\"\"><\/div>\n\t<div class=\"ls-cta__title\">\n\t\tAm Meer\t<\/div>\n\n\t<\/a><\/div><div class=\"wp-block-column\">\n\n<a href=\"https:\/\/www.camping-erromardie.com\/de\/vermietung-stellplaetze-baskenland\/\" target=\"\" rel=\"noopener\" class=\"ls-cta__link\" data-categ=\"\">\n\t<div class=\"ls-cta__image\"><img decoding=\"async\" src=\"https:\/\/www.camping-erromardie.com\/wp-content\/uploads\/2025\/04\/Location-emplacement-camping-car-pays-basque.jpg\" alt=\"\"><\/div>\n\t<div class=\"ls-cta__title\">\n\t\tStandorte\t<\/div>\n\n\t<\/a><\/div><\/div>\n<\/div>\n\r\n    <\/div>\r\n<\/section>","protected":false},"excerpt":{"rendered":"","protected":false},"author":1,"featured_media":17243,"parent":0,"menu_order":61,"comment_status":"closed","ping_status":"closed","template":"","meta":{"_acf_changed":false,"_seopress_robots_primary_cat":"","_seopress_titles_title":"Camping PMR im Baskenland: Vermietung von Mobilheimen PMR St Jean de Luz","_seopress_titles_desc":"Entdecke unseren PMR-Campingplatz im Baskenland in Saint-Jean-de-Luz: flaches Gel\u00e4nde ohne H\u00f6henunterschiede, angepasste OSTADARA-Mobilheime, Stellpl\u00e4tze mit barrierefreien Sanit\u00e4ranlagen und ein HEGOBUS PMR-Shuttle. Komfortabler und inklusiver Urlaub garantiert! ","_seopress_robots_index":"","footnotes":""},"sujet":[],"class_list":["post-18650","page","type-page","status-publish","has-post-thumbnail","hentry"],"acf":[],"_links":{"self":[{"href":"https:\/\/www.camping-erromardie.com\/de\/wp-json\/wp\/v2\/pages\/18650","targetHints":{"allow":["GET"]}}],"collection":[{"href":"https:\/\/www.camping-erromardie.com\/de\/wp-json\/wp\/v2\/pages"}],"about":[{"href":"https:\/\/www.camping-erromardie.com\/de\/wp-json\/wp\/v2\/types\/page"}],"author":[{"embeddable":true,"href":"https:\/\/www.camping-erromardie.com\/de\/wp-json\/wp\/v2\/users\/1"}],"replies":[{"embeddable":true,"href":"https:\/\/www.camping-erromardie.com\/de\/wp-json\/wp\/v2\/comments?post=18650"}],"version-history":[{"count":3,"href":"https:\/\/www.camping-erromardie.com\/de\/wp-json\/wp\/v2\/pages\/18650\/revisions"}],"predecessor-version":[{"id":18857,"href":"https:\/\/www.camping-erromardie.com\/de\/wp-json\/wp\/v2\/pages\/18650\/revisions\/18857"}],"wp:featuredmedia":[{"embeddable":true,"href":"https:\/\/www.camping-erromardie.com\/de\/wp-json\/wp\/v2\/media\/17243"}],"wp:attachment":[{"href":"https:\/\/www.camping-erromardie.com\/de\/wp-json\/wp\/v2\/media?parent=18650"}],"wp:term":[{"taxonomy":"sujet","embeddable":true,"href":"https:\/\/www.camping-erromardie.com\/de\/wp-json\/wp\/v2\/sujet?post=18650"}],"curies":[{"name":"wp","href":"https:\/\/api.w.org\/{rel}","templated":true}]}}