{"id":18632,"date":"2025-03-14T16:51:59","date_gmt":"2025-03-14T15:51:59","guid":{"rendered":"https:\/\/www.camping-erromardie.com\/services\/"},"modified":"2025-06-03T11:52:32","modified_gmt":"2025-06-03T09:52:32","slug":"4-sterne-camping-baskenland","status":"publish","type":"page","link":"https:\/\/www.camping-erromardie.com\/de\/4-sterne-camping-baskenland\/","title":{"rendered":"Die Dienste"},"content":{"rendered":"<section id=\"ls-section-block_918b5ab258219026e776cc597a5f7f5b\" class=\"ls-section  page-titre\" >\r\n        <div class=\"container container--wide\">\r\n        \n\n<h1 class=\"ls__heading wp-block-heading has-text-align-center has-color-4-color has-text-color has-link-color wp-elements-38fc8b3b7d6067dcbfc141a8364220e7\">Unsere Dienstleistungen<\/h1>\n\n\r\n    <\/div>\r\n<\/section><section id=\"ls-section-block_78e62e900f37e073b47baf01fc7c0ab0\" class=\"ls-section  home-first page-one has-p-b p-b-14\" >\r\n        <div class=\"container container--wide\">\r\n        \n\n<div class=\"wp-block-columns is-layout-flex wp-container-core-columns-is-layout-9d6595d7 wp-block-columns-is-layout-flex\">\n<div class=\"wp-block-column is-layout-flow wp-block-column-is-layout-flow\" style=\"flex-basis:33.33%\">\n<div class=\"wp-block-columns is-layout-flex wp-container-core-columns-is-layout-9d6595d7 wp-block-columns-is-layout-flex\">\n<div class=\"wp-block-column column-border is-layout-flow wp-block-column-is-layout-flow\">\n<h2 class=\"ls__heading wp-block-heading has-color-1-color has-text-color has-link-color wp-elements-870f3b1c20d94e43b01b857e7addcf56\">Entdecke unsere Dienstleistungen  <\/h2>\n\n\n\n<p class=\"ls-paragraph\">Wir bieten unseren G\u00e4sten auf dem gesamten Gel\u00e4nde KOSTENLOSES WIFI (maximal 2 Ger\u00e4te, danach wird es kostenpflichtig).<br\/>Wenn du mit dem Wohnmobil kommst, haben wir einen Servicebereich f\u00fcr Wohnmobilisten.<br\/>Freunde des Campers haben nat\u00fcrlich auch gepflegte Sanit\u00e4ranlagen, einen Waschsalon mit Waschmaschine und Trockner mit M\u00fcnzeinwurf (Preis 5\u20ac, nur 1\u20ac-M\u00fcnzen werden akzeptiert).<br\/>F\u00fcr junge M\u00fctter gibt es auch ein Kinderzimmer.<br\/>F\u00fcr Personen mit eingeschr\u00e4nkter Mobilit\u00e4t haben wir behindertengerechte Sanit\u00e4ranlagen und jeder Stellplatz ist f\u00fcr diese Personen zug\u00e4nglich.  <\/p>\n<\/div>\n<\/div>\n<\/div>\n\n\n\n<div class=\"wp-block-column is-layout-flow wp-block-column-is-layout-flow\" style=\"flex-basis:66.66%\">\n<figure class=\"wp-block-gallery has-nested-images columns-default is-cropped wp-block-gallery-1 is-layout-flex wp-block-gallery-is-layout-flex\">\n<figure class=\"wp-block-image size-full animated fadeIn delay-200ms\"><a href=\"https:\/\/www.camping-erromardie.com\/wp-content\/uploads\/2025\/04\/Camping-Erromardie-environnement-89.jpg\"><img loading=\"lazy\" decoding=\"async\" width=\"1000\" height=\"660\" data-id=\"13010\" src=\"https:\/\/www.camping-erromardie.com\/wp-content\/uploads\/2025\/04\/Camping-Erromardie-environnement-89.jpg\" alt=\"Campingplatz Erromardie umwelt 89\" class=\"wp-image-13010\" srcset=\"https:\/\/www.camping-erromardie.com\/wp-content\/uploads\/2025\/04\/Camping-Erromardie-environnement-89.jpg 1000w, https:\/\/www.camping-erromardie.com\/wp-content\/uploads\/2025\/04\/Camping-Erromardie-environnement-89-300x198.jpg 300w, https:\/\/www.camping-erromardie.com\/wp-content\/uploads\/2025\/04\/Camping-Erromardie-environnement-89-768x507.jpg 768w\" sizes=\"auto, (max-width: 1000px) 100vw, 1000px\" \/><\/a><\/figure>\n\n\n\n<figure class=\"wp-block-image size-full animated fadeIn\"><a href=\"https:\/\/www.camping-erromardie.com\/wp-content\/uploads\/2025\/04\/laptop-2055522_1280.jpg\"><img loading=\"lazy\" decoding=\"async\" width=\"1000\" height=\"663\" data-id=\"13005\" src=\"https:\/\/www.camping-erromardie.com\/wp-content\/uploads\/2025\/04\/laptop-2055522_1280.jpg\" alt=\"campingplatz mit wifi baskenland\" class=\"wp-image-13005\" srcset=\"https:\/\/www.camping-erromardie.com\/wp-content\/uploads\/2025\/04\/laptop-2055522_1280.jpg 1000w, https:\/\/www.camping-erromardie.com\/wp-content\/uploads\/2025\/04\/laptop-2055522_1280-300x199.jpg 300w, https:\/\/www.camping-erromardie.com\/wp-content\/uploads\/2025\/04\/laptop-2055522_1280-768x509.jpg 768w\" sizes=\"auto, (max-width: 1000px) 100vw, 1000px\" \/><\/a><\/figure>\n<\/figure>\n<\/div>\n<\/div>\n\n\r\n    <\/div>\r\n<\/section><section id=\"ls-section-block_3b8864dd7763bd8acc7145fc5ac5ca25\" class=\"ls-section  home-first page-two has-background has-color-6-background-color has-m-b m-b-10 has-p-b p-b-15\" >\r\n        <div class=\"container container--wide\">\r\n        \n\n<div class=\"wp-block-columns is-layout-flex wp-container-core-columns-is-layout-9d6595d7 wp-block-columns-is-layout-flex\">\n<div class=\"wp-block-column is-layout-flow wp-block-column-is-layout-flow\" style=\"flex-basis:66.66%\">\n<figure class=\"wp-block-gallery has-nested-images columns-default is-cropped wp-block-gallery-2 is-layout-flex wp-block-gallery-is-layout-flex\">\n<figure class=\"wp-block-image size-full animated fadeIn delay-200ms\"><a href=\"https:\/\/www.camping-erromardie.com\/wp-content\/uploads\/2025\/04\/Ferme-Erromardie-selection.jpg\"><img loading=\"lazy\" decoding=\"async\" width=\"1013\" height=\"1350\" data-id=\"14316\" src=\"https:\/\/www.camping-erromardie.com\/wp-content\/uploads\/2025\/04\/Ferme-Erromardie-selection.jpg\" alt=\"Bauernhof Erromardie selection\" class=\"wp-image-14316\" srcset=\"https:\/\/www.camping-erromardie.com\/wp-content\/uploads\/2025\/04\/Ferme-Erromardie-selection.jpg 1013w, https:\/\/www.camping-erromardie.com\/wp-content\/uploads\/2025\/04\/Ferme-Erromardie-selection-225x300.jpg 225w, https:\/\/www.camping-erromardie.com\/wp-content\/uploads\/2025\/04\/Ferme-Erromardie-selection-768x1023.jpg 768w\" sizes=\"auto, (max-width: 1013px) 100vw, 1013px\" \/><\/a><\/figure>\n\n\n\n<figure class=\"wp-block-image size-full animated fadeIn\"><a href=\"https:\/\/www.camping-erromardie.com\/wp-content\/uploads\/2025\/04\/Camping-Erromardie-animation-apero-8.jpg\"><img loading=\"lazy\" decoding=\"async\" width=\"2022\" height=\"1350\" data-id=\"10614\" src=\"https:\/\/www.camping-erromardie.com\/wp-content\/uploads\/2025\/04\/Camping-Erromardie-animation-apero-8.jpg\" alt=\"Camping Erromardie animation ap&#xE9;ro 8\" class=\"wp-image-10614\" srcset=\"https:\/\/www.camping-erromardie.com\/wp-content\/uploads\/2025\/04\/Camping-Erromardie-animation-apero-8.jpg 2022w, https:\/\/www.camping-erromardie.com\/wp-content\/uploads\/2025\/04\/Camping-Erromardie-animation-apero-8-300x200.jpg 300w, https:\/\/www.camping-erromardie.com\/wp-content\/uploads\/2025\/04\/Camping-Erromardie-animation-apero-8-1024x684.jpg 1024w, https:\/\/www.camping-erromardie.com\/wp-content\/uploads\/2025\/04\/Camping-Erromardie-animation-apero-8-768x513.jpg 768w, https:\/\/www.camping-erromardie.com\/wp-content\/uploads\/2025\/04\/Camping-Erromardie-animation-apero-8-1536x1026.jpg 1536w\" sizes=\"auto, (max-width: 2022px) 100vw, 2022px\" \/><\/a><\/figure>\n<\/figure>\n<\/div>\n\n\n\n<div class=\"wp-block-column is-layout-flow wp-block-column-is-layout-flow\" style=\"flex-basis:33.33%\">\n<div class=\"wp-block-columns is-layout-flex wp-container-core-columns-is-layout-9d6595d7 wp-block-columns-is-layout-flex\">\n<div class=\"wp-block-column column-border is-layout-flow wp-block-column-is-layout-flow\">\n<h2 class=\"ls__heading wp-block-heading has-color-1-color has-text-color has-link-color wp-elements-0e8d396cd0439affa1c9bd7e3c79c373\">Bar- und Restaurantseite<\/h2>\n\n\n\n<p class=\"ls-paragraph\">Wenn du etwas trinken, eine Erfrischung zu dir nehmen oder eine Kaffeepause machen m\u00f6chtest, usw.<br\/>die Bar auf unserem <a href=\"https:\/\/www.camping-erromardie.com\/de\/\" data-type=\"page\" data-id=\"270\">Campingplatz im Baskenland<\/a> ist f\u00fcr dich ge\u00f6ffnet.<\/p>\n\n\n\n<p class=\"ls-paragraph\">Du m\u00f6chtest etwas essen, ohne den Campingplatz zu verlassen?<\/p>\n\n\n\n<p class=\"ls-paragraph\">Unser Restaurant bietet dir seine Speisekarte an, wir machen auch Snacks: Du kannst deine Pizza und deine Gerichte zum Mitnehmen bestellen, um sie in aller Ruhe auf deinem Camping-Stellplatz oder in deinem Mobilheim zu genie\u00dfen.<br\/>Unser kleiner Lebensmittelladen hilft dir aus, wenn du ein paar notwendige Produkte vergessen hast.<\/p>\n\n\n\n<p class=\"ls-paragraph\"><br\/>Und was gibt es Sch\u00f6neres, als nach dem Aufstehen sein frisches Brot zu holen? Bei uns ist das m\u00f6glich. <\/p>\n<\/div>\n<\/div>\n<\/div>\n<\/div>\n\n\r\n    <\/div>\r\n<\/section><section id=\"ls-section-block_e85f248f5907cffb3b7fd3399dc8f2e3\" class=\"ls-section  page-cta\" >\r\n        <div class=\"container container--wide\">\r\n        \n\n<div id=\"ls-heading ls-titre-div-block_f36ae183377472fb91f978d3e4da5fac\" class=\"ls-titre-div aligncenter h2-like has-text-color has-color-1-color\" >\n    Entdecke unseren Pool, unsere Animationen und unsere Strandpromenade<\/div>\n\n\n\n<div id=\"ls-maillage-block_2f3ce7a905cc4007ab69d7595fb3b771\" class=\"ls-maillage cta-style-normal\" data-rows=\"3\">\n\n    <div class=\"wp-block-columns\"><div class=\"wp-block-column\">\n\n<a href=\"https:\/\/www.camping-erromardie.com\/de\/camping-baskenland-mit-schwimmbad\/\" target=\"\" rel=\"noopener\" class=\"ls-cta__link\" data-categ=\"\">\n\t<div class=\"ls-cta__image\"><img decoding=\"async\" src=\"https:\/\/www.camping-erromardie.com\/wp-content\/uploads\/2025\/04\/camping-avec-piscine-au-pays-basque.jpg\" alt=\"\"><\/div>\n\t<div class=\"ls-cta__title\">\n\t\tSwimmingpool\t<\/div>\n\n\t<\/a><\/div><div class=\"wp-block-column\">\n\n<a href=\"https:\/\/www.camping-erromardie.com\/de\/camping-baskenland-kueste\/\" target=\"\" rel=\"noopener\" class=\"ls-cta__link\" data-categ=\"\">\n\t<div class=\"ls-cta__image\"><img decoding=\"async\" src=\"https:\/\/www.camping-erromardie.com\/wp-content\/uploads\/2025\/04\/Erromardie-88.jpg\" alt=\"\"><\/div>\n\t<div class=\"ls-cta__title\">\n\t\tAm Meer\t<\/div>\n\n\t<\/a><\/div><div class=\"wp-block-column\">\n\n<a href=\"https:\/\/www.camping-erromardie.com\/de\/freizeit-im-baskenland-campingplatz\/\" target=\"\" rel=\"noopener\" class=\"ls-cta__link\" data-categ=\"\">\n\t<div class=\"ls-cta__image\"><img decoding=\"async\" src=\"https:\/\/www.camping-erromardie.com\/wp-content\/uploads\/2025\/04\/Camping-Erromardie-61_1.jpg\" alt=\"\"><\/div>\n\t<div class=\"ls-cta__title\">\n\t\tAnimationen\t<\/div>\n\n\t<\/a><\/div><\/div>\n<\/div>\n\r\n    <\/div>\r\n<\/section>","protected":false},"excerpt":{"rendered":"","protected":false},"author":1,"featured_media":13019,"parent":0,"menu_order":132,"comment_status":"closed","ping_status":"closed","template":"","meta":{"_acf_changed":false,"_seopress_robots_primary_cat":"","_seopress_titles_title":"Dienstleistungen: Wifi, Wohnmobilstellplatz, Restaurant | Erromardie","_seopress_titles_desc":"Alle Qualit\u00e4tsdienstleistungen des 4-Sterne-Campingplatzes im Baskenland: La Ferme Erromardie. Wifi, Servicebereich f\u00fcr Wohnmobile, Restaurant, ... ","_seopress_robots_index":"","footnotes":""},"sujet":[],"class_list":["post-18632","page","type-page","status-publish","has-post-thumbnail","hentry"],"acf":[],"_links":{"self":[{"href":"https:\/\/www.camping-erromardie.com\/de\/wp-json\/wp\/v2\/pages\/18632","targetHints":{"allow":["GET"]}}],"collection":[{"href":"https:\/\/www.camping-erromardie.com\/de\/wp-json\/wp\/v2\/pages"}],"about":[{"href":"https:\/\/www.camping-erromardie.com\/de\/wp-json\/wp\/v2\/types\/page"}],"author":[{"embeddable":true,"href":"https:\/\/www.camping-erromardie.com\/de\/wp-json\/wp\/v2\/users\/1"}],"replies":[{"embeddable":true,"href":"https:\/\/www.camping-erromardie.com\/de\/wp-json\/wp\/v2\/comments?post=18632"}],"version-history":[{"count":6,"href":"https:\/\/www.camping-erromardie.com\/de\/wp-json\/wp\/v2\/pages\/18632\/revisions"}],"predecessor-version":[{"id":18789,"href":"https:\/\/www.camping-erromardie.com\/de\/wp-json\/wp\/v2\/pages\/18632\/revisions\/18789"}],"wp:featuredmedia":[{"embeddable":true,"href":"https:\/\/www.camping-erromardie.com\/de\/wp-json\/wp\/v2\/media\/13019"}],"wp:attachment":[{"href":"https:\/\/www.camping-erromardie.com\/de\/wp-json\/wp\/v2\/media?parent=18632"}],"wp:term":[{"taxonomy":"sujet","embeddable":true,"href":"https:\/\/www.camping-erromardie.com\/de\/wp-json\/wp\/v2\/sujet?post=18632"}],"curies":[{"name":"wp","href":"https:\/\/api.w.org\/{rel}","templated":true}]}}