{"id":18597,"date":"2025-02-25T14:29:38","date_gmt":"2025-02-25T13:29:38","guid":{"rendered":"https:\/\/www.camping-erromardie.com\/politique-de-confidentialite\/"},"modified":"2025-05-28T14:21:31","modified_gmt":"2025-05-28T12:21:31","slug":"politique-de-confidentialite","status":"publish","type":"page","link":"https:\/\/www.camping-erromardie.com\/de\/politique-de-confidentialite\/","title":{"rendered":"Datenschutzrichtlinie"},"content":{"rendered":"<section id=\"ls-section-block_d3bfdef290932f837cfd95bb30fb55f3\" class=\"ls-section \" >\r\n        <div class=\"container container--wide\">\r\n        \n\n<h1 class=\"ls__heading wp-block-heading has-text-align-center feuille-deco\">DATENSCHUTZRICHTLINIE<\/h1>\n\n\n\n<p class=\"ls-paragraph\">Diese Datenschutzrichtlinie beschreibt die personenbezogenen Daten, die gesammelt oder erzeugt (verarbeitet) werden, wenn du die Website nutzt. Diese Datenschutzrichtlinie beschreibt die Arten von personenbezogenen Daten, die gesammelt werden, wenn du unsere Website nutzt, und wie deine personenbezogenen Daten verwendet, weitergegeben und gesch\u00fctzt werden. Sie erkl\u00e4rt auch, welche Wahlm\u00f6glichkeiten du in Bezug auf deine pers\u00f6nlichen Daten hast und wie du mit uns in Kontakt treten kannst.  <\/p>\n\n\n\n<h2 class=\"ls__heading wp-block-heading\">Inhaltsverzeichnis<\/h2>\n\n\n\n<ul class=\"ls-list ls-list-undefined wp-block-list\">\n<li><a href=\"https:\/\/www.camping-taranis.fr\/politique-de-confidentialite\/#gdpr-1\">Wer sind wir?<\/a><\/li>\n\n\n\n<li><a href=\"https:\/\/www.camping-taranis.fr\/politique-de-confidentialite\/#gdpr-2\">Verwendung der gesammelten pers\u00f6nlichen Daten<\/a><\/li>\n\n\n\n<li><a href=\"https:\/\/www.camping-taranis.fr\/politique-de-confidentialite\/#gdpr-3\">Kommentare<\/a><\/li>\n\n\n\n<li><a href=\"https:\/\/www.camping-taranis.fr\/politique-de-confidentialite\/#gdpr-4\">Medien<\/a><\/li>\n\n\n\n<li><a href=\"https:\/\/www.camping-taranis.fr\/politique-de-confidentialite\/#gdpr-5\">Kontaktformulare<\/a><\/li>\n\n\n\n<li><a href=\"https:\/\/www.camping-taranis.fr\/politique-de-confidentialite\/#gdpr-6\">Verwendung von Cookies<\/a><\/li>\n\n\n\n<li><a href=\"https:\/\/www.camping-taranis.fr\/politique-de-confidentialite\/#gdpr-7\">Statistiken und Publikumsmessungen<\/a><\/li>\n\n\n\n<li><a href=\"https:\/\/www.camping-taranis.fr\/politique-de-confidentialite\/#gdpr-8\">Dauer der Speicherung deiner Daten<\/a><\/li>\n\n\n\n<li><a href=\"https:\/\/www.camping-taranis.fr\/politique-de-confidentialite\/#gdpr-9\">Die Rechte, die du \u00fcber deine Daten hast<\/a><\/li>\n\n\n\n<li><a href=\"https:\/\/www.camping-taranis.fr\/politique-de-confidentialite\/#gdpr-10\">\u00dcbermittlung deiner pers\u00f6nlichen Daten<\/a><\/li>\n\n\n\n<li><a href=\"https:\/\/www.camping-taranis.fr\/politique-de-confidentialite\/#gdpr-11\">Wie wir deine Daten sch\u00fctzen<\/a><\/li>\n\n\n\n<li><a href=\"https:\/\/www.camping-taranis.fr\/politique-de-confidentialite\/#gdpr-12\">Kontaktinformationen<\/a><\/li>\n<\/ul>\n\n\n\n<h2 class=\"ls__heading wp-block-heading\" id=\"gdpr-1\">Wer sind wir?<\/h2>\n\n\n\n<p class=\"ls-paragraph\">Entdecke alle unsere Informationen auf der Seite <a href=\"https:\/\/www.camping-taranis.fr\/mentions-legales\/\">Impressum<\/a>.<\/p>\n\n\n\n<h2 class=\"ls__heading wp-block-heading\" id=\"gdpr-2\">Verwendung der gesammelten pers\u00f6nlichen Daten<\/h2>\n\n\n\n<p class=\"ls-paragraph\">Wir sammeln automatisch und direkt keine Daten \u00fcber dich.<\/p>\n\n\n\n<p class=\"ls-paragraph\">Dessen ungeachtet k\u00f6nnen wir Informationen, einschlie\u00dflich personenbezogener Informationen, von Dritten sammeln (siehe Abschnitt <a href=\"https:\/\/www.camping-taranis.fr\/politique-de-confidentialite\/#gdpr-5\">Cookies<\/a>).<\/p>\n\n\n\n<h2 class=\"ls__heading wp-block-heading\" id=\"gdpr-3\">Kommentare<\/h2>\n\n\n\n<p class=\"ls-paragraph\">Wenn du einen Kommentar auf unserer Website hinterl\u00e4sst, werden die im Kommentarformular eingetragenen Daten, aber auch deine IP-Adresse und der User Agent deines Browsers gesammelt, um uns bei der Erkennung von unerw\u00fcnschten Kommentaren zu helfen.<\/p>\n\n\n\n<p class=\"ls-paragraph\">Eine anonymisierte Zeichenfolge, die aus deiner E-Mail-Adresse erstellt wird (auch Hash genannt), kann an den Gravatar-Dienst gesendet werden, um zu \u00fcberpr\u00fcfen, ob du den Dienst nutzt. Die Datenschutzbestimmungen des Gravatar-Dienstes findest du unter https:\/\/automattic.com\/privacy\/. Nachdem du deinen Kommentar freigeschaltet hast, wird dein Profilbild neben deinem Kommentar \u00f6ffentlich sichtbar sein. <\/p>\n\n\n\n<h2 class=\"ls__heading wp-block-heading\" id=\"gdpr-4\">Medien<\/h2>\n\n\n\n<p class=\"ls-paragraph\">Wenn du ein\/e registrierte\/r Nutzer\/in bist und Bilder auf die Website hochl\u00e4dst, solltest du vermeiden, Bilder hochzuladen, die EXIF-Daten von GPS-Koordinaten enthalten. Besucher\/innen deiner Website k\u00f6nnen aus diesen Bildern Standortdaten herunterladen und extrahieren. <\/p>\n\n\n\n<h2 class=\"ls__heading wp-block-heading\" id=\"gdpr-5\">Kontaktformulare<\/h2>\n\n\n\n<p class=\"ls-paragraph\">Wenn du ein Formular ausf\u00fcllst, kannst du uns Informationen zur Verf\u00fcgung stellen. Diese Informationen werden per E-Mail an uns weitergeleitet und nur in unserem E-Mail-Service gespeichert. Wenn die Informationen f\u00fcr kommerzielle Zwecke verwendet werden, wird dies am Ende des Formulars angegeben. Wir werden immer deine Zustimmung einholen, wenn wir Informationen \u00fcber ein Formular sammeln.  <\/p>\n\n\n\n<h2 class=\"ls__heading wp-block-heading\" id=\"gdpr-6\">Verwendung von Cookies<\/h2>\n\n\n\n<p class=\"ls-paragraph\"><strong>Was ist ein Cookie?<\/strong><br\/>Ein Cookie ist eine kleine Datendatei, die auf dein Ger\u00e4t \u00fcbertragen und dort gespeichert wird. Ein Cookie erm\u00f6glicht es uns zum Beispiel, deinen Browser und deine Sprache zu erkennen oder deine Einstellungen zu speichern.<br\/>Auf unserer Website werden zwei Arten von Cookies verwendet: &#8222;Sitzungscookies&#8220; und &#8222;dauerhafte Cookies&#8220;. Sitzungscookies verfallen, wenn du deinen Browser schlie\u00dft, w\u00e4hrend dauerhafte Cookies auf deinem Ger\u00e4t verbleiben, nachdem du deinen Browser geschlossen hast, und bei deinem n\u00e4chsten Besuch auf unserer Seite wieder verwendet werden k\u00f6nnen.  <\/p>\n\n\n\n<p class=\"ls-paragraph\">Weitere Informationen unter <a href=\"https:\/\/allaboutcookies.org\/fr\" target=\"_blank\" rel=\"noreferrer noopener\">allaboutcookies.org<\/a>.<\/p>\n\n\n\n<p class=\"ls-paragraph\"><strong>Unsere Cookies<\/strong><\/p>\n\n\n\n<p class=\"ls-paragraph\">Wenn du einen Kommentar auf unserer Website abgibst, wird dir angeboten, deinen Namen, deine E-Mail-Adresse und deine Website in Cookies zu speichern. Dies ist nur zu deiner Bequemlichkeit, damit du diese Informationen nicht eingeben musst, wenn du sp\u00e4ter einen weiteren Kommentar abgibst. Diese Cookies laufen nach einem Jahr ab.  <\/p>\n\n\n\n<p class=\"ls-paragraph\">Wenn du ein Konto hast und dich auf dieser Website anmeldest, wird ein tempor\u00e4res Cookie erstellt, um festzustellen, ob dein Browser Cookies akzeptiert. Es enth\u00e4lt keine personenbezogenen Daten und wird automatisch gel\u00f6scht, wenn du deinen Browser schlie\u00dft. <\/p>\n\n\n\n<p class=\"ls-paragraph\">Wenn du dich einloggst, setzen wir eine Reihe von Cookies, um deine Anmeldeinformationen und Bildschirmeinstellungen zu speichern. Die Lebensdauer eines Login-Cookies betr\u00e4gt zwei Tage, die eines Cookies f\u00fcr die Bildschirmeinstellungen ein Jahr. Wenn du &#8222;An mich erinnern&#8220; ankreuzt, wird dein Anmelde-Cookie zwei Wochen lang gespeichert. Wenn du dich von deinem Konto abmeldest, wird das Anmelde-Cookie gel\u00f6scht.   <\/p>\n\n\n\n<p class=\"ls-paragraph\">Wenn du einen Artikel bearbeitest oder ver\u00f6ffentlichst, wird ein zus\u00e4tzliches Cookie in deinem Browser gespeichert. Dieses Cookie enth\u00e4lt keine pers\u00f6nlichen Daten. Es zeigt lediglich die ID des Artikels an, den du gerade bearbeitet hast. Es l\u00e4uft nach einem Tag ab.   <\/p>\n\n\n\n<p class=\"ls-paragraph\"><strong>Cookies von Drittanbietern<\/strong><\/p>\n\n\n\n<p class=\"ls-paragraph\">Die Artikel auf dieser Seite k\u00f6nnen eingebettete Inhalte enthalten (z. B. Videos, Bilder, Artikel &#8230;). Eingebettete Inhalte von anderen Seiten verhalten sich genauso, als ob der Besucher diese andere Seite besuchen w\u00fcrde. <\/p>\n\n\n\n<p class=\"ls-paragraph\">Diese Websites k\u00f6nnen Daten \u00fcber dich sammeln, Cookies verwenden, Tracking-Tools von Drittanbietern einbetten und deine Interaktionen mit diesen eingebetteten Inhalten verfolgen, wenn du ein eingeloggtes Konto auf ihrer Website hast.<\/p>\n\n\n\n<p class=\"ls-paragraph\">Wir k\u00f6nnen bestimmten Gesch\u00e4ftspartnern gestatten, Technologien auf unserer Website zu installieren. Diese Partner setzen diese Technologien ein, um uns dabei zu helfen, zu analysieren, wie du die Website nutzt, z. B. indem sie die Dienste von Drittanbietern, \u00fcber die du auf die Plattform gekommen bist, aufzeichnen, unsere Dienste auf unserer Website und auf den Websites von Drittanbietern vermarkten und bewerben, uns bei der Aufdeckung und Verhinderung von Betrug oder bei der Durchf\u00fchrung von Risikobewertungen helfen oder Informationen \u00fcber deine Aktivit\u00e4ten auf der Website sammeln. <\/p>\n\n\n\n<p class=\"ls-paragraph\">Unsere Website kann Social Plugins verwenden, die von Drittunternehmen bereitgestellt und betrieben werden, wie z. B. die &#8222;Gef\u00e4llt mir&#8220;-Schaltfl\u00e4che von Facebook. Infolgedessen kannst du Informationen, die du in einem bestimmten Bereich unserer Website siehst, an den Dritten senden. Wenn du nicht in dein Konto bei der Drittpartei eingeloggt bist, kann die Drittpartei nicht wissen, wer du bist. Wenn du in dein Konto bei der Drittpartei eingeloggt bist, kann die Drittpartei Informationen oder Aktionen, die sich auf deine Interaktionen mit unserer Website beziehen, mit deinem Konto bei der Drittpartei verkn\u00fcpfen. Bitte lies die Datenschutzrichtlinien der Drittpartei, um mehr \u00fcber deren Datenpraktiken zu erfahren.    <\/p>\n\n\n\n<p class=\"ls-paragraph\">Die Liste der auf dieser Seite verwendeten Cookies von Drittanbietern ist \u00fcber das <a href=\"#moove_gdpr_cookie_modal\">Cookie-Verwaltungspanel<\/a> zug\u00e4nglich.<\/p>\n\n\n\n<h2 class=\"ls__heading wp-block-heading\" id=\"gdpr-7\">Statistiken und Publikumsmessungen<\/h2>\n\n\n\n<p class=\"ls-paragraph\">Im Bereich der Analyse arbeiten wir mit Google Analytics, um Informationen \u00fcber die Nutzung unserer Website zu erhalten und diese zu verbessern. Diese Funktion kann \u00fcber das <a href=\"#moove_gdpr_cookie_modal\">Cookie-Panel<\/a> deaktiviert werden. <\/p>\n\n\n\n<p class=\"ls-paragraph\">Um zu verhindern, dass Google Analytics deine Daten zu Analysezwecken verwendet, kannst du auch das Browser-Add-on zur Deaktivierung von Google Analytics installieren, indem du <a href=\"https:\/\/tools.google.com\/dlpage\/gaoptout\" rel=\"noreferrer noopener\" target=\"_blank\">hier<\/a> klickst. Bitte beachte, dass wir keine Kontrolle \u00fcber diesen Deaktivierungslink haben und nicht f\u00fcr die Verf\u00fcgbarkeit oder Richtigkeit dieses Mechanismus verantwortlich sind. Weitere Informationen findest du <a href=\"https:\/\/support.google.com\/analytics\/answer\/6004245\" rel=\"noreferrer noopener\" target=\"_blank\">in dieser Dokumentation<\/a>.  <\/p>\n\n\n\n<h2 class=\"ls__heading wp-block-heading\" id=\"gdpr-8\">Dauer der Speicherung deiner Daten<\/h2>\n\n\n\n<p class=\"ls-paragraph\">Wenn du einen Kommentar hinterl\u00e4sst, werden der Kommentar und seine Metadaten auf unbestimmte Zeit gespeichert. Dadurch werden nachfolgende Kommentare automatisch erkannt und genehmigt, anstatt sie in der Moderationswarteschlange zu belassen. <\/p>\n\n\n\n<p class=\"ls-paragraph\">F\u00fcr Nutzer\/innen, die sich auf unserer Seite registrieren (sofern dies m\u00f6glich ist), speichern wir auch die pers\u00f6nlichen Daten, die in ihrem Profil angegeben sind. Alle Nutzer\/innen k\u00f6nnen ihre pers\u00f6nlichen Informationen (mit Ausnahme ihres Benutzernamens) jederzeit einsehen, \u00e4ndern oder l\u00f6schen. Auch die Betreiber der Website k\u00f6nnen diese Informationen einsehen und \u00e4ndern.  <\/p>\n\n\n\n<h2 class=\"ls__heading wp-block-heading\" id=\"gdpr-9\">Die Rechte, die du \u00fcber deine Daten hast<\/h2>\n\n\n\n<p class=\"ls-paragraph\">Wenn du ein Konto hast oder Kommentare auf der Seite hinterlassen hast, kannst du verlangen, eine Datei zu erhalten, die alle pers\u00f6nlichen Daten enth\u00e4lt, die wir \u00fcber dich haben, einschlie\u00dflich der Daten, die du uns zur Verf\u00fcgung gestellt hast. Du kannst auch verlangen, dass die personenbezogenen Daten \u00fcber dich gel\u00f6scht werden. Dies gilt nicht f\u00fcr Daten, die f\u00fcr administrative oder rechtliche Zwecke oder aus Sicherheitsgr\u00fcnden gespeichert werden.  <\/p>\n\n\n\n<h2 class=\"ls__heading wp-block-heading\" id=\"gdpr-10\">\u00dcbermittlung deiner pers\u00f6nlichen Daten<\/h2>\n\n\n\n<p class=\"ls-paragraph\">Die Kommentare der Besucher k\u00f6nnen mithilfe eines automatisierten Dienstes zur Erkennung unerw\u00fcnschter Kommentare \u00fcberpr\u00fcft werden<br\/>Alle personenbezogenen Daten, die wir verarbeiten, werden im Herzen der Europ\u00e4ischen Union verarbeitet.<\/p>\n\n\n\n<h2 class=\"ls__heading wp-block-heading\" id=\"gdpr-11\">Wie wir deine Daten sch\u00fctzen<\/h2>\n\n\n\n<p class=\"ls-paragraph\">Wir implementieren und aktualisieren st\u00e4ndig die <strong>Sicherheit<\/strong> der Website, um deine Daten vor unberechtigtem Zugriff, Verlust, Zerst\u00f6rung oder Ver\u00e4nderung zu sch\u00fctzen. Wir arbeiten also daran, deine Daten so unangreifbar wie m\u00f6glich zu machen. Da das Internet keine 100%ig sichere Umgebung ist, k\u00f6nnen wir die Sicherheit der \u00dcbertragung oder Speicherung deiner Daten nicht vollst\u00e4ndig garantieren.  <\/p>\n\n\n\n<h2 class=\"ls__heading wp-block-heading\" id=\"gdpr-12\">Kontaktinformationen<\/h2>\n\n\n\n<p class=\"ls-paragraph\">Wenn du eine Anfrage oder Frage zu deinen pers\u00f6nlichen Daten hast, kontaktiere uns bitte unter rgpd@geek-tonic.com, weitere Kontaktinformationen findest du in unserem <a href=\"https:\/\/www.camping-taranis.fr\/mentions-legales\/\">Impressum<\/a>. Bitte beachte, dass wir dich m\u00f6glicherweise bitten, deine Identit\u00e4t zu \u00fcberpr\u00fcfen, bevor wir weitere Schritte bez\u00fcglich deiner Anfrage unternehmen. <\/p>\n\n\r\n    <\/div>\r\n<\/section>","protected":false},"excerpt":{"rendered":"","protected":false},"author":1,"featured_media":12841,"parent":0,"menu_order":147,"comment_status":"closed","ping_status":"closed","template":"","meta":{"_acf_changed":false,"_seopress_robots_primary_cat":"","_seopress_titles_title":"Datenschutzrichtlinie","_seopress_titles_desc":"Erfahre mehr \u00fcber unsere Datenschutzrichtlinien: Arten von gesammelten Daten, Verwendung von Cookies, Speicherdauer, Nutzerrechte und Schutzma\u00dfnahmen. Transparenz und Sicherheit garantiert. ","_seopress_robots_index":"yes","footnotes":""},"sujet":[],"class_list":["post-18597","page","type-page","status-publish","has-post-thumbnail","hentry"],"acf":[],"_links":{"self":[{"href":"https:\/\/www.camping-erromardie.com\/de\/wp-json\/wp\/v2\/pages\/18597","targetHints":{"allow":["GET"]}}],"collection":[{"href":"https:\/\/www.camping-erromardie.com\/de\/wp-json\/wp\/v2\/pages"}],"about":[{"href":"https:\/\/www.camping-erromardie.com\/de\/wp-json\/wp\/v2\/types\/page"}],"author":[{"embeddable":true,"href":"https:\/\/www.camping-erromardie.com\/de\/wp-json\/wp\/v2\/users\/1"}],"replies":[{"embeddable":true,"href":"https:\/\/www.camping-erromardie.com\/de\/wp-json\/wp\/v2\/comments?post=18597"}],"version-history":[{"count":1,"href":"https:\/\/www.camping-erromardie.com\/de\/wp-json\/wp\/v2\/pages\/18597\/revisions"}],"predecessor-version":[{"id":18599,"href":"https:\/\/www.camping-erromardie.com\/de\/wp-json\/wp\/v2\/pages\/18597\/revisions\/18599"}],"wp:featuredmedia":[{"embeddable":true,"href":"https:\/\/www.camping-erromardie.com\/de\/wp-json\/wp\/v2\/media\/12841"}],"wp:attachment":[{"href":"https:\/\/www.camping-erromardie.com\/de\/wp-json\/wp\/v2\/media?parent=18597"}],"wp:term":[{"taxonomy":"sujet","embeddable":true,"href":"https:\/\/www.camping-erromardie.com\/de\/wp-json\/wp\/v2\/sujet?post=18597"}],"curies":[{"name":"wp","href":"https:\/\/api.w.org\/{rel}","templated":true}]}}