{"id":18587,"date":"2025-03-14T16:52:33","date_gmt":"2025-03-14T15:52:33","guid":{"rendered":"https:\/\/www.camping-erromardie.com\/bord-de-mer\/"},"modified":"2025-06-12T11:20:18","modified_gmt":"2025-06-12T09:20:18","slug":"camping-baskenland-kueste","status":"publish","type":"page","link":"https:\/\/www.camping-erromardie.com\/de\/camping-baskenland-kueste\/","title":{"rendered":"Am Meer"},"content":{"rendered":"<section id=\"ls-section-block_b8ab719ddea9d8daae7c9ed82246d435\" class=\"ls-section  page-titre\" >\r\n        <div class=\"container container--wide\">\r\n        \n\n<h1 class=\"ls__heading wp-block-heading has-text-align-center has-color-4-color has-text-color has-link-color wp-elements-566379f52a65d687a6b32bb496283f10\">Campingplatz Baskenland am Meer<\/h1>\n\n\r\n    <\/div>\r\n<\/section><section id=\"ls-section-block_44a0db1602833e426d9a2648413ec633\" class=\"ls-section  home-first page-one\" >\r\n        <div class=\"container container--wide\">\r\n        \n\n<div class=\"wp-block-columns is-layout-flex wp-container-core-columns-is-layout-9d6595d7 wp-block-columns-is-layout-flex\">\n<div class=\"wp-block-column is-layout-flow wp-block-column-is-layout-flow\" style=\"flex-basis:33.33%\">\n<div class=\"wp-block-columns is-layout-flex wp-container-core-columns-is-layout-9d6595d7 wp-block-columns-is-layout-flex\">\n<div class=\"wp-block-column column-border is-layout-flow wp-block-column-is-layout-flow\">\n<h2 class=\"ls__heading wp-block-heading has-color-1-color has-text-color has-link-color wp-elements-fd9315974c2e17d505dd4179e5f49d00\">Dein Urlaub am Ozean an der baskischen K\u00fcste<\/h2>\n\n\n\n<p class=\"ls-paragraph\">Envie de planifier un s\u00e9jour en camping pr\u00e8s de la mer dans le sud-ouest de la France, face aux c\u00e9l\u00e8bres <a href=\"https:\/\/www.camping-erromardie.com\/de\/baskenland\/die-baskischen-straende\/\">plages de la c\u00f4te basque<\/a>, \u00e0 deux pas des Pyr\u00e9n\u00e9es et de la fronti\u00e8re espagnole ?<\/p>\n\n\n\n<p class=\"ls-paragraph\">Ein Campingplatz, der es dir erm\u00f6glicht, in weniger als zehn Minuten von deinem Zelt oder Mobilheim zu deinen Sandburgen zu gelangen? Willkommen auf der Ferme Erromardie, deinem <strong>Campingplatz in Saint-Jean-de-Luz am Meer<\/strong>, der f\u00fcr einen Familien-, Freundschafts- oder Romantikurlaub konzipiert wurde. <\/p>\n\n\n\n<p class=\"ls-paragraph\">Le <a href=\"https:\/\/www.camping-erromardie.com\/de\/\" data-type=\"page\" data-id=\"270\">camping Pays Basque bord de mer<\/a> dispose d\u2019une situation g\u00e9ographique exceptionnelle : avec acc\u00e8s direct \u00e0 la plage d\u2019Erromardie \u00e0 Saint-Jean-de-Luz, vous ne r\u00e9sisterez pas \u00e0 l\u2019appel de la baignade, ou la pratique des <a href=\"https:\/\/www.camping-erromardie.com\/saint-jean-de-luz\/ecoles-de-surf\/\" data-type=\"post\" data-id=\"7429\">sports de glisse comme le surf<\/a> ou le body board.<\/p>\n\n\n\n<p class=\"ls-paragraph\">Faulenzer werden sich an den Sandstrand gegen\u00fcber dem Campingplatz legen und du wirst die sch\u00f6nsten Sonnenunterg\u00e4nge der baskischen K\u00fcste genie\u00dfen.<\/p>\n\n\n\n<p class=\"ls-paragraph\">Also z\u00f6gere nicht l\u00e4nger und buche jetzt deinen Aufenthalt auf unserem <strong>Campingplatz im Baskenland direkt am Meer<\/strong>!  <\/p>\n<\/div>\n<\/div>\n<\/div>\n\n\n\n<div class=\"wp-block-column is-layout-flow wp-block-column-is-layout-flow\" style=\"flex-basis:66.66%\">\n<figure class=\"wp-block-gallery has-nested-images columns-default is-cropped wp-block-gallery-1 is-layout-flex wp-block-gallery-is-layout-flex\">\n<figure class=\"wp-block-image size-full animated fadeIn delay-200ms\"><a href=\"https:\/\/www.camping-erromardie.com\/wp-content\/uploads\/2025\/04\/Surfer-au-pays-basque.jpg\"><img loading=\"lazy\" decoding=\"async\" width=\"2024\" height=\"1350\" data-id=\"17098\" src=\"https:\/\/www.camping-erromardie.com\/wp-content\/uploads\/2025\/04\/Surfer-au-pays-basque.jpg\" alt=\"Surfen im Baskenland\" class=\"wp-image-17098\" srcset=\"https:\/\/www.camping-erromardie.com\/wp-content\/uploads\/2025\/04\/Surfer-au-pays-basque.jpg 2024w, https:\/\/www.camping-erromardie.com\/wp-content\/uploads\/2025\/04\/Surfer-au-pays-basque-300x200.jpg 300w, https:\/\/www.camping-erromardie.com\/wp-content\/uploads\/2025\/04\/Surfer-au-pays-basque-1024x683.jpg 1024w, https:\/\/www.camping-erromardie.com\/wp-content\/uploads\/2025\/04\/Surfer-au-pays-basque-768x512.jpg 768w, https:\/\/www.camping-erromardie.com\/wp-content\/uploads\/2025\/04\/Surfer-au-pays-basque-1536x1025.jpg 1536w\" sizes=\"auto, (max-width: 2024px) 100vw, 2024px\" \/><\/a><\/figure>\n\n\n\n<figure class=\"wp-block-image size-full animated fadeIn\"><a href=\"https:\/\/www.camping-erromardie.com\/wp-content\/uploads\/2025\/04\/camping-paradis-la-ferme-erromardie-1.jpg\"><img loading=\"lazy\" decoding=\"async\" width=\"2000\" height=\"1163\" data-id=\"17091\" src=\"https:\/\/www.camping-erromardie.com\/wp-content\/uploads\/2025\/04\/camping-paradis-la-ferme-erromardie-1.jpg\" alt=\"camping paradies auf dem bauernhof erromardie\" class=\"wp-image-17091\" srcset=\"https:\/\/www.camping-erromardie.com\/wp-content\/uploads\/2025\/04\/camping-paradis-la-ferme-erromardie-1.jpg 2000w, https:\/\/www.camping-erromardie.com\/wp-content\/uploads\/2025\/04\/camping-paradis-la-ferme-erromardie-1-300x174.jpg 300w, https:\/\/www.camping-erromardie.com\/wp-content\/uploads\/2025\/04\/camping-paradis-la-ferme-erromardie-1-1024x595.jpg 1024w, https:\/\/www.camping-erromardie.com\/wp-content\/uploads\/2025\/04\/camping-paradis-la-ferme-erromardie-1-768x447.jpg 768w, https:\/\/www.camping-erromardie.com\/wp-content\/uploads\/2025\/04\/camping-paradis-la-ferme-erromardie-1-1536x893.jpg 1536w\" sizes=\"auto, (max-width: 2000px) 100vw, 2000px\" \/><\/a><\/figure>\n<\/figure>\n<\/div>\n<\/div>\n\n\r\n    <\/div>\r\n<\/section><section id=\"ls-section-block_7535bd60640b7679a5c8424af7d1b285\" class=\"ls-section  home-first page-two has-background has-color-6-background-color\" >\r\n        <div class=\"container container--wide\">\r\n        \n\n<div class=\"wp-block-columns is-layout-flex wp-container-core-columns-is-layout-9d6595d7 wp-block-columns-is-layout-flex\">\n<div class=\"wp-block-column is-layout-flow wp-block-column-is-layout-flow\" style=\"flex-basis:66.66%\">\n<figure class=\"wp-block-gallery has-nested-images columns-default is-cropped wp-block-gallery-2 is-layout-flex wp-block-gallery-is-layout-flex\">\n<figure class=\"wp-block-image size-full animated fadeIn delay-200ms\"><a href=\"https:\/\/www.camping-erromardie.com\/wp-content\/uploads\/2025\/04\/camping-saint-jean-de-luz-la-ferme-erromardie-pays-basque.jpg\"><img loading=\"lazy\" decoding=\"async\" width=\"2000\" height=\"1335\" data-id=\"17104\" src=\"https:\/\/www.camping-erromardie.com\/wp-content\/uploads\/2025\/04\/camping-saint-jean-de-luz-la-ferme-erromardie-pays-basque.jpg\" alt=\"camping saint jean de luz la ferme erromardie baskenland\" class=\"wp-image-17104\" srcset=\"https:\/\/www.camping-erromardie.com\/wp-content\/uploads\/2025\/04\/camping-saint-jean-de-luz-la-ferme-erromardie-pays-basque.jpg 2000w, https:\/\/www.camping-erromardie.com\/wp-content\/uploads\/2025\/04\/camping-saint-jean-de-luz-la-ferme-erromardie-pays-basque-300x200.jpg 300w, https:\/\/www.camping-erromardie.com\/wp-content\/uploads\/2025\/04\/camping-saint-jean-de-luz-la-ferme-erromardie-pays-basque-1024x684.jpg 1024w, https:\/\/www.camping-erromardie.com\/wp-content\/uploads\/2025\/04\/camping-saint-jean-de-luz-la-ferme-erromardie-pays-basque-768x513.jpg 768w, https:\/\/www.camping-erromardie.com\/wp-content\/uploads\/2025\/04\/camping-saint-jean-de-luz-la-ferme-erromardie-pays-basque-1536x1025.jpg 1536w\" sizes=\"auto, (max-width: 2000px) 100vw, 2000px\" \/><\/a><\/figure>\n\n\n\n<figure class=\"wp-block-image size-full animated fadeIn\"><a href=\"https:\/\/www.camping-erromardie.com\/wp-content\/uploads\/2025\/04\/saint-jean_erromardie.jpg\"><img loading=\"lazy\" decoding=\"async\" width=\"1000\" height=\"667\" data-id=\"11130\" src=\"https:\/\/www.camping-erromardie.com\/wp-content\/uploads\/2025\/04\/saint-jean_erromardie.jpg\" alt=\"saint jean erromardie\" class=\"wp-image-11130\" srcset=\"https:\/\/www.camping-erromardie.com\/wp-content\/uploads\/2025\/04\/saint-jean_erromardie.jpg 1000w, https:\/\/www.camping-erromardie.com\/wp-content\/uploads\/2025\/04\/saint-jean_erromardie-300x200.jpg 300w, https:\/\/www.camping-erromardie.com\/wp-content\/uploads\/2025\/04\/saint-jean_erromardie-768x512.jpg 768w\" sizes=\"auto, (max-width: 1000px) 100vw, 1000px\" \/><\/a><\/figure>\n<\/figure>\n<\/div>\n\n\n\n<div class=\"wp-block-column is-layout-flow wp-block-column-is-layout-flow\" style=\"flex-basis:33.33%\">\n<div class=\"wp-block-columns is-layout-flex wp-container-core-columns-is-layout-9d6595d7 wp-block-columns-is-layout-flex\">\n<div class=\"wp-block-column column-border is-layout-flow wp-block-column-is-layout-flow\">\n<h2 class=\"ls__heading wp-block-heading has-color-1-color has-text-color has-link-color wp-elements-a9d0ecbce430a1ab330defdf74d4bfa7\">Ein Campingplatz gegen\u00fcber dem Strand von Erromardie f\u00fcr einen Urlaub mit den F\u00fc\u00dfen im Wasser in Saint Jean de Luz<\/h2>\n\n\n\n<p class=\"ls-paragraph\">La Ferme Erromardie liegt im Departement Pyr\u00e9n\u00e9es-Atlantiques (64) zwischen Hendaye und Biarritz. Der <a href=\"https:\/\/www.camping-bord-de-leau.fr\/mer\/\" target=\"_blank\" rel=\"noreferrer noopener\">4-Sterne-Campingplatz liegt direkt am Meer<\/a> an der baskischen K\u00fcste auf einem 2,5 Hektar gro\u00dfen Gel\u00e4nde, das sich am Strand Erromardie entlang zieht.<\/p>\n\n\n\n<p class=\"ls-paragraph\">Unser <strong>Campingplatz Baskenland am Meer<\/strong> ist ein ideales Ziel f\u00fcr Urlauber, die sich in einer nat\u00fcrlichen Umgebung an der Atlantikk\u00fcste erholen und am Strand faulenzen wollen, ohne das Auto nehmen zu m\u00fcssen.  <\/p>\n\n\n\n<p class=\"ls-paragraph\">Nach einem ausgiebigen Fr\u00fchst\u00fcck kannst du auf dem feinen Sand spazieren gehen. Berausche dich am Rauschen der Wellen, der Meeresluft und der Gischt. Nutze die N\u00e4he zum Strand und das g\u00fcnstige Klima der Region, um als Erster zu baden. Lege dich auf dein Handtuch, hole deine Sonnencreme heraus und genie\u00dfe ein Sonnenbad unter der Sonne mit Blick auf das Meer.     <\/p>\n\n\n\n<p class=\"ls-paragraph\">Sind deine Batterien wieder aufgeladen? Zum Gl\u00fcck f\u00fcr dich, denn dein Tag hat gerade erst begonnen&#8230; <\/p>\n<\/div>\n<\/div>\n<\/div>\n<\/div>\n\n\r\n    <\/div>\r\n<\/section><section id=\"ls-section-block_e25bcffe9bb178e2ca060cae7746b672\" class=\"ls-section  home-fifth page-three\" >\r\n        <div class=\"container container--wide\">\r\n        \n\n<figure class=\"wp-block-image size-full animated fadeIn\"><a href=\"https:\/\/www.camping-erromardie.com\/wp-content\/uploads\/2025\/04\/plage-derromardi-saint-jeande-luz-1.jpg\"><img loading=\"lazy\" decoding=\"async\" width=\"2000\" height=\"1333\" src=\"https:\/\/www.camping-erromardie.com\/wp-content\/uploads\/2025\/04\/plage-derromardi-saint-jeande-luz-1.jpg\" alt=\"strand derromardi saint jeande luz\" class=\"wp-image-17109\" srcset=\"https:\/\/www.camping-erromardie.com\/wp-content\/uploads\/2025\/04\/plage-derromardi-saint-jeande-luz-1.jpg 2000w, https:\/\/www.camping-erromardie.com\/wp-content\/uploads\/2025\/04\/plage-derromardi-saint-jeande-luz-1-300x200.jpg 300w, https:\/\/www.camping-erromardie.com\/wp-content\/uploads\/2025\/04\/plage-derromardi-saint-jeande-luz-1-1024x682.jpg 1024w, https:\/\/www.camping-erromardie.com\/wp-content\/uploads\/2025\/04\/plage-derromardi-saint-jeande-luz-1-768x512.jpg 768w, https:\/\/www.camping-erromardie.com\/wp-content\/uploads\/2025\/04\/plage-derromardi-saint-jeande-luz-1-1536x1024.jpg 1536w\" sizes=\"auto, (max-width: 2000px) 100vw, 2000px\" \/><\/a><\/figure>\n\n\n\n<h2 class=\"ls__heading wp-block-heading has-text-align-left has-color-1-color has-text-color has-link-color wp-elements-3f76063e416305c58ccec393c68d41b7\">Die sch\u00f6nsten Str\u00e4nde von Saint Jean de Luz<\/h2>\n\n\n\n<ul class=\"ls-list ls-list-undefined wp-block-list\">\n<li>La Grande Plage, Jacques Thibaud-Promenade<\/li>\n\n\n\n<li>Der Strand von Erromardie, chemin d&#8217;Erromardie<\/li>\n\n\n\n<li>Strand von Lafit\u00e9nia, Weg von Kokotia<\/li>\n\n\n\n<li>Strand von Mayarco, Weg von Aguerria<\/li>\n\n\n\n<li>Der Strand von Cenitz, Weg von Senix<\/li>\n\n\n\n<li>Strand der Flots Bleus, Boulevard Thiers<\/li>\n\n\n\n<li>Der Strandrand am Digue des Chevaux, Boulevard Thiers<\/li>\n<\/ul>\n\n\r\n    <\/div>\r\n<\/section><section id=\"ls-section-block_200f4442cc0649b16a30c981c6f7ac8d\" class=\"ls-section  page-cta\" >\r\n        <div class=\"container container--wide\">\r\n        \n\n<div id=\"ls-heading ls-titre-div-block_ff950a9ed2eaa2bf38fee361ee69af5b\" class=\"ls-titre-div aligncenter h2-like has-text-color has-color-1-color\" >\n    Entdecke unseren Pool, unsere Mobilheime und unsere Stellpl\u00e4tze<\/div>\n\n\n\n<div id=\"ls-maillage-block_b7101879499497922b64ee4da7245de9\" class=\"ls-maillage cta-style-normal\" data-rows=\"3\">\n\n    <div class=\"wp-block-columns\"><div class=\"wp-block-column\">\n\n<a href=\"https:\/\/www.camping-erromardie.com\/de\/camping-baskenland-mit-schwimmbad\/\" target=\"\" rel=\"noopener\" class=\"ls-cta__link\" data-categ=\"\">\n\t<div class=\"ls-cta__image\"><img decoding=\"async\" src=\"https:\/\/www.camping-erromardie.com\/wp-content\/uploads\/2025\/04\/camping-avec-piscine-au-pays-basque.jpg\" alt=\"\"><\/div>\n\t<div class=\"ls-cta__title\">\n\t\tSwimmingpool\t<\/div>\n\n\t<\/a><\/div><div class=\"wp-block-column\">\n\n<a href=\"https:\/\/www.camping-erromardie.com\/de\/vermietung-mobilheim-baskenland\/\" target=\"\" rel=\"noopener\" class=\"ls-cta__link\" data-categ=\"\">\n\t<div class=\"ls-cta__image\"><img decoding=\"async\" src=\"https:\/\/www.camping-erromardie.com\/wp-content\/uploads\/2025\/04\/Camping-Erromardie-environnement-4-scaled.jpg\" alt=\"\"><\/div>\n\t<div class=\"ls-cta__title\">\n\t\tMobilheime\t<\/div>\n\n\t<\/a><\/div><div class=\"wp-block-column\">\n\n<a href=\"https:\/\/www.camping-erromardie.com\/de\/vermietung-stellplaetze-baskenland\/\" target=\"\" rel=\"noopener\" class=\"ls-cta__link\" data-categ=\"\">\n\t<div class=\"ls-cta__image\"><img decoding=\"async\" src=\"https:\/\/www.camping-erromardie.com\/wp-content\/uploads\/2025\/04\/Location-emplacement-camping-car-pays-basque.jpg\" alt=\"\"><\/div>\n\t<div class=\"ls-cta__title\">\n\t\tStandorte\t<\/div>\n\n\t<\/a><\/div><\/div>\n<\/div>\n\r\n    <\/div>\r\n<\/section>","protected":false},"excerpt":{"rendered":"","protected":false},"author":1,"featured_media":17117,"parent":0,"menu_order":96,"comment_status":"closed","ping_status":"closed","template":"","meta":{"_acf_changed":false,"_seopress_robots_primary_cat":"","_seopress_titles_title":"Camping am Meer Baskenland | Camping Strand an der baskischen K\u00fcste 64","_seopress_titles_desc":"Du m\u00f6chtest einen Aufenthalt am Meer? Entdecke den Campingplatz La Ferme Erromardie, der nur wenige Schritte von den sch\u00f6nsten Str\u00e4nden der baskischen K\u00fcste entfernt liegt. ","_seopress_robots_index":"","footnotes":""},"sujet":[],"class_list":["post-18587","page","type-page","status-publish","has-post-thumbnail","hentry"],"acf":[],"_links":{"self":[{"href":"https:\/\/www.camping-erromardie.com\/de\/wp-json\/wp\/v2\/pages\/18587","targetHints":{"allow":["GET"]}}],"collection":[{"href":"https:\/\/www.camping-erromardie.com\/de\/wp-json\/wp\/v2\/pages"}],"about":[{"href":"https:\/\/www.camping-erromardie.com\/de\/wp-json\/wp\/v2\/types\/page"}],"author":[{"embeddable":true,"href":"https:\/\/www.camping-erromardie.com\/de\/wp-json\/wp\/v2\/users\/1"}],"replies":[{"embeddable":true,"href":"https:\/\/www.camping-erromardie.com\/de\/wp-json\/wp\/v2\/comments?post=18587"}],"version-history":[{"count":10,"href":"https:\/\/www.camping-erromardie.com\/de\/wp-json\/wp\/v2\/pages\/18587\/revisions"}],"predecessor-version":[{"id":19834,"href":"https:\/\/www.camping-erromardie.com\/de\/wp-json\/wp\/v2\/pages\/18587\/revisions\/19834"}],"wp:featuredmedia":[{"embeddable":true,"href":"https:\/\/www.camping-erromardie.com\/de\/wp-json\/wp\/v2\/media\/17117"}],"wp:attachment":[{"href":"https:\/\/www.camping-erromardie.com\/de\/wp-json\/wp\/v2\/media?parent=18587"}],"wp:term":[{"taxonomy":"sujet","embeddable":true,"href":"https:\/\/www.camping-erromardie.com\/de\/wp-json\/wp\/v2\/sujet?post=18587"}],"curies":[{"name":"wp","href":"https:\/\/api.w.org\/{rel}","templated":true}]}}