{"id":18573,"date":"2025-03-14T16:52:24","date_gmt":"2025-03-14T15:52:24","guid":{"rendered":"https:\/\/www.camping-erromardie.com\/piscine\/"},"modified":"2025-05-20T16:20:39","modified_gmt":"2025-05-20T14:20:39","slug":"camping-baskenland-mit-schwimmbad","status":"publish","type":"page","link":"https:\/\/www.camping-erromardie.com\/de\/camping-baskenland-mit-schwimmbad\/","title":{"rendered":"Swimmingpool"},"content":{"rendered":"<section id=\"ls-section-block_34bedd2fcbb853bc3b4a54b825c88565\" class=\"ls-section  page-titre\" >\r\n        <div class=\"container container--wide\">\r\n        \n\n<h1 class=\"ls__heading wp-block-heading has-text-align-center has-color-4-color has-text-color has-link-color wp-elements-10158d38992d949a562181ffa3ea3395\">Campingplatz mit Schwimmbad Baskenland<\/h1>\n\n\r\n    <\/div>\r\n<\/section><section id=\"pataugeoire\" class=\"ls-section  home-first page-one has-p-b p-b-15\" >\r\n        <div class=\"container container--wide\">\r\n        \n\n<div class=\"wp-block-columns is-layout-flex wp-container-core-columns-is-layout-9d6595d7 wp-block-columns-is-layout-flex\">\n<div class=\"wp-block-column is-layout-flow wp-block-column-is-layout-flow\" style=\"flex-basis:33.33%\">\n<div class=\"wp-block-columns is-layout-flex wp-container-core-columns-is-layout-9d6595d7 wp-block-columns-is-layout-flex\">\n<div class=\"wp-block-column column-border is-layout-flow wp-block-column-is-layout-flow\">\n<h2 class=\"ls__heading wp-block-heading has-color-1-color has-text-color has-link-color wp-elements-dc999b36f05744b1669151e2a0ad2908\">Der Pool ist t\u00e4glich von 10:00 bis 19:00 Uhr ge\u00f6ffnet.<\/h2>\n\n\n\n<p class=\"ls-paragraph\">Auf unserem <strong>Campingplatz mit Schwimmbad in Saint Jean de Luz<\/strong> hast du Zugang zum Strand Erromardie, du kannst aber auch in unserem <strong>\u00fcberdachten und beheizten Wasserbereich<\/strong> f\u00fcr noch mehr Komfort schwimmen.<br \/>Eine kleine Wetterkapriole, eine Temperaturschwankung oder einfach nur Lust, \u00fcberdacht zu schwimmen oder sich in der N\u00e4he des Wassers warm auszuruhen &#8230;. <br \/> Du und deine Familie werden sich in dieser Umgebung wohlf\u00fchlen, denn <em>das Schwimmbad des Campingplatzes in Saint-Jean-de-Luz<\/em> ist eine wahre Oase der Ruhe f\u00fcr Kinder, aber auch f\u00fcr die Gro\u00dfen. <\/p>\n\n\n\n<p class=\"ls-paragraph\">Komm auf unseren <a href=\"https:\/\/www.camping-erromardie.com\/de\/\" data-type=\"page\" data-id=\"270\">Campingplatz im Baskenland<\/a>, in der Vor- und Nachsaison, und genie\u00dfe unseren <strong>Hallenbadbereich<\/strong>, ohne dabei den Strand und die Sonne unserer Region Aquitanien zu vergessen.<\/p>\n<\/div>\n<\/div>\n<\/div>\n\n\n\n<div class=\"wp-block-column is-layout-flow wp-block-column-is-layout-flow\" style=\"flex-basis:66.66%\">\n<figure class=\"wp-block-gallery has-nested-images columns-default is-cropped wp-block-gallery-1 is-layout-flex wp-block-gallery-is-layout-flex\">\n<figure class=\"wp-block-image size-full animated fadeIn delay-200ms\"><a href=\"https:\/\/www.camping-erromardie.com\/wp-content\/uploads\/2025\/04\/La-piscine-du-camping-Erromardie-2-e1744288741444.jpg\"><img loading=\"lazy\" decoding=\"async\" width=\"2000\" height=\"1207\" data-id=\"13035\" src=\"https:\/\/www.camping-erromardie.com\/wp-content\/uploads\/2025\/04\/La-piscine-du-camping-Erromardie-2-e1744288741444.jpg\" alt=\"Das Schwimmbad auf dem Campingplatz Erromardie\" class=\"wp-image-13035\" srcset=\"https:\/\/www.camping-erromardie.com\/wp-content\/uploads\/2025\/04\/La-piscine-du-camping-Erromardie-2-e1744288741444.jpg 2000w, https:\/\/www.camping-erromardie.com\/wp-content\/uploads\/2025\/04\/La-piscine-du-camping-Erromardie-2-e1744288741444-300x181.jpg 300w, https:\/\/www.camping-erromardie.com\/wp-content\/uploads\/2025\/04\/La-piscine-du-camping-Erromardie-2-e1744288741444-1024x618.jpg 1024w, https:\/\/www.camping-erromardie.com\/wp-content\/uploads\/2025\/04\/La-piscine-du-camping-Erromardie-2-e1744288741444-768x463.jpg 768w, https:\/\/www.camping-erromardie.com\/wp-content\/uploads\/2025\/04\/La-piscine-du-camping-Erromardie-2-e1744288741444-1536x927.jpg 1536w\" sizes=\"auto, (max-width: 2000px) 100vw, 2000px\" \/><\/a><\/figure>\n\n\n\n<figure class=\"wp-block-image size-full animated fadeIn\"><a href=\"https:\/\/www.camping-erromardie.com\/wp-content\/uploads\/2025\/04\/enfants-dans-la-piscine-scaled.jpg\"><img loading=\"lazy\" decoding=\"async\" width=\"1707\" height=\"2560\" data-id=\"13028\" src=\"https:\/\/www.camping-erromardie.com\/wp-content\/uploads\/2025\/04\/enfants-dans-la-piscine-scaled.jpg\" alt=\"Kinder im Pool\" class=\"wp-image-13028\" srcset=\"https:\/\/www.camping-erromardie.com\/wp-content\/uploads\/2025\/04\/enfants-dans-la-piscine-scaled.jpg 1707w, https:\/\/www.camping-erromardie.com\/wp-content\/uploads\/2025\/04\/enfants-dans-la-piscine-200x300.jpg 200w, https:\/\/www.camping-erromardie.com\/wp-content\/uploads\/2025\/04\/enfants-dans-la-piscine-683x1024.jpg 683w, https:\/\/www.camping-erromardie.com\/wp-content\/uploads\/2025\/04\/enfants-dans-la-piscine-768x1152.jpg 768w, https:\/\/www.camping-erromardie.com\/wp-content\/uploads\/2025\/04\/enfants-dans-la-piscine-1024x1536.jpg 1024w, https:\/\/www.camping-erromardie.com\/wp-content\/uploads\/2025\/04\/enfants-dans-la-piscine-1365x2048.jpg 1365w\" sizes=\"auto, (max-width: 1707px) 100vw, 1707px\" \/><\/a><\/figure>\n<\/figure>\n<\/div>\n<\/div>\n\n\r\n    <\/div>\r\n<\/section><section id=\"jeux-eau\" class=\"ls-section  home-first page-two has-background has-color-6-background-color\" >\r\n        <div class=\"container container--wide\">\r\n        \n\n<div class=\"wp-block-columns is-layout-flex wp-container-core-columns-is-layout-9d6595d7 wp-block-columns-is-layout-flex\">\n<div class=\"wp-block-column is-layout-flow wp-block-column-is-layout-flow\" style=\"flex-basis:66.66%\">\n<figure class=\"wp-block-gallery has-nested-images columns-default is-cropped wp-block-gallery-2 is-layout-flex wp-block-gallery-is-layout-flex\">\n<figure class=\"wp-block-image size-full animated fadeIn delay-200ms\"><a href=\"https:\/\/www.camping-erromardie.com\/wp-content\/uploads\/2025\/04\/DSC02857.jpg\"><img loading=\"lazy\" decoding=\"async\" width=\"667\" height=\"1000\" data-id=\"12286\" src=\"https:\/\/www.camping-erromardie.com\/wp-content\/uploads\/2025\/04\/DSC02857.jpg\" alt=\"DSC02857\" class=\"wp-image-12286\" srcset=\"https:\/\/www.camping-erromardie.com\/wp-content\/uploads\/2025\/04\/DSC02857.jpg 667w, https:\/\/www.camping-erromardie.com\/wp-content\/uploads\/2025\/04\/DSC02857-200x300.jpg 200w\" sizes=\"auto, (max-width: 667px) 100vw, 667px\" \/><\/a><\/figure>\n\n\n\n<figure class=\"wp-block-image size-full animated fadeIn\"><a href=\"https:\/\/www.camping-erromardie.com\/wp-content\/uploads\/2025\/04\/camping-avec-piscine-a-Saint-Jean-de-Luz_1.jpg\"><img loading=\"lazy\" decoding=\"async\" width=\"2000\" height=\"1336\" data-id=\"11550\" src=\"https:\/\/www.camping-erromardie.com\/wp-content\/uploads\/2025\/04\/camping-avec-piscine-a-Saint-Jean-de-Luz_1.jpg\" alt=\"campingplatz mit schwimmbad in Saint Jean de Luz 1\" class=\"wp-image-11550\" srcset=\"https:\/\/www.camping-erromardie.com\/wp-content\/uploads\/2025\/04\/camping-avec-piscine-a-Saint-Jean-de-Luz_1.jpg 2000w, https:\/\/www.camping-erromardie.com\/wp-content\/uploads\/2025\/04\/camping-avec-piscine-a-Saint-Jean-de-Luz_1-300x200.jpg 300w, https:\/\/www.camping-erromardie.com\/wp-content\/uploads\/2025\/04\/camping-avec-piscine-a-Saint-Jean-de-Luz_1-1024x684.jpg 1024w, https:\/\/www.camping-erromardie.com\/wp-content\/uploads\/2025\/04\/camping-avec-piscine-a-Saint-Jean-de-Luz_1-768x513.jpg 768w, https:\/\/www.camping-erromardie.com\/wp-content\/uploads\/2025\/04\/camping-avec-piscine-a-Saint-Jean-de-Luz_1-1536x1026.jpg 1536w\" sizes=\"auto, (max-width: 2000px) 100vw, 2000px\" \/><\/a><\/figure>\n<\/figure>\n<\/div>\n\n\n\n<div class=\"wp-block-column is-layout-flow wp-block-column-is-layout-flow\" style=\"flex-basis:33.33%\">\n<div class=\"wp-block-columns is-layout-flex wp-container-core-columns-is-layout-9d6595d7 wp-block-columns-is-layout-flex\">\n<div class=\"wp-block-column column-border is-layout-flow wp-block-column-is-layout-flow\">\n<h2 class=\"ls__heading wp-block-heading has-color-1-color has-text-color has-link-color wp-elements-9b21a26303ef11806ef9b42a7992c9b0\">Dieser \u00fcberdachte und beheizte Wasserpark an der baskischen K\u00fcste<\/h2>\n\n\n\n<p class=\"ls-paragraph\">Du kannst schwimmen, dich entspannen, dich erholen, flanieren und warum nicht auf den Liegest\u00fchlen lesen, die dir der <strong>Familiencampingplatz mit Pool Baskenland<\/strong> zur Verf\u00fcgung stellt.<br \/>Aus Sicherheitsgr\u00fcnden ist er ausschlie\u00dflich den G\u00e4sten des Campingplatzes La Ferme Erromardie vorbehalten.<br \/>Sei jedoch vorsichtig, denn der <strong>Pool des Campingplatzes an der baskischen K\u00fcste<\/strong> ist unbewacht.<br \/>F\u00fcr Kinder erfolgt der Zugang zum <em>Pool<\/em> unter der Verantwortung der Eltern, <em>das Wasserbecken<\/em> ist nicht beaufsichtigt.<br \/>Beachte auch, dass aus hygienischen Gr\u00fcnden Badeshorts im <em>Schwimmbad<\/em> verboten sind und Badeanz\u00fcge verlangt werden.<br \/>Viel Spa\u00df beim <em>Baden<\/em> und Faulenzen bei uns in   <em>Saint Jean de Luz in den Atlantischen Pyren\u00e4en<\/em><\/p>\n\n\n\n<p class=\"ls-paragraph\">Z\u00f6gere nicht l\u00e4nger, f\u00fcr einen unvergesslichen Urlaub <strong>mit<\/strong> Freunden oder der Familie, buche jetzt deinen Aufenthalt auf unserem <strong>Campingplatz mit Pool Baskenland<\/strong>!<br \/><br \/> Der<strong>Wasserbereich<\/strong> wurde f\u00fcr dein Wohlbefinden gemacht, damit du echte Momente der Entspannung und Erholung an der Atlantikk\u00fcste genie\u00dfen kannst.<\/p>\n<\/div>\n<\/div>\n<\/div>\n<\/div>\n\n\r\n    <\/div>\r\n<\/section><section id=\"ls-section-block_36f058165948d8f533694b1c2444d27a\" class=\"ls-section  home-fifth page-three\" >\r\n        <div class=\"container container--wide\">\r\n        \n\n<figure class=\"wp-block-image size-full animated fadeIn\"><a href=\"https:\/\/www.camping-erromardie.com\/wp-content\/uploads\/2025\/04\/Camping-Erromardie-piscine-chauffee.jpg\"><img loading=\"lazy\" decoding=\"async\" width=\"1901\" height=\"1266\" src=\"https:\/\/www.camping-erromardie.com\/wp-content\/uploads\/2025\/04\/Camping-Erromardie-piscine-chauffee.jpg\" alt=\"Campingplatz Erromardie beheiztes Schwimmbad\" class=\"wp-image-14323\" srcset=\"https:\/\/www.camping-erromardie.com\/wp-content\/uploads\/2025\/04\/Camping-Erromardie-piscine-chauffee.jpg 1901w, https:\/\/www.camping-erromardie.com\/wp-content\/uploads\/2025\/04\/Camping-Erromardie-piscine-chauffee-300x200.jpg 300w, https:\/\/www.camping-erromardie.com\/wp-content\/uploads\/2025\/04\/Camping-Erromardie-piscine-chauffee-1024x682.jpg 1024w, https:\/\/www.camping-erromardie.com\/wp-content\/uploads\/2025\/04\/Camping-Erromardie-piscine-chauffee-768x511.jpg 768w, https:\/\/www.camping-erromardie.com\/wp-content\/uploads\/2025\/04\/Camping-Erromardie-piscine-chauffee-1536x1023.jpg 1536w\" sizes=\"auto, (max-width: 1901px) 100vw, 1901px\" \/><\/a><\/figure>\n\n\r\n    <\/div>\r\n<\/section><section id=\"ls-section-block_443c180e2bf49a218016737b4f431e77\" class=\"ls-section  page-cta\" >\r\n        <div class=\"container container--wide\">\r\n        \n\n<div id=\"ls-heading ls-titre-div-block_a6cc8bb35aa73add25156ed32c8d8d8b\" class=\"ls-titre-div aligncenter h2-like has-text-color has-color-1-color\" >\n    Entdecke unsere Strandpromenade, unsere Animationen und unsere Dienstleistungen<\/div>\n\n\n\n<div id=\"ls-maillage-block_3f72d03b04d80122eaf03df4a13244f1\" class=\"ls-maillage cta-style-normal\" data-rows=\"3\">\n\n    <div class=\"wp-block-columns\"><div class=\"wp-block-column\">\n\n<a href=\"https:\/\/www.camping-erromardie.com\/de\/camping-baskenland-kueste\/\" target=\"\" rel=\"noopener\" class=\"ls-cta__link\" data-categ=\"\">\n\t<div class=\"ls-cta__image\"><img decoding=\"async\" src=\"https:\/\/www.camping-erromardie.com\/wp-content\/uploads\/2025\/04\/Erromardie-88.jpg\" alt=\"\"><\/div>\n\t<div class=\"ls-cta__title\">\n\t\tAm Meer\t<\/div>\n\n\t<\/a><\/div><div class=\"wp-block-column\">\n\n<a href=\"https:\/\/www.camping-erromardie.com\/de\/freizeit-im-baskenland-campingplatz\/\" target=\"\" rel=\"noopener\" class=\"ls-cta__link\" data-categ=\"\">\n\t<div class=\"ls-cta__image\"><img decoding=\"async\" src=\"https:\/\/www.camping-erromardie.com\/wp-content\/uploads\/2025\/04\/Camping-Erromardie-61_1.jpg\" alt=\"\"><\/div>\n\t<div class=\"ls-cta__title\">\n\t\tAnimationen\t<\/div>\n\n\t<\/a><\/div><div class=\"wp-block-column\">\n\n<a href=\"https:\/\/www.camping-erromardie.com\/de\/4-sterne-camping-baskenland\/\" target=\"\" rel=\"noopener\" class=\"ls-cta__link\" data-categ=\"\">\n\t<div class=\"ls-cta__image\"><img decoding=\"async\" src=\"https:\/\/www.camping-erromardie.com\/wp-content\/uploads\/2025\/04\/Camping-Erromardie-46.jpg\" alt=\"\"><\/div>\n\t<div class=\"ls-cta__title\">\n\t\tDie Dienste\t<\/div>\n\n\t<\/a><\/div><\/div>\n<\/div>\n\r\n    <\/div>\r\n<\/section>","protected":false},"excerpt":{"rendered":"","protected":false},"author":1,"featured_media":13043,"parent":0,"menu_order":94,"comment_status":"closed","ping_status":"closed","template":"","meta":{"_acf_changed":false,"_seopress_robots_primary_cat":"","_seopress_titles_title":"Camping Baskenland mit Schwimmbad | Beheiztes Hallenbad | Saint Jean de Luz","_seopress_titles_desc":"Unser Campingplatz im Baskenland verf\u00fcgt \u00fcber eine tolle Badelandschaft mit beheiztem Hallenbad, Planschbecken, Wasserspielen f\u00fcr Kinder und einer Sonnenterrasse. Entspannung und Spa\u00df f\u00fcr die ganze Familie sind in Saint-Jean-de-Luz garantiert! ","_seopress_robots_index":"","footnotes":""},"sujet":[],"class_list":["post-18573","page","type-page","status-publish","has-post-thumbnail","hentry"],"acf":[],"_links":{"self":[{"href":"https:\/\/www.camping-erromardie.com\/de\/wp-json\/wp\/v2\/pages\/18573","targetHints":{"allow":["GET"]}}],"collection":[{"href":"https:\/\/www.camping-erromardie.com\/de\/wp-json\/wp\/v2\/pages"}],"about":[{"href":"https:\/\/www.camping-erromardie.com\/de\/wp-json\/wp\/v2\/types\/page"}],"author":[{"embeddable":true,"href":"https:\/\/www.camping-erromardie.com\/de\/wp-json\/wp\/v2\/users\/1"}],"replies":[{"embeddable":true,"href":"https:\/\/www.camping-erromardie.com\/de\/wp-json\/wp\/v2\/comments?post=18573"}],"version-history":[{"count":6,"href":"https:\/\/www.camping-erromardie.com\/de\/wp-json\/wp\/v2\/pages\/18573\/revisions"}],"predecessor-version":[{"id":18812,"href":"https:\/\/www.camping-erromardie.com\/de\/wp-json\/wp\/v2\/pages\/18573\/revisions\/18812"}],"wp:featuredmedia":[{"embeddable":true,"href":"https:\/\/www.camping-erromardie.com\/de\/wp-json\/wp\/v2\/media\/13043"}],"wp:attachment":[{"href":"https:\/\/www.camping-erromardie.com\/de\/wp-json\/wp\/v2\/media?parent=18573"}],"wp:term":[{"taxonomy":"sujet","embeddable":true,"href":"https:\/\/www.camping-erromardie.com\/de\/wp-json\/wp\/v2\/sujet?post=18573"}],"curies":[{"name":"wp","href":"https:\/\/api.w.org\/{rel}","templated":true}]}}