{"id":18168,"date":"2025-03-14T16:56:14","date_gmt":"2025-03-14T15:56:14","guid":{"rendered":"https:\/\/www.camping-erromardie.com\/camping-ascain\/"},"modified":"2025-05-30T10:54:49","modified_gmt":"2025-05-30T08:54:49","slug":"camping-ascain","status":"publish","type":"page","link":"https:\/\/www.camping-erromardie.com\/de\/camping-ascain\/","title":{"rendered":"Campingplatz Ascain"},"content":{"rendered":"<section id=\"ls-section-block_04380f22771bba665e91c9bce3b03d91\" class=\"ls-section  page-titre\" >\r\n        <div class=\"container container--wide\">\r\n        \n\n<h1 class=\"ls__heading wp-block-heading has-text-align-center has-color-4-color has-text-color has-link-color wp-elements-c80f4ab574b10ad0c195457a171d8ac2\">Ascain<\/h1>\n\n\n\n<p class=\"ls-paragraph has-text-align-center\">Verpasse nicht den Besuch des <a href=\"https:\/\/www.camping-erromardie.com\/de\/ascain\/\" data-type=\"category\" data-id=\"61\">charmanten Dorfes Ascain<\/a> w\u00e4hrend deines Aufenthalts auf dem <a href=\"https:\/\/www.camping-erromardie.com\/de\/\" data-type=\"page\" data-id=\"270\">Campingplatz Ferme Erromardie im Baskenland<\/a>: Es liegt nur 10 km entfernt und ist in weniger als 20 Minuten zu erreichen. Wie die Gabaren bis zum Anfang des 20. Jahrhunderts, musst du nur von Saint-Jean-de-Luz aus die Nivelle hinauffahren! <br\/><\/p>\n\n\r\n    <\/div>\r\n<\/section><section id=\"ls-section-block_9e2dd86ca63230f3bd5005f86531f546\" class=\"ls-section  home-first page-one\" >\r\n        <div class=\"container container--wide\">\r\n        \n\n<div class=\"wp-block-columns is-layout-flex wp-container-core-columns-is-layout-9d6595d7 wp-block-columns-is-layout-flex\">\n<div class=\"wp-block-column is-layout-flow wp-block-column-is-layout-flow\" style=\"flex-basis:33.33%\">\n<div class=\"wp-block-columns is-layout-flex wp-container-core-columns-is-layout-9d6595d7 wp-block-columns-is-layout-flex\">\n<div class=\"wp-block-column column-border is-layout-flow wp-block-column-is-layout-flow\">\n<h2 class=\"ls__heading wp-block-heading has-color-1-color has-text-color has-link-color wp-elements-aa5f6156e297ab5a831368783dfe218d\">Vermietung Mobilheim Baskenland Ascain<\/h2>\n\n\n\n<p class=\"ls-paragraph\">Hast du Lust auf eine <strong>Mobilheimvermietung Ascain<\/strong> an der baskischen K\u00fcste?  <\/p>\n\n\n\n<p class=\"ls-paragraph\">Entdecke unser bewaldetes Gel\u00e4nde von 2,5 Hektar mit Blick auf den Atlantik. Du hast die Wahl zwischen 10 verschiedenen Unterk\u00fcnften, darunter eine behindertengerechte Unterkunft von 30 m\u00b2 mit 2 Schlafzimmern und eine Lodge-H\u00fctte im Chalet-Stil von 35 m\u00b2 mit 2 Schlafzimmern.  <\/p>\n\n\n\n<p class=\"ls-paragraph\">Unsere Mobilheime bieten Platz f\u00fcr 1 bis 6 Personen, haben 1 bis 3 Schlafzimmer und sind zwischen 16 und 32 m\u00b2 gro\u00df. Sie bieten allen Komfort, den du von einem <strong>4-Sterne-Campingplatz in Ascain<\/strong> erwartest: eine komplett ausgestattete K\u00fcche mit K\u00fchlschrank, Kochplatte, Mikrowelle, ausreichend Geschirr und praktischen Utensilien, ein Badezimmer mit Dusche und WC (einige sind getrennt), einen Fernseher, die Schlafzimmer sind mit hochwertigen Betten ausgestattet und du findest ger\u00e4umige Ablagen.   <\/p>\n\n\n\n<p class=\"ls-paragraph\">Bitte beachte, dass Bettw\u00e4sche und Handt\u00fccher nicht zur Verf\u00fcgung gestellt werden. Alle unsere Mietunterk\u00fcnfte verf\u00fcgen \u00fcber einen Au\u00dfenbereich mit einer Terrasse und Gartenm\u00f6beln, damit du diesen zus\u00e4tzlichen Raum optimal nutzen kannst. <\/p>\n<\/div>\n<\/div>\n<\/div>\n\n\n\n<div class=\"wp-block-column is-layout-flow wp-block-column-is-layout-flow\" style=\"flex-basis:66.66%\">\n<figure class=\"wp-block-gallery has-nested-images columns-default is-cropped wp-block-gallery-1 is-layout-flex wp-block-gallery-is-layout-flex\">\n<figure class=\"wp-block-image size-full animated fadeIn delay-200ms\"><a href=\"https:\/\/www.camping-erromardie.com\/wp-content\/uploads\/2025\/04\/Camping-Paradis-La-Ferme-Erromardie-4.jpg\"><img loading=\"lazy\" decoding=\"async\" width=\"1000\" height=\"668\" data-id=\"15235\" src=\"https:\/\/www.camping-erromardie.com\/wp-content\/uploads\/2025\/04\/Camping-Paradis-La-Ferme-Erromardie-4.jpg\" alt=\"Campingplatz Paradis La Ferme Erromardie (4)\" class=\"wp-image-15235\" srcset=\"https:\/\/www.camping-erromardie.com\/wp-content\/uploads\/2025\/04\/Camping-Paradis-La-Ferme-Erromardie-4.jpg 1000w, https:\/\/www.camping-erromardie.com\/wp-content\/uploads\/2025\/04\/Camping-Paradis-La-Ferme-Erromardie-4-300x200.jpg 300w, https:\/\/www.camping-erromardie.com\/wp-content\/uploads\/2025\/04\/Camping-Paradis-La-Ferme-Erromardie-4-768x513.jpg 768w\" sizes=\"auto, (max-width: 1000px) 100vw, 1000px\" \/><\/a><\/figure>\n\n\n\n<figure class=\"wp-block-image size-full animated fadeIn\"><a href=\"https:\/\/www.camping-erromardie.com\/wp-content\/uploads\/2025\/04\/Camping-Paradis-La-Ferme-Erromardie.jpg\"><img loading=\"lazy\" decoding=\"async\" width=\"668\" height=\"1000\" data-id=\"15250\" src=\"https:\/\/www.camping-erromardie.com\/wp-content\/uploads\/2025\/04\/Camping-Paradis-La-Ferme-Erromardie.jpg\" alt=\"Campingplatz Paradis La Ferme Erromardie\" class=\"wp-image-15250\" srcset=\"https:\/\/www.camping-erromardie.com\/wp-content\/uploads\/2025\/04\/Camping-Paradis-La-Ferme-Erromardie.jpg 668w, https:\/\/www.camping-erromardie.com\/wp-content\/uploads\/2025\/04\/Camping-Paradis-La-Ferme-Erromardie-200x300.jpg 200w\" sizes=\"auto, (max-width: 668px) 100vw, 668px\" \/><\/a><\/figure>\n<\/figure>\n<\/div>\n<\/div>\n\n\r\n    <\/div>\r\n<\/section><section id=\"ls-section-block_ff6c737807ab6f85b4bdd3fe54e6173d\" class=\"ls-section  home-first page-two has-background has-color-6-background-color has-m-t m-t-10\" >\r\n        <div class=\"container container--wide\">\r\n        \n\n<div class=\"wp-block-columns is-layout-flex wp-container-core-columns-is-layout-9d6595d7 wp-block-columns-is-layout-flex\">\n<div class=\"wp-block-column is-layout-flow wp-block-column-is-layout-flow\" style=\"flex-basis:66.66%\">\n<figure class=\"wp-block-gallery has-nested-images columns-default is-cropped wp-block-gallery-2 is-layout-flex wp-block-gallery-is-layout-flex\">\n<figure class=\"wp-block-image size-full animated fadeIn delay-200ms\"><a href=\"https:\/\/www.camping-erromardie.com\/wp-content\/uploads\/2025\/04\/Camping-Erromardie-environnement-85.jpg\"><img loading=\"lazy\" decoding=\"async\" width=\"2022\" height=\"1350\" data-id=\"11069\" src=\"https:\/\/www.camping-erromardie.com\/wp-content\/uploads\/2025\/04\/Camping-Erromardie-environnement-85.jpg\" alt=\"Campingplatz Erromardie umwelt 85\" class=\"wp-image-11069\" srcset=\"https:\/\/www.camping-erromardie.com\/wp-content\/uploads\/2025\/04\/Camping-Erromardie-environnement-85.jpg 2022w, https:\/\/www.camping-erromardie.com\/wp-content\/uploads\/2025\/04\/Camping-Erromardie-environnement-85-300x200.jpg 300w, https:\/\/www.camping-erromardie.com\/wp-content\/uploads\/2025\/04\/Camping-Erromardie-environnement-85-1024x684.jpg 1024w, https:\/\/www.camping-erromardie.com\/wp-content\/uploads\/2025\/04\/Camping-Erromardie-environnement-85-768x513.jpg 768w, https:\/\/www.camping-erromardie.com\/wp-content\/uploads\/2025\/04\/Camping-Erromardie-environnement-85-1536x1026.jpg 1536w\" sizes=\"auto, (max-width: 2022px) 100vw, 2022px\" \/><\/a><\/figure>\n\n\n\n<figure class=\"wp-block-image size-full animated fadeIn\"><a href=\"https:\/\/www.camping-erromardie.com\/wp-content\/uploads\/2025\/04\/La-ferme-erromardi-camping-familial-avec-piscine.jpg\"><img loading=\"lazy\" decoding=\"async\" width=\"2000\" height=\"1335\" data-id=\"11541\" src=\"https:\/\/www.camping-erromardie.com\/wp-content\/uploads\/2025\/04\/La-ferme-erromardi-camping-familial-avec-piscine.jpg\" alt=\"La ferme erromardi Familiencampingplatz mit Schwimmbad\" class=\"wp-image-11541\" srcset=\"https:\/\/www.camping-erromardie.com\/wp-content\/uploads\/2025\/04\/La-ferme-erromardi-camping-familial-avec-piscine.jpg 2000w, https:\/\/www.camping-erromardie.com\/wp-content\/uploads\/2025\/04\/La-ferme-erromardi-camping-familial-avec-piscine-300x200.jpg 300w, https:\/\/www.camping-erromardie.com\/wp-content\/uploads\/2025\/04\/La-ferme-erromardi-camping-familial-avec-piscine-1024x684.jpg 1024w, https:\/\/www.camping-erromardie.com\/wp-content\/uploads\/2025\/04\/La-ferme-erromardi-camping-familial-avec-piscine-768x513.jpg 768w, https:\/\/www.camping-erromardie.com\/wp-content\/uploads\/2025\/04\/La-ferme-erromardi-camping-familial-avec-piscine-1536x1025.jpg 1536w\" sizes=\"auto, (max-width: 2000px) 100vw, 2000px\" \/><\/a><\/figure>\n<\/figure>\n<\/div>\n\n\n\n<div class=\"wp-block-column is-layout-flow wp-block-column-is-layout-flow\" style=\"flex-basis:33.33%\">\n<div class=\"wp-block-columns is-layout-flex wp-container-core-columns-is-layout-9d6595d7 wp-block-columns-is-layout-flex\">\n<div class=\"wp-block-column column-border is-layout-flow wp-block-column-is-layout-flow\">\n<h2 class=\"ls__heading wp-block-heading has-color-1-color has-text-color has-link-color wp-elements-551f28aa63be108d7105635171aaab2a\">Campingplatz mit Schwimmbad Baskenland Ascain<\/h2>\n\n\n\n<p class=\"ls-paragraph\">Wenn du auf der Suche nach einem Campingplatz in <strong>Ascain mit Schwimmbad<\/strong> bist, wirst du auf dem Campingplatz Ferme d&#8217;Erromardie in <strong>der N\u00e4he von Ascain<\/strong> f\u00fcndig werden. Er liegt in einer gr\u00fcnen Naturlandschaft direkt am Atlantik und bietet dir die M\u00f6glichkeit, in seinem beheizten Hallenbad t\u00e4glich von 10 bis 19 Uhr bei jedem Wetter zu schwimmen.   <\/p>\n\n\n\n<p class=\"ls-paragraph\">Sie ist exklusiv f\u00fcr die Urlauber des <strong>Campingplatzes Ascain<\/strong> reserviert und bietet einen Ort, an dem sich Familien und Freunde treffen, um sich nach den Ausfl\u00fcgen des Tages zu erfrischen, zu am\u00fcsieren und sich auszutoben. Entdecke unsere riesigen aufblasbaren Seifenblasen, die Kinder begeistern und nicht mehr missen m\u00f6chten! Man kommt auch hierher, um sich auf einer der bereitstehenden Liegen zu sonnen, ein kleines Nickerchen zu machen oder einfach eine Lesepause einzulegen, w\u00e4hrend man seine Kinder begleitet. F\u00fcr die Kleinsten gibt es ein entz\u00fcckendes Planschbecken, wo sie ohne Risiko die Freuden des Wassers kennen lernen und sich auf das Meerwasser vorbereiten k\u00f6nnen!     <\/p>\n\n\n\n<p class=\"ls-paragraph\">Bitte beachte, dass der Poolbereich nicht \u00fcberwacht wird und dass es an dir liegt, wachsam zu sein. Au\u00dferdem sind Badeshorts aus hygienischen Gr\u00fcnden nicht erlaubt. <\/p>\n<\/div>\n<\/div>\n<\/div>\n<\/div>\n\n\r\n    <\/div>\r\n<\/section><section id=\"ls-section-block_3c4dbda2a128678db9acd029228d840d\" class=\"ls-section  home-fifth page-three\" >\r\n        <div class=\"container container--wide\">\r\n        \n\n<figure class=\"wp-block-image size-full animated fadeIn\"><a href=\"https:\/\/www.camping-erromardie.com\/wp-content\/uploads\/2025\/04\/Village-Ascain-Pays-basque.jpg\"><img loading=\"lazy\" decoding=\"async\" width=\"2000\" height=\"1333\" src=\"https:\/\/www.camping-erromardie.com\/wp-content\/uploads\/2025\/04\/Village-Ascain-Pays-basque.jpg\" alt=\"Dorf Ascain Baskenland\" class=\"wp-image-17466\" srcset=\"https:\/\/www.camping-erromardie.com\/wp-content\/uploads\/2025\/04\/Village-Ascain-Pays-basque.jpg 2000w, https:\/\/www.camping-erromardie.com\/wp-content\/uploads\/2025\/04\/Village-Ascain-Pays-basque-300x200.jpg 300w, https:\/\/www.camping-erromardie.com\/wp-content\/uploads\/2025\/04\/Village-Ascain-Pays-basque-1024x682.jpg 1024w, https:\/\/www.camping-erromardie.com\/wp-content\/uploads\/2025\/04\/Village-Ascain-Pays-basque-768x512.jpg 768w, https:\/\/www.camping-erromardie.com\/wp-content\/uploads\/2025\/04\/Village-Ascain-Pays-basque-1536x1024.jpg 1536w\" sizes=\"auto, (max-width: 2000px) 100vw, 2000px\" \/><\/a><\/figure>\n\n\r\n    <\/div>\r\n<\/section><section id=\"ls-section-block_200117f8ca7635d70832f40e708c1401\" class=\"ls-section  page-cta\" >\r\n        <div class=\"container container--wide\">\r\n        \n\n<div id=\"ls-heading ls-titre-div-block_2bb98e9ef981f6b9be21fe07e94ce5c1\" class=\"ls-titre-div aligncenter h2-like has-text-color has-color-1-color\" >\n    Besuche das Baskenland<\/div>\n\n\n\n<div id=\"ls-maillage-block_f0ab39f241b658674ce0c26d0c9ff795\" class=\"ls-maillage cta-style-normal\" data-rows=\"4\">\n\n    <div class=\"wp-block-columns\"><div class=\"wp-block-column\">\n\n<a href=\"https:\/\/www.camping-erromardie.com\/de\/san-sebastian\/\" target=\"\" rel=\"noopener\" class=\"ls-cta__link san-sebastian\" data-categ=\" san-sebastian\">\n\t<div class=\"ls-cta__image\"><img decoding=\"async\" src=\"https:\/\/www.camping-erromardie.com\/wp-content\/uploads\/2025\/04\/Donostia.jpg\" alt=\"San Sebastian\"><\/div>\n\t<div class=\"ls-cta__title\">\n\t\tSan Sebastian\t<\/div>\n\n\t<\/a><\/div><div class=\"wp-block-column\">\n\n<a href=\"https:\/\/www.camping-erromardie.com\/de\/atlantische-pyrenaen\/\" target=\"\" rel=\"noopener\" class=\"ls-cta__link atlantische-pyrenaen\" data-categ=\" atlantische-pyrenaen\">\n\t<div class=\"ls-cta__image\"><img decoding=\"async\" src=\"https:\/\/www.camping-erromardie.com\/wp-content\/uploads\/2025\/04\/Pyrenees-Atlantiques.jpg\" alt=\"Die Atlantischen Pyren\u00e4en\"><\/div>\n\t<div class=\"ls-cta__title\">\n\t\tDie Atlantischen Pyren\u00e4en\t<\/div>\n\n\t<\/a><\/div><div class=\"wp-block-column\">\n\n<a href=\"https:\/\/www.camping-erromardie.com\/de\/saint-jean-de-luz\/\" target=\"\" rel=\"noopener\" class=\"ls-cta__link saint-jean-de-luz\" data-categ=\" saint-jean-de-luz\">\n\t<div class=\"ls-cta__image\"><img decoding=\"async\" src=\"https:\/\/www.camping-erromardie.com\/wp-content\/uploads\/2025\/04\/Saint-Jean-de-Luz-Centre-Ville-et-Port-e1745412638780.jpg\" alt=\"Saint Jean de Luz\"><\/div>\n\t<div class=\"ls-cta__title\">\n\t\tSaint Jean de Luz\t<\/div>\n\n\t<\/a><\/div><div class=\"wp-block-column\">\n\n<a href=\"https:\/\/www.camping-erromardie.com\/de\/saint-jean-pied-de-port\/\" target=\"\" rel=\"noopener\" class=\"ls-cta__link saint-jean-pied-de-port\" data-categ=\" saint-jean-pied-de-port\">\n\t<div class=\"ls-cta__image\"><img decoding=\"async\" src=\"https:\/\/www.camping-erromardie.com\/wp-content\/uploads\/2025\/04\/Saint-Jean-Pied-De-Port-Pays-Basque.jpg\" alt=\"Saint Jean Pied de Port\"><\/div>\n\t<div class=\"ls-cta__title\">\n\t\tSaint Jean Pied de Port\t<\/div>\n\n\t<\/a><\/div><\/div><div class=\"wp-block-columns\"><div class=\"wp-block-column\">\n\n<a href=\"https:\/\/www.camping-erromardie.com\/de\/spanisches-baskenland\/\" target=\"\" rel=\"noopener\" class=\"ls-cta__link spanisches-baskenland\" data-categ=\" spanisches-baskenland\">\n\t<div class=\"ls-cta__image\"><img decoding=\"async\" src=\"https:\/\/www.camping-erromardie.com\/wp-content\/uploads\/2025\/04\/donostia-2.jpg\" alt=\"Das spanische Baskenland\"><\/div>\n\t<div class=\"ls-cta__title\">\n\t\tDas spanische Baskenland\t<\/div>\n\n\t<\/a><\/div><div class=\"wp-block-column\">\n\n<a href=\"https:\/\/www.camping-erromardie.com\/de\/urrugne\/\" target=\"\" rel=\"noopener\" class=\"ls-cta__link urrugne\" data-categ=\" urrugne\">\n\t<div class=\"ls-cta__image\"><img decoding=\"async\" src=\"https:\/\/www.camping-erromardie.com\/wp-content\/uploads\/2025\/04\/photos-aeriennes-Urrugne.jpg\" alt=\"Urrugne: ein Dorf mit vielen Gesichtern\"><\/div>\n\t<div class=\"ls-cta__title\">\n\t\tUrrugne: ein Dorf mit vielen Gesichtern\t<\/div>\n\n\t<\/a><\/div><div class=\"wp-block-column\">\n\n<a href=\"https:\/\/www.camping-erromardie.com\/de\/espelette\/\" target=\"\" rel=\"noopener\" class=\"ls-cta__link espelette\" data-categ=\" espelette\">\n\t<div class=\"ls-cta__image\"><img decoding=\"async\" src=\"https:\/\/www.camping-erromardie.com\/wp-content\/uploads\/2025\/04\/Village-espelette.jpg\" alt=\"Espelette\"><\/div>\n\t<div class=\"ls-cta__title\">\n\t\tEspelette\t<\/div>\n\n\t<\/a><\/div><div class=\"wp-block-column\">\n\n<a href=\"https:\/\/www.camping-erromardie.com\/de\/hendaye\/\" target=\"\" rel=\"noopener\" class=\"ls-cta__link hendaye\" data-categ=\" hendaye\">\n\t<div class=\"ls-cta__image\"><img decoding=\"async\" src=\"https:\/\/www.camping-erromardie.com\/wp-content\/uploads\/2025\/04\/hendaye_3-3-e1744808115339.jpg\" alt=\"Hendaye\"><\/div>\n\t<div class=\"ls-cta__title\">\n\t\tHendaye\t<\/div>\n\n\t<\/a><\/div><\/div><div class=\"wp-block-columns\"><div class=\"wp-block-column\">\n\n<a href=\"https:\/\/www.camping-erromardie.com\/de\/hasparren\/\" target=\"\" rel=\"noopener\" class=\"ls-cta__link hasparren\" data-categ=\" hasparren\">\n\t<div class=\"ls-cta__image\"><img decoding=\"async\" src=\"https:\/\/www.camping-erromardie.com\/wp-content\/uploads\/2025\/04\/Village-dHasparran.jpg\" alt=\"Hasparren\"><\/div>\n\t<div class=\"ls-cta__title\">\n\t\tHasparren\t<\/div>\n\n\t<\/a><\/div><div class=\"wp-block-column\">\n\n<a href=\"https:\/\/www.camping-erromardie.com\/de\/itxassou\/\" target=\"\" rel=\"noopener\" class=\"ls-cta__link itxassou\" data-categ=\" itxassou\">\n\t<div class=\"ls-cta__image\"><img decoding=\"async\" src=\"https:\/\/www.camping-erromardie.com\/wp-content\/uploads\/2025\/04\/Riviere-La-Nive-Itxassu.jpg\" alt=\"Itxassou\"><\/div>\n\t<div class=\"ls-cta__title\">\n\t\tItxassou\t<\/div>\n\n\t<\/a><\/div><div class=\"wp-block-column\">\n\n<a href=\"https:\/\/www.camping-erromardie.com\/de\/cambo\/\" target=\"\" rel=\"noopener\" class=\"ls-cta__link cambo\" data-categ=\" cambo\">\n\t<div class=\"ls-cta__image\"><img decoding=\"async\" src=\"https:\/\/www.camping-erromardie.com\/wp-content\/uploads\/2025\/04\/Cambo-les-Bains-paysages.jpg\" alt=\"Cambo\"><\/div>\n\t<div class=\"ls-cta__title\">\n\t\tCambo\t<\/div>\n\n\t<\/a><\/div><div class=\"wp-block-column\">\n\n<a href=\"https:\/\/www.camping-erromardie.com\/de\/bilbao\/\" target=\"\" rel=\"noopener\" class=\"ls-cta__link bilbao\" data-categ=\" bilbao\">\n\t<div class=\"ls-cta__image\"><img decoding=\"async\" src=\"https:\/\/www.camping-erromardie.com\/wp-content\/uploads\/2025\/04\/Bilbao-3.jpg\" alt=\"Bilbao\"><\/div>\n\t<div class=\"ls-cta__title\">\n\t\tBilbao\t<\/div>\n\n\t<\/a><\/div><\/div><div class=\"wp-block-columns\"><div class=\"wp-block-column\">\n\n<a href=\"https:\/\/www.camping-erromardie.com\/de\/bidart\/\" target=\"\" rel=\"noopener\" class=\"ls-cta__link bidart\" data-categ=\" bidart\">\n\t<div class=\"ls-cta__image\"><img decoding=\"async\" src=\"https:\/\/www.camping-erromardie.com\/wp-content\/uploads\/2025\/04\/Bidart.jpg\" alt=\"Bidart\"><\/div>\n\t<div class=\"ls-cta__title\">\n\t\tBidart\t<\/div>\n\n\t<\/a><\/div><div class=\"wp-block-column\">\n\n<a href=\"https:\/\/www.camping-erromardie.com\/de\/bayonne\/\" target=\"\" rel=\"noopener\" class=\"ls-cta__link bayonne\" data-categ=\" bayonne\">\n\t<div class=\"ls-cta__image\"><img decoding=\"async\" src=\"https:\/\/www.camping-erromardie.com\/wp-content\/uploads\/2025\/04\/Bayonne-Couleurs-Basque.jpg\" alt=\"Bayonne\"><\/div>\n\t<div class=\"ls-cta__title\">\n\t\tBayonne\t<\/div>\n\n\t<\/a><\/div><div class=\"wp-block-column\">\n\n<a href=\"https:\/\/www.camping-erromardie.com\/de\/biarritz\/\" target=\"\" rel=\"noopener\" class=\"ls-cta__link biarritz\" data-categ=\" biarritz\">\n\t<div class=\"ls-cta__image\"><img decoding=\"async\" src=\"https:\/\/www.camping-erromardie.com\/wp-content\/uploads\/2025\/04\/musee-de-la-mer-a-Biarritz-Pays-Basque.jpg\" alt=\"Biarritz\"><\/div>\n\t<div class=\"ls-cta__title\">\n\t\tBiarritz\t<\/div>\n\n\t<\/a><\/div><div class=\"wp-block-column\">\n\n<a href=\"https:\/\/www.camping-erromardie.com\/de\/ascain\/\" target=\"\" rel=\"noopener\" class=\"ls-cta__link ascain\" data-categ=\" ascain\">\n\t<div class=\"ls-cta__image\"><img decoding=\"async\" src=\"https:\/\/www.camping-erromardie.com\/wp-content\/uploads\/2025\/04\/Paysages-Ascain-Pays-Basque.jpg\" alt=\"Ascain\"><\/div>\n\t<div class=\"ls-cta__title\">\n\t\tAscain\t<\/div>\n\n\t<\/a><\/div><\/div>\n<\/div>\n\r\n    <\/div>\r\n<\/section>","protected":false},"excerpt":{"rendered":"","protected":false},"author":1,"featured_media":17328,"parent":0,"menu_order":65,"comment_status":"closed","ping_status":"closed","template":"","meta":{"_acf_changed":false,"_seopress_robots_primary_cat":"","_seopress_titles_title":"Camping Baskenland Ascain: Mobilheimvermietung und Urlaub Ascain","_seopress_titles_desc":"Verbringe auf dem Campingplatz La Ferme Erromardie, der 10 km von Ascain entfernt liegt, einen Urlaub in einem komfortablen Mobilheim und genie\u00dfe unseren beheizten Pool. Erkunde das charmante Dorf Ascain mit seinen Aktivit\u00e4ten und baskischen Landschaften, das nur 20 Minuten vom Campingplatz entfernt liegt.","_seopress_robots_index":"","footnotes":""},"sujet":[],"class_list":["post-18168","page","type-page","status-publish","has-post-thumbnail","hentry"],"acf":[],"_links":{"self":[{"href":"https:\/\/www.camping-erromardie.com\/de\/wp-json\/wp\/v2\/pages\/18168","targetHints":{"allow":["GET"]}}],"collection":[{"href":"https:\/\/www.camping-erromardie.com\/de\/wp-json\/wp\/v2\/pages"}],"about":[{"href":"https:\/\/www.camping-erromardie.com\/de\/wp-json\/wp\/v2\/types\/page"}],"author":[{"embeddable":true,"href":"https:\/\/www.camping-erromardie.com\/de\/wp-json\/wp\/v2\/users\/1"}],"replies":[{"embeddable":true,"href":"https:\/\/www.camping-erromardie.com\/de\/wp-json\/wp\/v2\/comments?post=18168"}],"version-history":[{"count":4,"href":"https:\/\/www.camping-erromardie.com\/de\/wp-json\/wp\/v2\/pages\/18168\/revisions"}],"predecessor-version":[{"id":19410,"href":"https:\/\/www.camping-erromardie.com\/de\/wp-json\/wp\/v2\/pages\/18168\/revisions\/19410"}],"wp:featuredmedia":[{"embeddable":true,"href":"https:\/\/www.camping-erromardie.com\/de\/wp-json\/wp\/v2\/media\/17328"}],"wp:attachment":[{"href":"https:\/\/www.camping-erromardie.com\/de\/wp-json\/wp\/v2\/media?parent=18168"}],"wp:term":[{"taxonomy":"sujet","embeddable":true,"href":"https:\/\/www.camping-erromardie.com\/de\/wp-json\/wp\/v2\/sujet?post=18168"}],"curies":[{"name":"wp","href":"https:\/\/api.w.org\/{rel}","templated":true}]}}