{"id":18140,"date":"2025-03-14T16:56:52","date_gmt":"2025-03-14T15:56:52","guid":{"rendered":"https:\/\/www.camping-erromardie.com\/camping-bidart\/"},"modified":"2025-05-30T10:36:31","modified_gmt":"2025-05-30T08:36:31","slug":"camping-bidart","status":"publish","type":"page","link":"https:\/\/www.camping-erromardie.com\/de\/camping-bidart\/","title":{"rendered":"Campingplatz Bidart"},"content":{"rendered":"<section id=\"ls-section-block_4fcbbe0d784f9d3822726799d4c3062b\" class=\"ls-section  page-titre\" >\r\n        <div class=\"container container--wide\">\r\n        \n\n<h1 class=\"ls__heading wp-block-heading has-text-align-center has-color-4-color has-text-color has-link-color wp-elements-79f6bd3a22c6c961fbe01b96c6df05e4\">Campingplatz Baskenland Bidart<br\/><\/h1>\n\n\n\n<p class=\"ls-paragraph has-text-align-center\">Der Bauernhof Erromardie, ein <a href=\"https:\/\/www.camping-erromardie.com\/de\/\" data-type=\"page\" data-id=\"270\">Campingplatz im Baskenland<\/a>, liegt 7 km vom Stadtzentrum von <a href=\"https:\/\/www.camping-erromardie.com\/de\/bidart\/\" data-type=\"category\" data-id=\"62\">Bidart<\/a> entfernt. Du erreichst das ehemalige baskische Fischerdorf also in etwa zehn Minuten mit dem Auto \u00fcber Gu\u00e9thary. Der Strand von Uhabia, der s\u00fcdlichste der bewachten Str\u00e4nde von Bidart, ist nur 5 km vom <strong>Campingplatz Bidart<\/strong> entfernt. Es ist also auch m\u00f6glich, mit dem Fahrrad dorthin zu fahren.   <br\/><\/p>\n\n\r\n    <\/div>\r\n<\/section><section id=\"ls-section-block_c7876ee67c5bf419ed16597b05f48af7\" class=\"ls-section  home-first page-one\" >\r\n        <div class=\"container container--wide\">\r\n        \n\n<div class=\"wp-block-columns is-layout-flex wp-container-core-columns-is-layout-9d6595d7 wp-block-columns-is-layout-flex\">\n<div class=\"wp-block-column is-layout-flow wp-block-column-is-layout-flow\" style=\"flex-basis:33.33%\">\n<div class=\"wp-block-columns is-layout-flex wp-container-core-columns-is-layout-9d6595d7 wp-block-columns-is-layout-flex\">\n<div class=\"wp-block-column column-border is-layout-flow wp-block-column-is-layout-flow\">\n<h2 class=\"ls__heading wp-block-heading has-color-1-color has-text-color has-link-color wp-elements-e43e11dcbd6bdcb46499705e7d269ba7\">Vermietung Mobilheim Baskenland Bidart<\/h2>\n\n\n\n<p class=\"ls-paragraph\">Der Campingplatz La Ferme d&#8217;Erromardie bietet dir eine gro\u00dfe Auswahl an <strong>Mobilheimen in der N\u00e4he von Bidart<\/strong>, unter der Sonne und dem sanften Lebensstil des Baskenlandes. Eingebettet in einen wundersch\u00f6nen 2,5 Hektar gro\u00dfen bewaldeten Park mit Blick auf den Ozean, sind unsere 9 Modelle f\u00fcr alle unsere Urlauber, Familien, Paare und Freundesgruppen geeignet: von 1 bis 6 Personen, mit 1, 2 oder 3 Schlafzimmern und einer Gr\u00f6\u00dfe von 16 bis 32 m\u00b2.   <\/p>\n\n\n\n<p class=\"ls-paragraph\">Auch f\u00fcr Personen mit eingeschr\u00e4nkter Mobilit\u00e4t gibt es geeignete Unterk\u00fcnfte. Wir hei\u00dfen dich in modernen und komfortablen Mobilheimen willkommen, die mit einer kompletten K\u00fcche, einem Fernseher, einem Badezimmer mit Dusche und WC, ger\u00e4umigen Schr\u00e4nken und gem\u00fctlichen Betten mit Bettdecken und Kopfkissen ausgestattet sind. Du m\u00f6chtest einen naturnahen Aufenthalt auf einem <strong>Campingplatz in Bidart<\/strong>?    <\/p>\n\n\n\n<p class=\"ls-paragraph\">W\u00e4hle eine Lodge-H\u00fctte aus Holz und Stoff mit sanit\u00e4ren Einrichtungen - Trappergeist garantiert! Das Sahneh\u00e4ubchen auf dem Kuchen? Alle Unterk\u00fcnfte verf\u00fcgen \u00fcber einen Au\u00dfenbereich mit Terrasse und Gartenm\u00f6beln. Du kannst in der Sonne fr\u00fchst\u00fccken, ein Nickerchen machen und einen Aperitif an der frischen Luft genie\u00dfen. Bereite dein Gep\u00e4ck vor, es sind bald Ferien!    <\/p>\n<\/div>\n<\/div>\n<\/div>\n\n\n\n<div class=\"wp-block-column is-layout-flow wp-block-column-is-layout-flow\" style=\"flex-basis:66.66%\">\n<figure class=\"wp-block-gallery has-nested-images columns-default is-cropped wp-block-gallery-1 is-layout-flex wp-block-gallery-is-layout-flex\">\n<figure class=\"wp-block-image size-full animated fadeIn delay-200ms\"><a href=\"https:\/\/www.camping-erromardie.com\/wp-content\/uploads\/2025\/04\/Location-Mobil-home-camping-pays-basque-1.jpg\"><img loading=\"lazy\" decoding=\"async\" width=\"2000\" height=\"1400\" data-id=\"15323\" src=\"https:\/\/www.camping-erromardie.com\/wp-content\/uploads\/2025\/04\/Location-Mobil-home-camping-pays-basque-1.jpg\" alt=\"Vermietung Mobilheim Camping Baskenland (1)\" class=\"wp-image-15323\" srcset=\"https:\/\/www.camping-erromardie.com\/wp-content\/uploads\/2025\/04\/Location-Mobil-home-camping-pays-basque-1.jpg 2000w, https:\/\/www.camping-erromardie.com\/wp-content\/uploads\/2025\/04\/Location-Mobil-home-camping-pays-basque-1-300x210.jpg 300w, https:\/\/www.camping-erromardie.com\/wp-content\/uploads\/2025\/04\/Location-Mobil-home-camping-pays-basque-1-1024x717.jpg 1024w, https:\/\/www.camping-erromardie.com\/wp-content\/uploads\/2025\/04\/Location-Mobil-home-camping-pays-basque-1-768x538.jpg 768w, https:\/\/www.camping-erromardie.com\/wp-content\/uploads\/2025\/04\/Location-Mobil-home-camping-pays-basque-1-1536x1075.jpg 1536w\" sizes=\"auto, (max-width: 2000px) 100vw, 2000px\" \/><\/a><\/figure>\n\n\n\n<figure class=\"wp-block-image size-full animated fadeIn\"><a href=\"https:\/\/www.camping-erromardie.com\/wp-content\/uploads\/2025\/04\/Cuisine-Camping-PMR-pays-basque-1.jpg\"><img loading=\"lazy\" decoding=\"async\" width=\"2000\" height=\"1335\" data-id=\"15386\" src=\"https:\/\/www.camping-erromardie.com\/wp-content\/uploads\/2025\/04\/Cuisine-Camping-PMR-pays-basque-1.jpg\" alt=\"K&#xFC;che Camping PMR baskenland\" class=\"wp-image-15386\" srcset=\"https:\/\/www.camping-erromardie.com\/wp-content\/uploads\/2025\/04\/Cuisine-Camping-PMR-pays-basque-1.jpg 2000w, https:\/\/www.camping-erromardie.com\/wp-content\/uploads\/2025\/04\/Cuisine-Camping-PMR-pays-basque-1-300x200.jpg 300w, https:\/\/www.camping-erromardie.com\/wp-content\/uploads\/2025\/04\/Cuisine-Camping-PMR-pays-basque-1-1024x684.jpg 1024w, https:\/\/www.camping-erromardie.com\/wp-content\/uploads\/2025\/04\/Cuisine-Camping-PMR-pays-basque-1-768x513.jpg 768w, https:\/\/www.camping-erromardie.com\/wp-content\/uploads\/2025\/04\/Cuisine-Camping-PMR-pays-basque-1-1536x1025.jpg 1536w\" sizes=\"auto, (max-width: 2000px) 100vw, 2000px\" \/><\/a><\/figure>\n<\/figure>\n<\/div>\n<\/div>\n\n\r\n    <\/div>\r\n<\/section><section id=\"ls-section-block_0c37466dfc1d770ebc5a91f06df76342\" class=\"ls-section  home-first page-two has-background has-color-6-background-color\" >\r\n        <div class=\"container container--wide\">\r\n        \n\n<div class=\"wp-block-columns is-layout-flex wp-container-core-columns-is-layout-9d6595d7 wp-block-columns-is-layout-flex\">\n<div class=\"wp-block-column is-layout-flow wp-block-column-is-layout-flow\" style=\"flex-basis:66.66%\">\n<figure class=\"wp-block-gallery has-nested-images columns-default is-cropped wp-block-gallery-2 is-layout-flex wp-block-gallery-is-layout-flex\">\n<figure class=\"wp-block-image size-full animated fadeIn delay-200ms\"><a href=\"https:\/\/www.camping-erromardie.com\/wp-content\/uploads\/2025\/04\/Piscine-du-camping-Erromardie-1.jpg\"><img loading=\"lazy\" decoding=\"async\" width=\"2000\" height=\"1333\" data-id=\"12391\" src=\"https:\/\/www.camping-erromardie.com\/wp-content\/uploads\/2025\/04\/Piscine-du-camping-Erromardie-1.jpg\" alt=\"Schwimmbad auf dem Campingplatz Erromardie\" class=\"wp-image-12391\" srcset=\"https:\/\/www.camping-erromardie.com\/wp-content\/uploads\/2025\/04\/Piscine-du-camping-Erromardie-1.jpg 2000w, https:\/\/www.camping-erromardie.com\/wp-content\/uploads\/2025\/04\/Piscine-du-camping-Erromardie-1-300x200.jpg 300w, https:\/\/www.camping-erromardie.com\/wp-content\/uploads\/2025\/04\/Piscine-du-camping-Erromardie-1-1024x682.jpg 1024w, https:\/\/www.camping-erromardie.com\/wp-content\/uploads\/2025\/04\/Piscine-du-camping-Erromardie-1-768x512.jpg 768w, https:\/\/www.camping-erromardie.com\/wp-content\/uploads\/2025\/04\/Piscine-du-camping-Erromardie-1-1536x1024.jpg 1536w\" sizes=\"auto, (max-width: 2000px) 100vw, 2000px\" \/><\/a><\/figure>\n\n\n\n<figure class=\"wp-block-image size-full animated fadeIn\"><a href=\"https:\/\/www.camping-erromardie.com\/wp-content\/uploads\/2025\/04\/famille-dans-la-piscine-du-camping-Erromardie-1.jpg\"><img loading=\"lazy\" decoding=\"async\" width=\"2026\" height=\"1350\" data-id=\"12127\" src=\"https:\/\/www.camping-erromardie.com\/wp-content\/uploads\/2025\/04\/famille-dans-la-piscine-du-camping-Erromardie-1.jpg\" alt=\"Familie im Pool des Campingplatzes Erromardie\" class=\"wp-image-12127\" srcset=\"https:\/\/www.camping-erromardie.com\/wp-content\/uploads\/2025\/04\/famille-dans-la-piscine-du-camping-Erromardie-1.jpg 2026w, https:\/\/www.camping-erromardie.com\/wp-content\/uploads\/2025\/04\/famille-dans-la-piscine-du-camping-Erromardie-1-300x200.jpg 300w, https:\/\/www.camping-erromardie.com\/wp-content\/uploads\/2025\/04\/famille-dans-la-piscine-du-camping-Erromardie-1-1024x682.jpg 1024w, https:\/\/www.camping-erromardie.com\/wp-content\/uploads\/2025\/04\/famille-dans-la-piscine-du-camping-Erromardie-1-768x512.jpg 768w, https:\/\/www.camping-erromardie.com\/wp-content\/uploads\/2025\/04\/famille-dans-la-piscine-du-camping-Erromardie-1-1536x1023.jpg 1536w\" sizes=\"auto, (max-width: 2026px) 100vw, 2026px\" \/><\/a><\/figure>\n<\/figure>\n<\/div>\n\n\n\n<div class=\"wp-block-column is-layout-flow wp-block-column-is-layout-flow\" style=\"flex-basis:33.33%\">\n<div class=\"wp-block-columns is-layout-flex wp-container-core-columns-is-layout-9d6595d7 wp-block-columns-is-layout-flex\">\n<div class=\"wp-block-column column-border is-layout-flow wp-block-column-is-layout-flow\">\n<h2 class=\"ls__heading wp-block-heading has-color-1-color has-text-color has-link-color wp-elements-6ad5d4b76b14791dc5a9ddd14887f5fa\">Campingplatz mit Schwimmbad Baskenland Bidart<\/h2>\n\n\n\n<p class=\"ls-paragraph\">Auf unserem <strong>Campingplatz mit Schwimmbad<\/strong> in der <strong>N\u00e4he von Bidart<\/strong> kannst du in den Atlantischen Pyren\u00e4en 7 Tage die Woche von 10 bis 19 Uhr eine beheizte und \u00fcberdachte Badelandschaft genie\u00dfen. La ferme d&#8217;Erromardie, ein <strong>Campingplatz in der N\u00e4he von Bidart<\/strong>, bietet seinen G\u00e4sten die exklusive Nutzung des Schwimmbads f\u00fcr mehr Ruhe.   <\/p>\n\n\n\n<p class=\"ls-paragraph\">Der Zugang von Kindern sollte jedoch immer von ihren Eltern kontrolliert werden, da der Bereich nicht \u00fcberwacht wird. Au\u00dferdem bitten wir dich, aus hygienischen Gr\u00fcnden nur Badeanz\u00fcge und keine Badeshorts zu benutzen. Du kannst nun mit deiner Familie oder deinen Freunden die Freuden des Wassers genie\u00dfen, denn unsere riesigen aufblasbaren Blasen werden Gro\u00df und Klein begeistern.    <\/p>\n\n\n\n<p class=\"ls-paragraph\">Manche haben einfach Lust, zum Schwimmtraining zu kommen, um sich schon in den fr\u00fchen Morgenstunden fit zu halten, w\u00e4hrend andere lieber die gesellige Atmosph\u00e4re genie\u00dfen und es sich auf einem der Liegest\u00fchle bequem machen. Diese stehen unseren G\u00e4sten f\u00fcr ihr Sonnenbad zur Verf\u00fcgung. Wir haben auch unsere j\u00fcngsten Camper nicht vergessen, die es sehr angenehm finden werden, in dem kleinen Becken, das ihnen gewidmet ist, zu planschen.  <\/p>\n<\/div>\n<\/div>\n<\/div>\n<\/div>\n\n\r\n    <\/div>\r\n<\/section><section id=\"ls-section-block_62a7e49cf790e54b3536e778c21e59bb\" class=\"ls-section  home-fifth page-three\" >\r\n        <div class=\"container container--wide\">\r\n        \n\n<figure class=\"wp-block-image size-full animated fadeIn\"><a href=\"https:\/\/www.camping-erromardie.com\/wp-content\/uploads\/2025\/04\/Bidart-plage-du-centre.jpg\"><img loading=\"lazy\" decoding=\"async\" width=\"1700\" height=\"1259\" src=\"https:\/\/www.camping-erromardie.com\/wp-content\/uploads\/2025\/04\/Bidart-plage-du-centre.jpg\" alt=\"Bidart Strand im Zentrum\" class=\"wp-image-15271\" srcset=\"https:\/\/www.camping-erromardie.com\/wp-content\/uploads\/2025\/04\/Bidart-plage-du-centre.jpg 1700w, https:\/\/www.camping-erromardie.com\/wp-content\/uploads\/2025\/04\/Bidart-plage-du-centre-300x222.jpg 300w, https:\/\/www.camping-erromardie.com\/wp-content\/uploads\/2025\/04\/Bidart-plage-du-centre-1024x758.jpg 1024w, https:\/\/www.camping-erromardie.com\/wp-content\/uploads\/2025\/04\/Bidart-plage-du-centre-768x569.jpg 768w, https:\/\/www.camping-erromardie.com\/wp-content\/uploads\/2025\/04\/Bidart-plage-du-centre-1536x1138.jpg 1536w\" sizes=\"auto, (max-width: 1700px) 100vw, 1700px\" \/><\/a><\/figure>\n\n\r\n    <\/div>\r\n<\/section><section id=\"ls-section-block_569bcc2078cfed0a791815f4a195bb9f\" class=\"ls-section  page-cta\" >\r\n        <div class=\"container container--wide\">\r\n        \n\n<div id=\"ls-heading ls-titre-div-block_81131e99d2fcd4bea38032025379bdd6\" class=\"ls-titre-div aligncenter h2-like has-text-color has-color-1-color\" >\n    Entdecke unseren Pool, unsere Mobilheime und unsere Angebote<\/div>\n\n\n\n<div id=\"ls-maillage-block_4aaebbf806839e0082e9b5f0310db41b\" class=\"ls-maillage cta-style-normal\" data-rows=\"6\">\n\n    <div class=\"wp-block-columns\"><div class=\"wp-block-column\">\n\n<a href=\"https:\/\/www.camping-erromardie.com\/de\/camping-bidart\/schwimmbad\/\" target=\"\" rel=\"noopener\" class=\"ls-cta__link\" data-categ=\"\">\n\t<div class=\"ls-cta__image\"><img decoding=\"async\" src=\"https:\/\/www.camping-erromardie.com\/wp-content\/uploads\/2025\/04\/La-ferme-erromardi-camping-familial-avec-piscine.jpg\" alt=\"Swimmingpool\"><\/div>\n\t<div class=\"ls-cta__title\">\n\t\tSwimmingpool\t<\/div>\n\n\t<\/a><\/div><div class=\"wp-block-column\">\n\n<a href=\"https:\/\/www.camping-erromardie.com\/de\/camping-bidart\/tarifs\/\" target=\"\" rel=\"noopener\" class=\"ls-cta__link\" data-categ=\"\">\n\t<div class=\"ls-cta__image\"><img decoding=\"async\" src=\"https:\/\/www.camping-erromardie.com\/wp-content\/uploads\/2025\/04\/DSC_7028.jpg\" alt=\"\"><\/div>\n\t<div class=\"ls-cta__title\">\n\t\tTarife\t<\/div>\n\n\t<\/a><\/div><div class=\"wp-block-column\">\n\n<a href=\"https:\/\/www.camping-erromardie.com\/de\/camping-bidart\/mobilheim\/\" target=\"\" rel=\"noopener\" class=\"ls-cta__link\" data-categ=\"\">\n\t<div class=\"ls-cta__image\"><img decoding=\"async\" src=\"https:\/\/www.camping-erromardie.com\/wp-content\/uploads\/2025\/04\/Camping-Erromardie-environnement-23-1.jpg\" alt=\"\"><\/div>\n\t<div class=\"ls-cta__title\">\n\t\tMobilheime\t<\/div>\n\n\t<\/a><\/div><\/div>\n<\/div>\n\r\n    <\/div>\r\n<\/section>","protected":false},"excerpt":{"rendered":"","protected":false},"author":1,"featured_media":15269,"parent":0,"menu_order":78,"comment_status":"closed","ping_status":"closed","template":"","meta":{"_acf_changed":false,"_seopress_robots_primary_cat":"","_seopress_titles_title":"Camping Baskenland Bidart: Mobilheim mieten und Urlaub Bidart","_seopress_titles_desc":"Genie\u00dfe einen Aufenthalt auf dem Campingplatz La Ferme Erromardie, der 7 km von Bidart entfernt ist, und entdecke das Baskenland. W\u00e4hle aus unseren modernen Mobilheimen und genie\u00dfe den beheizten Pool, die Aktivit\u00e4ten im Freien und den schnellen Zugang zu den Str\u00e4nden.","_seopress_robots_index":"","footnotes":""},"sujet":[],"class_list":["post-18140","page","type-page","status-publish","has-post-thumbnail","hentry"],"acf":[],"_links":{"self":[{"href":"https:\/\/www.camping-erromardie.com\/de\/wp-json\/wp\/v2\/pages\/18140","targetHints":{"allow":["GET"]}}],"collection":[{"href":"https:\/\/www.camping-erromardie.com\/de\/wp-json\/wp\/v2\/pages"}],"about":[{"href":"https:\/\/www.camping-erromardie.com\/de\/wp-json\/wp\/v2\/types\/page"}],"author":[{"embeddable":true,"href":"https:\/\/www.camping-erromardie.com\/de\/wp-json\/wp\/v2\/users\/1"}],"replies":[{"embeddable":true,"href":"https:\/\/www.camping-erromardie.com\/de\/wp-json\/wp\/v2\/comments?post=18140"}],"version-history":[{"count":4,"href":"https:\/\/www.camping-erromardie.com\/de\/wp-json\/wp\/v2\/pages\/18140\/revisions"}],"predecessor-version":[{"id":19384,"href":"https:\/\/www.camping-erromardie.com\/de\/wp-json\/wp\/v2\/pages\/18140\/revisions\/19384"}],"wp:featuredmedia":[{"embeddable":true,"href":"https:\/\/www.camping-erromardie.com\/de\/wp-json\/wp\/v2\/media\/15269"}],"wp:attachment":[{"href":"https:\/\/www.camping-erromardie.com\/de\/wp-json\/wp\/v2\/media?parent=18140"}],"wp:term":[{"taxonomy":"sujet","embeddable":true,"href":"https:\/\/www.camping-erromardie.com\/de\/wp-json\/wp\/v2\/sujet?post=18140"}],"curies":[{"name":"wp","href":"https:\/\/api.w.org\/{rel}","templated":true}]}}