{"id":18104,"date":"2025-03-14T16:57:32","date_gmt":"2025-03-14T15:57:32","guid":{"rendered":"https:\/\/www.camping-erromardie.com\/camping-espelette\/"},"modified":"2025-05-30T11:02:50","modified_gmt":"2025-05-30T09:02:50","slug":"camping-espelette","status":"publish","type":"page","link":"https:\/\/www.camping-erromardie.com\/de\/camping-espelette\/","title":{"rendered":"Campingplatz Espelette"},"content":{"rendered":"<section id=\"ls-section-block_0e570a7a518eb4dd7df2fec74eda2a56\" class=\"ls-section  page-titre\" >\r\n        <div class=\"container container--wide\">\r\n        \n\n<h1 class=\"ls__heading wp-block-heading has-text-align-center has-color-4-color has-text-color has-link-color wp-elements-26b28dce6498aaf2cd7fc461d6eb5635\">Campingplatz Baskenland Espelette<\/h1>\n\n\r\n    <\/div>\r\n<\/section><section id=\"ls-section-block_0e570a7a518eb4dd7df2fec74eda2a56\" class=\"ls-section  page-titre\" >\r\n        <div class=\"container container--wide\">\r\n        \n\n<p class=\"ls-paragraph has-text-align-center\">Verpasse nicht einen Besuch in Espelette, 23 km von La Ferme Erromardie, <a href=\"https:\/\/www.camping-erromardie.com\/de\/\" data-type=\"page\" data-id=\"270\">Camping Pays Basque<\/a>, entfernt: Mit dem Auto erreichst du das malerische baskische Dorf in 30 Minuten \u00fcber Saint-P\u00e9e-sur-Nivelle. Von April bis Oktober werden von Saint-Jean-de-Luz aus auch Busausfl\u00fcge nach <a href=\"https:\/\/www.camping-erromardie.com\/de\/espelette\/\" data-type=\"category\" data-id=\"65\">Espelette<\/a> organisiert. <\/p>\n\n\r\n    <\/div>\r\n<\/section><section id=\"ls-section-block_669fc9a186c3bfe75576fbe6b50b4750\" class=\"ls-section  home-first page-one has-p-b p-b-14\" >\r\n        <div class=\"container container--wide\">\r\n        \n\n<div class=\"wp-block-columns is-layout-flex wp-container-core-columns-is-layout-9d6595d7 wp-block-columns-is-layout-flex\">\n<div class=\"wp-block-column is-layout-flow wp-block-column-is-layout-flow\" style=\"flex-basis:33.33%\">\n<div class=\"wp-block-columns is-layout-flex wp-container-core-columns-is-layout-9d6595d7 wp-block-columns-is-layout-flex\">\n<div class=\"wp-block-column column-border is-layout-flow wp-block-column-is-layout-flow\">\n<h2 class=\"ls__heading wp-block-heading has-color-1-color has-text-color has-link-color wp-elements-ae53cc9ad9f5b58d901a3bde2451012e\">Mobilheimvermietung Baskenland Espelette<\/h2>\n\n\n\n<p class=\"ls-paragraph\">Unser <strong>Campingplatz in der N\u00e4he von Espelette<\/strong> bietet dir die M\u00f6glichkeit, <strong>Mobilheime Espelette zu mieten<\/strong>. Unser bewaldeter Park liegt im Herzen des Baskenlandes, in einer gr\u00fcnen Oase mit Blick auf den Atlantik. Er ist der ideale Ort f\u00fcr deinen n\u00e4chsten Urlaub im S\u00fcdwesten Frankreichs. Ein herrlicher Sandstrand befindet sich in unmittelbarer N\u00e4he.    <\/p>\n\n\n\n<p class=\"ls-paragraph\">Wir bieten dir eine gro\u00dfe Auswahl an Mobilheimen, darunter eines mit behindertengerechtem Zugang, mit 1 bis 3 Schlafzimmern, von 16 m\u00b2 f\u00fcr die Kleinsten bis 32 m\u00b2 f\u00fcr die Gr\u00f6\u00dften. Voll ausgestattete K\u00fcche, Bad und Toilette, Fernseher und Terrasse mit Gartenm\u00f6beln sind die wichtigsten Elemente f\u00fcr den Komfort deiner Unterkunft.   <\/p>\n\n\n\n<p class=\"ls-paragraph\">Dazu kannst du alles Notwendige hinzuf\u00fcgen: K\u00fchl-\/Gefrierschrank, Kaffeemaschine, Kochplatte mit Abzugshaube. Urlauber mit Abenteuergeist werden sich in unsere Lodge-H\u00fctten aus Stoff und Holz verlieben. Mit ihrer K\u00fcche und ihrem Badezimmer b\u00fc\u00dfen sie nichts an Komfort ein!   <\/p>\n\n\n\n<p class=\"ls-paragraph\">F\u00fcr deine Ruhe und Privatsph\u00e4re haben wir jede unserer Ferienunterk\u00fcnfte auf einem sch\u00f6nen Rasengrundst\u00fcck angelegt, das durch eine Hecke von den anderen getrennt ist. So kannst du dir einen sch\u00f6nen Urlaub auf einem <strong>4-Sterne-Campingplatz in Espelette<\/strong> vorstellen. <\/p>\n<\/div>\n<\/div>\n<\/div>\n\n\n\n<div class=\"wp-block-column is-layout-flow wp-block-column-is-layout-flow\" style=\"flex-basis:66.66%\">\n<figure class=\"wp-block-gallery has-nested-images columns-default is-cropped wp-block-gallery-1 is-layout-flex wp-block-gallery-is-layout-flex\">\n<figure class=\"wp-block-image size-full animated fadeIn delay-200ms\"><a href=\"https:\/\/www.camping-erromardie.com\/wp-content\/uploads\/2025\/04\/Erromardie-24-1.jpg\"><img loading=\"lazy\" decoding=\"async\" width=\"2025\" height=\"1350\" data-id=\"15371\" src=\"https:\/\/www.camping-erromardie.com\/wp-content\/uploads\/2025\/04\/Erromardie-24-1.jpg\" alt=\"Erromardie (24)\" class=\"wp-image-15371\" srcset=\"https:\/\/www.camping-erromardie.com\/wp-content\/uploads\/2025\/04\/Erromardie-24-1.jpg 2025w, https:\/\/www.camping-erromardie.com\/wp-content\/uploads\/2025\/04\/Erromardie-24-1-300x200.jpg 300w, https:\/\/www.camping-erromardie.com\/wp-content\/uploads\/2025\/04\/Erromardie-24-1-1024x683.jpg 1024w, https:\/\/www.camping-erromardie.com\/wp-content\/uploads\/2025\/04\/Erromardie-24-1-768x512.jpg 768w, https:\/\/www.camping-erromardie.com\/wp-content\/uploads\/2025\/04\/Erromardie-24-1-1536x1024.jpg 1536w\" sizes=\"auto, (max-width: 2025px) 100vw, 2025px\" \/><\/a><\/figure>\n\n\n\n<figure class=\"wp-block-image size-full animated fadeIn\"><a href=\"https:\/\/www.camping-erromardie.com\/wp-content\/uploads\/2025\/04\/mobil-home-en-location-pays-basque-3.jpg\"><img loading=\"lazy\" decoding=\"async\" width=\"600\" height=\"800\" data-id=\"15438\" src=\"https:\/\/www.camping-erromardie.com\/wp-content\/uploads\/2025\/04\/mobil-home-en-location-pays-basque-3.jpg\" alt=\"Mietmobilheim Baskenland (3)\" class=\"wp-image-15438\" srcset=\"https:\/\/www.camping-erromardie.com\/wp-content\/uploads\/2025\/04\/mobil-home-en-location-pays-basque-3.jpg 600w, https:\/\/www.camping-erromardie.com\/wp-content\/uploads\/2025\/04\/mobil-home-en-location-pays-basque-3-225x300.jpg 225w\" sizes=\"auto, (max-width: 600px) 100vw, 600px\" \/><\/a><\/figure>\n<\/figure>\n<\/div>\n<\/div>\n\n\r\n    <\/div>\r\n<\/section><section id=\"ls-section-block_18c5ca7f4d4c7f5a67aee59f4d1c0155\" class=\"ls-section  home-first page-two has-background has-color-6-background-color\" >\r\n        <div class=\"container container--wide\">\r\n        \n\n<div class=\"wp-block-columns is-layout-flex wp-container-core-columns-is-layout-9d6595d7 wp-block-columns-is-layout-flex\">\n<div class=\"wp-block-column is-layout-flow wp-block-column-is-layout-flow\" style=\"flex-basis:66.66%\">\n<figure class=\"wp-block-gallery has-nested-images columns-default is-cropped wp-block-gallery-2 is-layout-flex wp-block-gallery-is-layout-flex\">\n<figure class=\"wp-block-image size-full animated fadeIn delay-200ms\"><a href=\"https:\/\/www.camping-erromardie.com\/wp-content\/uploads\/2025\/04\/Erromardie-5.jpg\"><img loading=\"lazy\" decoding=\"async\" width=\"1333\" height=\"2000\" data-id=\"15489\" src=\"https:\/\/www.camping-erromardie.com\/wp-content\/uploads\/2025\/04\/Erromardie-5.jpg\" alt=\"Erromardie (5)\" class=\"wp-image-15489\" srcset=\"https:\/\/www.camping-erromardie.com\/wp-content\/uploads\/2025\/04\/Erromardie-5.jpg 1333w, https:\/\/www.camping-erromardie.com\/wp-content\/uploads\/2025\/04\/Erromardie-5-200x300.jpg 200w, https:\/\/www.camping-erromardie.com\/wp-content\/uploads\/2025\/04\/Erromardie-5-682x1024.jpg 682w, https:\/\/www.camping-erromardie.com\/wp-content\/uploads\/2025\/04\/Erromardie-5-768x1152.jpg 768w, https:\/\/www.camping-erromardie.com\/wp-content\/uploads\/2025\/04\/Erromardie-5-1024x1536.jpg 1024w\" sizes=\"auto, (max-width: 1333px) 100vw, 1333px\" \/><\/a><\/figure>\n\n\n\n<figure class=\"wp-block-image size-full animated fadeIn\"><a href=\"https:\/\/www.camping-erromardie.com\/wp-content\/uploads\/2025\/04\/enfants-et-la-piscine-du-camping-Erromardie-2.jpg\"><img loading=\"lazy\" decoding=\"async\" width=\"2026\" height=\"1350\" data-id=\"13040\" src=\"https:\/\/www.camping-erromardie.com\/wp-content\/uploads\/2025\/04\/enfants-et-la-piscine-du-camping-Erromardie-2.jpg\" alt=\"Kinder und das Schwimmbad auf dem Campingplatz Erromardie\" class=\"wp-image-13040\" srcset=\"https:\/\/www.camping-erromardie.com\/wp-content\/uploads\/2025\/04\/enfants-et-la-piscine-du-camping-Erromardie-2.jpg 2026w, https:\/\/www.camping-erromardie.com\/wp-content\/uploads\/2025\/04\/enfants-et-la-piscine-du-camping-Erromardie-2-300x200.jpg 300w, https:\/\/www.camping-erromardie.com\/wp-content\/uploads\/2025\/04\/enfants-et-la-piscine-du-camping-Erromardie-2-1024x682.jpg 1024w, https:\/\/www.camping-erromardie.com\/wp-content\/uploads\/2025\/04\/enfants-et-la-piscine-du-camping-Erromardie-2-768x512.jpg 768w, https:\/\/www.camping-erromardie.com\/wp-content\/uploads\/2025\/04\/enfants-et-la-piscine-du-camping-Erromardie-2-1536x1023.jpg 1536w\" sizes=\"auto, (max-width: 2026px) 100vw, 2026px\" \/><\/a><\/figure>\n<\/figure>\n<\/div>\n\n\n\n<div class=\"wp-block-column is-layout-flow wp-block-column-is-layout-flow\" style=\"flex-basis:33.33%\">\n<div class=\"wp-block-columns is-layout-flex wp-container-core-columns-is-layout-9d6595d7 wp-block-columns-is-layout-flex\">\n<div class=\"wp-block-column column-border is-layout-flow wp-block-column-is-layout-flow\">\n<h2 class=\"ls__heading wp-block-heading has-color-1-color has-text-color has-link-color wp-elements-4bf7be17a0a8706afe0caef6aa406fc5\">Campingplatz mit Schwimmbad Baskenland Espelette<\/h2>\n\n\n\n<p class=\"ls-paragraph\">Camper, die einen <strong>Campingplatz mit Swimmingpool in der N\u00e4he von Espelette<\/strong> suchen, werden auf unserem Campingplatz Ferme d&#8217;Erromardie in den Atlantischen Pyren\u00e4en f\u00fcndig.  <\/p>\n\n\n\n<p class=\"ls-paragraph\">Wir haben n\u00e4mlich einen sehr angenehmen Wasserbereich entworfen, der unseren G\u00e4sten vorbehalten ist. Damit du ihn jeden Tag nutzen kannst, auch am Anfang und am Ende der Saison, wollten wir, dass er \u00fcberdacht und beheizt ist. So k\u00f6nnen sich unsere Ferieng\u00e4ste jeden Tag von 10 bis 19 Uhr durchgehend dort aufhalten. Das gro\u00dfe Becken mit seinen abgerundeten Formen hei\u00dft alle willkommen, auch die Kleinsten, denn es verf\u00fcgt \u00fcber ein durch Z\u00e4une gesichertes Planschbecken.     <\/p>\n\n\n\n<p class=\"ls-paragraph\">Da der Pool jedoch nicht \u00fcberwacht wird, ist es unerl\u00e4sslich, dass du immer aufmerksam bist. Um dir das Leben auf dem <strong>Campingplatz Espelette<\/strong> zu erleichtern, stehen dir Liegest\u00fchle zur Verf\u00fcgung, auf denen du bequem liegen kannst, w\u00e4hrend du deine Kinder im Auge beh\u00e4ltst.   <\/p>\n\n\n\n<p class=\"ls-paragraph\">Wir bitten dich, beim Schwimmen keine Badeshorts zu benutzen. Im Wasserpark sind nur Badeanz\u00fcge erlaubt.<\/p>\n<\/div>\n<\/div>\n<\/div>\n<\/div>\n\n\r\n    <\/div>\r\n<\/section><section id=\"ls-section-block_baf2b4727b5db9593d8f9869b55a3e09\" class=\"ls-section  home-fifth page-three\" >\r\n        <div class=\"container container--wide\">\r\n        \n\n<figure class=\"wp-block-image size-full animated fadeIn\"><a href=\"https:\/\/www.camping-erromardie.com\/wp-content\/uploads\/2025\/04\/espelette.jpg\"><img loading=\"lazy\" decoding=\"async\" width=\"2000\" height=\"1400\" src=\"https:\/\/www.camping-erromardie.com\/wp-content\/uploads\/2025\/04\/espelette.jpg\" alt=\"espelette\" class=\"wp-image-14923\" srcset=\"https:\/\/www.camping-erromardie.com\/wp-content\/uploads\/2025\/04\/espelette.jpg 2000w, https:\/\/www.camping-erromardie.com\/wp-content\/uploads\/2025\/04\/espelette-300x210.jpg 300w, https:\/\/www.camping-erromardie.com\/wp-content\/uploads\/2025\/04\/espelette-1024x717.jpg 1024w, https:\/\/www.camping-erromardie.com\/wp-content\/uploads\/2025\/04\/espelette-768x538.jpg 768w, https:\/\/www.camping-erromardie.com\/wp-content\/uploads\/2025\/04\/espelette-1536x1075.jpg 1536w\" sizes=\"auto, (max-width: 2000px) 100vw, 2000px\" \/><\/a><\/figure>\n\n\r\n    <\/div>\r\n<\/section><section id=\"ls-section-block_89bcf21022d2d3c4747224bb809105fd\" class=\"ls-section  page-cta\" >\r\n        <div class=\"container container--wide\">\r\n        \n\n<div id=\"ls-heading ls-titre-div-block_412e4399baeface4f47c77265cd10b88\" class=\"ls-titre-div aligncenter h2-like has-text-color has-color-1-color\" >\n    Besuche das Baskenland<\/div>\n\n\n\n<div id=\"ls-maillage-block_d47e7515b8d7c5d00bf7b98f73cb7380\" class=\"ls-maillage cta-style-normal\" data-rows=\"4\">\n\n    <div class=\"wp-block-columns\"><div class=\"wp-block-column\">\n\n<a href=\"https:\/\/www.camping-erromardie.com\/de\/san-sebastian\/\" target=\"\" rel=\"noopener\" class=\"ls-cta__link san-sebastian\" data-categ=\" san-sebastian\">\n\t<div class=\"ls-cta__image\"><img decoding=\"async\" src=\"https:\/\/www.camping-erromardie.com\/wp-content\/uploads\/2025\/04\/Donostia.jpg\" alt=\"San Sebastian\"><\/div>\n\t<div class=\"ls-cta__title\">\n\t\tSan Sebastian\t<\/div>\n\n\t<\/a><\/div><div class=\"wp-block-column\">\n\n<a href=\"https:\/\/www.camping-erromardie.com\/de\/atlantische-pyrenaen\/\" target=\"\" rel=\"noopener\" class=\"ls-cta__link atlantische-pyrenaen\" data-categ=\" atlantische-pyrenaen\">\n\t<div class=\"ls-cta__image\"><img decoding=\"async\" src=\"https:\/\/www.camping-erromardie.com\/wp-content\/uploads\/2025\/04\/Pyrenees-Atlantiques.jpg\" alt=\"Die Atlantischen Pyren\u00e4en\"><\/div>\n\t<div class=\"ls-cta__title\">\n\t\tDie Atlantischen Pyren\u00e4en\t<\/div>\n\n\t<\/a><\/div><div class=\"wp-block-column\">\n\n<a href=\"https:\/\/www.camping-erromardie.com\/de\/saint-jean-de-luz\/\" target=\"\" rel=\"noopener\" class=\"ls-cta__link saint-jean-de-luz\" data-categ=\" saint-jean-de-luz\">\n\t<div class=\"ls-cta__image\"><img decoding=\"async\" src=\"https:\/\/www.camping-erromardie.com\/wp-content\/uploads\/2025\/04\/Saint-Jean-de-Luz-Centre-Ville-et-Port-e1745412638780.jpg\" alt=\"Saint Jean de Luz\"><\/div>\n\t<div class=\"ls-cta__title\">\n\t\tSaint Jean de Luz\t<\/div>\n\n\t<\/a><\/div><div class=\"wp-block-column\">\n\n<a href=\"https:\/\/www.camping-erromardie.com\/de\/saint-jean-pied-de-port\/\" target=\"\" rel=\"noopener\" class=\"ls-cta__link saint-jean-pied-de-port\" data-categ=\" saint-jean-pied-de-port\">\n\t<div class=\"ls-cta__image\"><img decoding=\"async\" src=\"https:\/\/www.camping-erromardie.com\/wp-content\/uploads\/2025\/04\/Saint-Jean-Pied-De-Port-Pays-Basque.jpg\" alt=\"Saint Jean Pied de Port\"><\/div>\n\t<div class=\"ls-cta__title\">\n\t\tSaint Jean Pied de Port\t<\/div>\n\n\t<\/a><\/div><\/div><div class=\"wp-block-columns\"><div class=\"wp-block-column\">\n\n<a href=\"https:\/\/www.camping-erromardie.com\/de\/spanisches-baskenland\/\" target=\"\" rel=\"noopener\" class=\"ls-cta__link spanisches-baskenland\" data-categ=\" spanisches-baskenland\">\n\t<div class=\"ls-cta__image\"><img decoding=\"async\" src=\"https:\/\/www.camping-erromardie.com\/wp-content\/uploads\/2025\/04\/donostia-2.jpg\" alt=\"Das spanische Baskenland\"><\/div>\n\t<div class=\"ls-cta__title\">\n\t\tDas spanische Baskenland\t<\/div>\n\n\t<\/a><\/div><div class=\"wp-block-column\">\n\n<a href=\"https:\/\/www.camping-erromardie.com\/de\/urrugne\/\" target=\"\" rel=\"noopener\" class=\"ls-cta__link urrugne\" data-categ=\" urrugne\">\n\t<div class=\"ls-cta__image\"><img decoding=\"async\" src=\"https:\/\/www.camping-erromardie.com\/wp-content\/uploads\/2025\/04\/photos-aeriennes-Urrugne.jpg\" alt=\"Urrugne: ein Dorf mit vielen Gesichtern\"><\/div>\n\t<div class=\"ls-cta__title\">\n\t\tUrrugne: ein Dorf mit vielen Gesichtern\t<\/div>\n\n\t<\/a><\/div><div class=\"wp-block-column\">\n\n<a href=\"https:\/\/www.camping-erromardie.com\/de\/espelette\/\" target=\"\" rel=\"noopener\" class=\"ls-cta__link espelette\" data-categ=\" espelette\">\n\t<div class=\"ls-cta__image\"><img decoding=\"async\" src=\"https:\/\/www.camping-erromardie.com\/wp-content\/uploads\/2025\/04\/Village-espelette.jpg\" alt=\"Espelette\"><\/div>\n\t<div class=\"ls-cta__title\">\n\t\tEspelette\t<\/div>\n\n\t<\/a><\/div><div class=\"wp-block-column\">\n\n<a href=\"https:\/\/www.camping-erromardie.com\/de\/hendaye\/\" target=\"\" rel=\"noopener\" class=\"ls-cta__link hendaye\" data-categ=\" hendaye\">\n\t<div class=\"ls-cta__image\"><img decoding=\"async\" src=\"https:\/\/www.camping-erromardie.com\/wp-content\/uploads\/2025\/04\/hendaye_3-3-e1744808115339.jpg\" alt=\"Hendaye\"><\/div>\n\t<div class=\"ls-cta__title\">\n\t\tHendaye\t<\/div>\n\n\t<\/a><\/div><\/div><div class=\"wp-block-columns\"><div class=\"wp-block-column\">\n\n<a href=\"https:\/\/www.camping-erromardie.com\/de\/hasparren\/\" target=\"\" rel=\"noopener\" class=\"ls-cta__link hasparren\" data-categ=\" hasparren\">\n\t<div class=\"ls-cta__image\"><img decoding=\"async\" src=\"https:\/\/www.camping-erromardie.com\/wp-content\/uploads\/2025\/04\/Village-dHasparran.jpg\" alt=\"Hasparren\"><\/div>\n\t<div class=\"ls-cta__title\">\n\t\tHasparren\t<\/div>\n\n\t<\/a><\/div><div class=\"wp-block-column\">\n\n<a href=\"https:\/\/www.camping-erromardie.com\/de\/itxassou\/\" target=\"\" rel=\"noopener\" class=\"ls-cta__link itxassou\" data-categ=\" itxassou\">\n\t<div class=\"ls-cta__image\"><img decoding=\"async\" src=\"https:\/\/www.camping-erromardie.com\/wp-content\/uploads\/2025\/04\/Riviere-La-Nive-Itxassu.jpg\" alt=\"Itxassou\"><\/div>\n\t<div class=\"ls-cta__title\">\n\t\tItxassou\t<\/div>\n\n\t<\/a><\/div><div class=\"wp-block-column\">\n\n<a href=\"https:\/\/www.camping-erromardie.com\/de\/cambo\/\" target=\"\" rel=\"noopener\" class=\"ls-cta__link cambo\" data-categ=\" cambo\">\n\t<div class=\"ls-cta__image\"><img decoding=\"async\" src=\"https:\/\/www.camping-erromardie.com\/wp-content\/uploads\/2025\/04\/Cambo-les-Bains-paysages.jpg\" alt=\"Cambo\"><\/div>\n\t<div class=\"ls-cta__title\">\n\t\tCambo\t<\/div>\n\n\t<\/a><\/div><div class=\"wp-block-column\">\n\n<a href=\"https:\/\/www.camping-erromardie.com\/de\/bilbao\/\" target=\"\" rel=\"noopener\" class=\"ls-cta__link bilbao\" data-categ=\" bilbao\">\n\t<div class=\"ls-cta__image\"><img decoding=\"async\" src=\"https:\/\/www.camping-erromardie.com\/wp-content\/uploads\/2025\/04\/Bilbao-3.jpg\" alt=\"Bilbao\"><\/div>\n\t<div class=\"ls-cta__title\">\n\t\tBilbao\t<\/div>\n\n\t<\/a><\/div><\/div><div class=\"wp-block-columns\"><div class=\"wp-block-column\">\n\n<a href=\"https:\/\/www.camping-erromardie.com\/de\/bidart\/\" target=\"\" rel=\"noopener\" class=\"ls-cta__link bidart\" data-categ=\" bidart\">\n\t<div class=\"ls-cta__image\"><img decoding=\"async\" src=\"https:\/\/www.camping-erromardie.com\/wp-content\/uploads\/2025\/04\/Bidart.jpg\" alt=\"Bidart\"><\/div>\n\t<div class=\"ls-cta__title\">\n\t\tBidart\t<\/div>\n\n\t<\/a><\/div><div class=\"wp-block-column\">\n\n<a href=\"https:\/\/www.camping-erromardie.com\/de\/bayonne\/\" target=\"\" rel=\"noopener\" class=\"ls-cta__link bayonne\" data-categ=\" bayonne\">\n\t<div class=\"ls-cta__image\"><img decoding=\"async\" src=\"https:\/\/www.camping-erromardie.com\/wp-content\/uploads\/2025\/04\/Bayonne-Couleurs-Basque.jpg\" alt=\"Bayonne\"><\/div>\n\t<div class=\"ls-cta__title\">\n\t\tBayonne\t<\/div>\n\n\t<\/a><\/div><div class=\"wp-block-column\">\n\n<a href=\"https:\/\/www.camping-erromardie.com\/de\/biarritz\/\" target=\"\" rel=\"noopener\" class=\"ls-cta__link biarritz\" data-categ=\" biarritz\">\n\t<div class=\"ls-cta__image\"><img decoding=\"async\" src=\"https:\/\/www.camping-erromardie.com\/wp-content\/uploads\/2025\/04\/musee-de-la-mer-a-Biarritz-Pays-Basque.jpg\" alt=\"Biarritz\"><\/div>\n\t<div class=\"ls-cta__title\">\n\t\tBiarritz\t<\/div>\n\n\t<\/a><\/div><div class=\"wp-block-column\">\n\n<a href=\"https:\/\/www.camping-erromardie.com\/de\/ascain\/\" target=\"\" rel=\"noopener\" class=\"ls-cta__link ascain\" data-categ=\" ascain\">\n\t<div class=\"ls-cta__image\"><img decoding=\"async\" src=\"https:\/\/www.camping-erromardie.com\/wp-content\/uploads\/2025\/04\/Paysages-Ascain-Pays-Basque.jpg\" alt=\"Ascain\"><\/div>\n\t<div class=\"ls-cta__title\">\n\t\tAscain\t<\/div>\n\n\t<\/a><\/div><\/div>\n<\/div>\n\r\n    <\/div>\r\n<\/section>","protected":false},"excerpt":{"rendered":"","protected":false},"author":1,"featured_media":17385,"parent":0,"menu_order":106,"comment_status":"closed","ping_status":"closed","template":"","meta":{"_acf_changed":false,"_seopress_robots_primary_cat":"","_seopress_titles_title":"Camping Baskenland Espelette: Mobilheimvermietung und Urlaub Espelette","_seopress_titles_desc":"Verbringe deinen Aufenthalt auf dem Campingplatz La Ferme Erromardie, 30 Minuten von Espelette entfernt. Genie\u00dfe komfortable Mobilheime, ein beheiztes und \u00fcberdachtes Schwimmbad und einen direkten Zugang zum Strand. Eine ideale nat\u00fcrliche Umgebung f\u00fcr deinen baskischen Urlaub!","_seopress_robots_index":"","footnotes":""},"sujet":[],"class_list":["post-18104","page","type-page","status-publish","has-post-thumbnail","hentry"],"acf":[],"_links":{"self":[{"href":"https:\/\/www.camping-erromardie.com\/de\/wp-json\/wp\/v2\/pages\/18104","targetHints":{"allow":["GET"]}}],"collection":[{"href":"https:\/\/www.camping-erromardie.com\/de\/wp-json\/wp\/v2\/pages"}],"about":[{"href":"https:\/\/www.camping-erromardie.com\/de\/wp-json\/wp\/v2\/types\/page"}],"author":[{"embeddable":true,"href":"https:\/\/www.camping-erromardie.com\/de\/wp-json\/wp\/v2\/users\/1"}],"replies":[{"embeddable":true,"href":"https:\/\/www.camping-erromardie.com\/de\/wp-json\/wp\/v2\/comments?post=18104"}],"version-history":[{"count":4,"href":"https:\/\/www.camping-erromardie.com\/de\/wp-json\/wp\/v2\/pages\/18104\/revisions"}],"predecessor-version":[{"id":19420,"href":"https:\/\/www.camping-erromardie.com\/de\/wp-json\/wp\/v2\/pages\/18104\/revisions\/19420"}],"wp:featuredmedia":[{"embeddable":true,"href":"https:\/\/www.camping-erromardie.com\/de\/wp-json\/wp\/v2\/media\/17385"}],"wp:attachment":[{"href":"https:\/\/www.camping-erromardie.com\/de\/wp-json\/wp\/v2\/media?parent=18104"}],"wp:term":[{"taxonomy":"sujet","embeddable":true,"href":"https:\/\/www.camping-erromardie.com\/de\/wp-json\/wp\/v2\/sujet?post=18104"}],"curies":[{"name":"wp","href":"https:\/\/api.w.org\/{rel}","templated":true}]}}