{"id":18096,"date":"2025-03-14T16:57:48","date_gmt":"2025-03-14T15:57:48","guid":{"rendered":"https:\/\/www.camping-erromardie.com\/camping-hendaye\/"},"modified":"2025-05-30T11:12:05","modified_gmt":"2025-05-30T09:12:05","slug":"camping-hendaye","status":"publish","type":"page","link":"https:\/\/www.camping-erromardie.com\/de\/camping-hendaye\/","title":{"rendered":"Campingplatz Hendaye"},"content":{"rendered":"<section id=\"ls-section-block_2662b9d05f42dcab3d652f0662440768\" class=\"ls-section  page-titre\" >\r\n        <div class=\"container container--wide\">\r\n        \n\n<h1 class=\"ls__heading wp-block-heading has-text-align-center has-color-4-color has-text-color has-link-color wp-elements-75db21c7b8127da4bd2426a2d9ebb178\">Campingplatz Baskenland Hendaye<\/h1>\n\n\n\n<p class=\"ls-paragraph has-text-align-center\">Hendaye ist mit dem Auto \u00fcber die Route de la Corniche und zu Fu\u00df \u00fcber den K\u00fcstenpfad erreichbar und liegt 18 km vom <a href=\"https:\/\/www.camping-erromardie.com\/de\/\" data-type=\"page\" data-id=\"270\">Campingplatz Pays Basque<\/a>, La Ferme Erromardie entfernt. Das Schloss Abbadia, das an der Corniche n\u00f6rdlich von<a href=\"https:\/\/www.camping-erromardie.com\/de\/hendaye\/\" data-type=\"category\" data-id=\"50\">Hendaye<\/a> liegt, ist nur 13 km entfernt. <br\/><\/p>\n\n\r\n    <\/div>\r\n<\/section><section id=\"ls-section-block_e719b2f5d2208876b9dae21e171cec95\" class=\"ls-section  home-first page-one has-p-b p-b-14\" >\r\n        <div class=\"container container--wide\">\r\n        \n\n<div class=\"wp-block-columns is-layout-flex wp-container-core-columns-is-layout-9d6595d7 wp-block-columns-is-layout-flex\">\n<div class=\"wp-block-column is-layout-flow wp-block-column-is-layout-flow\" style=\"flex-basis:33.33%\">\n<div class=\"wp-block-columns is-layout-flex wp-container-core-columns-is-layout-9d6595d7 wp-block-columns-is-layout-flex\">\n<div class=\"wp-block-column column-border is-layout-flow wp-block-column-is-layout-flow\">\n<h2 class=\"ls__heading wp-block-heading has-color-1-color has-text-color has-link-color wp-elements-cd34be3d67c5ac57843f0cf9975e49e9\">Vermietung Mobilheim Baskenland Hendaye<\/h2>\n\n\n\n<p class=\"ls-paragraph\">Hast du f\u00fcr deinen n\u00e4chsten Urlaub im<a href=\"https:\/\/www.camping-erromardie.com\/de\/baskenland\/baskenland\/\" data-type=\"category\" data-id=\"46\"> Baskenland<\/a> an die <strong>Vermietung eines Mobilheims in der N\u00e4he von Hendaye<\/strong> gedacht?<\/p>\n\n\n\n<p class=\"ls-paragraph\">Der Campingplatz La Ferme d&#8217;Erromardie ist der ideale Ort f\u00fcr einen ma\u00dfgeschneiderten Aufenthalt. Er liegt nur 5 Minuten zu Fu\u00df vom Ozean entfernt und bietet dir eine au\u00dfergew\u00f6hnliche nat\u00fcrliche Umgebung, nur wenige Schritte von der baskischen K\u00fcste und ihren goldenen Sandstr\u00e4nden entfernt.   <\/p>\n\n\n\n<p class=\"ls-paragraph\">Unser Mietpark hat alles, was man sich w\u00fcnschen kann. Er erstreckt sich \u00fcber ein gro\u00dfes, bewaldetes Gel\u00e4nde mit vielen Unterk\u00fcnften, die auf h\u00fcbschen, gepflegten Landschaftsgrundst\u00fccken stehen und vor den Blicken anderer gesch\u00fctzt sind.  <\/p>\n\n\n\n<p class=\"ls-paragraph\">Du findest bestimmt dein Gl\u00fcck unter den Modellen, die dir zur Verf\u00fcgung stehen: f\u00fcr 1 bis 6 Personen mit 1 Schlafzimmer, 2 Schlafzimmern oder 3 Schlafzimmern, von 16 bis 32 m\u00b2, wovon eines f\u00fcr Personen mit eingeschr\u00e4nkter Mobilit\u00e4t geeignet ist. Die Mobilheime sind mit allem modernen Komfort und allen Annehmlichkeiten ausgestattet, die du auf einem <strong>4-Sterne-Campingplatz in Hendaye<\/strong> erwarten kannst.   <\/p>\n\n\n\n<p class=\"ls-paragraph\">Alle haben einen Fernseher, ein Badezimmer, eine Toilette und die K\u00fcche ist gut ausgestattet: Mikrowelle, Kaffeemaschine, Kochplatte, K\u00fchlschrank, Geschirr und K\u00fcchenutensilien. Du kannst deine Mahlzeiten mit der Familie, mit Freunden oder zu zweit auf deiner angenehmen schattigen Terrasse genie\u00dfen. <\/p>\n<\/div>\n<\/div>\n<\/div>\n\n\n\n<div class=\"wp-block-column is-layout-flow wp-block-column-is-layout-flow\" style=\"flex-basis:66.66%\">\n<figure class=\"wp-block-gallery has-nested-images columns-default is-cropped wp-block-gallery-1 is-layout-flex wp-block-gallery-is-layout-flex\">\n<figure class=\"wp-block-image size-full animated fadeIn delay-200ms\"><a href=\"https:\/\/www.camping-erromardie.com\/wp-content\/uploads\/2025\/04\/Les-Mobil-homes-du-camping-pays-basque.jpg\"><img loading=\"lazy\" decoding=\"async\" width=\"2022\" height=\"1350\" data-id=\"17294\" src=\"https:\/\/www.camping-erromardie.com\/wp-content\/uploads\/2025\/04\/Les-Mobil-homes-du-camping-pays-basque.jpg\" alt=\"Die Mobilheime des Campingplatzes Baskenland\" class=\"wp-image-17294\" srcset=\"https:\/\/www.camping-erromardie.com\/wp-content\/uploads\/2025\/04\/Les-Mobil-homes-du-camping-pays-basque.jpg 2022w, https:\/\/www.camping-erromardie.com\/wp-content\/uploads\/2025\/04\/Les-Mobil-homes-du-camping-pays-basque-300x200.jpg 300w, https:\/\/www.camping-erromardie.com\/wp-content\/uploads\/2025\/04\/Les-Mobil-homes-du-camping-pays-basque-1024x684.jpg 1024w, https:\/\/www.camping-erromardie.com\/wp-content\/uploads\/2025\/04\/Les-Mobil-homes-du-camping-pays-basque-768x513.jpg 768w, https:\/\/www.camping-erromardie.com\/wp-content\/uploads\/2025\/04\/Les-Mobil-homes-du-camping-pays-basque-1536x1026.jpg 1536w\" sizes=\"auto, (max-width: 2022px) 100vw, 2022px\" \/><\/a><\/figure>\n\n\n\n<figure class=\"wp-block-image size-full animated fadeIn\"><a href=\"https:\/\/www.camping-erromardie.com\/wp-content\/uploads\/2025\/04\/cuisine-mobil-home.jpg\"><img loading=\"lazy\" decoding=\"async\" width=\"720\" height=\"1078\" data-id=\"12044\" src=\"https:\/\/www.camping-erromardie.com\/wp-content\/uploads\/2025\/04\/cuisine-mobil-home.jpg\" alt=\"Mobilheim-K&#xFC;che\" class=\"wp-image-12044\" srcset=\"https:\/\/www.camping-erromardie.com\/wp-content\/uploads\/2025\/04\/cuisine-mobil-home.jpg 720w, https:\/\/www.camping-erromardie.com\/wp-content\/uploads\/2025\/04\/cuisine-mobil-home-200x300.jpg 200w, https:\/\/www.camping-erromardie.com\/wp-content\/uploads\/2025\/04\/cuisine-mobil-home-684x1024.jpg 684w\" sizes=\"auto, (max-width: 720px) 100vw, 720px\" \/><\/a><\/figure>\n<\/figure>\n<\/div>\n<\/div>\n\n\r\n    <\/div>\r\n<\/section><section id=\"ls-section-block_297fa6386918029180f8eb8a0008826f\" class=\"ls-section  home-first page-two has-background has-color-6-background-color\" >\r\n        <div class=\"container container--wide\">\r\n        \n\n<div class=\"wp-block-columns is-layout-flex wp-container-core-columns-is-layout-9d6595d7 wp-block-columns-is-layout-flex\">\n<div class=\"wp-block-column is-layout-flow wp-block-column-is-layout-flow\" style=\"flex-basis:66.66%\">\n<figure class=\"wp-block-gallery has-nested-images columns-default is-cropped wp-block-gallery-2 is-layout-flex wp-block-gallery-is-layout-flex\">\n<figure class=\"wp-block-image size-full animated fadeIn delay-200ms\"><a href=\"https:\/\/www.camping-erromardie.com\/wp-content\/uploads\/2025\/04\/La-ferme-erromardi-camping-familial-avec-piscine-edited.jpg\"><img loading=\"lazy\" decoding=\"async\" width=\"890\" height=\"1335\" data-id=\"11560\" src=\"https:\/\/www.camping-erromardie.com\/wp-content\/uploads\/2025\/04\/La-ferme-erromardi-camping-familial-avec-piscine-edited.jpg\" alt=\"La ferme erromardi Familiencampingplatz mit Schwimmbad\" class=\"wp-image-11560\" srcset=\"https:\/\/www.camping-erromardie.com\/wp-content\/uploads\/2025\/04\/La-ferme-erromardi-camping-familial-avec-piscine-edited.jpg 890w, https:\/\/www.camping-erromardie.com\/wp-content\/uploads\/2025\/04\/La-ferme-erromardi-camping-familial-avec-piscine-edited-200x300.jpg 200w, https:\/\/www.camping-erromardie.com\/wp-content\/uploads\/2025\/04\/La-ferme-erromardi-camping-familial-avec-piscine-edited-683x1024.jpg 683w, https:\/\/www.camping-erromardie.com\/wp-content\/uploads\/2025\/04\/La-ferme-erromardi-camping-familial-avec-piscine-edited-768x1152.jpg 768w\" sizes=\"auto, (max-width: 890px) 100vw, 890px\" \/><\/a><\/figure>\n\n\n\n<figure class=\"wp-block-image size-full animated fadeIn\"><a href=\"https:\/\/www.camping-erromardie.com\/wp-content\/uploads\/2025\/04\/piscine-a-Saint-Jean-de-Luz.jpg\"><img loading=\"lazy\" decoding=\"async\" width=\"2000\" height=\"1336\" data-id=\"11467\" src=\"https:\/\/www.camping-erromardie.com\/wp-content\/uploads\/2025\/04\/piscine-a-Saint-Jean-de-Luz.jpg\" alt=\"swimmingpool in Saint Jean de Luz\" class=\"wp-image-11467\" srcset=\"https:\/\/www.camping-erromardie.com\/wp-content\/uploads\/2025\/04\/piscine-a-Saint-Jean-de-Luz.jpg 2000w, https:\/\/www.camping-erromardie.com\/wp-content\/uploads\/2025\/04\/piscine-a-Saint-Jean-de-Luz-300x200.jpg 300w, https:\/\/www.camping-erromardie.com\/wp-content\/uploads\/2025\/04\/piscine-a-Saint-Jean-de-Luz-1024x684.jpg 1024w, https:\/\/www.camping-erromardie.com\/wp-content\/uploads\/2025\/04\/piscine-a-Saint-Jean-de-Luz-768x513.jpg 768w, https:\/\/www.camping-erromardie.com\/wp-content\/uploads\/2025\/04\/piscine-a-Saint-Jean-de-Luz-1536x1026.jpg 1536w\" sizes=\"auto, (max-width: 2000px) 100vw, 2000px\" \/><\/a><\/figure>\n<\/figure>\n<\/div>\n\n\n\n<div class=\"wp-block-column is-layout-flow wp-block-column-is-layout-flow\" style=\"flex-basis:33.33%\">\n<div class=\"wp-block-columns is-layout-flex wp-container-core-columns-is-layout-9d6595d7 wp-block-columns-is-layout-flex\">\n<div class=\"wp-block-column column-border is-layout-flow wp-block-column-is-layout-flow\">\n<h2 class=\"ls__heading wp-block-heading has-color-1-color has-text-color has-link-color wp-elements-b2950c6cdc601bb989c6e1f1783a4b4e\">Campingplatz mit Schwimmbad Baskenland Hendaye<\/h2>\n\n\n\n<p class=\"ls-paragraph\">Wer tr\u00e4umt nicht von einem Urlaub in der Sonne, w\u00e4hrend man gem\u00fctlich am Wasser sitzt?  <\/p>\n\n\n\n<p class=\"ls-paragraph\">Unser <strong>Campingplatz mit Schwimmbad in der N\u00e4he von Hendaye<\/strong> ist der ideale Ort f\u00fcr einen erholsamen Aufenthalt mit der Familie, zu zweit oder mit Freunden. Der Bauernhof Erromardie, <strong>Campingplatz Hendaye<\/strong>, liegt nur zwei Schritte von den sch\u00f6nsten Sandstr\u00e4nden der baskischen K\u00fcste entfernt. Er hat direkten Zugang zum Ozean und als Bonus einen \u00fcberdachten und beheizten Poolbereich.   <\/p>\n\n\n\n<p class=\"ls-paragraph\">Das bedeutet, dass du die ganze Saison \u00fcber davon profitieren kannst. Sportbegeisterte k\u00f6nnen jeden Tag von 10 Uhr morgens bis 19 Uhr abends ihre Bahnen ziehen. Kinder lieben es, sich mit Freunden abzuk\u00fchlen und sich mit unseren aufblasbaren Riesenseifenblasen zu vergn\u00fcgen.    <\/p>\n\n\n\n<p class=\"ls-paragraph\">Die ganz Kleinen k\u00f6nnen sich in dem f\u00fcr sie vorgesehenen Planschbecken mit den Freuden des Wassers vertraut machen - der erste Schritt, bevor sie sich in die Wellen des Atlantiks st\u00fcrzen!  <\/p>\n\n\n\n<p class=\"ls-paragraph\">Da der Pool nicht \u00fcberwacht wird, m\u00fcssen sie immer von ihren Eltern begleitet werden. Wir haben also auch an sie gedacht und Liegest\u00fchle auf der Terrasse aufgestellt. Komfort und Faulenzen stehen auf dem Programm! <\/p>\n<\/div>\n<\/div>\n<\/div>\n<\/div>\n\n\r\n    <\/div>\r\n<\/section><section id=\"ls-section-block_a11ebe78f1e9bbad20754444d044f435\" class=\"ls-section  home-fifth page-three\" >\r\n        <div class=\"container container--wide\">\r\n        \n\n<figure class=\"wp-block-image size-full animated fadeIn\"><a href=\"https:\/\/www.camping-erromardie.com\/wp-content\/uploads\/2025\/04\/Hendaye_Pays-Basque.jpg\"><img loading=\"lazy\" decoding=\"async\" width=\"2025\" height=\"1350\" src=\"https:\/\/www.camping-erromardie.com\/wp-content\/uploads\/2025\/04\/Hendaye_Pays-Basque.jpg\" alt=\"Hendaye Baskenland\" class=\"wp-image-15029\" srcset=\"https:\/\/www.camping-erromardie.com\/wp-content\/uploads\/2025\/04\/Hendaye_Pays-Basque.jpg 2025w, https:\/\/www.camping-erromardie.com\/wp-content\/uploads\/2025\/04\/Hendaye_Pays-Basque-300x200.jpg 300w, https:\/\/www.camping-erromardie.com\/wp-content\/uploads\/2025\/04\/Hendaye_Pays-Basque-1024x683.jpg 1024w, https:\/\/www.camping-erromardie.com\/wp-content\/uploads\/2025\/04\/Hendaye_Pays-Basque-768x512.jpg 768w, https:\/\/www.camping-erromardie.com\/wp-content\/uploads\/2025\/04\/Hendaye_Pays-Basque-1536x1024.jpg 1536w\" sizes=\"auto, (max-width: 2025px) 100vw, 2025px\" \/><\/a><\/figure>\n\n\r\n    <\/div>\r\n<\/section><section id=\"ls-section-block_abe0443ca706aa3b3a083b26365abbbd\" class=\"ls-section  page-cta\" >\r\n        <div class=\"container container--wide\">\r\n        \n\n<div id=\"ls-heading ls-titre-div-block_e99a794f84b191f05b42915abdb1c863\" class=\"ls-titre-div aligncenter h2-like has-text-color has-color-1-color\" >\n    Besuche das Baskenland<\/div>\n\n\n\n<div id=\"ls-maillage-block_3f2d4dae5569370af85162b1d31b7c00\" class=\"ls-maillage cta-style-normal\" data-rows=\"4\">\n\n    <div class=\"wp-block-columns\"><div class=\"wp-block-column\">\n\n<a href=\"https:\/\/www.camping-erromardie.com\/de\/san-sebastian\/\" target=\"\" rel=\"noopener\" class=\"ls-cta__link san-sebastian\" data-categ=\" san-sebastian\">\n\t<div class=\"ls-cta__image\"><img decoding=\"async\" src=\"https:\/\/www.camping-erromardie.com\/wp-content\/uploads\/2025\/04\/Donostia.jpg\" alt=\"San Sebastian\"><\/div>\n\t<div class=\"ls-cta__title\">\n\t\tSan Sebastian\t<\/div>\n\n\t<\/a><\/div><div class=\"wp-block-column\">\n\n<a href=\"https:\/\/www.camping-erromardie.com\/de\/atlantische-pyrenaen\/\" target=\"\" rel=\"noopener\" class=\"ls-cta__link atlantische-pyrenaen\" data-categ=\" atlantische-pyrenaen\">\n\t<div class=\"ls-cta__image\"><img decoding=\"async\" src=\"https:\/\/www.camping-erromardie.com\/wp-content\/uploads\/2025\/04\/Pyrenees-Atlantiques.jpg\" alt=\"Die Atlantischen Pyren\u00e4en\"><\/div>\n\t<div class=\"ls-cta__title\">\n\t\tDie Atlantischen Pyren\u00e4en\t<\/div>\n\n\t<\/a><\/div><div class=\"wp-block-column\">\n\n<a href=\"https:\/\/www.camping-erromardie.com\/de\/saint-jean-de-luz\/\" target=\"\" rel=\"noopener\" class=\"ls-cta__link saint-jean-de-luz\" data-categ=\" saint-jean-de-luz\">\n\t<div class=\"ls-cta__image\"><img decoding=\"async\" src=\"https:\/\/www.camping-erromardie.com\/wp-content\/uploads\/2025\/04\/Saint-Jean-de-Luz-Centre-Ville-et-Port-e1745412638780.jpg\" alt=\"Saint Jean de Luz\"><\/div>\n\t<div class=\"ls-cta__title\">\n\t\tSaint Jean de Luz\t<\/div>\n\n\t<\/a><\/div><div class=\"wp-block-column\">\n\n<a href=\"https:\/\/www.camping-erromardie.com\/de\/saint-jean-pied-de-port\/\" target=\"\" rel=\"noopener\" class=\"ls-cta__link saint-jean-pied-de-port\" data-categ=\" saint-jean-pied-de-port\">\n\t<div class=\"ls-cta__image\"><img decoding=\"async\" src=\"https:\/\/www.camping-erromardie.com\/wp-content\/uploads\/2025\/04\/Saint-Jean-Pied-De-Port-Pays-Basque.jpg\" alt=\"Saint Jean Pied de Port\"><\/div>\n\t<div class=\"ls-cta__title\">\n\t\tSaint Jean Pied de Port\t<\/div>\n\n\t<\/a><\/div><\/div><div class=\"wp-block-columns\"><div class=\"wp-block-column\">\n\n<a href=\"https:\/\/www.camping-erromardie.com\/de\/spanisches-baskenland\/\" target=\"\" rel=\"noopener\" class=\"ls-cta__link spanisches-baskenland\" data-categ=\" spanisches-baskenland\">\n\t<div class=\"ls-cta__image\"><img decoding=\"async\" src=\"https:\/\/www.camping-erromardie.com\/wp-content\/uploads\/2025\/04\/donostia-2.jpg\" alt=\"Das spanische Baskenland\"><\/div>\n\t<div class=\"ls-cta__title\">\n\t\tDas spanische Baskenland\t<\/div>\n\n\t<\/a><\/div><div class=\"wp-block-column\">\n\n<a href=\"https:\/\/www.camping-erromardie.com\/de\/urrugne\/\" target=\"\" rel=\"noopener\" class=\"ls-cta__link urrugne\" data-categ=\" urrugne\">\n\t<div class=\"ls-cta__image\"><img decoding=\"async\" src=\"https:\/\/www.camping-erromardie.com\/wp-content\/uploads\/2025\/04\/photos-aeriennes-Urrugne.jpg\" alt=\"Urrugne: ein Dorf mit vielen Gesichtern\"><\/div>\n\t<div class=\"ls-cta__title\">\n\t\tUrrugne: ein Dorf mit vielen Gesichtern\t<\/div>\n\n\t<\/a><\/div><div class=\"wp-block-column\">\n\n<a href=\"https:\/\/www.camping-erromardie.com\/de\/espelette\/\" target=\"\" rel=\"noopener\" class=\"ls-cta__link espelette\" data-categ=\" espelette\">\n\t<div class=\"ls-cta__image\"><img decoding=\"async\" src=\"https:\/\/www.camping-erromardie.com\/wp-content\/uploads\/2025\/04\/Village-espelette.jpg\" alt=\"Espelette\"><\/div>\n\t<div class=\"ls-cta__title\">\n\t\tEspelette\t<\/div>\n\n\t<\/a><\/div><div class=\"wp-block-column\">\n\n<a href=\"https:\/\/www.camping-erromardie.com\/de\/hendaye\/\" target=\"\" rel=\"noopener\" class=\"ls-cta__link hendaye\" data-categ=\" hendaye\">\n\t<div class=\"ls-cta__image\"><img decoding=\"async\" src=\"https:\/\/www.camping-erromardie.com\/wp-content\/uploads\/2025\/04\/hendaye_3-3-e1744808115339.jpg\" alt=\"Hendaye\"><\/div>\n\t<div class=\"ls-cta__title\">\n\t\tHendaye\t<\/div>\n\n\t<\/a><\/div><\/div><div class=\"wp-block-columns\"><div class=\"wp-block-column\">\n\n<a href=\"https:\/\/www.camping-erromardie.com\/de\/hasparren\/\" target=\"\" rel=\"noopener\" class=\"ls-cta__link hasparren\" data-categ=\" hasparren\">\n\t<div class=\"ls-cta__image\"><img decoding=\"async\" src=\"https:\/\/www.camping-erromardie.com\/wp-content\/uploads\/2025\/04\/Village-dHasparran.jpg\" alt=\"Hasparren\"><\/div>\n\t<div class=\"ls-cta__title\">\n\t\tHasparren\t<\/div>\n\n\t<\/a><\/div><div class=\"wp-block-column\">\n\n<a href=\"https:\/\/www.camping-erromardie.com\/de\/itxassou\/\" target=\"\" rel=\"noopener\" class=\"ls-cta__link itxassou\" data-categ=\" itxassou\">\n\t<div class=\"ls-cta__image\"><img decoding=\"async\" src=\"https:\/\/www.camping-erromardie.com\/wp-content\/uploads\/2025\/04\/Riviere-La-Nive-Itxassu.jpg\" alt=\"Itxassou\"><\/div>\n\t<div class=\"ls-cta__title\">\n\t\tItxassou\t<\/div>\n\n\t<\/a><\/div><div class=\"wp-block-column\">\n\n<a href=\"https:\/\/www.camping-erromardie.com\/de\/cambo\/\" target=\"\" rel=\"noopener\" class=\"ls-cta__link cambo\" data-categ=\" cambo\">\n\t<div class=\"ls-cta__image\"><img decoding=\"async\" src=\"https:\/\/www.camping-erromardie.com\/wp-content\/uploads\/2025\/04\/Cambo-les-Bains-paysages.jpg\" alt=\"Cambo\"><\/div>\n\t<div class=\"ls-cta__title\">\n\t\tCambo\t<\/div>\n\n\t<\/a><\/div><div class=\"wp-block-column\">\n\n<a href=\"https:\/\/www.camping-erromardie.com\/de\/bilbao\/\" target=\"\" rel=\"noopener\" class=\"ls-cta__link bilbao\" data-categ=\" bilbao\">\n\t<div class=\"ls-cta__image\"><img decoding=\"async\" src=\"https:\/\/www.camping-erromardie.com\/wp-content\/uploads\/2025\/04\/Bilbao-3.jpg\" alt=\"Bilbao\"><\/div>\n\t<div class=\"ls-cta__title\">\n\t\tBilbao\t<\/div>\n\n\t<\/a><\/div><\/div><div class=\"wp-block-columns\"><div class=\"wp-block-column\">\n\n<a href=\"https:\/\/www.camping-erromardie.com\/de\/bidart\/\" target=\"\" rel=\"noopener\" class=\"ls-cta__link bidart\" data-categ=\" bidart\">\n\t<div class=\"ls-cta__image\"><img decoding=\"async\" src=\"https:\/\/www.camping-erromardie.com\/wp-content\/uploads\/2025\/04\/Bidart.jpg\" alt=\"Bidart\"><\/div>\n\t<div class=\"ls-cta__title\">\n\t\tBidart\t<\/div>\n\n\t<\/a><\/div><div class=\"wp-block-column\">\n\n<a href=\"https:\/\/www.camping-erromardie.com\/de\/bayonne\/\" target=\"\" rel=\"noopener\" class=\"ls-cta__link bayonne\" data-categ=\" bayonne\">\n\t<div class=\"ls-cta__image\"><img decoding=\"async\" src=\"https:\/\/www.camping-erromardie.com\/wp-content\/uploads\/2025\/04\/Bayonne-Couleurs-Basque.jpg\" alt=\"Bayonne\"><\/div>\n\t<div class=\"ls-cta__title\">\n\t\tBayonne\t<\/div>\n\n\t<\/a><\/div><div class=\"wp-block-column\">\n\n<a href=\"https:\/\/www.camping-erromardie.com\/de\/biarritz\/\" target=\"\" rel=\"noopener\" class=\"ls-cta__link biarritz\" data-categ=\" biarritz\">\n\t<div class=\"ls-cta__image\"><img decoding=\"async\" src=\"https:\/\/www.camping-erromardie.com\/wp-content\/uploads\/2025\/04\/musee-de-la-mer-a-Biarritz-Pays-Basque.jpg\" alt=\"Biarritz\"><\/div>\n\t<div class=\"ls-cta__title\">\n\t\tBiarritz\t<\/div>\n\n\t<\/a><\/div><div class=\"wp-block-column\">\n\n<a href=\"https:\/\/www.camping-erromardie.com\/de\/ascain\/\" target=\"\" rel=\"noopener\" class=\"ls-cta__link ascain\" data-categ=\" ascain\">\n\t<div class=\"ls-cta__image\"><img decoding=\"async\" src=\"https:\/\/www.camping-erromardie.com\/wp-content\/uploads\/2025\/04\/Paysages-Ascain-Pays-Basque.jpg\" alt=\"Ascain\"><\/div>\n\t<div class=\"ls-cta__title\">\n\t\tAscain\t<\/div>\n\n\t<\/a><\/div><\/div>\n<\/div>\n\r\n    <\/div>\r\n<\/section>","protected":false},"excerpt":{"rendered":"","protected":false},"author":1,"featured_media":11419,"parent":0,"menu_order":118,"comment_status":"closed","ping_status":"closed","template":"","meta":{"_acf_changed":false,"_seopress_robots_primary_cat":"","_seopress_titles_title":"Camping Baskenland Hendaye: Mobilheimvermietung und Urlaub Hendaye","_seopress_titles_desc":"Verbringe deinen Aufenthalt auf dem Campingplatz La Ferme Erromardie, 18 km von Hendaye entfernt. Genie\u00dfe komfortable Mobilheime, ein beheiztes Schwimmbad und eine nat\u00fcrliche Umgebung nur wenige Schritte von den Str\u00e4nden des Baskenlandes entfernt. Perfekt f\u00fcr einen Familienurlaub oder einen Urlaub zu zweit!","_seopress_robots_index":"","footnotes":""},"sujet":[],"class_list":["post-18096","page","type-page","status-publish","has-post-thumbnail","hentry"],"acf":[],"_links":{"self":[{"href":"https:\/\/www.camping-erromardie.com\/de\/wp-json\/wp\/v2\/pages\/18096","targetHints":{"allow":["GET"]}}],"collection":[{"href":"https:\/\/www.camping-erromardie.com\/de\/wp-json\/wp\/v2\/pages"}],"about":[{"href":"https:\/\/www.camping-erromardie.com\/de\/wp-json\/wp\/v2\/types\/page"}],"author":[{"embeddable":true,"href":"https:\/\/www.camping-erromardie.com\/de\/wp-json\/wp\/v2\/users\/1"}],"replies":[{"embeddable":true,"href":"https:\/\/www.camping-erromardie.com\/de\/wp-json\/wp\/v2\/comments?post=18096"}],"version-history":[{"count":5,"href":"https:\/\/www.camping-erromardie.com\/de\/wp-json\/wp\/v2\/pages\/18096\/revisions"}],"predecessor-version":[{"id":19437,"href":"https:\/\/www.camping-erromardie.com\/de\/wp-json\/wp\/v2\/pages\/18096\/revisions\/19437"}],"wp:featuredmedia":[{"embeddable":true,"href":"https:\/\/www.camping-erromardie.com\/de\/wp-json\/wp\/v2\/media\/11419"}],"wp:attachment":[{"href":"https:\/\/www.camping-erromardie.com\/de\/wp-json\/wp\/v2\/media?parent=18096"}],"wp:term":[{"taxonomy":"sujet","embeddable":true,"href":"https:\/\/www.camping-erromardie.com\/de\/wp-json\/wp\/v2\/sujet?post=18096"}],"curies":[{"name":"wp","href":"https:\/\/api.w.org\/{rel}","templated":true}]}}