{"id":18073,"date":"2025-03-14T16:58:55","date_gmt":"2025-03-14T15:58:55","guid":{"rendered":"https:\/\/www.camping-erromardie.com\/camping-itxassou\/"},"modified":"2025-05-30T10:34:24","modified_gmt":"2025-05-30T08:34:24","slug":"camping-itxassou","status":"publish","type":"page","link":"https:\/\/www.camping-erromardie.com\/de\/camping-itxassou\/","title":{"rendered":"Campingplatz Itxassou"},"content":{"rendered":"<section id=\"ls-section-block_1bc721f414c4a915f70505ce80dd90d4\" class=\"ls-section  page-titre\" >\r\n        <div class=\"container container--wide\">\r\n        \n\n<h1 class=\"ls__heading wp-block-heading has-text-align-center has-color-4-color has-text-color has-link-color wp-elements-988f855f761e9324d60aeb3001e7fe76\">  Campingplatz Baskenland Itxassou<\/h1>\n\n\n\n<p class=\"ls-paragraph has-text-align-center\">Das Dorf Itxassou liegt etwa 30 km vom <a href=\"https:\/\/www.camping-erromardie.com\/de\/\" data-type=\"page\" data-id=\"270\">Campingplatz Baskenland<\/a> entfernt, d. h. etwas mehr als eine halbe Stunde Autofahrt. Es gibt zwei m\u00f6gliche Routen: Die erste ist 28 km lang und f\u00fchrt dich \u00fcber Saint-P\u00e9e-sur-Nivelle und Espelette. Die zweite Route, die ein paar Kilometer l\u00e4nger ist, aber einige Minuten weniger Zeit in Anspruch nimmt, f\u00fchrt dich \u00fcber die A63 nach Bayonne und dann \u00fcber Cambo-les-Bains nach <a href=\"https:\/\/www.camping-erromardie.com\/de\/itxassou\/\" data-type=\"category\" data-id=\"67\">Itxassou<\/a>.  <br\/><\/p>\n\n\r\n    <\/div>\r\n<\/section><section id=\"ls-section-block_296a066165237cd2abfe5067d4416e58\" class=\"ls-section  home-first page-one has-p-b p-b-14\" >\r\n        <div class=\"container container--wide\">\r\n        \n\n<div class=\"wp-block-columns is-layout-flex wp-container-core-columns-is-layout-9d6595d7 wp-block-columns-is-layout-flex\">\n<div class=\"wp-block-column is-layout-flow wp-block-column-is-layout-flow\" style=\"flex-basis:33.33%\">\n<div class=\"wp-block-columns is-layout-flex wp-container-core-columns-is-layout-9d6595d7 wp-block-columns-is-layout-flex\">\n<div class=\"wp-block-column column-border is-layout-flow wp-block-column-is-layout-flow\">\n<h2 class=\"ls__heading wp-block-heading has-color-1-color has-text-color has-link-color wp-elements-39eb2568c608ae6086174d6bb50da89a\">Vermietung Mobilheim Baskenland Itxassou<\/h2>\n\n\n\n<p class=\"ls-paragraph\">Hast du Lust auf einen Aufenthalt in <strong>einem Mobilheim in der N\u00e4he von Itxassou<\/strong>? Tr\u00e4umst du von langen, blonden Sandstr\u00e4nden? Unser Campingplatz direkt am Atlantik ist ein toller Ort, um einen Urlaub im Baskenland zu verbringen. Seine strategische Lage in direkter N\u00e4he zu den Str\u00e4nden macht ihn zu einem unumg\u00e4nglichen Reiseziel.     <\/p>\n\n\n\n<p class=\"ls-paragraph\">Au\u00dferdem bieten wir dir eine gro\u00dfe Auswahl an ger\u00e4umigen und komfortablen Mobilheimen, die f\u00fcr alle Urlauber, Paare, Familien, Freundeskreise und Personen mit eingeschr\u00e4nkter Mobilit\u00e4t geeignet sind. Von 1 bis 6 Personen, mit einer Fl\u00e4che von 16 bis 32 m\u00b2 und 1 bis 3 Schlafzimmern, wirst du auf dem <strong>Campingplatz Itxassou<\/strong> bestimmt das Richtige f\u00fcr dich finden. Wir haben alles vorgesehen, um dir das Leben zu erleichtern: ein Badezimmer, eine Toilette, einen Fernseher, eine komplett ausgestattete K\u00fcche mit K\u00fchlschrank, Mikrowelle, Kaffeemaschine, Kochplatte, Geschirr und K\u00fcchenutensilien.    <\/p>\n\n\n\n<p class=\"ls-paragraph\">Jedes verf\u00fcgt \u00fcber eine sch\u00f6ne, schattige Terrasse mit Gartenm\u00f6beln. Au\u00dferdem steht jedes Mobilheim auf einer eigenen Parzelle mit B\u00e4umen, die durch eine nat\u00fcrliche Hecke von den anderen getrennt ist. Camper mit Trappergeist werden von unseren Lodge-H\u00fctten begeistert sein, die aus Stoff und Holz gefertigt und mit Sanit\u00e4ranlagen und einer K\u00fcche ausgestattet sind. Genie\u00dfe deinen <strong>Campingurlaub <\/strong>in der <strong>N\u00e4he von Itxassou <\/strong>in einer nat\u00fcrlichen und privilegierten Umgebung.   <\/p>\n<\/div>\n<\/div>\n<\/div>\n\n\n\n<div class=\"wp-block-column is-layout-flow wp-block-column-is-layout-flow\" style=\"flex-basis:66.66%\">\n<figure class=\"wp-block-gallery has-nested-images columns-default is-cropped wp-block-gallery-1 is-layout-flex wp-block-gallery-is-layout-flex\">\n<figure class=\"wp-block-image size-full animated fadeIn delay-200ms\"><a href=\"https:\/\/www.camping-erromardie.com\/wp-content\/uploads\/2025\/04\/MH-camping-la-ferme-erromardie-chambre-double-enfant.jpg\"><img loading=\"lazy\" decoding=\"async\" width=\"1000\" height=\"668\" data-id=\"15765\" src=\"https:\/\/www.camping-erromardie.com\/wp-content\/uploads\/2025\/04\/MH-camping-la-ferme-erromardie-chambre-double-enfant.jpg\" alt=\"MH camping la ferme erromardie doppelzimmer kind\" class=\"wp-image-15765\" srcset=\"https:\/\/www.camping-erromardie.com\/wp-content\/uploads\/2025\/04\/MH-camping-la-ferme-erromardie-chambre-double-enfant.jpg 1000w, https:\/\/www.camping-erromardie.com\/wp-content\/uploads\/2025\/04\/MH-camping-la-ferme-erromardie-chambre-double-enfant-300x200.jpg 300w, https:\/\/www.camping-erromardie.com\/wp-content\/uploads\/2025\/04\/MH-camping-la-ferme-erromardie-chambre-double-enfant-768x513.jpg 768w\" sizes=\"auto, (max-width: 1000px) 100vw, 1000px\" \/><\/a><\/figure>\n\n\n\n<figure class=\"wp-block-image size-full animated fadeIn\"><a href=\"https:\/\/www.camping-erromardie.com\/wp-content\/uploads\/2025\/04\/Mobil-home-4-personnes-camping-pays-basque.jpg\"><img loading=\"lazy\" decoding=\"async\" width=\"2000\" height=\"1335\" data-id=\"17393\" src=\"https:\/\/www.camping-erromardie.com\/wp-content\/uploads\/2025\/04\/Mobil-home-4-personnes-camping-pays-basque.jpg\" alt=\"Mobilheim 4 Personen Camping Baskenland\" class=\"wp-image-17393\" srcset=\"https:\/\/www.camping-erromardie.com\/wp-content\/uploads\/2025\/04\/Mobil-home-4-personnes-camping-pays-basque.jpg 2000w, https:\/\/www.camping-erromardie.com\/wp-content\/uploads\/2025\/04\/Mobil-home-4-personnes-camping-pays-basque-300x200.jpg 300w, https:\/\/www.camping-erromardie.com\/wp-content\/uploads\/2025\/04\/Mobil-home-4-personnes-camping-pays-basque-1024x684.jpg 1024w, https:\/\/www.camping-erromardie.com\/wp-content\/uploads\/2025\/04\/Mobil-home-4-personnes-camping-pays-basque-768x513.jpg 768w, https:\/\/www.camping-erromardie.com\/wp-content\/uploads\/2025\/04\/Mobil-home-4-personnes-camping-pays-basque-1536x1025.jpg 1536w\" sizes=\"auto, (max-width: 2000px) 100vw, 2000px\" \/><\/a><\/figure>\n<\/figure>\n<\/div>\n<\/div>\n\n\r\n    <\/div>\r\n<\/section><section id=\"ls-section-block_4daaab0476de096c41095e34ed367271\" class=\"ls-section  home-first page-two has-background has-color-6-background-color\" >\r\n        <div class=\"container container--wide\">\r\n        \n\n<div class=\"wp-block-columns is-layout-flex wp-container-core-columns-is-layout-9d6595d7 wp-block-columns-is-layout-flex\">\n<div class=\"wp-block-column is-layout-flow wp-block-column-is-layout-flow\" style=\"flex-basis:66.66%\">\n<figure class=\"wp-block-gallery has-nested-images columns-default is-cropped wp-block-gallery-2 is-layout-flex wp-block-gallery-is-layout-flex\">\n<figure class=\"wp-block-image size-full animated fadeIn delay-200ms\"><a href=\"https:\/\/www.camping-erromardie.com\/wp-content\/uploads\/2025\/04\/enfants-dans-la-piscine-scaled.jpg\"><img loading=\"lazy\" decoding=\"async\" width=\"1707\" height=\"2560\" data-id=\"13028\" src=\"https:\/\/www.camping-erromardie.com\/wp-content\/uploads\/2025\/04\/enfants-dans-la-piscine-scaled.jpg\" alt=\"Kinder im Pool\" class=\"wp-image-13028\" srcset=\"https:\/\/www.camping-erromardie.com\/wp-content\/uploads\/2025\/04\/enfants-dans-la-piscine-scaled.jpg 1707w, https:\/\/www.camping-erromardie.com\/wp-content\/uploads\/2025\/04\/enfants-dans-la-piscine-200x300.jpg 200w, https:\/\/www.camping-erromardie.com\/wp-content\/uploads\/2025\/04\/enfants-dans-la-piscine-683x1024.jpg 683w, https:\/\/www.camping-erromardie.com\/wp-content\/uploads\/2025\/04\/enfants-dans-la-piscine-768x1152.jpg 768w, https:\/\/www.camping-erromardie.com\/wp-content\/uploads\/2025\/04\/enfants-dans-la-piscine-1024x1536.jpg 1024w, https:\/\/www.camping-erromardie.com\/wp-content\/uploads\/2025\/04\/enfants-dans-la-piscine-1365x2048.jpg 1365w\" sizes=\"auto, (max-width: 1707px) 100vw, 1707px\" \/><\/a><\/figure>\n\n\n\n<figure class=\"wp-block-image size-full animated fadeIn\"><a href=\"https:\/\/www.camping-erromardie.com\/wp-content\/uploads\/2025\/04\/piscine-a-Saint-Jean-de-Luz.jpg\"><img loading=\"lazy\" decoding=\"async\" width=\"2000\" height=\"1336\" data-id=\"11467\" src=\"https:\/\/www.camping-erromardie.com\/wp-content\/uploads\/2025\/04\/piscine-a-Saint-Jean-de-Luz.jpg\" alt=\"swimmingpool in Saint Jean de Luz\" class=\"wp-image-11467\" srcset=\"https:\/\/www.camping-erromardie.com\/wp-content\/uploads\/2025\/04\/piscine-a-Saint-Jean-de-Luz.jpg 2000w, https:\/\/www.camping-erromardie.com\/wp-content\/uploads\/2025\/04\/piscine-a-Saint-Jean-de-Luz-300x200.jpg 300w, https:\/\/www.camping-erromardie.com\/wp-content\/uploads\/2025\/04\/piscine-a-Saint-Jean-de-Luz-1024x684.jpg 1024w, https:\/\/www.camping-erromardie.com\/wp-content\/uploads\/2025\/04\/piscine-a-Saint-Jean-de-Luz-768x513.jpg 768w, https:\/\/www.camping-erromardie.com\/wp-content\/uploads\/2025\/04\/piscine-a-Saint-Jean-de-Luz-1536x1026.jpg 1536w\" sizes=\"auto, (max-width: 2000px) 100vw, 2000px\" \/><\/a><\/figure>\n<\/figure>\n<\/div>\n\n\n\n<div class=\"wp-block-column is-layout-flow wp-block-column-is-layout-flow\" style=\"flex-basis:33.33%\">\n<div class=\"wp-block-columns is-layout-flex wp-container-core-columns-is-layout-9d6595d7 wp-block-columns-is-layout-flex\">\n<div class=\"wp-block-column column-border is-layout-flow wp-block-column-is-layout-flow\">\n<h2 class=\"ls__heading wp-block-heading has-color-1-color has-text-color has-link-color wp-elements-f187170e9706f9a136b36b8e85554019\">Campingplatz mit Schwimmbad Baskenland Itxassou<\/h2>\n\n\n\n<p class=\"ls-paragraph\">Wenn du deinen n\u00e4chsten Urlaub im Baskenland verbringen m\u00f6chtest, hast du vielleicht daran gedacht, eine Unterkunft auf einem <strong>Campingplatz mit Schwimmbad in der N\u00e4he von Itxassou<\/strong> zu nehmen.  <\/p>\n\n\n\n<p class=\"ls-paragraph\">Wusstest du, dass unsere Einrichtung dir kostenlos ein beheiztes Hallenbad zur Verf\u00fcgung stellt? So kannst du gleich zu Beginn der Saison kommen und mit deinen Kindern oder Freunden entspannende Momente beim Spielen verbringen, auch wenn es regnet.   <\/p>\n\n\n\n<p class=\"ls-paragraph\">Der Ort ist sehr gesellig, wir m\u00f6chten, dass unsere Urlauber so viel wie m\u00f6glich vom Wasserbereich profitieren. Diejenigen, die nur eine Entspannungspause machen m\u00f6chten, k\u00f6nnen es sich auf einer der Sonnenliegen, die um den Pool herum auf der Terrasse aufgestellt sind, gem\u00fctlich machen. Es ist auch eine angenehme Art, seine Kinder beim Schwimmen zu beaufsichtigen.   <\/p>\n\n\n\n<p class=\"ls-paragraph\">\u00dcbrigens haben auch die Kleinsten ein eigenes Becken: ein h\u00fcbsches Planschbecken, in dem sie ihre ersten Schritte im Wasser machen k\u00f6nnen, und zwar in aller Sicherheit, denn das Becken ist durch Z\u00e4une gesch\u00fctzt. Damit alle in den Ferien kommen und sich nach Herzenslust vergn\u00fcgen k\u00f6nnen, ist das Erlebnisbad t\u00e4glich von 10.00 bis 19.00 Uhr ge\u00f6ffnet. <\/p>\n<\/div>\n<\/div>\n<\/div>\n<\/div>\n\n\r\n    <\/div>\r\n<\/section><section id=\"ls-section-block_9982d528c16cde91cf48327aecdcd753\" class=\"ls-section  home-fifth page-three\" >\r\n        <div class=\"container container--wide\">\r\n        \n\n<figure class=\"wp-block-image size-full animated fadeIn\"><a href=\"https:\/\/www.camping-erromardie.com\/wp-content\/uploads\/2025\/04\/pays-basque-Itxassou.jpg\"><img loading=\"lazy\" decoding=\"async\" width=\"2000\" height=\"1400\" src=\"https:\/\/www.camping-erromardie.com\/wp-content\/uploads\/2025\/04\/pays-basque-Itxassou.jpg\" alt=\"baskenland Itxassou\" class=\"wp-image-15724\" srcset=\"https:\/\/www.camping-erromardie.com\/wp-content\/uploads\/2025\/04\/pays-basque-Itxassou.jpg 2000w, https:\/\/www.camping-erromardie.com\/wp-content\/uploads\/2025\/04\/pays-basque-Itxassou-300x210.jpg 300w, https:\/\/www.camping-erromardie.com\/wp-content\/uploads\/2025\/04\/pays-basque-Itxassou-1024x717.jpg 1024w, https:\/\/www.camping-erromardie.com\/wp-content\/uploads\/2025\/04\/pays-basque-Itxassou-768x538.jpg 768w, https:\/\/www.camping-erromardie.com\/wp-content\/uploads\/2025\/04\/pays-basque-Itxassou-1536x1075.jpg 1536w\" sizes=\"auto, (max-width: 2000px) 100vw, 2000px\" \/><\/a><\/figure>\n\n\r\n    <\/div>\r\n<\/section><section id=\"ls-section-block_aae30d82620a43b2495c324e573db33d\" class=\"ls-section  page-cta\" >\r\n        <div class=\"container container--wide\">\r\n        \n\n<div id=\"ls-heading ls-titre-div-block_b67950113d767c8b171ea55a406a24e6\" class=\"ls-titre-div aligncenter h2-like has-text-color has-color-1-color\" >\n    Besuche das Baskenland<\/div>\n\n\n\n<div id=\"ls-maillage-block_8e3ee79330cfe52a6adfdd33f85f41fc\" class=\"ls-maillage cta-style-normal\" data-rows=\"4\">\n\n    <div class=\"wp-block-columns\"><div class=\"wp-block-column\">\n\n<a href=\"https:\/\/www.camping-erromardie.com\/de\/san-sebastian\/\" target=\"\" rel=\"noopener\" class=\"ls-cta__link san-sebastian\" data-categ=\" san-sebastian\">\n\t<div class=\"ls-cta__image\"><img decoding=\"async\" src=\"https:\/\/www.camping-erromardie.com\/wp-content\/uploads\/2025\/04\/Donostia.jpg\" alt=\"San Sebastian\"><\/div>\n\t<div class=\"ls-cta__title\">\n\t\tSan Sebastian\t<\/div>\n\n\t<\/a><\/div><div class=\"wp-block-column\">\n\n<a href=\"https:\/\/www.camping-erromardie.com\/de\/atlantische-pyrenaen\/\" target=\"\" rel=\"noopener\" class=\"ls-cta__link atlantische-pyrenaen\" data-categ=\" atlantische-pyrenaen\">\n\t<div class=\"ls-cta__image\"><img decoding=\"async\" src=\"https:\/\/www.camping-erromardie.com\/wp-content\/uploads\/2025\/04\/Pyrenees-Atlantiques.jpg\" alt=\"Die Atlantischen Pyren\u00e4en\"><\/div>\n\t<div class=\"ls-cta__title\">\n\t\tDie Atlantischen Pyren\u00e4en\t<\/div>\n\n\t<\/a><\/div><div class=\"wp-block-column\">\n\n<a href=\"https:\/\/www.camping-erromardie.com\/de\/saint-jean-de-luz\/\" target=\"\" rel=\"noopener\" class=\"ls-cta__link saint-jean-de-luz\" data-categ=\" saint-jean-de-luz\">\n\t<div class=\"ls-cta__image\"><img decoding=\"async\" src=\"https:\/\/www.camping-erromardie.com\/wp-content\/uploads\/2025\/04\/Saint-Jean-de-Luz-Centre-Ville-et-Port-e1745412638780.jpg\" alt=\"Saint Jean de Luz\"><\/div>\n\t<div class=\"ls-cta__title\">\n\t\tSaint Jean de Luz\t<\/div>\n\n\t<\/a><\/div><div class=\"wp-block-column\">\n\n<a href=\"https:\/\/www.camping-erromardie.com\/de\/saint-jean-pied-de-port\/\" target=\"\" rel=\"noopener\" class=\"ls-cta__link saint-jean-pied-de-port\" data-categ=\" saint-jean-pied-de-port\">\n\t<div class=\"ls-cta__image\"><img decoding=\"async\" src=\"https:\/\/www.camping-erromardie.com\/wp-content\/uploads\/2025\/04\/Saint-Jean-Pied-De-Port-Pays-Basque.jpg\" alt=\"Saint Jean Pied de Port\"><\/div>\n\t<div class=\"ls-cta__title\">\n\t\tSaint Jean Pied de Port\t<\/div>\n\n\t<\/a><\/div><\/div><div class=\"wp-block-columns\"><div class=\"wp-block-column\">\n\n<a href=\"https:\/\/www.camping-erromardie.com\/de\/spanisches-baskenland\/\" target=\"\" rel=\"noopener\" class=\"ls-cta__link spanisches-baskenland\" data-categ=\" spanisches-baskenland\">\n\t<div class=\"ls-cta__image\"><img decoding=\"async\" src=\"https:\/\/www.camping-erromardie.com\/wp-content\/uploads\/2025\/04\/donostia-2.jpg\" alt=\"Das spanische Baskenland\"><\/div>\n\t<div class=\"ls-cta__title\">\n\t\tDas spanische Baskenland\t<\/div>\n\n\t<\/a><\/div><div class=\"wp-block-column\">\n\n<a href=\"https:\/\/www.camping-erromardie.com\/de\/urrugne\/\" target=\"\" rel=\"noopener\" class=\"ls-cta__link urrugne\" data-categ=\" urrugne\">\n\t<div class=\"ls-cta__image\"><img decoding=\"async\" src=\"https:\/\/www.camping-erromardie.com\/wp-content\/uploads\/2025\/04\/photos-aeriennes-Urrugne.jpg\" alt=\"Urrugne: ein Dorf mit vielen Gesichtern\"><\/div>\n\t<div class=\"ls-cta__title\">\n\t\tUrrugne: ein Dorf mit vielen Gesichtern\t<\/div>\n\n\t<\/a><\/div><div class=\"wp-block-column\">\n\n<a href=\"https:\/\/www.camping-erromardie.com\/de\/espelette\/\" target=\"\" rel=\"noopener\" class=\"ls-cta__link espelette\" data-categ=\" espelette\">\n\t<div class=\"ls-cta__image\"><img decoding=\"async\" src=\"https:\/\/www.camping-erromardie.com\/wp-content\/uploads\/2025\/04\/Village-espelette.jpg\" alt=\"Espelette\"><\/div>\n\t<div class=\"ls-cta__title\">\n\t\tEspelette\t<\/div>\n\n\t<\/a><\/div><div class=\"wp-block-column\">\n\n<a href=\"https:\/\/www.camping-erromardie.com\/de\/hendaye\/\" target=\"\" rel=\"noopener\" class=\"ls-cta__link hendaye\" data-categ=\" hendaye\">\n\t<div class=\"ls-cta__image\"><img decoding=\"async\" src=\"https:\/\/www.camping-erromardie.com\/wp-content\/uploads\/2025\/04\/hendaye_3-3-e1744808115339.jpg\" alt=\"Hendaye\"><\/div>\n\t<div class=\"ls-cta__title\">\n\t\tHendaye\t<\/div>\n\n\t<\/a><\/div><\/div><div class=\"wp-block-columns\"><div class=\"wp-block-column\">\n\n<a href=\"https:\/\/www.camping-erromardie.com\/de\/hasparren\/\" target=\"\" rel=\"noopener\" class=\"ls-cta__link hasparren\" data-categ=\" hasparren\">\n\t<div class=\"ls-cta__image\"><img decoding=\"async\" src=\"https:\/\/www.camping-erromardie.com\/wp-content\/uploads\/2025\/04\/Village-dHasparran.jpg\" alt=\"Hasparren\"><\/div>\n\t<div class=\"ls-cta__title\">\n\t\tHasparren\t<\/div>\n\n\t<\/a><\/div><div class=\"wp-block-column\">\n\n<a href=\"https:\/\/www.camping-erromardie.com\/de\/itxassou\/\" target=\"\" rel=\"noopener\" class=\"ls-cta__link itxassou\" data-categ=\" itxassou\">\n\t<div class=\"ls-cta__image\"><img decoding=\"async\" src=\"https:\/\/www.camping-erromardie.com\/wp-content\/uploads\/2025\/04\/Riviere-La-Nive-Itxassu.jpg\" alt=\"Itxassou\"><\/div>\n\t<div class=\"ls-cta__title\">\n\t\tItxassou\t<\/div>\n\n\t<\/a><\/div><div class=\"wp-block-column\">\n\n<a href=\"https:\/\/www.camping-erromardie.com\/de\/cambo\/\" target=\"\" rel=\"noopener\" class=\"ls-cta__link cambo\" data-categ=\" cambo\">\n\t<div class=\"ls-cta__image\"><img decoding=\"async\" src=\"https:\/\/www.camping-erromardie.com\/wp-content\/uploads\/2025\/04\/Cambo-les-Bains-paysages.jpg\" alt=\"Cambo\"><\/div>\n\t<div class=\"ls-cta__title\">\n\t\tCambo\t<\/div>\n\n\t<\/a><\/div><div class=\"wp-block-column\">\n\n<a href=\"https:\/\/www.camping-erromardie.com\/de\/bilbao\/\" target=\"\" rel=\"noopener\" class=\"ls-cta__link bilbao\" data-categ=\" bilbao\">\n\t<div class=\"ls-cta__image\"><img decoding=\"async\" src=\"https:\/\/www.camping-erromardie.com\/wp-content\/uploads\/2025\/04\/Bilbao-3.jpg\" alt=\"Bilbao\"><\/div>\n\t<div class=\"ls-cta__title\">\n\t\tBilbao\t<\/div>\n\n\t<\/a><\/div><\/div><div class=\"wp-block-columns\"><div class=\"wp-block-column\">\n\n<a href=\"https:\/\/www.camping-erromardie.com\/de\/bidart\/\" target=\"\" rel=\"noopener\" class=\"ls-cta__link bidart\" data-categ=\" bidart\">\n\t<div class=\"ls-cta__image\"><img decoding=\"async\" src=\"https:\/\/www.camping-erromardie.com\/wp-content\/uploads\/2025\/04\/Bidart.jpg\" alt=\"Bidart\"><\/div>\n\t<div class=\"ls-cta__title\">\n\t\tBidart\t<\/div>\n\n\t<\/a><\/div><div class=\"wp-block-column\">\n\n<a href=\"https:\/\/www.camping-erromardie.com\/de\/bayonne\/\" target=\"\" rel=\"noopener\" class=\"ls-cta__link bayonne\" data-categ=\" bayonne\">\n\t<div class=\"ls-cta__image\"><img decoding=\"async\" src=\"https:\/\/www.camping-erromardie.com\/wp-content\/uploads\/2025\/04\/Bayonne-Couleurs-Basque.jpg\" alt=\"Bayonne\"><\/div>\n\t<div class=\"ls-cta__title\">\n\t\tBayonne\t<\/div>\n\n\t<\/a><\/div><div class=\"wp-block-column\">\n\n<a href=\"https:\/\/www.camping-erromardie.com\/de\/biarritz\/\" target=\"\" rel=\"noopener\" class=\"ls-cta__link biarritz\" data-categ=\" biarritz\">\n\t<div class=\"ls-cta__image\"><img decoding=\"async\" src=\"https:\/\/www.camping-erromardie.com\/wp-content\/uploads\/2025\/04\/musee-de-la-mer-a-Biarritz-Pays-Basque.jpg\" alt=\"Biarritz\"><\/div>\n\t<div class=\"ls-cta__title\">\n\t\tBiarritz\t<\/div>\n\n\t<\/a><\/div><div class=\"wp-block-column\">\n\n<a href=\"https:\/\/www.camping-erromardie.com\/de\/ascain\/\" target=\"\" rel=\"noopener\" class=\"ls-cta__link ascain\" data-categ=\" ascain\">\n\t<div class=\"ls-cta__image\"><img decoding=\"async\" src=\"https:\/\/www.camping-erromardie.com\/wp-content\/uploads\/2025\/04\/Paysages-Ascain-Pays-Basque.jpg\" alt=\"Ascain\"><\/div>\n\t<div class=\"ls-cta__title\">\n\t\tAscain\t<\/div>\n\n\t<\/a><\/div><\/div>\n<\/div>\n\r\n    <\/div>\r\n<\/section>","protected":false},"excerpt":{"rendered":"","protected":false},"author":1,"featured_media":17402,"parent":0,"menu_order":123,"comment_status":"closed","ping_status":"closed","template":"","meta":{"_acf_changed":false,"_seopress_robots_primary_cat":"","_seopress_titles_title":"Camping Baskenland Itxassou: Mobilheimvermietung und Urlaub Itxassou","_seopress_titles_desc":"Verbringe deinen Aufenthalt auf dem Campingplatz La Ferme Erromardie, 30 km von Itxassou entfernt, in einer privilegierten nat\u00fcrlichen Umgebung. Genie\u00dfe komfortable Mobilheime, ein beheiztes Schwimmbad und Sandstr\u00e4nde in der N\u00e4he f\u00fcr einen idealen Urlaub mit der Familie oder mit Freunden.","_seopress_robots_index":"","footnotes":""},"sujet":[],"class_list":["post-18073","page","type-page","status-publish","has-post-thumbnail","hentry"],"acf":[],"_links":{"self":[{"href":"https:\/\/www.camping-erromardie.com\/de\/wp-json\/wp\/v2\/pages\/18073","targetHints":{"allow":["GET"]}}],"collection":[{"href":"https:\/\/www.camping-erromardie.com\/de\/wp-json\/wp\/v2\/pages"}],"about":[{"href":"https:\/\/www.camping-erromardie.com\/de\/wp-json\/wp\/v2\/types\/page"}],"author":[{"embeddable":true,"href":"https:\/\/www.camping-erromardie.com\/de\/wp-json\/wp\/v2\/users\/1"}],"replies":[{"embeddable":true,"href":"https:\/\/www.camping-erromardie.com\/de\/wp-json\/wp\/v2\/comments?post=18073"}],"version-history":[{"count":4,"href":"https:\/\/www.camping-erromardie.com\/de\/wp-json\/wp\/v2\/pages\/18073\/revisions"}],"predecessor-version":[{"id":19378,"href":"https:\/\/www.camping-erromardie.com\/de\/wp-json\/wp\/v2\/pages\/18073\/revisions\/19378"}],"wp:featuredmedia":[{"embeddable":true,"href":"https:\/\/www.camping-erromardie.com\/de\/wp-json\/wp\/v2\/media\/17402"}],"wp:attachment":[{"href":"https:\/\/www.camping-erromardie.com\/de\/wp-json\/wp\/v2\/media?parent=18073"}],"wp:term":[{"taxonomy":"sujet","embeddable":true,"href":"https:\/\/www.camping-erromardie.com\/de\/wp-json\/wp\/v2\/sujet?post=18073"}],"curies":[{"name":"wp","href":"https:\/\/api.w.org\/{rel}","templated":true}]}}