{"id":18056,"date":"2025-04-17T00:24:42","date_gmt":"2025-04-16T22:24:42","guid":{"rendered":"https:\/\/www.camping-erromardie.com\/camping-pays-basque-espagnol\/"},"modified":"2025-06-12T11:46:00","modified_gmt":"2025-06-12T09:46:00","slug":"campingplatz-spanisches-baskenland","status":"publish","type":"page","link":"https:\/\/www.camping-erromardie.com\/de\/campingplatz-spanisches-baskenland\/","title":{"rendered":"Campingplatz Spanisches Baskenland"},"content":{"rendered":"<section id=\"ls-section-block_4e683be2df90b5809091d2566f152895\" class=\"ls-section  page-titre\" >\r\n        <div class=\"container container--wide\">\r\n        \n\n<h1 class=\"ls__heading wp-block-heading has-text-align-center has-color-4-color has-text-color has-link-color wp-elements-6becd99c3e2a653ecadaaf14a088bf91\">Campingplatz Spanisches Baskenland<\/h1>\n\n\n\n<p class=\"ls-paragraph has-text-align-center\">\u00c0 quelques minutes de la fronti\u00e8re, la <a href=\"https:\/\/www.camping-erromardie.com\/\" data-type=\"page\" data-id=\"270\">ferme Erromardie<\/a> vous propose de s\u00e9journer face \u00e0 la plage et de profiter de vacances les pieds dans l\u2019eau dans votre <a href=\"https:\/\/www.camping-erromardie.com\/camping-pays-basque-espagnol\/\" data-type=\"page\" data-id=\"15615\"><strong>camping Pays basque espagnol<\/strong>.<\/a><br\/><\/p>\n\n\r\n    <\/div>\r\n<\/section><section id=\"ls-section-block_654fbd9420e252315a482efaf8599c5b\" class=\"ls-section  home-first page-one has-p-b p-b-14\" >\r\n        <div class=\"container container--wide\">\r\n        \n\n<div class=\"wp-block-columns is-layout-flex wp-container-core-columns-is-layout-9d6595d7 wp-block-columns-is-layout-flex\">\n<div class=\"wp-block-column is-layout-flow wp-block-column-is-layout-flow\" style=\"flex-basis:33.33%\">\n<div class=\"wp-block-columns is-layout-flex wp-container-core-columns-is-layout-9d6595d7 wp-block-columns-is-layout-flex\">\n<div class=\"wp-block-column column-border is-layout-flow wp-block-column-is-layout-flow\">\n<h2 class=\"ls__heading wp-block-heading has-color-1-color has-text-color has-link-color wp-elements-9ad7dbe8111adf01e4c37a2a83bdc282\">Camping am Meer im spanischen Baskenland<\/h2>\n\n\n\n<p class=\"ls-paragraph\">D\u00e9couvrez des paysages sublimes et un patrimoine unique en <a href=\"https:\/\/www.camping-erromardie.com\/pays-basque\/terre-basque\/\" data-type=\"post\" data-id=\"13909\">terre basque<\/a> en r\u00e9servant dans un <strong>camping en bord de mer Pays Basque espagnol<\/strong>. Profitez de 25 hectares de domaine arbor\u00e9 qui s\u2019\u00e9tendent le long de la sublime plage d\u2019Erromardie.<\/p>\n\n\n\n<p class=\"ls-paragraph\">Der <strong>Campingplatz<\/strong> Erromardie <strong>im spanischen Baskenland am Meer<\/strong> bietet dir grasbewachsene Stellpl\u00e4tze und charmante Mietunterk\u00fcnfte, die nur wenige Meter vom Ozean entfernt sind. Du schl\u00e4fst im Rhythmus der Wellen ein und genie\u00dft den Duft der Gischt schon beim Fr\u00fchst\u00fcck von deiner Terrasse aus. Die Lage des Campingplatzes direkt am Wasser ist ideal f\u00fcr Surfer und erm\u00f6glicht es dir, mit dem Surfbrett unter dem Arm zu leben, ohne sich bewegen oder parken zu m\u00fcssen.    <\/p>\n\n\n\n<p class=\"ls-paragraph\">Genie\u00dfe die Wellen des Atlantiks in vollen Z\u00fcgen, wenn du auf dem <strong>spanischen Campingplatz Baskenland<\/strong> auf dem Bauernhof Erromardie \u00fcbernachtest. Jeden Abend erwarten dich die sch\u00f6nsten Sonnenunterg\u00e4nge \u00fcber dem Ozean. Die Weite des feinen Sandes l\u00e4dt dich zum Faulenzen, Spielen mit der Familie und abendlichen Spazierg\u00e4ngen ein.    <\/p>\n\n\n\n<p class=\"ls-paragraph\">Auf dem Bauernhof Erromardie kannst du diese einzigartige Umgebung genie\u00dfen, die die Erwartungen aller Urlauber erf\u00fcllt: Familien mit Kindern, Gruppen von Freunden, Surfer und Paare auf der Suche nach Romantik.<\/p>\n<\/div>\n<\/div>\n<\/div>\n\n\n\n<div class=\"wp-block-column is-layout-flow wp-block-column-is-layout-flow\" style=\"flex-basis:66.66%\">\n<figure class=\"wp-block-gallery has-nested-images columns-default is-cropped wp-block-gallery-1 is-layout-flex wp-block-gallery-is-layout-flex\">\n<figure class=\"wp-block-image size-full animated fadeIn delay-200ms\"><a href=\"https:\/\/www.camping-erromardie.com\/wp-content\/uploads\/2025\/04\/Camping-Erromardie-environnement-141-2.jpg\"><img loading=\"lazy\" decoding=\"async\" width=\"2000\" height=\"1335\" data-id=\"14630\" src=\"https:\/\/www.camping-erromardie.com\/wp-content\/uploads\/2025\/04\/Camping-Erromardie-environnement-141-2.jpg\" alt=\"Campingplatz Erromardie umwelt 141\" class=\"wp-image-14630\" srcset=\"https:\/\/www.camping-erromardie.com\/wp-content\/uploads\/2025\/04\/Camping-Erromardie-environnement-141-2.jpg 2000w, https:\/\/www.camping-erromardie.com\/wp-content\/uploads\/2025\/04\/Camping-Erromardie-environnement-141-2-300x200.jpg 300w, https:\/\/www.camping-erromardie.com\/wp-content\/uploads\/2025\/04\/Camping-Erromardie-environnement-141-2-1024x684.jpg 1024w, https:\/\/www.camping-erromardie.com\/wp-content\/uploads\/2025\/04\/Camping-Erromardie-environnement-141-2-768x513.jpg 768w, https:\/\/www.camping-erromardie.com\/wp-content\/uploads\/2025\/04\/Camping-Erromardie-environnement-141-2-1536x1025.jpg 1536w\" sizes=\"auto, (max-width: 2000px) 100vw, 2000px\" \/><\/a><\/figure>\n\n\n\n<figure class=\"wp-block-image size-full animated fadeIn\"><a href=\"https:\/\/www.camping-erromardie.com\/wp-content\/uploads\/2025\/04\/Pays-basque-espagnol-provinces-1.jpg\"><img loading=\"lazy\" decoding=\"async\" width=\"2000\" height=\"1500\" data-id=\"17050\" src=\"https:\/\/www.camping-erromardie.com\/wp-content\/uploads\/2025\/04\/Pays-basque-espagnol-provinces-1.jpg\" alt=\"Baskenland Spanisch Provinzen\" class=\"wp-image-17050\" srcset=\"https:\/\/www.camping-erromardie.com\/wp-content\/uploads\/2025\/04\/Pays-basque-espagnol-provinces-1.jpg 2000w, https:\/\/www.camping-erromardie.com\/wp-content\/uploads\/2025\/04\/Pays-basque-espagnol-provinces-1-300x225.jpg 300w, https:\/\/www.camping-erromardie.com\/wp-content\/uploads\/2025\/04\/Pays-basque-espagnol-provinces-1-1024x768.jpg 1024w, https:\/\/www.camping-erromardie.com\/wp-content\/uploads\/2025\/04\/Pays-basque-espagnol-provinces-1-768x576.jpg 768w, https:\/\/www.camping-erromardie.com\/wp-content\/uploads\/2025\/04\/Pays-basque-espagnol-provinces-1-1536x1152.jpg 1536w\" sizes=\"auto, (max-width: 2000px) 100vw, 2000px\" \/><\/a><\/figure>\n<\/figure>\n<\/div>\n<\/div>\n\n\r\n    <\/div>\r\n<\/section><section id=\"ls-section-block_9721f2d70c62bc43ef4f7560bbb5787b\" class=\"ls-section  home-first page-two has-background has-color-6-background-color\" >\r\n        <div class=\"container container--wide\">\r\n        \n\n<div class=\"wp-block-columns is-layout-flex wp-container-core-columns-is-layout-9d6595d7 wp-block-columns-is-layout-flex\">\n<div class=\"wp-block-column is-layout-flow wp-block-column-is-layout-flow\" style=\"flex-basis:66.66%\">\n<figure class=\"wp-block-gallery has-nested-images columns-default is-cropped wp-block-gallery-2 is-layout-flex wp-block-gallery-is-layout-flex\">\n<figure class=\"wp-block-image size-full animated fadeIn delay-200ms\"><a href=\"https:\/\/www.camping-erromardie.com\/wp-content\/uploads\/2025\/04\/enfants-dans-la-piscine-scaled-1.jpg\"><img loading=\"lazy\" decoding=\"async\" width=\"1334\" height=\"2000\" data-id=\"17410\" src=\"https:\/\/www.camping-erromardie.com\/wp-content\/uploads\/2025\/04\/enfants-dans-la-piscine-scaled-1.jpg\" alt=\"Kinder im Scaled Pool\" class=\"wp-image-17410\" srcset=\"https:\/\/www.camping-erromardie.com\/wp-content\/uploads\/2025\/04\/enfants-dans-la-piscine-scaled-1.jpg 1334w, https:\/\/www.camping-erromardie.com\/wp-content\/uploads\/2025\/04\/enfants-dans-la-piscine-scaled-1-200x300.jpg 200w, https:\/\/www.camping-erromardie.com\/wp-content\/uploads\/2025\/04\/enfants-dans-la-piscine-scaled-1-683x1024.jpg 683w, https:\/\/www.camping-erromardie.com\/wp-content\/uploads\/2025\/04\/enfants-dans-la-piscine-scaled-1-768x1151.jpg 768w, https:\/\/www.camping-erromardie.com\/wp-content\/uploads\/2025\/04\/enfants-dans-la-piscine-scaled-1-1025x1536.jpg 1025w\" sizes=\"auto, (max-width: 1334px) 100vw, 1334px\" \/><\/a><\/figure>\n\n\n\n<figure class=\"wp-block-image size-full animated fadeIn\"><a href=\"https:\/\/www.camping-erromardie.com\/wp-content\/uploads\/2025\/04\/Camping-Erromardie-piscine-chauffee-1.jpg\"><img loading=\"lazy\" decoding=\"async\" width=\"2027\" height=\"1350\" data-id=\"17362\" src=\"https:\/\/www.camping-erromardie.com\/wp-content\/uploads\/2025\/04\/Camping-Erromardie-piscine-chauffee-1.jpg\" alt=\"Campingplatz Erromardie mit beheiztem Schwimmbad\" class=\"wp-image-17362\" srcset=\"https:\/\/www.camping-erromardie.com\/wp-content\/uploads\/2025\/04\/Camping-Erromardie-piscine-chauffee-1.jpg 2027w, https:\/\/www.camping-erromardie.com\/wp-content\/uploads\/2025\/04\/Camping-Erromardie-piscine-chauffee-1-300x200.jpg 300w, https:\/\/www.camping-erromardie.com\/wp-content\/uploads\/2025\/04\/Camping-Erromardie-piscine-chauffee-1-1024x682.jpg 1024w, https:\/\/www.camping-erromardie.com\/wp-content\/uploads\/2025\/04\/Camping-Erromardie-piscine-chauffee-1-768x511.jpg 768w, https:\/\/www.camping-erromardie.com\/wp-content\/uploads\/2025\/04\/Camping-Erromardie-piscine-chauffee-1-1536x1023.jpg 1536w\" sizes=\"auto, (max-width: 2027px) 100vw, 2027px\" \/><\/a><\/figure>\n<\/figure>\n<\/div>\n\n\n\n<div class=\"wp-block-column is-layout-flow wp-block-column-is-layout-flow\" style=\"flex-basis:33.33%\">\n<div class=\"wp-block-columns is-layout-flex wp-container-core-columns-is-layout-9d6595d7 wp-block-columns-is-layout-flex\">\n<div class=\"wp-block-column column-border is-layout-flow wp-block-column-is-layout-flow\">\n<h2 class=\"ls__heading wp-block-heading has-color-1-color has-text-color has-link-color wp-elements-d414ed3d2a236ecc890719a594efa6c1\">Campingplatz auf spanischer Seite mit Pool<\/h2>\n\n\n\n<p class=\"ls-paragraph\">Vous recherchez un camping avec piscine pour vos prochaines vacances dans le <a href=\"https:\/\/www.camping-erromardie.com\/pays-basque-espagnol\/\" data-type=\"categorydescription\" data-id=\"16901\">Pays Basque espagnol<\/a> ? <\/p>\n\n\n\n<p class=\"ls-paragraph\">Der Bauernhof Erromardie, der ideal am Meer gelegen ist, bietet dir die M\u00f6glichkeit, die Wasserfreuden zu variieren, indem du seinen Wasserbereich gegen\u00fcber dem sch\u00f6nen Strand von Erromardie nutzt. Das perfekte Ziel f\u00fcr Urlauber, die auf der Suche nach einem <strong>Campingplatz im spanischen Baskenland mit beheiztem Schwimmbad<\/strong> sind. Die 4-Sterne-Anlage \u00f6ffnet dir t\u00e4glich von 10 bis 19 Uhr die T\u00fcren ihres Schwimmbads. Hier kannst du die Sonne auf einer Sonnenliege und die ideale Wassertemperatur genie\u00dfen, nur wenige Meter von den Wellen des Ozeans entfernt. Der Pool ist ein beliebter Treffpunkt f\u00fcr Urlauber in Erromardie, wo auch die j\u00fcngsten Kinder sicher schwimmen und das Wasser genie\u00dfen k\u00f6nnen.     <\/p>\n\n\n\n<p class=\"ls-paragraph\">Und das Beste: Der 4-Sterne-Betrieb l\u00e4dt dich ein, auf einem <strong>Campingplatz im spanischen Baskenland mit Hallenbad<\/strong> zu \u00fcbernachten: So kannst du schon in den fr\u00fchen Morgenstunden Badefreuden genie\u00dfen, selbst zu Beginn der Saison. Kein Regenschauer wird dir die Wohltaten des beheizten Schwimmbads w\u00e4hrend deines Urlaubs auf dem <strong>spanischen Campingplatz Baskenland<\/strong> des Bauernhofs Erromardie vorenthalten! <\/p>\n<\/div>\n<\/div>\n<\/div>\n<\/div>\n\n\r\n    <\/div>\r\n<\/section><section id=\"ls-section-block_2fae66264f2ea7a4d0c717fb4ab2338f\" class=\"ls-section  home-fifth page-three\" >\r\n        <div class=\"container container--wide\">\r\n        \n\n<figure class=\"wp-block-image size-full animated fadeIn\"><a href=\"https:\/\/www.camping-erromardie.com\/wp-content\/uploads\/2025\/04\/pays-basque-espagnol-gaztelugatxe.jpg\"><img loading=\"lazy\" decoding=\"async\" width=\"2000\" height=\"1400\" src=\"https:\/\/www.camping-erromardie.com\/wp-content\/uploads\/2025\/04\/pays-basque-espagnol-gaztelugatxe.jpg\" alt=\"baskenland spanisch gaztelugatxe\" class=\"wp-image-17404\" srcset=\"https:\/\/www.camping-erromardie.com\/wp-content\/uploads\/2025\/04\/pays-basque-espagnol-gaztelugatxe.jpg 2000w, https:\/\/www.camping-erromardie.com\/wp-content\/uploads\/2025\/04\/pays-basque-espagnol-gaztelugatxe-300x210.jpg 300w, https:\/\/www.camping-erromardie.com\/wp-content\/uploads\/2025\/04\/pays-basque-espagnol-gaztelugatxe-1024x717.jpg 1024w, https:\/\/www.camping-erromardie.com\/wp-content\/uploads\/2025\/04\/pays-basque-espagnol-gaztelugatxe-768x538.jpg 768w, https:\/\/www.camping-erromardie.com\/wp-content\/uploads\/2025\/04\/pays-basque-espagnol-gaztelugatxe-1536x1075.jpg 1536w\" sizes=\"auto, (max-width: 2000px) 100vw, 2000px\" \/><\/a><\/figure>\n\n\n\n<h2 class=\"ls__heading wp-block-heading has-color-1-color has-text-color has-link-color wp-elements-a8688e19cf3e1de0c035ee1e8c293e1d\">Mit dem Wohnmobil durch das spanische Baskenland fahren<\/h2>\n\n\n\n<p class=\"ls-paragraph\">Von Fontarrabie \u00fcber San Sebastian bis Bilbao kannst du mit dem <strong>Wohnmobil durch das spanische Baskenland<\/strong> fahren und dabei au\u00dfergew\u00f6hnliche Landschaften und ein au\u00dfergew\u00f6hnliches Kulturerbe entdecken. Der Bauernhof Erromardie empf\u00e4ngt dich auf seinen grasbewachsenen und sch\u00f6n bepflanzten Stellpl\u00e4tzen f\u00fcr einen Zwischenstopp in idealer Lage, nur wenige Minuten von der spanischen Grenze entfernt.   <\/p>\n\n\n\n<p class=\"ls-paragraph\">D\u2019une superficie moyenne de 80 m2, nos parcelles pour caravanes et camping-cars sont orient\u00e9es vers l\u2019oc\u00e9an pour vous offrir un cadre de s\u00e9jour unique en bord de mer. L\u2019\u00e9lectricit\u00e9 16 amp\u00e8res vous permet de profiter sans contrainte des \u00e9quipements de votre v\u00e9hicule am\u00e9nag\u00e9. Destination id\u00e9ale si vous cherchez une <strong>aire de camping-car Pays Basque espagnol<\/strong>, la ferme Erromardie vous invite par sa situation aux plus beaux itin\u00e9raires dans le Pays Basque c\u00f4t\u00e9 espagnol : la route des cols frontaliers, le littoral de Fontarrabie \u00e0 <a href=\"https:\/\/www.camping-erromardie.com\/san-sebastian\/\" data-type=\"category\" data-id=\"53\">San Sebastian<\/a>, les f\u00eates de Pampelune, ou encore le circuit des sites historiques et culturels avec le Guggenheim de <a href=\"https:\/\/www.camping-erromardie.com\/bilbao\/\" data-type=\"categorydescription\" data-id=\"16833\">Bilbao<\/a> et la ville de Guernica.<\/p>\n\n\n\n<p class=\"ls-paragraph\">S\u00e9journez sur un emplacement exceptionnel face \u00e0 l\u2019oc\u00e9an au camping de la Ferme Erromardie pour visiter dans les meilleures conditions <strong>le Pays Basque espagnol en camping-car<\/strong> ! Pour pr\u00e9parer votre visite, n\u2019h\u00e9sitez pas \u00e0 consulter notre <a href=\"https:\/\/www.camping-erromardie.com\/pays-basque-espagnol\/carte-pays-basque-espagnol\/\" data-type=\"post\" data-id=\"14725\">carte du Pays Basque espagnol<\/a>.<\/p>\n\n\n\n<p class=\"ls-paragraph\">Vous ne savez pas quelle ville espagnole choisir pour votre s\u00e9jour ? Pour vous d\u00e9cider, consulter les pages du <a href=\"https:\/\/www.camping-erromardie.com\/camping-bilbao\/\" data-type=\"page\" data-id=\"342\">camping Bilbao<\/a> et <a href=\"https:\/\/www.camping-erromardie.com\/camping-san-sebastian\/\" data-type=\"page\" data-id=\"378\">camping San Sebastian<\/a> !<\/p>\n\n\r\n    <\/div>\r\n<\/section><section id=\"ls-section-block_4768a509b124056d46127649a7163a79\" class=\"ls-section  page-cta\" >\r\n        <div class=\"container container--wide\">\r\n        \n\n<div id=\"ls-heading ls-titre-div-block_828861bc7ac48bbbf0b35ef83330c986\" class=\"ls-titre-div aligncenter h2-like has-text-color has-color-1-color\" >\n    Besuche das spanische Baskenland<\/div>\n\n\n\n<div id=\"ls-maillage-block_47704fa2da0dd4eea8ae213bf768a8cb\" class=\"ls-maillage cta-style-normal\" data-rows=\"4\">\n\n    <div class=\"wp-block-columns\"><div class=\"wp-block-column\">\n\n<a href=\"https:\/\/www.camping-erromardie.com\/de\/san-sebastian\/\" target=\"\" rel=\"noopener\" class=\"ls-cta__link san-sebastian\" data-categ=\" san-sebastian\">\n\t<div class=\"ls-cta__image\"><img decoding=\"async\" src=\"https:\/\/www.camping-erromardie.com\/wp-content\/uploads\/2025\/04\/Donostia.jpg\" alt=\"San Sebastian\"><\/div>\n\t<div class=\"ls-cta__title\">\n\t\tSan Sebastian\t<\/div>\n\n\t<\/a><\/div><div class=\"wp-block-column\">\n\n<a href=\"https:\/\/www.camping-erromardie.com\/de\/atlantische-pyrenaen\/\" target=\"\" rel=\"noopener\" class=\"ls-cta__link atlantische-pyrenaen\" data-categ=\" atlantische-pyrenaen\">\n\t<div class=\"ls-cta__image\"><img decoding=\"async\" src=\"https:\/\/www.camping-erromardie.com\/wp-content\/uploads\/2025\/04\/Pyrenees-Atlantiques.jpg\" alt=\"Die Atlantischen Pyren\u00e4en\"><\/div>\n\t<div class=\"ls-cta__title\">\n\t\tDie Atlantischen Pyren\u00e4en\t<\/div>\n\n\t<\/a><\/div><div class=\"wp-block-column\">\n\n<a href=\"https:\/\/www.camping-erromardie.com\/de\/spanisches-baskenland\/\" target=\"\" rel=\"noopener\" class=\"ls-cta__link spanisches-baskenland\" data-categ=\" spanisches-baskenland\">\n\t<div class=\"ls-cta__image\"><img decoding=\"async\" src=\"https:\/\/www.camping-erromardie.com\/wp-content\/uploads\/2025\/04\/donostia-2.jpg\" alt=\"Das spanische Baskenland\"><\/div>\n\t<div class=\"ls-cta__title\">\n\t\tDas spanische Baskenland\t<\/div>\n\n\t<\/a><\/div><div class=\"wp-block-column\">\n\n<a href=\"https:\/\/www.camping-erromardie.com\/de\/bilbao\/\" target=\"\" rel=\"noopener\" class=\"ls-cta__link bilbao\" data-categ=\" bilbao\">\n\t<div class=\"ls-cta__image\"><img decoding=\"async\" src=\"https:\/\/www.camping-erromardie.com\/wp-content\/uploads\/2025\/04\/Bilbao-3.jpg\" alt=\"Bilbao\"><\/div>\n\t<div class=\"ls-cta__title\">\n\t\tBilbao\t<\/div>\n\n\t<\/a><\/div><\/div>\n<\/div>\n\r\n    <\/div>\r\n<\/section>","protected":false},"excerpt":{"rendered":"","protected":false},"author":1,"featured_media":15628,"parent":0,"menu_order":56,"comment_status":"closed","ping_status":"closed","template":"","meta":{"_acf_changed":false,"_seopress_robots_primary_cat":"","_seopress_titles_title":"Camping Spanisches Baskenland | Mobilheimvermietung Spanisches Baskenland","_seopress_titles_desc":"\u00dcbernimm einen Aufenthalt auf dem Campingplatz La Ferme Erromardie, der direkt am Meer nahe der spanischen Grenze liegt, und entdecke das spanische Baskenland. Genie\u00dfe komfortable Mobilheime, ein beheiztes Schwimmbad und einen Strand, der nur wenige Schritte entfernt ist. Erkunde die Region mit dem Wohnmobil und profitiere von attraktiven Preisen f\u00fcr einen g\u00fcnstigen Aufenthalt in einem 4-Sterne-Hotel.  ","_seopress_robots_index":"","footnotes":""},"sujet":[],"class_list":["post-18056","page","type-page","status-publish","has-post-thumbnail","hentry"],"acf":[],"_links":{"self":[{"href":"https:\/\/www.camping-erromardie.com\/de\/wp-json\/wp\/v2\/pages\/18056","targetHints":{"allow":["GET"]}}],"collection":[{"href":"https:\/\/www.camping-erromardie.com\/de\/wp-json\/wp\/v2\/pages"}],"about":[{"href":"https:\/\/www.camping-erromardie.com\/de\/wp-json\/wp\/v2\/types\/page"}],"author":[{"embeddable":true,"href":"https:\/\/www.camping-erromardie.com\/de\/wp-json\/wp\/v2\/users\/1"}],"replies":[{"embeddable":true,"href":"https:\/\/www.camping-erromardie.com\/de\/wp-json\/wp\/v2\/comments?post=18056"}],"version-history":[{"count":14,"href":"https:\/\/www.camping-erromardie.com\/de\/wp-json\/wp\/v2\/pages\/18056\/revisions"}],"predecessor-version":[{"id":19823,"href":"https:\/\/www.camping-erromardie.com\/de\/wp-json\/wp\/v2\/pages\/18056\/revisions\/19823"}],"wp:featuredmedia":[{"embeddable":true,"href":"https:\/\/www.camping-erromardie.com\/de\/wp-json\/wp\/v2\/media\/15628"}],"wp:attachment":[{"href":"https:\/\/www.camping-erromardie.com\/de\/wp-json\/wp\/v2\/media?parent=18056"}],"wp:term":[{"taxonomy":"sujet","embeddable":true,"href":"https:\/\/www.camping-erromardie.com\/de\/wp-json\/wp\/v2\/sujet?post=18056"}],"curies":[{"name":"wp","href":"https:\/\/api.w.org\/{rel}","templated":true}]}}