{"id":18046,"date":"2025-04-17T00:49:10","date_gmt":"2025-04-16T22:49:10","guid":{"rendered":"https:\/\/www.camping-erromardie.com\/camping-qualite-aquitaine\/"},"modified":"2025-06-12T13:20:38","modified_gmt":"2025-06-12T11:20:38","slug":"camping-qualite","status":"publish","type":"page","link":"https:\/\/www.camping-erromardie.com\/de\/camping-qualite\/","title":{"rendered":"Camping-Qualit\u00e4tssiegel Aquitaine"},"content":{"rendered":"<section id=\"ls-section-block_c8876667e8382225f8739ab2da891627\" class=\"ls-section  page-titre\" >\r\n        <div class=\"container container--wide\">\r\n        \n\n<h1 class=\"ls__heading wp-block-heading has-text-align-center has-color-4-color has-text-color has-link-color wp-elements-d0abaa024ef94e743a60de5d96e650b2\"> Camping-Qualit\u00e4tssiegel Aquitaine<\/h1>\n\n\r\n    <\/div>\r\n<\/section><section id=\"ls-section-block_41c8e56a7d74f99d314599b2a141d891\" class=\"ls-section  home-first page-one has-p-b p-b-14\" >\r\n        <div class=\"container container--wide\">\r\n        \n\n<div class=\"wp-block-columns is-layout-flex wp-container-core-columns-is-layout-9d6595d7 wp-block-columns-is-layout-flex\">\n<div class=\"wp-block-column is-layout-flow wp-block-column-is-layout-flow\" style=\"flex-basis:33.33%\">\n<div class=\"wp-block-columns is-layout-flex wp-container-core-columns-is-layout-9d6595d7 wp-block-columns-is-layout-flex\">\n<div class=\"wp-block-column column-border is-layout-flow wp-block-column-is-layout-flow\">\n<h2 class=\"ls__heading wp-block-heading has-color-1-color has-text-color has-link-color wp-elements-36c5f949176c0fe5fd31db184b1405f9\">Was ist das Camping-Qualit\u00e4tssiegel?  <\/h2>\n\n\n\n<p class=\"ls-paragraph\">In Frankreich gibt es derzeit mehrere Tausend Freilufthotels. W\u00e4hrend fr\u00fcher Camping mit Urlaub in der Unterschicht assoziiert wurde, haben sich diese Familienbetriebe zu luxuri\u00f6sen Unterk\u00fcnften entwickelt. Die Campingpl\u00e4tze bem\u00fchen sich um eine <strong>hohe Qualit\u00e4t<\/strong>, um immer mehr Urlauber anzulocken. Die Wahl des richtigen Campingplatzes ist f\u00fcr einen gelungenen Urlaub von entscheidender Bedeutung.   <\/p>\n\n\n\n<p class=\"ls-paragraph\">Gl\u00fccklicherweise gibt es heute <strong>Qualit\u00e4tssiegel<\/strong>, die dir die Suche erleichtern. Das <strong>Camping-Qualit\u00e4tssiegel<\/strong> ist eine dieser Auszeichnungen. Es bescheinigt die <strong>Qualit\u00e4t eines Freilufthotels<\/strong> in Bezug auf die Umgebung und den Service. Wenn du dich der <strong>Charta Camping Qualit\u00e9<\/strong>&#8220; anschlie\u00dft, m\u00fcssen die Betreiber von Hotels unter freiem Himmel \u00fcber 600 Kriterien erf\u00fcllen. Die wichtigsten davon sind: ein herzlicher und freundlicher Empfang, einwandfreie Sauberkeit, wahrheitsgem\u00e4\u00dfe und genaue Informationen, ein eigener Stellplatz und eine gesch\u00fctzte und respektierte Umwelt. Das ist die Garantie, einen Aufenthalt auf einem <strong>Campingplatz zu<\/strong> verbringen, <strong>der f\u00fcr diese Qualit\u00e4ten anerkannt<\/strong> ist. Ein <strong>Campingplatz mit dem Qualit\u00e4tssiegel Camping Qualit\u00e9<\/strong> erf\u00fcllt die Anforderungen der Urlauber. Um die Dienstleistungen zu verbessern und ihnen immer zufriedenstellendere Leistungen zu garantieren, werden diese Campingpl\u00e4tze mit dem Qualit\u00e4tssiegel regelm\u00e4\u00dfig Qualit\u00e4tskontrollen unterzogen.      <\/p>\n\n\n\n<figure class=\"wp-block-image size-full\"><img loading=\"lazy\" decoding=\"async\" width=\"240\" height=\"240\" src=\"https:\/\/www.camping-erromardie.com\/wp-content\/uploads\/2025\/04\/camping-qualite-pays-basque-2-edited.png\" alt=\"camping qualite baskenland 2\" class=\"wp-image-15672\" srcset=\"https:\/\/www.camping-erromardie.com\/wp-content\/uploads\/2025\/04\/camping-qualite-pays-basque-2-edited.png 240w, https:\/\/www.camping-erromardie.com\/wp-content\/uploads\/2025\/04\/camping-qualite-pays-basque-2-edited-150x150.png 150w\" sizes=\"auto, (max-width: 240px) 100vw, 240px\" \/><\/figure>\n<\/div>\n<\/div>\n<\/div>\n\n\n\n<div class=\"wp-block-column is-layout-flow wp-block-column-is-layout-flow\" style=\"flex-basis:66.66%\">\n<figure class=\"wp-block-gallery has-nested-images columns-default is-cropped wp-block-gallery-1 is-layout-flex wp-block-gallery-is-layout-flex\">\n<figure class=\"wp-block-image size-full animated fadeIn delay-200ms\"><a href=\"https:\/\/www.camping-erromardie.com\/wp-content\/uploads\/2025\/04\/Accueil-camping-Erromardie.jpg\"><img loading=\"lazy\" decoding=\"async\" width=\"2022\" height=\"1350\" data-id=\"17130\" src=\"https:\/\/www.camping-erromardie.com\/wp-content\/uploads\/2025\/04\/Accueil-camping-Erromardie.jpg\" alt=\"Startseite Campingplatz Erromardie\" class=\"wp-image-17130\" srcset=\"https:\/\/www.camping-erromardie.com\/wp-content\/uploads\/2025\/04\/Accueil-camping-Erromardie.jpg 2022w, https:\/\/www.camping-erromardie.com\/wp-content\/uploads\/2025\/04\/Accueil-camping-Erromardie-300x200.jpg 300w, https:\/\/www.camping-erromardie.com\/wp-content\/uploads\/2025\/04\/Accueil-camping-Erromardie-1024x684.jpg 1024w, https:\/\/www.camping-erromardie.com\/wp-content\/uploads\/2025\/04\/Accueil-camping-Erromardie-768x513.jpg 768w, https:\/\/www.camping-erromardie.com\/wp-content\/uploads\/2025\/04\/Accueil-camping-Erromardie-1536x1026.jpg 1536w\" sizes=\"auto, (max-width: 2022px) 100vw, 2022px\" \/><\/a><\/figure>\n\n\n\n<figure class=\"wp-block-image size-full animated fadeIn\"><a href=\"https:\/\/www.camping-erromardie.com\/wp-content\/uploads\/2025\/04\/Ferme-Erromardie-selection-GT-etalo42.webp\"><img loading=\"lazy\" decoding=\"async\" width=\"2395\" height=\"1600\" data-id=\"14256\" src=\"https:\/\/www.camping-erromardie.com\/wp-content\/uploads\/2025\/04\/Ferme-Erromardie-selection-GT-etalo42.webp\" alt=\"Bauernhof Erromardie selection GT etalo42\" class=\"wp-image-14256\" srcset=\"https:\/\/www.camping-erromardie.com\/wp-content\/uploads\/2025\/04\/Ferme-Erromardie-selection-GT-etalo42.webp 2395w, https:\/\/www.camping-erromardie.com\/wp-content\/uploads\/2025\/04\/Ferme-Erromardie-selection-GT-etalo42-300x200.webp 300w, https:\/\/www.camping-erromardie.com\/wp-content\/uploads\/2025\/04\/Ferme-Erromardie-selection-GT-etalo42-1024x684.webp 1024w, https:\/\/www.camping-erromardie.com\/wp-content\/uploads\/2025\/04\/Ferme-Erromardie-selection-GT-etalo42-768x513.webp 768w, https:\/\/www.camping-erromardie.com\/wp-content\/uploads\/2025\/04\/Ferme-Erromardie-selection-GT-etalo42-1536x1026.webp 1536w, https:\/\/www.camping-erromardie.com\/wp-content\/uploads\/2025\/04\/Ferme-Erromardie-selection-GT-etalo42-2048x1368.webp 2048w\" sizes=\"auto, (max-width: 2395px) 100vw, 2395px\" \/><\/a><\/figure>\n<\/figure>\n<\/div>\n<\/div>\n\n\r\n    <\/div>\r\n<\/section><section id=\"ls-section-block_df56d88c862d154c4c9f6c2214bf1a3a\" class=\"ls-section  page-cta\" >\r\n        <div class=\"container container--wide\">\r\n        \n\n<div id=\"ls-heading ls-titre-div-block_4d9bf6a1bb4189f60b33865be6c1a25a\" class=\"ls-titre-div aligncenter h2-like has-text-color has-color-1-color\" >\n    F\u00fcr deinen g\u00fcnstigen Aufenthalt im Baskenland<\/div>\n\n\n\n<div id=\"ls-maillage-block_e8b462f4102c0787985026f3f6c3851d\" class=\"ls-maillage cta-style-normal\" data-rows=\"3\">\n\n    <div class=\"wp-block-columns\"><div class=\"wp-block-column\">\n\n<a href=\"https:\/\/www.camping-erromardie.com\/de\/camping-vacaf\/\" target=\"\" rel=\"noopener\" class=\"ls-cta__link\" data-categ=\"\">\n\t<div class=\"ls-cta__image\"><img decoding=\"async\" src=\"https:\/\/www.camping-erromardie.com\/wp-content\/uploads\/2025\/04\/Vacaf.jpg\" alt=\"\"><\/div>\n\t<div class=\"ls-cta__title\">\n\t\tCampingplatz Vacaf Baskenland\t<\/div>\n\n\t<\/a><\/div><div class=\"wp-block-column\">\n\n<a href=\"https:\/\/www.camping-erromardie.com\/de\/camping-acsi\/\" target=\"\" rel=\"noopener\" class=\"ls-cta__link\" data-categ=\"\">\n\t<div class=\"ls-cta__image\"><img decoding=\"async\" src=\"https:\/\/www.camping-erromardie.com\/wp-content\/uploads\/2025\/04\/Acsi.jpg\" alt=\"\"><\/div>\n\t<div class=\"ls-cta__title\">\n\t\tCampingplatz Acsi\t<\/div>\n\n\t<\/a><\/div><div class=\"wp-block-column\">\n\n<a href=\"https:\/\/www.camping-erromardie.com\/de\/guenstige-camping-plaetze-im-baskenland\/\" target=\"\" rel=\"noopener\" class=\"ls-cta__link\" data-categ=\"\">\n\t<div class=\"ls-cta__image\"><img decoding=\"async\" src=\"https:\/\/www.camping-erromardie.com\/wp-content\/uploads\/2025\/04\/camping-saint-jean-de-luz-la-ferme-erromardie-pays-basque.jpg\" alt=\"Tarife\"><\/div>\n\t<div class=\"ls-cta__title\">\n\t\tTarife\t<\/div>\n\n\t<\/a><\/div><\/div>\n<\/div>\n\r\n    <\/div>\r\n<\/section><section id=\"ls-section-block_669008c80c3b339d04363a28b9b85d2e\" class=\"ls-section  home-first page-two has-background has-color-6-background-color\" >\r\n        <div class=\"container container--wide\">\r\n        \n\n<div class=\"wp-block-columns is-layout-flex wp-container-core-columns-is-layout-9d6595d7 wp-block-columns-is-layout-flex\">\n<div class=\"wp-block-column is-layout-flow wp-block-column-is-layout-flow\" style=\"flex-basis:66.66%\">\n<figure class=\"wp-block-gallery has-nested-images columns-default is-cropped wp-block-gallery-2 is-layout-flex wp-block-gallery-is-layout-flex\">\n<figure class=\"wp-block-image size-full animated fadeIn delay-200ms\"><a href=\"https:\/\/www.camping-erromardie.com\/wp-content\/uploads\/2025\/04\/Camping-Erromardie-61.jpg\"><img loading=\"lazy\" decoding=\"async\" width=\"750\" height=\"1000\" data-id=\"15684\" src=\"https:\/\/www.camping-erromardie.com\/wp-content\/uploads\/2025\/04\/Camping-Erromardie-61.jpg\" alt=\"Campingplatz Erromardie 61\" class=\"wp-image-15684\" srcset=\"https:\/\/www.camping-erromardie.com\/wp-content\/uploads\/2025\/04\/Camping-Erromardie-61.jpg 750w, https:\/\/www.camping-erromardie.com\/wp-content\/uploads\/2025\/04\/Camping-Erromardie-61-225x300.jpg 225w\" sizes=\"auto, (max-width: 750px) 100vw, 750px\" \/><\/a><\/figure>\n\n\n\n<figure class=\"wp-block-image size-full animated fadeIn\"><a href=\"https:\/\/www.camping-erromardie.com\/wp-content\/uploads\/2025\/04\/Location-emplacement-camping-car-en-famille.jpg\"><img loading=\"lazy\" decoding=\"async\" width=\"2026\" height=\"1350\" data-id=\"17135\" src=\"https:\/\/www.camping-erromardie.com\/wp-content\/uploads\/2025\/04\/Location-emplacement-camping-car-en-famille.jpg\" alt=\"Stellplatzvermietung f&#xFC;r Wohnmobile mit der Familie\" class=\"wp-image-17135\" srcset=\"https:\/\/www.camping-erromardie.com\/wp-content\/uploads\/2025\/04\/Location-emplacement-camping-car-en-famille.jpg 2026w, https:\/\/www.camping-erromardie.com\/wp-content\/uploads\/2025\/04\/Location-emplacement-camping-car-en-famille-300x200.jpg 300w, https:\/\/www.camping-erromardie.com\/wp-content\/uploads\/2025\/04\/Location-emplacement-camping-car-en-famille-1024x682.jpg 1024w, https:\/\/www.camping-erromardie.com\/wp-content\/uploads\/2025\/04\/Location-emplacement-camping-car-en-famille-768x512.jpg 768w, https:\/\/www.camping-erromardie.com\/wp-content\/uploads\/2025\/04\/Location-emplacement-camping-car-en-famille-1536x1023.jpg 1536w\" sizes=\"auto, (max-width: 2026px) 100vw, 2026px\" \/><\/a><\/figure>\n<\/figure>\n<\/div>\n\n\n\n<div class=\"wp-block-column is-layout-flow wp-block-column-is-layout-flow\" style=\"flex-basis:33.33%\">\n<div class=\"wp-block-columns is-layout-flex wp-container-core-columns-is-layout-9d6595d7 wp-block-columns-is-layout-flex\">\n<div class=\"wp-block-column column-border is-layout-flow wp-block-column-is-layout-flow\">\n<h2 class=\"ls__heading wp-block-heading has-color-1-color has-text-color has-link-color wp-elements-5feb98444a490cced685b5f3b4f8aa25\">Der Campingplatz Erromardie, ein Qualit\u00e4tscampingplatz im Baskenland<br\/><\/h2>\n\n\n\n<p class=\"ls-paragraph\">Der Campingplatz Erromardie **** liegt in dem charmanten Badeort <strong>Saint Jean de Luz<\/strong> und ist ein <strong>Qualit\u00e4tscampingplatz des Baskenlandes<\/strong>. Als<strong>Einrichtung mit dem G\u00fctesiegel<\/strong> empfangen wir dich in einer gesch\u00fctzten und respektierten nat\u00fcrlichen Umgebung. Unser Gel\u00e4nde befindet sich insbesondere in einer gr\u00fcnen Umgebung gegen\u00fcber dem Strand von Erromadie, damit du w\u00e4hrend deines Aufenthalts die Seeluft und die Str\u00e4nde der baskischen K\u00fcste genie\u00dfen kannst. Ein herzliches und sympathisches Team hei\u00dft dich herzlich willkommen und versorgt dich mit allen Informationen, die du brauchst, um deinen Aufenthalt zu organisieren. Dein Urlaub im Baskenland wird also auf einem Campingplatz stattfinden, der wirklich in der Lage ist, dir einen zufriedenstellenden Service zu bieten. Auf unserem Campingplatz stehen dir verschiedene Mobilheime zur Verf\u00fcgung. Jede von ihnen bietet ein Maximum an Komfort mit allen notwendigen Ausstattungen, um deinen Aufenthalt angenehm zu gestalten. Es handelt sich haupts\u00e4chlich um Mietunterk\u00fcnfte und Qualit\u00e4tsmaterial. F\u00fcr traditionelle Camper gibt es auch Stellpl\u00e4tze f\u00fcr Zelte, Wohnmobile und Wohnwagen. Du wirst auch Zugang zu hochwertigen Einrichtungen haben. Zu den zus\u00e4tzlichen Serviceleistungen geh\u00f6ren z. B. ein beheiztes Hallenbad, das bei jedem Wetter zug\u00e4nglich ist, kostenloser WLAN-Zugang, Snackbar, Bar, Restaurant, Gerichte zum Mitnehmen, verschiedene Animationen&#8230;          <\/p>\n<\/div>\n<\/div>\n<\/div>\n<\/div>\n\n\r\n    <\/div>\r\n<\/section><section id=\"ls-section-block_df56d88c862d154c4c9f6c2214bf1a3a\" class=\"ls-section  page-cta\" >\r\n        <div class=\"container container--wide\">\r\n        \n\n<div id=\"ls-heading ls-titre-div-block_6ab7272c47c5e04937d40aae2531319e\" class=\"ls-titre-div aligncenter h2-like has-text-color has-color-1-color\" >\n    4 Gr\u00fcnde f\u00fcr die Wahl des Campingplatzes la Ferme Erromardie :<\/div>\n\n\n\n<div id=\"ls-maillage-block_95030a2132fa6808c9ab644b4aa1464f\" class=\"ls-maillage cta-style-normal\" data-rows=\"4\">\n\n    <div class=\"wp-block-columns\"><div class=\"wp-block-column\">\n\n<a href=\"https:\/\/www.camping-erromardie.com\/de\/camping-baskenland-mit-schwimmbad\/\" target=\"\" rel=\"noopener\" class=\"ls-cta__link\" data-categ=\"\">\n\t<div class=\"ls-cta__image\"><img decoding=\"async\" src=\"https:\/\/www.camping-erromardie.com\/wp-content\/uploads\/2025\/04\/camping-avec-piscine-au-pays-basque.jpg\" alt=\"\"><\/div>\n\t<div class=\"ls-cta__title\">\n\t\tSwimmingpool\t<\/div>\n\n\t<\/a><\/div><div class=\"wp-block-column\">\n\n<a href=\"https:\/\/www.camping-erromardie.com\/de\/camping-baskenland-kueste\/\" target=\"\" rel=\"noopener\" class=\"ls-cta__link\" data-categ=\"\">\n\t<div class=\"ls-cta__image\"><img decoding=\"async\" src=\"https:\/\/www.camping-erromardie.com\/wp-content\/uploads\/2025\/04\/Erromardie-88.jpg\" alt=\"\"><\/div>\n\t<div class=\"ls-cta__title\">\n\t\tAm Meer\t<\/div>\n\n\t<\/a><\/div><div class=\"wp-block-column\">\n\n<a href=\"https:\/\/www.camping-erromardie.com\/de\/freizeit-im-baskenland-campingplatz\/\" target=\"\" rel=\"noopener\" class=\"ls-cta__link\" data-categ=\"\">\n\t<div class=\"ls-cta__image\"><img decoding=\"async\" src=\"https:\/\/www.camping-erromardie.com\/wp-content\/uploads\/2025\/04\/Camping-Erromardie-61_1.jpg\" alt=\"\"><\/div>\n\t<div class=\"ls-cta__title\">\n\t\tAnimationen\t<\/div>\n\n\t<\/a><\/div><div class=\"wp-block-column\">\n\n<a href=\"https:\/\/www.camping-erromardie.com\/de\/4-sterne-camping-baskenland\/\" target=\"\" rel=\"noopener\" class=\"ls-cta__link\" data-categ=\"\">\n\t<div class=\"ls-cta__image\"><img decoding=\"async\" src=\"https:\/\/www.camping-erromardie.com\/wp-content\/uploads\/2025\/04\/Camping-Erromardie-46.jpg\" alt=\"\"><\/div>\n\t<div class=\"ls-cta__title\">\n\t\tDie Dienste\t<\/div>\n\n\t<\/a><\/div><\/div>\n<\/div>\n\r\n    <\/div>\r\n<\/section>","protected":false},"excerpt":{"rendered":"","protected":false},"author":1,"featured_media":17067,"parent":0,"menu_order":45,"comment_status":"closed","ping_status":"closed","template":"","meta":{"_acf_changed":false,"_seopress_robots_primary_cat":"","_seopress_titles_title":"Qualit\u00e4tscampingplatz im Baskenland, Campingplatz mit dem Qualit\u00e4tssiegel Qualit\u00e9 Saint Jean de Luz","_seopress_titles_desc":"Der Campingplatz la Ferme d'Erromardie ist mit dem G\u00fctesiegel Camping Qualit\u00e9 ausgezeichnet, um dir einen qualitativ hochwertigen Aufenthalt in Saint Jean de Luz zu versprechen.","_seopress_robots_index":"","footnotes":""},"sujet":[],"class_list":["post-18046","page","type-page","status-publish","has-post-thumbnail","hentry"],"acf":[],"_links":{"self":[{"href":"https:\/\/www.camping-erromardie.com\/de\/wp-json\/wp\/v2\/pages\/18046","targetHints":{"allow":["GET"]}}],"collection":[{"href":"https:\/\/www.camping-erromardie.com\/de\/wp-json\/wp\/v2\/pages"}],"about":[{"href":"https:\/\/www.camping-erromardie.com\/de\/wp-json\/wp\/v2\/types\/page"}],"author":[{"embeddable":true,"href":"https:\/\/www.camping-erromardie.com\/de\/wp-json\/wp\/v2\/users\/1"}],"replies":[{"embeddable":true,"href":"https:\/\/www.camping-erromardie.com\/de\/wp-json\/wp\/v2\/comments?post=18046"}],"version-history":[{"count":5,"href":"https:\/\/www.camping-erromardie.com\/de\/wp-json\/wp\/v2\/pages\/18046\/revisions"}],"predecessor-version":[{"id":19890,"href":"https:\/\/www.camping-erromardie.com\/de\/wp-json\/wp\/v2\/pages\/18046\/revisions\/19890"}],"wp:featuredmedia":[{"embeddable":true,"href":"https:\/\/www.camping-erromardie.com\/de\/wp-json\/wp\/v2\/media\/17067"}],"wp:attachment":[{"href":"https:\/\/www.camping-erromardie.com\/de\/wp-json\/wp\/v2\/media?parent=18046"}],"wp:term":[{"taxonomy":"sujet","embeddable":true,"href":"https:\/\/www.camping-erromardie.com\/de\/wp-json\/wp\/v2\/sujet?post=18046"}],"curies":[{"name":"wp","href":"https:\/\/api.w.org\/{rel}","templated":true}]}}