{"id":18032,"date":"2025-04-17T01:08:03","date_gmt":"2025-04-16T23:08:03","guid":{"rendered":"https:\/\/www.camping-erromardie.com\/camping-acsi\/"},"modified":"2025-06-12T13:53:46","modified_gmt":"2025-06-12T11:53:46","slug":"camping-acsi","status":"publish","type":"page","link":"https:\/\/www.camping-erromardie.com\/de\/camping-acsi\/","title":{"rendered":"Campingplatz Acsi"},"content":{"rendered":"<section id=\"ls-section-block_af4fce55528ce9dc2396065fbc011660\" class=\"ls-section  page-titre\" >\r\n        <div class=\"container container--wide\">\r\n        \n\n<h1 class=\"ls__heading wp-block-heading has-text-align-center has-color-4-color has-text-color has-link-color wp-elements-35fc4a3eb9075a157632ceb57c83d9da\">Campingplatz ACSI<\/h1>\n\n\r\n    <\/div>\r\n<\/section><section id=\"ls-section-block_a8fe0215465c98f0c843f6a5e5d7cd9a\" class=\"ls-section  home-first page-one has-p-b p-b-14\" >\r\n        <div class=\"container container--wide\">\r\n        \n\n<div class=\"wp-block-columns is-layout-flex wp-container-core-columns-is-layout-9d6595d7 wp-block-columns-is-layout-flex\">\n<div class=\"wp-block-column is-layout-flow wp-block-column-is-layout-flow\" style=\"flex-basis:33.33%\">\n<div class=\"wp-block-columns is-layout-flex wp-container-core-columns-is-layout-9d6595d7 wp-block-columns-is-layout-flex\">\n<div class=\"wp-block-column column-border is-layout-flow wp-block-column-is-layout-flow\">\n<h2 class=\"ls__heading wp-block-heading has-color-1-color has-text-color has-link-color wp-elements-1901512b21f9f97b002bef24262593f6\">G\u00fcnstig campen mit der ACSI-Karte<\/h2>\n\n\n\n<p class=\"ls-paragraph\">La <strong>carte avantage ACSI<\/strong> vous permet de b\u00e9n\u00e9ficier de r\u00e9ductions sur vos s\u00e9jours en camping. Le <strong>tarif pr\u00e9f\u00e9rentiel ACSI<\/strong> ne s\u2019applique qu\u2019en basse saison. Son fonctionnement est simple, vous pourrez faire du <a href=\"https:\/\/www.camping-erromardie.com\/de\/guenstige-camping-plaetze-im-baskenland\/\" data-type=\"page\" data-id=\"310\">camping pas cher<\/a> sur simple pr\u00e9sentation de votre carte de r\u00e9duction. Quelques nuits suffisent en pour rentabiliser votre investissement dans cette carte.<\/p>\n\n\n\n<h2 class=\"ls__heading wp-block-heading has-color-1-color has-text-color has-link-color wp-elements-e1c79245fc765baa7f9d977ddb3ca321\">Die ACSI-Tarife auf dem Campingplatz Erromardie<\/h2>\n\n\n\n<p class=\"ls-paragraph\">Le camping pas cher au Pays Basque la Ferme d\u2019Erromardie, h\u00f4tel de plein air situ\u00e9 \u00e0 <strong>Saint Jean de Luz<\/strong> accepte la carte ACSI. Si vous poss\u00e9dez la <strong>carte ACSI<\/strong>, vous pourrez pleinement profiter des r\u00e9ductions sur votre s\u00e9jour en <a href=\"https:\/\/www.camping-erromardie.com\/de\/\" data-type=\"page\" data-id=\"270\">camping sur la Cote Basque<\/a>. Le <strong>tarif ACSI<\/strong> est de 17\u20ac par nuit\u00e9e, hors taxe de s\u00e9jour, pour deux personnes en <a href=\"https:\/\/www.camping-erromardie.com\/de\/vermietung-stellplaetze-baskenland\/\" data-type=\"page\" data-id=\"302\">emplacement caravaning \u00e0 Saint Jean de Luz<\/a>. Vous aurez bien entendu acc\u00e8s \u00e0 tout le camping et aux services que nous proposons.<\/p>\n<\/div>\n<\/div>\n<\/div>\n\n\n\n<div class=\"wp-block-column is-layout-flow wp-block-column-is-layout-flow\" style=\"flex-basis:66.66%\">\n<figure class=\"wp-block-gallery has-nested-images columns-default is-cropped wp-block-gallery-1 is-layout-flex wp-block-gallery-is-layout-flex\">\n<figure class=\"wp-block-image size-full animated fadeIn delay-200ms\"><a href=\"https:\/\/www.camping-erromardie.com\/wp-content\/uploads\/2025\/04\/ecoles-de-surf-a-Saint-Jean-de-Luz.jpg\"><img loading=\"lazy\" decoding=\"async\" width=\"2000\" height=\"1333\" data-id=\"17194\" src=\"https:\/\/www.camping-erromardie.com\/wp-content\/uploads\/2025\/04\/ecoles-de-surf-a-Saint-Jean-de-Luz.jpg\" alt=\"Surfschulen in Saint Jean de Luz\" class=\"wp-image-17194\" srcset=\"https:\/\/www.camping-erromardie.com\/wp-content\/uploads\/2025\/04\/ecoles-de-surf-a-Saint-Jean-de-Luz.jpg 2000w, https:\/\/www.camping-erromardie.com\/wp-content\/uploads\/2025\/04\/ecoles-de-surf-a-Saint-Jean-de-Luz-300x200.jpg 300w, https:\/\/www.camping-erromardie.com\/wp-content\/uploads\/2025\/04\/ecoles-de-surf-a-Saint-Jean-de-Luz-1024x682.jpg 1024w, https:\/\/www.camping-erromardie.com\/wp-content\/uploads\/2025\/04\/ecoles-de-surf-a-Saint-Jean-de-Luz-768x512.jpg 768w, https:\/\/www.camping-erromardie.com\/wp-content\/uploads\/2025\/04\/ecoles-de-surf-a-Saint-Jean-de-Luz-1536x1024.jpg 1536w\" sizes=\"auto, (max-width: 2000px) 100vw, 2000px\" \/><\/a><\/figure>\n\n\n\n<figure class=\"wp-block-image size-full animated fadeIn\"><a href=\"https:\/\/www.camping-erromardie.com\/wp-content\/uploads\/2025\/04\/Activites-et-animations-camping-la-ferme-erromardie.jpg\"><img loading=\"lazy\" decoding=\"async\" width=\"2000\" height=\"1333\" data-id=\"17252\" src=\"https:\/\/www.camping-erromardie.com\/wp-content\/uploads\/2025\/04\/Activites-et-animations-camping-la-ferme-erromardie.jpg\" alt=\"Aktivit&#xE4;ten und Animationen camping la ferme erromardie\" class=\"wp-image-17252\" srcset=\"https:\/\/www.camping-erromardie.com\/wp-content\/uploads\/2025\/04\/Activites-et-animations-camping-la-ferme-erromardie.jpg 2000w, https:\/\/www.camping-erromardie.com\/wp-content\/uploads\/2025\/04\/Activites-et-animations-camping-la-ferme-erromardie-300x200.jpg 300w, https:\/\/www.camping-erromardie.com\/wp-content\/uploads\/2025\/04\/Activites-et-animations-camping-la-ferme-erromardie-1024x682.jpg 1024w, https:\/\/www.camping-erromardie.com\/wp-content\/uploads\/2025\/04\/Activites-et-animations-camping-la-ferme-erromardie-768x512.jpg 768w, https:\/\/www.camping-erromardie.com\/wp-content\/uploads\/2025\/04\/Activites-et-animations-camping-la-ferme-erromardie-1536x1024.jpg 1536w\" sizes=\"auto, (max-width: 2000px) 100vw, 2000px\" \/><\/a><\/figure>\n<\/figure>\n<\/div>\n<\/div>\n\n\r\n    <\/div>\r\n<\/section><section id=\"ls-section-block_0c39252b968e733851062cb1360ccae5\" class=\"ls-section  page-cta\" >\r\n        <div class=\"container container--wide\">\r\n        \n\n<div id=\"ls-heading ls-titre-div-block_1296dba4d86979c2a68abefa85709394\" class=\"ls-titre-div aligncenter h2-like has-text-color has-color-1-color\" >\n    F\u00fcr deinen g\u00fcnstigen Aufenthalt im Baskenland<\/div>\n\n\n\n<div id=\"ls-maillage-block_f1cb6b3444892d730ebf866cae582594\" class=\"ls-maillage cta-style-normal\" data-rows=\"3\">\n\n    <div class=\"wp-block-columns\"><div class=\"wp-block-column\">\n\n<a href=\"https:\/\/www.camping-erromardie.com\/de\/camping-vacaf\/\" target=\"\" rel=\"noopener\" class=\"ls-cta__link\" data-categ=\"\">\n\t<div class=\"ls-cta__image\"><img decoding=\"async\" src=\"https:\/\/www.camping-erromardie.com\/wp-content\/uploads\/2025\/04\/Vacaf.jpg\" alt=\"\"><\/div>\n\t<div class=\"ls-cta__title\">\n\t\tCampingplatz Vacaf Baskenland\t<\/div>\n\n\t<\/a><\/div><div class=\"wp-block-column\">\n\n<a href=\"https:\/\/www.camping-erromardie.com\/de\/camping-qualite\/\" target=\"\" rel=\"noopener\" class=\"ls-cta__link\" data-categ=\"\">\n\t<div class=\"ls-cta__image\"><img decoding=\"async\" src=\"https:\/\/www.camping-erromardie.com\/wp-content\/uploads\/2025\/04\/Camping-qualite.jpg\" alt=\"\"><\/div>\n\t<div class=\"ls-cta__title\">\n\t\tQualit\u00e4tscampingplatz\t<\/div>\n\n\t<\/a><\/div><div class=\"wp-block-column\">\n\n<a href=\"https:\/\/www.camping-erromardie.com\/de\/guenstige-camping-plaetze-im-baskenland\/\" target=\"\" rel=\"noopener\" class=\"ls-cta__link\" data-categ=\"\">\n\t<div class=\"ls-cta__image\"><img decoding=\"async\" src=\"https:\/\/www.camping-erromardie.com\/wp-content\/uploads\/2025\/04\/camping-saint-jean-de-luz-la-ferme-erromardie-pays-basque.jpg\" alt=\"Tarife\"><\/div>\n\t<div class=\"ls-cta__title\">\n\t\tTarife\t<\/div>\n\n\t<\/a><\/div><\/div>\n<\/div>\n\r\n    <\/div>\r\n<\/section><section id=\"ls-section-block_838eda23887b7545910640bee75d3424\" class=\"ls-section  home-first page-two has-background has-color-6-background-color\" >\r\n        <div class=\"container container--wide\">\r\n        \n\n<div class=\"wp-block-columns is-layout-flex wp-container-core-columns-is-layout-9d6595d7 wp-block-columns-is-layout-flex\">\n<div class=\"wp-block-column is-layout-flow wp-block-column-is-layout-flow\" style=\"flex-basis:66.66%\">\n<figure class=\"wp-block-gallery has-nested-images columns-default is-cropped wp-block-gallery-2 is-layout-flex wp-block-gallery-is-layout-flex\">\n<figure class=\"wp-block-image size-full animated fadeIn delay-200ms\"><a href=\"https:\/\/www.camping-erromardie.com\/wp-content\/uploads\/2025\/04\/Enfant-dans-le-parc-du-camping.jpg\"><img loading=\"lazy\" decoding=\"async\" width=\"2000\" height=\"1334\" data-id=\"17259\" src=\"https:\/\/www.camping-erromardie.com\/wp-content\/uploads\/2025\/04\/Enfant-dans-le-parc-du-camping.jpg\" alt=\"Kind im Park des Campingplatzes\" class=\"wp-image-17259\" srcset=\"https:\/\/www.camping-erromardie.com\/wp-content\/uploads\/2025\/04\/Enfant-dans-le-parc-du-camping.jpg 2000w, https:\/\/www.camping-erromardie.com\/wp-content\/uploads\/2025\/04\/Enfant-dans-le-parc-du-camping-300x200.jpg 300w, https:\/\/www.camping-erromardie.com\/wp-content\/uploads\/2025\/04\/Enfant-dans-le-parc-du-camping-1024x683.jpg 1024w, https:\/\/www.camping-erromardie.com\/wp-content\/uploads\/2025\/04\/Enfant-dans-le-parc-du-camping-768x512.jpg 768w, https:\/\/www.camping-erromardie.com\/wp-content\/uploads\/2025\/04\/Enfant-dans-le-parc-du-camping-1536x1025.jpg 1536w\" sizes=\"auto, (max-width: 2000px) 100vw, 2000px\" \/><\/a><\/figure>\n\n\n\n<figure class=\"wp-block-image size-full animated fadeIn\"><a href=\"https:\/\/www.camping-erromardie.com\/wp-content\/uploads\/2025\/04\/Ferme-Erromardie-selection-GT-etalo41.jpg\"><img loading=\"lazy\" decoding=\"async\" width=\"1000\" height=\"668\" data-id=\"14562\" src=\"https:\/\/www.camping-erromardie.com\/wp-content\/uploads\/2025\/04\/Ferme-Erromardie-selection-GT-etalo41.jpg\" alt=\"Farm Erromardie selection GT etalo41\" class=\"wp-image-14562\" srcset=\"https:\/\/www.camping-erromardie.com\/wp-content\/uploads\/2025\/04\/Ferme-Erromardie-selection-GT-etalo41.jpg 1000w, https:\/\/www.camping-erromardie.com\/wp-content\/uploads\/2025\/04\/Ferme-Erromardie-selection-GT-etalo41-300x200.jpg 300w, https:\/\/www.camping-erromardie.com\/wp-content\/uploads\/2025\/04\/Ferme-Erromardie-selection-GT-etalo41-768x513.jpg 768w\" sizes=\"auto, (max-width: 1000px) 100vw, 1000px\" \/><\/a><\/figure>\n<\/figure>\n<\/div>\n\n\n\n<div class=\"wp-block-column is-layout-flow wp-block-column-is-layout-flow\" style=\"flex-basis:33.33%\">\n<div class=\"wp-block-columns is-layout-flex wp-container-core-columns-is-layout-9d6595d7 wp-block-columns-is-layout-flex\">\n<div class=\"wp-block-column column-border is-layout-flow wp-block-column-is-layout-flow\">\n<h2 class=\"ls__heading wp-block-heading has-color-1-color has-text-color has-link-color wp-elements-48dea363faea8ea942e2ad1d49e36597\">  Bedingungen f\u00fcr die Nutzung der ACSI-Karte<\/h2>\n\n\n\n<p class=\"ls-paragraph\">Die Nutzung der ACSI-Karte und die Anwendung der ACSI-Erm\u00e4\u00dfigungen und -Tarife sind unter bestimmten Bedingungen wirksam:<\/p>\n\n\n\n<ul class=\"ls-list ls-list-undefined wp-block-list\">\n<li>Die ACSI-Karte muss g\u00fcltig sein. Der Campingplatz akzeptiert unter keinen Umst\u00e4nden abgelaufene Karten.<\/li>\n\n\n\n<li>Die ACSI-Karte kann nur in der Nebensaison genutzt werden.<\/li>\n\n\n\n<li>Da die Karte namentlich ist, ist der Campingplatz berechtigt, von dir einen Identit\u00e4tsnachweis zu verlangen.<\/li>\n<\/ul>\n\n\n\n<p class=\"ls-paragraph\">Weitere Informationen findest du unter <a href=\"https:\/\/www.campingcard.fr\/\" target=\"_blank\" rel=\"noreferrer noopener\">www.campingcard.fr<\/a>.<\/p>\n<\/div>\n<\/div>\n<\/div>\n<\/div>\n\n\r\n    <\/div>\r\n<\/section><section id=\"ls-section-block_0c39252b968e733851062cb1360ccae5\" class=\"ls-section  page-cta\" >\r\n        <div class=\"container container--wide\">\r\n        \n\n<div id=\"ls-heading ls-titre-div-block_530c8a901f3ad18922d3d0ba5100c369\" class=\"ls-titre-div aligncenter h2-like has-text-color has-color-1-color\" >\n    4 Gr\u00fcnde f\u00fcr die Wahl des Campingplatzes la Ferme Erromardie :<\/div>\n\n\n\n<div id=\"ls-maillage-block_129d16e09287479db3977ed53968ad6f\" class=\"ls-maillage cta-style-normal\" data-rows=\"4\">\n\n    <div class=\"wp-block-columns\"><div class=\"wp-block-column\">\n\n<a href=\"https:\/\/www.camping-erromardie.com\/de\/camping-baskenland-mit-schwimmbad\/\" target=\"\" rel=\"noopener\" class=\"ls-cta__link\" data-categ=\"\">\n\t<div class=\"ls-cta__image\"><img decoding=\"async\" src=\"https:\/\/www.camping-erromardie.com\/wp-content\/uploads\/2025\/04\/camping-avec-piscine-au-pays-basque.jpg\" alt=\"\"><\/div>\n\t<div class=\"ls-cta__title\">\n\t\tSwimmingpool\t<\/div>\n\n\t<\/a><\/div><div class=\"wp-block-column\">\n\n<a href=\"https:\/\/www.camping-erromardie.com\/de\/camping-baskenland-kueste\/\" target=\"\" rel=\"noopener\" class=\"ls-cta__link\" data-categ=\"\">\n\t<div class=\"ls-cta__image\"><img decoding=\"async\" src=\"https:\/\/www.camping-erromardie.com\/wp-content\/uploads\/2025\/04\/Erromardie-88.jpg\" alt=\"\"><\/div>\n\t<div class=\"ls-cta__title\">\n\t\tAm Meer\t<\/div>\n\n\t<\/a><\/div><div class=\"wp-block-column\">\n\n<a href=\"https:\/\/www.camping-erromardie.com\/de\/freizeit-im-baskenland-campingplatz\/\" target=\"\" rel=\"noopener\" class=\"ls-cta__link\" data-categ=\"\">\n\t<div class=\"ls-cta__image\"><img decoding=\"async\" src=\"https:\/\/www.camping-erromardie.com\/wp-content\/uploads\/2025\/04\/Camping-Erromardie-61_1.jpg\" alt=\"\"><\/div>\n\t<div class=\"ls-cta__title\">\n\t\tAnimationen\t<\/div>\n\n\t<\/a><\/div><div class=\"wp-block-column\">\n\n<a href=\"https:\/\/www.camping-erromardie.com\/de\/4-sterne-camping-baskenland\/\" target=\"\" rel=\"noopener\" class=\"ls-cta__link\" data-categ=\"\">\n\t<div class=\"ls-cta__image\"><img decoding=\"async\" src=\"https:\/\/www.camping-erromardie.com\/wp-content\/uploads\/2025\/04\/Camping-Erromardie-46.jpg\" alt=\"\"><\/div>\n\t<div class=\"ls-cta__title\">\n\t\tDie Dienste\t<\/div>\n\n\t<\/a><\/div><\/div>\n<\/div>\n\r\n    <\/div>\r\n<\/section>","protected":false},"excerpt":{"rendered":"","protected":false},"author":1,"featured_media":17094,"parent":0,"menu_order":39,"comment_status":"closed","ping_status":"closed","template":"","meta":{"_acf_changed":false,"_seopress_robots_primary_cat":"","_seopress_titles_title":"Camping Acsi Baskenland | ACSI Karte | Erm\u00e4\u00dfigungen Camping Baskenk\u00fcste","_seopress_titles_desc":"Mit deiner Rabattkarte kannst du auf dem Campingplatz La Ferme d'Erromardie, der von Acsi anerkannt ist, zu g\u00fcnstigen Preisen \u00fcbernachten und von all seinen guten ...","_seopress_robots_index":"","footnotes":""},"sujet":[],"class_list":["post-18032","page","type-page","status-publish","has-post-thumbnail","hentry"],"acf":[],"_links":{"self":[{"href":"https:\/\/www.camping-erromardie.com\/de\/wp-json\/wp\/v2\/pages\/18032","targetHints":{"allow":["GET"]}}],"collection":[{"href":"https:\/\/www.camping-erromardie.com\/de\/wp-json\/wp\/v2\/pages"}],"about":[{"href":"https:\/\/www.camping-erromardie.com\/de\/wp-json\/wp\/v2\/types\/page"}],"author":[{"embeddable":true,"href":"https:\/\/www.camping-erromardie.com\/de\/wp-json\/wp\/v2\/users\/1"}],"replies":[{"embeddable":true,"href":"https:\/\/www.camping-erromardie.com\/de\/wp-json\/wp\/v2\/comments?post=18032"}],"version-history":[{"count":10,"href":"https:\/\/www.camping-erromardie.com\/de\/wp-json\/wp\/v2\/pages\/18032\/revisions"}],"predecessor-version":[{"id":19945,"href":"https:\/\/www.camping-erromardie.com\/de\/wp-json\/wp\/v2\/pages\/18032\/revisions\/19945"}],"wp:featuredmedia":[{"embeddable":true,"href":"https:\/\/www.camping-erromardie.com\/de\/wp-json\/wp\/v2\/media\/17094"}],"wp:attachment":[{"href":"https:\/\/www.camping-erromardie.com\/de\/wp-json\/wp\/v2\/media?parent=18032"}],"wp:term":[{"taxonomy":"sujet","embeddable":true,"href":"https:\/\/www.camping-erromardie.com\/de\/wp-json\/wp\/v2\/sujet?post=18032"}],"curies":[{"name":"wp","href":"https:\/\/api.w.org\/{rel}","templated":true}]}}