{"id":18029,"date":"2025-04-17T01:23:09","date_gmt":"2025-04-16T23:23:09","guid":{"rendered":"https:\/\/www.camping-erromardie.com\/camping-vacaf-pays-basque\/"},"modified":"2025-06-03T11:52:36","modified_gmt":"2025-06-03T09:52:36","slug":"camping-vacaf","status":"publish","type":"page","link":"https:\/\/www.camping-erromardie.com\/de\/camping-vacaf\/","title":{"rendered":"Campingplatz Vacaf Baskenland"},"content":{"rendered":"<section id=\"ls-section-block_0826e41388f1f68bd963f9019ff58521\" class=\"ls-section  page-titre\" >\r\n        <div class=\"container container--wide\">\r\n        \n\n<h1 class=\"ls__heading wp-block-heading has-text-align-center has-color-4-color has-text-color has-link-color wp-elements-db3f1cd639ce749a53b739c946c68188\">Campingplatz Vacaf Baskenland<\/h1>\n\n\n\n<p class=\"ls-paragraph has-text-align-center\">Der Campingplatz La <a href=\"https:\/\/www.camping-erromardie.com\/de\/\" data-type=\"page\" data-id=\"270\">Ferme Erromardie<\/a> im Baskenland ist ein <strong>von Vacaf anerkannter Campingplatz<\/strong>, d.h. er akzeptiert die <strong>CIF-Gutscheine<\/strong>, mit denen du einen <strong>g\u00fcnstigen Campingurlaub im Baskenland<\/strong> machen kannst. Der 4-Sterne-Campingplatz La Ferme Erromardie liegt gegen\u00fcber dem Strand Erromardie im gleichnamigen Viertel und ist nur wenige Schritte vom Stadtzentrum von Saint Jean de Luz entfernt. Er \u00f6ffnet dir von M\u00e4rz bis September seine T\u00fcren in einer gr\u00fcnen Umgebung. Der <a href=\"https:\/\/www.camping-erromardie.com\/de\/guenstige-camping-plaetze-im-baskenland\/\" data-type=\"page\" data-id=\"310\">g\u00fcnstige Campingplatz<\/a> erstreckt sich 300 Meter entlang des Strandes von Erromardie. Es handelt sich um einen Familiencampingplatz, der ideal ist, um die Atlantischen Pyren\u00e4en zu erkunden. Mit Blick auf den Atlantik gelegen, ist der Caravaning-Campingplatz Ferme Erromardie auch ein idealer Ausgangspunkt, um die baskische K\u00fcste und sogar das Hinterland des Baskenlandes zu entdecken.     <\/p>\n\n\r\n    <\/div>\r\n<\/section><section id=\"ls-section-block_f358e511ca17c99601430b06ca32f88a\" class=\"ls-section  home-first page-one has-p-b p-b-14\" >\r\n        <div class=\"container container--wide\">\r\n        \n\n<div class=\"wp-block-columns is-layout-flex wp-container-core-columns-is-layout-9d6595d7 wp-block-columns-is-layout-flex\">\n<div class=\"wp-block-column is-layout-flow wp-block-column-is-layout-flow\" style=\"flex-basis:33.33%\">\n<div class=\"wp-block-columns is-layout-flex wp-container-core-columns-is-layout-9d6595d7 wp-block-columns-is-layout-flex\">\n<div class=\"wp-block-column column-border is-layout-flow wp-block-column-is-layout-flow\">\n<h2 class=\"ls__heading wp-block-heading has-color-1-color has-text-color has-link-color wp-elements-54082d8b0449748b0ab3b5e97f923123\">Ein sozialer Campingplatz mit cif-Partnerschaft im Baskenland<\/h2>\n\n\n\n<p class=\"ls-paragraph\">Der 4-Sterne-Campingplatz La Ferme Erromardie ist ein <strong>Campingplatz im Baskenland mit VACAF-Lizenz<\/strong>. Die VACAF-Zertifizierung besteht darin, in einer touristischen Unterkunftsstruktur <strong>Empf\u00e4nger der Familienbeihilfekasse<\/strong> aufzunehmen. Die betroffenen Familien k\u00f6nnen einzeln \u00fcbernachten oder Teil einer Gruppe sein, deren Aufenthalt von einem Projekttr\u00e4ger wie der <strong>CAF<\/strong>, einem Verein, dem CCAS usw. organisiert wird. Da der Urlaub <strong>f\u00fcr alle zug\u00e4nglich<\/strong> sein sollte, erm\u00f6glichen die VACAF-zugelassenen Campingpl\u00e4tze auch <strong>Geringverdienern<\/strong>, in den Urlaub zu fahren. Ein Campingurlaub agree vacaf mit der Familie ist eine Gelegenheit, gesellige Momente zu teilen, wundersch\u00f6ne Landschaften zu bewundern, der Natur n\u00e4her zu kommen und vor allem neue Regionen zu entdecken und neue Bekanntschaften zu machen.    <\/p>\n\n\n\n<h2 class=\"ls__heading wp-block-heading has-color-1-color has-text-color has-link-color wp-elements-652499a278162dc26bed441d5388b816\">G\u00fcnstige Mobilheimvermietung im Baskenland<\/h2>\n\n\n\n<p class=\"ls-paragraph\">Der Caravaning-Campingplatz Ferme Erromardie in Saint Jean de Luz im Baskenland ist ein von Vacaf anerkannter Campingplatz und bietet dir eine vielf\u00e4ltige Auswahl an 47 Mobilheimen, die f\u00fcr zwei bis sechs Personen geeignet sind. Alle Mobilheime im Baskenland sind neueren Datums. Sie verf\u00fcgen \u00fcber ein bis drei Schlafzimmer, ein Badezimmer mit Dusche, Waschbecken und separater Toilette, eine K\u00fcchenzeile und eine Sitzecke. Einige Modelle verf\u00fcgen auch \u00fcber eine Essecke und eine Terrasse. Alle Mietunterk\u00fcnfte sind au\u00dferdem mit einem Fernseher ausgestattet. Kopfkissen, Decken und Federbetten sind vorhanden.     <\/p>\n<\/div>\n<\/div>\n<\/div>\n\n\n\n<div class=\"wp-block-column is-layout-flow wp-block-column-is-layout-flow\" style=\"flex-basis:66.66%\">\n<figure class=\"wp-block-gallery has-nested-images columns-default is-cropped wp-block-gallery-1 is-layout-flex wp-block-gallery-is-layout-flex\">\n<figure class=\"wp-block-image size-full animated fadeIn delay-200ms\"><a href=\"https:\/\/www.camping-erromardie.com\/wp-content\/uploads\/2025\/04\/DSC_7071.jpg\"><img loading=\"lazy\" decoding=\"async\" width=\"1000\" height=\"668\" data-id=\"15736\" src=\"https:\/\/www.camping-erromardie.com\/wp-content\/uploads\/2025\/04\/DSC_7071.jpg\" alt=\"DSC 7071\" class=\"wp-image-15736\" srcset=\"https:\/\/www.camping-erromardie.com\/wp-content\/uploads\/2025\/04\/DSC_7071.jpg 1000w, https:\/\/www.camping-erromardie.com\/wp-content\/uploads\/2025\/04\/DSC_7071-300x200.jpg 300w, https:\/\/www.camping-erromardie.com\/wp-content\/uploads\/2025\/04\/DSC_7071-768x513.jpg 768w\" sizes=\"auto, (max-width: 1000px) 100vw, 1000px\" \/><\/a><\/figure>\n\n\n\n<figure class=\"wp-block-image size-full animated fadeIn\"><a href=\"https:\/\/www.camping-erromardie.com\/wp-content\/uploads\/2025\/04\/chambre-enfant-mobil-home-2.jpg\"><img loading=\"lazy\" decoding=\"async\" width=\"1335\" height=\"2000\" data-id=\"15401\" src=\"https:\/\/www.camping-erromardie.com\/wp-content\/uploads\/2025\/04\/chambre-enfant-mobil-home-2.jpg\" alt=\"Kinderzimmer Mobilheim\" class=\"wp-image-15401\" srcset=\"https:\/\/www.camping-erromardie.com\/wp-content\/uploads\/2025\/04\/chambre-enfant-mobil-home-2.jpg 1335w, https:\/\/www.camping-erromardie.com\/wp-content\/uploads\/2025\/04\/chambre-enfant-mobil-home-2-200x300.jpg 200w, https:\/\/www.camping-erromardie.com\/wp-content\/uploads\/2025\/04\/chambre-enfant-mobil-home-2-684x1024.jpg 684w, https:\/\/www.camping-erromardie.com\/wp-content\/uploads\/2025\/04\/chambre-enfant-mobil-home-2-768x1151.jpg 768w, https:\/\/www.camping-erromardie.com\/wp-content\/uploads\/2025\/04\/chambre-enfant-mobil-home-2-1025x1536.jpg 1025w\" sizes=\"auto, (max-width: 1335px) 100vw, 1335px\" \/><\/a><\/figure>\n<\/figure>\n<\/div>\n<\/div>\n\n\r\n    <\/div>\r\n<\/section><section id=\"ls-section-block_cb7bac1a2529a6597f375b825632811e\" class=\"ls-section  page-cta has-p-t p-t-14\" >\r\n        <div class=\"container container--wide\">\r\n        \n\n<div id=\"ls-heading ls-titre-div-block_ad6e8ba101e8bc37c1bf88e0f8991896\" class=\"ls-titre-div aligncenter h2-like has-text-color has-color-1-color\" >\n    F\u00fcr deinen g\u00fcnstigen Aufenthalt im Baskenland<\/div>\n\n\n\n<div id=\"ls-maillage-block_a783b84b3fed883a6f7de49f1c88b7a9\" class=\"ls-maillage cta-style-normal\" data-rows=\"3\">\n\n    <div class=\"wp-block-columns\"><div class=\"wp-block-column\">\n\n<a href=\"https:\/\/www.camping-erromardie.com\/de\/camping-acsi\/\" target=\"\" rel=\"noopener\" class=\"ls-cta__link\" data-categ=\"\">\n\t<div class=\"ls-cta__image\"><img decoding=\"async\" src=\"https:\/\/www.camping-erromardie.com\/wp-content\/uploads\/2025\/04\/Acsi.jpg\" alt=\"\"><\/div>\n\t<div class=\"ls-cta__title\">\n\t\tCampingplatz Acsi\t<\/div>\n\n\t<\/a><\/div><div class=\"wp-block-column\">\n\n<a href=\"https:\/\/www.camping-erromardie.com\/de\/camping-qualite\/\" target=\"\" rel=\"noopener\" class=\"ls-cta__link\" data-categ=\"\">\n\t<div class=\"ls-cta__image\"><img decoding=\"async\" src=\"https:\/\/www.camping-erromardie.com\/wp-content\/uploads\/2025\/04\/Camping-qualite.jpg\" alt=\"\"><\/div>\n\t<div class=\"ls-cta__title\">\n\t\tQualit\u00e4tscampingplatz\t<\/div>\n\n\t<\/a><\/div><div class=\"wp-block-column\">\n\n<a href=\"https:\/\/www.camping-erromardie.com\/de\/guenstige-camping-plaetze-im-baskenland\/\" target=\"\" rel=\"noopener\" class=\"ls-cta__link\" data-categ=\"\">\n\t<div class=\"ls-cta__image\"><img decoding=\"async\" src=\"https:\/\/www.camping-erromardie.com\/wp-content\/uploads\/2025\/04\/camping-saint-jean-de-luz-la-ferme-erromardie-pays-basque.jpg\" alt=\"Tarife\"><\/div>\n\t<div class=\"ls-cta__title\">\n\t\tTarife\t<\/div>\n\n\t<\/a><\/div><\/div>\n<\/div>\n\r\n    <\/div>\r\n<\/section><section id=\"ls-section-block_9e3c9ed0d0b9d2cc478abeb8d40298f1\" class=\"ls-section  home-first page-two has-background has-color-6-background-color\" >\r\n        <div class=\"container container--wide\">\r\n        \n\n<div class=\"wp-block-columns is-layout-flex wp-container-core-columns-is-layout-9d6595d7 wp-block-columns-is-layout-flex\">\n<div class=\"wp-block-column is-layout-flow wp-block-column-is-layout-flow\" style=\"flex-basis:66.66%\">\n<figure class=\"wp-block-gallery has-nested-images columns-default is-cropped wp-block-gallery-2 is-layout-flex wp-block-gallery-is-layout-flex\">\n<figure class=\"wp-block-image size-full animated fadeIn\"><a href=\"https:\/\/www.camping-erromardie.com\/wp-content\/uploads\/2025\/04\/Camping-Erromardie-44_1.jpg\"><img loading=\"lazy\" decoding=\"async\" width=\"1013\" height=\"1350\" data-id=\"12208\" src=\"https:\/\/www.camping-erromardie.com\/wp-content\/uploads\/2025\/04\/Camping-Erromardie-44_1.jpg\" alt=\"Campingplatz Erromardie 44 1\" class=\"wp-image-12208\" srcset=\"https:\/\/www.camping-erromardie.com\/wp-content\/uploads\/2025\/04\/Camping-Erromardie-44_1.jpg 1013w, https:\/\/www.camping-erromardie.com\/wp-content\/uploads\/2025\/04\/Camping-Erromardie-44_1-225x300.jpg 225w, https:\/\/www.camping-erromardie.com\/wp-content\/uploads\/2025\/04\/Camping-Erromardie-44_1-768x1023.jpg 768w\" sizes=\"auto, (max-width: 1013px) 100vw, 1013px\" \/><\/a><\/figure>\n\n\n\n<figure class=\"wp-block-image size-full animated fadeIn\"><a href=\"https:\/\/www.camping-erromardie.com\/wp-content\/uploads\/2025\/04\/Erromardie-92-1.jpg\"><img loading=\"lazy\" decoding=\"async\" width=\"2026\" height=\"1350\" data-id=\"12185\" src=\"https:\/\/www.camping-erromardie.com\/wp-content\/uploads\/2025\/04\/Erromardie-92-1.jpg\" alt=\"Erromardie (92)\" class=\"wp-image-12185\" srcset=\"https:\/\/www.camping-erromardie.com\/wp-content\/uploads\/2025\/04\/Erromardie-92-1.jpg 2026w, https:\/\/www.camping-erromardie.com\/wp-content\/uploads\/2025\/04\/Erromardie-92-1-300x200.jpg 300w, https:\/\/www.camping-erromardie.com\/wp-content\/uploads\/2025\/04\/Erromardie-92-1-1024x682.jpg 1024w, https:\/\/www.camping-erromardie.com\/wp-content\/uploads\/2025\/04\/Erromardie-92-1-768x512.jpg 768w, https:\/\/www.camping-erromardie.com\/wp-content\/uploads\/2025\/04\/Erromardie-92-1-1536x1023.jpg 1536w\" sizes=\"auto, (max-width: 2026px) 100vw, 2026px\" \/><\/a><\/figure>\n<\/figure>\n<\/div>\n\n\n\n<div class=\"wp-block-column is-layout-flow wp-block-column-is-layout-flow\" style=\"flex-basis:33.33%\">\n<div class=\"wp-block-columns is-layout-flex wp-container-core-columns-is-layout-9d6595d7 wp-block-columns-is-layout-flex\">\n<div class=\"wp-block-column column-border is-layout-flow wp-block-column-is-layout-flow\">\n<h2 class=\"ls__heading wp-block-heading has-color-1-color has-text-color has-link-color wp-elements-1d331f9d12c90f4e6c3ae957832efd62\">Besuche das Baskenland mit VACAF-Gutscheinen<\/h2>\n\n\n\n<p class=\"ls-paragraph\"><strong>Vacaf-Gutscheine<\/strong> erm\u00f6glichen es finanziell schwachen Bev\u00f6lkerungsgruppen, in den Urlaub zu fahren. Dank der Vacaf-Gutscheine k\u00f6nnen sie das Baskenland, ein Land der Traditionen, der Kultur und der Geselligkeit, besuchen und entdecken, indem sie auf einem Campingplatz vacaf sud \u00fcbernachten. Es ist eine Ecke Frankreichs, in der man sich wie im Ausland f\u00fchlt. Das Baskenland ist Teil des Departements Pyr\u00e9n\u00e9es Atlantiques, zu dem auch B\u00e9arn geh\u00f6rt. Es befindet sich im \u00e4u\u00dfersten S\u00fcdwesten Frankreichs und erstreckt sich s\u00fcdlich des Flusses Adour zwischen der Atlantikk\u00fcste, den Pyren\u00e4en und dem B\u00e9arn. Aufgrund seiner Geschichte, seines Erbes und seiner Kultur bietet das Baskenland durch die Vielfalt dieser Orte eine starke Identit\u00e4t. Eine Reise ins Baskenland ist eine Reise ins Herz der baskischen Kultur, ihrer Lieder, ihrer Sprache, ihrer T\u00e4nze, aber auch ihrer Gastronomie. An der K\u00fcste des Baskenlandes erwarten dich ber\u00fchmte Badeorte wie Saint Jean de Luz oder Biarritz. Auf der Landseite findest du die sch\u00f6nsten D\u00f6rfer Frankreichs wie A\u00efnhoa, Espelette oder Sare. Ein Besuch im Baskenland bedeutet, die kulinarischen Spezialit\u00e4ten der Region zu entdecken. In der Tat ist die baskische Gastronomie f\u00fcr ihre Qualit\u00e4t und Raffinesse bekannt. Probiere den k\u00f6stlichen Ttoro, eine traditionelle Suppe der baskischen Fischer, oder den Axoa, eine andere Spezialit\u00e4t des Landesinneren, ein Kalbsragout, das mit Piment d&#8217;Espelette gew\u00fcrzt ist.           <\/p>\n\n\n\n<h2 class=\"ls__heading wp-block-heading has-color-1-color has-text-color has-link-color wp-elements-7d44fd93861cab3b1464ac9fdb314308\">Buche deinen Aufenthalt im Baskenland mit VACAF<\/h2>\n\n\n\n<p class=\"ls-paragraph\">Du m\u00f6chtest mit Vacaf einen Campingurlaub im Baskenland machen und erh\u00e4ltst f\u00fcr deinen Urlaub einen CAF-Zuschuss? Buche deinen Aufenthalt im Baskenland, indem du eine Anzahlung von 30 % des Gesamtbetrags f\u00fcr den Aufenthalt leistest, indem du mit deiner Kreditkarte zahlst und als Hinweis auch die Zahlung per VACAF-Subvention ankreuzt. Dies erm\u00f6glicht dir, deinen Aufenthalt zu blockieren. Sobald der Antrag von der VACAF angenommen wurde, wird die Vacaf-Subvention auf deine Buchungsunterlagen angewendet.   <\/p>\n<\/div>\n<\/div>\n<\/div>\n<\/div>\n\n\r\n    <\/div>\r\n<\/section><section id=\"ls-section-block_49527a0e3427497ed530ee58060c78be\" class=\"ls-section  page-cta\" >\r\n        <div class=\"container container--wide\">\r\n        \n\n<div id=\"ls-heading ls-titre-div-block_943e232b3e68dee07d3fe3921038cb4d\" class=\"ls-titre-div aligncenter h2-like has-text-color has-color-1-color\" >\n    4 Gr\u00fcnde f\u00fcr die Wahl des Campingplatzes la Ferme Erromardie :<\/div>\n\n\n\n<div id=\"ls-maillage-block_b45eef1c1f59696f45f1b8a0e609da7a\" class=\"ls-maillage cta-style-normal\" data-rows=\"4\">\n\n    <div class=\"wp-block-columns\"><div class=\"wp-block-column\">\n\n<a href=\"https:\/\/www.camping-erromardie.com\/de\/camping-baskenland-mit-schwimmbad\/\" target=\"\" rel=\"noopener\" class=\"ls-cta__link\" data-categ=\"\">\n\t<div class=\"ls-cta__image\"><img decoding=\"async\" src=\"https:\/\/www.camping-erromardie.com\/wp-content\/uploads\/2025\/04\/camping-avec-piscine-au-pays-basque.jpg\" alt=\"\"><\/div>\n\t<div class=\"ls-cta__title\">\n\t\tSwimmingpool\t<\/div>\n\n\t<\/a><\/div><div class=\"wp-block-column\">\n\n<a href=\"https:\/\/www.camping-erromardie.com\/de\/camping-baskenland-kueste\/\" target=\"\" rel=\"noopener\" class=\"ls-cta__link\" data-categ=\"\">\n\t<div class=\"ls-cta__image\"><img decoding=\"async\" src=\"https:\/\/www.camping-erromardie.com\/wp-content\/uploads\/2025\/04\/Erromardie-88.jpg\" alt=\"\"><\/div>\n\t<div class=\"ls-cta__title\">\n\t\tAm Meer\t<\/div>\n\n\t<\/a><\/div><div class=\"wp-block-column\">\n\n<a href=\"https:\/\/www.camping-erromardie.com\/de\/freizeit-im-baskenland-campingplatz\/\" target=\"\" rel=\"noopener\" class=\"ls-cta__link\" data-categ=\"\">\n\t<div class=\"ls-cta__image\"><img decoding=\"async\" src=\"https:\/\/www.camping-erromardie.com\/wp-content\/uploads\/2025\/04\/Camping-Erromardie-61_1.jpg\" alt=\"\"><\/div>\n\t<div class=\"ls-cta__title\">\n\t\tAnimationen\t<\/div>\n\n\t<\/a><\/div><div class=\"wp-block-column\">\n\n<a href=\"https:\/\/www.camping-erromardie.com\/de\/4-sterne-camping-baskenland\/\" target=\"\" rel=\"noopener\" class=\"ls-cta__link\" data-categ=\"\">\n\t<div class=\"ls-cta__image\"><img decoding=\"async\" src=\"https:\/\/www.camping-erromardie.com\/wp-content\/uploads\/2025\/04\/Camping-Erromardie-46.jpg\" alt=\"\"><\/div>\n\t<div class=\"ls-cta__title\">\n\t\tDie Dienste\t<\/div>\n\n\t<\/a><\/div><\/div>\n<\/div>\n\r\n    <\/div>\r\n<\/section>","protected":false},"excerpt":{"rendered":"","protected":false},"author":1,"featured_media":17268,"parent":0,"menu_order":33,"comment_status":"closed","ping_status":"closed","template":"","meta":{"_acf_changed":false,"_seopress_robots_primary_cat":"","_seopress_titles_title":"Camping Vacaf Baskenland | Gute Unterk\u00fcnfte | Sozialer Urlaub baskische K\u00fcste","_seopress_titles_desc":"F\u00fcr einen g\u00fcnstigeren Aufenthalt an der baskischen K\u00fcste ist der Campingplatz la Ferme d'Erromardie mit dem VACAF-Siegel ausgezeichnet.","_seopress_robots_index":"","footnotes":""},"sujet":[],"class_list":["post-18029","page","type-page","status-publish","has-post-thumbnail","hentry"],"acf":[],"_links":{"self":[{"href":"https:\/\/www.camping-erromardie.com\/de\/wp-json\/wp\/v2\/pages\/18029","targetHints":{"allow":["GET"]}}],"collection":[{"href":"https:\/\/www.camping-erromardie.com\/de\/wp-json\/wp\/v2\/pages"}],"about":[{"href":"https:\/\/www.camping-erromardie.com\/de\/wp-json\/wp\/v2\/types\/page"}],"author":[{"embeddable":true,"href":"https:\/\/www.camping-erromardie.com\/de\/wp-json\/wp\/v2\/users\/1"}],"replies":[{"embeddable":true,"href":"https:\/\/www.camping-erromardie.com\/de\/wp-json\/wp\/v2\/comments?post=18029"}],"version-history":[{"count":4,"href":"https:\/\/www.camping-erromardie.com\/de\/wp-json\/wp\/v2\/pages\/18029\/revisions"}],"predecessor-version":[{"id":19287,"href":"https:\/\/www.camping-erromardie.com\/de\/wp-json\/wp\/v2\/pages\/18029\/revisions\/19287"}],"wp:featuredmedia":[{"embeddable":true,"href":"https:\/\/www.camping-erromardie.com\/de\/wp-json\/wp\/v2\/media\/17268"}],"wp:attachment":[{"href":"https:\/\/www.camping-erromardie.com\/de\/wp-json\/wp\/v2\/media?parent=18029"}],"wp:term":[{"taxonomy":"sujet","embeddable":true,"href":"https:\/\/www.camping-erromardie.com\/de\/wp-json\/wp\/v2\/sujet?post=18029"}],"curies":[{"name":"wp","href":"https:\/\/api.w.org\/{rel}","templated":true}]}}