{"id":18023,"date":"2025-04-17T01:35:05","date_gmt":"2025-04-16T23:35:05","guid":{"rendered":"https:\/\/www.camping-erromardie.com\/avis-camping-erromardie\/"},"modified":"2025-05-26T10:10:23","modified_gmt":"2025-05-26T08:10:23","slug":"kundenmeinung-camping-erromardie","status":"publish","type":"page","link":"https:\/\/www.camping-erromardie.com\/de\/kundenmeinung-camping-erromardie\/","title":{"rendered":"Avis Camping Erromardie"},"content":{"rendered":"<section id=\"ls-section-block_e8e48336f4cd108222f7b98b40e4b2cf\" class=\"ls-section  page-titre\" >\r\n        <div class=\"container container--wide\">\r\n        \n\n<h1 class=\"ls__heading wp-block-heading has-text-align-center has-color-4-color has-text-color has-link-color wp-elements-802956315a0ae47f54b9232c53de4d81\">Berichte \u00fcber den Campingplatz Erromardie<\/h1>\n\n\n\n<p class=\"ls-paragraph has-text-align-center\">M\u00f6chtest du einen Kommentar \u00fcber deinen Aufenthalt auf dem <a href=\"https:\/\/www.camping-erromardie.com\/de\/\" data-type=\"page\" data-id=\"270\">Campingplatz La Ferme d&#8217;Erromardie<\/a> hinterlassen? M\u00f6chtest du stattdessen ein Feedback \u00fcber die Erfahrungen anderer Urlauber mit ihrem Urlaub erhalten?   <br\/>Hier findest du alle gepr\u00fcften Meinungen zu unserem 4-Sterne-Hotel in Saint Jean de Luz :<\/p>\n\n\n\n<p class=\"ls-paragraph has-text-align-center\"><\/p>\n\n\r\n    <\/div>\r\n<\/section><section id=\"ls-section-block_fdc10e81868afaf5320d2ed6ee049aa1\" class=\"ls-section  page-cta\" >\r\n        <div class=\"container container--wide\">\r\n        \n\n<div id=\"ls-heading ls-titre-div-block_6a235332d22485dc701a1a6e8d41a998\" class=\"ls-titre-div aligncenter h2-like has-text-color has-color-1-color\" >\n    Entdecke unsere Dienstleistungen, unsere Animationen und unseren Pool<\/div>\n\n\n\n<div id=\"ls-maillage-block_52fd2e575306856f8b664d11b58f33e7\" class=\"ls-maillage cta-style-normal\" data-rows=\"3\">\n\n    <div class=\"wp-block-columns\"><div class=\"wp-block-column\">\n\n<a href=\"https:\/\/www.camping-erromardie.com\/de\/camping-baskenland-mit-schwimmbad\/\" target=\"\" rel=\"noopener\" class=\"ls-cta__link\" data-categ=\"\">\n\t<div class=\"ls-cta__image\"><img decoding=\"async\" src=\"https:\/\/www.camping-erromardie.com\/wp-content\/uploads\/2025\/04\/camping-avec-piscine-au-pays-basque.jpg\" alt=\"\"><\/div>\n\t<div class=\"ls-cta__title\">\n\t\tSwimmingpool\t<\/div>\n\n\t<\/a><\/div><div class=\"wp-block-column\">\n\n<a href=\"https:\/\/www.camping-erromardie.com\/de\/freizeit-im-baskenland-campingplatz\/\" target=\"\" rel=\"noopener\" class=\"ls-cta__link\" data-categ=\"\">\n\t<div class=\"ls-cta__image\"><img decoding=\"async\" src=\"https:\/\/www.camping-erromardie.com\/wp-content\/uploads\/2025\/04\/Camping-Erromardie-61_1.jpg\" alt=\"\"><\/div>\n\t<div class=\"ls-cta__title\">\n\t\tAnimationen\t<\/div>\n\n\t<\/a><\/div><div class=\"wp-block-column\">\n\n<a href=\"https:\/\/www.camping-erromardie.com\/de\/4-sterne-camping-baskenland\/\" target=\"\" rel=\"noopener\" class=\"ls-cta__link\" data-categ=\"\">\n\t<div class=\"ls-cta__image\"><img decoding=\"async\" src=\"https:\/\/www.camping-erromardie.com\/wp-content\/uploads\/2025\/04\/Camping-Erromardie-46.jpg\" alt=\"\"><\/div>\n\t<div class=\"ls-cta__title\">\n\t\tDie Dienste\t<\/div>\n\n\t<\/a><\/div><\/div>\n<\/div>\n\r\n    <\/div>\r\n<\/section>","protected":false},"excerpt":{"rendered":"","protected":false},"author":1,"featured_media":0,"parent":0,"menu_order":30,"comment_status":"closed","ping_status":"closed","template":"","meta":{"_acf_changed":false,"_seopress_robots_primary_cat":"","_seopress_titles_title":"Die Meinung der Urlauber \u00fcber den Campingplatz La Ferme d'Erromard","_seopress_titles_desc":"M\u00f6chtest du einen Kommentar \u00fcber deinen Aufenthalt auf dem Campingplatz La Ferme d'Erromardie hinterlassen? Du m\u00f6chtest vielmehr ein Feedback \u00fcber die Erfahrungen anderer Urlauber mit ihrem Urlaub erhalten? Hier findest du alle verifizierten Meinungen \u00fcber unsere 4-Sterne-Anlage in Saint Jean de Luz.","_seopress_robots_index":"","footnotes":""},"sujet":[],"class_list":["post-18023","page","type-page","status-publish","hentry"],"acf":[],"_links":{"self":[{"href":"https:\/\/www.camping-erromardie.com\/de\/wp-json\/wp\/v2\/pages\/18023","targetHints":{"allow":["GET"]}}],"collection":[{"href":"https:\/\/www.camping-erromardie.com\/de\/wp-json\/wp\/v2\/pages"}],"about":[{"href":"https:\/\/www.camping-erromardie.com\/de\/wp-json\/wp\/v2\/types\/page"}],"author":[{"embeddable":true,"href":"https:\/\/www.camping-erromardie.com\/de\/wp-json\/wp\/v2\/users\/1"}],"replies":[{"embeddable":true,"href":"https:\/\/www.camping-erromardie.com\/de\/wp-json\/wp\/v2\/comments?post=18023"}],"version-history":[{"count":1,"href":"https:\/\/www.camping-erromardie.com\/de\/wp-json\/wp\/v2\/pages\/18023\/revisions"}],"predecessor-version":[{"id":18024,"href":"https:\/\/www.camping-erromardie.com\/de\/wp-json\/wp\/v2\/pages\/18023\/revisions\/18024"}],"wp:attachment":[{"href":"https:\/\/www.camping-erromardie.com\/de\/wp-json\/wp\/v2\/media?parent=18023"}],"wp:term":[{"taxonomy":"sujet","embeddable":true,"href":"https:\/\/www.camping-erromardie.com\/de\/wp-json\/wp\/v2\/sujet?post=18023"}],"curies":[{"name":"wp","href":"https:\/\/api.w.org\/{rel}","templated":true}]}}