{"id":17997,"date":"2025-04-22T09:50:12","date_gmt":"2025-04-22T07:50:12","guid":{"rendered":"https:\/\/www.camping-erromardie.com\/mobil-home\/"},"modified":"2025-06-12T11:03:01","modified_gmt":"2025-06-12T09:03:01","slug":"mobilheim","status":"publish","type":"page","link":"https:\/\/www.camping-erromardie.com\/de\/camping-bidart\/mobilheim\/","title":{"rendered":"Mobilheimvermietung in der N\u00e4he von Bidart"},"content":{"rendered":"<section id=\"ls-section-block_cd5b11ddf1347295328c20918da14fb4\" class=\"ls-section  page-titre\" >\r\n        <div class=\"container container--wide\">\r\n        \n\n<h1 class=\"ls__heading wp-block-heading has-text-align-center has-color-4-color has-text-color has-link-color wp-elements-47c94eac7dbc59b0a1826cad4c572083\">Mobilheimvermietung in der N\u00e4he von Bidart<\/h1>\n\n\n\n<p class=\"ls-paragraph has-text-align-center\">D\u00e9couvrez le confort de nos\u00a0<strong>locations de mobil homes pr\u00e8s de Bidart\u00a0<\/strong>\u00e0 deux pas de l\u2019Oc\u00e9an Atlantique, au c\u0153ur du Pays Basque. Notre\u00a0<strong>domaine de 2,5 hectares pr\u00e8s de Biarritz<\/strong>\u00a0propose une vari\u00e9t\u00e9 d\u2019options d\u2019h\u00e9bergement adapt\u00e9es \u00e0 vos besoins pour vos vacances en famille ou entre amis. Dans notre\u00a0<a href=\"https:\/\/www.camping-erromardie.com\/\" data-type=\"page\" data-id=\"270\">camping 4 \u00e9toiles au Pays Basque<\/a>, nous mettons \u00e0 votre disposition des\u00a0<strong>mobil-homes<\/strong>\u00a0con\u00e7us pour 2 personnes jusqu\u2019aux options plus spacieuses pouvant accueillir jusqu\u2019\u00e0 6 personnes, id\u00e9ales pour les familles nombreuses.<\/p>\n\n\n\n<p class=\"ls-paragraph has-text-align-center\">Chaque\u00a0<strong>location de mobil home\u00a0<\/strong>dans notre\u00a0<a href=\"https:\/\/www.camping-erromardie.com\/camping-bidart\/\" data-type=\"page\" data-id=\"338\">camping pr\u00e8s de Bidart<\/a>\u00a0est \u00e9quip\u00e9 d\u2019une t\u00e9l\u00e9vision, d\u2019oreillers, de couvertures et de couettes pour assurer votre confort pendant votre s\u00e9jour, que vous restiez quelques nuits ou plus longtemps. N\u2019oubliez pas d\u2019apporter vos draps de lit et affaires personnelles pour compl\u00e9ter votre\u00a0<strong>location de mobil home<\/strong>\u00a0dans les Pyr\u00e9n\u00e9es Atlantiques.<\/p>\n\n\r\n    <\/div>\r\n<\/section><section id=\"ls-section-block_129da21acc3e9dda9d95212bf91e9a59\" class=\"ls-section  home-first page-one has-p-b p-b-14\" >\r\n        <div class=\"container container--wide\">\r\n        \n\n<div class=\"wp-block-columns is-layout-flex wp-container-core-columns-is-layout-9d6595d7 wp-block-columns-is-layout-flex\">\n<div class=\"wp-block-column is-layout-flow wp-block-column-is-layout-flow\" style=\"flex-basis:33.33%\">\n<div class=\"wp-block-columns is-layout-flex wp-container-core-columns-is-layout-9d6595d7 wp-block-columns-is-layout-flex\">\n<div class=\"wp-block-column column-border is-layout-flow wp-block-column-is-layout-flow\">\n<h2 class=\"ls__heading wp-block-heading has-color-1-color has-text-color has-link-color wp-elements-c49ef5e6e5fa1396585ba25436b648a7\">Erschwingliche Mobilheimvermietungen in der N\u00e4he von Bidart<\/h2>\n\n\n\n<p class=\"ls-paragraph\">Auf unserem Campingplatz in der N\u00e4he von Bidart ist es unser Ziel,<strong> Mobilheimvermietungen<\/strong> anzubieten, die f\u00fcr jedes Budget geeignet sind. Urlauber haben die Wahl zwischen verschiedenen <strong>preisg\u00fcnstigen Mietoptionen<\/strong> im Baskenland. <\/p>\n\n\n\n<p class=\"ls-paragraph\">Un\u00a0<strong>mobil home accessible aux personnes \u00e0 mobilit\u00e9 r\u00e9duite\u00a0<\/strong>est disponible d\u00e8s 294\u20ac pour une semaine de vacances dans les Pyr\u00e9n\u00e9es Atlantiques. Pour les familles avec enfants qui recherchent plus d\u2019espace, un\u00a0<strong>grand mobil home de trois chambres\u00a0<\/strong>accueillant jusqu\u2019\u00e0 six personnes est propos\u00e9 \u00e0 384\u20ac pour sept jours. Ces tarifs avantageux de notre\u00a0<a href=\"https:\/\/www.camping-erromardie.com\/camping-bidart\/tarifs\/\" data-type=\"page\" data-id=\"16215\">camping pas cher pr\u00e8s de Bidart<\/a>, permettent de profiter pleinement de vos\u00a0<strong>vacances en famille en camping dans le Pays Basque\u00a0<\/strong>sans compromettre votre porte-monnaie !<\/p>\n<\/div>\n<\/div>\n<\/div>\n\n\n\n<div class=\"wp-block-column is-layout-flow wp-block-column-is-layout-flow\" style=\"flex-basis:66.66%\">\n<figure class=\"wp-block-gallery has-nested-images columns-default is-cropped wp-block-gallery-1 is-layout-flex wp-block-gallery-is-layout-flex\">\n<figure class=\"wp-block-image size-full animated fadeIn delay-200ms\"><a href=\"https:\/\/www.camping-erromardie.com\/wp-content\/uploads\/2025\/04\/Location-Mobil-home-camping-pays-basque-6.jpg\"><img loading=\"lazy\" decoding=\"async\" width=\"2000\" height=\"1400\" data-id=\"15298\" src=\"https:\/\/www.camping-erromardie.com\/wp-content\/uploads\/2025\/04\/Location-Mobil-home-camping-pays-basque-6.jpg\" alt=\"Vermietung Mobilheim Camping Baskenland (6)\" class=\"wp-image-15298\" srcset=\"https:\/\/www.camping-erromardie.com\/wp-content\/uploads\/2025\/04\/Location-Mobil-home-camping-pays-basque-6.jpg 2000w, https:\/\/www.camping-erromardie.com\/wp-content\/uploads\/2025\/04\/Location-Mobil-home-camping-pays-basque-6-300x210.jpg 300w, https:\/\/www.camping-erromardie.com\/wp-content\/uploads\/2025\/04\/Location-Mobil-home-camping-pays-basque-6-1024x717.jpg 1024w, https:\/\/www.camping-erromardie.com\/wp-content\/uploads\/2025\/04\/Location-Mobil-home-camping-pays-basque-6-768x538.jpg 768w, https:\/\/www.camping-erromardie.com\/wp-content\/uploads\/2025\/04\/Location-Mobil-home-camping-pays-basque-6-1536x1075.jpg 1536w\" sizes=\"auto, (max-width: 2000px) 100vw, 2000px\" \/><\/a><\/figure>\n\n\n\n<figure class=\"wp-block-image size-full animated fadeIn\"><a href=\"https:\/\/www.camping-erromardie.com\/wp-content\/uploads\/2025\/04\/mobil-home-en-location-pays-basque-3.jpg\"><img loading=\"lazy\" decoding=\"async\" width=\"600\" height=\"800\" data-id=\"15438\" src=\"https:\/\/www.camping-erromardie.com\/wp-content\/uploads\/2025\/04\/mobil-home-en-location-pays-basque-3.jpg\" alt=\"Mietmobilheim Baskenland (3)\" class=\"wp-image-15438\" srcset=\"https:\/\/www.camping-erromardie.com\/wp-content\/uploads\/2025\/04\/mobil-home-en-location-pays-basque-3.jpg 600w, https:\/\/www.camping-erromardie.com\/wp-content\/uploads\/2025\/04\/mobil-home-en-location-pays-basque-3-225x300.jpg 225w\" sizes=\"auto, (max-width: 600px) 100vw, 600px\" \/><\/a><\/figure>\n<\/figure>\n<\/div>\n<\/div>\n\n\r\n    <\/div>\r\n<\/section><section id=\"ls-section-block_063d72603a10d36a51d738df855d3591\" class=\"ls-section  home-first page-two has-background has-color-6-background-color has-p-b p-b-14\" >\r\n        <div class=\"container container--wide\">\r\n        \n\n<div class=\"wp-block-columns is-layout-flex wp-container-core-columns-is-layout-9d6595d7 wp-block-columns-is-layout-flex\">\n<div class=\"wp-block-column is-layout-flow wp-block-column-is-layout-flow\" style=\"flex-basis:66.66%\">\n<figure class=\"wp-block-gallery has-nested-images columns-default is-cropped wp-block-gallery-2 is-layout-flex wp-block-gallery-is-layout-flex\">\n<figure class=\"wp-block-image size-full animated fadeIn delay-200ms\"><a href=\"https:\/\/www.camping-erromardie.com\/wp-content\/uploads\/2025\/04\/chambre-enfant-mobil-home-2.jpg\"><img loading=\"lazy\" decoding=\"async\" width=\"1335\" height=\"2000\" data-id=\"15401\" src=\"https:\/\/www.camping-erromardie.com\/wp-content\/uploads\/2025\/04\/chambre-enfant-mobil-home-2.jpg\" alt=\"Kinderzimmer Mobilheim\" class=\"wp-image-15401\" srcset=\"https:\/\/www.camping-erromardie.com\/wp-content\/uploads\/2025\/04\/chambre-enfant-mobil-home-2.jpg 1335w, https:\/\/www.camping-erromardie.com\/wp-content\/uploads\/2025\/04\/chambre-enfant-mobil-home-2-200x300.jpg 200w, https:\/\/www.camping-erromardie.com\/wp-content\/uploads\/2025\/04\/chambre-enfant-mobil-home-2-684x1024.jpg 684w, https:\/\/www.camping-erromardie.com\/wp-content\/uploads\/2025\/04\/chambre-enfant-mobil-home-2-768x1151.jpg 768w, https:\/\/www.camping-erromardie.com\/wp-content\/uploads\/2025\/04\/chambre-enfant-mobil-home-2-1025x1536.jpg 1025w\" sizes=\"auto, (max-width: 1335px) 100vw, 1335px\" \/><\/a><\/figure>\n\n\n\n<figure class=\"wp-block-image size-full animated fadeIn\"><a href=\"https:\/\/www.camping-erromardie.com\/wp-content\/uploads\/2025\/04\/DSC_6001.jpg\"><img loading=\"lazy\" decoding=\"async\" width=\"2022\" height=\"1350\" data-id=\"15428\" src=\"https:\/\/www.camping-erromardie.com\/wp-content\/uploads\/2025\/04\/DSC_6001.jpg\" alt=\"DSC 6001\" class=\"wp-image-15428\" srcset=\"https:\/\/www.camping-erromardie.com\/wp-content\/uploads\/2025\/04\/DSC_6001.jpg 2022w, https:\/\/www.camping-erromardie.com\/wp-content\/uploads\/2025\/04\/DSC_6001-300x200.jpg 300w, https:\/\/www.camping-erromardie.com\/wp-content\/uploads\/2025\/04\/DSC_6001-1024x684.jpg 1024w, https:\/\/www.camping-erromardie.com\/wp-content\/uploads\/2025\/04\/DSC_6001-768x513.jpg 768w, https:\/\/www.camping-erromardie.com\/wp-content\/uploads\/2025\/04\/DSC_6001-1536x1026.jpg 1536w\" sizes=\"auto, (max-width: 2022px) 100vw, 2022px\" \/><\/a><\/figure>\n<\/figure>\n<\/div>\n\n\n\n<div class=\"wp-block-column is-layout-flow wp-block-column-is-layout-flow\" style=\"flex-basis:33.33%\">\n<div class=\"wp-block-columns is-layout-flex wp-container-core-columns-is-layout-9d6595d7 wp-block-columns-is-layout-flex\">\n<div class=\"wp-block-column column-border is-layout-flow wp-block-column-is-layout-flow\">\n<h2 class=\"ls__heading wp-block-heading has-color-1-color has-text-color has-link-color wp-elements-6a6f1c92212f608154a7ef93b5c13e73\">Entdecke unsere Mobilheime in der N\u00e4he von Bidart<\/h2>\n\n\n\n<p class=\"ls-paragraph\">Pour votre<strong>\u00a0s\u00e9jour au Pays Basque<\/strong>\u00a0en Nouvelle Aquitaine, que vous soyez seul ou en groupe jusqu\u2019\u00e0 six personnes, notre<a href=\"https:\/\/www.camping-erromardie.com\/camping-bidart\/piscine\/\" data-type=\"page\" data-id=\"16222\">\u00a0camping avec piscine pr\u00e8s de Bidart<\/a>\u00a0propose des\u00a0<strong>mobil homes modernes et confortables en location<\/strong>. Nos chalets et mobil-homes \u00e0 Saint Jean de Luz, pouvant accueillir jusqu\u2019\u00e0 six visiteurs, se distinguent par leur modernit\u00e9 et la qualit\u00e9 de leurs \u00e9quipements. Avec des superficies allant de 16 \u00e0 32m2 et des configurations d\u2019une \u00e0 trois chambres, nos\u00a0<strong>options d\u2019h\u00e9bergement en location\u00a0<\/strong>sont diversifi\u00e9es. Les logements de notre\u00a0<strong>camping 4 \u00e9toiles pr\u00e8s de Bidart<\/strong>\u00a0varient des cabanes lodges m\u00ealant bois et toile \u00e0 des maisons \u00e0 l\u2019esth\u00e9tique contemporaine, en passant par des\u00a0<strong>mobil-homes color\u00e9s<\/strong>, tous dot\u00e9s d\u2019un design agr\u00e9able et d\u2019un int\u00e9rieur soigneusement d\u00e9cor\u00e9.<\/p>\n\n\n\n<p class=\"ls-paragraph\">F\u00fcr Personen mit eingeschr\u00e4nkter Mobilit\u00e4t, die in <strong>der N\u00e4he von Bidart Urlaub<\/strong> machen, hat unser Campingplatz speziell<strong> Mobilheim-Vermietungen <\/strong>mit Zugangsrampe, gro\u00dfz\u00fcgigen R\u00e4umen und angepassten Sanit\u00e4ranlagen eingerichtet. Jedes<strong> Mobilheim, das du auf unserem Campingplatz in der N\u00e4he von Bidart mieten<\/strong> kannst, egal ob es f\u00fcr zwei oder sechs Personen ausgelegt ist, ist so ausgestattet, dass du einen unbeschwerten <strong>Aufenthalt im S\u00fcdwesten Frankreichs<\/strong> genie\u00dfen kannst: voll ausgestattete K\u00fcche, Badezimmer mit WC, Fernseher und kostenloser WIFI-Zugang auf dem gesamten Gel\u00e4nde. <\/p>\n<\/div>\n<\/div>\n<\/div>\n<\/div>\n\n\r\n    <\/div>\r\n<\/section><section id=\"ls-section-block_47fb0f7500cd6f6df7eea5363a4191a1\" class=\"ls-section  home-first page-one has-p-t p-t-14\" >\r\n        <div class=\"container container--wide\">\r\n        \n\n<div class=\"wp-block-columns is-layout-flex wp-container-core-columns-is-layout-9d6595d7 wp-block-columns-is-layout-flex\">\n<div class=\"wp-block-column is-layout-flow wp-block-column-is-layout-flow\" style=\"flex-basis:33.33%\">\n<div class=\"wp-block-columns is-layout-flex wp-container-core-columns-is-layout-9d6595d7 wp-block-columns-is-layout-flex\">\n<div class=\"wp-block-column column-border is-layout-flow wp-block-column-is-layout-flow\">\n<h2 class=\"ls__heading wp-block-heading has-color-1-color has-text-color has-link-color wp-elements-7be3566e08830ca47ddd757ca35ab222\">Vermietung von Mobilheimen mit privater Terrasse am Meer in der N\u00e4he von Bidart<br\/><\/h2>\n\n\n\n<p class=\"ls-paragraph\">Jedes <strong>Mobilheim, das du in der N\u00e4he von Bidart auf unserem Campingplatz mit Pool im Baskenland mieten<\/strong> kannst, verf\u00fcgt \u00fcber einen privaten Au\u00dfenbereich, der sorgf\u00e4ltig mit Pflanzen und einer Terrasse gestaltet wurde. Das kleine Extra einer <strong>Mobilheimvermietung auf unserem Campingplatz in der N\u00e4he von Bidart<\/strong>? Du wirst einen Blick auf das Meer haben!  <\/p>\n\n\n\n<p class=\"ls-paragraph\">Die Terrassen der <strong>Mobilheime auf unserem Campingplatz in der N\u00e4he von Bidart<\/strong> sind aus Holz oder Fliesen gestaltet, einige erh\u00f6ht, andere nicht, und manchmal von Sonnenschirmen beschattet. Sie werden zu echten Erweiterungen deines <strong>Aufenthaltsortes im Baskenland<\/strong>.<\/p>\n\n\n\n<p class=\"ls-paragraph\">Jede Terrasse l\u00e4dt dich ein, w\u00e4hrend deines <strong>Campingurlaubs im Baskenland<\/strong> deine Mahlzeiten im Freien in deinem <strong>Mobilheim<\/strong> zu genie\u00dfen, in der Sonne zu entspannen oder am Abend dem sanften Rauschen der Wellen am Strand von Erromardie zu lauschen.<\/p>\n\n\n\n<p class=\"ls-paragraph\">Jede Terrasse ist mit Gartenm\u00f6beln ausgestattet, wodurch dieser Bereich zu einem nat\u00fcrlichen Bestandteil deiner <strong>Mobilheimvermietung<\/strong> wird und dir zus\u00e4tzliche Quadratmeter bietet, auf denen du die N\u00e4he des Ozeans unseres <strong>Campingplatzes in Saint Jean de Luz<\/strong> genie\u00dfen kannst.<\/p>\n<\/div>\n<\/div>\n<\/div>\n\n\n\n<div class=\"wp-block-column is-layout-flow wp-block-column-is-layout-flow\" style=\"flex-basis:66.66%\">\n<figure class=\"wp-block-gallery has-nested-images columns-default is-cropped wp-block-gallery-3 is-layout-flex wp-block-gallery-is-layout-flex\">\n<figure class=\"wp-block-image size-full animated fadeIn delay-200ms\"><a href=\"https:\/\/www.camping-erromardie.com\/wp-content\/uploads\/2025\/04\/MH-camping-la-ferme-erromardie-cuisine.jpg\"><img loading=\"lazy\" decoding=\"async\" width=\"668\" height=\"1000\" data-id=\"15742\" src=\"https:\/\/www.camping-erromardie.com\/wp-content\/uploads\/2025\/04\/MH-camping-la-ferme-erromardie-cuisine.jpg\" alt=\"MH Camping Bauernhof erromardie K&#xFC;che\" class=\"wp-image-15742\" srcset=\"https:\/\/www.camping-erromardie.com\/wp-content\/uploads\/2025\/04\/MH-camping-la-ferme-erromardie-cuisine.jpg 668w, https:\/\/www.camping-erromardie.com\/wp-content\/uploads\/2025\/04\/MH-camping-la-ferme-erromardie-cuisine-200x300.jpg 200w\" sizes=\"auto, (max-width: 668px) 100vw, 668px\" \/><\/a><\/figure>\n\n\n\n<figure class=\"wp-block-image size-full animated fadeIn\"><a href=\"https:\/\/www.camping-erromardie.com\/wp-content\/uploads\/2025\/04\/Camping-Erromardie-environnement-16-1.jpg\"><img loading=\"lazy\" decoding=\"async\" width=\"2022\" height=\"1350\" data-id=\"15909\" src=\"https:\/\/www.camping-erromardie.com\/wp-content\/uploads\/2025\/04\/Camping-Erromardie-environnement-16-1.jpg\" alt=\"Campingplatz Erromardie umwelt 16\" class=\"wp-image-15909\" srcset=\"https:\/\/www.camping-erromardie.com\/wp-content\/uploads\/2025\/04\/Camping-Erromardie-environnement-16-1.jpg 2022w, https:\/\/www.camping-erromardie.com\/wp-content\/uploads\/2025\/04\/Camping-Erromardie-environnement-16-1-300x200.jpg 300w, https:\/\/www.camping-erromardie.com\/wp-content\/uploads\/2025\/04\/Camping-Erromardie-environnement-16-1-1024x684.jpg 1024w, https:\/\/www.camping-erromardie.com\/wp-content\/uploads\/2025\/04\/Camping-Erromardie-environnement-16-1-768x513.jpg 768w, https:\/\/www.camping-erromardie.com\/wp-content\/uploads\/2025\/04\/Camping-Erromardie-environnement-16-1-1536x1026.jpg 1536w\" sizes=\"auto, (max-width: 2022px) 100vw, 2022px\" \/><\/a><\/figure>\n<\/figure>\n<\/div>\n<\/div>\n\n\r\n    <\/div>\r\n<\/section><section id=\"ls-section-block_2465d4c637366697de410e62f4164f59\" class=\"ls-section  page-cta\" >\r\n        <div class=\"container container--wide\">\r\n        \n\n<div id=\"ls-heading ls-titre-div-block_0e59a3e194ab75af6bb5e7eabbd18756\" class=\"ls-titre-div aligncenter h2-like has-text-color has-color-1-color\" >\n    Entdecke unseren Pool, unsere Dienstleistungen und Angebote<\/div>\n\n\n\n<div id=\"ls-maillage-block_a5187ebd4c717d46ca1c552235042d8b\" class=\"ls-maillage cta-style-normal\" data-rows=\"3\">\n\n    <div class=\"wp-block-columns\"><div class=\"wp-block-column\">\n\n<a href=\"https:\/\/www.camping-erromardie.com\/de\/camping-bidart\/schwimmbad\/\" target=\"\" rel=\"noopener\" class=\"ls-cta__link\" data-categ=\"\">\n\t<div class=\"ls-cta__image\"><img decoding=\"async\" src=\"https:\/\/www.camping-erromardie.com\/wp-content\/uploads\/2025\/04\/La-ferme-erromardi-camping-familial-avec-piscine.jpg\" alt=\"Swimmingpool\"><\/div>\n\t<div class=\"ls-cta__title\">\n\t\tSwimmingpool\t<\/div>\n\n\t<\/a><\/div><div class=\"wp-block-column\">\n\n<a href=\"https:\/\/www.camping-erromardie.com\/de\/camping-bidart\/tarifs\/\" target=\"\" rel=\"noopener\" class=\"ls-cta__link\" data-categ=\"\">\n\t<div class=\"ls-cta__image\"><img decoding=\"async\" src=\"https:\/\/www.camping-erromardie.com\/wp-content\/uploads\/2025\/04\/DSC_7028.jpg\" alt=\"\"><\/div>\n\t<div class=\"ls-cta__title\">\n\t\tTarife\t<\/div>\n\n\t<\/a><\/div><div class=\"wp-block-column\">\n\n<a href=\"https:\/\/www.camping-erromardie.com\/de\/freizeit-im-baskenland-campingplatz\/\" target=\"\" rel=\"noopener\" class=\"ls-cta__link\" data-categ=\"\">\n\t<div class=\"ls-cta__image\"><img decoding=\"async\" src=\"https:\/\/www.camping-erromardie.com\/wp-content\/uploads\/2025\/04\/Camping-Erromardie-61_1.jpg\" alt=\"\"><\/div>\n\t<div class=\"ls-cta__title\">\n\t\tAnimationen\t<\/div>\n\n\t<\/a><\/div><\/div>\n<\/div>\n\r\n    <\/div>\r\n<\/section>","protected":false},"excerpt":{"rendered":"","protected":false},"author":1,"featured_media":15349,"parent":18140,"menu_order":8,"comment_status":"closed","ping_status":"closed","template":"","meta":{"_acf_changed":false,"_seopress_robots_primary_cat":"","_seopress_titles_title":"Mobilheimvermietung Bidart: Campingplatz am Meer im Baskenland","_seopress_titles_desc":"Buche dein Mobilheim in Bidart f\u00fcr einen unvergesslichen Urlaub. Genie\u00dfe einen Campingplatz mit Schwimmbad und komfortablen Zimmern im Herzen des Baskenlandes. ","_seopress_robots_index":"","footnotes":""},"sujet":[],"class_list":["post-17997","page","type-page","status-publish","has-post-thumbnail","hentry"],"acf":[],"_links":{"self":[{"href":"https:\/\/www.camping-erromardie.com\/de\/wp-json\/wp\/v2\/pages\/17997","targetHints":{"allow":["GET"]}}],"collection":[{"href":"https:\/\/www.camping-erromardie.com\/de\/wp-json\/wp\/v2\/pages"}],"about":[{"href":"https:\/\/www.camping-erromardie.com\/de\/wp-json\/wp\/v2\/types\/page"}],"author":[{"embeddable":true,"href":"https:\/\/www.camping-erromardie.com\/de\/wp-json\/wp\/v2\/users\/1"}],"replies":[{"embeddable":true,"href":"https:\/\/www.camping-erromardie.com\/de\/wp-json\/wp\/v2\/comments?post=17997"}],"version-history":[{"count":7,"href":"https:\/\/www.camping-erromardie.com\/de\/wp-json\/wp\/v2\/pages\/17997\/revisions"}],"predecessor-version":[{"id":19799,"href":"https:\/\/www.camping-erromardie.com\/de\/wp-json\/wp\/v2\/pages\/17997\/revisions\/19799"}],"up":[{"embeddable":true,"href":"https:\/\/www.camping-erromardie.com\/de\/wp-json\/wp\/v2\/pages\/18140"}],"wp:featuredmedia":[{"embeddable":true,"href":"https:\/\/www.camping-erromardie.com\/de\/wp-json\/wp\/v2\/media\/15349"}],"wp:attachment":[{"href":"https:\/\/www.camping-erromardie.com\/de\/wp-json\/wp\/v2\/media?parent=17997"}],"wp:term":[{"taxonomy":"sujet","embeddable":true,"href":"https:\/\/www.camping-erromardie.com\/de\/wp-json\/wp\/v2\/sujet?post=17997"}],"curies":[{"name":"wp","href":"https:\/\/api.w.org\/{rel}","templated":true}]}}