{"id":17980,"date":"2025-04-22T09:59:20","date_gmt":"2025-04-22T07:59:20","guid":{"rendered":"https:\/\/www.camping-erromardie.com\/tarifs\/"},"modified":"2025-06-12T11:03:00","modified_gmt":"2025-06-12T09:03:00","slug":"tarifs","status":"publish","type":"page","link":"https:\/\/www.camping-erromardie.com\/de\/camping-bidart\/tarifs\/","title":{"rendered":"G\u00fcnstige Campingpl\u00e4tze in der N\u00e4he von Bidart"},"content":{"rendered":"<section id=\"ls-section-block_e4cc036aefd8721571d5fc428de85c1e\" class=\"ls-section  page-titre\" >\r\n        <div class=\"container container--wide\">\r\n        \n\n<h1 class=\"ls__heading wp-block-heading has-text-align-center has-color-4-color has-text-color has-link-color wp-elements-9c40267344a40fca4a22ce20fef157be\">G\u00fcnstige Campingpl\u00e4tze in der N\u00e4he von Bidart<\/h1>\n\n\n\n<p class=\"ls-paragraph has-text-align-center\">Notre\u00a0<a href=\"https:\/\/www.camping-erromardie.com\/\" data-type=\"page\" data-id=\"270\">camping au Pays Basque \u00e0 Saint-Jean de Luz<\/a>, La Ferme d\u2019Erromardie, vous attend dans le sud-ouest de la France pour des\u00a0<strong>vacances inoubliables et abordables<\/strong>\u00a0! Profitez d\u2019offres exceptionnelles tout au long de la saison dans notre\u00a0<strong>camping pas cher pr\u00e8s de Bidart<\/strong>\u00a0: r\u00e9servez 14 nuits en mobil-home et ne payez que 12, ou b\u00e9n\u00e9ficiez d\u2019une<strong>\u00a0nuit gratuite\u00a0<\/strong>pour une semaine en emplacement caravaning. Ne manquez pas ces promotions avantageuses et\u00a0<strong>r\u00e9servez d\u00e8s maintenant<\/strong>\u00a0votre mobil-home ou emplacement au\u00a0<strong>meilleur prix<\/strong>\u00a0pour des vacances r\u00e9ussies \u00e0 Saint-Jean-de-Luz au Pays Basque en Nouvelle Aquitaine !<\/p>\n\n\r\n    <\/div>\r\n<\/section><section id=\"ls-section-block_2ec1584c8cf37c00a29f90e223b8325c\" class=\"ls-section  home-first page-one has-p-b p-b-14\" >\r\n        <div class=\"container container--wide\">\r\n        \n\n<div class=\"wp-block-columns is-layout-flex wp-container-core-columns-is-layout-9d6595d7 wp-block-columns-is-layout-flex\">\n<div class=\"wp-block-column is-layout-flow wp-block-column-is-layout-flow\" style=\"flex-basis:33.33%\">\n<div class=\"wp-block-columns is-layout-flex wp-container-core-columns-is-layout-9d6595d7 wp-block-columns-is-layout-flex\">\n<div class=\"wp-block-column column-border is-layout-flow wp-block-column-is-layout-flow\">\n<h2 class=\"ls__heading wp-block-heading has-color-1-color has-text-color has-link-color wp-elements-774e4d7b0e828b67dc588d4414a8184a\">G\u00fcnstige Campingpl\u00e4tze in der N\u00e4he von Bidart<\/h2>\n\n\n\n<p class=\"ls-paragraph\">Envie de passer un s\u00e9jour en\u00a0<a href=\"https:\/\/www.camping-erromardie.com\/camping-bidart\/mobil-home\/\">camping autour de Bidart<\/a>\u00a0sans d\u00e9passer votre budget ? \u00c0 la recherche de\u00a0<strong>campings \u00e9conomiques au Pays Basque\u00a0<\/strong>? Notre camping 4 \u00e9toiles pr\u00e8s de Bidart vous propose des emplacements abordables pour tente, camping-car et caravane,\u00a0<strong>adapt\u00e9s \u00e0 toutes les envies et tous les porte-monnaies<\/strong>.<\/p>\n\n\n\n<p class=\"ls-paragraph\">Entscheide dich f\u00fcr das<strong> Naturpaket<\/strong> unseres g\u00fcnstigen <strong>Campingplatzes in der N\u00e4he von Bidart<\/strong> und profitiere von gr\u00fcnen, preiswerten Stellpl\u00e4tzen ohne Strom, aber mit modernen Sanit\u00e4ranlagen und zahlreichen Freizeiteinrichtungen. F\u00fcr mehr Komfort zu geringeren Kosten auf unserem <strong>Campingplatz bei Saint-Jean-de-Luz <\/strong>in Nouvelle Aquitaine, entdecke auch unsere Sonderangebote f\u00fcr Mobilheime. <\/p>\n<\/div>\n<\/div>\n<\/div>\n\n\n\n<div class=\"wp-block-column is-layout-flow wp-block-column-is-layout-flow\" style=\"flex-basis:66.66%\">\n<figure class=\"wp-block-gallery has-nested-images columns-default is-cropped wp-block-gallery-1 is-layout-flex wp-block-gallery-is-layout-flex\">\n<figure class=\"wp-block-image size-full animated fadeIn delay-200ms\"><a href=\"https:\/\/www.camping-erromardie.com\/wp-content\/uploads\/2025\/04\/camping-erromardie-emplacement-van.jpg\"><img loading=\"lazy\" decoding=\"async\" width=\"589\" height=\"468\" data-id=\"10608\" src=\"https:\/\/www.camping-erromardie.com\/wp-content\/uploads\/2025\/04\/camping-erromardie-emplacement-van.jpg\" alt=\"camping erromardie stellplatz van\" class=\"wp-image-10608\" srcset=\"https:\/\/www.camping-erromardie.com\/wp-content\/uploads\/2025\/04\/camping-erromardie-emplacement-van.jpg 589w, https:\/\/www.camping-erromardie.com\/wp-content\/uploads\/2025\/04\/camping-erromardie-emplacement-van-300x238.jpg 300w\" sizes=\"auto, (max-width: 589px) 100vw, 589px\" \/><\/a><\/figure>\n\n\n\n<figure class=\"wp-block-image size-full animated fadeIn\"><a href=\"https:\/\/www.camping-erromardie.com\/wp-content\/uploads\/2025\/04\/Location-emplacement-camping-car-en-famille-1.jpg\"><img loading=\"lazy\" decoding=\"async\" width=\"2026\" height=\"1350\" data-id=\"17205\" src=\"https:\/\/www.camping-erromardie.com\/wp-content\/uploads\/2025\/04\/Location-emplacement-camping-car-en-famille-1.jpg\" alt=\"Stellplatzvermietung f&#xFC;r Wohnmobile mit der Familie\" class=\"wp-image-17205\" srcset=\"https:\/\/www.camping-erromardie.com\/wp-content\/uploads\/2025\/04\/Location-emplacement-camping-car-en-famille-1.jpg 2026w, https:\/\/www.camping-erromardie.com\/wp-content\/uploads\/2025\/04\/Location-emplacement-camping-car-en-famille-1-300x200.jpg 300w, https:\/\/www.camping-erromardie.com\/wp-content\/uploads\/2025\/04\/Location-emplacement-camping-car-en-famille-1-1024x682.jpg 1024w, https:\/\/www.camping-erromardie.com\/wp-content\/uploads\/2025\/04\/Location-emplacement-camping-car-en-famille-1-768x512.jpg 768w, https:\/\/www.camping-erromardie.com\/wp-content\/uploads\/2025\/04\/Location-emplacement-camping-car-en-famille-1-1536x1023.jpg 1536w\" sizes=\"auto, (max-width: 2026px) 100vw, 2026px\" \/><\/a><\/figure>\n<\/figure>\n<\/div>\n<\/div>\n\n\r\n    <\/div>\r\n<\/section><section id=\"ls-section-block_a84ec4b5e45335d1bd91b56877f662f4\" class=\"ls-section  home-first page-two has-background has-color-6-background-color has-p-b p-b-14\" >\r\n        <div class=\"container container--wide\">\r\n        \n\n<div class=\"wp-block-columns is-layout-flex wp-container-core-columns-is-layout-9d6595d7 wp-block-columns-is-layout-flex\">\n<div class=\"wp-block-column is-layout-flow wp-block-column-is-layout-flow\" style=\"flex-basis:66.66%\">\n<figure class=\"wp-block-gallery has-nested-images columns-default is-cropped wp-block-gallery-2 is-layout-flex wp-block-gallery-is-layout-flex\">\n<figure class=\"wp-block-image size-full animated fadeIn delay-200ms\"><a href=\"https:\/\/www.camping-erromardie.com\/wp-content\/uploads\/2025\/04\/Piscine-du-camping-Erromardie-1.jpg\"><img loading=\"lazy\" decoding=\"async\" width=\"2000\" height=\"1333\" data-id=\"12391\" src=\"https:\/\/www.camping-erromardie.com\/wp-content\/uploads\/2025\/04\/Piscine-du-camping-Erromardie-1.jpg\" alt=\"Schwimmbad auf dem Campingplatz Erromardie\" class=\"wp-image-12391\" srcset=\"https:\/\/www.camping-erromardie.com\/wp-content\/uploads\/2025\/04\/Piscine-du-camping-Erromardie-1.jpg 2000w, https:\/\/www.camping-erromardie.com\/wp-content\/uploads\/2025\/04\/Piscine-du-camping-Erromardie-1-300x200.jpg 300w, https:\/\/www.camping-erromardie.com\/wp-content\/uploads\/2025\/04\/Piscine-du-camping-Erromardie-1-1024x682.jpg 1024w, https:\/\/www.camping-erromardie.com\/wp-content\/uploads\/2025\/04\/Piscine-du-camping-Erromardie-1-768x512.jpg 768w, https:\/\/www.camping-erromardie.com\/wp-content\/uploads\/2025\/04\/Piscine-du-camping-Erromardie-1-1536x1024.jpg 1536w\" sizes=\"auto, (max-width: 2000px) 100vw, 2000px\" \/><\/a><\/figure>\n\n\n\n<figure class=\"wp-block-image size-full animated fadeIn\"><a href=\"https:\/\/www.camping-erromardie.com\/wp-content\/uploads\/2025\/04\/Erromardie-52-1.jpg\"><img loading=\"lazy\" decoding=\"async\" width=\"2025\" height=\"1350\" data-id=\"15479\" src=\"https:\/\/www.camping-erromardie.com\/wp-content\/uploads\/2025\/04\/Erromardie-52-1.jpg\" alt=\"Erromardie (52)\" class=\"wp-image-15479\" srcset=\"https:\/\/www.camping-erromardie.com\/wp-content\/uploads\/2025\/04\/Erromardie-52-1.jpg 2025w, https:\/\/www.camping-erromardie.com\/wp-content\/uploads\/2025\/04\/Erromardie-52-1-300x200.jpg 300w, https:\/\/www.camping-erromardie.com\/wp-content\/uploads\/2025\/04\/Erromardie-52-1-1024x683.jpg 1024w, https:\/\/www.camping-erromardie.com\/wp-content\/uploads\/2025\/04\/Erromardie-52-1-768x512.jpg 768w, https:\/\/www.camping-erromardie.com\/wp-content\/uploads\/2025\/04\/Erromardie-52-1-1536x1024.jpg 1536w\" sizes=\"auto, (max-width: 2025px) 100vw, 2025px\" \/><\/a><\/figure>\n<\/figure>\n<\/div>\n\n\n\n<div class=\"wp-block-column is-layout-flow wp-block-column-is-layout-flow\" style=\"flex-basis:33.33%\">\n<div class=\"wp-block-columns is-layout-flex wp-container-core-columns-is-layout-9d6595d7 wp-block-columns-is-layout-flex\">\n<div class=\"wp-block-column column-border is-layout-flow wp-block-column-is-layout-flow\">\n<h2 class=\"ls__heading wp-block-heading has-color-1-color has-text-color has-link-color wp-elements-3f71858247789b35366879f38c5396dd\">Ein Campingplatz mit Schwimmbad Baskenland Bidart<\/h2>\n\n\n\n<p class=\"ls-paragraph\">Notre<strong>\u00a0camping 4 \u00e9toiles<\/strong>, situ\u00e9 en bord de mer dans le Pays Basque, est l\u2019endroit parfait pour des<strong>\u00a0vacances \u00e9conomiques avec piscine<\/strong>. Profitez chaque jour des plages de l\u2019Oc\u00e9an Atlantique et de notre parc aquatique, qui comprend une\u00a0<a href=\"https:\/\/www.camping-erromardie.com\/camping-bidart\/piscine\/\" data-type=\"page\" data-id=\"16222\">piscine<\/a>\u00a0couverte et chauff\u00e9e, id\u00e9ale m\u00eame en basse saison. Notre\u00a0<strong>camping pas cher pr\u00e8s de Bidart<\/strong>\u00a0allie confort moderne, convivialit\u00e9 et simplicit\u00e9, offrant une exp\u00e9rience de vacances\u00a0<strong>accessible \u00e0 tous les budgets<\/strong>.<\/p>\n<\/div>\n<\/div>\n<\/div>\n<\/div>\n\n\r\n    <\/div>\r\n<\/section><section id=\"ls-section-block_c57cd47c374c66fa703286026c32888c\" class=\"ls-section  home-first page-one has-p-t p-t-14\" >\r\n        <div class=\"container container--wide\">\r\n        \n\n<div class=\"wp-block-columns is-layout-flex wp-container-core-columns-is-layout-9d6595d7 wp-block-columns-is-layout-flex\">\n<div class=\"wp-block-column is-layout-flow wp-block-column-is-layout-flow\" style=\"flex-basis:33.33%\">\n<div class=\"wp-block-columns is-layout-flex wp-container-core-columns-is-layout-9d6595d7 wp-block-columns-is-layout-flex\">\n<div class=\"wp-block-column column-border is-layout-flow wp-block-column-is-layout-flow\">\n<h2 class=\"ls__heading wp-block-heading has-color-1-color has-text-color has-link-color wp-elements-5bc5e355b161670d82006db31f55b758\">Urlaub rund um Bidart: Angebote und gute Pl\u00e4ne<\/h2>\n\n\n\n<p class=\"ls-paragraph\">Perfekt f\u00fcr Familien auf der Suche nach einer Auszeit im Baskenland bietet unser <strong>g\u00fcnstiger Campingplatz in der N\u00e4he von Bidart<\/strong> eine privilegierte Lage am Rande der Atlantikk\u00fcste. Nutze die <strong>g\u00fcnstigen Preise <\/strong>, um deinen Aufenthalt zu verl\u00e4ngern oder deine Ausgaben zu senken. In der Nebensaison, vor allem im Fr\u00fch- und Sp\u00e4tsommer, profitierst du nicht nur von g\u00fcnstigeren Preisen, sondern dank unserer Sonderangebote auch von<strong> kostenlosen \u00dcbernachtungen<\/strong>.  <\/p>\n\n\n\n<p class=\"ls-paragraph\">Buche auf unserem <strong>g\u00fcnstigen Campingplatz in Bidart<\/strong> zu flexiblen Terminen, um noch mehr Geld zu sparen, und entdecke unsere speziellen Angebote f\u00fcr Familien sowie die Erm\u00e4\u00dfigungen f\u00fcr Paare. Ein Aufenthalt auf unserem <strong>Campingplatz in<\/strong> der N\u00e4he von <strong>Bidart<\/strong> ist eine <strong>g\u00fcnstige und sch\u00f6ne Option<\/strong> f\u00fcr einen Urlaub in der N\u00e4he von St\u00e4dten wie Biarritz, San Sebastian und Bilbao. <\/p>\n\n\n\n<p class=\"ls-paragraph\">Notre\u00a0<strong>camping pas cher pr\u00e8s de Bidart<\/strong>\u00a0respecte la charte Camping Qualit\u00e9, est agr\u00e9\u00e9 ACSI et labellis\u00e9 Vacaf. Utilisez votre<strong>\u00a0carte ACSI<\/strong>\u00a0pour b\u00e9n\u00e9ficier de r\u00e9ductions suppl\u00e9mentaires ou vos<strong>\u00a0bons CAF<\/strong>\u00a0pour diminuer le co\u00fbt de votre\u00a0<a href=\"https:\/\/www.camping-erromardie.com\/camping-bidart\/mobil-home\/\" data-type=\"page\" data-id=\"16218\">location en mobil-home pr\u00e8s de Bidart<\/a>, dans le Pays Basque !<\/p>\n<\/div>\n<\/div>\n<\/div>\n\n\n\n<div class=\"wp-block-column is-layout-flow wp-block-column-is-layout-flow\" style=\"flex-basis:66.66%\">\n<figure class=\"wp-block-gallery has-nested-images columns-default is-cropped wp-block-gallery-3 is-layout-flex wp-block-gallery-is-layout-flex\">\n<figure class=\"wp-block-image size-full animated fadeIn delay-200ms\"><a href=\"https:\/\/www.camping-erromardie.com\/wp-content\/uploads\/2025\/04\/MH-camping-la-ferme-erromardie-salon-salle-a-manger.jpg\"><img loading=\"lazy\" decoding=\"async\" width=\"1000\" height=\"668\" data-id=\"15781\" src=\"https:\/\/www.camping-erromardie.com\/wp-content\/uploads\/2025\/04\/MH-camping-la-ferme-erromardie-salon-salle-a-manger.jpg\" alt=\"MH camping la ferme erromardie salon salle a manger\" class=\"wp-image-15781\" srcset=\"https:\/\/www.camping-erromardie.com\/wp-content\/uploads\/2025\/04\/MH-camping-la-ferme-erromardie-salon-salle-a-manger.jpg 1000w, https:\/\/www.camping-erromardie.com\/wp-content\/uploads\/2025\/04\/MH-camping-la-ferme-erromardie-salon-salle-a-manger-300x200.jpg 300w, https:\/\/www.camping-erromardie.com\/wp-content\/uploads\/2025\/04\/MH-camping-la-ferme-erromardie-salon-salle-a-manger-768x513.jpg 768w\" sizes=\"auto, (max-width: 1000px) 100vw, 1000px\" \/><\/a><\/figure>\n\n\n\n<figure class=\"wp-block-image size-full animated fadeIn\"><a href=\"https:\/\/www.camping-erromardie.com\/wp-content\/uploads\/2025\/04\/MH-camping-la-ferme-erromardie-chambre-double-enfant.jpg\"><img loading=\"lazy\" decoding=\"async\" width=\"1000\" height=\"668\" data-id=\"15765\" src=\"https:\/\/www.camping-erromardie.com\/wp-content\/uploads\/2025\/04\/MH-camping-la-ferme-erromardie-chambre-double-enfant.jpg\" alt=\"MH camping la ferme erromardie doppelzimmer kind\" class=\"wp-image-15765\" srcset=\"https:\/\/www.camping-erromardie.com\/wp-content\/uploads\/2025\/04\/MH-camping-la-ferme-erromardie-chambre-double-enfant.jpg 1000w, https:\/\/www.camping-erromardie.com\/wp-content\/uploads\/2025\/04\/MH-camping-la-ferme-erromardie-chambre-double-enfant-300x200.jpg 300w, https:\/\/www.camping-erromardie.com\/wp-content\/uploads\/2025\/04\/MH-camping-la-ferme-erromardie-chambre-double-enfant-768x513.jpg 768w\" sizes=\"auto, (max-width: 1000px) 100vw, 1000px\" \/><\/a><\/figure>\n<\/figure>\n<\/div>\n<\/div>\n\n\r\n    <\/div>\r\n<\/section><section id=\"ls-section-block_c54794bb6a9b7a045a91dd0734ad784b\" class=\"ls-section  home-fifth page-three\" >\r\n        <div class=\"container container--wide\">\r\n        \n\n<figure class=\"wp-block-image size-full animated fadeIn\"><a href=\"https:\/\/www.camping-erromardie.com\/wp-content\/uploads\/2025\/04\/Uhabia-a-Bidart.jpg\"><img loading=\"lazy\" decoding=\"async\" width=\"2048\" height=\"1536\" src=\"https:\/\/www.camping-erromardie.com\/wp-content\/uploads\/2025\/04\/Uhabia-a-Bidart.jpg\" alt=\"Design ohne Titel 1\" class=\"wp-image-14836\" srcset=\"https:\/\/www.camping-erromardie.com\/wp-content\/uploads\/2025\/04\/Uhabia-a-Bidart.jpg 2048w, https:\/\/www.camping-erromardie.com\/wp-content\/uploads\/2025\/04\/Uhabia-a-Bidart-300x225.jpg 300w, https:\/\/www.camping-erromardie.com\/wp-content\/uploads\/2025\/04\/Uhabia-a-Bidart-1024x768.jpg 1024w, https:\/\/www.camping-erromardie.com\/wp-content\/uploads\/2025\/04\/Uhabia-a-Bidart-768x576.jpg 768w, https:\/\/www.camping-erromardie.com\/wp-content\/uploads\/2025\/04\/Uhabia-a-Bidart-1536x1152.jpg 1536w\" sizes=\"auto, (max-width: 2048px) 100vw, 2048px\" \/><\/a><\/figure>\n\n\n\n<h2 class=\"ls__heading wp-block-heading has-color-1-color has-text-color has-link-color wp-elements-e6924900610f44e351baef42ec7d5b3e\">H\u00e4ufig gestellte Fragen - g\u00fcnstiger Campingplatz Bidart<\/h2>\n\n\n\n<h3 class=\"ls__heading wp-block-heading has-color-4-color has-text-color has-link-color wp-elements-4a1e5d71c120851d4d0d1844e822905a\">Wie kann man von einem erschwinglichen Aufenthalt im Baskenland profitieren?<\/h3>\n\n\n\n<p class=\"ls-paragraph\">Entscheide dich f\u00fcr einen Aufenthalt auf einem unserer mit Sternen ausgezeichneten Campingpl\u00e4tze in Pyr\u00e9n\u00e9es-Atlantiques, wo du eine g\u00fcnstige Unterkunft findest, die ideal f\u00fcr die ganze Familie, sogar f\u00fcr deine Kinder, ist. Mit unserem g\u00fcnstigen Campingplatz in der N\u00e4he von Bidart profitierst du von g\u00fcnstigen Preisen und hast gleichzeitig kostenlosen Zugang zu Einrichtungen wie dem Schwimmbad auf unserem Gel\u00e4nde in Nouvelle-Aquitaine. Au\u00dferdem bist du nur wenige Minuten von den wundersch\u00f6nen Str\u00e4nden von Hendaye und Biarritz entfernt, sodass du voll und ganz in die baskische Region im S\u00fcdwesten Frankreichs eintauchen kannst!  <\/p>\n\n\n\n<h3 class=\"ls__heading wp-block-heading has-color-4-color has-text-color has-link-color wp-elements-f88493b5629a378be55d64023e9a22eb\">Wie kannst du eine Woche Camping in der N\u00e4he von Bidart zu einem noch g\u00fcnstigeren Preis bekommen?<\/h3>\n\n\n\n<p class=\"ls-paragraph\">Obwohl unser g\u00fcnstiger Campingplatz in der N\u00e4he von Bidart bereits attraktive Preise anbietet, ist es m\u00f6glich, die Kosten f\u00fcr deinen Aufenthalt in den Pyr\u00e9n\u00e9es-Atlantiques noch weiter zu senken. Buche deine Unterkunft im Voraus, um die besten Preise zu erhalten, und halte regelm\u00e4\u00dfig Ausschau nach verf\u00fcgbaren Sonderangeboten auf unserem Gel\u00e4nde, einem der g\u00fcnstigsten Sterne-Campingpl\u00e4tze der Region. Wenn du w\u00e4hrend deines Urlaubs in Nouvelle Aquitaine noch mehr sparen m\u00f6chtest, entscheide dich f\u00fcr die Miete eines Stellplatzes f\u00fcr dein Zelt, dein Wohnmobil oder deinen Wohnwagen.  <\/p>\n\n\n\n<p class=\"ls-paragraph\">Denke auch daran, dein Budget w\u00e4hrend deines Aufenthalts zu optimieren: Bevorzuge lokale Produkte, verzichte darauf, bei jeder Mahlzeit im Restaurant zu essen, und erkunde die vielen kostenlosen Aktivit\u00e4ten der Region, wie die Str\u00e4nde von Biarritz, Wanderungen in den Pyren\u00e4en oder Picknicks in den Parks von Bayonne. Dir stehen viele Optionen f\u00fcr einen unvergesslichen und g\u00fcnstigen Aufenthalt in der Region Nouvelle-Aquitaine zur Verf\u00fcgung. Buche jetzt deine Unterkunft oder deinen Stellplatz auf unserem Campingplatz in der N\u00e4he von Bidart und beginne mit der Planung deines Abenteuers!  <\/p>\n\n\n\n<h3 class=\"ls__heading wp-block-heading has-color-4-color has-text-color has-link-color wp-elements-e8c5f4e9bf54539aba5f1e3f9cb762c4\">Kann ich die ACSI-Karte auf dem Campingplatz La Ferme Erromardie benutzen?<\/h3>\n\n\n\n<p class=\"ls-paragraph\">Absolut!!! Unser g\u00fcnstiger Campingplatz in der N\u00e4he von Bidart im Baskenland ist VACAF-zugelassen, was dir die M\u00f6glichkeit gibt, deine ACSI-Karte zu benutzen, um zus\u00e4tzliche Rabatte auf unseren Campingpl\u00e4tzen zu erhalten. Selbst bei unseren bereits g\u00fcnstigen Preisen bietet dir die ACSI-Karte die M\u00f6glichkeit, noch mehr zu sparen. Bist du bereit f\u00fcr einen angenehmen und g\u00fcnstigen Aufenthalt? Wir freuen uns darauf, dich auf unserem Landgut im S\u00fcdwesten Frankreichs begr\u00fc\u00dfen zu d\u00fcrfen!    <\/p>\n\n\n\n<p class=\"ls-paragraph\">05 59 26 34 26<br\/>40 chemin Erromardie<br\/>64500 Saint Jean de Luz<\/p>\n\n\r\n    <\/div>\r\n<\/section><section id=\"ls-section-block_80bae2660db3f3dd20191f0fdc5c909c\" class=\"ls-section  page-cta\" >\r\n        <div class=\"container container--wide\">\r\n        \n\n<div id=\"ls-heading ls-titre-div-block_84645e9d38c7052898054ea3d35f5193\" class=\"ls-titre-div aligncenter h2-like has-text-color has-color-1-color\" >\n    Entdecke unseren Pool, unsere Animationen und unsere Mobilheime<\/div>\n\n\n\n<div id=\"ls-maillage-block_3fdfc456686aa93aba8a48e0a49e207f\" class=\"ls-maillage cta-style-normal\" data-rows=\"3\">\n\n    <div class=\"wp-block-columns\"><div class=\"wp-block-column\">\n\n<a href=\"https:\/\/www.camping-erromardie.com\/de\/camping-bidart\/schwimmbad\/\" target=\"\" rel=\"noopener\" class=\"ls-cta__link\" data-categ=\"\">\n\t<div class=\"ls-cta__image\"><img decoding=\"async\" src=\"https:\/\/www.camping-erromardie.com\/wp-content\/uploads\/2025\/04\/La-ferme-erromardi-camping-familial-avec-piscine.jpg\" alt=\"Swimmingpool\"><\/div>\n\t<div class=\"ls-cta__title\">\n\t\tSwimmingpool\t<\/div>\n\n\t<\/a><\/div><div class=\"wp-block-column\">\n\n<a href=\"https:\/\/www.camping-erromardie.com\/de\/camping-bidart\/mobilheim\/\" target=\"\" rel=\"noopener\" class=\"ls-cta__link\" data-categ=\"\">\n\t<div class=\"ls-cta__image\"><img decoding=\"async\" src=\"https:\/\/www.camping-erromardie.com\/wp-content\/uploads\/2025\/04\/Camping-Erromardie-environnement-23-1.jpg\" alt=\"\"><\/div>\n\t<div class=\"ls-cta__title\">\n\t\tMobilheime\t<\/div>\n\n\t<\/a><\/div><div class=\"wp-block-column\">\n\n<a href=\"https:\/\/www.camping-erromardie.com\/de\/freizeit-im-baskenland-campingplatz\/\" target=\"\" rel=\"noopener\" class=\"ls-cta__link\" data-categ=\"\">\n\t<div class=\"ls-cta__image\"><img decoding=\"async\" src=\"https:\/\/www.camping-erromardie.com\/wp-content\/uploads\/2025\/04\/Camping-Erromardie-61_1.jpg\" alt=\"\"><\/div>\n\t<div class=\"ls-cta__title\">\n\t\tAnimationen\t<\/div>\n\n\t<\/a><\/div><\/div>\n<\/div>\n\r\n    <\/div>\r\n<\/section>","protected":false},"excerpt":{"rendered":"","protected":false},"author":1,"featured_media":15274,"parent":18140,"menu_order":19,"comment_status":"closed","ping_status":"closed","template":"","meta":{"_acf_changed":false,"_seopress_robots_primary_cat":"","_seopress_titles_title":"Camping Bidart g\u00fcnstig: G\u00fcnstige Aufenthalte im Baskenland","_seopress_titles_desc":"Entdecke unseren Campingplatz in der N\u00e4he von Bidart! Bleibe in Strandn\u00e4he mit Pool, Mobilheim oder Zelt, zu kleinen Preisen f\u00fcr einen unvergesslichen Urlaub im Baskenland. ","_seopress_robots_index":"","footnotes":""},"sujet":[],"class_list":["post-17980","page","type-page","status-publish","has-post-thumbnail","hentry"],"acf":[],"_links":{"self":[{"href":"https:\/\/www.camping-erromardie.com\/de\/wp-json\/wp\/v2\/pages\/17980","targetHints":{"allow":["GET"]}}],"collection":[{"href":"https:\/\/www.camping-erromardie.com\/de\/wp-json\/wp\/v2\/pages"}],"about":[{"href":"https:\/\/www.camping-erromardie.com\/de\/wp-json\/wp\/v2\/types\/page"}],"author":[{"embeddable":true,"href":"https:\/\/www.camping-erromardie.com\/de\/wp-json\/wp\/v2\/users\/1"}],"replies":[{"embeddable":true,"href":"https:\/\/www.camping-erromardie.com\/de\/wp-json\/wp\/v2\/comments?post=17980"}],"version-history":[{"count":8,"href":"https:\/\/www.camping-erromardie.com\/de\/wp-json\/wp\/v2\/pages\/17980\/revisions"}],"predecessor-version":[{"id":19803,"href":"https:\/\/www.camping-erromardie.com\/de\/wp-json\/wp\/v2\/pages\/17980\/revisions\/19803"}],"up":[{"embeddable":true,"href":"https:\/\/www.camping-erromardie.com\/de\/wp-json\/wp\/v2\/pages\/18140"}],"wp:featuredmedia":[{"embeddable":true,"href":"https:\/\/www.camping-erromardie.com\/de\/wp-json\/wp\/v2\/media\/15274"}],"wp:attachment":[{"href":"https:\/\/www.camping-erromardie.com\/de\/wp-json\/wp\/v2\/media?parent=17980"}],"wp:term":[{"taxonomy":"sujet","embeddable":true,"href":"https:\/\/www.camping-erromardie.com\/de\/wp-json\/wp\/v2\/sujet?post=17980"}],"curies":[{"name":"wp","href":"https:\/\/api.w.org\/{rel}","templated":true}]}}