{"id":17976,"date":"2025-04-22T10:07:13","date_gmt":"2025-04-22T08:07:13","guid":{"rendered":"https:\/\/www.camping-erromardie.com\/piscine\/"},"modified":"2025-06-12T11:03:00","modified_gmt":"2025-06-12T09:03:00","slug":"schwimmbad","status":"publish","type":"page","link":"https:\/\/www.camping-erromardie.com\/de\/camping-bidart\/schwimmbad\/","title":{"rendered":"Swimmingpool"},"content":{"rendered":"<section id=\"ls-section-block_982acce986c24107eb07146e094b2b3d\" class=\"ls-section  page-titre\" >\r\n        <div class=\"container container--wide\">\r\n        \n\n<h1 class=\"ls__heading wp-block-heading has-text-align-center has-color-4-color has-text-color has-link-color wp-elements-25c8fe742965252addc3726d9cc36381\">Campingplatz in der N\u00e4he von Bidart mit Schwimmbad<br\/><\/h1>\n\n\n\n<p class=\"ls-paragraph has-text-align-center\">Pour des<strong>\u00a0vacances inoubliables en famille\u00a0<\/strong>avec vos enfants ou entre amis, notre\u00a0<a href=\"https:\/\/www.camping-erromardie.com\/\" data-type=\"page\" data-id=\"270\">camping au Pays Basque<\/a>\u00a0vous ouvre les portes d\u2019une d\u00e9tente aquatique exceptionnelle au bord de la plage, de l\u2019oc\u00e9an et de notre\u00a0<strong>piscine dans les Pyr\u00e9n\u00e9es-Atlantiques<\/strong>. Notre\u00a0<strong>camping pr\u00e8s de Bidart avec piscine<\/strong>\u00a0est sp\u00e9cialement con\u00e7u pour le bien-\u00eatre de tous. Vous y trouverez un espace aquatique parfait pour les petits comme pour les grands, avec des installations pens\u00e9es pour le confort et la\u00a0<strong>relaxation de toute la famille<\/strong>.<\/p>\n\n\n\n<p class=\"ls-paragraph has-text-align-center\">D\u00e9couvrez le charme authentique du\u00a0<strong>sud-ouest de la France<\/strong>\u00a0\u00e0 travers notre\u00a0<a href=\"https:\/\/www.camping-erromardie.com\/camping-bidart\/\" data-type=\"page\" data-id=\"338\">camping pr\u00e8s de Bidart<\/a>, o\u00f9 vous pouvez profiter d\u2019un s\u00e9jour agr\u00e9able m\u00eame en basse saison. Notre\u00a0<strong>piscine int\u00e9rieure\u00a0<\/strong>vous permettra de vous d\u00e9tendre tout en restant \u00e0 deux pas des\u00a0<strong>plages dor\u00e9es<\/strong>\u00a0et du soleil radieux d\u2019Aquitaine. Avec notre offre sp\u00e9ciale, vous vivrez des vacances de r\u00eave dans un cadre idyllique. R\u00e9servez d\u00e8s maintenant pour vivre pleinement cette\u00a0<strong>exp\u00e9rience aquatique<\/strong>\u00a0et profiter des nombreux avantages que notre\u00a0<strong>camping 4 \u00e9toiles avec piscine pr\u00e8s de Bidart<\/strong>\u00a0a \u00e0 offrir !<\/p>\n\n\r\n    <\/div>\r\n<\/section><section id=\"ls-section-block_c1cd34aaad444c3c7c5b4bd2d7cc9dea\" class=\"ls-section  home-first page-one has-p-b p-b-14\" >\r\n        <div class=\"container container--wide\">\r\n        \n\n<div class=\"wp-block-columns is-layout-flex wp-container-core-columns-is-layout-9d6595d7 wp-block-columns-is-layout-flex\">\n<div class=\"wp-block-column is-layout-flow wp-block-column-is-layout-flow\" style=\"flex-basis:33.33%\">\n<div class=\"wp-block-columns is-layout-flex wp-container-core-columns-is-layout-9d6595d7 wp-block-columns-is-layout-flex\">\n<div class=\"wp-block-column column-border is-layout-flow wp-block-column-is-layout-flow\">\n<h2 class=\"ls__heading wp-block-heading has-color-1-color has-text-color has-link-color wp-elements-a79d22a79c8dd06dd982b386e66cae24\">Wasserspa\u00df auf dem Campingplatz im Baskenland garantiert<br\/><\/h2>\n\n\n\n<p class=\"ls-paragraph\">Auf unserem 4-Sterne-Campingplatz in der N\u00e4he von Bidart profitierst du nicht nur von der unmittelbaren N\u00e4he des <strong>Strandes Erromardie<\/strong>, an dem du sonnige Tage am Atlantik genie\u00dfen kannst, sondern auch von unserem tollen <strong>Schwimmbad<\/strong>. Unser <strong>\u00fcberdachter und beheizter<\/strong> Wasserpark sorgt f\u00fcr optimalen Komfort, Spiel und Badespa\u00df, egal wie das Wetter in Nouvelle-Aquitaine ist. Du brauchst dir keine Sorgen mehr \u00fcber die Launen des Wetters zu machen: Das <strong>Hallenbad unseres Campingplatzes in der N\u00e4he von Bidart<\/strong> steht dir zur Verf\u00fcgung, um mit deinen Kindern Momente der Entspannung und des <strong>Wasserspa\u00dfes <\/strong>zu erleben.  <\/p>\n\n\n\n<p class=\"ls-paragraph\">Das <strong>Schwimmbad<\/strong> ist t\u00e4glich von <strong>10 bis 19 Uhr<\/strong> ge\u00f6ffnet und l\u00e4dt dich dazu ein, deinen Urlaub auf einem <strong>4-Sterne-Campingplatz in Saint-Jean-de-Luz <\/strong>im Baskenland zu genie\u00dfen. Egal, ob du auf der Suche nach Entspannung oder Wassersportaktivit\u00e4ten bist, unsere Badelandschaft ist perfekt, um all deine W\u00fcnsche zu erf\u00fcllen. Buche jetzt und erlebe ein <strong>unvergessliches Badeerlebnis<\/strong> in einer idyllischen Umgebung.  <\/p>\n<\/div>\n<\/div>\n<\/div>\n\n\n\n<div class=\"wp-block-column is-layout-flow wp-block-column-is-layout-flow\" style=\"flex-basis:66.66%\">\n<figure class=\"wp-block-gallery has-nested-images columns-default is-cropped wp-block-gallery-1 is-layout-flex wp-block-gallery-is-layout-flex\">\n<figure class=\"wp-block-image size-full animated fadeIn delay-200ms\"><a href=\"https:\/\/www.camping-erromardie.com\/wp-content\/uploads\/2025\/04\/camping-avec-piscine-au-pays-basque-1.jpg\"><img loading=\"lazy\" decoding=\"async\" width=\"2000\" height=\"1333\" data-id=\"15484\" src=\"https:\/\/www.camping-erromardie.com\/wp-content\/uploads\/2025\/04\/camping-avec-piscine-au-pays-basque-1.jpg\" alt=\"campingplatz mit pool im baskenland\" class=\"wp-image-15484\" srcset=\"https:\/\/www.camping-erromardie.com\/wp-content\/uploads\/2025\/04\/camping-avec-piscine-au-pays-basque-1.jpg 2000w, https:\/\/www.camping-erromardie.com\/wp-content\/uploads\/2025\/04\/camping-avec-piscine-au-pays-basque-1-300x200.jpg 300w, https:\/\/www.camping-erromardie.com\/wp-content\/uploads\/2025\/04\/camping-avec-piscine-au-pays-basque-1-1024x682.jpg 1024w, https:\/\/www.camping-erromardie.com\/wp-content\/uploads\/2025\/04\/camping-avec-piscine-au-pays-basque-1-768x512.jpg 768w, https:\/\/www.camping-erromardie.com\/wp-content\/uploads\/2025\/04\/camping-avec-piscine-au-pays-basque-1-1536x1024.jpg 1536w\" sizes=\"auto, (max-width: 2000px) 100vw, 2000px\" \/><\/a><\/figure>\n\n\n\n<figure class=\"wp-block-image size-full animated fadeIn\"><a href=\"https:\/\/www.camping-erromardie.com\/wp-content\/uploads\/2025\/04\/Erromardie-5.jpg\"><img loading=\"lazy\" decoding=\"async\" width=\"1333\" height=\"2000\" data-id=\"15489\" src=\"https:\/\/www.camping-erromardie.com\/wp-content\/uploads\/2025\/04\/Erromardie-5.jpg\" alt=\"Erromardie (5)\" class=\"wp-image-15489\" srcset=\"https:\/\/www.camping-erromardie.com\/wp-content\/uploads\/2025\/04\/Erromardie-5.jpg 1333w, https:\/\/www.camping-erromardie.com\/wp-content\/uploads\/2025\/04\/Erromardie-5-200x300.jpg 200w, https:\/\/www.camping-erromardie.com\/wp-content\/uploads\/2025\/04\/Erromardie-5-682x1024.jpg 682w, https:\/\/www.camping-erromardie.com\/wp-content\/uploads\/2025\/04\/Erromardie-5-768x1152.jpg 768w, https:\/\/www.camping-erromardie.com\/wp-content\/uploads\/2025\/04\/Erromardie-5-1024x1536.jpg 1024w\" sizes=\"auto, (max-width: 1333px) 100vw, 1333px\" \/><\/a><\/figure>\n<\/figure>\n<\/div>\n<\/div>\n\n\r\n    <\/div>\r\n<\/section><section id=\"piscine-couverte\" class=\"ls-section  home-first page-two has-background has-color-6-background-color has-p-b p-b-14\" >\r\n        <div class=\"container container--wide\">\r\n        \n\n<div class=\"wp-block-columns is-layout-flex wp-container-core-columns-is-layout-9d6595d7 wp-block-columns-is-layout-flex\">\n<div class=\"wp-block-column is-layout-flow wp-block-column-is-layout-flow\" style=\"flex-basis:66.66%\">\n<figure class=\"wp-block-gallery has-nested-images columns-default is-cropped wp-block-gallery-2 is-layout-flex wp-block-gallery-is-layout-flex\">\n<figure class=\"wp-block-image size-full animated fadeIn delay-200ms\"><a href=\"https:\/\/www.camping-erromardie.com\/wp-content\/uploads\/2025\/04\/Piscine-du-camping-Erromardie-1.jpg\"><img loading=\"lazy\" decoding=\"async\" width=\"2000\" height=\"1333\" data-id=\"12391\" src=\"https:\/\/www.camping-erromardie.com\/wp-content\/uploads\/2025\/04\/Piscine-du-camping-Erromardie-1.jpg\" alt=\"Schwimmbad auf dem Campingplatz Erromardie\" class=\"wp-image-12391\" srcset=\"https:\/\/www.camping-erromardie.com\/wp-content\/uploads\/2025\/04\/Piscine-du-camping-Erromardie-1.jpg 2000w, https:\/\/www.camping-erromardie.com\/wp-content\/uploads\/2025\/04\/Piscine-du-camping-Erromardie-1-300x200.jpg 300w, https:\/\/www.camping-erromardie.com\/wp-content\/uploads\/2025\/04\/Piscine-du-camping-Erromardie-1-1024x682.jpg 1024w, https:\/\/www.camping-erromardie.com\/wp-content\/uploads\/2025\/04\/Piscine-du-camping-Erromardie-1-768x512.jpg 768w, https:\/\/www.camping-erromardie.com\/wp-content\/uploads\/2025\/04\/Piscine-du-camping-Erromardie-1-1536x1024.jpg 1536w\" sizes=\"auto, (max-width: 2000px) 100vw, 2000px\" \/><\/a><\/figure>\n\n\n\n<figure class=\"wp-block-image size-full animated fadeIn\"><a href=\"https:\/\/www.camping-erromardie.com\/wp-content\/uploads\/2025\/04\/Erromardie-127-scaled.jpg\"><img loading=\"lazy\" decoding=\"async\" width=\"2560\" height=\"1707\" data-id=\"15515\" src=\"https:\/\/www.camping-erromardie.com\/wp-content\/uploads\/2025\/04\/Erromardie-127-scaled.jpg\" alt=\"Erromardie (127)\" class=\"wp-image-15515\" srcset=\"https:\/\/www.camping-erromardie.com\/wp-content\/uploads\/2025\/04\/Erromardie-127-scaled.jpg 2560w, https:\/\/www.camping-erromardie.com\/wp-content\/uploads\/2025\/04\/Erromardie-127-300x200.jpg 300w, https:\/\/www.camping-erromardie.com\/wp-content\/uploads\/2025\/04\/Erromardie-127-1024x683.jpg 1024w, https:\/\/www.camping-erromardie.com\/wp-content\/uploads\/2025\/04\/Erromardie-127-768x512.jpg 768w, https:\/\/www.camping-erromardie.com\/wp-content\/uploads\/2025\/04\/Erromardie-127-1536x1024.jpg 1536w, https:\/\/www.camping-erromardie.com\/wp-content\/uploads\/2025\/04\/Erromardie-127-2048x1365.jpg 2048w\" sizes=\"auto, (max-width: 2560px) 100vw, 2560px\" \/><\/a><\/figure>\n<\/figure>\n<\/div>\n\n\n\n<div class=\"wp-block-column is-layout-flow wp-block-column-is-layout-flow\" style=\"flex-basis:33.33%\">\n<div class=\"wp-block-columns is-layout-flex wp-container-core-columns-is-layout-9d6595d7 wp-block-columns-is-layout-flex\">\n<div class=\"wp-block-column column-border is-layout-flow wp-block-column-is-layout-flow\">\n<h2 class=\"ls__heading wp-block-heading has-color-1-color has-text-color has-link-color wp-elements-3662bcbb2b8ac0f56998f46cfb4b9c3e\">Beheiztes Hallenbad auf einem Campingplatz in der N\u00e4he von Bidart<br\/><\/h2>\n\n\n\n<p class=\"ls-paragraph\">Profitez d\u2019un moment de d\u00e9tente au bord de la\u00a0<strong>piscine chauff\u00e9e<\/strong>\u00a0pendant vos vacances, o\u00f9 vous pourrez nager, vous reposer ou lire tranquillement sur les transats fournis par notre\u00a0<strong>camping familial 4 \u00e9toiles au Pays Basque<\/strong>. L\u2019acc\u00e8s \u00e0 la\u00a0<strong>piscine<\/strong>\u00a0est r\u00e9serv\u00e9 uniquement aux clients de notre<strong>\u00a0camping pr\u00e8s de Bidart<\/strong>, que vous louiez un emplacement ou un\u00a0<a href=\"https:\/\/www.camping-erromardie.com\/camping-bidart\/mobil-home\/\" data-type=\"page\" data-id=\"16218\">mobil home<\/a>, garantissant ainsi un environnement s\u00e9curis\u00e9 et serein pendant votre<strong>\u00a0s\u00e9jour dans les Pyr\u00e9n\u00e9es Atlantiques<\/strong>.<\/p>\n\n\n\n<p class=\"ls-paragraph\">Es ist wichtig zu beachten, dass der <strong>Pool<\/strong> unseres<strong> 4-Sterne-Campingplatzes in der N\u00e4he von Bidart<\/strong>, der an der baskischen K\u00fcste liegt, nicht \u00fcberwacht wird. Die <strong>Aufsicht \u00fcber die Kinder<\/strong> liegt daher in der Verantwortung der Eltern oder Erziehungsberechtigten. Aus hygienischen Gr\u00fcnden bitten wir unsere G\u00e4ste, nicht mit Badeshorts zu baden, sondern traditionelle Badekleidung zu bevorzugen.  <\/p>\n\n\n\n<p class=\"ls-paragraph\">Le parc aquatique avec\u00a0<strong>piscine chauff\u00e9e de notre camping 4 \u00e9toiles<\/strong>\u00a0est con\u00e7u pour vous offrir d\u00e9tente et relaxation, vous permettant de profiter pleinement de votre s\u00e9jour \u00e0 Saint-Jean-de-Luz sur la c\u00f4te Atlantique au Pays Basque, entre Biarritz et Hendaye. Pour des\u00a0<strong>vacances m\u00e9morables dans les Pyr\u00e9n\u00e9es Atlantiques<\/strong>\u00a0en famille ou entre amis, pensez \u00e0 r\u00e9server d\u00e8s maintenant notre\u00a0<a href=\"https:\/\/www.camping-erromardie.com\/camping-bidart\/tarifs\/\" data-type=\"page\" data-id=\"16215\">camping pas cher de bidart<\/a>\u00a0pour profiter de la piscine \u00e0 petit prix !<\/p>\n<\/div>\n<\/div>\n<\/div>\n<\/div>\n\n\r\n    <\/div>\r\n<\/section><section id=\"ls-section-block_00dc1536071665bf82959b140b34eef5\" class=\"ls-section  page-cta\" >\r\n        <div class=\"container container--wide\">\r\n        \n\n<div id=\"ls-heading ls-titre-div-block_f73e6e5018e46b86a1a0a7660f5ad24e\" class=\"ls-titre-div aligncenter h2-like has-text-color has-color-1-color\" >\n    Entdecke unsere Animationen, unsere Mobilheime und unsere Angebote<\/div>\n\n\n\n<div id=\"ls-maillage-block_b78e52fd16222b6190040b74c08eb0b5\" class=\"ls-maillage cta-style-normal\" data-rows=\"3\">\n\n    <div class=\"wp-block-columns\"><div class=\"wp-block-column\">\n\n<a href=\"https:\/\/www.camping-erromardie.com\/de\/camping-bidart\/tarifs\/\" target=\"\" rel=\"noopener\" class=\"ls-cta__link\" data-categ=\"\">\n\t<div class=\"ls-cta__image\"><img decoding=\"async\" src=\"https:\/\/www.camping-erromardie.com\/wp-content\/uploads\/2025\/04\/DSC_7028.jpg\" alt=\"\"><\/div>\n\t<div class=\"ls-cta__title\">\n\t\tTarife\t<\/div>\n\n\t<\/a><\/div><div class=\"wp-block-column\">\n\n<a href=\"https:\/\/www.camping-erromardie.com\/de\/camping-bidart\/mobilheim\/\" target=\"\" rel=\"noopener\" class=\"ls-cta__link\" data-categ=\"\">\n\t<div class=\"ls-cta__image\"><img decoding=\"async\" src=\"https:\/\/www.camping-erromardie.com\/wp-content\/uploads\/2025\/04\/Camping-Erromardie-environnement-23-1.jpg\" alt=\"\"><\/div>\n\t<div class=\"ls-cta__title\">\n\t\tMobilheime\t<\/div>\n\n\t<\/a><\/div><div class=\"wp-block-column\">\n\n<a href=\"https:\/\/www.camping-erromardie.com\/de\/freizeit-im-baskenland-campingplatz\/\" target=\"\" rel=\"noopener\" class=\"ls-cta__link\" data-categ=\"\">\n\t<div class=\"ls-cta__image\"><img decoding=\"async\" src=\"https:\/\/www.camping-erromardie.com\/wp-content\/uploads\/2025\/04\/Camping-Erromardie-61_1.jpg\" alt=\"\"><\/div>\n\t<div class=\"ls-cta__title\">\n\t\tAnimationen\t<\/div>\n\n\t<\/a><\/div><\/div>\n<\/div>\n\r\n    <\/div>\r\n<\/section>","protected":false},"excerpt":{"rendered":"","protected":false},"author":1,"featured_media":11544,"parent":18140,"menu_order":16,"comment_status":"closed","ping_status":"closed","template":"","meta":{"_acf_changed":false,"_seopress_robots_primary_cat":"","_seopress_titles_title":"Campingplatz Bidart mit Schwimmbad: Familienurlaub im Herzen des Baskenlandes","_seopress_titles_desc":"Genie\u00dfe einen unvergesslichen Aufenthalt auf unserem Campingplatz in der N\u00e4he von Bidart mit Schwimmbad, ideal f\u00fcr einen Familienurlaub im Herzen des Baskenlandes.","_seopress_robots_index":"","footnotes":""},"sujet":[],"class_list":["post-17976","page","type-page","status-publish","has-post-thumbnail","hentry"],"acf":[],"_links":{"self":[{"href":"https:\/\/www.camping-erromardie.com\/de\/wp-json\/wp\/v2\/pages\/17976","targetHints":{"allow":["GET"]}}],"collection":[{"href":"https:\/\/www.camping-erromardie.com\/de\/wp-json\/wp\/v2\/pages"}],"about":[{"href":"https:\/\/www.camping-erromardie.com\/de\/wp-json\/wp\/v2\/types\/page"}],"author":[{"embeddable":true,"href":"https:\/\/www.camping-erromardie.com\/de\/wp-json\/wp\/v2\/users\/1"}],"replies":[{"embeddable":true,"href":"https:\/\/www.camping-erromardie.com\/de\/wp-json\/wp\/v2\/comments?post=17976"}],"version-history":[{"count":9,"href":"https:\/\/www.camping-erromardie.com\/de\/wp-json\/wp\/v2\/pages\/17976\/revisions"}],"predecessor-version":[{"id":19805,"href":"https:\/\/www.camping-erromardie.com\/de\/wp-json\/wp\/v2\/pages\/17976\/revisions\/19805"}],"up":[{"embeddable":true,"href":"https:\/\/www.camping-erromardie.com\/de\/wp-json\/wp\/v2\/pages\/18140"}],"wp:featuredmedia":[{"embeddable":true,"href":"https:\/\/www.camping-erromardie.com\/de\/wp-json\/wp\/v2\/media\/11544"}],"wp:attachment":[{"href":"https:\/\/www.camping-erromardie.com\/de\/wp-json\/wp\/v2\/media?parent=17976"}],"wp:term":[{"taxonomy":"sujet","embeddable":true,"href":"https:\/\/www.camping-erromardie.com\/de\/wp-json\/wp\/v2\/sujet?post=17976"}],"curies":[{"name":"wp","href":"https:\/\/api.w.org\/{rel}","templated":true}]}}